{"id":160823,"date":"2024-12-10T00:27:03","date_gmt":"2024-07-22T01:10:03","guid":{"rendered":"https:\/\/endormoonstore.com\/star-wars-the-vintage-collection-star-wars-the-mandalorian-moff-gideons-imperial-light-cruiser-hallway\/"},"modified":"2024-08-19T22:44:39","modified_gmt":"2024-08-19T20:44:39","slug":"star-wars-the-vintage-collection-star-wars-the-mandalorian-moff-gideons-imperial-light-cruiser-hallway","status":"publish","type":"product","link":"https:\/\/endormoonstore.com\/en\/star-wars-the-vintage-collection-star-wars-the-mandalorian-moff-gideons-imperial-light-cruiser-hallway\/","title":{"rendered":"Star Wars The Vintage Collection Star Wars: The Mandalorian Moff Gideon\u2019s Imperial Light Cruiser Hallway"},"content":{"rendered":"<p><strong>Star Wars The Vintage Collection Star Wars: The Mandalorian Moff Gideon\u2019s Imperial Light Cruiser Hallway<\/strong><\/p>\n<ul>\n<li>Hasbro presenta, dentro de la colecci\u00f3n The Vintage Collection, este set compuesto por una secci\u00f3n de un pasillo del crucero ligero de Moff Gideon y la figura de un corsario mandaloriano.<\/li>\n<li>Despu\u00e9s de ser capturados por un equipo de ataque liderado por Din Djarin y Bo-Katan Kryze, un equipo de corsarios mandalorianos liderado por Axe Woves ahora comanda el Imperial Light Cruiser Hallway de Moff Gideon.<\/li>\n<li>Basado en la serie &#8220;Star Wars: The Mandalorian&#8221;, la figura del corsario mide 9,5 cm y cuenta con m\u00faltiples puntos de articulaci\u00f3n.<\/li>\n<li>Incluye una pistola bl\u00e1ster, y un Jetpack. Con este escenario podr\u00e1s recrear a la perfecci\u00f3n el asalto de soldados mandalorianos a la nave de Moff Gideon<\/li>\n<li>Nota: Otras figuras mostradas en las fotos se venden por separado.<\/li>\n<\/ul>\n","protected":false},"excerpt":{"rendered":"<p><strong>Star Wars The Vintage Collection Star Wars: The Mandalorian Moff Gideon\u2019s Imperial Light Cruiser Hallway<\/strong><\/p>\n<p>Hasbro presenta, dentro de la colecci\u00f3n The Vintage Collection, este set compuesto por una secci\u00f3n de un pasillo del crucero ligero de Moff Gideon y la figura de un corsario mandaloriano.<\/p>\n","protected":false},"featured_media":160793,"template":"","meta":{"_acf_changed":false,"_kad_blocks_custom_css":"","_kad_blocks_head_custom_js":"","_kad_blocks_body_custom_js":"","_kad_blocks_footer_custom_js":""},"product_cat":[1390,13511],"product_tag":[],"class_list":{"0":"post-160823","1":"product","2":"type-product","3":"status-publish","4":"has-post-thumbnail","6":"product_cat-figures","7":"product_cat-new-arrivals","8":"pa_brand-hasbro-en","9":"pa_character-imperial-light-cruiser-hallway-en","10":"pa_character-the-mandalorian-privateer-en","11":"pa_episode-the-mandalorian-en","12":"pa_license-star-wars-en","13":"pa_product-type-replica-en","14":"pa_theme-the-vintage-collection-en","16":"first","17":"instock","18":"taxable","19":"shipping-taxable","20":"purchasable","21":"product-type-simple"},"acf":[],"yoast_head":"<!-- This site is optimized with the Yoast SEO plugin v26.1.1 - https:\/\/yoast.com\/wordpress\/plugins\/seo\/ -->\n<title>Star Wars The Vintage Collection Star Wars: The Mandalorian Moff Gideon\u2019s Imperial Light Cruiser Hallway - EndormoonStore<\/title>\n<meta name=\"robots\" content=\"index, follow, max-snippet:-1, max-image-preview:large, max-video-preview:-1\" \/>\n<link rel=\"canonical\" href=\"https:\/\/endormoonstore.com\/en\/star-wars-the-vintage-collection-star-wars-the-mandalorian-moff-gideons-imperial-light-cruiser-hallway\/\" \/>\n<meta property=\"og:locale\" content=\"en_US\" \/>\n<meta property=\"og:type\" content=\"article\" \/>\n<meta property=\"og:title\" content=\"Star Wars The Vintage Collection Star Wars: The Mandalorian Moff Gideon\u2019s Imperial Light Cruiser Hallway - EndormoonStore\" \/>\n<meta property=\"og:description\" content=\"Star Wars The Vintage Collection Star Wars: The Mandalorian Moff Gideon\u2019s Imperial Light Cruiser Hallway  Hasbro presenta, dentro de la colecci\u00f3n The Vintage Collection, este set compuesto por una secci\u00f3n de un pasillo del crucero ligero de Moff Gideon y la figura de un corsario mandaloriano.\" \/>\n<meta property=\"og:url\" content=\"https:\/\/endormoonstore.com\/en\/star-wars-the-vintage-collection-star-wars-the-mandalorian-moff-gideons-imperial-light-cruiser-hallway\/\" \/>\n<meta property=\"og:site_name\" content=\"EndormoonStore\" \/>\n<meta property=\"article:modified_time\" content=\"2024-08-19T20:44:39+00:00\" \/>\n<meta property=\"og:image\" content=\"https:\/\/endormoonstore.com\/wp-content\/uploads\/2024\/08\/Star-Wars-The-Mandalorian-Moff-Gideons-Imperial-Light-Crrs-The-Vintage-Collection-Star-Wauiser-Hallway-1.jpg\" \/>\n\t<meta property=\"og:image:width\" content=\"1000\" \/>\n\t<meta property=\"og:image:height\" content=\"1000\" \/>\n\t<meta property=\"og:image:type\" content=\"image\/jpeg\" \/>\n<meta name=\"twitter:card\" content=\"summary_large_image\" \/>\n<meta name=\"twitter:label1\" content=\"Est. reading time\" \/>\n\t<meta name=\"twitter:data1\" content=\"1 minute\" \/>\n<script type=\"application\/ld+json\" class=\"yoast-schema-graph\">{\"@context\":\"https:\/\/schema.org\",\"@graph\":[{\"@type\":\"WebPage\",\"@id\":\"https:\/\/endormoonstore.com\/en\/star-wars-the-vintage-collection-star-wars-the-mandalorian-moff-gideons-imperial-light-cruiser-hallway\/\",\"url\":\"https:\/\/endormoonstore.com\/en\/star-wars-the-vintage-collection-star-wars-the-mandalorian-moff-gideons-imperial-light-cruiser-hallway\/\",\"name\":\"Star Wars The Vintage Collection Star Wars: The Mandalorian Moff Gideon\u2019s Imperial Light Cruiser Hallway - EndormoonStore\",\"isPartOf\":{\"@id\":\"https:\/\/endormoonstore.com\/#website\"},\"primaryImageOfPage\":{\"@id\":\"https:\/\/endormoonstore.com\/en\/star-wars-the-vintage-collection-star-wars-the-mandalorian-moff-gideons-imperial-light-cruiser-hallway\/#primaryimage\"},\"image\":{\"@id\":\"https:\/\/endormoonstore.com\/en\/star-wars-the-vintage-collection-star-wars-the-mandalorian-moff-gideons-imperial-light-cruiser-hallway\/#primaryimage\"},\"thumbnailUrl\":\"https:\/\/endormoonstore.com\/wp-content\/uploads\/2024\/08\/Star-Wars-The-Mandalorian-Moff-Gideons-Imperial-Light-Crrs-The-Vintage-Collection-Star-Wauiser-Hallway-1.jpg\",\"datePublished\":\"2024-07-22T01:10:03+00:00\",\"dateModified\":\"2024-08-19T20:44:39+00:00\",\"breadcrumb\":{\"@id\":\"https:\/\/endormoonstore.com\/en\/star-wars-the-vintage-collection-star-wars-the-mandalorian-moff-gideons-imperial-light-cruiser-hallway\/#breadcrumb\"},\"inLanguage\":\"en-US\",\"potentialAction\":[{\"@type\":\"ReadAction\",\"target\":[\"https:\/\/endormoonstore.com\/en\/star-wars-the-vintage-collection-star-wars-the-mandalorian-moff-gideons-imperial-light-cruiser-hallway\/\"]}]},{\"@type\":\"ImageObject\",\"inLanguage\":\"en-US\",\"@id\":\"https:\/\/endormoonstore.com\/en\/star-wars-the-vintage-collection-star-wars-the-mandalorian-moff-gideons-imperial-light-cruiser-hallway\/#primaryimage\",\"url\":\"https:\/\/endormoonstore.com\/wp-content\/uploads\/2024\/08\/Star-Wars-The-Mandalorian-Moff-Gideons-Imperial-Light-Crrs-The-Vintage-Collection-Star-Wauiser-Hallway-1.jpg\",\"contentUrl\":\"https:\/\/endormoonstore.com\/wp-content\/uploads\/2024\/08\/Star-Wars-The-Mandalorian-Moff-Gideons-Imperial-Light-Crrs-The-Vintage-Collection-Star-Wauiser-Hallway-1.jpg\",\"width\":1000,\"height\":1000},{\"@type\":\"BreadcrumbList\",\"@id\":\"https:\/\/endormoonstore.com\/en\/star-wars-the-vintage-collection-star-wars-the-mandalorian-moff-gideons-imperial-light-cruiser-hallway\/#breadcrumb\",\"itemListElement\":[{\"@type\":\"ListItem\",\"position\":1,\"name\":\"Shop\",\"item\":\"https:\/\/endormoonstore.com\/en\/shop\/\"},{\"@type\":\"ListItem\",\"position\":2,\"name\":\"Star Wars The Vintage Collection Star Wars: The Mandalorian Moff Gideon\u2019s Imperial Light Cruiser Hallway\"}]},{\"@type\":\"WebSite\",\"@id\":\"https:\/\/endormoonstore.com\/#website\",\"url\":\"https:\/\/endormoonstore.com\/\",\"name\":\"EndormoonStore\",\"description\":\"\",\"potentialAction\":[{\"@type\":\"SearchAction\",\"target\":{\"@type\":\"EntryPoint\",\"urlTemplate\":\"https:\/\/endormoonstore.com\/?s={search_term_string}\"},\"query-input\":{\"@type\":\"PropertyValueSpecification\",\"valueRequired\":true,\"valueName\":\"search_term_string\"}}],\"inLanguage\":\"en-US\"}]}<\/script>\n<!-- \/ Yoast SEO plugin. -->","yoast_head_json":{"title":"Star Wars The Vintage Collection Star Wars: The Mandalorian Moff Gideon\u2019s Imperial Light Cruiser Hallway - EndormoonStore","robots":{"index":"index","follow":"follow","max-snippet":"max-snippet:-1","max-image-preview":"max-image-preview:large","max-video-preview":"max-video-preview:-1"},"canonical":"https:\/\/endormoonstore.com\/en\/star-wars-the-vintage-collection-star-wars-the-mandalorian-moff-gideons-imperial-light-cruiser-hallway\/","og_locale":"en_US","og_type":"article","og_title":"Star Wars The Vintage Collection Star Wars: The Mandalorian Moff Gideon\u2019s Imperial Light Cruiser Hallway - EndormoonStore","og_description":"Star Wars The Vintage Collection Star Wars: The Mandalorian Moff Gideon\u2019s Imperial Light Cruiser Hallway  Hasbro presenta, dentro de la colecci\u00f3n The Vintage Collection, este set compuesto por una secci\u00f3n de un pasillo del crucero ligero de Moff Gideon y la figura de un corsario mandaloriano.","og_url":"https:\/\/endormoonstore.com\/en\/star-wars-the-vintage-collection-star-wars-the-mandalorian-moff-gideons-imperial-light-cruiser-hallway\/","og_site_name":"EndormoonStore","article_modified_time":"2024-08-19T20:44:39+00:00","og_image":[{"width":1000,"height":1000,"url":"https:\/\/endormoonstore.com\/wp-content\/uploads\/2024\/08\/Star-Wars-The-Mandalorian-Moff-Gideons-Imperial-Light-Crrs-The-Vintage-Collection-Star-Wauiser-Hallway-1.jpg","type":"image\/jpeg"}],"twitter_card":"summary_large_image","twitter_misc":{"Est. reading time":"1 minute"},"schema":{"@context":"https:\/\/schema.org","@graph":[{"@type":"WebPage","@id":"https:\/\/endormoonstore.com\/en\/star-wars-the-vintage-collection-star-wars-the-mandalorian-moff-gideons-imperial-light-cruiser-hallway\/","url":"https:\/\/endormoonstore.com\/en\/star-wars-the-vintage-collection-star-wars-the-mandalorian-moff-gideons-imperial-light-cruiser-hallway\/","name":"Star Wars The Vintage Collection Star Wars: The Mandalorian Moff Gideon\u2019s Imperial Light Cruiser Hallway - EndormoonStore","isPartOf":{"@id":"https:\/\/endormoonstore.com\/#website"},"primaryImageOfPage":{"@id":"https:\/\/endormoonstore.com\/en\/star-wars-the-vintage-collection-star-wars-the-mandalorian-moff-gideons-imperial-light-cruiser-hallway\/#primaryimage"},"image":{"@id":"https:\/\/endormoonstore.com\/en\/star-wars-the-vintage-collection-star-wars-the-mandalorian-moff-gideons-imperial-light-cruiser-hallway\/#primaryimage"},"thumbnailUrl":"https:\/\/endormoonstore.com\/wp-content\/uploads\/2024\/08\/Star-Wars-The-Mandalorian-Moff-Gideons-Imperial-Light-Crrs-The-Vintage-Collection-Star-Wauiser-Hallway-1.jpg","datePublished":"2024-07-22T01:10:03+00:00","dateModified":"2024-08-19T20:44:39+00:00","breadcrumb":{"@id":"https:\/\/endormoonstore.com\/en\/star-wars-the-vintage-collection-star-wars-the-mandalorian-moff-gideons-imperial-light-cruiser-hallway\/#breadcrumb"},"inLanguage":"en-US","potentialAction":[{"@type":"ReadAction","target":["https:\/\/endormoonstore.com\/en\/star-wars-the-vintage-collection-star-wars-the-mandalorian-moff-gideons-imperial-light-cruiser-hallway\/"]}]},{"@type":"ImageObject","inLanguage":"en-US","@id":"https:\/\/endormoonstore.com\/en\/star-wars-the-vintage-collection-star-wars-the-mandalorian-moff-gideons-imperial-light-cruiser-hallway\/#primaryimage","url":"https:\/\/endormoonstore.com\/wp-content\/uploads\/2024\/08\/Star-Wars-The-Mandalorian-Moff-Gideons-Imperial-Light-Crrs-The-Vintage-Collection-Star-Wauiser-Hallway-1.jpg","contentUrl":"https:\/\/endormoonstore.com\/wp-content\/uploads\/2024\/08\/Star-Wars-The-Mandalorian-Moff-Gideons-Imperial-Light-Crrs-The-Vintage-Collection-Star-Wauiser-Hallway-1.jpg","width":1000,"height":1000},{"@type":"BreadcrumbList","@id":"https:\/\/endormoonstore.com\/en\/star-wars-the-vintage-collection-star-wars-the-mandalorian-moff-gideons-imperial-light-cruiser-hallway\/#breadcrumb","itemListElement":[{"@type":"ListItem","position":1,"name":"Shop","item":"https:\/\/endormoonstore.com\/en\/shop\/"},{"@type":"ListItem","position":2,"name":"Star Wars The Vintage Collection Star Wars: The Mandalorian Moff Gideon\u2019s Imperial Light Cruiser Hallway"}]},{"@type":"WebSite","@id":"https:\/\/endormoonstore.com\/#website","url":"https:\/\/endormoonstore.com\/","name":"EndormoonStore","description":"","potentialAction":[{"@type":"SearchAction","target":{"@type":"EntryPoint","urlTemplate":"https:\/\/endormoonstore.com\/?s={search_term_string}"},"query-input":{"@type":"PropertyValueSpecification","valueRequired":true,"valueName":"search_term_string"}}],"inLanguage":"en-US"}]}},"taxonomy_info":{"product_cat":[{"value":1390,"label":"Figures"},{"value":13511,"label":"New Arrivals"}],"pa_brand":[{"value":2084,"label":"Hasbro"}],"pa_character":[{"value":14589,"label":"Imperial Light Cruiser Hallway"},{"value":14391,"label":"The Mandalorian Privateer"}],"pa_episode":[{"value":1993,"label":"The Mandalorian"}],"pa_license":[{"value":1644,"label":"Star Wars"}],"pa_product-type":[{"value":4076,"label":"Replica"}],"pa_theme":[{"value":1660,"label":"The Vintage Collection"}]},"featured_image_src_large":["https:\/\/endormoonstore.com\/wp-content\/uploads\/2024\/08\/Star-Wars-The-Mandalorian-Moff-Gideons-Imperial-Light-Crrs-The-Vintage-Collection-Star-Wauiser-Hallway-1.jpg",1000,1000,false],"author_info":[],"comment_info":"","_links":{"self":[{"href":"https:\/\/endormoonstore.com\/en\/wp-json\/wp\/v2\/product\/160823","targetHints":{"allow":["GET"]}}],"collection":[{"href":"https:\/\/endormoonstore.com\/en\/wp-json\/wp\/v2\/product"}],"about":[{"href":"https:\/\/endormoonstore.com\/en\/wp-json\/wp\/v2\/types\/product"}],"wp:featuredmedia":[{"embeddable":true,"href":"https:\/\/endormoonstore.com\/en\/wp-json\/wp\/v2\/media\/160793"}],"wp:attachment":[{"href":"https:\/\/endormoonstore.com\/en\/wp-json\/wp\/v2\/media?parent=160823"}],"wp:term":[{"taxonomy":"product_cat","embeddable":true,"href":"https:\/\/endormoonstore.com\/en\/wp-json\/wp\/v2\/product_cat?post=160823"},{"taxonomy":"product_tag","embeddable":true,"href":"https:\/\/endormoonstore.com\/en\/wp-json\/wp\/v2\/product_tag?post=160823"}],"curies":[{"name":"wp","href":"https:\/\/api.w.org\/{rel}","templated":true}]}}