{"id":160771,"date":"2024-10-20T01:50:41","date_gmt":"2024-10-19T23:50:41","guid":{"rendered":"https:\/\/endormoonstore.com\/star-wars-the-vintage-collection-star-wars-the-mandalorian-blurrg-the-mandalorian\/"},"modified":"2024-08-19T20:41:53","modified_gmt":"2024-08-19T18:41:53","slug":"star-wars-the-vintage-collection-star-wars-the-mandalorian-blurrg-the-mandalorian","status":"publish","type":"product","link":"https:\/\/endormoonstore.com\/en\/star-wars-the-vintage-collection-star-wars-the-mandalorian-blurrg-the-mandalorian\/","title":{"rendered":"Star Wars The Vintage Collection Star Wars: The Mandalorian Blurrg &#038; the Mandalorian"},"content":{"rendered":"<p class=\"p1\"><strong>Star Wars The Vintage Collection Star Wars: The Mandalorian Blurrg &amp; the Mandalorian<\/strong><\/p>\n<ul class=\"ul1\">\n<li class=\"li1\">Hasbro presenta, dentro de la colecci\u00f3n The Vintage Collection, la figura de Blurrg &amp; the Mandalorian. Miden 9,5 cm y est\u00e1n inspirados en los personajes de la serie &#8220;Star Wars: The Mandalorian&#8221;.<\/li>\n<li class=\"li1\">Con la ayuda del granjero de vapor Ugnaught Kuiil, El Mandaloriano aprende a domesticar y montar un blurrg en el planeta des\u00e9rtico Arvala-7.<\/li>\n<li>Cuentan con un dise\u00f1o premium y m\u00faltiples puntos de articulaci\u00f3n. Este conjunto viene con un rifle bl\u00e1ster, un bl\u00e1ster, una silla de montar y riendas para una pose din\u00e1mica.<\/li>\n<li>La criatura y la figura est\u00e1n empaquetadas en una caja cerrada, con fotograf\u00edas del producto inspiradas en la escena ic\u00f3nica de la primera temporada de la serie The Mandalorian<\/li>\n<\/ul>\n","protected":false},"excerpt":{"rendered":"<p class=\"p1\"><strong>Star Wars The Vintage Collection Star Wars: The Mandalorian Blurrg &amp; the Mandalorian<\/strong><\/p>\n<p class=\"p1\">Hasbro presenta, dentro de la colecci\u00f3n The Vintage Collection, la figura de Blurrg &amp; the Mandalorian. Miden 9,5 cm y est\u00e1n inspirados en los personajes de la serie &#8220;Star Wars: The Mandalorian&#8221;.<\/p>\n","protected":false},"featured_media":160739,"template":"","meta":{"_acf_changed":false,"_kad_blocks_custom_css":"","_kad_blocks_head_custom_js":"","_kad_blocks_body_custom_js":"","_kad_blocks_footer_custom_js":""},"product_cat":[1390,13511],"product_tag":[],"class_list":{"0":"post-160771","1":"product","2":"type-product","3":"status-publish","4":"has-post-thumbnail","6":"product_cat-figures","7":"product_cat-new-arrivals","8":"pa_brand-hasbro-en","9":"pa_character-the-mandalorian-en","10":"pa_character-blurrg-en","11":"pa_episode-the-mandalorian-en","12":"pa_license-star-wars-en","13":"pa_product-type-replica-en","14":"pa_theme-the-vintage-collection-en","16":"first","17":"outofstock","18":"taxable","19":"shipping-taxable","20":"purchasable","21":"product-type-simple"},"acf":[],"yoast_head":"<!-- This site is optimized with the Yoast SEO plugin v26.1.1 - https:\/\/yoast.com\/wordpress\/plugins\/seo\/ -->\n<title>Star Wars The Vintage Collection Star Wars: The Mandalorian Blurrg &amp; the Mandalorian - EndormoonStore<\/title>\n<meta name=\"robots\" content=\"index, follow, max-snippet:-1, max-image-preview:large, max-video-preview:-1\" \/>\n<link rel=\"canonical\" href=\"https:\/\/endormoonstore.com\/en\/star-wars-the-vintage-collection-star-wars-the-mandalorian-blurrg-the-mandalorian\/\" \/>\n<meta property=\"og:locale\" content=\"en_US\" \/>\n<meta property=\"og:type\" content=\"article\" \/>\n<meta property=\"og:title\" content=\"Star Wars The Vintage Collection Star Wars: The Mandalorian Blurrg &amp; the Mandalorian - EndormoonStore\" \/>\n<meta property=\"og:description\" content=\"Star Wars The Vintage Collection Star Wars: The Mandalorian Blurrg &amp; the Mandalorian Hasbro presenta, dentro de la colecci\u00f3n The Vintage Collection, la figura de Blurrg &amp; the Mandalorian. Miden 9,5 cm y est\u00e1n inspirados en los personajes de la serie &quot;Star Wars: The Mandalorian&quot;.\" \/>\n<meta property=\"og:url\" content=\"https:\/\/endormoonstore.com\/en\/star-wars-the-vintage-collection-star-wars-the-mandalorian-blurrg-the-mandalorian\/\" \/>\n<meta property=\"og:site_name\" content=\"EndormoonStore\" \/>\n<meta property=\"og:image\" content=\"https:\/\/endormoonstore.com\/wp-content\/uploads\/2024\/07\/Star-Wars-The-Vintage-Collection-Star-Wars-The-Mandalorian-Blurrg-the-Mandalorian-1.jpg\" \/>\n\t<meta property=\"og:image:width\" content=\"1000\" \/>\n\t<meta property=\"og:image:height\" content=\"1000\" \/>\n\t<meta property=\"og:image:type\" content=\"image\/jpeg\" \/>\n<meta name=\"twitter:card\" content=\"summary_large_image\" \/>\n<meta name=\"twitter:label1\" content=\"Est. reading time\" \/>\n\t<meta name=\"twitter:data1\" content=\"1 minute\" \/>\n<script type=\"application\/ld+json\" class=\"yoast-schema-graph\">{\"@context\":\"https:\/\/schema.org\",\"@graph\":[{\"@type\":\"WebPage\",\"@id\":\"https:\/\/endormoonstore.com\/en\/star-wars-the-vintage-collection-star-wars-the-mandalorian-blurrg-the-mandalorian\/\",\"url\":\"https:\/\/endormoonstore.com\/en\/star-wars-the-vintage-collection-star-wars-the-mandalorian-blurrg-the-mandalorian\/\",\"name\":\"Star Wars The Vintage Collection Star Wars: The Mandalorian Blurrg & the Mandalorian - EndormoonStore\",\"isPartOf\":{\"@id\":\"https:\/\/endormoonstore.com\/#website\"},\"primaryImageOfPage\":{\"@id\":\"https:\/\/endormoonstore.com\/en\/star-wars-the-vintage-collection-star-wars-the-mandalorian-blurrg-the-mandalorian\/#primaryimage\"},\"image\":{\"@id\":\"https:\/\/endormoonstore.com\/en\/star-wars-the-vintage-collection-star-wars-the-mandalorian-blurrg-the-mandalorian\/#primaryimage\"},\"thumbnailUrl\":\"https:\/\/endormoonstore.com\/wp-content\/uploads\/2024\/07\/Star-Wars-The-Vintage-Collection-Star-Wars-The-Mandalorian-Blurrg-the-Mandalorian-1.jpg\",\"datePublished\":\"2024-10-19T23:50:41+00:00\",\"breadcrumb\":{\"@id\":\"https:\/\/endormoonstore.com\/en\/star-wars-the-vintage-collection-star-wars-the-mandalorian-blurrg-the-mandalorian\/#breadcrumb\"},\"inLanguage\":\"en-US\",\"potentialAction\":[{\"@type\":\"ReadAction\",\"target\":[\"https:\/\/endormoonstore.com\/en\/star-wars-the-vintage-collection-star-wars-the-mandalorian-blurrg-the-mandalorian\/\"]}]},{\"@type\":\"ImageObject\",\"inLanguage\":\"en-US\",\"@id\":\"https:\/\/endormoonstore.com\/en\/star-wars-the-vintage-collection-star-wars-the-mandalorian-blurrg-the-mandalorian\/#primaryimage\",\"url\":\"https:\/\/endormoonstore.com\/wp-content\/uploads\/2024\/07\/Star-Wars-The-Vintage-Collection-Star-Wars-The-Mandalorian-Blurrg-the-Mandalorian-1.jpg\",\"contentUrl\":\"https:\/\/endormoonstore.com\/wp-content\/uploads\/2024\/07\/Star-Wars-The-Vintage-Collection-Star-Wars-The-Mandalorian-Blurrg-the-Mandalorian-1.jpg\",\"width\":1000,\"height\":1000},{\"@type\":\"BreadcrumbList\",\"@id\":\"https:\/\/endormoonstore.com\/en\/star-wars-the-vintage-collection-star-wars-the-mandalorian-blurrg-the-mandalorian\/#breadcrumb\",\"itemListElement\":[{\"@type\":\"ListItem\",\"position\":1,\"name\":\"Shop\",\"item\":\"https:\/\/endormoonstore.com\/en\/shop\/\"},{\"@type\":\"ListItem\",\"position\":2,\"name\":\"Star Wars The Vintage Collection Star Wars: The Mandalorian Blurrg &#038; the Mandalorian\"}]},{\"@type\":\"WebSite\",\"@id\":\"https:\/\/endormoonstore.com\/#website\",\"url\":\"https:\/\/endormoonstore.com\/\",\"name\":\"EndormoonStore\",\"description\":\"\",\"potentialAction\":[{\"@type\":\"SearchAction\",\"target\":{\"@type\":\"EntryPoint\",\"urlTemplate\":\"https:\/\/endormoonstore.com\/?s={search_term_string}\"},\"query-input\":{\"@type\":\"PropertyValueSpecification\",\"valueRequired\":true,\"valueName\":\"search_term_string\"}}],\"inLanguage\":\"en-US\"}]}<\/script>\n<!-- \/ Yoast SEO plugin. -->","yoast_head_json":{"title":"Star Wars The Vintage Collection Star Wars: The Mandalorian Blurrg & the Mandalorian - EndormoonStore","robots":{"index":"index","follow":"follow","max-snippet":"max-snippet:-1","max-image-preview":"max-image-preview:large","max-video-preview":"max-video-preview:-1"},"canonical":"https:\/\/endormoonstore.com\/en\/star-wars-the-vintage-collection-star-wars-the-mandalorian-blurrg-the-mandalorian\/","og_locale":"en_US","og_type":"article","og_title":"Star Wars The Vintage Collection Star Wars: The Mandalorian Blurrg & the Mandalorian - EndormoonStore","og_description":"Star Wars The Vintage Collection Star Wars: The Mandalorian Blurrg &amp; the Mandalorian Hasbro presenta, dentro de la colecci\u00f3n The Vintage Collection, la figura de Blurrg &amp; the Mandalorian. Miden 9,5 cm y est\u00e1n inspirados en los personajes de la serie \"Star Wars: The Mandalorian\".","og_url":"https:\/\/endormoonstore.com\/en\/star-wars-the-vintage-collection-star-wars-the-mandalorian-blurrg-the-mandalorian\/","og_site_name":"EndormoonStore","og_image":[{"width":1000,"height":1000,"url":"https:\/\/endormoonstore.com\/wp-content\/uploads\/2024\/07\/Star-Wars-The-Vintage-Collection-Star-Wars-The-Mandalorian-Blurrg-the-Mandalorian-1.jpg","type":"image\/jpeg"}],"twitter_card":"summary_large_image","twitter_misc":{"Est. reading time":"1 minute"},"schema":{"@context":"https:\/\/schema.org","@graph":[{"@type":"WebPage","@id":"https:\/\/endormoonstore.com\/en\/star-wars-the-vintage-collection-star-wars-the-mandalorian-blurrg-the-mandalorian\/","url":"https:\/\/endormoonstore.com\/en\/star-wars-the-vintage-collection-star-wars-the-mandalorian-blurrg-the-mandalorian\/","name":"Star Wars The Vintage Collection Star Wars: The Mandalorian Blurrg & the Mandalorian - EndormoonStore","isPartOf":{"@id":"https:\/\/endormoonstore.com\/#website"},"primaryImageOfPage":{"@id":"https:\/\/endormoonstore.com\/en\/star-wars-the-vintage-collection-star-wars-the-mandalorian-blurrg-the-mandalorian\/#primaryimage"},"image":{"@id":"https:\/\/endormoonstore.com\/en\/star-wars-the-vintage-collection-star-wars-the-mandalorian-blurrg-the-mandalorian\/#primaryimage"},"thumbnailUrl":"https:\/\/endormoonstore.com\/wp-content\/uploads\/2024\/07\/Star-Wars-The-Vintage-Collection-Star-Wars-The-Mandalorian-Blurrg-the-Mandalorian-1.jpg","datePublished":"2024-10-19T23:50:41+00:00","breadcrumb":{"@id":"https:\/\/endormoonstore.com\/en\/star-wars-the-vintage-collection-star-wars-the-mandalorian-blurrg-the-mandalorian\/#breadcrumb"},"inLanguage":"en-US","potentialAction":[{"@type":"ReadAction","target":["https:\/\/endormoonstore.com\/en\/star-wars-the-vintage-collection-star-wars-the-mandalorian-blurrg-the-mandalorian\/"]}]},{"@type":"ImageObject","inLanguage":"en-US","@id":"https:\/\/endormoonstore.com\/en\/star-wars-the-vintage-collection-star-wars-the-mandalorian-blurrg-the-mandalorian\/#primaryimage","url":"https:\/\/endormoonstore.com\/wp-content\/uploads\/2024\/07\/Star-Wars-The-Vintage-Collection-Star-Wars-The-Mandalorian-Blurrg-the-Mandalorian-1.jpg","contentUrl":"https:\/\/endormoonstore.com\/wp-content\/uploads\/2024\/07\/Star-Wars-The-Vintage-Collection-Star-Wars-The-Mandalorian-Blurrg-the-Mandalorian-1.jpg","width":1000,"height":1000},{"@type":"BreadcrumbList","@id":"https:\/\/endormoonstore.com\/en\/star-wars-the-vintage-collection-star-wars-the-mandalorian-blurrg-the-mandalorian\/#breadcrumb","itemListElement":[{"@type":"ListItem","position":1,"name":"Shop","item":"https:\/\/endormoonstore.com\/en\/shop\/"},{"@type":"ListItem","position":2,"name":"Star Wars The Vintage Collection Star Wars: The Mandalorian Blurrg &#038; the Mandalorian"}]},{"@type":"WebSite","@id":"https:\/\/endormoonstore.com\/#website","url":"https:\/\/endormoonstore.com\/","name":"EndormoonStore","description":"","potentialAction":[{"@type":"SearchAction","target":{"@type":"EntryPoint","urlTemplate":"https:\/\/endormoonstore.com\/?s={search_term_string}"},"query-input":{"@type":"PropertyValueSpecification","valueRequired":true,"valueName":"search_term_string"}}],"inLanguage":"en-US"}]}},"taxonomy_info":{"product_cat":[{"value":1390,"label":"Figures"},{"value":13511,"label":"New Arrivals"}],"pa_brand":[{"value":2084,"label":"Hasbro"}],"pa_character":[{"value":2363,"label":"The Mandalorian"},{"value":14583,"label":"Blurrg"}],"pa_episode":[{"value":1993,"label":"The Mandalorian"}],"pa_license":[{"value":1644,"label":"Star Wars"}],"pa_product-type":[{"value":4076,"label":"Replica"}],"pa_theme":[{"value":1660,"label":"The Vintage Collection"}]},"featured_image_src_large":["https:\/\/endormoonstore.com\/wp-content\/uploads\/2024\/07\/Star-Wars-The-Vintage-Collection-Star-Wars-The-Mandalorian-Blurrg-the-Mandalorian-1.jpg",1000,1000,false],"author_info":[],"comment_info":"","_links":{"self":[{"href":"https:\/\/endormoonstore.com\/en\/wp-json\/wp\/v2\/product\/160771","targetHints":{"allow":["GET"]}}],"collection":[{"href":"https:\/\/endormoonstore.com\/en\/wp-json\/wp\/v2\/product"}],"about":[{"href":"https:\/\/endormoonstore.com\/en\/wp-json\/wp\/v2\/types\/product"}],"wp:featuredmedia":[{"embeddable":true,"href":"https:\/\/endormoonstore.com\/en\/wp-json\/wp\/v2\/media\/160739"}],"wp:attachment":[{"href":"https:\/\/endormoonstore.com\/en\/wp-json\/wp\/v2\/media?parent=160771"}],"wp:term":[{"taxonomy":"product_cat","embeddable":true,"href":"https:\/\/endormoonstore.com\/en\/wp-json\/wp\/v2\/product_cat?post=160771"},{"taxonomy":"product_tag","embeddable":true,"href":"https:\/\/endormoonstore.com\/en\/wp-json\/wp\/v2\/product_tag?post=160771"}],"curies":[{"name":"wp","href":"https:\/\/api.w.org\/{rel}","templated":true}]}}