{"id":160674,"date":"2025-05-09T01:40:14","date_gmt":"2025-05-08T23:40:14","guid":{"rendered":"https:\/\/endormoonstore.com\/star-wars-the-black-series-star-wars-the-mandalrian-imperial-armored-commando\/"},"modified":"2025-05-20T23:52:06","modified_gmt":"2025-05-20T21:52:06","slug":"star-wars-the-black-series-star-wars-the-mandalrian-imperial-armored-commando","status":"publish","type":"product","link":"https:\/\/endormoonstore.com\/en\/star-wars-the-black-series-star-wars-the-mandalrian-imperial-armored-commando\/","title":{"rendered":"Star Wars The Black Series Star Wars: The Mandalrian Imperial Armored Commando"},"content":{"rendered":"<h4 class=\"p1\"><strong>Star Wars The Black Series Star Wars: The Mandalrian Imperial Armored Commando<\/strong><\/h4>\n<ul>\n<li data-sourcepos=\"9:1-9:333\">Ad\u00e9ntrate en el universo de STAR WARS: The Mandalorian con esta impresionante figura de acci\u00f3n. Hasbro presenta al Imperial Armored Commando, directamente inspirado en la aclamada serie de acci\u00f3n real de Disney+. En consecuencia, este coleccionable es un regalo excepcional para fans y coleccionistas a partir de 4 a\u00f1os.<\/li>\n<li data-sourcepos=\"11:1-11:449\">Esta figura de 15 cm exhibe un dise\u00f1o premium y, adem\u00e1s, cuenta con m\u00faltiples puntos de articulaci\u00f3n. Por lo tanto, permite a los coleccionistas y fans de STAR WARS posar al personaje en sus colecciones con gran realismo. La \u00faltima generaci\u00f3n de supercomandos imperiales son guerreros altamente entrenados. De hecho, su protecci\u00f3n les llega de una aleaci\u00f3n de beskar fundida en forma de armadura de soldado de \u00e9lite.<\/li>\n<li data-sourcepos=\"13:1-13:254\">El Imperial Armored Commando llega listo para la batalla. As\u00ed pues, la figura incluye dos accesorios bl\u00e1ster para combate. Asimismo, trae una mochila propulsora extra\u00edble, ideal para recrear escenas de la serie o inventar nuevas misiones.<\/li>\n<li data-sourcepos=\"15:1-15:413\">Por otra parte, puedes crear tu propia escena gal\u00e1ctica. Busca m\u00e1s figuras de acci\u00f3n de STAR WARS Black Series para expandir tu colecci\u00f3n en tu estanter\u00eda. (Se venden por separado. Sujeto a disponibilidad). Finalmente, muestra tu pasi\u00f3n por STAR WARS con un empaquetado con caja de ventana. Este presenta un elegante dise\u00f1o de personaje, perfecto para coleccionistas que valoran la exhibici\u00f3n.<\/li>\n<li data-sourcepos=\"17:1-17:194\">\u00a1No dejes escapar esta pieza esencial! A\u00f1ade al Imperial Armored Commando de The Black Series a tu colecci\u00f3n de Star Wars hoy mismo. Compra ahora y refuerza tus filas imperiales.<\/li>\n<\/ul>\n<h4 class=\"p1\"><b>Sobre Hasbro y su l\u00ednea de productos Star Wars<\/b><\/h4>\n<p class=\"p1\">Hasbro es una empresa l\u00edder en la fabricaci\u00f3n de productos de entretenimiento y coleccionables. Su l\u00ednea de productos <a href=\"https:\/\/endormoonstore.com\/licencia\/star-wars\/\"><span class=\"s2\"><b>Star Wars<\/b><\/span><\/a> incluye:<\/p>\n<ul class=\"ul1\">\n<li class=\"li1\"><span class=\"s1\"><a href=\"https:\/\/endormoonstore.com\/tematica\/the-black-series\/\"><span class=\"s3\"><b>The Black Series<\/b><\/span><\/a><\/span>: Esta colecci\u00f3n incluye figuras de acci\u00f3n de 6 pulgadas (aproximadamente 15 cm), cascos a escala 1:1 y sables de luz Force FX. Los productos de esta l\u00ednea est\u00e1n dise\u00f1ados con detalles premium y m\u00faltiples puntos de articulaci\u00f3n. Son ideales para coleccionistas y fans de todas las edades. Adem\u00e1s, The Black Series destaca por su alta calidad y precisi\u00f3n en la representaci\u00f3n de personajes y objetos del universo Star Wars.<\/li>\n<li class=\"li1\"><span class=\"s1\"><a href=\"https:\/\/endormoonstore.com\/tematica\/the-vintage-collection\/\"><span class=\"s3\"><b>The Vintage Collection<\/b>:<\/span><\/a><\/span> Esta l\u00ednea presenta figuras de 3.75 pulgadas (aproximadamente 9,5 cm) con detalles y dise\u00f1o inspirados en la l\u00ednea original de juguetes de Kenner. Igualmente, incluye veh\u00edculos y dioramas altamente detallados que evocan la nostalgia de los fans de Star Wars. The Vintage Collection destaca por su fidelidad a los dise\u00f1os cl\u00e1sicos y su capacidad para capturar la esencia de la saga original.<\/li>\n<li class=\"li1\"><span class=\"s1\"><a href=\"https:\/\/endormoonstore.com\/tematica\/retro-collection\/\"><span class=\"s3\"><b>The Retro Collection<\/b>:<\/span><\/a><\/span> Esta l\u00ednea recrea las figuras originales de Star Wars de los a\u00f1os 70 y 80, con un dise\u00f1o y detalles inspirados en los juguetes de Kenner de esa \u00e9poca. Las figuras de 3.75 pulgadas (aproximadamente 9,5 cm) tienen 5 puntos de articulaci\u00f3n y son muy populares entre los que buscan un toque de nostalgia.<\/li>\n<\/ul>\n","protected":false},"excerpt":{"rendered":"<h4 class=\"p1\"><strong>Star Wars The Black Series Star Wars: The Mandalrian Imperial Armored Commando<\/strong><\/h4>\n<p>Ad\u00e9ntrate en el universo de STAR WARS: The Mandalorian con esta impresionante figura de acci\u00f3n. Hasbro presenta al Imperial Armored Commando, directamente inspirado en la aclamada serie de acci\u00f3n real de Disney+. En consecuencia, este coleccionable es un regalo excepcional para fans y coleccionistas a partir de 4 a\u00f1os.<\/p>\n","protected":false},"featured_media":160657,"template":"","meta":{"_acf_changed":false,"_kad_blocks_custom_css":"","_kad_blocks_head_custom_js":"","_kad_blocks_body_custom_js":"","_kad_blocks_footer_custom_js":""},"product_cat":[1390,13511],"product_tag":[],"class_list":{"0":"post-160674","1":"product","2":"type-product","3":"status-publish","4":"has-post-thumbnail","6":"product_cat-figures","7":"product_cat-new-arrivals","8":"pa_brand-hasbro-en","9":"pa_character-imperial-armored-commando-en","10":"pa_episode-the-mandalorian-en","11":"pa_license-star-wars-en","12":"pa_product-type-figure","13":"pa_theme-the-black-series-en","15":"first","16":"instock","17":"taxable","18":"shipping-taxable","19":"purchasable","20":"product-type-simple"},"acf":[],"yoast_head":"<!-- This site is optimized with the Yoast SEO plugin v26.1.1 - https:\/\/yoast.com\/wordpress\/plugins\/seo\/ -->\n<title>Star Wars The Black Series Star Wars: The Mandalrian Imperial Armored Commando - EndormoonStore<\/title>\n<meta name=\"description\" content=\"Descubre Imperial Armored Commando de Star Wars Black Series. Figura 15cm, dise\u00f1o premium, accesorios y empaque ventana. \u00a1Esencial para tu colecci\u00f3n!\" \/>\n<meta name=\"robots\" content=\"index, follow, max-snippet:-1, max-image-preview:large, max-video-preview:-1\" \/>\n<link rel=\"canonical\" href=\"https:\/\/endormoonstore.com\/en\/star-wars-the-black-series-star-wars-the-mandalrian-imperial-armored-commando\/\" \/>\n<meta property=\"og:locale\" content=\"en_US\" \/>\n<meta property=\"og:type\" content=\"article\" \/>\n<meta property=\"og:title\" content=\"Star Wars The Black Series Star Wars: The Mandalrian Imperial Armored Commando - EndormoonStore\" \/>\n<meta property=\"og:description\" content=\"Descubre Imperial Armored Commando de Star Wars Black Series. Figura 15cm, dise\u00f1o premium, accesorios y empaque ventana. \u00a1Esencial para tu colecci\u00f3n!\" \/>\n<meta property=\"og:url\" content=\"https:\/\/endormoonstore.com\/en\/star-wars-the-black-series-star-wars-the-mandalrian-imperial-armored-commando\/\" \/>\n<meta property=\"og:site_name\" content=\"EndormoonStore\" \/>\n<meta property=\"article:modified_time\" content=\"2025-05-20T21:52:06+00:00\" \/>\n<meta property=\"og:image\" content=\"https:\/\/endormoonstore.com\/wp-content\/uploads\/2024\/08\/Star-Wars-The-Black-Series-Star-Wars-The-Mandalrian-Imperial-Armored-Commando-1.jpg\" \/>\n\t<meta property=\"og:image:width\" content=\"1000\" \/>\n\t<meta property=\"og:image:height\" content=\"1000\" \/>\n\t<meta property=\"og:image:type\" content=\"image\/jpeg\" \/>\n<meta name=\"twitter:card\" content=\"summary_large_image\" \/>\n<meta name=\"twitter:label1\" content=\"Est. reading time\" \/>\n\t<meta name=\"twitter:data1\" content=\"3 minutes\" \/>\n<script type=\"application\/ld+json\" class=\"yoast-schema-graph\">{\"@context\":\"https:\/\/schema.org\",\"@graph\":[{\"@type\":\"WebPage\",\"@id\":\"https:\/\/endormoonstore.com\/en\/star-wars-the-black-series-star-wars-the-mandalrian-imperial-armored-commando\/\",\"url\":\"https:\/\/endormoonstore.com\/en\/star-wars-the-black-series-star-wars-the-mandalrian-imperial-armored-commando\/\",\"name\":\"Star Wars The Black Series Star Wars: The Mandalrian Imperial Armored Commando - EndormoonStore\",\"isPartOf\":{\"@id\":\"https:\/\/endormoonstore.com\/#website\"},\"primaryImageOfPage\":{\"@id\":\"https:\/\/endormoonstore.com\/en\/star-wars-the-black-series-star-wars-the-mandalrian-imperial-armored-commando\/#primaryimage\"},\"image\":{\"@id\":\"https:\/\/endormoonstore.com\/en\/star-wars-the-black-series-star-wars-the-mandalrian-imperial-armored-commando\/#primaryimage\"},\"thumbnailUrl\":\"https:\/\/endormoonstore.com\/wp-content\/uploads\/2024\/08\/Star-Wars-The-Black-Series-Star-Wars-The-Mandalrian-Imperial-Armored-Commando-1.jpg\",\"datePublished\":\"2025-05-08T23:40:14+00:00\",\"dateModified\":\"2025-05-20T21:52:06+00:00\",\"description\":\"Descubre Imperial Armored Commando de Star Wars Black Series. Figura 15cm, dise\u00f1o premium, accesorios y empaque ventana. \u00a1Esencial para tu colecci\u00f3n!\",\"breadcrumb\":{\"@id\":\"https:\/\/endormoonstore.com\/en\/star-wars-the-black-series-star-wars-the-mandalrian-imperial-armored-commando\/#breadcrumb\"},\"inLanguage\":\"en-US\",\"potentialAction\":[{\"@type\":\"ReadAction\",\"target\":[\"https:\/\/endormoonstore.com\/en\/star-wars-the-black-series-star-wars-the-mandalrian-imperial-armored-commando\/\"]}]},{\"@type\":\"ImageObject\",\"inLanguage\":\"en-US\",\"@id\":\"https:\/\/endormoonstore.com\/en\/star-wars-the-black-series-star-wars-the-mandalrian-imperial-armored-commando\/#primaryimage\",\"url\":\"https:\/\/endormoonstore.com\/wp-content\/uploads\/2024\/08\/Star-Wars-The-Black-Series-Star-Wars-The-Mandalrian-Imperial-Armored-Commando-1.jpg\",\"contentUrl\":\"https:\/\/endormoonstore.com\/wp-content\/uploads\/2024\/08\/Star-Wars-The-Black-Series-Star-Wars-The-Mandalrian-Imperial-Armored-Commando-1.jpg\",\"width\":1000,\"height\":1000,\"caption\":\"El Imperial Armored Commando listo para la acci\u00f3n en su empaque coleccionable.\"},{\"@type\":\"BreadcrumbList\",\"@id\":\"https:\/\/endormoonstore.com\/en\/star-wars-the-black-series-star-wars-the-mandalrian-imperial-armored-commando\/#breadcrumb\",\"itemListElement\":[{\"@type\":\"ListItem\",\"position\":1,\"name\":\"Shop\",\"item\":\"https:\/\/endormoonstore.com\/en\/shop\/\"},{\"@type\":\"ListItem\",\"position\":2,\"name\":\"Star Wars The Black Series Star Wars: The Mandalrian Imperial Armored Commando\"}]},{\"@type\":\"WebSite\",\"@id\":\"https:\/\/endormoonstore.com\/#website\",\"url\":\"https:\/\/endormoonstore.com\/\",\"name\":\"EndormoonStore\",\"description\":\"\",\"potentialAction\":[{\"@type\":\"SearchAction\",\"target\":{\"@type\":\"EntryPoint\",\"urlTemplate\":\"https:\/\/endormoonstore.com\/?s={search_term_string}\"},\"query-input\":{\"@type\":\"PropertyValueSpecification\",\"valueRequired\":true,\"valueName\":\"search_term_string\"}}],\"inLanguage\":\"en-US\"}]}<\/script>\n<!-- \/ Yoast SEO plugin. -->","yoast_head_json":{"title":"Star Wars The Black Series Star Wars: The Mandalrian Imperial Armored Commando - EndormoonStore","description":"Descubre Imperial Armored Commando de Star Wars Black Series. Figura 15cm, dise\u00f1o premium, accesorios y empaque ventana. \u00a1Esencial para tu colecci\u00f3n!","robots":{"index":"index","follow":"follow","max-snippet":"max-snippet:-1","max-image-preview":"max-image-preview:large","max-video-preview":"max-video-preview:-1"},"canonical":"https:\/\/endormoonstore.com\/en\/star-wars-the-black-series-star-wars-the-mandalrian-imperial-armored-commando\/","og_locale":"en_US","og_type":"article","og_title":"Star Wars The Black Series Star Wars: The Mandalrian Imperial Armored Commando - EndormoonStore","og_description":"Descubre Imperial Armored Commando de Star Wars Black Series. Figura 15cm, dise\u00f1o premium, accesorios y empaque ventana. \u00a1Esencial para tu colecci\u00f3n!","og_url":"https:\/\/endormoonstore.com\/en\/star-wars-the-black-series-star-wars-the-mandalrian-imperial-armored-commando\/","og_site_name":"EndormoonStore","article_modified_time":"2025-05-20T21:52:06+00:00","og_image":[{"width":1000,"height":1000,"url":"https:\/\/endormoonstore.com\/wp-content\/uploads\/2024\/08\/Star-Wars-The-Black-Series-Star-Wars-The-Mandalrian-Imperial-Armored-Commando-1.jpg","type":"image\/jpeg"}],"twitter_card":"summary_large_image","twitter_misc":{"Est. reading time":"3 minutes"},"schema":{"@context":"https:\/\/schema.org","@graph":[{"@type":"WebPage","@id":"https:\/\/endormoonstore.com\/en\/star-wars-the-black-series-star-wars-the-mandalrian-imperial-armored-commando\/","url":"https:\/\/endormoonstore.com\/en\/star-wars-the-black-series-star-wars-the-mandalrian-imperial-armored-commando\/","name":"Star Wars The Black Series Star Wars: The Mandalrian Imperial Armored Commando - EndormoonStore","isPartOf":{"@id":"https:\/\/endormoonstore.com\/#website"},"primaryImageOfPage":{"@id":"https:\/\/endormoonstore.com\/en\/star-wars-the-black-series-star-wars-the-mandalrian-imperial-armored-commando\/#primaryimage"},"image":{"@id":"https:\/\/endormoonstore.com\/en\/star-wars-the-black-series-star-wars-the-mandalrian-imperial-armored-commando\/#primaryimage"},"thumbnailUrl":"https:\/\/endormoonstore.com\/wp-content\/uploads\/2024\/08\/Star-Wars-The-Black-Series-Star-Wars-The-Mandalrian-Imperial-Armored-Commando-1.jpg","datePublished":"2025-05-08T23:40:14+00:00","dateModified":"2025-05-20T21:52:06+00:00","description":"Descubre Imperial Armored Commando de Star Wars Black Series. Figura 15cm, dise\u00f1o premium, accesorios y empaque ventana. \u00a1Esencial para tu colecci\u00f3n!","breadcrumb":{"@id":"https:\/\/endormoonstore.com\/en\/star-wars-the-black-series-star-wars-the-mandalrian-imperial-armored-commando\/#breadcrumb"},"inLanguage":"en-US","potentialAction":[{"@type":"ReadAction","target":["https:\/\/endormoonstore.com\/en\/star-wars-the-black-series-star-wars-the-mandalrian-imperial-armored-commando\/"]}]},{"@type":"ImageObject","inLanguage":"en-US","@id":"https:\/\/endormoonstore.com\/en\/star-wars-the-black-series-star-wars-the-mandalrian-imperial-armored-commando\/#primaryimage","url":"https:\/\/endormoonstore.com\/wp-content\/uploads\/2024\/08\/Star-Wars-The-Black-Series-Star-Wars-The-Mandalrian-Imperial-Armored-Commando-1.jpg","contentUrl":"https:\/\/endormoonstore.com\/wp-content\/uploads\/2024\/08\/Star-Wars-The-Black-Series-Star-Wars-The-Mandalrian-Imperial-Armored-Commando-1.jpg","width":1000,"height":1000,"caption":"El Imperial Armored Commando listo para la acci\u00f3n en su empaque coleccionable."},{"@type":"BreadcrumbList","@id":"https:\/\/endormoonstore.com\/en\/star-wars-the-black-series-star-wars-the-mandalrian-imperial-armored-commando\/#breadcrumb","itemListElement":[{"@type":"ListItem","position":1,"name":"Shop","item":"https:\/\/endormoonstore.com\/en\/shop\/"},{"@type":"ListItem","position":2,"name":"Star Wars The Black Series Star Wars: The Mandalrian Imperial Armored Commando"}]},{"@type":"WebSite","@id":"https:\/\/endormoonstore.com\/#website","url":"https:\/\/endormoonstore.com\/","name":"EndormoonStore","description":"","potentialAction":[{"@type":"SearchAction","target":{"@type":"EntryPoint","urlTemplate":"https:\/\/endormoonstore.com\/?s={search_term_string}"},"query-input":{"@type":"PropertyValueSpecification","valueRequired":true,"valueName":"search_term_string"}}],"inLanguage":"en-US"}]}},"taxonomy_info":{"product_cat":[{"value":1390,"label":"Figures"},{"value":13511,"label":"New Arrivals"}],"pa_brand":[{"value":2084,"label":"Hasbro"}],"pa_character":[{"value":14579,"label":"Imperial Armored Commando"}],"pa_episode":[{"value":1993,"label":"The Mandalorian"}],"pa_license":[{"value":1644,"label":"Star Wars"}],"pa_product-type":[{"value":2387,"label":"Figure"}],"pa_theme":[{"value":2552,"label":"The Black Series"}]},"featured_image_src_large":["https:\/\/endormoonstore.com\/wp-content\/uploads\/2024\/08\/Star-Wars-The-Black-Series-Star-Wars-The-Mandalrian-Imperial-Armored-Commando-1.jpg",1000,1000,false],"author_info":[],"comment_info":"","_links":{"self":[{"href":"https:\/\/endormoonstore.com\/en\/wp-json\/wp\/v2\/product\/160674","targetHints":{"allow":["GET"]}}],"collection":[{"href":"https:\/\/endormoonstore.com\/en\/wp-json\/wp\/v2\/product"}],"about":[{"href":"https:\/\/endormoonstore.com\/en\/wp-json\/wp\/v2\/types\/product"}],"wp:featuredmedia":[{"embeddable":true,"href":"https:\/\/endormoonstore.com\/en\/wp-json\/wp\/v2\/media\/160657"}],"wp:attachment":[{"href":"https:\/\/endormoonstore.com\/en\/wp-json\/wp\/v2\/media?parent=160674"}],"wp:term":[{"taxonomy":"product_cat","embeddable":true,"href":"https:\/\/endormoonstore.com\/en\/wp-json\/wp\/v2\/product_cat?post=160674"},{"taxonomy":"product_tag","embeddable":true,"href":"https:\/\/endormoonstore.com\/en\/wp-json\/wp\/v2\/product_tag?post=160674"}],"curies":[{"name":"wp","href":"https:\/\/api.w.org\/{rel}","templated":true}]}}