{"id":160583,"date":"2025-01-02T02:10:06","date_gmt":"2024-07-22T00:10:06","guid":{"rendered":"https:\/\/endormoonstore.com\/green-goblin-marvel-legends-series-roleplay-helmet-spider-man-no-way-home\/"},"modified":"2024-08-15T22:37:58","modified_gmt":"2024-08-15T20:37:58","slug":"green-goblin-marvel-legends-series-roleplay-helmet-spider-man-no-way-home","status":"publish","type":"product","link":"https:\/\/endormoonstore.com\/en\/green-goblin-marvel-legends-series-roleplay-helmet-spider-man-no-way-home\/","title":{"rendered":"Green Goblin Marvel Legends Series Roleplay Helmet Spider-Man: No Way Home"},"content":{"rendered":"<p><strong>Green Goblin Marvel Legends Series Roleplay Helmet Spider-Man: No Way Home<\/strong><\/p>\n<ul>\n<li>Hasbro presenta, dentro de la colecci\u00f3n Marvel Legends Series, la r\u00e9plica del casco de Duende Verde. Est\u00e1 basada en su aspecto en la pel\u00edcula &#8220;Spider-Man: No Way Home&#8221;.<\/li>\n<li>Cuenta con un dise\u00f1o premium: Imagina perseguir a Spider-Man en Liberty Island con este casco a escala 1:1 con una escultura detallada.<\/li>\n<li>La placa frontal del yelmo puede desmontarse y el interior est\u00e1 detallado imitando los circuitos del original.<\/li>\n<li>Incluye un soporte: Muestra tu orgullo por el fandom de MCU en tu estante con el soporte incluido<\/li>\n<\/ul>\n<p>&nbsp;<\/p>\n","protected":false},"excerpt":{"rendered":"<p><strong>Green Goblin Marvel Legends Series Roleplay Helmet Spider-Man: No Way Home<\/strong><\/p>\n<p>Hasbro presenta, dentro de la colecci\u00f3n Marvel Legends Series, la r\u00e9plica del casco de Duende Verde. Est\u00e1 basada en su aspecto en la pel\u00edcula &#8220;Spider-Man: No Way Home&#8221;.<\/p>\n","protected":false},"featured_media":160540,"template":"","meta":{"_acf_changed":false,"_kad_blocks_custom_css":"","_kad_blocks_head_custom_js":"","_kad_blocks_body_custom_js":"","_kad_blocks_footer_custom_js":""},"product_cat":[13453,1390,13511],"product_tag":[],"class_list":{"0":"post-160583","1":"product","2":"type-product","3":"status-publish","4":"has-post-thumbnail","6":"product_cat-featured","7":"product_cat-figures","8":"product_cat-new-arrivals","9":"pa_brand-hasbro-en","10":"pa_character-green-goblin-en","11":"pa_episode-spider-man-no-way-home-en","12":"pa_license-marvel-en","13":"pa_product-type-helmets","14":"pa_theme-marvel-legends-series-en","16":"first","17":"outofstock","18":"taxable","19":"shipping-taxable","20":"purchasable","21":"product-type-simple"},"acf":[],"yoast_head":"<!-- This site is optimized with the Yoast SEO plugin v26.1.1 - https:\/\/yoast.com\/wordpress\/plugins\/seo\/ -->\n<title>Green Goblin Marvel Legends Series Roleplay Helmet Spider-Man: No Way Home - EndormoonStore<\/title>\n<meta name=\"robots\" content=\"index, follow, max-snippet:-1, max-image-preview:large, max-video-preview:-1\" \/>\n<link rel=\"canonical\" href=\"https:\/\/endormoonstore.com\/en\/green-goblin-marvel-legends-series-roleplay-helmet-spider-man-no-way-home\/\" \/>\n<meta property=\"og:locale\" content=\"en_US\" \/>\n<meta property=\"og:type\" content=\"article\" \/>\n<meta property=\"og:title\" content=\"Green Goblin Marvel Legends Series Roleplay Helmet Spider-Man: No Way Home - EndormoonStore\" \/>\n<meta property=\"og:description\" content=\"Green Goblin Marvel Legends Series Roleplay Helmet Spider-Man: No Way Home  Hasbro presenta, dentro de la colecci\u00f3n Marvel Legends Series, la r\u00e9plica del casco de Duende Verde. Est\u00e1 basada en su aspecto en la pel\u00edcula &quot;Spider-Man: No Way Home&quot;.\" \/>\n<meta property=\"og:url\" content=\"https:\/\/endormoonstore.com\/en\/green-goblin-marvel-legends-series-roleplay-helmet-spider-man-no-way-home\/\" \/>\n<meta property=\"og:site_name\" content=\"EndormoonStore\" \/>\n<meta property=\"article:modified_time\" content=\"2024-08-15T20:37:58+00:00\" \/>\n<meta property=\"og:image\" content=\"https:\/\/endormoonstore.com\/wp-content\/uploads\/2024\/07\/Green-Goblin-Marvel-Legends-Series-Roleplay-Helmet-Spider-Man-No-Way-Home-1.jpg\" \/>\n\t<meta property=\"og:image:width\" content=\"1000\" \/>\n\t<meta property=\"og:image:height\" content=\"1000\" \/>\n\t<meta property=\"og:image:type\" content=\"image\/jpeg\" \/>\n<meta name=\"twitter:card\" content=\"summary_large_image\" \/>\n<meta name=\"twitter:label1\" content=\"Est. reading time\" \/>\n\t<meta name=\"twitter:data1\" content=\"1 minute\" \/>\n<script type=\"application\/ld+json\" class=\"yoast-schema-graph\">{\"@context\":\"https:\/\/schema.org\",\"@graph\":[{\"@type\":\"WebPage\",\"@id\":\"https:\/\/endormoonstore.com\/en\/green-goblin-marvel-legends-series-roleplay-helmet-spider-man-no-way-home\/\",\"url\":\"https:\/\/endormoonstore.com\/en\/green-goblin-marvel-legends-series-roleplay-helmet-spider-man-no-way-home\/\",\"name\":\"Green Goblin Marvel Legends Series Roleplay Helmet Spider-Man: No Way Home - EndormoonStore\",\"isPartOf\":{\"@id\":\"https:\/\/endormoonstore.com\/#website\"},\"primaryImageOfPage\":{\"@id\":\"https:\/\/endormoonstore.com\/en\/green-goblin-marvel-legends-series-roleplay-helmet-spider-man-no-way-home\/#primaryimage\"},\"image\":{\"@id\":\"https:\/\/endormoonstore.com\/en\/green-goblin-marvel-legends-series-roleplay-helmet-spider-man-no-way-home\/#primaryimage\"},\"thumbnailUrl\":\"https:\/\/endormoonstore.com\/wp-content\/uploads\/2024\/07\/Green-Goblin-Marvel-Legends-Series-Roleplay-Helmet-Spider-Man-No-Way-Home-1.jpg\",\"datePublished\":\"2024-07-22T00:10:06+00:00\",\"dateModified\":\"2024-08-15T20:37:58+00:00\",\"breadcrumb\":{\"@id\":\"https:\/\/endormoonstore.com\/en\/green-goblin-marvel-legends-series-roleplay-helmet-spider-man-no-way-home\/#breadcrumb\"},\"inLanguage\":\"en-US\",\"potentialAction\":[{\"@type\":\"ReadAction\",\"target\":[\"https:\/\/endormoonstore.com\/en\/green-goblin-marvel-legends-series-roleplay-helmet-spider-man-no-way-home\/\"]}]},{\"@type\":\"ImageObject\",\"inLanguage\":\"en-US\",\"@id\":\"https:\/\/endormoonstore.com\/en\/green-goblin-marvel-legends-series-roleplay-helmet-spider-man-no-way-home\/#primaryimage\",\"url\":\"https:\/\/endormoonstore.com\/wp-content\/uploads\/2024\/07\/Green-Goblin-Marvel-Legends-Series-Roleplay-Helmet-Spider-Man-No-Way-Home-1.jpg\",\"contentUrl\":\"https:\/\/endormoonstore.com\/wp-content\/uploads\/2024\/07\/Green-Goblin-Marvel-Legends-Series-Roleplay-Helmet-Spider-Man-No-Way-Home-1.jpg\",\"width\":1000,\"height\":1000},{\"@type\":\"BreadcrumbList\",\"@id\":\"https:\/\/endormoonstore.com\/en\/green-goblin-marvel-legends-series-roleplay-helmet-spider-man-no-way-home\/#breadcrumb\",\"itemListElement\":[{\"@type\":\"ListItem\",\"position\":1,\"name\":\"Shop\",\"item\":\"https:\/\/endormoonstore.com\/en\/shop\/\"},{\"@type\":\"ListItem\",\"position\":2,\"name\":\"Green Goblin Marvel Legends Series Roleplay Helmet Spider-Man: No Way Home\"}]},{\"@type\":\"WebSite\",\"@id\":\"https:\/\/endormoonstore.com\/#website\",\"url\":\"https:\/\/endormoonstore.com\/\",\"name\":\"EndormoonStore\",\"description\":\"\",\"potentialAction\":[{\"@type\":\"SearchAction\",\"target\":{\"@type\":\"EntryPoint\",\"urlTemplate\":\"https:\/\/endormoonstore.com\/?s={search_term_string}\"},\"query-input\":{\"@type\":\"PropertyValueSpecification\",\"valueRequired\":true,\"valueName\":\"search_term_string\"}}],\"inLanguage\":\"en-US\"}]}<\/script>\n<!-- \/ Yoast SEO plugin. -->","yoast_head_json":{"title":"Green Goblin Marvel Legends Series Roleplay Helmet Spider-Man: No Way Home - EndormoonStore","robots":{"index":"index","follow":"follow","max-snippet":"max-snippet:-1","max-image-preview":"max-image-preview:large","max-video-preview":"max-video-preview:-1"},"canonical":"https:\/\/endormoonstore.com\/en\/green-goblin-marvel-legends-series-roleplay-helmet-spider-man-no-way-home\/","og_locale":"en_US","og_type":"article","og_title":"Green Goblin Marvel Legends Series Roleplay Helmet Spider-Man: No Way Home - EndormoonStore","og_description":"Green Goblin Marvel Legends Series Roleplay Helmet Spider-Man: No Way Home  Hasbro presenta, dentro de la colecci\u00f3n Marvel Legends Series, la r\u00e9plica del casco de Duende Verde. Est\u00e1 basada en su aspecto en la pel\u00edcula \"Spider-Man: No Way Home\".","og_url":"https:\/\/endormoonstore.com\/en\/green-goblin-marvel-legends-series-roleplay-helmet-spider-man-no-way-home\/","og_site_name":"EndormoonStore","article_modified_time":"2024-08-15T20:37:58+00:00","og_image":[{"width":1000,"height":1000,"url":"https:\/\/endormoonstore.com\/wp-content\/uploads\/2024\/07\/Green-Goblin-Marvel-Legends-Series-Roleplay-Helmet-Spider-Man-No-Way-Home-1.jpg","type":"image\/jpeg"}],"twitter_card":"summary_large_image","twitter_misc":{"Est. reading time":"1 minute"},"schema":{"@context":"https:\/\/schema.org","@graph":[{"@type":"WebPage","@id":"https:\/\/endormoonstore.com\/en\/green-goblin-marvel-legends-series-roleplay-helmet-spider-man-no-way-home\/","url":"https:\/\/endormoonstore.com\/en\/green-goblin-marvel-legends-series-roleplay-helmet-spider-man-no-way-home\/","name":"Green Goblin Marvel Legends Series Roleplay Helmet Spider-Man: No Way Home - EndormoonStore","isPartOf":{"@id":"https:\/\/endormoonstore.com\/#website"},"primaryImageOfPage":{"@id":"https:\/\/endormoonstore.com\/en\/green-goblin-marvel-legends-series-roleplay-helmet-spider-man-no-way-home\/#primaryimage"},"image":{"@id":"https:\/\/endormoonstore.com\/en\/green-goblin-marvel-legends-series-roleplay-helmet-spider-man-no-way-home\/#primaryimage"},"thumbnailUrl":"https:\/\/endormoonstore.com\/wp-content\/uploads\/2024\/07\/Green-Goblin-Marvel-Legends-Series-Roleplay-Helmet-Spider-Man-No-Way-Home-1.jpg","datePublished":"2024-07-22T00:10:06+00:00","dateModified":"2024-08-15T20:37:58+00:00","breadcrumb":{"@id":"https:\/\/endormoonstore.com\/en\/green-goblin-marvel-legends-series-roleplay-helmet-spider-man-no-way-home\/#breadcrumb"},"inLanguage":"en-US","potentialAction":[{"@type":"ReadAction","target":["https:\/\/endormoonstore.com\/en\/green-goblin-marvel-legends-series-roleplay-helmet-spider-man-no-way-home\/"]}]},{"@type":"ImageObject","inLanguage":"en-US","@id":"https:\/\/endormoonstore.com\/en\/green-goblin-marvel-legends-series-roleplay-helmet-spider-man-no-way-home\/#primaryimage","url":"https:\/\/endormoonstore.com\/wp-content\/uploads\/2024\/07\/Green-Goblin-Marvel-Legends-Series-Roleplay-Helmet-Spider-Man-No-Way-Home-1.jpg","contentUrl":"https:\/\/endormoonstore.com\/wp-content\/uploads\/2024\/07\/Green-Goblin-Marvel-Legends-Series-Roleplay-Helmet-Spider-Man-No-Way-Home-1.jpg","width":1000,"height":1000},{"@type":"BreadcrumbList","@id":"https:\/\/endormoonstore.com\/en\/green-goblin-marvel-legends-series-roleplay-helmet-spider-man-no-way-home\/#breadcrumb","itemListElement":[{"@type":"ListItem","position":1,"name":"Shop","item":"https:\/\/endormoonstore.com\/en\/shop\/"},{"@type":"ListItem","position":2,"name":"Green Goblin Marvel Legends Series Roleplay Helmet Spider-Man: No Way Home"}]},{"@type":"WebSite","@id":"https:\/\/endormoonstore.com\/#website","url":"https:\/\/endormoonstore.com\/","name":"EndormoonStore","description":"","potentialAction":[{"@type":"SearchAction","target":{"@type":"EntryPoint","urlTemplate":"https:\/\/endormoonstore.com\/?s={search_term_string}"},"query-input":{"@type":"PropertyValueSpecification","valueRequired":true,"valueName":"search_term_string"}}],"inLanguage":"en-US"}]}},"taxonomy_info":{"product_cat":[{"value":13453,"label":"Featured"},{"value":1390,"label":"Figures"},{"value":13511,"label":"New Arrivals"}],"pa_brand":[{"value":2084,"label":"Hasbro"}],"pa_character":[{"value":12273,"label":"Green Goblin"}],"pa_episode":[{"value":9583,"label":"Spider-Man: No Way Home"}],"pa_license":[{"value":1642,"label":"Marvel"}],"pa_product-type":[{"value":2540,"label":"Helmets"}],"pa_theme":[{"value":2071,"label":"Marvel Legends Series"}]},"featured_image_src_large":["https:\/\/endormoonstore.com\/wp-content\/uploads\/2024\/07\/Green-Goblin-Marvel-Legends-Series-Roleplay-Helmet-Spider-Man-No-Way-Home-1.jpg",1000,1000,false],"author_info":[],"comment_info":"","_links":{"self":[{"href":"https:\/\/endormoonstore.com\/en\/wp-json\/wp\/v2\/product\/160583","targetHints":{"allow":["GET"]}}],"collection":[{"href":"https:\/\/endormoonstore.com\/en\/wp-json\/wp\/v2\/product"}],"about":[{"href":"https:\/\/endormoonstore.com\/en\/wp-json\/wp\/v2\/types\/product"}],"wp:featuredmedia":[{"embeddable":true,"href":"https:\/\/endormoonstore.com\/en\/wp-json\/wp\/v2\/media\/160540"}],"wp:attachment":[{"href":"https:\/\/endormoonstore.com\/en\/wp-json\/wp\/v2\/media?parent=160583"}],"wp:term":[{"taxonomy":"product_cat","embeddable":true,"href":"https:\/\/endormoonstore.com\/en\/wp-json\/wp\/v2\/product_cat?post=160583"},{"taxonomy":"product_tag","embeddable":true,"href":"https:\/\/endormoonstore.com\/en\/wp-json\/wp\/v2\/product_tag?post=160583"}],"curies":[{"name":"wp","href":"https:\/\/api.w.org\/{rel}","templated":true}]}}