{"id":160496,"date":"2025-04-12T00:35:06","date_gmt":"2025-04-11T22:35:06","guid":{"rendered":"https:\/\/endormoonstore.com\/wolverine-marvel-legends-series-deadpool-wolverine\/"},"modified":"2025-04-13T22:11:30","modified_gmt":"2025-04-13T20:11:30","slug":"wolverine-marvel-legends-series-deadpool-wolverine","status":"publish","type":"product","link":"https:\/\/endormoonstore.com\/en\/wolverine-marvel-legends-series-deadpool-wolverine\/","title":{"rendered":"Wolverine Marvel Legends Series Deadpool &#038; Wolverine"},"content":{"rendered":"<h4 class=\"p1\"><b>Wolverine Marvel Legends Series Deadpool &amp; Wolverine<\/b><\/h4>\n<ul class=\"ul1\">\n<li class=\"li1\">Fabricada por Hasbro, esta figura coleccionable de Wolverine est\u00e1 inspirada en su aparici\u00f3n en la esperada pel\u00edcula &#8220;Deadpool &amp; Wolverine&#8221;. Ideal para coleccionistas adultos y fan\u00e1ticos mayores de 14 a\u00f1os, esta figura de 15 cm (6 pulgadas) es un imprescindible en cualquier colecci\u00f3n de Marvel. Exhibe a Wolverine con detalles meticulosos y un dise\u00f1o premium que destaca en cualquier estante. La figura cuenta con m\u00e1s de 20 puntos de articulaci\u00f3n, permitiendo poses din\u00e1micas y realistas.<\/li>\n<li class=\"li1\">Incluye una cabeza enmascarada alternativa y un par de manos adicionales, ofreciendo m\u00faltiples opciones de exhibici\u00f3n. Adem\u00e1s, puedes combinarla con las figuras de Deadpool y Headpool with Logan (se venden por separado) para completar tu colecci\u00f3n. La figura viene en un empaque de caja con ventana coleccionable, adornado con arte inspirado en la pel\u00edcula, perfecto para mostrar tu fanatismo por Marvel.<\/li>\n<li class=\"li1\">Un Logan destrozado y avergonzado se une a rega\u00f1adientes a Deadpool para luchar por su supervivencia y una oportunidad de redenci\u00f3n. Esta figura captura la esencia de su compleja relaci\u00f3n y su lucha conjunta.<\/li>\n<li class=\"li1\">\u00a1No dejes pasar la oportunidad de tener a Wolverine en tu colecci\u00f3n! \u00a1Hazte con esta figura y revive las \u00e9picas batallas de Marvel! \u00bfEst\u00e1s listo para la acci\u00f3n?<\/li>\n<\/ul>\n<h4 class=\"p1\"><b>Sobre Hasbro y su linea Marvel Legends Series:<\/b><\/h4>\n<ul class=\"ul1\">\n<li class=\"li1\"><span class=\"s1\"><a href=\"https:\/\/endormoonstore.com\/en\/hasbro-2\/\"><span class=\"s2\"><b>Hasbro<\/b><\/span><\/a><\/span> es una empresa multinacional de juguetes y entretenimiento fundada en 1923. Con sede en Pawtucket, Rhode Island, Hasbro es conocida por sus marcas ic\u00f3nicas como Transformers, G.I. Joe, y My Little Pony. Adem\u00e1s de juguetes, Hasbro tambi\u00e9n produce juegos de mesa y productos de entretenimiento, y ha adquirido varias otras compa\u00f1\u00edas de juguetes a lo largo de los a\u00f1os.<\/li>\n<li class=\"li1\">\u00a0La l\u00ednea <a href=\"https:\/\/endormoonstore.com\/tematica\/marvel-legends-series\/\"><span class=\"s3\"><b>Marvel Legends Series<\/b><\/span><\/a><b> <\/b>de Hasbro es una colecci\u00f3n de figuras de acci\u00f3n altamente detalladas y articuladas, basadas en personajes del universo Marvel. Lanzada por primera vez en 2002, esta l\u00ednea ha sido popular entre coleccionistas y fan\u00e1ticos por su calidad y fidelidad a los personajes de los c\u00f3mics y pel\u00edculas. Las figuras suelen incluir accesorios intercambiables y piezas adicionales para crear poses din\u00e1micas.<\/li>\n<\/ul>\n","protected":false},"excerpt":{"rendered":"<h4 class=\"p1\"><b>Wolverine Marvel Legends Series Deadpool &amp; Wolverine<\/b><\/h4>\n<p>Fabricada por Hasbro, esta figura coleccionable de Wolverine est\u00e1 inspirada en su aparici\u00f3n en la esperada pel\u00edcula &#8220;Deadpool &amp; Wolverine&#8221;. Ideal para coleccionistas adultos y fan\u00e1ticos mayores de 14 a\u00f1os, esta figura de 15 cm (6 pulgadas) es un imprescindible en cualquier colecci\u00f3n de Marvel.<\/p>\n","protected":false},"featured_media":160478,"template":"","meta":{"_acf_changed":false,"_kad_blocks_custom_css":"","_kad_blocks_head_custom_js":"","_kad_blocks_body_custom_js":"","_kad_blocks_footer_custom_js":""},"product_cat":[1390,13511],"product_tag":[],"class_list":{"0":"post-160496","1":"product","2":"type-product","3":"status-publish","4":"has-post-thumbnail","6":"product_cat-figures","7":"product_cat-new-arrivals","8":"pa_brand-hasbro-en","9":"pa_character-wolverine","10":"pa_episode-deadpool-wolverine-en","11":"pa_license-marvel-en","12":"pa_product-type-figure","13":"pa_theme-marvel-legends-series-en","15":"first","16":"outofstock","17":"taxable","18":"shipping-taxable","19":"purchasable","20":"product-type-simple"},"acf":[],"yoast_head":"<!-- This site is optimized with the Yoast SEO plugin v26.1.1 - https:\/\/yoast.com\/wordpress\/plugins\/seo\/ -->\n<title>Wolverine Marvel Legends Series Deadpool &amp; Wolverine - EndormoonStore<\/title>\n<meta name=\"description\" content=\"Figura de acci\u00f3n Wolverine Marvel Legends Series Deadpool &amp; Wolverine de Hasbro. Incluye accesorios y empaque coleccionable. Ideal para fan\u00e1ticos.\" \/>\n<meta name=\"robots\" content=\"index, follow, max-snippet:-1, max-image-preview:large, max-video-preview:-1\" \/>\n<link rel=\"canonical\" href=\"https:\/\/endormoonstore.com\/en\/wolverine-marvel-legends-series-deadpool-wolverine\/\" \/>\n<meta property=\"og:locale\" content=\"en_US\" \/>\n<meta property=\"og:type\" content=\"article\" \/>\n<meta property=\"og:title\" content=\"Wolverine Marvel Legends Series Deadpool &amp; Wolverine - EndormoonStore\" \/>\n<meta property=\"og:description\" content=\"Figura de acci\u00f3n Wolverine Marvel Legends Series Deadpool &amp; Wolverine de Hasbro. Incluye accesorios y empaque coleccionable. Ideal para fan\u00e1ticos.\" \/>\n<meta property=\"og:url\" content=\"https:\/\/endormoonstore.com\/en\/wolverine-marvel-legends-series-deadpool-wolverine\/\" \/>\n<meta property=\"og:site_name\" content=\"EndormoonStore\" \/>\n<meta property=\"article:modified_time\" content=\"2025-04-13T20:11:30+00:00\" \/>\n<meta property=\"og:image\" content=\"https:\/\/endormoonstore.com\/wp-content\/uploads\/2024\/08\/Wolverine-Marvel-Legends-Series-Deadpool-Wolverine-1.jpg\" \/>\n\t<meta property=\"og:image:width\" content=\"1000\" \/>\n\t<meta property=\"og:image:height\" content=\"1000\" \/>\n\t<meta property=\"og:image:type\" content=\"image\/jpeg\" \/>\n<meta name=\"twitter:card\" content=\"summary_large_image\" \/>\n<meta name=\"twitter:label1\" content=\"Est. reading time\" \/>\n\t<meta name=\"twitter:data1\" content=\"2 minutes\" \/>\n<script type=\"application\/ld+json\" class=\"yoast-schema-graph\">{\"@context\":\"https:\/\/schema.org\",\"@graph\":[{\"@type\":\"WebPage\",\"@id\":\"https:\/\/endormoonstore.com\/en\/wolverine-marvel-legends-series-deadpool-wolverine\/\",\"url\":\"https:\/\/endormoonstore.com\/en\/wolverine-marvel-legends-series-deadpool-wolverine\/\",\"name\":\"Wolverine Marvel Legends Series Deadpool & Wolverine - EndormoonStore\",\"isPartOf\":{\"@id\":\"https:\/\/endormoonstore.com\/#website\"},\"primaryImageOfPage\":{\"@id\":\"https:\/\/endormoonstore.com\/en\/wolverine-marvel-legends-series-deadpool-wolverine\/#primaryimage\"},\"image\":{\"@id\":\"https:\/\/endormoonstore.com\/en\/wolverine-marvel-legends-series-deadpool-wolverine\/#primaryimage\"},\"thumbnailUrl\":\"https:\/\/endormoonstore.com\/wp-content\/uploads\/2024\/08\/Wolverine-Marvel-Legends-Series-Deadpool-Wolverine-1.jpg\",\"datePublished\":\"2025-04-11T22:35:06+00:00\",\"dateModified\":\"2025-04-13T20:11:30+00:00\",\"description\":\"Figura de acci\u00f3n Wolverine Marvel Legends Series Deadpool & Wolverine de Hasbro. Incluye accesorios y empaque coleccionable. Ideal para fan\u00e1ticos.\",\"breadcrumb\":{\"@id\":\"https:\/\/endormoonstore.com\/en\/wolverine-marvel-legends-series-deadpool-wolverine\/#breadcrumb\"},\"inLanguage\":\"en-US\",\"potentialAction\":[{\"@type\":\"ReadAction\",\"target\":[\"https:\/\/endormoonstore.com\/en\/wolverine-marvel-legends-series-deadpool-wolverine\/\"]}]},{\"@type\":\"ImageObject\",\"inLanguage\":\"en-US\",\"@id\":\"https:\/\/endormoonstore.com\/en\/wolverine-marvel-legends-series-deadpool-wolverine\/#primaryimage\",\"url\":\"https:\/\/endormoonstore.com\/wp-content\/uploads\/2024\/08\/Wolverine-Marvel-Legends-Series-Deadpool-Wolverine-1.jpg\",\"contentUrl\":\"https:\/\/endormoonstore.com\/wp-content\/uploads\/2024\/08\/Wolverine-Marvel-Legends-Series-Deadpool-Wolverine-1.jpg\",\"width\":1000,\"height\":1000,\"caption\":\"Wolverine Marvel Legends Series Deadpool & Wolverine.\"},{\"@type\":\"BreadcrumbList\",\"@id\":\"https:\/\/endormoonstore.com\/en\/wolverine-marvel-legends-series-deadpool-wolverine\/#breadcrumb\",\"itemListElement\":[{\"@type\":\"ListItem\",\"position\":1,\"name\":\"Shop\",\"item\":\"https:\/\/endormoonstore.com\/en\/shop\/\"},{\"@type\":\"ListItem\",\"position\":2,\"name\":\"Wolverine Marvel Legends Series Deadpool &#038; Wolverine\"}]},{\"@type\":\"WebSite\",\"@id\":\"https:\/\/endormoonstore.com\/#website\",\"url\":\"https:\/\/endormoonstore.com\/\",\"name\":\"EndormoonStore\",\"description\":\"\",\"potentialAction\":[{\"@type\":\"SearchAction\",\"target\":{\"@type\":\"EntryPoint\",\"urlTemplate\":\"https:\/\/endormoonstore.com\/?s={search_term_string}\"},\"query-input\":{\"@type\":\"PropertyValueSpecification\",\"valueRequired\":true,\"valueName\":\"search_term_string\"}}],\"inLanguage\":\"en-US\"}]}<\/script>\n<!-- \/ Yoast SEO plugin. -->","yoast_head_json":{"title":"Wolverine Marvel Legends Series Deadpool & Wolverine - EndormoonStore","description":"Figura de acci\u00f3n Wolverine Marvel Legends Series Deadpool & Wolverine de Hasbro. Incluye accesorios y empaque coleccionable. Ideal para fan\u00e1ticos.","robots":{"index":"index","follow":"follow","max-snippet":"max-snippet:-1","max-image-preview":"max-image-preview:large","max-video-preview":"max-video-preview:-1"},"canonical":"https:\/\/endormoonstore.com\/en\/wolverine-marvel-legends-series-deadpool-wolverine\/","og_locale":"en_US","og_type":"article","og_title":"Wolverine Marvel Legends Series Deadpool & Wolverine - EndormoonStore","og_description":"Figura de acci\u00f3n Wolverine Marvel Legends Series Deadpool & Wolverine de Hasbro. Incluye accesorios y empaque coleccionable. Ideal para fan\u00e1ticos.","og_url":"https:\/\/endormoonstore.com\/en\/wolverine-marvel-legends-series-deadpool-wolverine\/","og_site_name":"EndormoonStore","article_modified_time":"2025-04-13T20:11:30+00:00","og_image":[{"width":1000,"height":1000,"url":"https:\/\/endormoonstore.com\/wp-content\/uploads\/2024\/08\/Wolverine-Marvel-Legends-Series-Deadpool-Wolverine-1.jpg","type":"image\/jpeg"}],"twitter_card":"summary_large_image","twitter_misc":{"Est. reading time":"2 minutes"},"schema":{"@context":"https:\/\/schema.org","@graph":[{"@type":"WebPage","@id":"https:\/\/endormoonstore.com\/en\/wolverine-marvel-legends-series-deadpool-wolverine\/","url":"https:\/\/endormoonstore.com\/en\/wolverine-marvel-legends-series-deadpool-wolverine\/","name":"Wolverine Marvel Legends Series Deadpool & Wolverine - EndormoonStore","isPartOf":{"@id":"https:\/\/endormoonstore.com\/#website"},"primaryImageOfPage":{"@id":"https:\/\/endormoonstore.com\/en\/wolverine-marvel-legends-series-deadpool-wolverine\/#primaryimage"},"image":{"@id":"https:\/\/endormoonstore.com\/en\/wolverine-marvel-legends-series-deadpool-wolverine\/#primaryimage"},"thumbnailUrl":"https:\/\/endormoonstore.com\/wp-content\/uploads\/2024\/08\/Wolverine-Marvel-Legends-Series-Deadpool-Wolverine-1.jpg","datePublished":"2025-04-11T22:35:06+00:00","dateModified":"2025-04-13T20:11:30+00:00","description":"Figura de acci\u00f3n Wolverine Marvel Legends Series Deadpool & Wolverine de Hasbro. Incluye accesorios y empaque coleccionable. Ideal para fan\u00e1ticos.","breadcrumb":{"@id":"https:\/\/endormoonstore.com\/en\/wolverine-marvel-legends-series-deadpool-wolverine\/#breadcrumb"},"inLanguage":"en-US","potentialAction":[{"@type":"ReadAction","target":["https:\/\/endormoonstore.com\/en\/wolverine-marvel-legends-series-deadpool-wolverine\/"]}]},{"@type":"ImageObject","inLanguage":"en-US","@id":"https:\/\/endormoonstore.com\/en\/wolverine-marvel-legends-series-deadpool-wolverine\/#primaryimage","url":"https:\/\/endormoonstore.com\/wp-content\/uploads\/2024\/08\/Wolverine-Marvel-Legends-Series-Deadpool-Wolverine-1.jpg","contentUrl":"https:\/\/endormoonstore.com\/wp-content\/uploads\/2024\/08\/Wolverine-Marvel-Legends-Series-Deadpool-Wolverine-1.jpg","width":1000,"height":1000,"caption":"Wolverine Marvel Legends Series Deadpool & Wolverine."},{"@type":"BreadcrumbList","@id":"https:\/\/endormoonstore.com\/en\/wolverine-marvel-legends-series-deadpool-wolverine\/#breadcrumb","itemListElement":[{"@type":"ListItem","position":1,"name":"Shop","item":"https:\/\/endormoonstore.com\/en\/shop\/"},{"@type":"ListItem","position":2,"name":"Wolverine Marvel Legends Series Deadpool &#038; Wolverine"}]},{"@type":"WebSite","@id":"https:\/\/endormoonstore.com\/#website","url":"https:\/\/endormoonstore.com\/","name":"EndormoonStore","description":"","potentialAction":[{"@type":"SearchAction","target":{"@type":"EntryPoint","urlTemplate":"https:\/\/endormoonstore.com\/?s={search_term_string}"},"query-input":{"@type":"PropertyValueSpecification","valueRequired":true,"valueName":"search_term_string"}}],"inLanguage":"en-US"}]}},"taxonomy_info":{"product_cat":[{"value":1390,"label":"Figures"},{"value":13511,"label":"New Arrivals"}],"pa_brand":[{"value":2084,"label":"Hasbro"}],"pa_character":[{"value":2423,"label":"Wolverine"}],"pa_episode":[{"value":14455,"label":"Deadpool &amp; Wolverine"}],"pa_license":[{"value":1642,"label":"Marvel"}],"pa_product-type":[{"value":2387,"label":"Figure"}],"pa_theme":[{"value":2071,"label":"Marvel Legends Series"}]},"featured_image_src_large":["https:\/\/endormoonstore.com\/wp-content\/uploads\/2024\/08\/Wolverine-Marvel-Legends-Series-Deadpool-Wolverine-1.jpg",1000,1000,false],"author_info":[],"comment_info":"","_links":{"self":[{"href":"https:\/\/endormoonstore.com\/en\/wp-json\/wp\/v2\/product\/160496","targetHints":{"allow":["GET"]}}],"collection":[{"href":"https:\/\/endormoonstore.com\/en\/wp-json\/wp\/v2\/product"}],"about":[{"href":"https:\/\/endormoonstore.com\/en\/wp-json\/wp\/v2\/types\/product"}],"wp:featuredmedia":[{"embeddable":true,"href":"https:\/\/endormoonstore.com\/en\/wp-json\/wp\/v2\/media\/160478"}],"wp:attachment":[{"href":"https:\/\/endormoonstore.com\/en\/wp-json\/wp\/v2\/media?parent=160496"}],"wp:term":[{"taxonomy":"product_cat","embeddable":true,"href":"https:\/\/endormoonstore.com\/en\/wp-json\/wp\/v2\/product_cat?post=160496"},{"taxonomy":"product_tag","embeddable":true,"href":"https:\/\/endormoonstore.com\/en\/wp-json\/wp\/v2\/product_tag?post=160496"}],"curies":[{"name":"wp","href":"https:\/\/api.w.org\/{rel}","templated":true}]}}