{"id":160420,"date":"2024-07-22T01:40:42","date_gmt":"2024-07-21T23:40:42","guid":{"rendered":"https:\/\/endormoonstore.com\/suko-mothra-godzilla-x-kong-the-new-empire-s-h-monsterarts\/"},"modified":"2024-08-13T12:40:34","modified_gmt":"2024-08-13T10:40:34","slug":"suko-mothra-godzilla-x-kong-the-new-empire-s-h-monsterarts","status":"publish","type":"product","link":"https:\/\/endormoonstore.com\/en\/suko-mothra-godzilla-x-kong-the-new-empire-s-h-monsterarts\/","title":{"rendered":"Suko &#038; Mothra Godzilla x Kong: The New Empire S.H.MonsterArts"},"content":{"rendered":"<p class=\"p1\"><strong>Suko &amp; Mothra Godzilla x Kong: The New Empire S.H.MonsterArts<\/strong><\/p>\n<ul class=\"ul1\">\n<li class=\"li1\">De la pel\u00edcula &#8220;Godzilla x Kong: The New Empire&#8221;, S.H.MonsterArts est\u00e1 lanzando a Suko y Mothra! Hechos a partir de un moldes completamente nuevos.<\/li>\n<li class=\"li1\">Suko con aproximadamente 7 cm de altura.Viene con 3 pares de manos y 3 cabezas intercambiables, as\u00ed como un pedestal para que puedas exhibirlo recreando tus escenas favoritas de la pel\u00edcula.<\/li>\n<li class=\"li1\">En cuanto a Mothra, tiene aproximadamente 8 cm de alto y 29 cm de ancho ,el color del cuerpo bellamente recreado a partir de la versi\u00f3n de la pel\u00edcula. Al usar el pedestal incluido, puedes exhibir a tu Mothra para que parezca que est\u00e1 volando.<\/li>\n<li class=\"li1\">Se adjunta una parte de cabeza adicional para S.H.MonsterArts Kong de Godzilla x Kong: The New Empire, que se vende por separado, para que puedas recrear tu Kong para que parezca que est\u00e1 rugiendo.<\/li>\n<li>Nota: Otras figuras S.H.MonsterArts mostradas en las im\u00e1genes no est\u00e1 incluidas ( Se venden por separado)<\/li>\n<\/ul>\n","protected":false},"excerpt":{"rendered":"<p class=\"p1\"><strong>Suko &amp; Mothra Godzilla x Kong: The New Empire S.H.MonsterArts<\/strong><\/p>\n<p class=\"p1\">De la pel\u00edcula &#8220;Godzilla x Kong: The New Empire&#8221;, S.H.MonsterArts est\u00e1 lanzando a Suko y Mothra! Hecho a partir de un molde completamente nuevo.<\/p>\n","protected":false},"featured_media":160401,"template":"","meta":{"_acf_changed":false,"_kad_blocks_custom_css":"","_kad_blocks_head_custom_js":"","_kad_blocks_body_custom_js":"","_kad_blocks_footer_custom_js":""},"product_cat":[1390,13511],"product_tag":[],"class_list":{"0":"post-160420","1":"product","2":"type-product","3":"status-publish","4":"has-post-thumbnail","6":"product_cat-figures","7":"product_cat-new-arrivals","8":"pa_brand-tamashii-nations-en","9":"pa_character-suko-mothra-en","10":"pa_license-godzilla-king-of-the-monsters-en","11":"pa_product-type-figure","12":"pa_theme-s-h-monsterarts-en","14":"first","15":"instock","16":"taxable","17":"shipping-taxable","18":"purchasable","19":"product-type-simple"},"acf":[],"yoast_head":"<!-- This site is optimized with the Yoast SEO plugin v26.1.1 - https:\/\/yoast.com\/wordpress\/plugins\/seo\/ -->\n<title>Suko &amp; Mothra Godzilla x Kong: The New Empire S.H.MonsterArts - EndormoonStore<\/title>\n<meta name=\"robots\" content=\"index, follow, max-snippet:-1, max-image-preview:large, max-video-preview:-1\" \/>\n<link rel=\"canonical\" href=\"https:\/\/endormoonstore.com\/en\/suko-mothra-godzilla-x-kong-the-new-empire-s-h-monsterarts\/\" \/>\n<meta property=\"og:locale\" content=\"en_US\" \/>\n<meta property=\"og:type\" content=\"article\" \/>\n<meta property=\"og:title\" content=\"Suko &amp; Mothra Godzilla x Kong: The New Empire S.H.MonsterArts - EndormoonStore\" \/>\n<meta property=\"og:description\" content=\"Suko &amp; Mothra Godzilla x Kong: The New Empire S.H.MonsterArts De la pel\u00edcula &quot;Godzilla x Kong: The New Empire&quot;, S.H.MonsterArts est\u00e1 lanzando a Suko y Mothra! Hecho a partir de un molde completamente nuevo.\" \/>\n<meta property=\"og:url\" content=\"https:\/\/endormoonstore.com\/en\/suko-mothra-godzilla-x-kong-the-new-empire-s-h-monsterarts\/\" \/>\n<meta property=\"og:site_name\" content=\"EndormoonStore\" \/>\n<meta property=\"article:modified_time\" content=\"2024-08-13T10:40:34+00:00\" \/>\n<meta property=\"og:image\" content=\"https:\/\/endormoonstore.com\/wp-content\/uploads\/2024\/08\/Suko-Mothra-Godzilla-x-Kong-The-New-Empire-S.H.MonsterArts-1.jpg\" \/>\n\t<meta property=\"og:image:width\" content=\"1000\" \/>\n\t<meta property=\"og:image:height\" content=\"800\" \/>\n\t<meta property=\"og:image:type\" content=\"image\/jpeg\" \/>\n<meta name=\"twitter:card\" content=\"summary_large_image\" \/>\n<meta name=\"twitter:label1\" content=\"Est. reading time\" \/>\n\t<meta name=\"twitter:data1\" content=\"1 minute\" \/>\n<script type=\"application\/ld+json\" class=\"yoast-schema-graph\">{\"@context\":\"https:\/\/schema.org\",\"@graph\":[{\"@type\":\"WebPage\",\"@id\":\"https:\/\/endormoonstore.com\/en\/suko-mothra-godzilla-x-kong-the-new-empire-s-h-monsterarts\/\",\"url\":\"https:\/\/endormoonstore.com\/en\/suko-mothra-godzilla-x-kong-the-new-empire-s-h-monsterarts\/\",\"name\":\"Suko & Mothra Godzilla x Kong: The New Empire S.H.MonsterArts - EndormoonStore\",\"isPartOf\":{\"@id\":\"https:\/\/endormoonstore.com\/#website\"},\"primaryImageOfPage\":{\"@id\":\"https:\/\/endormoonstore.com\/en\/suko-mothra-godzilla-x-kong-the-new-empire-s-h-monsterarts\/#primaryimage\"},\"image\":{\"@id\":\"https:\/\/endormoonstore.com\/en\/suko-mothra-godzilla-x-kong-the-new-empire-s-h-monsterarts\/#primaryimage\"},\"thumbnailUrl\":\"https:\/\/endormoonstore.com\/wp-content\/uploads\/2024\/08\/Suko-Mothra-Godzilla-x-Kong-The-New-Empire-S.H.MonsterArts-1.jpg\",\"datePublished\":\"2024-07-21T23:40:42+00:00\",\"dateModified\":\"2024-08-13T10:40:34+00:00\",\"breadcrumb\":{\"@id\":\"https:\/\/endormoonstore.com\/en\/suko-mothra-godzilla-x-kong-the-new-empire-s-h-monsterarts\/#breadcrumb\"},\"inLanguage\":\"en-US\",\"potentialAction\":[{\"@type\":\"ReadAction\",\"target\":[\"https:\/\/endormoonstore.com\/en\/suko-mothra-godzilla-x-kong-the-new-empire-s-h-monsterarts\/\"]}]},{\"@type\":\"ImageObject\",\"inLanguage\":\"en-US\",\"@id\":\"https:\/\/endormoonstore.com\/en\/suko-mothra-godzilla-x-kong-the-new-empire-s-h-monsterarts\/#primaryimage\",\"url\":\"https:\/\/endormoonstore.com\/wp-content\/uploads\/2024\/08\/Suko-Mothra-Godzilla-x-Kong-The-New-Empire-S.H.MonsterArts-1.jpg\",\"contentUrl\":\"https:\/\/endormoonstore.com\/wp-content\/uploads\/2024\/08\/Suko-Mothra-Godzilla-x-Kong-The-New-Empire-S.H.MonsterArts-1.jpg\",\"width\":1000,\"height\":800},{\"@type\":\"BreadcrumbList\",\"@id\":\"https:\/\/endormoonstore.com\/en\/suko-mothra-godzilla-x-kong-the-new-empire-s-h-monsterarts\/#breadcrumb\",\"itemListElement\":[{\"@type\":\"ListItem\",\"position\":1,\"name\":\"Shop\",\"item\":\"https:\/\/endormoonstore.com\/en\/shop\/\"},{\"@type\":\"ListItem\",\"position\":2,\"name\":\"Suko &#038; Mothra Godzilla x Kong: The New Empire S.H.MonsterArts\"}]},{\"@type\":\"WebSite\",\"@id\":\"https:\/\/endormoonstore.com\/#website\",\"url\":\"https:\/\/endormoonstore.com\/\",\"name\":\"EndormoonStore\",\"description\":\"\",\"potentialAction\":[{\"@type\":\"SearchAction\",\"target\":{\"@type\":\"EntryPoint\",\"urlTemplate\":\"https:\/\/endormoonstore.com\/?s={search_term_string}\"},\"query-input\":{\"@type\":\"PropertyValueSpecification\",\"valueRequired\":true,\"valueName\":\"search_term_string\"}}],\"inLanguage\":\"en-US\"}]}<\/script>\n<!-- \/ Yoast SEO plugin. -->","yoast_head_json":{"title":"Suko & Mothra Godzilla x Kong: The New Empire S.H.MonsterArts - EndormoonStore","robots":{"index":"index","follow":"follow","max-snippet":"max-snippet:-1","max-image-preview":"max-image-preview:large","max-video-preview":"max-video-preview:-1"},"canonical":"https:\/\/endormoonstore.com\/en\/suko-mothra-godzilla-x-kong-the-new-empire-s-h-monsterarts\/","og_locale":"en_US","og_type":"article","og_title":"Suko & Mothra Godzilla x Kong: The New Empire S.H.MonsterArts - EndormoonStore","og_description":"Suko &amp; Mothra Godzilla x Kong: The New Empire S.H.MonsterArts De la pel\u00edcula \"Godzilla x Kong: The New Empire\", S.H.MonsterArts est\u00e1 lanzando a Suko y Mothra! Hecho a partir de un molde completamente nuevo.","og_url":"https:\/\/endormoonstore.com\/en\/suko-mothra-godzilla-x-kong-the-new-empire-s-h-monsterarts\/","og_site_name":"EndormoonStore","article_modified_time":"2024-08-13T10:40:34+00:00","og_image":[{"width":1000,"height":800,"url":"https:\/\/endormoonstore.com\/wp-content\/uploads\/2024\/08\/Suko-Mothra-Godzilla-x-Kong-The-New-Empire-S.H.MonsterArts-1.jpg","type":"image\/jpeg"}],"twitter_card":"summary_large_image","twitter_misc":{"Est. reading time":"1 minute"},"schema":{"@context":"https:\/\/schema.org","@graph":[{"@type":"WebPage","@id":"https:\/\/endormoonstore.com\/en\/suko-mothra-godzilla-x-kong-the-new-empire-s-h-monsterarts\/","url":"https:\/\/endormoonstore.com\/en\/suko-mothra-godzilla-x-kong-the-new-empire-s-h-monsterarts\/","name":"Suko & Mothra Godzilla x Kong: The New Empire S.H.MonsterArts - EndormoonStore","isPartOf":{"@id":"https:\/\/endormoonstore.com\/#website"},"primaryImageOfPage":{"@id":"https:\/\/endormoonstore.com\/en\/suko-mothra-godzilla-x-kong-the-new-empire-s-h-monsterarts\/#primaryimage"},"image":{"@id":"https:\/\/endormoonstore.com\/en\/suko-mothra-godzilla-x-kong-the-new-empire-s-h-monsterarts\/#primaryimage"},"thumbnailUrl":"https:\/\/endormoonstore.com\/wp-content\/uploads\/2024\/08\/Suko-Mothra-Godzilla-x-Kong-The-New-Empire-S.H.MonsterArts-1.jpg","datePublished":"2024-07-21T23:40:42+00:00","dateModified":"2024-08-13T10:40:34+00:00","breadcrumb":{"@id":"https:\/\/endormoonstore.com\/en\/suko-mothra-godzilla-x-kong-the-new-empire-s-h-monsterarts\/#breadcrumb"},"inLanguage":"en-US","potentialAction":[{"@type":"ReadAction","target":["https:\/\/endormoonstore.com\/en\/suko-mothra-godzilla-x-kong-the-new-empire-s-h-monsterarts\/"]}]},{"@type":"ImageObject","inLanguage":"en-US","@id":"https:\/\/endormoonstore.com\/en\/suko-mothra-godzilla-x-kong-the-new-empire-s-h-monsterarts\/#primaryimage","url":"https:\/\/endormoonstore.com\/wp-content\/uploads\/2024\/08\/Suko-Mothra-Godzilla-x-Kong-The-New-Empire-S.H.MonsterArts-1.jpg","contentUrl":"https:\/\/endormoonstore.com\/wp-content\/uploads\/2024\/08\/Suko-Mothra-Godzilla-x-Kong-The-New-Empire-S.H.MonsterArts-1.jpg","width":1000,"height":800},{"@type":"BreadcrumbList","@id":"https:\/\/endormoonstore.com\/en\/suko-mothra-godzilla-x-kong-the-new-empire-s-h-monsterarts\/#breadcrumb","itemListElement":[{"@type":"ListItem","position":1,"name":"Shop","item":"https:\/\/endormoonstore.com\/en\/shop\/"},{"@type":"ListItem","position":2,"name":"Suko &#038; Mothra Godzilla x Kong: The New Empire S.H.MonsterArts"}]},{"@type":"WebSite","@id":"https:\/\/endormoonstore.com\/#website","url":"https:\/\/endormoonstore.com\/","name":"EndormoonStore","description":"","potentialAction":[{"@type":"SearchAction","target":{"@type":"EntryPoint","urlTemplate":"https:\/\/endormoonstore.com\/?s={search_term_string}"},"query-input":{"@type":"PropertyValueSpecification","valueRequired":true,"valueName":"search_term_string"}}],"inLanguage":"en-US"}]}},"taxonomy_info":{"product_cat":[{"value":1390,"label":"Figures"},{"value":13511,"label":"New Arrivals"}],"pa_brand":[{"value":2096,"label":"Tamashii Nations"}],"pa_character":[{"value":14565,"label":"Suko &amp; Mothra"}],"pa_license":[{"value":5105,"label":"Godzilla King of the Monsters"}],"pa_product-type":[{"value":2387,"label":"Figure"}],"pa_theme":[{"value":10761,"label":"S.H.MonsterArts"}]},"featured_image_src_large":["https:\/\/endormoonstore.com\/wp-content\/uploads\/2024\/08\/Suko-Mothra-Godzilla-x-Kong-The-New-Empire-S.H.MonsterArts-1.jpg",1000,800,false],"author_info":[],"comment_info":"","_links":{"self":[{"href":"https:\/\/endormoonstore.com\/en\/wp-json\/wp\/v2\/product\/160420","targetHints":{"allow":["GET"]}}],"collection":[{"href":"https:\/\/endormoonstore.com\/en\/wp-json\/wp\/v2\/product"}],"about":[{"href":"https:\/\/endormoonstore.com\/en\/wp-json\/wp\/v2\/types\/product"}],"wp:featuredmedia":[{"embeddable":true,"href":"https:\/\/endormoonstore.com\/en\/wp-json\/wp\/v2\/media\/160401"}],"wp:attachment":[{"href":"https:\/\/endormoonstore.com\/en\/wp-json\/wp\/v2\/media?parent=160420"}],"wp:term":[{"taxonomy":"product_cat","embeddable":true,"href":"https:\/\/endormoonstore.com\/en\/wp-json\/wp\/v2\/product_cat?post=160420"},{"taxonomy":"product_tag","embeddable":true,"href":"https:\/\/endormoonstore.com\/en\/wp-json\/wp\/v2\/product_tag?post=160420"}],"curies":[{"name":"wp","href":"https:\/\/api.w.org\/{rel}","templated":true}]}}