{"id":160397,"date":"2024-07-22T01:35:42","date_gmt":"2024-07-21T23:35:42","guid":{"rendered":"https:\/\/endormoonstore.com\/star-wars-the-black-series-holocomm-collection-mae-assassin\/"},"modified":"2024-08-12T21:48:35","modified_gmt":"2024-08-12T19:48:35","slug":"star-wars-the-black-series-holocomm-collection-mae-assassin","status":"publish","type":"product","link":"https:\/\/endormoonstore.com\/en\/star-wars-the-black-series-holocomm-collection-mae-assassin\/","title":{"rendered":"Star Wars The Black Series Holocomm Collection Mae (Assassin)"},"content":{"rendered":"<p class=\"p1\"><strong>Star Wars The Black Series Holocomm Collection Mae (Assassin)<\/strong><\/p>\n<ul class=\"ul1\">\n<li>Hasbro presenta, dentro de la colecci\u00f3n Holocomm Collection The Black Series, la figura de Mae (Assassin). Mide 15 cm y est\u00e1 basada en su aspecto en la serie &#8220;Star Wars: The Acolyte&#8221;<\/li>\n<li>Se incluye 1x ficha de recompensa con una inscripci\u00f3n en Aurebesh, un disco hologr\u00e1fico, cuatro cuchillos y una m\u00e1scara.<\/li>\n<li>Pulsa el bot\u00f3n del disco para iluminar la figura. Colecciona m\u00e1s figuras de Holocomm Collection The Black Series para construir un centro de comunicaciones gal\u00e1ctico (cada una se vende por separado).<\/li>\n<li>Se requiere de 3 pilas alcalinas AAA de 1,5 V no incluidas.<\/li>\n<\/ul>\n","protected":false},"excerpt":{"rendered":"<p class=\"p1\"><strong>Star Wars The Black Series Holocomm Collection Mae (Assassin)<\/strong><\/p>\n<p class=\"p1\">Hasbro presenta, dentro de la colecci\u00f3n Holocomm Collection The Black Series, la figura de Mae (Assassin). Mide 15 cm y est\u00e1 basada en su aspecto en la serie &#8220;Star Wars: The Acolyte&#8221;<\/p>\n","protected":false},"featured_media":160380,"template":"","meta":{"_acf_changed":false,"_kad_blocks_custom_css":"","_kad_blocks_head_custom_js":"","_kad_blocks_body_custom_js":"","_kad_blocks_footer_custom_js":""},"product_cat":[1384],"product_tag":[],"class_list":{"0":"post-160397","1":"product","2":"type-product","3":"status-publish","4":"has-post-thumbnail","6":"product_cat-pre-orders","7":"pa_brand-hasbro-en","8":"pa_character-mae-assassin-en","9":"pa_episode-star-warsthe-acolyte-en","10":"pa_license-star-wars-en","11":"pa_product-type-figure","12":"pa_theme-the-black-series-holocomm-collection-en","14":"first","15":"instock","16":"taxable","17":"shipping-taxable","18":"purchasable","19":"product-type-simple"},"acf":[],"yoast_head":"<!-- This site is optimized with the Yoast SEO plugin v26.1.1 - https:\/\/yoast.com\/wordpress\/plugins\/seo\/ -->\n<title>Star Wars The Black Series Holocomm Collection Mae (Assassin) - EndormoonStore<\/title>\n<meta name=\"robots\" content=\"index, follow, max-snippet:-1, max-image-preview:large, max-video-preview:-1\" \/>\n<link rel=\"canonical\" href=\"https:\/\/endormoonstore.com\/en\/star-wars-the-black-series-holocomm-collection-mae-assassin\/\" \/>\n<meta property=\"og:locale\" content=\"en_US\" \/>\n<meta property=\"og:type\" content=\"article\" \/>\n<meta property=\"og:title\" content=\"Star Wars The Black Series Holocomm Collection Mae (Assassin) - EndormoonStore\" \/>\n<meta property=\"og:description\" content=\"Star Wars The Black Series Holocomm Collection Mae (Assassin) Hasbro presenta, dentro de la colecci\u00f3n Holocomm Collection The Black Series, la figura de Mae (Assassin). Mide 15 cm y est\u00e1 basada en su aspecto en la serie &quot;Star Wars: The Acolyte&quot;\" \/>\n<meta property=\"og:url\" content=\"https:\/\/endormoonstore.com\/en\/star-wars-the-black-series-holocomm-collection-mae-assassin\/\" \/>\n<meta property=\"og:site_name\" content=\"EndormoonStore\" \/>\n<meta property=\"article:modified_time\" content=\"2024-08-12T19:48:35+00:00\" \/>\n<meta property=\"og:image\" content=\"https:\/\/endormoonstore.com\/wp-content\/uploads\/2024\/07\/Star-Wars-The-Black-Series-Holocomm-Collection-Mae-Assassin-1.jpg\" \/>\n\t<meta property=\"og:image:width\" content=\"1000\" \/>\n\t<meta property=\"og:image:height\" content=\"1000\" \/>\n\t<meta property=\"og:image:type\" content=\"image\/jpeg\" \/>\n<meta name=\"twitter:card\" content=\"summary_large_image\" \/>\n<meta name=\"twitter:label1\" content=\"Est. reading time\" \/>\n\t<meta name=\"twitter:data1\" content=\"1 minute\" \/>\n<script type=\"application\/ld+json\" class=\"yoast-schema-graph\">{\"@context\":\"https:\/\/schema.org\",\"@graph\":[{\"@type\":\"WebPage\",\"@id\":\"https:\/\/endormoonstore.com\/en\/star-wars-the-black-series-holocomm-collection-mae-assassin\/\",\"url\":\"https:\/\/endormoonstore.com\/en\/star-wars-the-black-series-holocomm-collection-mae-assassin\/\",\"name\":\"Star Wars The Black Series Holocomm Collection Mae (Assassin) - EndormoonStore\",\"isPartOf\":{\"@id\":\"https:\/\/endormoonstore.com\/#website\"},\"primaryImageOfPage\":{\"@id\":\"https:\/\/endormoonstore.com\/en\/star-wars-the-black-series-holocomm-collection-mae-assassin\/#primaryimage\"},\"image\":{\"@id\":\"https:\/\/endormoonstore.com\/en\/star-wars-the-black-series-holocomm-collection-mae-assassin\/#primaryimage\"},\"thumbnailUrl\":\"https:\/\/endormoonstore.com\/wp-content\/uploads\/2024\/07\/Star-Wars-The-Black-Series-Holocomm-Collection-Mae-Assassin-1.jpg\",\"datePublished\":\"2024-07-21T23:35:42+00:00\",\"dateModified\":\"2024-08-12T19:48:35+00:00\",\"breadcrumb\":{\"@id\":\"https:\/\/endormoonstore.com\/en\/star-wars-the-black-series-holocomm-collection-mae-assassin\/#breadcrumb\"},\"inLanguage\":\"en-US\",\"potentialAction\":[{\"@type\":\"ReadAction\",\"target\":[\"https:\/\/endormoonstore.com\/en\/star-wars-the-black-series-holocomm-collection-mae-assassin\/\"]}]},{\"@type\":\"ImageObject\",\"inLanguage\":\"en-US\",\"@id\":\"https:\/\/endormoonstore.com\/en\/star-wars-the-black-series-holocomm-collection-mae-assassin\/#primaryimage\",\"url\":\"https:\/\/endormoonstore.com\/wp-content\/uploads\/2024\/07\/Star-Wars-The-Black-Series-Holocomm-Collection-Mae-Assassin-1.jpg\",\"contentUrl\":\"https:\/\/endormoonstore.com\/wp-content\/uploads\/2024\/07\/Star-Wars-The-Black-Series-Holocomm-Collection-Mae-Assassin-1.jpg\",\"width\":1000,\"height\":1000},{\"@type\":\"BreadcrumbList\",\"@id\":\"https:\/\/endormoonstore.com\/en\/star-wars-the-black-series-holocomm-collection-mae-assassin\/#breadcrumb\",\"itemListElement\":[{\"@type\":\"ListItem\",\"position\":1,\"name\":\"Shop\",\"item\":\"https:\/\/endormoonstore.com\/en\/shop\/\"},{\"@type\":\"ListItem\",\"position\":2,\"name\":\"Star Wars The Black Series Holocomm Collection Mae (Assassin)\"}]},{\"@type\":\"WebSite\",\"@id\":\"https:\/\/endormoonstore.com\/#website\",\"url\":\"https:\/\/endormoonstore.com\/\",\"name\":\"EndormoonStore\",\"description\":\"\",\"potentialAction\":[{\"@type\":\"SearchAction\",\"target\":{\"@type\":\"EntryPoint\",\"urlTemplate\":\"https:\/\/endormoonstore.com\/?s={search_term_string}\"},\"query-input\":{\"@type\":\"PropertyValueSpecification\",\"valueRequired\":true,\"valueName\":\"search_term_string\"}}],\"inLanguage\":\"en-US\"}]}<\/script>\n<!-- \/ Yoast SEO plugin. -->","yoast_head_json":{"title":"Star Wars The Black Series Holocomm Collection Mae (Assassin) - EndormoonStore","robots":{"index":"index","follow":"follow","max-snippet":"max-snippet:-1","max-image-preview":"max-image-preview:large","max-video-preview":"max-video-preview:-1"},"canonical":"https:\/\/endormoonstore.com\/en\/star-wars-the-black-series-holocomm-collection-mae-assassin\/","og_locale":"en_US","og_type":"article","og_title":"Star Wars The Black Series Holocomm Collection Mae (Assassin) - EndormoonStore","og_description":"Star Wars The Black Series Holocomm Collection Mae (Assassin) Hasbro presenta, dentro de la colecci\u00f3n Holocomm Collection The Black Series, la figura de Mae (Assassin). Mide 15 cm y est\u00e1 basada en su aspecto en la serie \"Star Wars: The Acolyte\"","og_url":"https:\/\/endormoonstore.com\/en\/star-wars-the-black-series-holocomm-collection-mae-assassin\/","og_site_name":"EndormoonStore","article_modified_time":"2024-08-12T19:48:35+00:00","og_image":[{"width":1000,"height":1000,"url":"https:\/\/endormoonstore.com\/wp-content\/uploads\/2024\/07\/Star-Wars-The-Black-Series-Holocomm-Collection-Mae-Assassin-1.jpg","type":"image\/jpeg"}],"twitter_card":"summary_large_image","twitter_misc":{"Est. reading time":"1 minute"},"schema":{"@context":"https:\/\/schema.org","@graph":[{"@type":"WebPage","@id":"https:\/\/endormoonstore.com\/en\/star-wars-the-black-series-holocomm-collection-mae-assassin\/","url":"https:\/\/endormoonstore.com\/en\/star-wars-the-black-series-holocomm-collection-mae-assassin\/","name":"Star Wars The Black Series Holocomm Collection Mae (Assassin) - EndormoonStore","isPartOf":{"@id":"https:\/\/endormoonstore.com\/#website"},"primaryImageOfPage":{"@id":"https:\/\/endormoonstore.com\/en\/star-wars-the-black-series-holocomm-collection-mae-assassin\/#primaryimage"},"image":{"@id":"https:\/\/endormoonstore.com\/en\/star-wars-the-black-series-holocomm-collection-mae-assassin\/#primaryimage"},"thumbnailUrl":"https:\/\/endormoonstore.com\/wp-content\/uploads\/2024\/07\/Star-Wars-The-Black-Series-Holocomm-Collection-Mae-Assassin-1.jpg","datePublished":"2024-07-21T23:35:42+00:00","dateModified":"2024-08-12T19:48:35+00:00","breadcrumb":{"@id":"https:\/\/endormoonstore.com\/en\/star-wars-the-black-series-holocomm-collection-mae-assassin\/#breadcrumb"},"inLanguage":"en-US","potentialAction":[{"@type":"ReadAction","target":["https:\/\/endormoonstore.com\/en\/star-wars-the-black-series-holocomm-collection-mae-assassin\/"]}]},{"@type":"ImageObject","inLanguage":"en-US","@id":"https:\/\/endormoonstore.com\/en\/star-wars-the-black-series-holocomm-collection-mae-assassin\/#primaryimage","url":"https:\/\/endormoonstore.com\/wp-content\/uploads\/2024\/07\/Star-Wars-The-Black-Series-Holocomm-Collection-Mae-Assassin-1.jpg","contentUrl":"https:\/\/endormoonstore.com\/wp-content\/uploads\/2024\/07\/Star-Wars-The-Black-Series-Holocomm-Collection-Mae-Assassin-1.jpg","width":1000,"height":1000},{"@type":"BreadcrumbList","@id":"https:\/\/endormoonstore.com\/en\/star-wars-the-black-series-holocomm-collection-mae-assassin\/#breadcrumb","itemListElement":[{"@type":"ListItem","position":1,"name":"Shop","item":"https:\/\/endormoonstore.com\/en\/shop\/"},{"@type":"ListItem","position":2,"name":"Star Wars The Black Series Holocomm Collection Mae (Assassin)"}]},{"@type":"WebSite","@id":"https:\/\/endormoonstore.com\/#website","url":"https:\/\/endormoonstore.com\/","name":"EndormoonStore","description":"","potentialAction":[{"@type":"SearchAction","target":{"@type":"EntryPoint","urlTemplate":"https:\/\/endormoonstore.com\/?s={search_term_string}"},"query-input":{"@type":"PropertyValueSpecification","valueRequired":true,"valueName":"search_term_string"}}],"inLanguage":"en-US"}]}},"taxonomy_info":{"product_cat":[{"value":1384,"label":"Pre-orders"}],"pa_brand":[{"value":2084,"label":"Hasbro"}],"pa_character":[{"value":14561,"label":"Mae (Assassin)"}],"pa_episode":[{"value":14479,"label":"Star Wars:The Acolyte"}],"pa_license":[{"value":1644,"label":"Star Wars"}],"pa_product-type":[{"value":2387,"label":"Figure"}],"pa_theme":[{"value":14481,"label":"The Black Series Holocomm Collection"}]},"featured_image_src_large":["https:\/\/endormoonstore.com\/wp-content\/uploads\/2024\/07\/Star-Wars-The-Black-Series-Holocomm-Collection-Mae-Assassin-1.jpg",1000,1000,false],"author_info":[],"comment_info":"","_links":{"self":[{"href":"https:\/\/endormoonstore.com\/en\/wp-json\/wp\/v2\/product\/160397","targetHints":{"allow":["GET"]}}],"collection":[{"href":"https:\/\/endormoonstore.com\/en\/wp-json\/wp\/v2\/product"}],"about":[{"href":"https:\/\/endormoonstore.com\/en\/wp-json\/wp\/v2\/types\/product"}],"wp:featuredmedia":[{"embeddable":true,"href":"https:\/\/endormoonstore.com\/en\/wp-json\/wp\/v2\/media\/160380"}],"wp:attachment":[{"href":"https:\/\/endormoonstore.com\/en\/wp-json\/wp\/v2\/media?parent=160397"}],"wp:term":[{"taxonomy":"product_cat","embeddable":true,"href":"https:\/\/endormoonstore.com\/en\/wp-json\/wp\/v2\/product_cat?post=160397"},{"taxonomy":"product_tag","embeddable":true,"href":"https:\/\/endormoonstore.com\/en\/wp-json\/wp\/v2\/product_tag?post=160397"}],"curies":[{"name":"wp","href":"https:\/\/api.w.org\/{rel}","templated":true}]}}