{"id":160227,"date":"2024-07-22T01:00:52","date_gmt":"2024-07-21T23:00:52","guid":{"rendered":"https:\/\/endormoonstore.com\/toulons-puppet-case-leech-woman-figure-set-puppet-master\/"},"modified":"2024-08-10T20:06:38","modified_gmt":"2024-08-10T18:06:38","slug":"toulons-puppet-case-leech-woman-figure-set-puppet-master","status":"publish","type":"product","link":"https:\/\/endormoonstore.com\/en\/toulons-puppet-case-leech-woman-figure-set-puppet-master\/","title":{"rendered":"Toulon&#8217;s Puppet Case &#038; Leech Woman Figure Set Puppet Master"},"content":{"rendered":"<p><strong>Toulon&#8217;s Puppet Case &amp; Leech Woman Figure Set Puppet Master<\/strong><\/p>\n<ul>\n<li>Neca se enorgullece de presentar el paquete de 2 figuras de Toulon&#8217;s Puppet Case y Leech Woman de la serie de pel\u00edculas de culto Puppet Master.<\/li>\n<li>El Puppet Case cuenta con puertas con bisagras, estantes y paneles intercambiables, adem\u00e1s de un accesorio ornamental en forma de m\u00e1scara y est\u00e1 a escala de otras figuras de Puppert Master ( Se venden por separado)<\/li>\n<li>La mujer sanguijuela mide unos 10 cm de alto incluye dos cabezas extras, dos sanguijuelas, un par de manos, un cuchillo y una masa encef\u00e1lica.<\/li>\n<li>Viene en una caja con ventana.<\/li>\n<li>Nota: Otras figuras mostradas en las fotos se venden por separado.<\/li>\n<\/ul>\n","protected":false},"excerpt":{"rendered":"<p><strong>Toulon&#8217;s Puppet Case &amp; Leech Woman Figure Set Puppet Master<\/strong><\/p>\n<p>Neca se enorgullece de presentar el paquete de 2 figuras de Toulon&#8217;s Puppet Case y Leech Woman de la serie de pel\u00edculas de culto Puppet Master.<\/p>\n","protected":false},"featured_media":160189,"template":"","meta":{"_acf_changed":false,"_kad_blocks_custom_css":"","_kad_blocks_head_custom_js":"","_kad_blocks_body_custom_js":"","_kad_blocks_footer_custom_js":""},"product_cat":[1390],"product_tag":[],"class_list":{"0":"post-160227","1":"product","2":"type-product","3":"status-publish","4":"has-post-thumbnail","6":"product_cat-figures","7":"pa_brand-neca-en","8":"pa_character-toulons-puppet-case-leech-woman-en","9":"pa_license-puppet-master-en","10":"pa_product-type-figure","11":"pa_theme-scale-action-figure-en","13":"first","14":"outofstock","15":"taxable","16":"shipping-taxable","17":"purchasable","18":"product-type-simple"},"acf":[],"yoast_head":"<!-- This site is optimized with the Yoast SEO plugin v26.1.1 - https:\/\/yoast.com\/wordpress\/plugins\/seo\/ -->\n<title>Toulon&#039;s Puppet Case &amp; Leech Woman Figure Set Puppet Master - EndormoonStore<\/title>\n<meta name=\"robots\" content=\"index, follow, max-snippet:-1, max-image-preview:large, max-video-preview:-1\" \/>\n<link rel=\"canonical\" href=\"https:\/\/endormoonstore.com\/en\/toulons-puppet-case-leech-woman-figure-set-puppet-master\/\" \/>\n<meta property=\"og:locale\" content=\"en_US\" \/>\n<meta property=\"og:type\" content=\"article\" \/>\n<meta property=\"og:title\" content=\"Toulon&#039;s Puppet Case &amp; Leech Woman Figure Set Puppet Master - EndormoonStore\" \/>\n<meta property=\"og:description\" content=\"Toulon&#039;s Puppet Case &amp; Leech Woman Figure Set Puppet Master  Neca se enorgullece de presentar el paquete de 2 figuras de Toulon&#039;s Puppet Case y Leech Woman de la serie de pel\u00edculas de culto Puppet Master.\" \/>\n<meta property=\"og:url\" content=\"https:\/\/endormoonstore.com\/en\/toulons-puppet-case-leech-woman-figure-set-puppet-master\/\" \/>\n<meta property=\"og:site_name\" content=\"EndormoonStore\" \/>\n<meta property=\"article:modified_time\" content=\"2024-08-10T18:06:38+00:00\" \/>\n<meta property=\"og:image\" content=\"https:\/\/endormoonstore.com\/wp-content\/uploads\/2024\/08\/Toulons-Puppet-Case-Leech-Woman-Figure-Set-Puppet-Master-1.jpg\" \/>\n\t<meta property=\"og:image:width\" content=\"975\" \/>\n\t<meta property=\"og:image:height\" content=\"1000\" \/>\n\t<meta property=\"og:image:type\" content=\"image\/jpeg\" \/>\n<meta name=\"twitter:card\" content=\"summary_large_image\" \/>\n<meta name=\"twitter:label1\" content=\"Est. reading time\" \/>\n\t<meta name=\"twitter:data1\" content=\"1 minute\" \/>\n<script type=\"application\/ld+json\" class=\"yoast-schema-graph\">{\"@context\":\"https:\/\/schema.org\",\"@graph\":[{\"@type\":\"WebPage\",\"@id\":\"https:\/\/endormoonstore.com\/en\/toulons-puppet-case-leech-woman-figure-set-puppet-master\/\",\"url\":\"https:\/\/endormoonstore.com\/en\/toulons-puppet-case-leech-woman-figure-set-puppet-master\/\",\"name\":\"Toulon's Puppet Case & Leech Woman Figure Set Puppet Master - EndormoonStore\",\"isPartOf\":{\"@id\":\"https:\/\/endormoonstore.com\/#website\"},\"primaryImageOfPage\":{\"@id\":\"https:\/\/endormoonstore.com\/en\/toulons-puppet-case-leech-woman-figure-set-puppet-master\/#primaryimage\"},\"image\":{\"@id\":\"https:\/\/endormoonstore.com\/en\/toulons-puppet-case-leech-woman-figure-set-puppet-master\/#primaryimage\"},\"thumbnailUrl\":\"https:\/\/endormoonstore.com\/wp-content\/uploads\/2024\/08\/Toulons-Puppet-Case-Leech-Woman-Figure-Set-Puppet-Master-1.jpg\",\"datePublished\":\"2024-07-21T23:00:52+00:00\",\"dateModified\":\"2024-08-10T18:06:38+00:00\",\"breadcrumb\":{\"@id\":\"https:\/\/endormoonstore.com\/en\/toulons-puppet-case-leech-woman-figure-set-puppet-master\/#breadcrumb\"},\"inLanguage\":\"en-US\",\"potentialAction\":[{\"@type\":\"ReadAction\",\"target\":[\"https:\/\/endormoonstore.com\/en\/toulons-puppet-case-leech-woman-figure-set-puppet-master\/\"]}]},{\"@type\":\"ImageObject\",\"inLanguage\":\"en-US\",\"@id\":\"https:\/\/endormoonstore.com\/en\/toulons-puppet-case-leech-woman-figure-set-puppet-master\/#primaryimage\",\"url\":\"https:\/\/endormoonstore.com\/wp-content\/uploads\/2024\/08\/Toulons-Puppet-Case-Leech-Woman-Figure-Set-Puppet-Master-1.jpg\",\"contentUrl\":\"https:\/\/endormoonstore.com\/wp-content\/uploads\/2024\/08\/Toulons-Puppet-Case-Leech-Woman-Figure-Set-Puppet-Master-1.jpg\",\"width\":975,\"height\":1000},{\"@type\":\"BreadcrumbList\",\"@id\":\"https:\/\/endormoonstore.com\/en\/toulons-puppet-case-leech-woman-figure-set-puppet-master\/#breadcrumb\",\"itemListElement\":[{\"@type\":\"ListItem\",\"position\":1,\"name\":\"Shop\",\"item\":\"https:\/\/endormoonstore.com\/en\/shop\/\"},{\"@type\":\"ListItem\",\"position\":2,\"name\":\"Toulon&#8217;s Puppet Case &#038; Leech Woman Figure Set Puppet Master\"}]},{\"@type\":\"WebSite\",\"@id\":\"https:\/\/endormoonstore.com\/#website\",\"url\":\"https:\/\/endormoonstore.com\/\",\"name\":\"EndormoonStore\",\"description\":\"\",\"potentialAction\":[{\"@type\":\"SearchAction\",\"target\":{\"@type\":\"EntryPoint\",\"urlTemplate\":\"https:\/\/endormoonstore.com\/?s={search_term_string}\"},\"query-input\":{\"@type\":\"PropertyValueSpecification\",\"valueRequired\":true,\"valueName\":\"search_term_string\"}}],\"inLanguage\":\"en-US\"}]}<\/script>\n<!-- \/ Yoast SEO plugin. -->","yoast_head_json":{"title":"Toulon's Puppet Case & Leech Woman Figure Set Puppet Master - EndormoonStore","robots":{"index":"index","follow":"follow","max-snippet":"max-snippet:-1","max-image-preview":"max-image-preview:large","max-video-preview":"max-video-preview:-1"},"canonical":"https:\/\/endormoonstore.com\/en\/toulons-puppet-case-leech-woman-figure-set-puppet-master\/","og_locale":"en_US","og_type":"article","og_title":"Toulon's Puppet Case & Leech Woman Figure Set Puppet Master - EndormoonStore","og_description":"Toulon's Puppet Case &amp; Leech Woman Figure Set Puppet Master  Neca se enorgullece de presentar el paquete de 2 figuras de Toulon's Puppet Case y Leech Woman de la serie de pel\u00edculas de culto Puppet Master.","og_url":"https:\/\/endormoonstore.com\/en\/toulons-puppet-case-leech-woman-figure-set-puppet-master\/","og_site_name":"EndormoonStore","article_modified_time":"2024-08-10T18:06:38+00:00","og_image":[{"width":975,"height":1000,"url":"https:\/\/endormoonstore.com\/wp-content\/uploads\/2024\/08\/Toulons-Puppet-Case-Leech-Woman-Figure-Set-Puppet-Master-1.jpg","type":"image\/jpeg"}],"twitter_card":"summary_large_image","twitter_misc":{"Est. reading time":"1 minute"},"schema":{"@context":"https:\/\/schema.org","@graph":[{"@type":"WebPage","@id":"https:\/\/endormoonstore.com\/en\/toulons-puppet-case-leech-woman-figure-set-puppet-master\/","url":"https:\/\/endormoonstore.com\/en\/toulons-puppet-case-leech-woman-figure-set-puppet-master\/","name":"Toulon's Puppet Case & Leech Woman Figure Set Puppet Master - EndormoonStore","isPartOf":{"@id":"https:\/\/endormoonstore.com\/#website"},"primaryImageOfPage":{"@id":"https:\/\/endormoonstore.com\/en\/toulons-puppet-case-leech-woman-figure-set-puppet-master\/#primaryimage"},"image":{"@id":"https:\/\/endormoonstore.com\/en\/toulons-puppet-case-leech-woman-figure-set-puppet-master\/#primaryimage"},"thumbnailUrl":"https:\/\/endormoonstore.com\/wp-content\/uploads\/2024\/08\/Toulons-Puppet-Case-Leech-Woman-Figure-Set-Puppet-Master-1.jpg","datePublished":"2024-07-21T23:00:52+00:00","dateModified":"2024-08-10T18:06:38+00:00","breadcrumb":{"@id":"https:\/\/endormoonstore.com\/en\/toulons-puppet-case-leech-woman-figure-set-puppet-master\/#breadcrumb"},"inLanguage":"en-US","potentialAction":[{"@type":"ReadAction","target":["https:\/\/endormoonstore.com\/en\/toulons-puppet-case-leech-woman-figure-set-puppet-master\/"]}]},{"@type":"ImageObject","inLanguage":"en-US","@id":"https:\/\/endormoonstore.com\/en\/toulons-puppet-case-leech-woman-figure-set-puppet-master\/#primaryimage","url":"https:\/\/endormoonstore.com\/wp-content\/uploads\/2024\/08\/Toulons-Puppet-Case-Leech-Woman-Figure-Set-Puppet-Master-1.jpg","contentUrl":"https:\/\/endormoonstore.com\/wp-content\/uploads\/2024\/08\/Toulons-Puppet-Case-Leech-Woman-Figure-Set-Puppet-Master-1.jpg","width":975,"height":1000},{"@type":"BreadcrumbList","@id":"https:\/\/endormoonstore.com\/en\/toulons-puppet-case-leech-woman-figure-set-puppet-master\/#breadcrumb","itemListElement":[{"@type":"ListItem","position":1,"name":"Shop","item":"https:\/\/endormoonstore.com\/en\/shop\/"},{"@type":"ListItem","position":2,"name":"Toulon&#8217;s Puppet Case &#038; Leech Woman Figure Set Puppet Master"}]},{"@type":"WebSite","@id":"https:\/\/endormoonstore.com\/#website","url":"https:\/\/endormoonstore.com\/","name":"EndormoonStore","description":"","potentialAction":[{"@type":"SearchAction","target":{"@type":"EntryPoint","urlTemplate":"https:\/\/endormoonstore.com\/?s={search_term_string}"},"query-input":{"@type":"PropertyValueSpecification","valueRequired":true,"valueName":"search_term_string"}}],"inLanguage":"en-US"}]}},"taxonomy_info":{"product_cat":[{"value":1390,"label":"Figures"}],"pa_brand":[{"value":2090,"label":"Neca"}],"pa_character":[{"value":14553,"label":"Toulon's Puppet Case &amp; Leech Woman"}],"pa_license":[{"value":14555,"label":"Puppet Master"}],"pa_product-type":[{"value":2387,"label":"Figure"}],"pa_theme":[{"value":2864,"label":"Scale Action Figure"}]},"featured_image_src_large":["https:\/\/endormoonstore.com\/wp-content\/uploads\/2024\/08\/Toulons-Puppet-Case-Leech-Woman-Figure-Set-Puppet-Master-1.jpg",975,1000,false],"author_info":[],"comment_info":"","_links":{"self":[{"href":"https:\/\/endormoonstore.com\/en\/wp-json\/wp\/v2\/product\/160227","targetHints":{"allow":["GET"]}}],"collection":[{"href":"https:\/\/endormoonstore.com\/en\/wp-json\/wp\/v2\/product"}],"about":[{"href":"https:\/\/endormoonstore.com\/en\/wp-json\/wp\/v2\/types\/product"}],"wp:featuredmedia":[{"embeddable":true,"href":"https:\/\/endormoonstore.com\/en\/wp-json\/wp\/v2\/media\/160189"}],"wp:attachment":[{"href":"https:\/\/endormoonstore.com\/en\/wp-json\/wp\/v2\/media?parent=160227"}],"wp:term":[{"taxonomy":"product_cat","embeddable":true,"href":"https:\/\/endormoonstore.com\/en\/wp-json\/wp\/v2\/product_cat?post=160227"},{"taxonomy":"product_tag","embeddable":true,"href":"https:\/\/endormoonstore.com\/en\/wp-json\/wp\/v2\/product_tag?post=160227"}],"curies":[{"name":"wp","href":"https:\/\/api.w.org\/{rel}","templated":true}]}}