{"id":160132,"date":"2024-07-22T00:45:03","date_gmt":"2024-07-21T22:45:03","guid":{"rendered":"https:\/\/endormoonstore.com\/bussines-suit-casey-jones-split-foot-soldier-teenage-mutant-ninja-turtles-cartoon\/"},"modified":"2024-08-09T22:02:23","modified_gmt":"2024-08-09T20:02:23","slug":"bussines-suit-casey-jones-split-foot-soldier-teenage-mutant-ninja-turtles-cartoon","status":"publish","type":"product","link":"https:\/\/endormoonstore.com\/en\/bussines-suit-casey-jones-split-foot-soldier-teenage-mutant-ninja-turtles-cartoon\/","title":{"rendered":"Bussines Suit Casey Jones &#038; Split Foot Soldier Teenage Mutant Ninja Turtles Cartoon"},"content":{"rendered":"<p><strong>Bussines Suit Casey Jones &amp; Split Foot Soldier Teenage Mutant Ninja Turtles Cartoon<\/strong><\/p>\n<ul>\n<li>Lo pediste y te escuchamos&#8230; \u00a1Casey Jones con su traje de negocios de Octopus Inc. ya est\u00e1 aqu\u00ed! Esta nueva escultura de Casey Jones es compatible con nuestra figura original de Casey Jones. Viene en un paquete de 2 figuras de acci\u00f3n \u00e9picas con el tan esperado Foot Soldier partido por la mitad.<\/li>\n<li>Estas figuras de acci\u00f3n tienen unos 18 cm de alto y est\u00e1n listas para unirse a tu colecci\u00f3n hoy.<\/li>\n<li>Contiene para Casey Jones una cabeza extra, un par de manos, un par de brazos extra, una bolsa, una caja con papeles, dos bates, un martillo, un palo de hockey y un palo de criquet. Y para Split Foot Soldier incluye dos armas y tres pares de manos<\/li>\n<li>Viene en un empaque con ventana ideal para coleccionistas.<\/li>\n<li>Nota: Otras figuras mostradas en las fotos se venden por separado.<\/li>\n<\/ul>\n","protected":false},"excerpt":{"rendered":"<p><strong>Bussines Suit Casey Jones &amp; Split Foot Soldier Teenage Mutant Ninja Turtles Cartoon<\/strong><\/p>\n<p>Lo pediste y te escuchamos&#8230; \u00a1Casey Jones con su traje de negocios de Octopus Inc. ya est\u00e1 aqu\u00ed! Esta nueva escultura de Casey Jones es compatible con nuestra figura original de Casey Jones. Viene en un paquete de 2 figuras de acci\u00f3n \u00e9picas con el tan esperado Foot Soldier partido por la mitad.<\/p>\n","protected":false},"featured_media":160104,"template":"","meta":{"_acf_changed":false,"_kad_blocks_custom_css":"","_kad_blocks_head_custom_js":"","_kad_blocks_body_custom_js":"","_kad_blocks_footer_custom_js":""},"product_cat":[1384],"product_tag":[],"class_list":{"0":"post-160132","1":"product","2":"type-product","3":"status-publish","4":"has-post-thumbnail","6":"product_cat-pre-orders","7":"pa_brand-neca-en","8":"pa_character-casey-jones-en","9":"pa_character-foot-soldier-en","10":"pa_license-teenage-mutant-ninja-turtles","11":"pa_product-type-figure","12":"pa_theme-scale-action-figure-en","14":"first","15":"instock","16":"taxable","17":"shipping-taxable","18":"purchasable","19":"product-type-simple"},"acf":[],"yoast_head":"<!-- This site is optimized with the Yoast SEO plugin v26.1.1 - https:\/\/yoast.com\/wordpress\/plugins\/seo\/ -->\n<title>Bussines Suit Casey Jones &amp; Split Foot Soldier Teenage Mutant Ninja Turtles Cartoon - EndormoonStore<\/title>\n<meta name=\"robots\" content=\"index, follow, max-snippet:-1, max-image-preview:large, max-video-preview:-1\" \/>\n<link rel=\"canonical\" href=\"https:\/\/endormoonstore.com\/en\/bussines-suit-casey-jones-split-foot-soldier-teenage-mutant-ninja-turtles-cartoon\/\" \/>\n<meta property=\"og:locale\" content=\"en_US\" \/>\n<meta property=\"og:type\" content=\"article\" \/>\n<meta property=\"og:title\" content=\"Bussines Suit Casey Jones &amp; Split Foot Soldier Teenage Mutant Ninja Turtles Cartoon - EndormoonStore\" \/>\n<meta property=\"og:description\" content=\"Bussines Suit Casey Jones &amp; Split Foot Soldier Teenage Mutant Ninja Turtles Cartoon  Lo pediste y te escuchamos... \u00a1Casey Jones con su traje de negocios de Octopus Inc. ya est\u00e1 aqu\u00ed! Esta nueva escultura de Casey Jones es compatible con nuestra figura original de Casey Jones. Viene en un paquete de 2 figuras de acci\u00f3n \u00e9picas con el tan esperado Foot Soldier partido por la mitad.\" \/>\n<meta property=\"og:url\" content=\"https:\/\/endormoonstore.com\/en\/bussines-suit-casey-jones-split-foot-soldier-teenage-mutant-ninja-turtles-cartoon\/\" \/>\n<meta property=\"og:site_name\" content=\"EndormoonStore\" \/>\n<meta property=\"article:modified_time\" content=\"2024-08-09T20:02:23+00:00\" \/>\n<meta property=\"og:image\" content=\"https:\/\/endormoonstore.com\/wp-content\/uploads\/2024\/07\/Bussines-Suit-Casey-Jones-Split-Foot-Soldier-Teenage-Mutant-Ninja-Turtles-Cartoon-1.jpg\" \/>\n\t<meta property=\"og:image:width\" content=\"1200\" \/>\n\t<meta property=\"og:image:height\" content=\"1200\" \/>\n\t<meta property=\"og:image:type\" content=\"image\/jpeg\" \/>\n<meta name=\"twitter:card\" content=\"summary_large_image\" \/>\n<meta name=\"twitter:label1\" content=\"Est. reading time\" \/>\n\t<meta name=\"twitter:data1\" content=\"1 minute\" \/>\n<script type=\"application\/ld+json\" class=\"yoast-schema-graph\">{\"@context\":\"https:\/\/schema.org\",\"@graph\":[{\"@type\":\"WebPage\",\"@id\":\"https:\/\/endormoonstore.com\/en\/bussines-suit-casey-jones-split-foot-soldier-teenage-mutant-ninja-turtles-cartoon\/\",\"url\":\"https:\/\/endormoonstore.com\/en\/bussines-suit-casey-jones-split-foot-soldier-teenage-mutant-ninja-turtles-cartoon\/\",\"name\":\"Bussines Suit Casey Jones & Split Foot Soldier Teenage Mutant Ninja Turtles Cartoon - EndormoonStore\",\"isPartOf\":{\"@id\":\"https:\/\/endormoonstore.com\/#website\"},\"primaryImageOfPage\":{\"@id\":\"https:\/\/endormoonstore.com\/en\/bussines-suit-casey-jones-split-foot-soldier-teenage-mutant-ninja-turtles-cartoon\/#primaryimage\"},\"image\":{\"@id\":\"https:\/\/endormoonstore.com\/en\/bussines-suit-casey-jones-split-foot-soldier-teenage-mutant-ninja-turtles-cartoon\/#primaryimage\"},\"thumbnailUrl\":\"https:\/\/endormoonstore.com\/wp-content\/uploads\/2024\/07\/Bussines-Suit-Casey-Jones-Split-Foot-Soldier-Teenage-Mutant-Ninja-Turtles-Cartoon-1.jpg\",\"datePublished\":\"2024-07-21T22:45:03+00:00\",\"dateModified\":\"2024-08-09T20:02:23+00:00\",\"breadcrumb\":{\"@id\":\"https:\/\/endormoonstore.com\/en\/bussines-suit-casey-jones-split-foot-soldier-teenage-mutant-ninja-turtles-cartoon\/#breadcrumb\"},\"inLanguage\":\"en-US\",\"potentialAction\":[{\"@type\":\"ReadAction\",\"target\":[\"https:\/\/endormoonstore.com\/en\/bussines-suit-casey-jones-split-foot-soldier-teenage-mutant-ninja-turtles-cartoon\/\"]}]},{\"@type\":\"ImageObject\",\"inLanguage\":\"en-US\",\"@id\":\"https:\/\/endormoonstore.com\/en\/bussines-suit-casey-jones-split-foot-soldier-teenage-mutant-ninja-turtles-cartoon\/#primaryimage\",\"url\":\"https:\/\/endormoonstore.com\/wp-content\/uploads\/2024\/07\/Bussines-Suit-Casey-Jones-Split-Foot-Soldier-Teenage-Mutant-Ninja-Turtles-Cartoon-1.jpg\",\"contentUrl\":\"https:\/\/endormoonstore.com\/wp-content\/uploads\/2024\/07\/Bussines-Suit-Casey-Jones-Split-Foot-Soldier-Teenage-Mutant-Ninja-Turtles-Cartoon-1.jpg\",\"width\":1200,\"height\":1200},{\"@type\":\"BreadcrumbList\",\"@id\":\"https:\/\/endormoonstore.com\/en\/bussines-suit-casey-jones-split-foot-soldier-teenage-mutant-ninja-turtles-cartoon\/#breadcrumb\",\"itemListElement\":[{\"@type\":\"ListItem\",\"position\":1,\"name\":\"Shop\",\"item\":\"https:\/\/endormoonstore.com\/en\/shop\/\"},{\"@type\":\"ListItem\",\"position\":2,\"name\":\"Bussines Suit Casey Jones &#038; Split Foot Soldier Teenage Mutant Ninja Turtles Cartoon\"}]},{\"@type\":\"WebSite\",\"@id\":\"https:\/\/endormoonstore.com\/#website\",\"url\":\"https:\/\/endormoonstore.com\/\",\"name\":\"EndormoonStore\",\"description\":\"\",\"potentialAction\":[{\"@type\":\"SearchAction\",\"target\":{\"@type\":\"EntryPoint\",\"urlTemplate\":\"https:\/\/endormoonstore.com\/?s={search_term_string}\"},\"query-input\":{\"@type\":\"PropertyValueSpecification\",\"valueRequired\":true,\"valueName\":\"search_term_string\"}}],\"inLanguage\":\"en-US\"}]}<\/script>\n<!-- \/ Yoast SEO plugin. -->","yoast_head_json":{"title":"Bussines Suit Casey Jones & Split Foot Soldier Teenage Mutant Ninja Turtles Cartoon - EndormoonStore","robots":{"index":"index","follow":"follow","max-snippet":"max-snippet:-1","max-image-preview":"max-image-preview:large","max-video-preview":"max-video-preview:-1"},"canonical":"https:\/\/endormoonstore.com\/en\/bussines-suit-casey-jones-split-foot-soldier-teenage-mutant-ninja-turtles-cartoon\/","og_locale":"en_US","og_type":"article","og_title":"Bussines Suit Casey Jones & Split Foot Soldier Teenage Mutant Ninja Turtles Cartoon - EndormoonStore","og_description":"Bussines Suit Casey Jones &amp; Split Foot Soldier Teenage Mutant Ninja Turtles Cartoon  Lo pediste y te escuchamos... \u00a1Casey Jones con su traje de negocios de Octopus Inc. ya est\u00e1 aqu\u00ed! Esta nueva escultura de Casey Jones es compatible con nuestra figura original de Casey Jones. Viene en un paquete de 2 figuras de acci\u00f3n \u00e9picas con el tan esperado Foot Soldier partido por la mitad.","og_url":"https:\/\/endormoonstore.com\/en\/bussines-suit-casey-jones-split-foot-soldier-teenage-mutant-ninja-turtles-cartoon\/","og_site_name":"EndormoonStore","article_modified_time":"2024-08-09T20:02:23+00:00","og_image":[{"width":1200,"height":1200,"url":"https:\/\/endormoonstore.com\/wp-content\/uploads\/2024\/07\/Bussines-Suit-Casey-Jones-Split-Foot-Soldier-Teenage-Mutant-Ninja-Turtles-Cartoon-1.jpg","type":"image\/jpeg"}],"twitter_card":"summary_large_image","twitter_misc":{"Est. reading time":"1 minute"},"schema":{"@context":"https:\/\/schema.org","@graph":[{"@type":"WebPage","@id":"https:\/\/endormoonstore.com\/en\/bussines-suit-casey-jones-split-foot-soldier-teenage-mutant-ninja-turtles-cartoon\/","url":"https:\/\/endormoonstore.com\/en\/bussines-suit-casey-jones-split-foot-soldier-teenage-mutant-ninja-turtles-cartoon\/","name":"Bussines Suit Casey Jones & Split Foot Soldier Teenage Mutant Ninja Turtles Cartoon - EndormoonStore","isPartOf":{"@id":"https:\/\/endormoonstore.com\/#website"},"primaryImageOfPage":{"@id":"https:\/\/endormoonstore.com\/en\/bussines-suit-casey-jones-split-foot-soldier-teenage-mutant-ninja-turtles-cartoon\/#primaryimage"},"image":{"@id":"https:\/\/endormoonstore.com\/en\/bussines-suit-casey-jones-split-foot-soldier-teenage-mutant-ninja-turtles-cartoon\/#primaryimage"},"thumbnailUrl":"https:\/\/endormoonstore.com\/wp-content\/uploads\/2024\/07\/Bussines-Suit-Casey-Jones-Split-Foot-Soldier-Teenage-Mutant-Ninja-Turtles-Cartoon-1.jpg","datePublished":"2024-07-21T22:45:03+00:00","dateModified":"2024-08-09T20:02:23+00:00","breadcrumb":{"@id":"https:\/\/endormoonstore.com\/en\/bussines-suit-casey-jones-split-foot-soldier-teenage-mutant-ninja-turtles-cartoon\/#breadcrumb"},"inLanguage":"en-US","potentialAction":[{"@type":"ReadAction","target":["https:\/\/endormoonstore.com\/en\/bussines-suit-casey-jones-split-foot-soldier-teenage-mutant-ninja-turtles-cartoon\/"]}]},{"@type":"ImageObject","inLanguage":"en-US","@id":"https:\/\/endormoonstore.com\/en\/bussines-suit-casey-jones-split-foot-soldier-teenage-mutant-ninja-turtles-cartoon\/#primaryimage","url":"https:\/\/endormoonstore.com\/wp-content\/uploads\/2024\/07\/Bussines-Suit-Casey-Jones-Split-Foot-Soldier-Teenage-Mutant-Ninja-Turtles-Cartoon-1.jpg","contentUrl":"https:\/\/endormoonstore.com\/wp-content\/uploads\/2024\/07\/Bussines-Suit-Casey-Jones-Split-Foot-Soldier-Teenage-Mutant-Ninja-Turtles-Cartoon-1.jpg","width":1200,"height":1200},{"@type":"BreadcrumbList","@id":"https:\/\/endormoonstore.com\/en\/bussines-suit-casey-jones-split-foot-soldier-teenage-mutant-ninja-turtles-cartoon\/#breadcrumb","itemListElement":[{"@type":"ListItem","position":1,"name":"Shop","item":"https:\/\/endormoonstore.com\/en\/shop\/"},{"@type":"ListItem","position":2,"name":"Bussines Suit Casey Jones &#038; Split Foot Soldier Teenage Mutant Ninja Turtles Cartoon"}]},{"@type":"WebSite","@id":"https:\/\/endormoonstore.com\/#website","url":"https:\/\/endormoonstore.com\/","name":"EndormoonStore","description":"","potentialAction":[{"@type":"SearchAction","target":{"@type":"EntryPoint","urlTemplate":"https:\/\/endormoonstore.com\/?s={search_term_string}"},"query-input":{"@type":"PropertyValueSpecification","valueRequired":true,"valueName":"search_term_string"}}],"inLanguage":"en-US"}]}},"taxonomy_info":{"product_cat":[{"value":1384,"label":"Pre-orders"}],"pa_brand":[{"value":2090,"label":"Neca"}],"pa_character":[{"value":10369,"label":"Casey Jones"},{"value":3380,"label":"Foot Soldier"}],"pa_license":[{"value":2035,"label":"Teenage Mutant Ninja Turtles"}],"pa_product-type":[{"value":2387,"label":"Figure"}],"pa_theme":[{"value":2864,"label":"Scale Action Figure"}]},"featured_image_src_large":["https:\/\/endormoonstore.com\/wp-content\/uploads\/2024\/07\/Bussines-Suit-Casey-Jones-Split-Foot-Soldier-Teenage-Mutant-Ninja-Turtles-Cartoon-1.jpg",1200,1200,false],"author_info":[],"comment_info":"","_links":{"self":[{"href":"https:\/\/endormoonstore.com\/en\/wp-json\/wp\/v2\/product\/160132","targetHints":{"allow":["GET"]}}],"collection":[{"href":"https:\/\/endormoonstore.com\/en\/wp-json\/wp\/v2\/product"}],"about":[{"href":"https:\/\/endormoonstore.com\/en\/wp-json\/wp\/v2\/types\/product"}],"wp:featuredmedia":[{"embeddable":true,"href":"https:\/\/endormoonstore.com\/en\/wp-json\/wp\/v2\/media\/160104"}],"wp:attachment":[{"href":"https:\/\/endormoonstore.com\/en\/wp-json\/wp\/v2\/media?parent=160132"}],"wp:term":[{"taxonomy":"product_cat","embeddable":true,"href":"https:\/\/endormoonstore.com\/en\/wp-json\/wp\/v2\/product_cat?post=160132"},{"taxonomy":"product_tag","embeddable":true,"href":"https:\/\/endormoonstore.com\/en\/wp-json\/wp\/v2\/product_tag?post=160132"}],"curies":[{"name":"wp","href":"https:\/\/api.w.org\/{rel}","templated":true}]}}