{"id":160101,"date":"2024-07-22T00:40:39","date_gmt":"2024-07-21T22:40:39","guid":{"rendered":"https:\/\/endormoonstore.com\/foot-ninja-classic-colors-teenage-mutant-ninja-turtles-cartoon-mirage-comics\/"},"modified":"2024-08-09T23:07:35","modified_gmt":"2024-08-09T21:07:35","slug":"foot-ninja-classic-colors-teenage-mutant-ninja-turtles-cartoon-mirage-comics","status":"publish","type":"product","link":"https:\/\/endormoonstore.com\/en\/foot-ninja-classic-colors-teenage-mutant-ninja-turtles-cartoon-mirage-comics\/","title":{"rendered":"Foot Ninja Classic Colors Teenage Mutant Ninja Turtles Cartoon Mirage Comics"},"content":{"rendered":"<p><strong>Foot Ninja Classic Colors Teenage Mutant Ninja Turtles Cartoon Mirage Comics<\/strong><\/p>\n<ul>\n<li>Por fin, el cl\u00e1sico Ninja del Clan del Pie vuelve a las estanter\u00edas de las tiendas. Basado en los c\u00f3mics originales de Eastman &amp; Laird Teenage Mutant Ninja Turtles de Mirage Studios, este Ninja del Clan del Pie sin rostro est\u00e1 listo para cumplir las \u00f3rdenes del siniestro Shredder, l\u00edder de su clan.<\/li>\n<li>Este ninja letal mide aproximadamente 18 cm de alto y presenta una decoraci\u00f3n cl\u00e1sica de pintura de color.<\/li>\n<li>Los accesorios incluyen una cabeza extra, una t\u00fanica alternativas para hacer una segunda figura, una mascara extra, nueve manos, un arco, dos fundas para las flechas, cuatro flechas, 5 estrellas ninja y 9 armas m\u00e1s.<\/li>\n<li>Viene en un empaque especial con ventana con tem\u00e1tica de c\u00f3mic que presenta un arte completamente nuevo de Kevin Eastman.<\/li>\n<\/ul>\n","protected":false},"excerpt":{"rendered":"<p><strong>Foot Ninja Classic Colors Teenage Mutant Ninja Turtles Cartoon Mirage Comics<\/strong><\/p>\n<p>Por fin, el cl\u00e1sico Ninja del Clan del Pie vuelve a las estanter\u00edas de las tiendas. Basado en los c\u00f3mics originales de Eastman &amp; Laird Teenage Mutant Ninja Turtles de Mirage Studios, este Ninja del Clan del Pie sin rostro est\u00e1 listo para cumplir las \u00f3rdenes del siniestro Shredder, l\u00edder de su clan.<\/p>\n","protected":false},"featured_media":160077,"template":"","meta":{"_acf_changed":false,"_kad_blocks_custom_css":"","_kad_blocks_head_custom_js":"","_kad_blocks_body_custom_js":"","_kad_blocks_footer_custom_js":""},"product_cat":[1384],"product_tag":[],"class_list":{"0":"post-160101","1":"product","2":"type-product","3":"status-publish","4":"has-post-thumbnail","6":"product_cat-pre-orders","7":"pa_brand-neca-en","8":"pa_character-foot-ninja-en","9":"pa_license-teenage-mutant-ninja-turtles","10":"pa_product-type-figure","11":"pa_theme-scale-action-figure-en","13":"first","14":"instock","15":"taxable","16":"shipping-taxable","17":"purchasable","18":"product-type-simple"},"acf":[],"yoast_head":"<!-- This site is optimized with the Yoast SEO plugin v26.1.1 - https:\/\/yoast.com\/wordpress\/plugins\/seo\/ -->\n<title>Foot Ninja Classic Colors Teenage Mutant Ninja Turtles Cartoon Mirage Comics - EndormoonStore<\/title>\n<meta name=\"robots\" content=\"index, follow, max-snippet:-1, max-image-preview:large, max-video-preview:-1\" \/>\n<link rel=\"canonical\" href=\"https:\/\/endormoonstore.com\/foot-ninja-classic-colors-teenage-mutant-ninja-turtles-cartoon-mirage-comics\/\" \/>\n<meta property=\"og:locale\" content=\"en_US\" \/>\n<meta property=\"og:type\" content=\"article\" \/>\n<meta property=\"og:title\" content=\"Foot Ninja Classic Colors Teenage Mutant Ninja Turtles Cartoon Mirage Comics - EndormoonStore\" \/>\n<meta property=\"og:description\" content=\"Foot Ninja Classic Colors Teenage Mutant Ninja Turtles Cartoon Mirage Comics  Por fin, el cl\u00e1sico Ninja del Clan del Pie vuelve a las estanter\u00edas de las tiendas. Basado en los c\u00f3mics originales de Eastman &amp; Laird Teenage Mutant Ninja Turtles de Mirage Studios, este Ninja del Clan del Pie sin rostro est\u00e1 listo para cumplir las \u00f3rdenes del siniestro Shredder, l\u00edder de su clan.\" \/>\n<meta property=\"og:url\" content=\"https:\/\/endormoonstore.com\/foot-ninja-classic-colors-teenage-mutant-ninja-turtles-cartoon-mirage-comics\/\" \/>\n<meta property=\"og:site_name\" content=\"EndormoonStore\" \/>\n<meta property=\"article:modified_time\" content=\"2024-08-09T21:07:35+00:00\" \/>\n<meta property=\"og:image\" content=\"https:\/\/endormoonstore.com\/wp-content\/uploads\/2024\/07\/Foot-Ninja-Classic-Colors-Teenage-Mutant-Ninja-Turtles-Cartoon-Mirage-Comics-1.jpg\" \/>\n\t<meta property=\"og:image:width\" content=\"1000\" \/>\n\t<meta property=\"og:image:height\" content=\"1000\" \/>\n\t<meta property=\"og:image:type\" content=\"image\/jpeg\" \/>\n<meta name=\"twitter:card\" content=\"summary_large_image\" \/>\n<meta name=\"twitter:label1\" content=\"Est. reading time\" \/>\n\t<meta name=\"twitter:data1\" content=\"1 minute\" \/>\n<script type=\"application\/ld+json\" class=\"yoast-schema-graph\">{\"@context\":\"https:\/\/schema.org\",\"@graph\":[{\"@type\":\"WebPage\",\"@id\":\"https:\/\/endormoonstore.com\/foot-ninja-classic-colors-teenage-mutant-ninja-turtles-cartoon-mirage-comics\/\",\"url\":\"https:\/\/endormoonstore.com\/foot-ninja-classic-colors-teenage-mutant-ninja-turtles-cartoon-mirage-comics\/\",\"name\":\"Foot Ninja Classic Colors Teenage Mutant Ninja Turtles Cartoon Mirage Comics - EndormoonStore\",\"isPartOf\":{\"@id\":\"https:\/\/endormoonstore.com\/#website\"},\"primaryImageOfPage\":{\"@id\":\"https:\/\/endormoonstore.com\/foot-ninja-classic-colors-teenage-mutant-ninja-turtles-cartoon-mirage-comics\/#primaryimage\"},\"image\":{\"@id\":\"https:\/\/endormoonstore.com\/foot-ninja-classic-colors-teenage-mutant-ninja-turtles-cartoon-mirage-comics\/#primaryimage\"},\"thumbnailUrl\":\"https:\/\/endormoonstore.com\/wp-content\/uploads\/2024\/07\/Foot-Ninja-Classic-Colors-Teenage-Mutant-Ninja-Turtles-Cartoon-Mirage-Comics-1.jpg\",\"datePublished\":\"2024-07-21T22:40:39+00:00\",\"dateModified\":\"2024-08-09T21:07:35+00:00\",\"breadcrumb\":{\"@id\":\"https:\/\/endormoonstore.com\/foot-ninja-classic-colors-teenage-mutant-ninja-turtles-cartoon-mirage-comics\/#breadcrumb\"},\"inLanguage\":\"en-US\",\"potentialAction\":[{\"@type\":\"ReadAction\",\"target\":[\"https:\/\/endormoonstore.com\/foot-ninja-classic-colors-teenage-mutant-ninja-turtles-cartoon-mirage-comics\/\"]}]},{\"@type\":\"ImageObject\",\"inLanguage\":\"en-US\",\"@id\":\"https:\/\/endormoonstore.com\/foot-ninja-classic-colors-teenage-mutant-ninja-turtles-cartoon-mirage-comics\/#primaryimage\",\"url\":\"https:\/\/endormoonstore.com\/wp-content\/uploads\/2024\/07\/Foot-Ninja-Classic-Colors-Teenage-Mutant-Ninja-Turtles-Cartoon-Mirage-Comics-1.jpg\",\"contentUrl\":\"https:\/\/endormoonstore.com\/wp-content\/uploads\/2024\/07\/Foot-Ninja-Classic-Colors-Teenage-Mutant-Ninja-Turtles-Cartoon-Mirage-Comics-1.jpg\",\"width\":1000,\"height\":1000},{\"@type\":\"BreadcrumbList\",\"@id\":\"https:\/\/endormoonstore.com\/foot-ninja-classic-colors-teenage-mutant-ninja-turtles-cartoon-mirage-comics\/#breadcrumb\",\"itemListElement\":[{\"@type\":\"ListItem\",\"position\":1,\"name\":\"Shop\",\"item\":\"https:\/\/endormoonstore.com\/en\/shop\/\"},{\"@type\":\"ListItem\",\"position\":2,\"name\":\"Foot Ninja Classic Colors Teenage Mutant Ninja Turtles Cartoon Mirage Comics\"}]},{\"@type\":\"WebSite\",\"@id\":\"https:\/\/endormoonstore.com\/#website\",\"url\":\"https:\/\/endormoonstore.com\/\",\"name\":\"EndormoonStore\",\"description\":\"\",\"potentialAction\":[{\"@type\":\"SearchAction\",\"target\":{\"@type\":\"EntryPoint\",\"urlTemplate\":\"https:\/\/endormoonstore.com\/?s={search_term_string}\"},\"query-input\":{\"@type\":\"PropertyValueSpecification\",\"valueRequired\":true,\"valueName\":\"search_term_string\"}}],\"inLanguage\":\"en-US\"}]}<\/script>\n<!-- \/ Yoast SEO plugin. -->","yoast_head_json":{"title":"Foot Ninja Classic Colors Teenage Mutant Ninja Turtles Cartoon Mirage Comics - EndormoonStore","robots":{"index":"index","follow":"follow","max-snippet":"max-snippet:-1","max-image-preview":"max-image-preview:large","max-video-preview":"max-video-preview:-1"},"canonical":"https:\/\/endormoonstore.com\/foot-ninja-classic-colors-teenage-mutant-ninja-turtles-cartoon-mirage-comics\/","og_locale":"en_US","og_type":"article","og_title":"Foot Ninja Classic Colors Teenage Mutant Ninja Turtles Cartoon Mirage Comics - EndormoonStore","og_description":"Foot Ninja Classic Colors Teenage Mutant Ninja Turtles Cartoon Mirage Comics  Por fin, el cl\u00e1sico Ninja del Clan del Pie vuelve a las estanter\u00edas de las tiendas. Basado en los c\u00f3mics originales de Eastman &amp; Laird Teenage Mutant Ninja Turtles de Mirage Studios, este Ninja del Clan del Pie sin rostro est\u00e1 listo para cumplir las \u00f3rdenes del siniestro Shredder, l\u00edder de su clan.","og_url":"https:\/\/endormoonstore.com\/foot-ninja-classic-colors-teenage-mutant-ninja-turtles-cartoon-mirage-comics\/","og_site_name":"EndormoonStore","article_modified_time":"2024-08-09T21:07:35+00:00","og_image":[{"width":1000,"height":1000,"url":"https:\/\/endormoonstore.com\/wp-content\/uploads\/2024\/07\/Foot-Ninja-Classic-Colors-Teenage-Mutant-Ninja-Turtles-Cartoon-Mirage-Comics-1.jpg","type":"image\/jpeg"}],"twitter_card":"summary_large_image","twitter_misc":{"Est. reading time":"1 minute"},"schema":{"@context":"https:\/\/schema.org","@graph":[{"@type":"WebPage","@id":"https:\/\/endormoonstore.com\/foot-ninja-classic-colors-teenage-mutant-ninja-turtles-cartoon-mirage-comics\/","url":"https:\/\/endormoonstore.com\/foot-ninja-classic-colors-teenage-mutant-ninja-turtles-cartoon-mirage-comics\/","name":"Foot Ninja Classic Colors Teenage Mutant Ninja Turtles Cartoon Mirage Comics - EndormoonStore","isPartOf":{"@id":"https:\/\/endormoonstore.com\/#website"},"primaryImageOfPage":{"@id":"https:\/\/endormoonstore.com\/foot-ninja-classic-colors-teenage-mutant-ninja-turtles-cartoon-mirage-comics\/#primaryimage"},"image":{"@id":"https:\/\/endormoonstore.com\/foot-ninja-classic-colors-teenage-mutant-ninja-turtles-cartoon-mirage-comics\/#primaryimage"},"thumbnailUrl":"https:\/\/endormoonstore.com\/wp-content\/uploads\/2024\/07\/Foot-Ninja-Classic-Colors-Teenage-Mutant-Ninja-Turtles-Cartoon-Mirage-Comics-1.jpg","datePublished":"2024-07-21T22:40:39+00:00","dateModified":"2024-08-09T21:07:35+00:00","breadcrumb":{"@id":"https:\/\/endormoonstore.com\/foot-ninja-classic-colors-teenage-mutant-ninja-turtles-cartoon-mirage-comics\/#breadcrumb"},"inLanguage":"en-US","potentialAction":[{"@type":"ReadAction","target":["https:\/\/endormoonstore.com\/foot-ninja-classic-colors-teenage-mutant-ninja-turtles-cartoon-mirage-comics\/"]}]},{"@type":"ImageObject","inLanguage":"en-US","@id":"https:\/\/endormoonstore.com\/foot-ninja-classic-colors-teenage-mutant-ninja-turtles-cartoon-mirage-comics\/#primaryimage","url":"https:\/\/endormoonstore.com\/wp-content\/uploads\/2024\/07\/Foot-Ninja-Classic-Colors-Teenage-Mutant-Ninja-Turtles-Cartoon-Mirage-Comics-1.jpg","contentUrl":"https:\/\/endormoonstore.com\/wp-content\/uploads\/2024\/07\/Foot-Ninja-Classic-Colors-Teenage-Mutant-Ninja-Turtles-Cartoon-Mirage-Comics-1.jpg","width":1000,"height":1000},{"@type":"BreadcrumbList","@id":"https:\/\/endormoonstore.com\/foot-ninja-classic-colors-teenage-mutant-ninja-turtles-cartoon-mirage-comics\/#breadcrumb","itemListElement":[{"@type":"ListItem","position":1,"name":"Shop","item":"https:\/\/endormoonstore.com\/en\/shop\/"},{"@type":"ListItem","position":2,"name":"Foot Ninja Classic Colors Teenage Mutant Ninja Turtles Cartoon Mirage Comics"}]},{"@type":"WebSite","@id":"https:\/\/endormoonstore.com\/#website","url":"https:\/\/endormoonstore.com\/","name":"EndormoonStore","description":"","potentialAction":[{"@type":"SearchAction","target":{"@type":"EntryPoint","urlTemplate":"https:\/\/endormoonstore.com\/?s={search_term_string}"},"query-input":{"@type":"PropertyValueSpecification","valueRequired":true,"valueName":"search_term_string"}}],"inLanguage":"en-US"}]}},"taxonomy_info":{"product_cat":[{"value":1384,"label":"Pre-orders"}],"pa_brand":[{"value":2090,"label":"Neca"}],"pa_character":[{"value":14551,"label":"Foot Ninja"}],"pa_license":[{"value":2035,"label":"Teenage Mutant Ninja Turtles"}],"pa_product-type":[{"value":2387,"label":"Figure"}],"pa_theme":[{"value":2864,"label":"Scale Action Figure"}]},"featured_image_src_large":["https:\/\/endormoonstore.com\/wp-content\/uploads\/2024\/07\/Foot-Ninja-Classic-Colors-Teenage-Mutant-Ninja-Turtles-Cartoon-Mirage-Comics-1.jpg",1000,1000,false],"author_info":[],"comment_info":"","_links":{"self":[{"href":"https:\/\/endormoonstore.com\/en\/wp-json\/wp\/v2\/product\/160101","targetHints":{"allow":["GET"]}}],"collection":[{"href":"https:\/\/endormoonstore.com\/en\/wp-json\/wp\/v2\/product"}],"about":[{"href":"https:\/\/endormoonstore.com\/en\/wp-json\/wp\/v2\/types\/product"}],"wp:featuredmedia":[{"embeddable":true,"href":"https:\/\/endormoonstore.com\/en\/wp-json\/wp\/v2\/media\/160077"}],"wp:attachment":[{"href":"https:\/\/endormoonstore.com\/en\/wp-json\/wp\/v2\/media?parent=160101"}],"wp:term":[{"taxonomy":"product_cat","embeddable":true,"href":"https:\/\/endormoonstore.com\/en\/wp-json\/wp\/v2\/product_cat?post=160101"},{"taxonomy":"product_tag","embeddable":true,"href":"https:\/\/endormoonstore.com\/en\/wp-json\/wp\/v2\/product_tag?post=160101"}],"curies":[{"name":"wp","href":"https:\/\/api.w.org\/{rel}","templated":true}]}}