{"id":160047,"date":"2025-11-01T04:15:46","date_gmt":"2025-11-01T03:15:46","guid":{"rendered":"https:\/\/endormoonstore.com\/ultimate-michelangelo-vhs-teenage-mutant-ninja-turtles-cartoon\/"},"modified":"2024-08-08T22:57:57","modified_gmt":"2024-08-08T20:57:57","slug":"ultimate-michelangelo-vhs-teenage-mutant-ninja-turtles-cartoon","status":"publish","type":"product","link":"https:\/\/endormoonstore.com\/en\/ultimate-michelangelo-vhs-teenage-mutant-ninja-turtles-cartoon\/","title":{"rendered":"Ultimate Michelangelo VHS Teenage Mutant Ninja Turtles Cartoon"},"content":{"rendered":"<p><strong>Ultimate Michelangelo VHS Teenage Mutant Ninja Turtles Cartoon<\/strong><\/p>\n<ul>\n<li>Basad0 en la cl\u00e1sica serie de dibujos animados de las Tortugas Ninja Adolescentes Mutantes de los a\u00f1os 80. El fiestero Michelangelo recibe el tratamiento &#8220;Ultimate&#8221; con esta figura de acci\u00f3n de unos 18 cm de alto cargada con accesorios.<\/li>\n<li>Su gorro de chef incluido y su delantal de pizza de tela suave combinan perfectamente con su pizza de granola y regaliz, un par de manos, dos munchakus, una cinta VHS, un. mini drag\u00f3n, un pez en su pecera y un compa\u00f1ero de Pizza Club<\/li>\n<li>Viene en un empaque coleccionable estilo VHS de Pizza Club completamente nuevo.<\/li>\n<\/ul>\n","protected":false},"excerpt":{"rendered":"<p><strong>Ultimate Michelangelo VHS Teenage Mutant Ninja Turtles Cartoon<\/strong><\/p>\n<p>Basad0 en la cl\u00e1sica serie de dibujos animados de las Tortugas Ninja Adolescentes Mutantes de los a\u00f1os 80. El fiestero Michelangelo recibe el tratamiento &#8220;Ultimate&#8221; con esta figura de acci\u00f3n de unos 18 cm de alto cargada con accesorios.<\/p>\n","protected":false},"featured_media":160023,"template":"","meta":{"_acf_changed":false,"_kad_blocks_custom_css":"","_kad_blocks_head_custom_js":"","_kad_blocks_body_custom_js":"","_kad_blocks_footer_custom_js":""},"product_cat":[13453,1390,13511],"product_tag":[],"class_list":{"0":"post-160047","1":"product","2":"type-product","3":"status-publish","4":"has-post-thumbnail","6":"product_cat-featured","7":"product_cat-figures","8":"product_cat-new-arrivals","9":"pa_brand-neca-en","10":"pa_character-michelangelo-en","11":"pa_license-teenage-mutant-ninja-turtles","12":"pa_product-type-figure","13":"pa_theme-scale-action-figure-en","15":"first","16":"instock","17":"taxable","18":"shipping-taxable","19":"purchasable","20":"product-type-simple"},"acf":[],"yoast_head":"<!-- This site is optimized with the Yoast SEO plugin v26.1.1 - https:\/\/yoast.com\/wordpress\/plugins\/seo\/ -->\n<title>Ultimate Michelangelo VHS Teenage Mutant Ninja Turtles Cartoon - EndormoonStore<\/title>\n<meta name=\"robots\" content=\"index, follow, max-snippet:-1, max-image-preview:large, max-video-preview:-1\" \/>\n<link rel=\"canonical\" href=\"https:\/\/endormoonstore.com\/en\/ultimate-michelangelo-vhs-teenage-mutant-ninja-turtles-cartoon\/\" \/>\n<meta property=\"og:locale\" content=\"en_US\" \/>\n<meta property=\"og:type\" content=\"article\" \/>\n<meta property=\"og:title\" content=\"Ultimate Michelangelo VHS Teenage Mutant Ninja Turtles Cartoon - EndormoonStore\" \/>\n<meta property=\"og:description\" content=\"Ultimate Michelangelo VHS Teenage Mutant Ninja Turtles Cartoon  Basad0 en la cl\u00e1sica serie de dibujos animados de las Tortugas Ninja Adolescentes Mutantes de los a\u00f1os 80. El fiestero Michelangelo recibe el tratamiento &quot;Ultimate&quot; con esta figura de acci\u00f3n de unos 18 cm de alto cargada con accesorios.\" \/>\n<meta property=\"og:url\" content=\"https:\/\/endormoonstore.com\/en\/ultimate-michelangelo-vhs-teenage-mutant-ninja-turtles-cartoon\/\" \/>\n<meta property=\"og:site_name\" content=\"EndormoonStore\" \/>\n<meta property=\"og:image\" content=\"https:\/\/endormoonstore.com\/wp-content\/uploads\/2024\/07\/Ultimate-Michelangelo-VHS-Teenage-Mutant-Ninja-Turtles-Cartoon-1.jpg\" \/>\n\t<meta property=\"og:image:width\" content=\"1000\" \/>\n\t<meta property=\"og:image:height\" content=\"1000\" \/>\n\t<meta property=\"og:image:type\" content=\"image\/jpeg\" \/>\n<meta name=\"twitter:card\" content=\"summary_large_image\" \/>\n<meta name=\"twitter:label1\" content=\"Est. reading time\" \/>\n\t<meta name=\"twitter:data1\" content=\"1 minute\" \/>\n<script type=\"application\/ld+json\" class=\"yoast-schema-graph\">{\"@context\":\"https:\/\/schema.org\",\"@graph\":[{\"@type\":\"WebPage\",\"@id\":\"https:\/\/endormoonstore.com\/en\/ultimate-michelangelo-vhs-teenage-mutant-ninja-turtles-cartoon\/\",\"url\":\"https:\/\/endormoonstore.com\/en\/ultimate-michelangelo-vhs-teenage-mutant-ninja-turtles-cartoon\/\",\"name\":\"Ultimate Michelangelo VHS Teenage Mutant Ninja Turtles Cartoon - EndormoonStore\",\"isPartOf\":{\"@id\":\"https:\/\/endormoonstore.com\/#website\"},\"primaryImageOfPage\":{\"@id\":\"https:\/\/endormoonstore.com\/en\/ultimate-michelangelo-vhs-teenage-mutant-ninja-turtles-cartoon\/#primaryimage\"},\"image\":{\"@id\":\"https:\/\/endormoonstore.com\/en\/ultimate-michelangelo-vhs-teenage-mutant-ninja-turtles-cartoon\/#primaryimage\"},\"thumbnailUrl\":\"https:\/\/endormoonstore.com\/wp-content\/uploads\/2024\/07\/Ultimate-Michelangelo-VHS-Teenage-Mutant-Ninja-Turtles-Cartoon-1.jpg\",\"datePublished\":\"2025-11-01T03:15:46+00:00\",\"breadcrumb\":{\"@id\":\"https:\/\/endormoonstore.com\/en\/ultimate-michelangelo-vhs-teenage-mutant-ninja-turtles-cartoon\/#breadcrumb\"},\"inLanguage\":\"en-US\",\"potentialAction\":[{\"@type\":\"ReadAction\",\"target\":[\"https:\/\/endormoonstore.com\/en\/ultimate-michelangelo-vhs-teenage-mutant-ninja-turtles-cartoon\/\"]}]},{\"@type\":\"ImageObject\",\"inLanguage\":\"en-US\",\"@id\":\"https:\/\/endormoonstore.com\/en\/ultimate-michelangelo-vhs-teenage-mutant-ninja-turtles-cartoon\/#primaryimage\",\"url\":\"https:\/\/endormoonstore.com\/wp-content\/uploads\/2024\/07\/Ultimate-Michelangelo-VHS-Teenage-Mutant-Ninja-Turtles-Cartoon-1.jpg\",\"contentUrl\":\"https:\/\/endormoonstore.com\/wp-content\/uploads\/2024\/07\/Ultimate-Michelangelo-VHS-Teenage-Mutant-Ninja-Turtles-Cartoon-1.jpg\",\"width\":1000,\"height\":1000},{\"@type\":\"BreadcrumbList\",\"@id\":\"https:\/\/endormoonstore.com\/en\/ultimate-michelangelo-vhs-teenage-mutant-ninja-turtles-cartoon\/#breadcrumb\",\"itemListElement\":[{\"@type\":\"ListItem\",\"position\":1,\"name\":\"Shop\",\"item\":\"https:\/\/endormoonstore.com\/en\/shop\/\"},{\"@type\":\"ListItem\",\"position\":2,\"name\":\"Ultimate Michelangelo VHS Teenage Mutant Ninja Turtles Cartoon\"}]},{\"@type\":\"WebSite\",\"@id\":\"https:\/\/endormoonstore.com\/#website\",\"url\":\"https:\/\/endormoonstore.com\/\",\"name\":\"EndormoonStore\",\"description\":\"\",\"potentialAction\":[{\"@type\":\"SearchAction\",\"target\":{\"@type\":\"EntryPoint\",\"urlTemplate\":\"https:\/\/endormoonstore.com\/?s={search_term_string}\"},\"query-input\":{\"@type\":\"PropertyValueSpecification\",\"valueRequired\":true,\"valueName\":\"search_term_string\"}}],\"inLanguage\":\"en-US\"}]}<\/script>\n<!-- \/ Yoast SEO plugin. -->","yoast_head_json":{"title":"Ultimate Michelangelo VHS Teenage Mutant Ninja Turtles Cartoon - EndormoonStore","robots":{"index":"index","follow":"follow","max-snippet":"max-snippet:-1","max-image-preview":"max-image-preview:large","max-video-preview":"max-video-preview:-1"},"canonical":"https:\/\/endormoonstore.com\/en\/ultimate-michelangelo-vhs-teenage-mutant-ninja-turtles-cartoon\/","og_locale":"en_US","og_type":"article","og_title":"Ultimate Michelangelo VHS Teenage Mutant Ninja Turtles Cartoon - EndormoonStore","og_description":"Ultimate Michelangelo VHS Teenage Mutant Ninja Turtles Cartoon  Basad0 en la cl\u00e1sica serie de dibujos animados de las Tortugas Ninja Adolescentes Mutantes de los a\u00f1os 80. El fiestero Michelangelo recibe el tratamiento \"Ultimate\" con esta figura de acci\u00f3n de unos 18 cm de alto cargada con accesorios.","og_url":"https:\/\/endormoonstore.com\/en\/ultimate-michelangelo-vhs-teenage-mutant-ninja-turtles-cartoon\/","og_site_name":"EndormoonStore","og_image":[{"width":1000,"height":1000,"url":"https:\/\/endormoonstore.com\/wp-content\/uploads\/2024\/07\/Ultimate-Michelangelo-VHS-Teenage-Mutant-Ninja-Turtles-Cartoon-1.jpg","type":"image\/jpeg"}],"twitter_card":"summary_large_image","twitter_misc":{"Est. reading time":"1 minute"},"schema":{"@context":"https:\/\/schema.org","@graph":[{"@type":"WebPage","@id":"https:\/\/endormoonstore.com\/en\/ultimate-michelangelo-vhs-teenage-mutant-ninja-turtles-cartoon\/","url":"https:\/\/endormoonstore.com\/en\/ultimate-michelangelo-vhs-teenage-mutant-ninja-turtles-cartoon\/","name":"Ultimate Michelangelo VHS Teenage Mutant Ninja Turtles Cartoon - EndormoonStore","isPartOf":{"@id":"https:\/\/endormoonstore.com\/#website"},"primaryImageOfPage":{"@id":"https:\/\/endormoonstore.com\/en\/ultimate-michelangelo-vhs-teenage-mutant-ninja-turtles-cartoon\/#primaryimage"},"image":{"@id":"https:\/\/endormoonstore.com\/en\/ultimate-michelangelo-vhs-teenage-mutant-ninja-turtles-cartoon\/#primaryimage"},"thumbnailUrl":"https:\/\/endormoonstore.com\/wp-content\/uploads\/2024\/07\/Ultimate-Michelangelo-VHS-Teenage-Mutant-Ninja-Turtles-Cartoon-1.jpg","datePublished":"2025-11-01T03:15:46+00:00","breadcrumb":{"@id":"https:\/\/endormoonstore.com\/en\/ultimate-michelangelo-vhs-teenage-mutant-ninja-turtles-cartoon\/#breadcrumb"},"inLanguage":"en-US","potentialAction":[{"@type":"ReadAction","target":["https:\/\/endormoonstore.com\/en\/ultimate-michelangelo-vhs-teenage-mutant-ninja-turtles-cartoon\/"]}]},{"@type":"ImageObject","inLanguage":"en-US","@id":"https:\/\/endormoonstore.com\/en\/ultimate-michelangelo-vhs-teenage-mutant-ninja-turtles-cartoon\/#primaryimage","url":"https:\/\/endormoonstore.com\/wp-content\/uploads\/2024\/07\/Ultimate-Michelangelo-VHS-Teenage-Mutant-Ninja-Turtles-Cartoon-1.jpg","contentUrl":"https:\/\/endormoonstore.com\/wp-content\/uploads\/2024\/07\/Ultimate-Michelangelo-VHS-Teenage-Mutant-Ninja-Turtles-Cartoon-1.jpg","width":1000,"height":1000},{"@type":"BreadcrumbList","@id":"https:\/\/endormoonstore.com\/en\/ultimate-michelangelo-vhs-teenage-mutant-ninja-turtles-cartoon\/#breadcrumb","itemListElement":[{"@type":"ListItem","position":1,"name":"Shop","item":"https:\/\/endormoonstore.com\/en\/shop\/"},{"@type":"ListItem","position":2,"name":"Ultimate Michelangelo VHS Teenage Mutant Ninja Turtles Cartoon"}]},{"@type":"WebSite","@id":"https:\/\/endormoonstore.com\/#website","url":"https:\/\/endormoonstore.com\/","name":"EndormoonStore","description":"","potentialAction":[{"@type":"SearchAction","target":{"@type":"EntryPoint","urlTemplate":"https:\/\/endormoonstore.com\/?s={search_term_string}"},"query-input":{"@type":"PropertyValueSpecification","valueRequired":true,"valueName":"search_term_string"}}],"inLanguage":"en-US"}]}},"taxonomy_info":{"product_cat":[{"value":13453,"label":"Featured"},{"value":1390,"label":"Figures"},{"value":13511,"label":"New Arrivals"}],"pa_brand":[{"value":2090,"label":"Neca"}],"pa_character":[{"value":5279,"label":"Michelangelo"}],"pa_license":[{"value":2035,"label":"Teenage Mutant Ninja Turtles"}],"pa_product-type":[{"value":2387,"label":"Figure"}],"pa_theme":[{"value":2864,"label":"Scale Action Figure"}]},"featured_image_src_large":["https:\/\/endormoonstore.com\/wp-content\/uploads\/2024\/07\/Ultimate-Michelangelo-VHS-Teenage-Mutant-Ninja-Turtles-Cartoon-1.jpg",1000,1000,false],"author_info":[],"comment_info":"","_links":{"self":[{"href":"https:\/\/endormoonstore.com\/en\/wp-json\/wp\/v2\/product\/160047","targetHints":{"allow":["GET"]}}],"collection":[{"href":"https:\/\/endormoonstore.com\/en\/wp-json\/wp\/v2\/product"}],"about":[{"href":"https:\/\/endormoonstore.com\/en\/wp-json\/wp\/v2\/types\/product"}],"wp:featuredmedia":[{"embeddable":true,"href":"https:\/\/endormoonstore.com\/en\/wp-json\/wp\/v2\/media\/160023"}],"wp:attachment":[{"href":"https:\/\/endormoonstore.com\/en\/wp-json\/wp\/v2\/media?parent=160047"}],"wp:term":[{"taxonomy":"product_cat","embeddable":true,"href":"https:\/\/endormoonstore.com\/en\/wp-json\/wp\/v2\/product_cat?post=160047"},{"taxonomy":"product_tag","embeddable":true,"href":"https:\/\/endormoonstore.com\/en\/wp-json\/wp\/v2\/product_tag?post=160047"}],"curies":[{"name":"wp","href":"https:\/\/api.w.org\/{rel}","templated":true}]}}