{"id":159907,"date":"2024-07-22T00:05:31","date_gmt":"2024-07-21T22:05:31","guid":{"rendered":"https:\/\/endormoonstore.com\/baxter-stockman-teenage-mutant-ninja-turtles-mirage-comics\/"},"modified":"2024-08-07T22:53:42","modified_gmt":"2024-08-07T20:53:42","slug":"baxter-stockman-teenage-mutant-ninja-turtles-mirage-comics","status":"publish","type":"product","link":"https:\/\/endormoonstore.com\/en\/baxter-stockman-teenage-mutant-ninja-turtles-mirage-comics\/","title":{"rendered":"Baxter Stockman Teenage Mutant Ninja Turtles Mirage Comics"},"content":{"rendered":"<p><strong>Baxter Stockman Teenage Mutant Ninja Turtles Mirage Comics<\/strong><\/p>\n<ul>\n<li>Por fin, el maestro de la locura mec\u00e1nica llega en forma de figura de acci\u00f3n. De la serie Teenage Mutant Ninja Turtles de Mirage Comics, Neca presenta al Baxter Stockman original: \u00bfGenio malvado o programador precoz que se volvi\u00f3 loco en busca de un peque\u00f1o sue\u00f1o imposible?<\/li>\n<li>Esta figura de acci\u00f3n de 18 cm de alto presenta una decoraci\u00f3n precisa de c\u00f3mic y viene con un rat\u00f3n, una computadora, un edificio en miniatura completamente nuevo, adem\u00e1s de un par de manos y una cabeza adicional para saquear de manera peligrosa y conectar y usar.<\/li>\n<li>Empaque en caja con ventana que presenta nuevas ilustraciones del co-creador de TMNT, Kevin Eastman.<\/li>\n<\/ul>\n<p>&nbsp;<\/p>\n","protected":false},"excerpt":{"rendered":"<p><strong>Baxter Stockman Teenage Mutant Ninja Turtles Mirage Comics<\/strong><\/p>\n<p>Por fin, el maestro de la locura mec\u00e1nica llega en forma de figura de acci\u00f3n. De la serie Teenage Mutant Ninja Turtles de Mirage Comics, NECA presenta al Baxter Stockman original: \u00bfGenio malvado o programador precoz que se volvi\u00f3 loco en busca de un peque\u00f1o sue\u00f1o imposible?<\/p>\n","protected":false},"featured_media":159885,"template":"","meta":{"_acf_changed":false,"_kad_blocks_custom_css":"","_kad_blocks_head_custom_js":"","_kad_blocks_body_custom_js":"","_kad_blocks_footer_custom_js":""},"product_cat":[1384],"product_tag":[],"class_list":{"0":"post-159907","1":"product","2":"type-product","3":"status-publish","4":"has-post-thumbnail","6":"product_cat-pre-orders","7":"pa_brand-neca-en","8":"pa_character-baxter-stockman-en","9":"pa_license-teenage-mutant-ninja-turtles","10":"pa_product-type-figure","11":"pa_theme-scale-action-figure-en","13":"first","14":"instock","15":"taxable","16":"shipping-taxable","17":"purchasable","18":"product-type-simple"},"acf":[],"yoast_head":"<!-- This site is optimized with the Yoast SEO plugin v26.1.1 - https:\/\/yoast.com\/wordpress\/plugins\/seo\/ -->\n<title>Baxter Stockman Teenage Mutant Ninja Turtles Mirage Comics - EndormoonStore<\/title>\n<meta name=\"robots\" content=\"index, follow, max-snippet:-1, max-image-preview:large, max-video-preview:-1\" \/>\n<link rel=\"canonical\" href=\"https:\/\/endormoonstore.com\/en\/baxter-stockman-teenage-mutant-ninja-turtles-mirage-comics\/\" \/>\n<meta property=\"og:locale\" content=\"en_US\" \/>\n<meta property=\"og:type\" content=\"article\" \/>\n<meta property=\"og:title\" content=\"Baxter Stockman Teenage Mutant Ninja Turtles Mirage Comics - EndormoonStore\" \/>\n<meta property=\"og:description\" content=\"Baxter Stockman Teenage Mutant Ninja Turtles Mirage Comics  Por fin, el maestro de la locura mec\u00e1nica llega en forma de figura de acci\u00f3n. De la serie Teenage Mutant Ninja Turtles de Mirage Comics, NECA presenta al Baxter Stockman original: \u00bfGenio malvado o programador precoz que se volvi\u00f3 loco en busca de un peque\u00f1o sue\u00f1o imposible?\" \/>\n<meta property=\"og:url\" content=\"https:\/\/endormoonstore.com\/en\/baxter-stockman-teenage-mutant-ninja-turtles-mirage-comics\/\" \/>\n<meta property=\"og:site_name\" content=\"EndormoonStore\" \/>\n<meta property=\"article:modified_time\" content=\"2024-08-07T20:53:42+00:00\" \/>\n<meta property=\"og:image\" content=\"https:\/\/endormoonstore.com\/wp-content\/uploads\/2024\/08\/Baxter-Stockman-Teenage-Mutant-Ninja-Turtles-Mirage-Comics-1.jpg\" \/>\n\t<meta property=\"og:image:width\" content=\"819\" \/>\n\t<meta property=\"og:image:height\" content=\"1024\" \/>\n\t<meta property=\"og:image:type\" content=\"image\/jpeg\" \/>\n<meta name=\"twitter:card\" content=\"summary_large_image\" \/>\n<meta name=\"twitter:label1\" content=\"Est. reading time\" \/>\n\t<meta name=\"twitter:data1\" content=\"1 minute\" \/>\n<script type=\"application\/ld+json\" class=\"yoast-schema-graph\">{\"@context\":\"https:\/\/schema.org\",\"@graph\":[{\"@type\":\"WebPage\",\"@id\":\"https:\/\/endormoonstore.com\/en\/baxter-stockman-teenage-mutant-ninja-turtles-mirage-comics\/\",\"url\":\"https:\/\/endormoonstore.com\/en\/baxter-stockman-teenage-mutant-ninja-turtles-mirage-comics\/\",\"name\":\"Baxter Stockman Teenage Mutant Ninja Turtles Mirage Comics - EndormoonStore\",\"isPartOf\":{\"@id\":\"https:\/\/endormoonstore.com\/#website\"},\"primaryImageOfPage\":{\"@id\":\"https:\/\/endormoonstore.com\/en\/baxter-stockman-teenage-mutant-ninja-turtles-mirage-comics\/#primaryimage\"},\"image\":{\"@id\":\"https:\/\/endormoonstore.com\/en\/baxter-stockman-teenage-mutant-ninja-turtles-mirage-comics\/#primaryimage\"},\"thumbnailUrl\":\"https:\/\/endormoonstore.com\/wp-content\/uploads\/2024\/08\/Baxter-Stockman-Teenage-Mutant-Ninja-Turtles-Mirage-Comics-1.jpg\",\"datePublished\":\"2024-07-21T22:05:31+00:00\",\"dateModified\":\"2024-08-07T20:53:42+00:00\",\"breadcrumb\":{\"@id\":\"https:\/\/endormoonstore.com\/en\/baxter-stockman-teenage-mutant-ninja-turtles-mirage-comics\/#breadcrumb\"},\"inLanguage\":\"en-US\",\"potentialAction\":[{\"@type\":\"ReadAction\",\"target\":[\"https:\/\/endormoonstore.com\/en\/baxter-stockman-teenage-mutant-ninja-turtles-mirage-comics\/\"]}]},{\"@type\":\"ImageObject\",\"inLanguage\":\"en-US\",\"@id\":\"https:\/\/endormoonstore.com\/en\/baxter-stockman-teenage-mutant-ninja-turtles-mirage-comics\/#primaryimage\",\"url\":\"https:\/\/endormoonstore.com\/wp-content\/uploads\/2024\/08\/Baxter-Stockman-Teenage-Mutant-Ninja-Turtles-Mirage-Comics-1.jpg\",\"contentUrl\":\"https:\/\/endormoonstore.com\/wp-content\/uploads\/2024\/08\/Baxter-Stockman-Teenage-Mutant-Ninja-Turtles-Mirage-Comics-1.jpg\",\"width\":819,\"height\":1024},{\"@type\":\"BreadcrumbList\",\"@id\":\"https:\/\/endormoonstore.com\/en\/baxter-stockman-teenage-mutant-ninja-turtles-mirage-comics\/#breadcrumb\",\"itemListElement\":[{\"@type\":\"ListItem\",\"position\":1,\"name\":\"Shop\",\"item\":\"https:\/\/endormoonstore.com\/en\/shop\/\"},{\"@type\":\"ListItem\",\"position\":2,\"name\":\"Baxter Stockman Teenage Mutant Ninja Turtles Mirage Comics\"}]},{\"@type\":\"WebSite\",\"@id\":\"https:\/\/endormoonstore.com\/#website\",\"url\":\"https:\/\/endormoonstore.com\/\",\"name\":\"EndormoonStore\",\"description\":\"\",\"potentialAction\":[{\"@type\":\"SearchAction\",\"target\":{\"@type\":\"EntryPoint\",\"urlTemplate\":\"https:\/\/endormoonstore.com\/?s={search_term_string}\"},\"query-input\":{\"@type\":\"PropertyValueSpecification\",\"valueRequired\":true,\"valueName\":\"search_term_string\"}}],\"inLanguage\":\"en-US\"}]}<\/script>\n<!-- \/ Yoast SEO plugin. -->","yoast_head_json":{"title":"Baxter Stockman Teenage Mutant Ninja Turtles Mirage Comics - EndormoonStore","robots":{"index":"index","follow":"follow","max-snippet":"max-snippet:-1","max-image-preview":"max-image-preview:large","max-video-preview":"max-video-preview:-1"},"canonical":"https:\/\/endormoonstore.com\/en\/baxter-stockman-teenage-mutant-ninja-turtles-mirage-comics\/","og_locale":"en_US","og_type":"article","og_title":"Baxter Stockman Teenage Mutant Ninja Turtles Mirage Comics - EndormoonStore","og_description":"Baxter Stockman Teenage Mutant Ninja Turtles Mirage Comics  Por fin, el maestro de la locura mec\u00e1nica llega en forma de figura de acci\u00f3n. De la serie Teenage Mutant Ninja Turtles de Mirage Comics, NECA presenta al Baxter Stockman original: \u00bfGenio malvado o programador precoz que se volvi\u00f3 loco en busca de un peque\u00f1o sue\u00f1o imposible?","og_url":"https:\/\/endormoonstore.com\/en\/baxter-stockman-teenage-mutant-ninja-turtles-mirage-comics\/","og_site_name":"EndormoonStore","article_modified_time":"2024-08-07T20:53:42+00:00","og_image":[{"width":819,"height":1024,"url":"https:\/\/endormoonstore.com\/wp-content\/uploads\/2024\/08\/Baxter-Stockman-Teenage-Mutant-Ninja-Turtles-Mirage-Comics-1.jpg","type":"image\/jpeg"}],"twitter_card":"summary_large_image","twitter_misc":{"Est. reading time":"1 minute"},"schema":{"@context":"https:\/\/schema.org","@graph":[{"@type":"WebPage","@id":"https:\/\/endormoonstore.com\/en\/baxter-stockman-teenage-mutant-ninja-turtles-mirage-comics\/","url":"https:\/\/endormoonstore.com\/en\/baxter-stockman-teenage-mutant-ninja-turtles-mirage-comics\/","name":"Baxter Stockman Teenage Mutant Ninja Turtles Mirage Comics - EndormoonStore","isPartOf":{"@id":"https:\/\/endormoonstore.com\/#website"},"primaryImageOfPage":{"@id":"https:\/\/endormoonstore.com\/en\/baxter-stockman-teenage-mutant-ninja-turtles-mirage-comics\/#primaryimage"},"image":{"@id":"https:\/\/endormoonstore.com\/en\/baxter-stockman-teenage-mutant-ninja-turtles-mirage-comics\/#primaryimage"},"thumbnailUrl":"https:\/\/endormoonstore.com\/wp-content\/uploads\/2024\/08\/Baxter-Stockman-Teenage-Mutant-Ninja-Turtles-Mirage-Comics-1.jpg","datePublished":"2024-07-21T22:05:31+00:00","dateModified":"2024-08-07T20:53:42+00:00","breadcrumb":{"@id":"https:\/\/endormoonstore.com\/en\/baxter-stockman-teenage-mutant-ninja-turtles-mirage-comics\/#breadcrumb"},"inLanguage":"en-US","potentialAction":[{"@type":"ReadAction","target":["https:\/\/endormoonstore.com\/en\/baxter-stockman-teenage-mutant-ninja-turtles-mirage-comics\/"]}]},{"@type":"ImageObject","inLanguage":"en-US","@id":"https:\/\/endormoonstore.com\/en\/baxter-stockman-teenage-mutant-ninja-turtles-mirage-comics\/#primaryimage","url":"https:\/\/endormoonstore.com\/wp-content\/uploads\/2024\/08\/Baxter-Stockman-Teenage-Mutant-Ninja-Turtles-Mirage-Comics-1.jpg","contentUrl":"https:\/\/endormoonstore.com\/wp-content\/uploads\/2024\/08\/Baxter-Stockman-Teenage-Mutant-Ninja-Turtles-Mirage-Comics-1.jpg","width":819,"height":1024},{"@type":"BreadcrumbList","@id":"https:\/\/endormoonstore.com\/en\/baxter-stockman-teenage-mutant-ninja-turtles-mirage-comics\/#breadcrumb","itemListElement":[{"@type":"ListItem","position":1,"name":"Shop","item":"https:\/\/endormoonstore.com\/en\/shop\/"},{"@type":"ListItem","position":2,"name":"Baxter Stockman Teenage Mutant Ninja Turtles Mirage Comics"}]},{"@type":"WebSite","@id":"https:\/\/endormoonstore.com\/#website","url":"https:\/\/endormoonstore.com\/","name":"EndormoonStore","description":"","potentialAction":[{"@type":"SearchAction","target":{"@type":"EntryPoint","urlTemplate":"https:\/\/endormoonstore.com\/?s={search_term_string}"},"query-input":{"@type":"PropertyValueSpecification","valueRequired":true,"valueName":"search_term_string"}}],"inLanguage":"en-US"}]}},"taxonomy_info":{"product_cat":[{"value":1384,"label":"Pre-orders"}],"pa_brand":[{"value":2090,"label":"Neca"}],"pa_character":[{"value":3506,"label":"Baxter Stockman"}],"pa_license":[{"value":2035,"label":"Teenage Mutant Ninja Turtles"}],"pa_product-type":[{"value":2387,"label":"Figure"}],"pa_theme":[{"value":2864,"label":"Scale Action Figure"}]},"featured_image_src_large":["https:\/\/endormoonstore.com\/wp-content\/uploads\/2024\/08\/Baxter-Stockman-Teenage-Mutant-Ninja-Turtles-Mirage-Comics-1.jpg",819,1024,false],"author_info":[],"comment_info":"","_links":{"self":[{"href":"https:\/\/endormoonstore.com\/en\/wp-json\/wp\/v2\/product\/159907","targetHints":{"allow":["GET"]}}],"collection":[{"href":"https:\/\/endormoonstore.com\/en\/wp-json\/wp\/v2\/product"}],"about":[{"href":"https:\/\/endormoonstore.com\/en\/wp-json\/wp\/v2\/types\/product"}],"wp:featuredmedia":[{"embeddable":true,"href":"https:\/\/endormoonstore.com\/en\/wp-json\/wp\/v2\/media\/159885"}],"wp:attachment":[{"href":"https:\/\/endormoonstore.com\/en\/wp-json\/wp\/v2\/media?parent=159907"}],"wp:term":[{"taxonomy":"product_cat","embeddable":true,"href":"https:\/\/endormoonstore.com\/en\/wp-json\/wp\/v2\/product_cat?post=159907"},{"taxonomy":"product_tag","embeddable":true,"href":"https:\/\/endormoonstore.com\/en\/wp-json\/wp\/v2\/product_tag?post=159907"}],"curies":[{"name":"wp","href":"https:\/\/api.w.org\/{rel}","templated":true}]}}