{"id":159877,"date":"2024-07-22T00:00:10","date_gmt":"2024-07-21T22:00:10","guid":{"rendered":"https:\/\/endormoonstore.com\/samurai-adventure-michelangelo-space-adventure-donatello-teenage-mutant-ninja-turtles-cartoon\/"},"modified":"2024-08-06T21:07:11","modified_gmt":"2024-08-06T19:07:11","slug":"samurai-adventure-michelangelo-space-adventure-donatello-teenage-mutant-ninja-turtles-cartoon","status":"publish","type":"product","link":"https:\/\/endormoonstore.com\/en\/samurai-adventure-michelangelo-space-adventure-donatello-teenage-mutant-ninja-turtles-cartoon\/","title":{"rendered":"Samurai Adventure Michelangelo &#038; Space Adventure Donatello Teenage Mutant Ninja Turtles Cartoon"},"content":{"rendered":"<p class=\"p1\"><strong>Samurai Adventure Michelangelo &amp; Space Adventure Donatello Teenage Mutant Ninja Turtles Cartoon<\/strong><\/p>\n<ul class=\"ul1\">\n<li class=\"li1\">Saca a tus Tortugas de las alcantarillas y ll\u00e9valas a los confines del espacio&#8230; \u00a1o de vuelta al Jap\u00f3n feudal! Al estilo de la cl\u00e1sica serie de dibujos animados Teenage Mutant Ninja Turtles de los a\u00f1os 80, Neca ha dise\u00f1ado nuevos e imaginativos atuendos para Michelangelo y Donatello que te permiten llevarlos a aventuras en un universo de pizza paralelo.<\/li>\n<li class=\"li1\">Este Pack de 2 figuras de unos 18 cm de alto presenta a Space Adventure Donatello y Samurai Michelangelo.<\/li>\n<li class=\"li1\">Donatello viene con casco extra\u00edble, gafas, tres pares de manos intercambiables, mochila acoplable, cohete y dos bl\u00e1sters de ma\u00edz c\u00f3smicos.<\/li>\n<li class=\"li1\">Michelangelo incluye una cabeza con diferente expresi\u00f3n, casco kabuto, dos pares de manos intercambiables, lanza, kusarigama, tetsubo, chakram y dos katanas.<\/li>\n<li class=\"li1\">Las cabezas son compatibles con las figuras TMNT Turtles de Neca ( Se venden por separado ) para personalizar a tus h\u00e9roes en medio caparaz\u00f3n mientras esperan la entrega de su pizza.<\/li>\n<li class=\"li1\">Viene en el cl\u00e1sico empaque de estilo de dibujos animados de 2 paquetes que todos conocen y aman.<\/li>\n<\/ul>\n","protected":false},"excerpt":{"rendered":"<p class=\"p1\"><strong>Samurai Adventure Michelangelo &amp; Space Adventure Donatello Teenage Mutant Ninja Turtles Cartoon<\/strong><\/p>\n<p class=\"p1\">Saca a tus Tortugas de las alcantarillas y ll\u00e9valas a los confines del espacio&#8230; \u00a1o de vuelta al Jap\u00f3n feudal! Al estilo de la cl\u00e1sica serie de dibujos animados Teenage Mutant Ninja Turtles de los a\u00f1os 80, Neca ha dise\u00f1ado nuevos e imaginativos atuendos para Michelangelo y Donatello que te permiten llevarlos a aventuras en un universo de pizza paralelo.<\/p>\n","protected":false},"featured_media":159868,"template":"","meta":{"_acf_changed":false,"_kad_blocks_custom_css":"","_kad_blocks_head_custom_js":"","_kad_blocks_body_custom_js":"","_kad_blocks_footer_custom_js":""},"product_cat":[1384],"product_tag":[],"class_list":{"0":"post-159877","1":"product","2":"type-product","3":"status-publish","4":"has-post-thumbnail","6":"product_cat-pre-orders","7":"pa_brand-neca-en","8":"pa_character-donatello-en","9":"pa_character-michelangelo-en","10":"pa_license-teenage-mutant-ninja-turtles","11":"pa_product-type-figure","12":"pa_theme-scale-action-figure-en","14":"first","15":"instock","16":"taxable","17":"shipping-taxable","18":"purchasable","19":"product-type-simple"},"acf":[],"yoast_head":"<!-- This site is optimized with the Yoast SEO plugin v26.1.1 - https:\/\/yoast.com\/wordpress\/plugins\/seo\/ -->\n<title>Samurai Adventure Michelangelo &amp; Space Adventure Donatello Teenage Mutant Ninja Turtles Cartoon - EndormoonStore<\/title>\n<meta name=\"robots\" content=\"index, follow, max-snippet:-1, max-image-preview:large, max-video-preview:-1\" \/>\n<link rel=\"canonical\" href=\"https:\/\/endormoonstore.com\/en\/samurai-adventure-michelangelo-space-adventure-donatello-teenage-mutant-ninja-turtles-cartoon\/\" \/>\n<meta property=\"og:locale\" content=\"en_US\" \/>\n<meta property=\"og:type\" content=\"article\" \/>\n<meta property=\"og:title\" content=\"Samurai Adventure Michelangelo &amp; Space Adventure Donatello Teenage Mutant Ninja Turtles Cartoon - EndormoonStore\" \/>\n<meta property=\"og:description\" content=\"Samurai Adventure Michelangelo &amp; Space Adventure Donatello Teenage Mutant Ninja Turtles Cartoon Saca a tus Tortugas de las alcantarillas y ll\u00e9valas a los confines del espacio... \u00a1o de vuelta al Jap\u00f3n feudal! Al estilo de la cl\u00e1sica serie de dibujos animados Teenage Mutant Ninja Turtles de los a\u00f1os 80, Neca ha dise\u00f1ado nuevos e imaginativos atuendos para Michelangelo y Donatello que te permiten llevarlos a aventuras en un universo de pizza paralelo.\" \/>\n<meta property=\"og:url\" content=\"https:\/\/endormoonstore.com\/en\/samurai-adventure-michelangelo-space-adventure-donatello-teenage-mutant-ninja-turtles-cartoon\/\" \/>\n<meta property=\"og:site_name\" content=\"EndormoonStore\" \/>\n<meta property=\"article:modified_time\" content=\"2024-08-06T19:07:11+00:00\" \/>\n<meta property=\"og:image\" content=\"https:\/\/endormoonstore.com\/wp-content\/uploads\/2024\/07\/Samurai-Adventure-Michelangelo-Space-Adventure-Donatello.-Teenage-Mutant-Ninja-Turtles-Cartoon-1.jpg\" \/>\n\t<meta property=\"og:image:width\" content=\"1000\" \/>\n\t<meta property=\"og:image:height\" content=\"1000\" \/>\n\t<meta property=\"og:image:type\" content=\"image\/jpeg\" \/>\n<meta name=\"twitter:card\" content=\"summary_large_image\" \/>\n<meta name=\"twitter:label1\" content=\"Est. reading time\" \/>\n\t<meta name=\"twitter:data1\" content=\"2 minutes\" \/>\n<script type=\"application\/ld+json\" class=\"yoast-schema-graph\">{\"@context\":\"https:\/\/schema.org\",\"@graph\":[{\"@type\":\"WebPage\",\"@id\":\"https:\/\/endormoonstore.com\/en\/samurai-adventure-michelangelo-space-adventure-donatello-teenage-mutant-ninja-turtles-cartoon\/\",\"url\":\"https:\/\/endormoonstore.com\/en\/samurai-adventure-michelangelo-space-adventure-donatello-teenage-mutant-ninja-turtles-cartoon\/\",\"name\":\"Samurai Adventure Michelangelo & Space Adventure Donatello Teenage Mutant Ninja Turtles Cartoon - EndormoonStore\",\"isPartOf\":{\"@id\":\"https:\/\/endormoonstore.com\/#website\"},\"primaryImageOfPage\":{\"@id\":\"https:\/\/endormoonstore.com\/en\/samurai-adventure-michelangelo-space-adventure-donatello-teenage-mutant-ninja-turtles-cartoon\/#primaryimage\"},\"image\":{\"@id\":\"https:\/\/endormoonstore.com\/en\/samurai-adventure-michelangelo-space-adventure-donatello-teenage-mutant-ninja-turtles-cartoon\/#primaryimage\"},\"thumbnailUrl\":\"https:\/\/endormoonstore.com\/wp-content\/uploads\/2024\/07\/Samurai-Adventure-Michelangelo-Space-Adventure-Donatello.-Teenage-Mutant-Ninja-Turtles-Cartoon-1.jpg\",\"datePublished\":\"2024-07-21T22:00:10+00:00\",\"dateModified\":\"2024-08-06T19:07:11+00:00\",\"breadcrumb\":{\"@id\":\"https:\/\/endormoonstore.com\/en\/samurai-adventure-michelangelo-space-adventure-donatello-teenage-mutant-ninja-turtles-cartoon\/#breadcrumb\"},\"inLanguage\":\"en-US\",\"potentialAction\":[{\"@type\":\"ReadAction\",\"target\":[\"https:\/\/endormoonstore.com\/en\/samurai-adventure-michelangelo-space-adventure-donatello-teenage-mutant-ninja-turtles-cartoon\/\"]}]},{\"@type\":\"ImageObject\",\"inLanguage\":\"en-US\",\"@id\":\"https:\/\/endormoonstore.com\/en\/samurai-adventure-michelangelo-space-adventure-donatello-teenage-mutant-ninja-turtles-cartoon\/#primaryimage\",\"url\":\"https:\/\/endormoonstore.com\/wp-content\/uploads\/2024\/07\/Samurai-Adventure-Michelangelo-Space-Adventure-Donatello.-Teenage-Mutant-Ninja-Turtles-Cartoon-1.jpg\",\"contentUrl\":\"https:\/\/endormoonstore.com\/wp-content\/uploads\/2024\/07\/Samurai-Adventure-Michelangelo-Space-Adventure-Donatello.-Teenage-Mutant-Ninja-Turtles-Cartoon-1.jpg\",\"width\":1000,\"height\":1000},{\"@type\":\"BreadcrumbList\",\"@id\":\"https:\/\/endormoonstore.com\/en\/samurai-adventure-michelangelo-space-adventure-donatello-teenage-mutant-ninja-turtles-cartoon\/#breadcrumb\",\"itemListElement\":[{\"@type\":\"ListItem\",\"position\":1,\"name\":\"Shop\",\"item\":\"https:\/\/endormoonstore.com\/en\/shop\/\"},{\"@type\":\"ListItem\",\"position\":2,\"name\":\"Samurai Adventure Michelangelo &#038; Space Adventure Donatello Teenage Mutant Ninja Turtles Cartoon\"}]},{\"@type\":\"WebSite\",\"@id\":\"https:\/\/endormoonstore.com\/#website\",\"url\":\"https:\/\/endormoonstore.com\/\",\"name\":\"EndormoonStore\",\"description\":\"\",\"potentialAction\":[{\"@type\":\"SearchAction\",\"target\":{\"@type\":\"EntryPoint\",\"urlTemplate\":\"https:\/\/endormoonstore.com\/?s={search_term_string}\"},\"query-input\":{\"@type\":\"PropertyValueSpecification\",\"valueRequired\":true,\"valueName\":\"search_term_string\"}}],\"inLanguage\":\"en-US\"}]}<\/script>\n<!-- \/ Yoast SEO plugin. -->","yoast_head_json":{"title":"Samurai Adventure Michelangelo & Space Adventure Donatello Teenage Mutant Ninja Turtles Cartoon - EndormoonStore","robots":{"index":"index","follow":"follow","max-snippet":"max-snippet:-1","max-image-preview":"max-image-preview:large","max-video-preview":"max-video-preview:-1"},"canonical":"https:\/\/endormoonstore.com\/en\/samurai-adventure-michelangelo-space-adventure-donatello-teenage-mutant-ninja-turtles-cartoon\/","og_locale":"en_US","og_type":"article","og_title":"Samurai Adventure Michelangelo & Space Adventure Donatello Teenage Mutant Ninja Turtles Cartoon - EndormoonStore","og_description":"Samurai Adventure Michelangelo &amp; Space Adventure Donatello Teenage Mutant Ninja Turtles Cartoon Saca a tus Tortugas de las alcantarillas y ll\u00e9valas a los confines del espacio... \u00a1o de vuelta al Jap\u00f3n feudal! Al estilo de la cl\u00e1sica serie de dibujos animados Teenage Mutant Ninja Turtles de los a\u00f1os 80, Neca ha dise\u00f1ado nuevos e imaginativos atuendos para Michelangelo y Donatello que te permiten llevarlos a aventuras en un universo de pizza paralelo.","og_url":"https:\/\/endormoonstore.com\/en\/samurai-adventure-michelangelo-space-adventure-donatello-teenage-mutant-ninja-turtles-cartoon\/","og_site_name":"EndormoonStore","article_modified_time":"2024-08-06T19:07:11+00:00","og_image":[{"width":1000,"height":1000,"url":"https:\/\/endormoonstore.com\/wp-content\/uploads\/2024\/07\/Samurai-Adventure-Michelangelo-Space-Adventure-Donatello.-Teenage-Mutant-Ninja-Turtles-Cartoon-1.jpg","type":"image\/jpeg"}],"twitter_card":"summary_large_image","twitter_misc":{"Est. reading time":"2 minutes"},"schema":{"@context":"https:\/\/schema.org","@graph":[{"@type":"WebPage","@id":"https:\/\/endormoonstore.com\/en\/samurai-adventure-michelangelo-space-adventure-donatello-teenage-mutant-ninja-turtles-cartoon\/","url":"https:\/\/endormoonstore.com\/en\/samurai-adventure-michelangelo-space-adventure-donatello-teenage-mutant-ninja-turtles-cartoon\/","name":"Samurai Adventure Michelangelo & Space Adventure Donatello Teenage Mutant Ninja Turtles Cartoon - EndormoonStore","isPartOf":{"@id":"https:\/\/endormoonstore.com\/#website"},"primaryImageOfPage":{"@id":"https:\/\/endormoonstore.com\/en\/samurai-adventure-michelangelo-space-adventure-donatello-teenage-mutant-ninja-turtles-cartoon\/#primaryimage"},"image":{"@id":"https:\/\/endormoonstore.com\/en\/samurai-adventure-michelangelo-space-adventure-donatello-teenage-mutant-ninja-turtles-cartoon\/#primaryimage"},"thumbnailUrl":"https:\/\/endormoonstore.com\/wp-content\/uploads\/2024\/07\/Samurai-Adventure-Michelangelo-Space-Adventure-Donatello.-Teenage-Mutant-Ninja-Turtles-Cartoon-1.jpg","datePublished":"2024-07-21T22:00:10+00:00","dateModified":"2024-08-06T19:07:11+00:00","breadcrumb":{"@id":"https:\/\/endormoonstore.com\/en\/samurai-adventure-michelangelo-space-adventure-donatello-teenage-mutant-ninja-turtles-cartoon\/#breadcrumb"},"inLanguage":"en-US","potentialAction":[{"@type":"ReadAction","target":["https:\/\/endormoonstore.com\/en\/samurai-adventure-michelangelo-space-adventure-donatello-teenage-mutant-ninja-turtles-cartoon\/"]}]},{"@type":"ImageObject","inLanguage":"en-US","@id":"https:\/\/endormoonstore.com\/en\/samurai-adventure-michelangelo-space-adventure-donatello-teenage-mutant-ninja-turtles-cartoon\/#primaryimage","url":"https:\/\/endormoonstore.com\/wp-content\/uploads\/2024\/07\/Samurai-Adventure-Michelangelo-Space-Adventure-Donatello.-Teenage-Mutant-Ninja-Turtles-Cartoon-1.jpg","contentUrl":"https:\/\/endormoonstore.com\/wp-content\/uploads\/2024\/07\/Samurai-Adventure-Michelangelo-Space-Adventure-Donatello.-Teenage-Mutant-Ninja-Turtles-Cartoon-1.jpg","width":1000,"height":1000},{"@type":"BreadcrumbList","@id":"https:\/\/endormoonstore.com\/en\/samurai-adventure-michelangelo-space-adventure-donatello-teenage-mutant-ninja-turtles-cartoon\/#breadcrumb","itemListElement":[{"@type":"ListItem","position":1,"name":"Shop","item":"https:\/\/endormoonstore.com\/en\/shop\/"},{"@type":"ListItem","position":2,"name":"Samurai Adventure Michelangelo &#038; Space Adventure Donatello Teenage Mutant Ninja Turtles Cartoon"}]},{"@type":"WebSite","@id":"https:\/\/endormoonstore.com\/#website","url":"https:\/\/endormoonstore.com\/","name":"EndormoonStore","description":"","potentialAction":[{"@type":"SearchAction","target":{"@type":"EntryPoint","urlTemplate":"https:\/\/endormoonstore.com\/?s={search_term_string}"},"query-input":{"@type":"PropertyValueSpecification","valueRequired":true,"valueName":"search_term_string"}}],"inLanguage":"en-US"}]}},"taxonomy_info":{"product_cat":[{"value":1384,"label":"Pre-orders"}],"pa_brand":[{"value":2090,"label":"Neca"}],"pa_character":[{"value":5249,"label":"Donatello"},{"value":5279,"label":"Michelangelo"}],"pa_license":[{"value":2035,"label":"Teenage Mutant Ninja Turtles"}],"pa_product-type":[{"value":2387,"label":"Figure"}],"pa_theme":[{"value":2864,"label":"Scale Action Figure"}]},"featured_image_src_large":["https:\/\/endormoonstore.com\/wp-content\/uploads\/2024\/07\/Samurai-Adventure-Michelangelo-Space-Adventure-Donatello.-Teenage-Mutant-Ninja-Turtles-Cartoon-1.jpg",1000,1000,false],"author_info":[],"comment_info":"","_links":{"self":[{"href":"https:\/\/endormoonstore.com\/en\/wp-json\/wp\/v2\/product\/159877","targetHints":{"allow":["GET"]}}],"collection":[{"href":"https:\/\/endormoonstore.com\/en\/wp-json\/wp\/v2\/product"}],"about":[{"href":"https:\/\/endormoonstore.com\/en\/wp-json\/wp\/v2\/types\/product"}],"wp:featuredmedia":[{"embeddable":true,"href":"https:\/\/endormoonstore.com\/en\/wp-json\/wp\/v2\/media\/159868"}],"wp:attachment":[{"href":"https:\/\/endormoonstore.com\/en\/wp-json\/wp\/v2\/media?parent=159877"}],"wp:term":[{"taxonomy":"product_cat","embeddable":true,"href":"https:\/\/endormoonstore.com\/en\/wp-json\/wp\/v2\/product_cat?post=159877"},{"taxonomy":"product_tag","embeddable":true,"href":"https:\/\/endormoonstore.com\/en\/wp-json\/wp\/v2\/product_tag?post=159877"}],"curies":[{"name":"wp","href":"https:\/\/api.w.org\/{rel}","templated":true}]}}