{"id":159863,"date":"2025-05-29T00:30:21","date_gmt":"2025-05-28T22:30:21","guid":{"rendered":"https:\/\/endormoonstore.com\/medical-machine-dragon-ball-z-s-h-figuarts\/"},"modified":"2025-06-13T12:27:57","modified_gmt":"2025-06-13T10:27:57","slug":"medical-machine-dragon-ball-z-s-h-figuarts","status":"publish","type":"product","link":"https:\/\/endormoonstore.com\/en\/medical-machine-dragon-ball-z-s-h-figuarts\/","title":{"rendered":"Medical Machine Dragon Ball Z S.H Figuarts"},"content":{"rendered":"<h4 data-sourcepos=\"5:1-5:89\"><strong>Medical Machine Dragon Ball: \u00a1La C\u00e1mara de Recuperaci\u00f3n de Namek Llega a S.H.Figuarts!<\/strong><\/h4>\n<ul>\n<li data-sourcepos=\"7:1-7:428\">\u00a1Prep\u00e1rate para recrear momentos legendarios! La cl\u00e1sica Medical Machine Dragon Ball, utilizada para sanar a Goku en <em>Dragon Ball Z<\/em>, llega ahora, por fin, a la l\u00ednea S.H.Figuarts. Esta r\u00e9plica detallada de la Medical Machine Dragon Ball, en primer lugar, te permite construir dioramas ic\u00f3nicos. Por ejemplo, podr\u00e1s revivir la intensa recuperaci\u00f3n de Goku tras la batalla contra Freezer. En consecuencia, es una pieza imprescindible para cualquier fan de la serie.<\/li>\n<\/ul>\n<h4 data-sourcepos=\"9:1-9:42\"><strong>Dise\u00f1o Aut\u00e9ntico y Luces LED Realistas<\/strong><\/h4>\n<ul>\n<li data-sourcepos=\"11:1-11:365\">Este modelo a gran escala mide, de hecho, aproximadamente 13.5 cm de largo. Permite, adem\u00e1s, introducir la figura S.H.Figuarts Son Goku -A Saiyan Raised on Earth- (se vende por separado) en su interior. Tamashii Nations ha recreado el movimiento de las burbujas de forma magistral. Se logra, por consiguiente, con tres luces LED que se iluminan en secuencia, simulando el memorable burbujeo de la m\u00e1quina m\u00e9dica.<\/li>\n<\/ul>\n<h4 data-sourcepos=\"13:1-13:45\"><strong>Calidad Premium y Accesorios de Colecci\u00f3n<\/strong><\/h4>\n<ul>\n<li data-sourcepos=\"19:1-19:333\">Fabricada en pl\u00e1stico de alta calidad, esta pieza garantiza durabilidad. Tambi\u00e9n ofrece un alto nivel de detalle. Bandai incluye, asimismo, partes de cabeza intercambiables y expresiones faciales adicionales. Estas, por lo tanto, son compatibles con la figura S.H.Figuarts Son Goku -A Saiyan Raised on Earth- (se vende por separado).<\/li>\n<li data-sourcepos=\"21:1-21:338\">\u00a1Atenci\u00f3n! Las figuras no est\u00e1n incluidas; de hecho, se venden por separado. \u00a1No dejes escapar esta oportunidad! Completa tu colecci\u00f3n y, por ende, recrea la dram\u00e1tica escena de recuperaci\u00f3n de <a href=\"https:\/\/endormoonstore.com\/dragon-ball-z-son-goku-saiyan-raised-on-earth-s-h-figuarts\/\"><strong>Goku\u00a0Saiyan Raised on Earth<\/strong><\/a>. O bien, haz que <strong><a href=\"https:\/\/endormoonstore.com\/vegeta-old-battle-clothes-dragon-ball-z-s-h-figuarts\/\">Vegeta<\/a> Old Battle Clothes <\/strong>espere impaciente su turno. \u00a1Consigue tu Medical Machine ahora!<\/li>\n<\/ul>\n<h4><strong>Sobre Tamashii Nations y su linea SH Figuarts:<\/strong><\/h4>\n<ul>\n<li><strong><a href=\"\/?product_brand=tamashii-nations\">Tamashii Nations<\/a><\/strong>\u00a0es una marca reconocida por sus figuras de alta calidad y detallado dise\u00f1o. Especializada en coleccionables, utiliza tecnolog\u00eda avanzada y artesan\u00eda impresionante para crear figuras que capturan la esencia de personajes ic\u00f3nicos de anime, manga y otras propiedades de la cultura pop. Tamashii Nations se esfuerza por traer &#8220;tamashii&#8221; (alma) a cada producto, infundiendo pasi\u00f3n y dedicaci\u00f3n en cada figura que crean. Su objetivo es ofrecer a los coleccionistas piezas que no solo sean visualmente impresionantes, sino que tambi\u00e9n evoquen emociones y recuerdos de sus series favoritas.<\/li>\n<li>La l\u00ednea<strong>\u00a0<a href=\"https:\/\/endormoonstore.com\/tematica\/s-h-figuarts\/\">S.H. Figuarts<\/a>\u00a0<\/strong>es una de las m\u00e1s destacadas de Tamashii Nations. Estas figuras est\u00e1n dise\u00f1adas para imitar el rango de movimiento del cuerpo humano, permitiendo una alta articulaci\u00f3n y poses din\u00e1micas. La colecci\u00f3n incluye personajes de series populares como Dragon Ball, Jujutsu Kaisen, Kamen Rider y Marvel, entre otros. Cada figura de S.H. Figuarts combina t\u00e9cnicas avanzadas de modelado, movimiento y coloraci\u00f3n para ofrecer representaciones realistas de tus personajes favoritos.<\/li>\n<\/ul>\n","protected":false},"excerpt":{"rendered":"<h4 data-sourcepos=\"5:1-5:89\"><strong>Medical Machine Dragon Ball: \u00a1La C\u00e1mara de Recuperaci\u00f3n de Namek Llega a S.H.Figuarts!<\/strong><\/h4>\n<p>\u00a1Prep\u00e1rate para recrear momentos legendarios! La cl\u00e1sica Medical Machine Dragon Ball, utilizada para sanar a Goku en <em>Dragon Ball Z<\/em>, llega ahora, por fin, a la l\u00ednea S.H.Figuarts. Esta r\u00e9plica detallada de la Medical Machine Dragon Ball, en primer lugar, te permite construir dioramas ic\u00f3nicos.<\/p>\n","protected":false},"featured_media":159847,"template":"","meta":{"_acf_changed":false,"_kad_blocks_custom_css":"","_kad_blocks_head_custom_js":"","_kad_blocks_body_custom_js":"","_kad_blocks_footer_custom_js":""},"product_cat":[1390,13511],"product_tag":[],"class_list":{"0":"post-159863","1":"product","2":"type-product","3":"status-publish","4":"has-post-thumbnail","6":"product_cat-figures","7":"product_cat-new-arrivals","8":"pa_brand-tamashii-nations-en","9":"pa_character-medical-machine-en","10":"pa_license-dragon-ball-en","11":"pa_product-type-figure","12":"pa_theme-s-h-figuarts-en","14":"first","15":"instock","16":"taxable","17":"shipping-taxable","18":"purchasable","19":"product-type-simple"},"acf":[],"yoast_head":"<!-- This site is optimized with the Yoast SEO plugin v26.1.1 - https:\/\/yoast.com\/wordpress\/plugins\/seo\/ -->\n<title>Medical Machine Dragon Ball Z S.H Figuarts - EndormoonStore<\/title>\n<meta name=\"description\" content=\"Medical Machine Dragon Ball Z: La c\u00e1mara de recuperaci\u00f3n de Namek a escala. Con luces LED. \u00a1Imprescindible para tu colecci\u00f3n S.H.Figuarts!\" \/>\n<meta name=\"robots\" content=\"index, follow, max-snippet:-1, max-image-preview:large, max-video-preview:-1\" \/>\n<link rel=\"canonical\" href=\"https:\/\/endormoonstore.com\/en\/medical-machine-dragon-ball-z-s-h-figuarts\/\" \/>\n<meta property=\"og:locale\" content=\"en_US\" \/>\n<meta property=\"og:type\" content=\"article\" \/>\n<meta property=\"og:title\" content=\"Medical Machine Dragon Ball Z S.H Figuarts - EndormoonStore\" \/>\n<meta property=\"og:description\" content=\"Medical Machine Dragon Ball Z: La c\u00e1mara de recuperaci\u00f3n de Namek a escala. Con luces LED. \u00a1Imprescindible para tu colecci\u00f3n S.H.Figuarts!\" \/>\n<meta property=\"og:url\" content=\"https:\/\/endormoonstore.com\/en\/medical-machine-dragon-ball-z-s-h-figuarts\/\" \/>\n<meta property=\"og:site_name\" content=\"EndormoonStore\" \/>\n<meta property=\"article:modified_time\" content=\"2025-06-13T10:27:57+00:00\" \/>\n<meta property=\"og:image\" content=\"https:\/\/endormoonstore.com\/wp-content\/uploads\/2024\/08\/Medical-Machine-Dragon-Ball-Z-S.H-Figuarts-1.jpg\" \/>\n\t<meta property=\"og:image:width\" content=\"1000\" \/>\n\t<meta property=\"og:image:height\" content=\"800\" \/>\n\t<meta property=\"og:image:type\" content=\"image\/jpeg\" \/>\n<meta name=\"twitter:card\" content=\"summary_large_image\" \/>\n<meta name=\"twitter:label1\" content=\"Est. reading time\" \/>\n\t<meta name=\"twitter:data1\" content=\"3 minutes\" \/>\n<script type=\"application\/ld+json\" class=\"yoast-schema-graph\">{\"@context\":\"https:\/\/schema.org\",\"@graph\":[{\"@type\":\"WebPage\",\"@id\":\"https:\/\/endormoonstore.com\/en\/medical-machine-dragon-ball-z-s-h-figuarts\/\",\"url\":\"https:\/\/endormoonstore.com\/en\/medical-machine-dragon-ball-z-s-h-figuarts\/\",\"name\":\"Medical Machine Dragon Ball Z S.H Figuarts - EndormoonStore\",\"isPartOf\":{\"@id\":\"https:\/\/endormoonstore.com\/#website\"},\"primaryImageOfPage\":{\"@id\":\"https:\/\/endormoonstore.com\/en\/medical-machine-dragon-ball-z-s-h-figuarts\/#primaryimage\"},\"image\":{\"@id\":\"https:\/\/endormoonstore.com\/en\/medical-machine-dragon-ball-z-s-h-figuarts\/#primaryimage\"},\"thumbnailUrl\":\"https:\/\/endormoonstore.com\/wp-content\/uploads\/2024\/08\/Medical-Machine-Dragon-Ball-Z-S.H-Figuarts-1.jpg\",\"datePublished\":\"2025-05-28T22:30:21+00:00\",\"dateModified\":\"2025-06-13T10:27:57+00:00\",\"description\":\"Medical Machine Dragon Ball Z: La c\u00e1mara de recuperaci\u00f3n de Namek a escala. Con luces LED. \u00a1Imprescindible para tu colecci\u00f3n S.H.Figuarts!\",\"breadcrumb\":{\"@id\":\"https:\/\/endormoonstore.com\/en\/medical-machine-dragon-ball-z-s-h-figuarts\/#breadcrumb\"},\"inLanguage\":\"en-US\",\"potentialAction\":[{\"@type\":\"ReadAction\",\"target\":[\"https:\/\/endormoonstore.com\/en\/medical-machine-dragon-ball-z-s-h-figuarts\/\"]}]},{\"@type\":\"ImageObject\",\"inLanguage\":\"en-US\",\"@id\":\"https:\/\/endormoonstore.com\/en\/medical-machine-dragon-ball-z-s-h-figuarts\/#primaryimage\",\"url\":\"https:\/\/endormoonstore.com\/wp-content\/uploads\/2024\/08\/Medical-Machine-Dragon-Ball-Z-S.H-Figuarts-1.jpg\",\"contentUrl\":\"https:\/\/endormoonstore.com\/wp-content\/uploads\/2024\/08\/Medical-Machine-Dragon-Ball-Z-S.H-Figuarts-1.jpg\",\"width\":1000,\"height\":800,\"caption\":\"La ic\u00f3nica Medical Machine de Dragon Ball Z lista para la recuperaci\u00f3n de tus guerreros.\"},{\"@type\":\"BreadcrumbList\",\"@id\":\"https:\/\/endormoonstore.com\/en\/medical-machine-dragon-ball-z-s-h-figuarts\/#breadcrumb\",\"itemListElement\":[{\"@type\":\"ListItem\",\"position\":1,\"name\":\"Shop\",\"item\":\"https:\/\/endormoonstore.com\/en\/shop\/\"},{\"@type\":\"ListItem\",\"position\":2,\"name\":\"Medical Machine Dragon Ball Z S.H Figuarts\"}]},{\"@type\":\"WebSite\",\"@id\":\"https:\/\/endormoonstore.com\/#website\",\"url\":\"https:\/\/endormoonstore.com\/\",\"name\":\"EndormoonStore\",\"description\":\"\",\"potentialAction\":[{\"@type\":\"SearchAction\",\"target\":{\"@type\":\"EntryPoint\",\"urlTemplate\":\"https:\/\/endormoonstore.com\/?s={search_term_string}\"},\"query-input\":{\"@type\":\"PropertyValueSpecification\",\"valueRequired\":true,\"valueName\":\"search_term_string\"}}],\"inLanguage\":\"en-US\"}]}<\/script>\n<!-- \/ Yoast SEO plugin. -->","yoast_head_json":{"title":"Medical Machine Dragon Ball Z S.H Figuarts - EndormoonStore","description":"Medical Machine Dragon Ball Z: La c\u00e1mara de recuperaci\u00f3n de Namek a escala. Con luces LED. \u00a1Imprescindible para tu colecci\u00f3n S.H.Figuarts!","robots":{"index":"index","follow":"follow","max-snippet":"max-snippet:-1","max-image-preview":"max-image-preview:large","max-video-preview":"max-video-preview:-1"},"canonical":"https:\/\/endormoonstore.com\/en\/medical-machine-dragon-ball-z-s-h-figuarts\/","og_locale":"en_US","og_type":"article","og_title":"Medical Machine Dragon Ball Z S.H Figuarts - EndormoonStore","og_description":"Medical Machine Dragon Ball Z: La c\u00e1mara de recuperaci\u00f3n de Namek a escala. Con luces LED. \u00a1Imprescindible para tu colecci\u00f3n S.H.Figuarts!","og_url":"https:\/\/endormoonstore.com\/en\/medical-machine-dragon-ball-z-s-h-figuarts\/","og_site_name":"EndormoonStore","article_modified_time":"2025-06-13T10:27:57+00:00","og_image":[{"width":1000,"height":800,"url":"https:\/\/endormoonstore.com\/wp-content\/uploads\/2024\/08\/Medical-Machine-Dragon-Ball-Z-S.H-Figuarts-1.jpg","type":"image\/jpeg"}],"twitter_card":"summary_large_image","twitter_misc":{"Est. reading time":"3 minutes"},"schema":{"@context":"https:\/\/schema.org","@graph":[{"@type":"WebPage","@id":"https:\/\/endormoonstore.com\/en\/medical-machine-dragon-ball-z-s-h-figuarts\/","url":"https:\/\/endormoonstore.com\/en\/medical-machine-dragon-ball-z-s-h-figuarts\/","name":"Medical Machine Dragon Ball Z S.H Figuarts - EndormoonStore","isPartOf":{"@id":"https:\/\/endormoonstore.com\/#website"},"primaryImageOfPage":{"@id":"https:\/\/endormoonstore.com\/en\/medical-machine-dragon-ball-z-s-h-figuarts\/#primaryimage"},"image":{"@id":"https:\/\/endormoonstore.com\/en\/medical-machine-dragon-ball-z-s-h-figuarts\/#primaryimage"},"thumbnailUrl":"https:\/\/endormoonstore.com\/wp-content\/uploads\/2024\/08\/Medical-Machine-Dragon-Ball-Z-S.H-Figuarts-1.jpg","datePublished":"2025-05-28T22:30:21+00:00","dateModified":"2025-06-13T10:27:57+00:00","description":"Medical Machine Dragon Ball Z: La c\u00e1mara de recuperaci\u00f3n de Namek a escala. Con luces LED. \u00a1Imprescindible para tu colecci\u00f3n S.H.Figuarts!","breadcrumb":{"@id":"https:\/\/endormoonstore.com\/en\/medical-machine-dragon-ball-z-s-h-figuarts\/#breadcrumb"},"inLanguage":"en-US","potentialAction":[{"@type":"ReadAction","target":["https:\/\/endormoonstore.com\/en\/medical-machine-dragon-ball-z-s-h-figuarts\/"]}]},{"@type":"ImageObject","inLanguage":"en-US","@id":"https:\/\/endormoonstore.com\/en\/medical-machine-dragon-ball-z-s-h-figuarts\/#primaryimage","url":"https:\/\/endormoonstore.com\/wp-content\/uploads\/2024\/08\/Medical-Machine-Dragon-Ball-Z-S.H-Figuarts-1.jpg","contentUrl":"https:\/\/endormoonstore.com\/wp-content\/uploads\/2024\/08\/Medical-Machine-Dragon-Ball-Z-S.H-Figuarts-1.jpg","width":1000,"height":800,"caption":"La ic\u00f3nica Medical Machine de Dragon Ball Z lista para la recuperaci\u00f3n de tus guerreros."},{"@type":"BreadcrumbList","@id":"https:\/\/endormoonstore.com\/en\/medical-machine-dragon-ball-z-s-h-figuarts\/#breadcrumb","itemListElement":[{"@type":"ListItem","position":1,"name":"Shop","item":"https:\/\/endormoonstore.com\/en\/shop\/"},{"@type":"ListItem","position":2,"name":"Medical Machine Dragon Ball Z S.H Figuarts"}]},{"@type":"WebSite","@id":"https:\/\/endormoonstore.com\/#website","url":"https:\/\/endormoonstore.com\/","name":"EndormoonStore","description":"","potentialAction":[{"@type":"SearchAction","target":{"@type":"EntryPoint","urlTemplate":"https:\/\/endormoonstore.com\/?s={search_term_string}"},"query-input":{"@type":"PropertyValueSpecification","valueRequired":true,"valueName":"search_term_string"}}],"inLanguage":"en-US"}]}},"taxonomy_info":{"product_cat":[{"value":1390,"label":"Figures"},{"value":13511,"label":"New Arrivals"}],"pa_brand":[{"value":2096,"label":"Tamashii Nations"}],"pa_character":[{"value":14547,"label":"Medical Machine"}],"pa_license":[{"value":2240,"label":"Dragon Ball"}],"pa_product-type":[{"value":2387,"label":"Figure"}],"pa_theme":[{"value":1813,"label":"S.H. Figuarts"}]},"featured_image_src_large":["https:\/\/endormoonstore.com\/wp-content\/uploads\/2024\/08\/Medical-Machine-Dragon-Ball-Z-S.H-Figuarts-1.jpg",1000,800,false],"author_info":[],"comment_info":"","_links":{"self":[{"href":"https:\/\/endormoonstore.com\/en\/wp-json\/wp\/v2\/product\/159863","targetHints":{"allow":["GET"]}}],"collection":[{"href":"https:\/\/endormoonstore.com\/en\/wp-json\/wp\/v2\/product"}],"about":[{"href":"https:\/\/endormoonstore.com\/en\/wp-json\/wp\/v2\/types\/product"}],"wp:featuredmedia":[{"embeddable":true,"href":"https:\/\/endormoonstore.com\/en\/wp-json\/wp\/v2\/media\/159847"}],"wp:attachment":[{"href":"https:\/\/endormoonstore.com\/en\/wp-json\/wp\/v2\/media?parent=159863"}],"wp:term":[{"taxonomy":"product_cat","embeddable":true,"href":"https:\/\/endormoonstore.com\/en\/wp-json\/wp\/v2\/product_cat?post=159863"},{"taxonomy":"product_tag","embeddable":true,"href":"https:\/\/endormoonstore.com\/en\/wp-json\/wp\/v2\/product_tag?post=159863"}],"curies":[{"name":"wp","href":"https:\/\/api.w.org\/{rel}","templated":true}]}}