{"id":159756,"date":"2024-07-06T23:55:21","date_gmt":"2024-07-06T21:55:21","guid":{"rendered":"https:\/\/endormoonstore.com\/synja-patrol-troop-reinforcements-pack-teenage-mutant-ninja-turtles-the-last-ronin\/"},"modified":"2024-07-30T13:48:25","modified_gmt":"2024-07-30T11:48:25","slug":"synja-patrol-troop-reinforcements-pack-teenage-mutant-ninja-turtles-the-last-ronin","status":"publish","type":"product","link":"https:\/\/endormoonstore.com\/en\/synja-patrol-troop-reinforcements-pack-teenage-mutant-ninja-turtles-the-last-ronin\/","title":{"rendered":"Synja Patrol Troop Reinforcements Pack Teenage Mutant Ninja Turtles: The Last Ronin"},"content":{"rendered":"<p><strong>Synja Patrol Troop Reinforcements Pack Teenage Mutant Ninja Turtles: The Last Ronin<\/strong><\/p>\n<ul>\n<li>De la serie de c\u00f3mics de las Teenage Mutant Ninja Turtles: The Last Ronin en una ciudad de Nueva York del futuro muy diferente a la que conocemos hoy, una solitaria Tortuga sobreviviente emprende una misi\u00f3n aparentemente desesperada para obtener justicia para su familia y amigos ca\u00eddos.<\/li>\n<li>Esta figura de acci\u00f3n de los robot del pack de 2 figuras de Synja Patrol Troop Reinforcements es fiel a la representaci\u00f3n del c\u00f3mic y tiene una altura de unos 18 cm.<\/li>\n<li>Incluyen dos pares de manos para cada uno, dos armas, dos espadas con sus vainas, una cabeza extra para Synja Patrol Bot cl\u00e1sico, dos cabezas alternativas para Synja Patrol Bot blanco, y tres Mousers.<\/li>\n<li>Viene en una caja con ventana para coleccionistas con solapa que se abre y presenta una ilustraci\u00f3n personalizada de Ben Bishop.<\/li>\n<\/ul>\n<p>&nbsp;<\/p>\n","protected":false},"excerpt":{"rendered":"<p><strong>Synja Patrol Troop Reinforcements Pack Teenage Mutant Ninja Turtles: The Last Ronin<\/strong><\/p>\n<p>De la serie de c\u00f3mics de las Teenage Mutant Ninja Turtles: The Last Ronin en una ciudad de Nueva York del futuro muy diferente a la que conocemos hoy, una solitaria Tortuga sobreviviente emprende una misi\u00f3n aparentemente desesperada para obtener justicia para su familia y amigos ca\u00eddos.<\/p>\n","protected":false},"featured_media":159736,"template":"","meta":{"_acf_changed":false,"_kad_blocks_custom_css":"","_kad_blocks_head_custom_js":"","_kad_blocks_body_custom_js":"","_kad_blocks_footer_custom_js":""},"product_cat":[1384],"product_tag":[],"class_list":{"0":"post-159756","1":"product","2":"type-product","3":"status-publish","4":"has-post-thumbnail","6":"product_cat-pre-orders","7":"pa_brand-neca-en","8":"pa_character-elite-synja-patrol-bot-en","9":"pa_license-teenage-mutant-ninja-turtles","10":"pa_product-type-figure","11":"pa_theme-scale-action-figure-en","13":"first","14":"instock","15":"taxable","16":"shipping-taxable","17":"purchasable","18":"product-type-simple"},"acf":[],"yoast_head":"<!-- This site is optimized with the Yoast SEO plugin v26.1.1 - https:\/\/yoast.com\/wordpress\/plugins\/seo\/ -->\n<title>Synja Patrol Troop Reinforcements Pack Teenage Mutant Ninja Turtles: The Last Ronin - EndormoonStore<\/title>\n<meta name=\"robots\" content=\"index, follow, max-snippet:-1, max-image-preview:large, max-video-preview:-1\" \/>\n<link rel=\"canonical\" href=\"https:\/\/endormoonstore.com\/en\/synja-patrol-troop-reinforcements-pack-teenage-mutant-ninja-turtles-the-last-ronin\/\" \/>\n<meta property=\"og:locale\" content=\"en_US\" \/>\n<meta property=\"og:type\" content=\"article\" \/>\n<meta property=\"og:title\" content=\"Synja Patrol Troop Reinforcements Pack Teenage Mutant Ninja Turtles: The Last Ronin - EndormoonStore\" \/>\n<meta property=\"og:description\" content=\"Synja Patrol Troop Reinforcements Pack Teenage Mutant Ninja Turtles: The Last Ronin  De la serie de c\u00f3mics de las Teenage Mutant Ninja Turtles: The Last Ronin en una ciudad de Nueva York del futuro muy diferente a la que conocemos hoy, una solitaria Tortuga sobreviviente emprende una misi\u00f3n aparentemente desesperada para obtener justicia para su familia y amigos ca\u00eddos.\" \/>\n<meta property=\"og:url\" content=\"https:\/\/endormoonstore.com\/en\/synja-patrol-troop-reinforcements-pack-teenage-mutant-ninja-turtles-the-last-ronin\/\" \/>\n<meta property=\"og:site_name\" content=\"EndormoonStore\" \/>\n<meta property=\"article:modified_time\" content=\"2024-07-30T11:48:25+00:00\" \/>\n<meta property=\"og:image\" content=\"https:\/\/endormoonstore.com\/wp-content\/uploads\/2024\/07\/Synja-Patrol-Troop-Reinforcements-Pack-Teenage-Mutant-Ninja-Turtles-The-Last-Ronin-1.jpg\" \/>\n\t<meta property=\"og:image:width\" content=\"1000\" \/>\n\t<meta property=\"og:image:height\" content=\"1250\" \/>\n\t<meta property=\"og:image:type\" content=\"image\/jpeg\" \/>\n<meta name=\"twitter:card\" content=\"summary_large_image\" \/>\n<meta name=\"twitter:label1\" content=\"Est. reading time\" \/>\n\t<meta name=\"twitter:data1\" content=\"1 minute\" \/>\n<script type=\"application\/ld+json\" class=\"yoast-schema-graph\">{\"@context\":\"https:\/\/schema.org\",\"@graph\":[{\"@type\":\"WebPage\",\"@id\":\"https:\/\/endormoonstore.com\/en\/synja-patrol-troop-reinforcements-pack-teenage-mutant-ninja-turtles-the-last-ronin\/\",\"url\":\"https:\/\/endormoonstore.com\/en\/synja-patrol-troop-reinforcements-pack-teenage-mutant-ninja-turtles-the-last-ronin\/\",\"name\":\"Synja Patrol Troop Reinforcements Pack Teenage Mutant Ninja Turtles: The Last Ronin - EndormoonStore\",\"isPartOf\":{\"@id\":\"https:\/\/endormoonstore.com\/#website\"},\"primaryImageOfPage\":{\"@id\":\"https:\/\/endormoonstore.com\/en\/synja-patrol-troop-reinforcements-pack-teenage-mutant-ninja-turtles-the-last-ronin\/#primaryimage\"},\"image\":{\"@id\":\"https:\/\/endormoonstore.com\/en\/synja-patrol-troop-reinforcements-pack-teenage-mutant-ninja-turtles-the-last-ronin\/#primaryimage\"},\"thumbnailUrl\":\"https:\/\/endormoonstore.com\/wp-content\/uploads\/2024\/07\/Synja-Patrol-Troop-Reinforcements-Pack-Teenage-Mutant-Ninja-Turtles-The-Last-Ronin-1.jpg\",\"datePublished\":\"2024-07-06T21:55:21+00:00\",\"dateModified\":\"2024-07-30T11:48:25+00:00\",\"breadcrumb\":{\"@id\":\"https:\/\/endormoonstore.com\/en\/synja-patrol-troop-reinforcements-pack-teenage-mutant-ninja-turtles-the-last-ronin\/#breadcrumb\"},\"inLanguage\":\"en-US\",\"potentialAction\":[{\"@type\":\"ReadAction\",\"target\":[\"https:\/\/endormoonstore.com\/en\/synja-patrol-troop-reinforcements-pack-teenage-mutant-ninja-turtles-the-last-ronin\/\"]}]},{\"@type\":\"ImageObject\",\"inLanguage\":\"en-US\",\"@id\":\"https:\/\/endormoonstore.com\/en\/synja-patrol-troop-reinforcements-pack-teenage-mutant-ninja-turtles-the-last-ronin\/#primaryimage\",\"url\":\"https:\/\/endormoonstore.com\/wp-content\/uploads\/2024\/07\/Synja-Patrol-Troop-Reinforcements-Pack-Teenage-Mutant-Ninja-Turtles-The-Last-Ronin-1.jpg\",\"contentUrl\":\"https:\/\/endormoonstore.com\/wp-content\/uploads\/2024\/07\/Synja-Patrol-Troop-Reinforcements-Pack-Teenage-Mutant-Ninja-Turtles-The-Last-Ronin-1.jpg\",\"width\":1000,\"height\":1250},{\"@type\":\"BreadcrumbList\",\"@id\":\"https:\/\/endormoonstore.com\/en\/synja-patrol-troop-reinforcements-pack-teenage-mutant-ninja-turtles-the-last-ronin\/#breadcrumb\",\"itemListElement\":[{\"@type\":\"ListItem\",\"position\":1,\"name\":\"Shop\",\"item\":\"https:\/\/endormoonstore.com\/en\/shop\/\"},{\"@type\":\"ListItem\",\"position\":2,\"name\":\"Synja Patrol Troop Reinforcements Pack Teenage Mutant Ninja Turtles: The Last Ronin\"}]},{\"@type\":\"WebSite\",\"@id\":\"https:\/\/endormoonstore.com\/#website\",\"url\":\"https:\/\/endormoonstore.com\/\",\"name\":\"EndormoonStore\",\"description\":\"\",\"potentialAction\":[{\"@type\":\"SearchAction\",\"target\":{\"@type\":\"EntryPoint\",\"urlTemplate\":\"https:\/\/endormoonstore.com\/?s={search_term_string}\"},\"query-input\":{\"@type\":\"PropertyValueSpecification\",\"valueRequired\":true,\"valueName\":\"search_term_string\"}}],\"inLanguage\":\"en-US\"}]}<\/script>\n<!-- \/ Yoast SEO plugin. -->","yoast_head_json":{"title":"Synja Patrol Troop Reinforcements Pack Teenage Mutant Ninja Turtles: The Last Ronin - EndormoonStore","robots":{"index":"index","follow":"follow","max-snippet":"max-snippet:-1","max-image-preview":"max-image-preview:large","max-video-preview":"max-video-preview:-1"},"canonical":"https:\/\/endormoonstore.com\/en\/synja-patrol-troop-reinforcements-pack-teenage-mutant-ninja-turtles-the-last-ronin\/","og_locale":"en_US","og_type":"article","og_title":"Synja Patrol Troop Reinforcements Pack Teenage Mutant Ninja Turtles: The Last Ronin - EndormoonStore","og_description":"Synja Patrol Troop Reinforcements Pack Teenage Mutant Ninja Turtles: The Last Ronin  De la serie de c\u00f3mics de las Teenage Mutant Ninja Turtles: The Last Ronin en una ciudad de Nueva York del futuro muy diferente a la que conocemos hoy, una solitaria Tortuga sobreviviente emprende una misi\u00f3n aparentemente desesperada para obtener justicia para su familia y amigos ca\u00eddos.","og_url":"https:\/\/endormoonstore.com\/en\/synja-patrol-troop-reinforcements-pack-teenage-mutant-ninja-turtles-the-last-ronin\/","og_site_name":"EndormoonStore","article_modified_time":"2024-07-30T11:48:25+00:00","og_image":[{"width":1000,"height":1250,"url":"https:\/\/endormoonstore.com\/wp-content\/uploads\/2024\/07\/Synja-Patrol-Troop-Reinforcements-Pack-Teenage-Mutant-Ninja-Turtles-The-Last-Ronin-1.jpg","type":"image\/jpeg"}],"twitter_card":"summary_large_image","twitter_misc":{"Est. reading time":"1 minute"},"schema":{"@context":"https:\/\/schema.org","@graph":[{"@type":"WebPage","@id":"https:\/\/endormoonstore.com\/en\/synja-patrol-troop-reinforcements-pack-teenage-mutant-ninja-turtles-the-last-ronin\/","url":"https:\/\/endormoonstore.com\/en\/synja-patrol-troop-reinforcements-pack-teenage-mutant-ninja-turtles-the-last-ronin\/","name":"Synja Patrol Troop Reinforcements Pack Teenage Mutant Ninja Turtles: The Last Ronin - EndormoonStore","isPartOf":{"@id":"https:\/\/endormoonstore.com\/#website"},"primaryImageOfPage":{"@id":"https:\/\/endormoonstore.com\/en\/synja-patrol-troop-reinforcements-pack-teenage-mutant-ninja-turtles-the-last-ronin\/#primaryimage"},"image":{"@id":"https:\/\/endormoonstore.com\/en\/synja-patrol-troop-reinforcements-pack-teenage-mutant-ninja-turtles-the-last-ronin\/#primaryimage"},"thumbnailUrl":"https:\/\/endormoonstore.com\/wp-content\/uploads\/2024\/07\/Synja-Patrol-Troop-Reinforcements-Pack-Teenage-Mutant-Ninja-Turtles-The-Last-Ronin-1.jpg","datePublished":"2024-07-06T21:55:21+00:00","dateModified":"2024-07-30T11:48:25+00:00","breadcrumb":{"@id":"https:\/\/endormoonstore.com\/en\/synja-patrol-troop-reinforcements-pack-teenage-mutant-ninja-turtles-the-last-ronin\/#breadcrumb"},"inLanguage":"en-US","potentialAction":[{"@type":"ReadAction","target":["https:\/\/endormoonstore.com\/en\/synja-patrol-troop-reinforcements-pack-teenage-mutant-ninja-turtles-the-last-ronin\/"]}]},{"@type":"ImageObject","inLanguage":"en-US","@id":"https:\/\/endormoonstore.com\/en\/synja-patrol-troop-reinforcements-pack-teenage-mutant-ninja-turtles-the-last-ronin\/#primaryimage","url":"https:\/\/endormoonstore.com\/wp-content\/uploads\/2024\/07\/Synja-Patrol-Troop-Reinforcements-Pack-Teenage-Mutant-Ninja-Turtles-The-Last-Ronin-1.jpg","contentUrl":"https:\/\/endormoonstore.com\/wp-content\/uploads\/2024\/07\/Synja-Patrol-Troop-Reinforcements-Pack-Teenage-Mutant-Ninja-Turtles-The-Last-Ronin-1.jpg","width":1000,"height":1250},{"@type":"BreadcrumbList","@id":"https:\/\/endormoonstore.com\/en\/synja-patrol-troop-reinforcements-pack-teenage-mutant-ninja-turtles-the-last-ronin\/#breadcrumb","itemListElement":[{"@type":"ListItem","position":1,"name":"Shop","item":"https:\/\/endormoonstore.com\/en\/shop\/"},{"@type":"ListItem","position":2,"name":"Synja Patrol Troop Reinforcements Pack Teenage Mutant Ninja Turtles: The Last Ronin"}]},{"@type":"WebSite","@id":"https:\/\/endormoonstore.com\/#website","url":"https:\/\/endormoonstore.com\/","name":"EndormoonStore","description":"","potentialAction":[{"@type":"SearchAction","target":{"@type":"EntryPoint","urlTemplate":"https:\/\/endormoonstore.com\/?s={search_term_string}"},"query-input":{"@type":"PropertyValueSpecification","valueRequired":true,"valueName":"search_term_string"}}],"inLanguage":"en-US"}]}},"taxonomy_info":{"product_cat":[{"value":1384,"label":"Pre-orders"}],"pa_brand":[{"value":2090,"label":"Neca"}],"pa_character":[{"value":14537,"label":"Elite Synja Patrol Bot"}],"pa_license":[{"value":2035,"label":"Teenage Mutant Ninja Turtles"}],"pa_product-type":[{"value":2387,"label":"Figure"}],"pa_theme":[{"value":2864,"label":"Scale Action Figure"}]},"featured_image_src_large":["https:\/\/endormoonstore.com\/wp-content\/uploads\/2024\/07\/Synja-Patrol-Troop-Reinforcements-Pack-Teenage-Mutant-Ninja-Turtles-The-Last-Ronin-1.jpg",1000,1250,false],"author_info":[],"comment_info":"","_links":{"self":[{"href":"https:\/\/endormoonstore.com\/en\/wp-json\/wp\/v2\/product\/159756","targetHints":{"allow":["GET"]}}],"collection":[{"href":"https:\/\/endormoonstore.com\/en\/wp-json\/wp\/v2\/product"}],"about":[{"href":"https:\/\/endormoonstore.com\/en\/wp-json\/wp\/v2\/types\/product"}],"wp:featuredmedia":[{"embeddable":true,"href":"https:\/\/endormoonstore.com\/en\/wp-json\/wp\/v2\/media\/159736"}],"wp:attachment":[{"href":"https:\/\/endormoonstore.com\/en\/wp-json\/wp\/v2\/media?parent=159756"}],"wp:term":[{"taxonomy":"product_cat","embeddable":true,"href":"https:\/\/endormoonstore.com\/en\/wp-json\/wp\/v2\/product_cat?post=159756"},{"taxonomy":"product_tag","embeddable":true,"href":"https:\/\/endormoonstore.com\/en\/wp-json\/wp\/v2\/product_tag?post=159756"}],"curies":[{"name":"wp","href":"https:\/\/api.w.org\/{rel}","templated":true}]}}