{"id":159566,"date":"2024-07-26T00:15:28","date_gmt":"2024-07-25T22:15:28","guid":{"rendered":"https:\/\/endormoonstore.com\/storm-shadow-g-i-joe-one12-collective\/"},"modified":"2024-07-27T22:15:54","modified_gmt":"2024-07-27T20:15:54","slug":"storm-shadow-g-i-joe-one12-collective","status":"publish","type":"product","link":"https:\/\/endormoonstore.com\/en\/storm-shadow-g-i-joe-one12-collective\/","title":{"rendered":"Storm Shadow G.I. Joe One:12 Collective"},"content":{"rendered":"<p><strong>Storm Shadow G.I. Joe One:12 Collective<\/strong><\/p>\n<ul>\n<li>Mezco Toyz presenta a Storm Shadow, el guardaespaldas ninja de Cobra Commander y \u00faltima incorporaci\u00f3n al Colectivo One:12<\/li>\n<li>Storm Shadow de One:12 Collective est\u00e1 equipado con un karategi de manga corta con la insignia de Cobra, espinilleras y botas tabi. Su arn\u00e9s de pecho puede contener 3 kunai en la parte delantera y su carcaj en la parte trasera, y su funda de muslo puede contener su nunchaku.<\/li>\n<li>Storm Shadow incluye dos cabezas una enmascarada con diferentes expresiones faciales y un cabeza sin m\u00e1scara.El operativo ninja de \u00e9lite Cobra est\u00e1 preparado para infiltrarse, equipado con m\u00faltiples sai, m\u00faltiples shuriken y efectos especiales para lanzar shuriken, un arco con flechas, guada\u00f1as de mano y m\u00e1s.<\/li>\n<li>Storm Shadow es un experto de \u00e9lite en una variedad de artes marciales y armas ninja, y un miembro exiliado del clan ninja Arashikage.<\/li>\n<li>Originalmente destinado a ser el l\u00edder del clan, un giro de los acontecimientos lo envi\u00f3 por un camino diferente y a las filas de Cobra. Una combinaci\u00f3n de velocidad, habilidad y resistencia hacen que Storm Shadow sea extremadamente letal.<\/li>\n<\/ul>\n<h4>Caracteristicas de Storm Shadow:<\/h4>\n<ul>\n<li>One:12 Cuerpo con m\u00e1s de 32 puntos de articulaci\u00f3n<\/li>\n<li>Retrato de tres cabezas<\/li>\n<li>Detalles aut\u00e9nticos pintados a mano.<\/li>\n<li>Aproximadamente 17 cm de alto<\/li>\n<li>Catorce\u00a0 manos intercambiables\n<ul>\n<li>Un par de pu\u00f1os (Izq. y Der.)<\/li>\n<li>Un par de armas tomadas de la mano (de izquierda a derecha)<\/li>\n<li>Un par de manos de karate (de izquierda a derecha)<\/li>\n<li>Un par de manos abiertas (I&amp;D)<\/li>\n<li>Un par de armas tomadas de la mano (de izquierda a derecha)<\/li>\n<li>Una mano que sostiene la flecha (R)<\/li>\n<li>Una mano que sostiene el arco (L)<\/li>\n<li>Dos pares de manos posando (de izquierda a derecha)<\/li>\n<\/ul>\n<\/li>\n<\/ul>\n<h4>Traje:<\/h4>\n<ul>\n<li>Karategi de manga corta con insignia de Cobra<\/li>\n<li>Arn\u00e9s de pecho con compartimento para kunai y carcaj<\/li>\n<li>Guanteletes de mu\u00f1eca<\/li>\n<li>Cintur\u00f3n<\/li>\n<li>Fundas de muslo con almacenamiento para nunchakus<\/li>\n<li>Armadura de rodilla<\/li>\n<li>Espinilleras<\/li>\n<li>Botas Tabi<\/li>\n<\/ul>\n<h4>Accesorios y Armas:<\/h4>\n<ul>\n<li>Un wakizashi<\/li>\n<li>Un \u014ddachi<\/li>\n<li>Un nunchaku<\/li>\n<li>Un arco<\/li>\n<li>Un carcaj de arco\/funda de espada<\/li>\n<li>Un manojo de flechas<\/li>\n<li>Un efecto de lanzamiento de bombas de humo (se adhiere a la mano)<\/li>\n<li>Un efecto de desv\u00edo de shuriken (se adhiere a wakizashi o \u014ddachi)<\/li>\n<li>Un efecto de lanzamiento de shuriken (se adhiere a la mano)<\/li>\n<li>Dos sai<\/li>\n<li>Dos guada\u00f1as de mano<\/li>\n<li>Tres shuriken manji<\/li>\n<li>Tres shuriken hira<\/li>\n<li>Tres flechas<\/li>\n<li>Seis shuriken happo<\/li>\n<li>Seis kunai<\/li>\n<li>Una base de exhibici\u00f3n colectiva One:12 con logotipo<\/li>\n<li>Un poste de exhibici\u00f3n ajustable colectivo One:12<\/li>\n<\/ul>\n","protected":false},"excerpt":{"rendered":"<p><strong>Storm Shadow G.I. Joe One:12 Collective<\/strong><\/p>\n<p>Mezco Toyz presenta a Storm Shadow, el guardaespaldas ninja de Cobra Commander y \u00faltima incorporaci\u00f3n al Colectivo One:12<\/p>\n","protected":false},"featured_media":159524,"template":"","meta":{"_acf_changed":false,"_kad_blocks_custom_css":"","_kad_blocks_head_custom_js":"","_kad_blocks_body_custom_js":"","_kad_blocks_footer_custom_js":""},"product_cat":[1390,13511],"product_tag":[],"class_list":{"0":"post-159566","1":"product","2":"type-product","3":"status-publish","4":"has-post-thumbnail","6":"product_cat-figures","7":"product_cat-new-arrivals","8":"pa_brand-mezco-toyz-en","9":"pa_character-storm-shadow-en","10":"pa_license-g-i-joe-en","11":"pa_product-type-figure","12":"pa_theme-one12-collective-en","14":"first","15":"outofstock","16":"taxable","17":"shipping-taxable","18":"purchasable","19":"product-type-simple"},"acf":[],"yoast_head":"<!-- This site is optimized with the Yoast SEO plugin v26.1.1 - https:\/\/yoast.com\/wordpress\/plugins\/seo\/ -->\n<title>Storm Shadow G.I. Joe One:12 Collective - EndormoonStore<\/title>\n<meta name=\"robots\" content=\"index, follow, max-snippet:-1, max-image-preview:large, max-video-preview:-1\" \/>\n<link rel=\"canonical\" href=\"https:\/\/endormoonstore.com\/en\/storm-shadow-g-i-joe-one12-collective\/\" \/>\n<meta property=\"og:locale\" content=\"en_US\" \/>\n<meta property=\"og:type\" content=\"article\" \/>\n<meta property=\"og:title\" content=\"Storm Shadow G.I. Joe One:12 Collective - EndormoonStore\" \/>\n<meta property=\"og:description\" content=\"Storm Shadow G.I. Joe One:12 Collective  Mezco Toyz presenta a Storm Shadow, el guardaespaldas ninja de Cobra Commander y \u00faltima incorporaci\u00f3n al Colectivo One:12\" \/>\n<meta property=\"og:url\" content=\"https:\/\/endormoonstore.com\/en\/storm-shadow-g-i-joe-one12-collective\/\" \/>\n<meta property=\"og:site_name\" content=\"EndormoonStore\" \/>\n<meta property=\"article:modified_time\" content=\"2024-07-27T20:15:54+00:00\" \/>\n<meta property=\"og:image\" content=\"https:\/\/endormoonstore.com\/wp-content\/uploads\/2024\/07\/Storm-Shadow-G.I.-Joe-One12-Collective-1.jpeg\" \/>\n\t<meta property=\"og:image:width\" content=\"800\" \/>\n\t<meta property=\"og:image:height\" content=\"800\" \/>\n\t<meta property=\"og:image:type\" content=\"image\/jpeg\" \/>\n<meta name=\"twitter:card\" content=\"summary_large_image\" \/>\n<meta name=\"twitter:label1\" content=\"Est. reading time\" \/>\n\t<meta name=\"twitter:data1\" content=\"3 minutes\" \/>\n<script type=\"application\/ld+json\" class=\"yoast-schema-graph\">{\"@context\":\"https:\/\/schema.org\",\"@graph\":[{\"@type\":\"WebPage\",\"@id\":\"https:\/\/endormoonstore.com\/en\/storm-shadow-g-i-joe-one12-collective\/\",\"url\":\"https:\/\/endormoonstore.com\/en\/storm-shadow-g-i-joe-one12-collective\/\",\"name\":\"Storm Shadow G.I. Joe One:12 Collective - EndormoonStore\",\"isPartOf\":{\"@id\":\"https:\/\/endormoonstore.com\/#website\"},\"primaryImageOfPage\":{\"@id\":\"https:\/\/endormoonstore.com\/en\/storm-shadow-g-i-joe-one12-collective\/#primaryimage\"},\"image\":{\"@id\":\"https:\/\/endormoonstore.com\/en\/storm-shadow-g-i-joe-one12-collective\/#primaryimage\"},\"thumbnailUrl\":\"https:\/\/endormoonstore.com\/wp-content\/uploads\/2024\/07\/Storm-Shadow-G.I.-Joe-One12-Collective-1.jpeg\",\"datePublished\":\"2024-07-25T22:15:28+00:00\",\"dateModified\":\"2024-07-27T20:15:54+00:00\",\"breadcrumb\":{\"@id\":\"https:\/\/endormoonstore.com\/en\/storm-shadow-g-i-joe-one12-collective\/#breadcrumb\"},\"inLanguage\":\"en-US\",\"potentialAction\":[{\"@type\":\"ReadAction\",\"target\":[\"https:\/\/endormoonstore.com\/en\/storm-shadow-g-i-joe-one12-collective\/\"]}]},{\"@type\":\"ImageObject\",\"inLanguage\":\"en-US\",\"@id\":\"https:\/\/endormoonstore.com\/en\/storm-shadow-g-i-joe-one12-collective\/#primaryimage\",\"url\":\"https:\/\/endormoonstore.com\/wp-content\/uploads\/2024\/07\/Storm-Shadow-G.I.-Joe-One12-Collective-1.jpeg\",\"contentUrl\":\"https:\/\/endormoonstore.com\/wp-content\/uploads\/2024\/07\/Storm-Shadow-G.I.-Joe-One12-Collective-1.jpeg\",\"width\":800,\"height\":800},{\"@type\":\"BreadcrumbList\",\"@id\":\"https:\/\/endormoonstore.com\/en\/storm-shadow-g-i-joe-one12-collective\/#breadcrumb\",\"itemListElement\":[{\"@type\":\"ListItem\",\"position\":1,\"name\":\"Shop\",\"item\":\"https:\/\/endormoonstore.com\/en\/shop\/\"},{\"@type\":\"ListItem\",\"position\":2,\"name\":\"Storm Shadow G.I. Joe One:12 Collective\"}]},{\"@type\":\"WebSite\",\"@id\":\"https:\/\/endormoonstore.com\/#website\",\"url\":\"https:\/\/endormoonstore.com\/\",\"name\":\"EndormoonStore\",\"description\":\"\",\"potentialAction\":[{\"@type\":\"SearchAction\",\"target\":{\"@type\":\"EntryPoint\",\"urlTemplate\":\"https:\/\/endormoonstore.com\/?s={search_term_string}\"},\"query-input\":{\"@type\":\"PropertyValueSpecification\",\"valueRequired\":true,\"valueName\":\"search_term_string\"}}],\"inLanguage\":\"en-US\"}]}<\/script>\n<!-- \/ Yoast SEO plugin. -->","yoast_head_json":{"title":"Storm Shadow G.I. Joe One:12 Collective - EndormoonStore","robots":{"index":"index","follow":"follow","max-snippet":"max-snippet:-1","max-image-preview":"max-image-preview:large","max-video-preview":"max-video-preview:-1"},"canonical":"https:\/\/endormoonstore.com\/en\/storm-shadow-g-i-joe-one12-collective\/","og_locale":"en_US","og_type":"article","og_title":"Storm Shadow G.I. Joe One:12 Collective - EndormoonStore","og_description":"Storm Shadow G.I. Joe One:12 Collective  Mezco Toyz presenta a Storm Shadow, el guardaespaldas ninja de Cobra Commander y \u00faltima incorporaci\u00f3n al Colectivo One:12","og_url":"https:\/\/endormoonstore.com\/en\/storm-shadow-g-i-joe-one12-collective\/","og_site_name":"EndormoonStore","article_modified_time":"2024-07-27T20:15:54+00:00","og_image":[{"width":800,"height":800,"url":"https:\/\/endormoonstore.com\/wp-content\/uploads\/2024\/07\/Storm-Shadow-G.I.-Joe-One12-Collective-1.jpeg","type":"image\/jpeg"}],"twitter_card":"summary_large_image","twitter_misc":{"Est. reading time":"3 minutes"},"schema":{"@context":"https:\/\/schema.org","@graph":[{"@type":"WebPage","@id":"https:\/\/endormoonstore.com\/en\/storm-shadow-g-i-joe-one12-collective\/","url":"https:\/\/endormoonstore.com\/en\/storm-shadow-g-i-joe-one12-collective\/","name":"Storm Shadow G.I. Joe One:12 Collective - EndormoonStore","isPartOf":{"@id":"https:\/\/endormoonstore.com\/#website"},"primaryImageOfPage":{"@id":"https:\/\/endormoonstore.com\/en\/storm-shadow-g-i-joe-one12-collective\/#primaryimage"},"image":{"@id":"https:\/\/endormoonstore.com\/en\/storm-shadow-g-i-joe-one12-collective\/#primaryimage"},"thumbnailUrl":"https:\/\/endormoonstore.com\/wp-content\/uploads\/2024\/07\/Storm-Shadow-G.I.-Joe-One12-Collective-1.jpeg","datePublished":"2024-07-25T22:15:28+00:00","dateModified":"2024-07-27T20:15:54+00:00","breadcrumb":{"@id":"https:\/\/endormoonstore.com\/en\/storm-shadow-g-i-joe-one12-collective\/#breadcrumb"},"inLanguage":"en-US","potentialAction":[{"@type":"ReadAction","target":["https:\/\/endormoonstore.com\/en\/storm-shadow-g-i-joe-one12-collective\/"]}]},{"@type":"ImageObject","inLanguage":"en-US","@id":"https:\/\/endormoonstore.com\/en\/storm-shadow-g-i-joe-one12-collective\/#primaryimage","url":"https:\/\/endormoonstore.com\/wp-content\/uploads\/2024\/07\/Storm-Shadow-G.I.-Joe-One12-Collective-1.jpeg","contentUrl":"https:\/\/endormoonstore.com\/wp-content\/uploads\/2024\/07\/Storm-Shadow-G.I.-Joe-One12-Collective-1.jpeg","width":800,"height":800},{"@type":"BreadcrumbList","@id":"https:\/\/endormoonstore.com\/en\/storm-shadow-g-i-joe-one12-collective\/#breadcrumb","itemListElement":[{"@type":"ListItem","position":1,"name":"Shop","item":"https:\/\/endormoonstore.com\/en\/shop\/"},{"@type":"ListItem","position":2,"name":"Storm Shadow G.I. Joe One:12 Collective"}]},{"@type":"WebSite","@id":"https:\/\/endormoonstore.com\/#website","url":"https:\/\/endormoonstore.com\/","name":"EndormoonStore","description":"","potentialAction":[{"@type":"SearchAction","target":{"@type":"EntryPoint","urlTemplate":"https:\/\/endormoonstore.com\/?s={search_term_string}"},"query-input":{"@type":"PropertyValueSpecification","valueRequired":true,"valueName":"search_term_string"}}],"inLanguage":"en-US"}]}},"taxonomy_info":{"product_cat":[{"value":1390,"label":"Figures"},{"value":13511,"label":"New Arrivals"}],"pa_brand":[{"value":1638,"label":"Mezco Toyz"}],"pa_character":[{"value":7362,"label":"Storm Shadow"}],"pa_license":[{"value":3032,"label":"G.I.Joe"}],"pa_product-type":[{"value":2387,"label":"Figure"}],"pa_theme":[{"value":1885,"label":"One:12 Collective"}]},"featured_image_src_large":["https:\/\/endormoonstore.com\/wp-content\/uploads\/2024\/07\/Storm-Shadow-G.I.-Joe-One12-Collective-1.jpeg",800,800,false],"author_info":[],"comment_info":"","_links":{"self":[{"href":"https:\/\/endormoonstore.com\/en\/wp-json\/wp\/v2\/product\/159566","targetHints":{"allow":["GET"]}}],"collection":[{"href":"https:\/\/endormoonstore.com\/en\/wp-json\/wp\/v2\/product"}],"about":[{"href":"https:\/\/endormoonstore.com\/en\/wp-json\/wp\/v2\/types\/product"}],"wp:featuredmedia":[{"embeddable":true,"href":"https:\/\/endormoonstore.com\/en\/wp-json\/wp\/v2\/media\/159524"}],"wp:attachment":[{"href":"https:\/\/endormoonstore.com\/en\/wp-json\/wp\/v2\/media?parent=159566"}],"wp:term":[{"taxonomy":"product_cat","embeddable":true,"href":"https:\/\/endormoonstore.com\/en\/wp-json\/wp\/v2\/product_cat?post=159566"},{"taxonomy":"product_tag","embeddable":true,"href":"https:\/\/endormoonstore.com\/en\/wp-json\/wp\/v2\/product_tag?post=159566"}],"curies":[{"name":"wp","href":"https:\/\/api.w.org\/{rel}","templated":true}]}}