{"id":159519,"date":"2024-07-26T00:10:53","date_gmt":"2024-07-25T22:10:53","guid":{"rendered":"https:\/\/endormoonstore.com\/pennywise-it-2017-mezco-designer-series-mega-scale-talking\/"},"modified":"2024-10-01T00:00:19","modified_gmt":"2024-09-30T22:00:19","slug":"pennywise-it-2017-mezco-designer-series-mega-scale-talking","status":"publish","type":"product","link":"https:\/\/endormoonstore.com\/en\/pennywise-it-2017-mezco-designer-series-mega-scale-talking\/","title":{"rendered":"Pennywise IT (2017) Mezco Designer Series Mega Scale Talking"},"content":{"rendered":"<p><strong>Pennywise IT (2017) Mezco Designer Series Mega Scale Talking<\/strong><\/p>\n<ul>\n<li>Mezco Toys presenta, dentro de su colecci\u00f3n MDS Mega Scale, la figura de Pennywise parlante. El payaso de la pel\u00edcula &#8220;It&#8221; (2017) mide 38 cm. Viene vestido con un traje de payaso hecho a medida, est\u00e1 articulado y dice algunas de sus frases m\u00e1s escalofriantes de la pel\u00edcula.<\/li>\n<li>La figura del Pennywise MDS Mega Scale viene empaquetada en una caja con ventana apta para coleccionistas, perfecta para exhibir.<\/li>\n<\/ul>\n","protected":false},"excerpt":{"rendered":"<p><strong>Pennywise IT (2017) Mezco Designer Series Mega Scale Talking<\/strong><\/p>\n<p>Mezco Toys presenta, dentro de su colecci\u00f3n MDS Mega Scale, la figura de Pennywise parlante. El payaso de la pel\u00edcula &#8220;It&#8221; (2017) mide 38 cm. Viene vestido con un traje de payaso hecho a medida, est\u00e1 articulado y dice algunas de sus frases m\u00e1s escalofriantes de la pel\u00edcula.<\/p>\n","protected":false},"featured_media":159508,"template":"","meta":{"_acf_changed":false,"_kad_blocks_custom_css":"","_kad_blocks_head_custom_js":"","_kad_blocks_body_custom_js":"","_kad_blocks_footer_custom_js":""},"product_cat":[1390,13511],"product_tag":[],"class_list":{"0":"post-159519","1":"product","2":"type-product","3":"status-publish","4":"has-post-thumbnail","6":"product_cat-figures","7":"product_cat-new-arrivals","8":"pa_brand-mezco-toyz-en","9":"pa_character-pennywise-en","10":"pa_license-it-en","11":"pa_product-type-figure","12":"pa_theme-mds-mega-scale-en","14":"first","15":"outofstock","16":"taxable","17":"shipping-taxable","18":"purchasable","19":"product-type-simple"},"acf":[],"yoast_head":"<!-- This site is optimized with the Yoast SEO plugin v26.1.1 - https:\/\/yoast.com\/wordpress\/plugins\/seo\/ -->\n<title>Pennywise IT (2017) Mezco Designer Series Mega Scale Talking - EndormoonStore<\/title>\n<meta name=\"robots\" content=\"index, follow, max-snippet:-1, max-image-preview:large, max-video-preview:-1\" \/>\n<link rel=\"canonical\" href=\"https:\/\/endormoonstore.com\/en\/pennywise-it-2017-mezco-designer-series-mega-scale-talking\/\" \/>\n<meta property=\"og:locale\" content=\"en_US\" \/>\n<meta property=\"og:type\" content=\"article\" \/>\n<meta property=\"og:title\" content=\"Pennywise IT (2017) Mezco Designer Series Mega Scale Talking - EndormoonStore\" \/>\n<meta property=\"og:description\" content=\"Pennywise IT (2017) Mezco Designer Series Mega Scale Talking  Mezco Toys presenta, dentro de su colecci\u00f3n MDS Mega Scale, la figura de Pennywise parlante. El payaso de la pel\u00edcula &quot;It&quot; (2017) mide 38 cm. Viene vestido con un traje de payaso hecho a medida, est\u00e1 articulado y dice algunas de sus frases m\u00e1s escalofriantes de la pel\u00edcula.\" \/>\n<meta property=\"og:url\" content=\"https:\/\/endormoonstore.com\/en\/pennywise-it-2017-mezco-designer-series-mega-scale-talking\/\" \/>\n<meta property=\"og:site_name\" content=\"EndormoonStore\" \/>\n<meta property=\"article:modified_time\" content=\"2024-09-30T22:00:19+00:00\" \/>\n<meta property=\"og:image\" content=\"https:\/\/endormoonstore.com\/wp-content\/uploads\/2024\/07\/Pennywise-IT-2017-Mezco-Designer-Series-Mega-Scale-Talking-1.jpeg\" \/>\n\t<meta property=\"og:image:width\" content=\"800\" \/>\n\t<meta property=\"og:image:height\" content=\"800\" \/>\n\t<meta property=\"og:image:type\" content=\"image\/jpeg\" \/>\n<meta name=\"twitter:card\" content=\"summary_large_image\" \/>\n<meta name=\"twitter:label1\" content=\"Est. reading time\" \/>\n\t<meta name=\"twitter:data1\" content=\"1 minute\" \/>\n<script type=\"application\/ld+json\" class=\"yoast-schema-graph\">{\"@context\":\"https:\/\/schema.org\",\"@graph\":[{\"@type\":\"WebPage\",\"@id\":\"https:\/\/endormoonstore.com\/en\/pennywise-it-2017-mezco-designer-series-mega-scale-talking\/\",\"url\":\"https:\/\/endormoonstore.com\/en\/pennywise-it-2017-mezco-designer-series-mega-scale-talking\/\",\"name\":\"Pennywise IT (2017) Mezco Designer Series Mega Scale Talking - EndormoonStore\",\"isPartOf\":{\"@id\":\"https:\/\/endormoonstore.com\/#website\"},\"primaryImageOfPage\":{\"@id\":\"https:\/\/endormoonstore.com\/en\/pennywise-it-2017-mezco-designer-series-mega-scale-talking\/#primaryimage\"},\"image\":{\"@id\":\"https:\/\/endormoonstore.com\/en\/pennywise-it-2017-mezco-designer-series-mega-scale-talking\/#primaryimage\"},\"thumbnailUrl\":\"https:\/\/endormoonstore.com\/wp-content\/uploads\/2024\/07\/Pennywise-IT-2017-Mezco-Designer-Series-Mega-Scale-Talking-1.jpeg\",\"datePublished\":\"2024-07-25T22:10:53+00:00\",\"dateModified\":\"2024-09-30T22:00:19+00:00\",\"breadcrumb\":{\"@id\":\"https:\/\/endormoonstore.com\/en\/pennywise-it-2017-mezco-designer-series-mega-scale-talking\/#breadcrumb\"},\"inLanguage\":\"en-US\",\"potentialAction\":[{\"@type\":\"ReadAction\",\"target\":[\"https:\/\/endormoonstore.com\/en\/pennywise-it-2017-mezco-designer-series-mega-scale-talking\/\"]}]},{\"@type\":\"ImageObject\",\"inLanguage\":\"en-US\",\"@id\":\"https:\/\/endormoonstore.com\/en\/pennywise-it-2017-mezco-designer-series-mega-scale-talking\/#primaryimage\",\"url\":\"https:\/\/endormoonstore.com\/wp-content\/uploads\/2024\/07\/Pennywise-IT-2017-Mezco-Designer-Series-Mega-Scale-Talking-1.jpeg\",\"contentUrl\":\"https:\/\/endormoonstore.com\/wp-content\/uploads\/2024\/07\/Pennywise-IT-2017-Mezco-Designer-Series-Mega-Scale-Talking-1.jpeg\",\"width\":800,\"height\":800},{\"@type\":\"BreadcrumbList\",\"@id\":\"https:\/\/endormoonstore.com\/en\/pennywise-it-2017-mezco-designer-series-mega-scale-talking\/#breadcrumb\",\"itemListElement\":[{\"@type\":\"ListItem\",\"position\":1,\"name\":\"Shop\",\"item\":\"https:\/\/endormoonstore.com\/en\/shop\/\"},{\"@type\":\"ListItem\",\"position\":2,\"name\":\"Pennywise IT (2017) Mezco Designer Series Mega Scale Talking\"}]},{\"@type\":\"WebSite\",\"@id\":\"https:\/\/endormoonstore.com\/#website\",\"url\":\"https:\/\/endormoonstore.com\/\",\"name\":\"EndormoonStore\",\"description\":\"\",\"potentialAction\":[{\"@type\":\"SearchAction\",\"target\":{\"@type\":\"EntryPoint\",\"urlTemplate\":\"https:\/\/endormoonstore.com\/?s={search_term_string}\"},\"query-input\":{\"@type\":\"PropertyValueSpecification\",\"valueRequired\":true,\"valueName\":\"search_term_string\"}}],\"inLanguage\":\"en-US\"}]}<\/script>\n<!-- \/ Yoast SEO plugin. -->","yoast_head_json":{"title":"Pennywise IT (2017) Mezco Designer Series Mega Scale Talking - EndormoonStore","robots":{"index":"index","follow":"follow","max-snippet":"max-snippet:-1","max-image-preview":"max-image-preview:large","max-video-preview":"max-video-preview:-1"},"canonical":"https:\/\/endormoonstore.com\/en\/pennywise-it-2017-mezco-designer-series-mega-scale-talking\/","og_locale":"en_US","og_type":"article","og_title":"Pennywise IT (2017) Mezco Designer Series Mega Scale Talking - EndormoonStore","og_description":"Pennywise IT (2017) Mezco Designer Series Mega Scale Talking  Mezco Toys presenta, dentro de su colecci\u00f3n MDS Mega Scale, la figura de Pennywise parlante. El payaso de la pel\u00edcula \"It\" (2017) mide 38 cm. Viene vestido con un traje de payaso hecho a medida, est\u00e1 articulado y dice algunas de sus frases m\u00e1s escalofriantes de la pel\u00edcula.","og_url":"https:\/\/endormoonstore.com\/en\/pennywise-it-2017-mezco-designer-series-mega-scale-talking\/","og_site_name":"EndormoonStore","article_modified_time":"2024-09-30T22:00:19+00:00","og_image":[{"width":800,"height":800,"url":"https:\/\/endormoonstore.com\/wp-content\/uploads\/2024\/07\/Pennywise-IT-2017-Mezco-Designer-Series-Mega-Scale-Talking-1.jpeg","type":"image\/jpeg"}],"twitter_card":"summary_large_image","twitter_misc":{"Est. reading time":"1 minute"},"schema":{"@context":"https:\/\/schema.org","@graph":[{"@type":"WebPage","@id":"https:\/\/endormoonstore.com\/en\/pennywise-it-2017-mezco-designer-series-mega-scale-talking\/","url":"https:\/\/endormoonstore.com\/en\/pennywise-it-2017-mezco-designer-series-mega-scale-talking\/","name":"Pennywise IT (2017) Mezco Designer Series Mega Scale Talking - EndormoonStore","isPartOf":{"@id":"https:\/\/endormoonstore.com\/#website"},"primaryImageOfPage":{"@id":"https:\/\/endormoonstore.com\/en\/pennywise-it-2017-mezco-designer-series-mega-scale-talking\/#primaryimage"},"image":{"@id":"https:\/\/endormoonstore.com\/en\/pennywise-it-2017-mezco-designer-series-mega-scale-talking\/#primaryimage"},"thumbnailUrl":"https:\/\/endormoonstore.com\/wp-content\/uploads\/2024\/07\/Pennywise-IT-2017-Mezco-Designer-Series-Mega-Scale-Talking-1.jpeg","datePublished":"2024-07-25T22:10:53+00:00","dateModified":"2024-09-30T22:00:19+00:00","breadcrumb":{"@id":"https:\/\/endormoonstore.com\/en\/pennywise-it-2017-mezco-designer-series-mega-scale-talking\/#breadcrumb"},"inLanguage":"en-US","potentialAction":[{"@type":"ReadAction","target":["https:\/\/endormoonstore.com\/en\/pennywise-it-2017-mezco-designer-series-mega-scale-talking\/"]}]},{"@type":"ImageObject","inLanguage":"en-US","@id":"https:\/\/endormoonstore.com\/en\/pennywise-it-2017-mezco-designer-series-mega-scale-talking\/#primaryimage","url":"https:\/\/endormoonstore.com\/wp-content\/uploads\/2024\/07\/Pennywise-IT-2017-Mezco-Designer-Series-Mega-Scale-Talking-1.jpeg","contentUrl":"https:\/\/endormoonstore.com\/wp-content\/uploads\/2024\/07\/Pennywise-IT-2017-Mezco-Designer-Series-Mega-Scale-Talking-1.jpeg","width":800,"height":800},{"@type":"BreadcrumbList","@id":"https:\/\/endormoonstore.com\/en\/pennywise-it-2017-mezco-designer-series-mega-scale-talking\/#breadcrumb","itemListElement":[{"@type":"ListItem","position":1,"name":"Shop","item":"https:\/\/endormoonstore.com\/en\/shop\/"},{"@type":"ListItem","position":2,"name":"Pennywise IT (2017) Mezco Designer Series Mega Scale Talking"}]},{"@type":"WebSite","@id":"https:\/\/endormoonstore.com\/#website","url":"https:\/\/endormoonstore.com\/","name":"EndormoonStore","description":"","potentialAction":[{"@type":"SearchAction","target":{"@type":"EntryPoint","urlTemplate":"https:\/\/endormoonstore.com\/?s={search_term_string}"},"query-input":{"@type":"PropertyValueSpecification","valueRequired":true,"valueName":"search_term_string"}}],"inLanguage":"en-US"}]}},"taxonomy_info":{"product_cat":[{"value":1390,"label":"Figures"},{"value":13511,"label":"New Arrivals"}],"pa_brand":[{"value":1638,"label":"Mezco Toyz"}],"pa_character":[{"value":5473,"label":"Pennywise"}],"pa_license":[{"value":5479,"label":"It"}],"pa_product-type":[{"value":2387,"label":"Figure"}],"pa_theme":[{"value":4877,"label":"MDS Mega Scale"}]},"featured_image_src_large":["https:\/\/endormoonstore.com\/wp-content\/uploads\/2024\/07\/Pennywise-IT-2017-Mezco-Designer-Series-Mega-Scale-Talking-1.jpeg",800,800,false],"author_info":[],"comment_info":"","_links":{"self":[{"href":"https:\/\/endormoonstore.com\/en\/wp-json\/wp\/v2\/product\/159519","targetHints":{"allow":["GET"]}}],"collection":[{"href":"https:\/\/endormoonstore.com\/en\/wp-json\/wp\/v2\/product"}],"about":[{"href":"https:\/\/endormoonstore.com\/en\/wp-json\/wp\/v2\/types\/product"}],"wp:featuredmedia":[{"embeddable":true,"href":"https:\/\/endormoonstore.com\/en\/wp-json\/wp\/v2\/media\/159508"}],"wp:attachment":[{"href":"https:\/\/endormoonstore.com\/en\/wp-json\/wp\/v2\/media?parent=159519"}],"wp:term":[{"taxonomy":"product_cat","embeddable":true,"href":"https:\/\/endormoonstore.com\/en\/wp-json\/wp\/v2\/product_cat?post=159519"},{"taxonomy":"product_tag","embeddable":true,"href":"https:\/\/endormoonstore.com\/en\/wp-json\/wp\/v2\/product_tag?post=159519"}],"curies":[{"name":"wp","href":"https:\/\/api.w.org\/{rel}","templated":true}]}}