{"id":159475,"date":"2024-07-06T23:25:47","date_gmt":"2024-07-06T21:25:47","guid":{"rendered":"https:\/\/endormoonstore.com\/jean-grey-phoenix-force-marvel-legends-series\/"},"modified":"2024-07-25T13:28:53","modified_gmt":"2024-07-25T11:28:53","slug":"jean-grey-phoenix-force-marvel-legends-series","status":"publish","type":"product","link":"https:\/\/endormoonstore.com\/en\/jean-grey-phoenix-force-marvel-legends-series\/","title":{"rendered":"Jean Grey Phoenix Force Marvel Legends Series"},"content":{"rendered":"<p><strong>Jean Grey Phoenix Force Marvel Legends Series<\/strong><\/p>\n<ul>\n<li>Hasbro presenta, dentro de la colecci\u00f3n Marvel Legends Series, la figura de Jean Grey Phoenix Force. Mide 15 cm y est\u00e1 basada en su aspecto en los c\u00f3mics de &#8220;X-Men&#8221;.<\/li>\n<li>Con la base mide unos 25 cm de alto y 21 cm de ancho cuando se combinan la figura, el f\u00e9nix y la base.<\/li>\n<li>Cuenta con m\u00e1s de 20 puntos de articulaci\u00f3n e incluye un F\u00e9nix, una base de fuego, una cabeza extra y un par de manos.<\/li>\n<li>Un poder c\u00f3smico conocido como la Fuerza F\u00e9nix se fusiona con la mutante de los X-Men, Jean Grey, convirti\u00e9ndose en una fuerza casi imparable capaz de lograr la paz o la destrucci\u00f3n.<\/li>\n<li>En la base puedes exhibir tanto a Jean como al F\u00e9nix.<\/li>\n<li>Viene en un caja con ventana y es una gran adici\u00f3n a la colecci\u00f3n de cualquier fan.<\/li>\n<\/ul>\n<p>&nbsp;<\/p>\n","protected":false},"excerpt":{"rendered":"<p><strong>Jean Grey Phoenix Force Marvel Legends Series<\/strong><\/p>\n<p>Hasbro presenta, dentro de la colecci\u00f3n Marvel Legends Series, la figura de Jean Grey Phoenix Force. Mide 15 cm y est\u00e1 basada en su aspecto en los c\u00f3mics de &#8220;X-Men&#8221;.<\/p>\n","protected":false},"featured_media":159456,"template":"","meta":{"_acf_changed":false,"_kad_blocks_custom_css":"","_kad_blocks_head_custom_js":"","_kad_blocks_body_custom_js":"","_kad_blocks_footer_custom_js":""},"product_cat":[1390,13511],"product_tag":[],"class_list":{"0":"post-159475","1":"product","2":"type-product","3":"status-publish","4":"has-post-thumbnail","6":"product_cat-figures","7":"product_cat-new-arrivals","8":"pa_brand-hasbro-en","9":"pa_character-jean-grey-en","10":"pa_license-marvel-en","11":"pa_product-type-figure","12":"pa_theme-marvel-legends-series-en","14":"first","15":"outofstock","16":"taxable","17":"shipping-taxable","18":"purchasable","19":"product-type-simple"},"acf":[],"yoast_head":"<!-- This site is optimized with the Yoast SEO plugin v26.1.1 - https:\/\/yoast.com\/wordpress\/plugins\/seo\/ -->\n<title>Jean Grey Phoenix Force Marvel Legends Series - EndormoonStore<\/title>\n<meta name=\"robots\" content=\"index, follow, max-snippet:-1, max-image-preview:large, max-video-preview:-1\" \/>\n<link rel=\"canonical\" href=\"https:\/\/endormoonstore.com\/en\/jean-grey-phoenix-force-marvel-legends-series\/\" \/>\n<meta property=\"og:locale\" content=\"en_US\" \/>\n<meta property=\"og:type\" content=\"article\" \/>\n<meta property=\"og:title\" content=\"Jean Grey Phoenix Force Marvel Legends Series - EndormoonStore\" \/>\n<meta property=\"og:description\" content=\"Jean Grey Phoenix Force Marvel Legends Series  Hasbro presenta, dentro de la colecci\u00f3n Marvel Legends Series, la figura de Jean Grey Phoenix Force. Mide 15 cm y est\u00e1 basada en su aspecto en los c\u00f3mics de &quot;X-Men&quot;.\" \/>\n<meta property=\"og:url\" content=\"https:\/\/endormoonstore.com\/en\/jean-grey-phoenix-force-marvel-legends-series\/\" \/>\n<meta property=\"og:site_name\" content=\"EndormoonStore\" \/>\n<meta property=\"article:modified_time\" content=\"2024-07-25T11:28:53+00:00\" \/>\n<meta property=\"og:image\" content=\"https:\/\/endormoonstore.com\/wp-content\/uploads\/2024\/07\/Jean-Grey-Phoenix-Force-Marvel-Legends-Series-2.jpg\" \/>\n\t<meta property=\"og:image:width\" content=\"1000\" \/>\n\t<meta property=\"og:image:height\" content=\"1000\" \/>\n\t<meta property=\"og:image:type\" content=\"image\/jpeg\" \/>\n<meta name=\"twitter:card\" content=\"summary_large_image\" \/>\n<meta name=\"twitter:label1\" content=\"Est. reading time\" \/>\n\t<meta name=\"twitter:data1\" content=\"1 minute\" \/>\n<script type=\"application\/ld+json\" class=\"yoast-schema-graph\">{\"@context\":\"https:\/\/schema.org\",\"@graph\":[{\"@type\":\"WebPage\",\"@id\":\"https:\/\/endormoonstore.com\/en\/jean-grey-phoenix-force-marvel-legends-series\/\",\"url\":\"https:\/\/endormoonstore.com\/en\/jean-grey-phoenix-force-marvel-legends-series\/\",\"name\":\"Jean Grey Phoenix Force Marvel Legends Series - EndormoonStore\",\"isPartOf\":{\"@id\":\"https:\/\/endormoonstore.com\/#website\"},\"primaryImageOfPage\":{\"@id\":\"https:\/\/endormoonstore.com\/en\/jean-grey-phoenix-force-marvel-legends-series\/#primaryimage\"},\"image\":{\"@id\":\"https:\/\/endormoonstore.com\/en\/jean-grey-phoenix-force-marvel-legends-series\/#primaryimage\"},\"thumbnailUrl\":\"https:\/\/endormoonstore.com\/wp-content\/uploads\/2024\/07\/Jean-Grey-Phoenix-Force-Marvel-Legends-Series-2.jpg\",\"datePublished\":\"2024-07-06T21:25:47+00:00\",\"dateModified\":\"2024-07-25T11:28:53+00:00\",\"breadcrumb\":{\"@id\":\"https:\/\/endormoonstore.com\/en\/jean-grey-phoenix-force-marvel-legends-series\/#breadcrumb\"},\"inLanguage\":\"en-US\",\"potentialAction\":[{\"@type\":\"ReadAction\",\"target\":[\"https:\/\/endormoonstore.com\/en\/jean-grey-phoenix-force-marvel-legends-series\/\"]}]},{\"@type\":\"ImageObject\",\"inLanguage\":\"en-US\",\"@id\":\"https:\/\/endormoonstore.com\/en\/jean-grey-phoenix-force-marvel-legends-series\/#primaryimage\",\"url\":\"https:\/\/endormoonstore.com\/wp-content\/uploads\/2024\/07\/Jean-Grey-Phoenix-Force-Marvel-Legends-Series-2.jpg\",\"contentUrl\":\"https:\/\/endormoonstore.com\/wp-content\/uploads\/2024\/07\/Jean-Grey-Phoenix-Force-Marvel-Legends-Series-2.jpg\",\"width\":1000,\"height\":1000},{\"@type\":\"BreadcrumbList\",\"@id\":\"https:\/\/endormoonstore.com\/en\/jean-grey-phoenix-force-marvel-legends-series\/#breadcrumb\",\"itemListElement\":[{\"@type\":\"ListItem\",\"position\":1,\"name\":\"Shop\",\"item\":\"https:\/\/endormoonstore.com\/en\/shop\/\"},{\"@type\":\"ListItem\",\"position\":2,\"name\":\"Jean Grey Phoenix Force Marvel Legends Series\"}]},{\"@type\":\"WebSite\",\"@id\":\"https:\/\/endormoonstore.com\/#website\",\"url\":\"https:\/\/endormoonstore.com\/\",\"name\":\"EndormoonStore\",\"description\":\"\",\"potentialAction\":[{\"@type\":\"SearchAction\",\"target\":{\"@type\":\"EntryPoint\",\"urlTemplate\":\"https:\/\/endormoonstore.com\/?s={search_term_string}\"},\"query-input\":{\"@type\":\"PropertyValueSpecification\",\"valueRequired\":true,\"valueName\":\"search_term_string\"}}],\"inLanguage\":\"en-US\"}]}<\/script>\n<!-- \/ Yoast SEO plugin. -->","yoast_head_json":{"title":"Jean Grey Phoenix Force Marvel Legends Series - EndormoonStore","robots":{"index":"index","follow":"follow","max-snippet":"max-snippet:-1","max-image-preview":"max-image-preview:large","max-video-preview":"max-video-preview:-1"},"canonical":"https:\/\/endormoonstore.com\/en\/jean-grey-phoenix-force-marvel-legends-series\/","og_locale":"en_US","og_type":"article","og_title":"Jean Grey Phoenix Force Marvel Legends Series - EndormoonStore","og_description":"Jean Grey Phoenix Force Marvel Legends Series  Hasbro presenta, dentro de la colecci\u00f3n Marvel Legends Series, la figura de Jean Grey Phoenix Force. Mide 15 cm y est\u00e1 basada en su aspecto en los c\u00f3mics de \"X-Men\".","og_url":"https:\/\/endormoonstore.com\/en\/jean-grey-phoenix-force-marvel-legends-series\/","og_site_name":"EndormoonStore","article_modified_time":"2024-07-25T11:28:53+00:00","og_image":[{"width":1000,"height":1000,"url":"https:\/\/endormoonstore.com\/wp-content\/uploads\/2024\/07\/Jean-Grey-Phoenix-Force-Marvel-Legends-Series-2.jpg","type":"image\/jpeg"}],"twitter_card":"summary_large_image","twitter_misc":{"Est. reading time":"1 minute"},"schema":{"@context":"https:\/\/schema.org","@graph":[{"@type":"WebPage","@id":"https:\/\/endormoonstore.com\/en\/jean-grey-phoenix-force-marvel-legends-series\/","url":"https:\/\/endormoonstore.com\/en\/jean-grey-phoenix-force-marvel-legends-series\/","name":"Jean Grey Phoenix Force Marvel Legends Series - EndormoonStore","isPartOf":{"@id":"https:\/\/endormoonstore.com\/#website"},"primaryImageOfPage":{"@id":"https:\/\/endormoonstore.com\/en\/jean-grey-phoenix-force-marvel-legends-series\/#primaryimage"},"image":{"@id":"https:\/\/endormoonstore.com\/en\/jean-grey-phoenix-force-marvel-legends-series\/#primaryimage"},"thumbnailUrl":"https:\/\/endormoonstore.com\/wp-content\/uploads\/2024\/07\/Jean-Grey-Phoenix-Force-Marvel-Legends-Series-2.jpg","datePublished":"2024-07-06T21:25:47+00:00","dateModified":"2024-07-25T11:28:53+00:00","breadcrumb":{"@id":"https:\/\/endormoonstore.com\/en\/jean-grey-phoenix-force-marvel-legends-series\/#breadcrumb"},"inLanguage":"en-US","potentialAction":[{"@type":"ReadAction","target":["https:\/\/endormoonstore.com\/en\/jean-grey-phoenix-force-marvel-legends-series\/"]}]},{"@type":"ImageObject","inLanguage":"en-US","@id":"https:\/\/endormoonstore.com\/en\/jean-grey-phoenix-force-marvel-legends-series\/#primaryimage","url":"https:\/\/endormoonstore.com\/wp-content\/uploads\/2024\/07\/Jean-Grey-Phoenix-Force-Marvel-Legends-Series-2.jpg","contentUrl":"https:\/\/endormoonstore.com\/wp-content\/uploads\/2024\/07\/Jean-Grey-Phoenix-Force-Marvel-Legends-Series-2.jpg","width":1000,"height":1000},{"@type":"BreadcrumbList","@id":"https:\/\/endormoonstore.com\/en\/jean-grey-phoenix-force-marvel-legends-series\/#breadcrumb","itemListElement":[{"@type":"ListItem","position":1,"name":"Shop","item":"https:\/\/endormoonstore.com\/en\/shop\/"},{"@type":"ListItem","position":2,"name":"Jean Grey Phoenix Force Marvel Legends Series"}]},{"@type":"WebSite","@id":"https:\/\/endormoonstore.com\/#website","url":"https:\/\/endormoonstore.com\/","name":"EndormoonStore","description":"","potentialAction":[{"@type":"SearchAction","target":{"@type":"EntryPoint","urlTemplate":"https:\/\/endormoonstore.com\/?s={search_term_string}"},"query-input":{"@type":"PropertyValueSpecification","valueRequired":true,"valueName":"search_term_string"}}],"inLanguage":"en-US"}]}},"taxonomy_info":{"product_cat":[{"value":1390,"label":"Figures"},{"value":13511,"label":"New Arrivals"}],"pa_brand":[{"value":2084,"label":"Hasbro"}],"pa_character":[{"value":14533,"label":"Jean Grey"}],"pa_license":[{"value":1642,"label":"Marvel"}],"pa_product-type":[{"value":2387,"label":"Figure"}],"pa_theme":[{"value":2071,"label":"Marvel Legends Series"}]},"featured_image_src_large":["https:\/\/endormoonstore.com\/wp-content\/uploads\/2024\/07\/Jean-Grey-Phoenix-Force-Marvel-Legends-Series-2.jpg",1000,1000,false],"author_info":[],"comment_info":"","_links":{"self":[{"href":"https:\/\/endormoonstore.com\/en\/wp-json\/wp\/v2\/product\/159475","targetHints":{"allow":["GET"]}}],"collection":[{"href":"https:\/\/endormoonstore.com\/en\/wp-json\/wp\/v2\/product"}],"about":[{"href":"https:\/\/endormoonstore.com\/en\/wp-json\/wp\/v2\/types\/product"}],"wp:featuredmedia":[{"embeddable":true,"href":"https:\/\/endormoonstore.com\/en\/wp-json\/wp\/v2\/media\/159456"}],"wp:attachment":[{"href":"https:\/\/endormoonstore.com\/en\/wp-json\/wp\/v2\/media?parent=159475"}],"wp:term":[{"taxonomy":"product_cat","embeddable":true,"href":"https:\/\/endormoonstore.com\/en\/wp-json\/wp\/v2\/product_cat?post=159475"},{"taxonomy":"product_tag","embeddable":true,"href":"https:\/\/endormoonstore.com\/en\/wp-json\/wp\/v2\/product_tag?post=159475"}],"curies":[{"name":"wp","href":"https:\/\/api.w.org\/{rel}","templated":true}]}}