{"id":159421,"date":"2025-01-02T00:50:51","date_gmt":"2024-07-06T21:10:51","guid":{"rendered":"https:\/\/endormoonstore.com\/gx-105d-mazinger-z-kakumei-shinka-damaged-version-soul-of-chogokin\/"},"modified":"2024-07-24T12:24:16","modified_gmt":"2024-07-24T10:24:16","slug":"gx-105d-mazinger-z-kakumei-shinka-damaged-version-soul-of-chogokin","status":"publish","type":"product","link":"https:\/\/endormoonstore.com\/en\/gx-105d-mazinger-z-kakumei-shinka-damaged-version-soul-of-chogokin\/","title":{"rendered":"GX-105D Mazinger Z Kakumei Shinka Damaged Version Soul of Chogokin"},"content":{"rendered":"<p><strong>GX-105D Mazinger Z Kakumei Shinka Damaged Version Soul of Chogokin<\/strong><\/p>\n<ul>\n<li>Tamashii Nations presenta, dentro de la colecci\u00f3n Soul of Chogokin, la figura Premium Bandai de GX-105D Mazinger Z -Kakumei Shinka- Damaged Version.<\/li>\n<li>Mide 16,5 cm y est\u00e1 basada en su aparici\u00f3n en la pel\u00edcula &#8220;Mazinger Z vs The Great General of Darkness&#8221;. Contiene tres manos intercambiables (dos izquierdas y una derecha), un par de antebrazos, un Jet Scrander versi\u00f3n da\u00f1ada, un Planeador versi\u00f3n da\u00f1ada, una espada, un cintur\u00f3n de fijaci\u00f3n Scrander versi\u00f3n da\u00f1ada y tres cabezas de misil.<\/li>\n<li>Nota: Otras figuras mostradas no incluidas (se venden por separado)<\/li>\n<\/ul>\n<p>&nbsp;<\/p>\n","protected":false},"excerpt":{"rendered":"<p><strong>GX-105D Mazinger Z Kakumei Shinka Damaged Version Soul of Chogokin<\/strong><\/p>\n<p>Tamashii Nations presenta, dentro de la colecci\u00f3n Soul of Chogokin, la figura Premium Bandai de GX-105D Mazinger Z -Kakumei Shinka- Damaged Version.<\/p>\n","protected":false},"featured_media":159406,"template":"","meta":{"_acf_changed":false,"_kad_blocks_custom_css":"","_kad_blocks_head_custom_js":"","_kad_blocks_body_custom_js":"","_kad_blocks_footer_custom_js":""},"product_cat":[1390,13511],"product_tag":[],"class_list":{"0":"post-159421","1":"product","2":"type-product","3":"status-publish","4":"has-post-thumbnail","6":"product_cat-figures","7":"product_cat-new-arrivals","8":"pa_brand-tamashii-nations-en","9":"pa_character-mazinger-z-en","10":"pa_license-mazinger-z-en","11":"pa_product-type-figure","12":"pa_theme-soul-of-chogokin-en","14":"first","15":"instock","16":"taxable","17":"shipping-taxable","18":"purchasable","19":"product-type-simple"},"acf":[],"yoast_head":"<!-- This site is optimized with the Yoast SEO plugin v26.1.1 - https:\/\/yoast.com\/wordpress\/plugins\/seo\/ -->\n<title>GX-105D Mazinger Z Kakumei Shinka Damaged Version Soul of Chogokin - EndormoonStore<\/title>\n<meta name=\"robots\" content=\"index, follow, max-snippet:-1, max-image-preview:large, max-video-preview:-1\" \/>\n<link rel=\"canonical\" href=\"https:\/\/endormoonstore.com\/en\/gx-105d-mazinger-z-kakumei-shinka-damaged-version-soul-of-chogokin\/\" \/>\n<meta property=\"og:locale\" content=\"en_US\" \/>\n<meta property=\"og:type\" content=\"article\" \/>\n<meta property=\"og:title\" content=\"GX-105D Mazinger Z Kakumei Shinka Damaged Version Soul of Chogokin - EndormoonStore\" \/>\n<meta property=\"og:description\" content=\"GX-105D Mazinger Z Kakumei Shinka Damaged Version Soul of Chogokin  Tamashii Nations presenta, dentro de la colecci\u00f3n Soul of Chogokin, la figura Premium Bandai de GX-105D Mazinger Z -Kakumei Shinka- Damaged Version.\" \/>\n<meta property=\"og:url\" content=\"https:\/\/endormoonstore.com\/en\/gx-105d-mazinger-z-kakumei-shinka-damaged-version-soul-of-chogokin\/\" \/>\n<meta property=\"og:site_name\" content=\"EndormoonStore\" \/>\n<meta property=\"article:modified_time\" content=\"2024-07-24T10:24:16+00:00\" \/>\n<meta property=\"og:image\" content=\"https:\/\/endormoonstore.com\/wp-content\/uploads\/2024\/07\/GX-105D-Mazinger-Z-Kakumei-Shinka-Damaged-Version-Soul-of-Chogokin-1.jpg\" \/>\n\t<meta property=\"og:image:width\" content=\"839\" \/>\n\t<meta property=\"og:image:height\" content=\"1200\" \/>\n\t<meta property=\"og:image:type\" content=\"image\/jpeg\" \/>\n<meta name=\"twitter:card\" content=\"summary_large_image\" \/>\n<meta name=\"twitter:label1\" content=\"Est. reading time\" \/>\n\t<meta name=\"twitter:data1\" content=\"1 minute\" \/>\n<script type=\"application\/ld+json\" class=\"yoast-schema-graph\">{\"@context\":\"https:\/\/schema.org\",\"@graph\":[{\"@type\":\"WebPage\",\"@id\":\"https:\/\/endormoonstore.com\/en\/gx-105d-mazinger-z-kakumei-shinka-damaged-version-soul-of-chogokin\/\",\"url\":\"https:\/\/endormoonstore.com\/en\/gx-105d-mazinger-z-kakumei-shinka-damaged-version-soul-of-chogokin\/\",\"name\":\"GX-105D Mazinger Z Kakumei Shinka Damaged Version Soul of Chogokin - EndormoonStore\",\"isPartOf\":{\"@id\":\"https:\/\/endormoonstore.com\/#website\"},\"primaryImageOfPage\":{\"@id\":\"https:\/\/endormoonstore.com\/en\/gx-105d-mazinger-z-kakumei-shinka-damaged-version-soul-of-chogokin\/#primaryimage\"},\"image\":{\"@id\":\"https:\/\/endormoonstore.com\/en\/gx-105d-mazinger-z-kakumei-shinka-damaged-version-soul-of-chogokin\/#primaryimage\"},\"thumbnailUrl\":\"https:\/\/endormoonstore.com\/wp-content\/uploads\/2024\/07\/GX-105D-Mazinger-Z-Kakumei-Shinka-Damaged-Version-Soul-of-Chogokin-1.jpg\",\"datePublished\":\"2024-07-06T21:10:51+00:00\",\"dateModified\":\"2024-07-24T10:24:16+00:00\",\"breadcrumb\":{\"@id\":\"https:\/\/endormoonstore.com\/en\/gx-105d-mazinger-z-kakumei-shinka-damaged-version-soul-of-chogokin\/#breadcrumb\"},\"inLanguage\":\"en-US\",\"potentialAction\":[{\"@type\":\"ReadAction\",\"target\":[\"https:\/\/endormoonstore.com\/en\/gx-105d-mazinger-z-kakumei-shinka-damaged-version-soul-of-chogokin\/\"]}]},{\"@type\":\"ImageObject\",\"inLanguage\":\"en-US\",\"@id\":\"https:\/\/endormoonstore.com\/en\/gx-105d-mazinger-z-kakumei-shinka-damaged-version-soul-of-chogokin\/#primaryimage\",\"url\":\"https:\/\/endormoonstore.com\/wp-content\/uploads\/2024\/07\/GX-105D-Mazinger-Z-Kakumei-Shinka-Damaged-Version-Soul-of-Chogokin-1.jpg\",\"contentUrl\":\"https:\/\/endormoonstore.com\/wp-content\/uploads\/2024\/07\/GX-105D-Mazinger-Z-Kakumei-Shinka-Damaged-Version-Soul-of-Chogokin-1.jpg\",\"width\":839,\"height\":1200},{\"@type\":\"BreadcrumbList\",\"@id\":\"https:\/\/endormoonstore.com\/en\/gx-105d-mazinger-z-kakumei-shinka-damaged-version-soul-of-chogokin\/#breadcrumb\",\"itemListElement\":[{\"@type\":\"ListItem\",\"position\":1,\"name\":\"Shop\",\"item\":\"https:\/\/endormoonstore.com\/en\/shop\/\"},{\"@type\":\"ListItem\",\"position\":2,\"name\":\"GX-105D Mazinger Z Kakumei Shinka Damaged Version Soul of Chogokin\"}]},{\"@type\":\"WebSite\",\"@id\":\"https:\/\/endormoonstore.com\/#website\",\"url\":\"https:\/\/endormoonstore.com\/\",\"name\":\"EndormoonStore\",\"description\":\"\",\"potentialAction\":[{\"@type\":\"SearchAction\",\"target\":{\"@type\":\"EntryPoint\",\"urlTemplate\":\"https:\/\/endormoonstore.com\/?s={search_term_string}\"},\"query-input\":{\"@type\":\"PropertyValueSpecification\",\"valueRequired\":true,\"valueName\":\"search_term_string\"}}],\"inLanguage\":\"en-US\"}]}<\/script>\n<!-- \/ Yoast SEO plugin. -->","yoast_head_json":{"title":"GX-105D Mazinger Z Kakumei Shinka Damaged Version Soul of Chogokin - EndormoonStore","robots":{"index":"index","follow":"follow","max-snippet":"max-snippet:-1","max-image-preview":"max-image-preview:large","max-video-preview":"max-video-preview:-1"},"canonical":"https:\/\/endormoonstore.com\/en\/gx-105d-mazinger-z-kakumei-shinka-damaged-version-soul-of-chogokin\/","og_locale":"en_US","og_type":"article","og_title":"GX-105D Mazinger Z Kakumei Shinka Damaged Version Soul of Chogokin - EndormoonStore","og_description":"GX-105D Mazinger Z Kakumei Shinka Damaged Version Soul of Chogokin  Tamashii Nations presenta, dentro de la colecci\u00f3n Soul of Chogokin, la figura Premium Bandai de GX-105D Mazinger Z -Kakumei Shinka- Damaged Version.","og_url":"https:\/\/endormoonstore.com\/en\/gx-105d-mazinger-z-kakumei-shinka-damaged-version-soul-of-chogokin\/","og_site_name":"EndormoonStore","article_modified_time":"2024-07-24T10:24:16+00:00","og_image":[{"width":839,"height":1200,"url":"https:\/\/endormoonstore.com\/wp-content\/uploads\/2024\/07\/GX-105D-Mazinger-Z-Kakumei-Shinka-Damaged-Version-Soul-of-Chogokin-1.jpg","type":"image\/jpeg"}],"twitter_card":"summary_large_image","twitter_misc":{"Est. reading time":"1 minute"},"schema":{"@context":"https:\/\/schema.org","@graph":[{"@type":"WebPage","@id":"https:\/\/endormoonstore.com\/en\/gx-105d-mazinger-z-kakumei-shinka-damaged-version-soul-of-chogokin\/","url":"https:\/\/endormoonstore.com\/en\/gx-105d-mazinger-z-kakumei-shinka-damaged-version-soul-of-chogokin\/","name":"GX-105D Mazinger Z Kakumei Shinka Damaged Version Soul of Chogokin - EndormoonStore","isPartOf":{"@id":"https:\/\/endormoonstore.com\/#website"},"primaryImageOfPage":{"@id":"https:\/\/endormoonstore.com\/en\/gx-105d-mazinger-z-kakumei-shinka-damaged-version-soul-of-chogokin\/#primaryimage"},"image":{"@id":"https:\/\/endormoonstore.com\/en\/gx-105d-mazinger-z-kakumei-shinka-damaged-version-soul-of-chogokin\/#primaryimage"},"thumbnailUrl":"https:\/\/endormoonstore.com\/wp-content\/uploads\/2024\/07\/GX-105D-Mazinger-Z-Kakumei-Shinka-Damaged-Version-Soul-of-Chogokin-1.jpg","datePublished":"2024-07-06T21:10:51+00:00","dateModified":"2024-07-24T10:24:16+00:00","breadcrumb":{"@id":"https:\/\/endormoonstore.com\/en\/gx-105d-mazinger-z-kakumei-shinka-damaged-version-soul-of-chogokin\/#breadcrumb"},"inLanguage":"en-US","potentialAction":[{"@type":"ReadAction","target":["https:\/\/endormoonstore.com\/en\/gx-105d-mazinger-z-kakumei-shinka-damaged-version-soul-of-chogokin\/"]}]},{"@type":"ImageObject","inLanguage":"en-US","@id":"https:\/\/endormoonstore.com\/en\/gx-105d-mazinger-z-kakumei-shinka-damaged-version-soul-of-chogokin\/#primaryimage","url":"https:\/\/endormoonstore.com\/wp-content\/uploads\/2024\/07\/GX-105D-Mazinger-Z-Kakumei-Shinka-Damaged-Version-Soul-of-Chogokin-1.jpg","contentUrl":"https:\/\/endormoonstore.com\/wp-content\/uploads\/2024\/07\/GX-105D-Mazinger-Z-Kakumei-Shinka-Damaged-Version-Soul-of-Chogokin-1.jpg","width":839,"height":1200},{"@type":"BreadcrumbList","@id":"https:\/\/endormoonstore.com\/en\/gx-105d-mazinger-z-kakumei-shinka-damaged-version-soul-of-chogokin\/#breadcrumb","itemListElement":[{"@type":"ListItem","position":1,"name":"Shop","item":"https:\/\/endormoonstore.com\/en\/shop\/"},{"@type":"ListItem","position":2,"name":"GX-105D Mazinger Z Kakumei Shinka Damaged Version Soul of Chogokin"}]},{"@type":"WebSite","@id":"https:\/\/endormoonstore.com\/#website","url":"https:\/\/endormoonstore.com\/","name":"EndormoonStore","description":"","potentialAction":[{"@type":"SearchAction","target":{"@type":"EntryPoint","urlTemplate":"https:\/\/endormoonstore.com\/?s={search_term_string}"},"query-input":{"@type":"PropertyValueSpecification","valueRequired":true,"valueName":"search_term_string"}}],"inLanguage":"en-US"}]}},"taxonomy_info":{"product_cat":[{"value":1390,"label":"Figures"},{"value":13511,"label":"New Arrivals"}],"pa_brand":[{"value":2096,"label":"Tamashii Nations"}],"pa_character":[{"value":3704,"label":"Mazinger Z"}],"pa_license":[{"value":1999,"label":"Mazinger Z"}],"pa_product-type":[{"value":2387,"label":"Figure"}],"pa_theme":[{"value":5147,"label":"Soul of Chogokin"}]},"featured_image_src_large":["https:\/\/endormoonstore.com\/wp-content\/uploads\/2024\/07\/GX-105D-Mazinger-Z-Kakumei-Shinka-Damaged-Version-Soul-of-Chogokin-1.jpg",839,1200,false],"author_info":[],"comment_info":"","_links":{"self":[{"href":"https:\/\/endormoonstore.com\/en\/wp-json\/wp\/v2\/product\/159421","targetHints":{"allow":["GET"]}}],"collection":[{"href":"https:\/\/endormoonstore.com\/en\/wp-json\/wp\/v2\/product"}],"about":[{"href":"https:\/\/endormoonstore.com\/en\/wp-json\/wp\/v2\/types\/product"}],"wp:featuredmedia":[{"embeddable":true,"href":"https:\/\/endormoonstore.com\/en\/wp-json\/wp\/v2\/media\/159406"}],"wp:attachment":[{"href":"https:\/\/endormoonstore.com\/en\/wp-json\/wp\/v2\/media?parent=159421"}],"wp:term":[{"taxonomy":"product_cat","embeddable":true,"href":"https:\/\/endormoonstore.com\/en\/wp-json\/wp\/v2\/product_cat?post=159421"},{"taxonomy":"product_tag","embeddable":true,"href":"https:\/\/endormoonstore.com\/en\/wp-json\/wp\/v2\/product_tag?post=159421"}],"curies":[{"name":"wp","href":"https:\/\/api.w.org\/{rel}","templated":true}]}}