{"id":159300,"date":"2025-05-29T00:40:17","date_gmt":"2025-05-28T22:40:17","guid":{"rendered":"https:\/\/endormoonstore.com\/epi-sesame-street-toony-classics\/"},"modified":"2025-06-16T12:33:39","modified_gmt":"2025-06-16T10:33:39","slug":"epi-sesame-street-toony-classics","status":"publish","type":"product","link":"https:\/\/endormoonstore.com\/en\/epi-sesame-street-toony-classics\/","title":{"rendered":"Epi Sesame Street Toony Classics"},"content":{"rendered":"<h4 data-sourcepos=\"9:1-9:101\"><strong>Epi Sesame Street: \u00a1El Entra\u00f1able Compa\u00f1ero Naranja y Juguet\u00f3n de Barrio S\u00e9samo en Toony Classics!<\/strong><\/h4>\n<ul>\n<li data-sourcepos=\"11:1-11:641\">\u00a1Celebra los momentos m\u00e1s divertidos de tu infancia con una figura muy especial! Los ic\u00f3nicos residentes de Barrio S\u00e9samo llegan, por fin, a la vibrante l\u00ednea Toony Classics. Esta figura de Epi Sesame Street, el inconfundible compa\u00f1ero naranja, conocido por su esp\u00edritu libre, su risa contagiosa y su amor por los ba\u00f1os con su patito de goma, viene directamente desde Barrio S\u00e9samo para tu estanter\u00eda. Con esta figura de Epi Sesame Street, dise\u00f1ada con el estilo caracter\u00edstico de la colecci\u00f3n, podr\u00e1s, por consiguiente, recordar las alegres y educativas aventuras de uno de los personajes m\u00e1s queridos y memorables de la televisi\u00f3n.<\/li>\n<\/ul>\n<h4 data-sourcepos=\"13:1-13:43\"><strong>Dise\u00f1o Estilizado y Detalles Aut\u00e9nticos<\/strong><\/h4>\n<ul>\n<li data-sourcepos=\"15:1-15:402\">Esta figura de NECA, con una altura aproximada de 15 cm (6 pulgadas), presenta un dise\u00f1o estilizado que captura la esencia del personaje. Fabricada en pl\u00e1stico de alta calidad, garantiza, de hecho, durabilidad y un acabado excelente. Aunque cuenta con articulaci\u00f3n limitada, te permite, sin embargo, posarla para recrear momentos memorables de la serie. Adem\u00e1s, incluye su inconfundible patito de goma.<\/li>\n<\/ul>\n<h4><strong>Calidad NECA y Embalaje para Coleccionistas<\/strong><\/h4>\n<ul>\n<li data-sourcepos=\"19:1-19:341\">NECA ha puesto especial cuidado en la fabricaci\u00f3n de esta pieza. Por lo tanto, ofrece la calidad que los coleccionistas esperan. La figura viene en un bl\u00edster, perfecto para su exhibici\u00f3n. Tambi\u00e9n incluye un tel\u00f3n de fondo recortable para crear dioramas. Puedes exponerla, por consiguiente, junto a su compa\u00f1ero Blas (se vende por separado).<\/li>\n<li data-sourcepos=\"21:1-21:248\">\u00a1No dejes escapar esta oportunidad! \u00danete a la celebraci\u00f3n mundial de Barrio S\u00e9samo y lleva a casa a Epi. Disfruta con esta figura que ha divertido y ense\u00f1ado a generaciones en innumerables pa\u00edses. \u00a1Consigue tu Epi Toony Classics hoy mismo!<\/li>\n<\/ul>\n<h4><strong>Sobre NECA <\/strong><\/h4>\n<ul>\n<li data-sourcepos=\"5:1-5:420\"><a href=\"\/?product_brand=neca\"><strong>(National Entertainment Collectibles Association)<\/strong><\/a> se fund\u00f3 en 1996. R\u00e1pidamente se estableci\u00f3 como un l\u00edder en la industria de coleccionables y figuras de acci\u00f3n con licencia. A lo largo de su historia, <a href=\"\/?product_brand=neca\"><strong>NECA<\/strong><\/a> se ha dedicado a crear productos de alta calidad con un nivel de detalle excepcional. Su cat\u00e1logo abarca una amplia gama de franquicias populares del cine, la televisi\u00f3n, los videojuegos y el c\u00f3mic.<\/li>\n<li data-sourcepos=\"7:1-7:218\">Entre sus muchas l\u00edneas destacadas, se encuentran sus aclamadas colecciones de terror, que incluyen figuras ic\u00f3nicas de cl\u00e1sicos del g\u00e9nero, y la popular l\u00ednea de <a href=\"https:\/\/endormoonstore.com\/licencia\/las-tortugas-ninja-mutantes\/\"><strong>Teenage Mutant Ninja Turtles<\/strong><\/a>, muy querida por los fans.<\/li>\n<li data-sourcepos=\"9:1-9:405\">Desde figuras de acci\u00f3n articuladas hasta r\u00e9plicas a escala real y merchandising diverso, NECA se ha ganado la fidelidad de los fans. Esto se debe a su compromiso con la autenticidad y la atenci\u00f3n al detalle en una multitud de franquicias. Con cada lanzamiento, NECA contin\u00faa expandiendo su cat\u00e1logo y consolidando su posici\u00f3n como una de las marcas preferidas por los coleccionistas a nivel mundial.&#8221;<\/li>\n<\/ul>\n","protected":false},"excerpt":{"rendered":"<h4 data-sourcepos=\"9:1-9:101\"><strong>Epi Sesame Street: \u00a1El Entra\u00f1able Compa\u00f1ero Naranja y Juguet\u00f3n de Barrio S\u00e9samo en Toony Classics!<\/strong><\/h4>\n<p>\u00a1Celebra los momentos m\u00e1s divertidos de tu infancia con una figura muy especial! Los ic\u00f3nicos residentes de Barrio S\u00e9samo llegan, por fin, a la vibrante l\u00ednea Toony Classics. Esta figura de Epi Sesame Street, el inconfundible compa\u00f1ero naranja, conocido por su esp\u00edritu libre, su risa contagiosa y su amor por los ba\u00f1os con su patito de goma, viene directamente desde Barrio S\u00e9samo para tu estanter\u00eda.<\/p>\n","protected":false},"featured_media":159290,"template":"","meta":{"_acf_changed":false,"_kad_blocks_custom_css":"","_kad_blocks_head_custom_js":"","_kad_blocks_body_custom_js":"","_kad_blocks_footer_custom_js":""},"product_cat":[1390,13511],"product_tag":[],"class_list":{"0":"post-159300","1":"product","2":"type-product","3":"status-publish","4":"has-post-thumbnail","6":"product_cat-figures","7":"product_cat-new-arrivals","8":"pa_brand-neca-en","9":"pa_character-epi-en","10":"pa_license-sesame-street","11":"pa_product-type-figure","12":"pa_theme-toony-classics-en","14":"first","15":"instock","16":"taxable","17":"shipping-taxable","18":"purchasable","19":"product-type-simple"},"acf":[],"yoast_head":"<!-- This site is optimized with the Yoast SEO plugin v26.1.1 - https:\/\/yoast.com\/wordpress\/plugins\/seo\/ -->\n<title>Epi Sesame Street Toony Classics - EndormoonStore<\/title>\n<meta name=\"description\" content=\"Epi Sesame Street Toony Classics: La figura naranja de Barrio S\u00e9samo. \u00a1Revive tu infancia con este entra\u00f1able cl\u00e1sico de colecci\u00f3n!\" \/>\n<meta name=\"robots\" content=\"index, follow, max-snippet:-1, max-image-preview:large, max-video-preview:-1\" \/>\n<link rel=\"canonical\" href=\"https:\/\/endormoonstore.com\/en\/epi-sesame-street-toony-classics\/\" \/>\n<meta property=\"og:locale\" content=\"en_US\" \/>\n<meta property=\"og:type\" content=\"article\" \/>\n<meta property=\"og:title\" content=\"Epi Sesame Street Toony Classics - EndormoonStore\" \/>\n<meta property=\"og:description\" content=\"Epi Sesame Street Toony Classics: La figura naranja de Barrio S\u00e9samo. \u00a1Revive tu infancia con este entra\u00f1able cl\u00e1sico de colecci\u00f3n!\" \/>\n<meta property=\"og:url\" content=\"https:\/\/endormoonstore.com\/en\/epi-sesame-street-toony-classics\/\" \/>\n<meta property=\"og:site_name\" content=\"EndormoonStore\" \/>\n<meta property=\"article:modified_time\" content=\"2025-06-16T10:33:39+00:00\" \/>\n<meta property=\"og:image\" content=\"https:\/\/endormoonstore.com\/wp-content\/uploads\/2024\/07\/Epi-Sesame-Street-Toony-Classics-1.jpg\" \/>\n\t<meta property=\"og:image:width\" content=\"1000\" \/>\n\t<meta property=\"og:image:height\" content=\"1000\" \/>\n\t<meta property=\"og:image:type\" content=\"image\/jpeg\" \/>\n<meta name=\"twitter:card\" content=\"summary_large_image\" \/>\n<meta name=\"twitter:label1\" content=\"Est. reading time\" \/>\n\t<meta name=\"twitter:data1\" content=\"3 minutes\" \/>\n<script type=\"application\/ld+json\" class=\"yoast-schema-graph\">{\"@context\":\"https:\/\/schema.org\",\"@graph\":[{\"@type\":\"WebPage\",\"@id\":\"https:\/\/endormoonstore.com\/en\/epi-sesame-street-toony-classics\/\",\"url\":\"https:\/\/endormoonstore.com\/en\/epi-sesame-street-toony-classics\/\",\"name\":\"Epi Sesame Street Toony Classics - EndormoonStore\",\"isPartOf\":{\"@id\":\"https:\/\/endormoonstore.com\/#website\"},\"primaryImageOfPage\":{\"@id\":\"https:\/\/endormoonstore.com\/en\/epi-sesame-street-toony-classics\/#primaryimage\"},\"image\":{\"@id\":\"https:\/\/endormoonstore.com\/en\/epi-sesame-street-toony-classics\/#primaryimage\"},\"thumbnailUrl\":\"https:\/\/endormoonstore.com\/wp-content\/uploads\/2024\/07\/Epi-Sesame-Street-Toony-Classics-1.jpg\",\"datePublished\":\"2025-05-28T22:40:17+00:00\",\"dateModified\":\"2025-06-16T10:33:39+00:00\",\"description\":\"Epi Sesame Street Toony Classics: La figura naranja de Barrio S\u00e9samo. \u00a1Revive tu infancia con este entra\u00f1able cl\u00e1sico de colecci\u00f3n!\",\"breadcrumb\":{\"@id\":\"https:\/\/endormoonstore.com\/en\/epi-sesame-street-toony-classics\/#breadcrumb\"},\"inLanguage\":\"en-US\",\"potentialAction\":[{\"@type\":\"ReadAction\",\"target\":[\"https:\/\/endormoonstore.com\/en\/epi-sesame-street-toony-classics\/\"]}]},{\"@type\":\"ImageObject\",\"inLanguage\":\"en-US\",\"@id\":\"https:\/\/endormoonstore.com\/en\/epi-sesame-street-toony-classics\/#primaryimage\",\"url\":\"https:\/\/endormoonstore.com\/wp-content\/uploads\/2024\/07\/Epi-Sesame-Street-Toony-Classics-1.jpg\",\"contentUrl\":\"https:\/\/endormoonstore.com\/wp-content\/uploads\/2024\/07\/Epi-Sesame-Street-Toony-Classics-1.jpg\",\"width\":1000,\"height\":1000,\"caption\":\"Epi de Barrio S\u00e9samo y su inseparable patito de goma.\"},{\"@type\":\"BreadcrumbList\",\"@id\":\"https:\/\/endormoonstore.com\/en\/epi-sesame-street-toony-classics\/#breadcrumb\",\"itemListElement\":[{\"@type\":\"ListItem\",\"position\":1,\"name\":\"Shop\",\"item\":\"https:\/\/endormoonstore.com\/en\/shop\/\"},{\"@type\":\"ListItem\",\"position\":2,\"name\":\"Epi Sesame Street Toony Classics\"}]},{\"@type\":\"WebSite\",\"@id\":\"https:\/\/endormoonstore.com\/#website\",\"url\":\"https:\/\/endormoonstore.com\/\",\"name\":\"EndormoonStore\",\"description\":\"\",\"potentialAction\":[{\"@type\":\"SearchAction\",\"target\":{\"@type\":\"EntryPoint\",\"urlTemplate\":\"https:\/\/endormoonstore.com\/?s={search_term_string}\"},\"query-input\":{\"@type\":\"PropertyValueSpecification\",\"valueRequired\":true,\"valueName\":\"search_term_string\"}}],\"inLanguage\":\"en-US\"}]}<\/script>\n<!-- \/ Yoast SEO plugin. -->","yoast_head_json":{"title":"Epi Sesame Street Toony Classics - EndormoonStore","description":"Epi Sesame Street Toony Classics: La figura naranja de Barrio S\u00e9samo. \u00a1Revive tu infancia con este entra\u00f1able cl\u00e1sico de colecci\u00f3n!","robots":{"index":"index","follow":"follow","max-snippet":"max-snippet:-1","max-image-preview":"max-image-preview:large","max-video-preview":"max-video-preview:-1"},"canonical":"https:\/\/endormoonstore.com\/en\/epi-sesame-street-toony-classics\/","og_locale":"en_US","og_type":"article","og_title":"Epi Sesame Street Toony Classics - EndormoonStore","og_description":"Epi Sesame Street Toony Classics: La figura naranja de Barrio S\u00e9samo. \u00a1Revive tu infancia con este entra\u00f1able cl\u00e1sico de colecci\u00f3n!","og_url":"https:\/\/endormoonstore.com\/en\/epi-sesame-street-toony-classics\/","og_site_name":"EndormoonStore","article_modified_time":"2025-06-16T10:33:39+00:00","og_image":[{"width":1000,"height":1000,"url":"https:\/\/endormoonstore.com\/wp-content\/uploads\/2024\/07\/Epi-Sesame-Street-Toony-Classics-1.jpg","type":"image\/jpeg"}],"twitter_card":"summary_large_image","twitter_misc":{"Est. reading time":"3 minutes"},"schema":{"@context":"https:\/\/schema.org","@graph":[{"@type":"WebPage","@id":"https:\/\/endormoonstore.com\/en\/epi-sesame-street-toony-classics\/","url":"https:\/\/endormoonstore.com\/en\/epi-sesame-street-toony-classics\/","name":"Epi Sesame Street Toony Classics - EndormoonStore","isPartOf":{"@id":"https:\/\/endormoonstore.com\/#website"},"primaryImageOfPage":{"@id":"https:\/\/endormoonstore.com\/en\/epi-sesame-street-toony-classics\/#primaryimage"},"image":{"@id":"https:\/\/endormoonstore.com\/en\/epi-sesame-street-toony-classics\/#primaryimage"},"thumbnailUrl":"https:\/\/endormoonstore.com\/wp-content\/uploads\/2024\/07\/Epi-Sesame-Street-Toony-Classics-1.jpg","datePublished":"2025-05-28T22:40:17+00:00","dateModified":"2025-06-16T10:33:39+00:00","description":"Epi Sesame Street Toony Classics: La figura naranja de Barrio S\u00e9samo. \u00a1Revive tu infancia con este entra\u00f1able cl\u00e1sico de colecci\u00f3n!","breadcrumb":{"@id":"https:\/\/endormoonstore.com\/en\/epi-sesame-street-toony-classics\/#breadcrumb"},"inLanguage":"en-US","potentialAction":[{"@type":"ReadAction","target":["https:\/\/endormoonstore.com\/en\/epi-sesame-street-toony-classics\/"]}]},{"@type":"ImageObject","inLanguage":"en-US","@id":"https:\/\/endormoonstore.com\/en\/epi-sesame-street-toony-classics\/#primaryimage","url":"https:\/\/endormoonstore.com\/wp-content\/uploads\/2024\/07\/Epi-Sesame-Street-Toony-Classics-1.jpg","contentUrl":"https:\/\/endormoonstore.com\/wp-content\/uploads\/2024\/07\/Epi-Sesame-Street-Toony-Classics-1.jpg","width":1000,"height":1000,"caption":"Epi de Barrio S\u00e9samo y su inseparable patito de goma."},{"@type":"BreadcrumbList","@id":"https:\/\/endormoonstore.com\/en\/epi-sesame-street-toony-classics\/#breadcrumb","itemListElement":[{"@type":"ListItem","position":1,"name":"Shop","item":"https:\/\/endormoonstore.com\/en\/shop\/"},{"@type":"ListItem","position":2,"name":"Epi Sesame Street Toony Classics"}]},{"@type":"WebSite","@id":"https:\/\/endormoonstore.com\/#website","url":"https:\/\/endormoonstore.com\/","name":"EndormoonStore","description":"","potentialAction":[{"@type":"SearchAction","target":{"@type":"EntryPoint","urlTemplate":"https:\/\/endormoonstore.com\/?s={search_term_string}"},"query-input":{"@type":"PropertyValueSpecification","valueRequired":true,"valueName":"search_term_string"}}],"inLanguage":"en-US"}]}},"taxonomy_info":{"product_cat":[{"value":1390,"label":"Figures"},{"value":13511,"label":"New Arrivals"}],"pa_brand":[{"value":2090,"label":"Neca"}],"pa_character":[{"value":14525,"label":"Epi"}],"pa_license":[{"value":14527,"label":"Sesame Street"}],"pa_product-type":[{"value":2387,"label":"Figure"}],"pa_theme":[{"value":14529,"label":"Toony Classics"}]},"featured_image_src_large":["https:\/\/endormoonstore.com\/wp-content\/uploads\/2024\/07\/Epi-Sesame-Street-Toony-Classics-1.jpg",1000,1000,false],"author_info":[],"comment_info":"","_links":{"self":[{"href":"https:\/\/endormoonstore.com\/en\/wp-json\/wp\/v2\/product\/159300","targetHints":{"allow":["GET"]}}],"collection":[{"href":"https:\/\/endormoonstore.com\/en\/wp-json\/wp\/v2\/product"}],"about":[{"href":"https:\/\/endormoonstore.com\/en\/wp-json\/wp\/v2\/types\/product"}],"wp:featuredmedia":[{"embeddable":true,"href":"https:\/\/endormoonstore.com\/en\/wp-json\/wp\/v2\/media\/159290"}],"wp:attachment":[{"href":"https:\/\/endormoonstore.com\/en\/wp-json\/wp\/v2\/media?parent=159300"}],"wp:term":[{"taxonomy":"product_cat","embeddable":true,"href":"https:\/\/endormoonstore.com\/en\/wp-json\/wp\/v2\/product_cat?post=159300"},{"taxonomy":"product_tag","embeddable":true,"href":"https:\/\/endormoonstore.com\/en\/wp-json\/wp\/v2\/product_tag?post=159300"}],"curies":[{"name":"wp","href":"https:\/\/api.w.org\/{rel}","templated":true}]}}