{"id":159140,"date":"2024-07-06T22:00:00","date_gmt":"2024-07-06T20:00:00","guid":{"rendered":"https:\/\/endormoonstore.com\/star-wars-the-phantom-menace-droideka-movie-masterpiece-1-6th-scale-collectible-figure\/"},"modified":"2024-08-08T20:40:32","modified_gmt":"2024-08-08T18:40:32","slug":"star-wars-the-phantom-menace-droideka-movie-masterpiece-1-6th-scale-collectible-figure","status":"publish","type":"product","link":"https:\/\/endormoonstore.com\/en\/star-wars-the-phantom-menace-droideka-movie-masterpiece-1-6th-scale-collectible-figure\/","title":{"rendered":"Star Wars: The Phantom Menace Droideka Movie Masterpiece 1\/6th Scale Collectible Figure"},"content":{"rendered":"<p><strong>Star Wars: The Phantom Menace Droideka Movie Masterpiece 1\/6th Scale Collectible Figure<\/strong><\/p>\n<div id=\"prod-summary\">\n<div class=\"product_details__in_box\">\n<ul>\n<li>A diferencia de los larguiruchos droides de batalla, cuyas estructuras humanoides les permiten un cierto grado de versatilidad, los droidekas est\u00e1n dise\u00f1ados con una \u00fanica funci\u00f3n en mente: la aniquilaci\u00f3n completa de sus objetivos.<\/li>\n<li>Colgados en el extremo de los pesados \u200b\u200bbrazos hay inmensos bl\u00e1sters gemelos, que liberan energ\u00eda destructiva a un ritmo vertiginoso. El droide destructor puede envolverse completamente en un globo de energ\u00eda protectora a trav\u00e9s de sus compactos generadores de escudo deflector, aunque a expensas de su movilidad.<\/li>\n<li>Aunque lento y torpe en su andar de tres patas, el droideka puede transformarse en una forma mucho m\u00e1s r\u00e1pida, en forma de disco.<\/li>\n<li>Para celebrar el 25 aniversario de Star Wars: La amenaza fantasma, Hot Toys se complace en presentar la nueva figura coleccionable a escala 1\/6 del droide destructor Droideka<\/li>\n<li>La figura coleccionable a escala 1\/6 presenta una estructura mec\u00e1nica muy detallada con articulaciones excepcionales, aplicaciones de pintura met\u00e1lica h\u00e1bilmente aplicadas y la capacidad de transformarse en la forma de disco!<\/li>\n<li>Este asombroso droide ser\u00e1 un objeto de colecci\u00f3n extraordinario para agregar a tu exhibici\u00f3n de Star Wars<\/li>\n<\/ul>\n<h4>Qu\u00e9 hay en la caja:<\/h4>\n<ul>\n<li>Imagen aut\u00e9ntica y detallada de Droideka en la pel\u00edcula Star Wars: La amenaza fantasma<\/li>\n<li>Estructura mec\u00e1nica y tubos cableados meticulosamente elaborados.<\/li>\n<li>Exquisitas aplicaciones de pintura de cobre met\u00e1lico, completas con detalles desgastados.<\/li>\n<li>Cuerpo mec\u00e1nico de nuevo dise\u00f1o con m\u00e1s de 25 puntos de articulaci\u00f3n.<\/li>\n<li>Cabeza mec\u00e1nica articulada, brazos bl\u00e1ster, piernas con pinzas<\/li>\n<li>Capacidad de transformarse en forma de disco.<\/li>\n<li>Aproximadamente 33 cm de alto (Aproximadamente 22 cm de alto despu\u00e9s de la transformaci\u00f3n.<\/li>\n<\/ul>\n<p>&nbsp;<\/p>\n<h2 class=\"details-headline\"><\/h2>\n<\/div>\n<\/div>\n","protected":false},"excerpt":{"rendered":"<p><strong>Star Wars: The Phantom Menace Droideka Movie Masterpiece 1\/6th Scale Collectible Figure<\/strong><\/p>\n<p>A diferencia de los larguiruchos droides de batalla, cuyas estructuras humanoides les permiten un cierto grado de versatilidad, los droidekas est\u00e1n dise\u00f1ados con una \u00fanica funci\u00f3n en mente: la aniquilaci\u00f3n completa de sus objetivos.<b>.<\/b><\/p>\n","protected":false},"featured_media":159101,"template":"","meta":{"_acf_changed":false,"_kad_blocks_custom_css":"","_kad_blocks_head_custom_js":"","_kad_blocks_body_custom_js":"","_kad_blocks_footer_custom_js":""},"product_cat":[13453,1384],"product_tag":[],"class_list":{"0":"post-159140","1":"product","2":"type-product","3":"status-publish","4":"has-post-thumbnail","6":"product_cat-featured","7":"product_cat-pre-orders","8":"pa_brand-hot-toys-en","9":"pa_character-droideka-en","10":"pa_episode-star-wars-the-phantom-menace","11":"pa_license-star-wars-en","12":"pa_product-type-figure","13":"pa_theme-sixth-scale-collectible-en","15":"first","16":"instock","17":"taxable","18":"shipping-taxable","19":"purchasable","20":"product-type-simple"},"acf":[],"yoast_head":"<!-- This site is optimized with the Yoast SEO plugin v26.1.1 - https:\/\/yoast.com\/wordpress\/plugins\/seo\/ -->\n<title>Star Wars: The Phantom Menace Droideka Movie Masterpiece 1\/6th Scale Collectible Figure - EndormoonStore<\/title>\n<meta name=\"robots\" content=\"index, follow, max-snippet:-1, max-image-preview:large, max-video-preview:-1\" \/>\n<link rel=\"canonical\" href=\"https:\/\/endormoonstore.com\/en\/star-wars-the-phantom-menace-droideka-movie-masterpiece-1-6th-scale-collectible-figure\/\" \/>\n<meta property=\"og:locale\" content=\"en_US\" \/>\n<meta property=\"og:type\" content=\"article\" \/>\n<meta property=\"og:title\" content=\"Star Wars: The Phantom Menace Droideka Movie Masterpiece 1\/6th Scale Collectible Figure - EndormoonStore\" \/>\n<meta property=\"og:description\" content=\"Star Wars: The Phantom Menace Droideka Movie Masterpiece 1\/6th Scale Collectible Figure  A diferencia de los larguiruchos droides de batalla, cuyas estructuras humanoides les permiten un cierto grado de versatilidad, los droidekas est\u00e1n dise\u00f1ados con una \u00fanica funci\u00f3n en mente: la aniquilaci\u00f3n completa de sus objetivos..\" \/>\n<meta property=\"og:url\" content=\"https:\/\/endormoonstore.com\/en\/star-wars-the-phantom-menace-droideka-movie-masterpiece-1-6th-scale-collectible-figure\/\" \/>\n<meta property=\"og:site_name\" content=\"EndormoonStore\" \/>\n<meta property=\"article:modified_time\" content=\"2024-08-08T18:40:32+00:00\" \/>\n<meta property=\"og:image\" content=\"https:\/\/endormoonstore.com\/wp-content\/uploads\/2024\/07\/Star-Wars-The-Phantom-Menace-Droideka-Movie-Masterpiece-1-6th-Scale-Collectible-Figure-1.jpg\" \/>\n\t<meta property=\"og:image:width\" content=\"692\" \/>\n\t<meta property=\"og:image:height\" content=\"1000\" \/>\n\t<meta property=\"og:image:type\" content=\"image\/jpeg\" \/>\n<meta name=\"twitter:card\" content=\"summary_large_image\" \/>\n<meta name=\"twitter:label1\" content=\"Est. reading time\" \/>\n\t<meta name=\"twitter:data1\" content=\"2 minutes\" \/>\n<script type=\"application\/ld+json\" class=\"yoast-schema-graph\">{\"@context\":\"https:\/\/schema.org\",\"@graph\":[{\"@type\":\"WebPage\",\"@id\":\"https:\/\/endormoonstore.com\/en\/star-wars-the-phantom-menace-droideka-movie-masterpiece-1-6th-scale-collectible-figure\/\",\"url\":\"https:\/\/endormoonstore.com\/en\/star-wars-the-phantom-menace-droideka-movie-masterpiece-1-6th-scale-collectible-figure\/\",\"name\":\"Star Wars: The Phantom Menace Droideka Movie Masterpiece 1\/6th Scale Collectible Figure - EndormoonStore\",\"isPartOf\":{\"@id\":\"https:\/\/endormoonstore.com\/#website\"},\"primaryImageOfPage\":{\"@id\":\"https:\/\/endormoonstore.com\/en\/star-wars-the-phantom-menace-droideka-movie-masterpiece-1-6th-scale-collectible-figure\/#primaryimage\"},\"image\":{\"@id\":\"https:\/\/endormoonstore.com\/en\/star-wars-the-phantom-menace-droideka-movie-masterpiece-1-6th-scale-collectible-figure\/#primaryimage\"},\"thumbnailUrl\":\"https:\/\/endormoonstore.com\/wp-content\/uploads\/2024\/07\/Star-Wars-The-Phantom-Menace-Droideka-Movie-Masterpiece-1-6th-Scale-Collectible-Figure-1.jpg\",\"datePublished\":\"2024-07-06T20:00:00+00:00\",\"dateModified\":\"2024-08-08T18:40:32+00:00\",\"breadcrumb\":{\"@id\":\"https:\/\/endormoonstore.com\/en\/star-wars-the-phantom-menace-droideka-movie-masterpiece-1-6th-scale-collectible-figure\/#breadcrumb\"},\"inLanguage\":\"en-US\",\"potentialAction\":[{\"@type\":\"ReadAction\",\"target\":[\"https:\/\/endormoonstore.com\/en\/star-wars-the-phantom-menace-droideka-movie-masterpiece-1-6th-scale-collectible-figure\/\"]}]},{\"@type\":\"ImageObject\",\"inLanguage\":\"en-US\",\"@id\":\"https:\/\/endormoonstore.com\/en\/star-wars-the-phantom-menace-droideka-movie-masterpiece-1-6th-scale-collectible-figure\/#primaryimage\",\"url\":\"https:\/\/endormoonstore.com\/wp-content\/uploads\/2024\/07\/Star-Wars-The-Phantom-Menace-Droideka-Movie-Masterpiece-1-6th-Scale-Collectible-Figure-1.jpg\",\"contentUrl\":\"https:\/\/endormoonstore.com\/wp-content\/uploads\/2024\/07\/Star-Wars-The-Phantom-Menace-Droideka-Movie-Masterpiece-1-6th-Scale-Collectible-Figure-1.jpg\",\"width\":692,\"height\":1000},{\"@type\":\"BreadcrumbList\",\"@id\":\"https:\/\/endormoonstore.com\/en\/star-wars-the-phantom-menace-droideka-movie-masterpiece-1-6th-scale-collectible-figure\/#breadcrumb\",\"itemListElement\":[{\"@type\":\"ListItem\",\"position\":1,\"name\":\"Shop\",\"item\":\"https:\/\/endormoonstore.com\/en\/shop\/\"},{\"@type\":\"ListItem\",\"position\":2,\"name\":\"Star Wars: The Phantom Menace Droideka Movie Masterpiece 1\/6th Scale Collectible Figure\"}]},{\"@type\":\"WebSite\",\"@id\":\"https:\/\/endormoonstore.com\/#website\",\"url\":\"https:\/\/endormoonstore.com\/\",\"name\":\"EndormoonStore\",\"description\":\"\",\"potentialAction\":[{\"@type\":\"SearchAction\",\"target\":{\"@type\":\"EntryPoint\",\"urlTemplate\":\"https:\/\/endormoonstore.com\/?s={search_term_string}\"},\"query-input\":{\"@type\":\"PropertyValueSpecification\",\"valueRequired\":true,\"valueName\":\"search_term_string\"}}],\"inLanguage\":\"en-US\"}]}<\/script>\n<!-- \/ Yoast SEO plugin. -->","yoast_head_json":{"title":"Star Wars: The Phantom Menace Droideka Movie Masterpiece 1\/6th Scale Collectible Figure - EndormoonStore","robots":{"index":"index","follow":"follow","max-snippet":"max-snippet:-1","max-image-preview":"max-image-preview:large","max-video-preview":"max-video-preview:-1"},"canonical":"https:\/\/endormoonstore.com\/en\/star-wars-the-phantom-menace-droideka-movie-masterpiece-1-6th-scale-collectible-figure\/","og_locale":"en_US","og_type":"article","og_title":"Star Wars: The Phantom Menace Droideka Movie Masterpiece 1\/6th Scale Collectible Figure - EndormoonStore","og_description":"Star Wars: The Phantom Menace Droideka Movie Masterpiece 1\/6th Scale Collectible Figure  A diferencia de los larguiruchos droides de batalla, cuyas estructuras humanoides les permiten un cierto grado de versatilidad, los droidekas est\u00e1n dise\u00f1ados con una \u00fanica funci\u00f3n en mente: la aniquilaci\u00f3n completa de sus objetivos..","og_url":"https:\/\/endormoonstore.com\/en\/star-wars-the-phantom-menace-droideka-movie-masterpiece-1-6th-scale-collectible-figure\/","og_site_name":"EndormoonStore","article_modified_time":"2024-08-08T18:40:32+00:00","og_image":[{"width":692,"height":1000,"url":"https:\/\/endormoonstore.com\/wp-content\/uploads\/2024\/07\/Star-Wars-The-Phantom-Menace-Droideka-Movie-Masterpiece-1-6th-Scale-Collectible-Figure-1.jpg","type":"image\/jpeg"}],"twitter_card":"summary_large_image","twitter_misc":{"Est. reading time":"2 minutes"},"schema":{"@context":"https:\/\/schema.org","@graph":[{"@type":"WebPage","@id":"https:\/\/endormoonstore.com\/en\/star-wars-the-phantom-menace-droideka-movie-masterpiece-1-6th-scale-collectible-figure\/","url":"https:\/\/endormoonstore.com\/en\/star-wars-the-phantom-menace-droideka-movie-masterpiece-1-6th-scale-collectible-figure\/","name":"Star Wars: The Phantom Menace Droideka Movie Masterpiece 1\/6th Scale Collectible Figure - EndormoonStore","isPartOf":{"@id":"https:\/\/endormoonstore.com\/#website"},"primaryImageOfPage":{"@id":"https:\/\/endormoonstore.com\/en\/star-wars-the-phantom-menace-droideka-movie-masterpiece-1-6th-scale-collectible-figure\/#primaryimage"},"image":{"@id":"https:\/\/endormoonstore.com\/en\/star-wars-the-phantom-menace-droideka-movie-masterpiece-1-6th-scale-collectible-figure\/#primaryimage"},"thumbnailUrl":"https:\/\/endormoonstore.com\/wp-content\/uploads\/2024\/07\/Star-Wars-The-Phantom-Menace-Droideka-Movie-Masterpiece-1-6th-Scale-Collectible-Figure-1.jpg","datePublished":"2024-07-06T20:00:00+00:00","dateModified":"2024-08-08T18:40:32+00:00","breadcrumb":{"@id":"https:\/\/endormoonstore.com\/en\/star-wars-the-phantom-menace-droideka-movie-masterpiece-1-6th-scale-collectible-figure\/#breadcrumb"},"inLanguage":"en-US","potentialAction":[{"@type":"ReadAction","target":["https:\/\/endormoonstore.com\/en\/star-wars-the-phantom-menace-droideka-movie-masterpiece-1-6th-scale-collectible-figure\/"]}]},{"@type":"ImageObject","inLanguage":"en-US","@id":"https:\/\/endormoonstore.com\/en\/star-wars-the-phantom-menace-droideka-movie-masterpiece-1-6th-scale-collectible-figure\/#primaryimage","url":"https:\/\/endormoonstore.com\/wp-content\/uploads\/2024\/07\/Star-Wars-The-Phantom-Menace-Droideka-Movie-Masterpiece-1-6th-Scale-Collectible-Figure-1.jpg","contentUrl":"https:\/\/endormoonstore.com\/wp-content\/uploads\/2024\/07\/Star-Wars-The-Phantom-Menace-Droideka-Movie-Masterpiece-1-6th-Scale-Collectible-Figure-1.jpg","width":692,"height":1000},{"@type":"BreadcrumbList","@id":"https:\/\/endormoonstore.com\/en\/star-wars-the-phantom-menace-droideka-movie-masterpiece-1-6th-scale-collectible-figure\/#breadcrumb","itemListElement":[{"@type":"ListItem","position":1,"name":"Shop","item":"https:\/\/endormoonstore.com\/en\/shop\/"},{"@type":"ListItem","position":2,"name":"Star Wars: The Phantom Menace Droideka Movie Masterpiece 1\/6th Scale Collectible Figure"}]},{"@type":"WebSite","@id":"https:\/\/endormoonstore.com\/#website","url":"https:\/\/endormoonstore.com\/","name":"EndormoonStore","description":"","potentialAction":[{"@type":"SearchAction","target":{"@type":"EntryPoint","urlTemplate":"https:\/\/endormoonstore.com\/?s={search_term_string}"},"query-input":{"@type":"PropertyValueSpecification","valueRequired":true,"valueName":"search_term_string"}}],"inLanguage":"en-US"}]}},"taxonomy_info":{"product_cat":[{"value":13453,"label":"Featured"},{"value":1384,"label":"Pre-orders"}],"pa_brand":[{"value":1635,"label":"Hot Toys"}],"pa_character":[{"value":14513,"label":"Droideka"}],"pa_episode":[{"value":2534,"label":"Star Wars: The Phantom Menace"}],"pa_license":[{"value":1644,"label":"Star Wars"}],"pa_product-type":[{"value":2387,"label":"Figure"}],"pa_theme":[{"value":4595,"label":"Sixth Scale Collectible"}]},"featured_image_src_large":["https:\/\/endormoonstore.com\/wp-content\/uploads\/2024\/07\/Star-Wars-The-Phantom-Menace-Droideka-Movie-Masterpiece-1-6th-Scale-Collectible-Figure-1.jpg",692,1000,false],"author_info":[],"comment_info":"","_links":{"self":[{"href":"https:\/\/endormoonstore.com\/en\/wp-json\/wp\/v2\/product\/159140","targetHints":{"allow":["GET"]}}],"collection":[{"href":"https:\/\/endormoonstore.com\/en\/wp-json\/wp\/v2\/product"}],"about":[{"href":"https:\/\/endormoonstore.com\/en\/wp-json\/wp\/v2\/types\/product"}],"wp:featuredmedia":[{"embeddable":true,"href":"https:\/\/endormoonstore.com\/en\/wp-json\/wp\/v2\/media\/159101"}],"wp:attachment":[{"href":"https:\/\/endormoonstore.com\/en\/wp-json\/wp\/v2\/media?parent=159140"}],"wp:term":[{"taxonomy":"product_cat","embeddable":true,"href":"https:\/\/endormoonstore.com\/en\/wp-json\/wp\/v2\/product_cat?post=159140"},{"taxonomy":"product_tag","embeddable":true,"href":"https:\/\/endormoonstore.com\/en\/wp-json\/wp\/v2\/product_tag?post=159140"}],"curies":[{"name":"wp","href":"https:\/\/api.w.org\/{rel}","templated":true}]}}