{"id":159097,"date":"2024-07-06T21:55:07","date_gmt":"2024-07-06T19:55:07","guid":{"rendered":"https:\/\/endormoonstore.com\/star-wars-the-clone-wars-arc-trooper-fives-1-6th-scale-collectible-figure\/"},"modified":"2024-08-08T20:42:19","modified_gmt":"2024-08-08T18:42:19","slug":"star-wars-the-clone-wars-arc-trooper-fives-1-6th-scale-collectible-figure","status":"publish","type":"product","link":"https:\/\/endormoonstore.com\/en\/star-wars-the-clone-wars-arc-trooper-fives-1-6th-scale-collectible-figure\/","title":{"rendered":"Star Wars: The Clone Wars ARC Trooper Fives 1\/6th Scale Collectible Figure"},"content":{"rendered":"<p class=\"p1\"><b>Star Wars: The Clone Wars ARC Trooper Fives 1\/6th Scale Collectible Figure<\/b><\/p>\n<ul class=\"ul1\">\n<li class=\"li1\">Tambi\u00e9n conocido como CT-27-5555, Fives se entren\u00f3 con el Escuadr\u00f3n Domino en Kamino antes de destinarlo\u00a0al puesto de escucha Rishi Moon. Sobrevivi\u00f3 al ataque separatista a la estaci\u00f3n all\u00ed y fue transferido a la Legi\u00f3n 501 junto con su compa\u00f1ero de escuadr\u00f3n y compa\u00f1ero sobreviviente, Echo.<\/li>\n<li class=\"li1\">Fives y Echo fueron promovidos al estado de soldados ARC despu\u00e9s de la defensa de Kamino de los invasores separatistas. A \u00e9l y Echo m\u00e1s tarde se les asign\u00f3 la dif\u00edcil misi\u00f3n de liberar a los prisioneros de la Rep\u00fablica de la desalentadora instalaci\u00f3n de la prisi\u00f3n de la Ciudadela en Lola Sayu. \u00c9l y Echo fueron m\u00e1s tarde parte de una misi\u00f3n para liberar a los prisioneros de la Rep\u00fablica de la prisi\u00f3n separatista llamada la Ciudadela.<\/li>\n<li class=\"li1\">Echo cay\u00f3 en batalla, dejando a Fives como el \u00fanico sobreviviente del Escuadr\u00f3n Domino. Fives acompa\u00f1\u00f3 al soldado clon Tup a Kamino para pruebas m\u00e9dicas, donde descubri\u00f3 un secreto aterrador sobre los or\u00edgenes de los clones y su prop\u00f3sito final.<\/li>\n<li class=\"li1\">Hot Toys se complace en presentar hoy la nueva figura coleccionable a escala 1\/6 del soldado ARC Fives<\/li>\n<li class=\"li1\">Esta figura coleccionable sumamente detallada est\u00e1 especialmente dise\u00f1ada en base a la apariencia de Fives con la armadura de Clone Trooper Phase II. Cuenta con un casco y una armadura h\u00e1bilmente desarrollados con marcas y efectos de desgaste \u00fanicos, una cabeza esculpida intercambiable de nueva creaci\u00f3n con una semejanza asombrosa, un atuendo a medida con falda kama, un lanzacohetes, un rifle bl\u00e1ster, un par de pistolas bl\u00e1ster, una mochila y una base de exhibici\u00f3n.<\/li>\n<li class=\"li1\">Combina esta figura coleccionable con Echo para enriquecer tu colecci\u00f3n de Star Wars<\/li>\n<\/ul>\n<h4 class=\"p1\"><b>Qu\u00e9 hay en la caja:<\/b><\/h4>\n<ul class=\"ul1\">\n<li class=\"li1\">Imagen aut\u00e9ntica y detallada de Arc Trooper Fives en la serie Star Wars: The Clone Wars<\/li>\n<li class=\"li1\">Un casco reci\u00e9n fabricado con efectos de intemperie.<\/li>\n<li class=\"li1\">Una escultura de cabeza recientemente desarrollada con funci\u00f3n de globo ocular giratorio independiente<\/li>\n<li class=\"li1\">Expresi\u00f3n facial, peinado, barba, textura de piel detallada y tatuajes de gran precisi\u00f3n.<\/li>\n<li class=\"li1\">Armadura especialmente pintada en azul, blanco y gris con efectos de desgaste.<\/li>\n<li class=\"li1\">Aproximadamente 30 cm de alto<\/li>\n<li class=\"li1\">Cuerpo con m\u00e1s de 30 puntos de articulaci\u00f3n.<\/li>\n<li class=\"li1\">Siete piezas de manos enguantadas intercambiables que incluyen:\n<ul class=\"ul1\">\n<li class=\"li1\">Un par de manos para sostener el arma.<\/li>\n<li class=\"li1\">Un par de manos relajadas<\/li>\n<li class=\"li1\">Una mano derecha abierta<\/li>\n<li class=\"li1\">Dos manos gestuales<\/li>\n<\/ul>\n<\/li>\n<li class=\"li1\">Cada escultura de cabeza est\u00e1 especialmente pintada a mano.<\/li>\n<\/ul>\n<h4 class=\"p1\"><b>Traje:<\/b><\/h4>\n<ul class=\"ul1\">\n<li class=\"li1\">Una armadura Arc Trooper Fives finamente elaborada con detalles azules distintivos y efectos de desgaste.<\/li>\n<li class=\"li1\">Un par de hombreras con bolsa de pecho negra que se puede fijar magn\u00e9ticamente<\/li>\n<li class=\"li1\">Un cintur\u00f3n utilitario de color blanco con faldones de mando adjuntos y fundas de pistola<\/li>\n<li class=\"li1\">Un traje interior de color negro<\/li>\n<li class=\"li1\">Un par de botas blindadas de color azul, blanco y gris con efectos de intemperie.<\/li>\n<\/ul>\n<h4 class=\"p1\"><b>Armas:<\/b><\/h4>\n<ul class=\"ul1\">\n<li class=\"li1\">Un lanzacohetes<\/li>\n<li class=\"li1\">Un rifle bl\u00e1ster<\/li>\n<li class=\"li1\">Dos pistolas bl\u00e1ster<\/li>\n<\/ul>\n<h4 class=\"p1\"><b>Accesorios:<\/b><\/h4>\n<ul class=\"ul1\">\n<li class=\"li1\">Una mochila militar (equipada con funci\u00f3n magn\u00e9tica) ,un bloc de datos, dos detonadores t\u00e9rmicos y un soporte para figuras con el logotipo de Star Wars y una placa con el nombre del personaje.<\/li>\n<\/ul>\n","protected":false},"excerpt":{"rendered":"<p><strong>Star Wars: The Clone Wars ARC Trooper Fives 1\/6th Scale Collectible Figure<\/strong><\/p>\n<p>Tambi\u00e9n conocido como CT-27-5555, Fives se entren\u00f3 con el Escuadr\u00f3n Domino en Kamino antes de destinarlo\u00a0al puesto de escucha Rishi Moon. Sobrevivi\u00f3 al ataque separatista a la estaci\u00f3n all\u00ed y fue transferido a la Legi\u00f3n 501 junto con su compa\u00f1ero de escuadr\u00f3n y compa\u00f1ero sobreviviente, Echo.<\/p>\n<p class=\"p1\">\n","protected":false},"featured_media":159061,"template":"","meta":{"_acf_changed":false,"_kad_blocks_custom_css":"","_kad_blocks_head_custom_js":"","_kad_blocks_body_custom_js":"","_kad_blocks_footer_custom_js":""},"product_cat":[13453,1384],"product_tag":[],"class_list":{"0":"post-159097","1":"product","2":"type-product","3":"status-publish","4":"has-post-thumbnail","6":"product_cat-featured","7":"product_cat-pre-orders","8":"pa_brand-hot-toys-en","9":"pa_character-arc-trooper-fives-en","10":"pa_episode-star-wars-the-clone-wars-en","11":"pa_license-star-wars-en","12":"pa_product-type-figure","13":"pa_theme-sixth-scale-collectible-en","15":"first","16":"instock","17":"taxable","18":"shipping-taxable","19":"purchasable","20":"product-type-simple"},"acf":[],"yoast_head":"<!-- This site is optimized with the Yoast SEO plugin v26.1.1 - https:\/\/yoast.com\/wordpress\/plugins\/seo\/ -->\n<title>Star Wars: The Clone Wars ARC Trooper Fives 1\/6th Scale Collectible Figure - EndormoonStore<\/title>\n<meta name=\"robots\" content=\"index, follow, max-snippet:-1, max-image-preview:large, max-video-preview:-1\" \/>\n<link rel=\"canonical\" href=\"https:\/\/endormoonstore.com\/en\/star-wars-the-clone-wars-arc-trooper-fives-1-6th-scale-collectible-figure\/\" \/>\n<meta property=\"og:locale\" content=\"en_US\" \/>\n<meta property=\"og:type\" content=\"article\" \/>\n<meta property=\"og:title\" content=\"Star Wars: The Clone Wars ARC Trooper Fives 1\/6th Scale Collectible Figure - EndormoonStore\" \/>\n<meta property=\"og:description\" content=\"Star Wars: The Clone Wars ARC Trooper Fives 1\/6th Scale Collectible Figure  Tambi\u00e9n conocido como CT-27-5555, Fives se entren\u00f3 con el Escuadr\u00f3n Domino en Kamino antes de destinarlo\u00a0al puesto de escucha Rishi Moon. Sobrevivi\u00f3 al ataque separatista a la estaci\u00f3n all\u00ed y fue transferido a la Legi\u00f3n 501 junto con su compa\u00f1ero de escuadr\u00f3n y compa\u00f1ero sobreviviente, Echo.\" \/>\n<meta property=\"og:url\" content=\"https:\/\/endormoonstore.com\/en\/star-wars-the-clone-wars-arc-trooper-fives-1-6th-scale-collectible-figure\/\" \/>\n<meta property=\"og:site_name\" content=\"EndormoonStore\" \/>\n<meta property=\"article:modified_time\" content=\"2024-08-08T18:42:19+00:00\" \/>\n<meta property=\"og:image\" content=\"https:\/\/endormoonstore.com\/wp-content\/uploads\/2024\/07\/Star-Wars-The-Clone-Wars-ARC-Trooper-Fives-1-6th-Scale-Collectible-Figure-1.jpg\" \/>\n\t<meta property=\"og:image:width\" content=\"692\" \/>\n\t<meta property=\"og:image:height\" content=\"1000\" \/>\n\t<meta property=\"og:image:type\" content=\"image\/jpeg\" \/>\n<meta name=\"twitter:card\" content=\"summary_large_image\" \/>\n<meta name=\"twitter:label1\" content=\"Est. reading time\" \/>\n\t<meta name=\"twitter:data1\" content=\"3 minutes\" \/>\n<script type=\"application\/ld+json\" class=\"yoast-schema-graph\">{\"@context\":\"https:\/\/schema.org\",\"@graph\":[{\"@type\":\"WebPage\",\"@id\":\"https:\/\/endormoonstore.com\/en\/star-wars-the-clone-wars-arc-trooper-fives-1-6th-scale-collectible-figure\/\",\"url\":\"https:\/\/endormoonstore.com\/en\/star-wars-the-clone-wars-arc-trooper-fives-1-6th-scale-collectible-figure\/\",\"name\":\"Star Wars: The Clone Wars ARC Trooper Fives 1\/6th Scale Collectible Figure - EndormoonStore\",\"isPartOf\":{\"@id\":\"https:\/\/endormoonstore.com\/#website\"},\"primaryImageOfPage\":{\"@id\":\"https:\/\/endormoonstore.com\/en\/star-wars-the-clone-wars-arc-trooper-fives-1-6th-scale-collectible-figure\/#primaryimage\"},\"image\":{\"@id\":\"https:\/\/endormoonstore.com\/en\/star-wars-the-clone-wars-arc-trooper-fives-1-6th-scale-collectible-figure\/#primaryimage\"},\"thumbnailUrl\":\"https:\/\/endormoonstore.com\/wp-content\/uploads\/2024\/07\/Star-Wars-The-Clone-Wars-ARC-Trooper-Fives-1-6th-Scale-Collectible-Figure-1.jpg\",\"datePublished\":\"2024-07-06T19:55:07+00:00\",\"dateModified\":\"2024-08-08T18:42:19+00:00\",\"breadcrumb\":{\"@id\":\"https:\/\/endormoonstore.com\/en\/star-wars-the-clone-wars-arc-trooper-fives-1-6th-scale-collectible-figure\/#breadcrumb\"},\"inLanguage\":\"en-US\",\"potentialAction\":[{\"@type\":\"ReadAction\",\"target\":[\"https:\/\/endormoonstore.com\/en\/star-wars-the-clone-wars-arc-trooper-fives-1-6th-scale-collectible-figure\/\"]}]},{\"@type\":\"ImageObject\",\"inLanguage\":\"en-US\",\"@id\":\"https:\/\/endormoonstore.com\/en\/star-wars-the-clone-wars-arc-trooper-fives-1-6th-scale-collectible-figure\/#primaryimage\",\"url\":\"https:\/\/endormoonstore.com\/wp-content\/uploads\/2024\/07\/Star-Wars-The-Clone-Wars-ARC-Trooper-Fives-1-6th-Scale-Collectible-Figure-1.jpg\",\"contentUrl\":\"https:\/\/endormoonstore.com\/wp-content\/uploads\/2024\/07\/Star-Wars-The-Clone-Wars-ARC-Trooper-Fives-1-6th-Scale-Collectible-Figure-1.jpg\",\"width\":692,\"height\":1000},{\"@type\":\"BreadcrumbList\",\"@id\":\"https:\/\/endormoonstore.com\/en\/star-wars-the-clone-wars-arc-trooper-fives-1-6th-scale-collectible-figure\/#breadcrumb\",\"itemListElement\":[{\"@type\":\"ListItem\",\"position\":1,\"name\":\"Shop\",\"item\":\"https:\/\/endormoonstore.com\/en\/shop\/\"},{\"@type\":\"ListItem\",\"position\":2,\"name\":\"Star Wars: The Clone Wars ARC Trooper Fives 1\/6th Scale Collectible Figure\"}]},{\"@type\":\"WebSite\",\"@id\":\"https:\/\/endormoonstore.com\/#website\",\"url\":\"https:\/\/endormoonstore.com\/\",\"name\":\"EndormoonStore\",\"description\":\"\",\"potentialAction\":[{\"@type\":\"SearchAction\",\"target\":{\"@type\":\"EntryPoint\",\"urlTemplate\":\"https:\/\/endormoonstore.com\/?s={search_term_string}\"},\"query-input\":{\"@type\":\"PropertyValueSpecification\",\"valueRequired\":true,\"valueName\":\"search_term_string\"}}],\"inLanguage\":\"en-US\"}]}<\/script>\n<!-- \/ Yoast SEO plugin. -->","yoast_head_json":{"title":"Star Wars: The Clone Wars ARC Trooper Fives 1\/6th Scale Collectible Figure - EndormoonStore","robots":{"index":"index","follow":"follow","max-snippet":"max-snippet:-1","max-image-preview":"max-image-preview:large","max-video-preview":"max-video-preview:-1"},"canonical":"https:\/\/endormoonstore.com\/en\/star-wars-the-clone-wars-arc-trooper-fives-1-6th-scale-collectible-figure\/","og_locale":"en_US","og_type":"article","og_title":"Star Wars: The Clone Wars ARC Trooper Fives 1\/6th Scale Collectible Figure - EndormoonStore","og_description":"Star Wars: The Clone Wars ARC Trooper Fives 1\/6th Scale Collectible Figure  Tambi\u00e9n conocido como CT-27-5555, Fives se entren\u00f3 con el Escuadr\u00f3n Domino en Kamino antes de destinarlo\u00a0al puesto de escucha Rishi Moon. Sobrevivi\u00f3 al ataque separatista a la estaci\u00f3n all\u00ed y fue transferido a la Legi\u00f3n 501 junto con su compa\u00f1ero de escuadr\u00f3n y compa\u00f1ero sobreviviente, Echo.","og_url":"https:\/\/endormoonstore.com\/en\/star-wars-the-clone-wars-arc-trooper-fives-1-6th-scale-collectible-figure\/","og_site_name":"EndormoonStore","article_modified_time":"2024-08-08T18:42:19+00:00","og_image":[{"width":692,"height":1000,"url":"https:\/\/endormoonstore.com\/wp-content\/uploads\/2024\/07\/Star-Wars-The-Clone-Wars-ARC-Trooper-Fives-1-6th-Scale-Collectible-Figure-1.jpg","type":"image\/jpeg"}],"twitter_card":"summary_large_image","twitter_misc":{"Est. reading time":"3 minutes"},"schema":{"@context":"https:\/\/schema.org","@graph":[{"@type":"WebPage","@id":"https:\/\/endormoonstore.com\/en\/star-wars-the-clone-wars-arc-trooper-fives-1-6th-scale-collectible-figure\/","url":"https:\/\/endormoonstore.com\/en\/star-wars-the-clone-wars-arc-trooper-fives-1-6th-scale-collectible-figure\/","name":"Star Wars: The Clone Wars ARC Trooper Fives 1\/6th Scale Collectible Figure - EndormoonStore","isPartOf":{"@id":"https:\/\/endormoonstore.com\/#website"},"primaryImageOfPage":{"@id":"https:\/\/endormoonstore.com\/en\/star-wars-the-clone-wars-arc-trooper-fives-1-6th-scale-collectible-figure\/#primaryimage"},"image":{"@id":"https:\/\/endormoonstore.com\/en\/star-wars-the-clone-wars-arc-trooper-fives-1-6th-scale-collectible-figure\/#primaryimage"},"thumbnailUrl":"https:\/\/endormoonstore.com\/wp-content\/uploads\/2024\/07\/Star-Wars-The-Clone-Wars-ARC-Trooper-Fives-1-6th-Scale-Collectible-Figure-1.jpg","datePublished":"2024-07-06T19:55:07+00:00","dateModified":"2024-08-08T18:42:19+00:00","breadcrumb":{"@id":"https:\/\/endormoonstore.com\/en\/star-wars-the-clone-wars-arc-trooper-fives-1-6th-scale-collectible-figure\/#breadcrumb"},"inLanguage":"en-US","potentialAction":[{"@type":"ReadAction","target":["https:\/\/endormoonstore.com\/en\/star-wars-the-clone-wars-arc-trooper-fives-1-6th-scale-collectible-figure\/"]}]},{"@type":"ImageObject","inLanguage":"en-US","@id":"https:\/\/endormoonstore.com\/en\/star-wars-the-clone-wars-arc-trooper-fives-1-6th-scale-collectible-figure\/#primaryimage","url":"https:\/\/endormoonstore.com\/wp-content\/uploads\/2024\/07\/Star-Wars-The-Clone-Wars-ARC-Trooper-Fives-1-6th-Scale-Collectible-Figure-1.jpg","contentUrl":"https:\/\/endormoonstore.com\/wp-content\/uploads\/2024\/07\/Star-Wars-The-Clone-Wars-ARC-Trooper-Fives-1-6th-Scale-Collectible-Figure-1.jpg","width":692,"height":1000},{"@type":"BreadcrumbList","@id":"https:\/\/endormoonstore.com\/en\/star-wars-the-clone-wars-arc-trooper-fives-1-6th-scale-collectible-figure\/#breadcrumb","itemListElement":[{"@type":"ListItem","position":1,"name":"Shop","item":"https:\/\/endormoonstore.com\/en\/shop\/"},{"@type":"ListItem","position":2,"name":"Star Wars: The Clone Wars ARC Trooper Fives 1\/6th Scale Collectible Figure"}]},{"@type":"WebSite","@id":"https:\/\/endormoonstore.com\/#website","url":"https:\/\/endormoonstore.com\/","name":"EndormoonStore","description":"","potentialAction":[{"@type":"SearchAction","target":{"@type":"EntryPoint","urlTemplate":"https:\/\/endormoonstore.com\/?s={search_term_string}"},"query-input":{"@type":"PropertyValueSpecification","valueRequired":true,"valueName":"search_term_string"}}],"inLanguage":"en-US"}]}},"taxonomy_info":{"product_cat":[{"value":13453,"label":"Featured"},{"value":1384,"label":"Pre-orders"}],"pa_brand":[{"value":1635,"label":"Hot Toys"}],"pa_character":[{"value":14001,"label":"ARC Trooper Fives"}],"pa_episode":[{"value":2333,"label":"Star Wars: The Clone Wars"}],"pa_license":[{"value":1644,"label":"Star Wars"}],"pa_product-type":[{"value":2387,"label":"Figure"}],"pa_theme":[{"value":4595,"label":"Sixth Scale Collectible"}]},"featured_image_src_large":["https:\/\/endormoonstore.com\/wp-content\/uploads\/2024\/07\/Star-Wars-The-Clone-Wars-ARC-Trooper-Fives-1-6th-Scale-Collectible-Figure-1.jpg",692,1000,false],"author_info":[],"comment_info":"","_links":{"self":[{"href":"https:\/\/endormoonstore.com\/en\/wp-json\/wp\/v2\/product\/159097","targetHints":{"allow":["GET"]}}],"collection":[{"href":"https:\/\/endormoonstore.com\/en\/wp-json\/wp\/v2\/product"}],"about":[{"href":"https:\/\/endormoonstore.com\/en\/wp-json\/wp\/v2\/types\/product"}],"wp:featuredmedia":[{"embeddable":true,"href":"https:\/\/endormoonstore.com\/en\/wp-json\/wp\/v2\/media\/159061"}],"wp:attachment":[{"href":"https:\/\/endormoonstore.com\/en\/wp-json\/wp\/v2\/media?parent=159097"}],"wp:term":[{"taxonomy":"product_cat","embeddable":true,"href":"https:\/\/endormoonstore.com\/en\/wp-json\/wp\/v2\/product_cat?post=159097"},{"taxonomy":"product_tag","embeddable":true,"href":"https:\/\/endormoonstore.com\/en\/wp-json\/wp\/v2\/product_tag?post=159097"}],"curies":[{"name":"wp","href":"https:\/\/api.w.org\/{rel}","templated":true}]}}