{"id":159058,"date":"2024-07-06T21:50:04","date_gmt":"2024-07-06T19:50:04","guid":{"rendered":"https:\/\/endormoonstore.com\/star-wars-the-clone-wars-arc-trooper-echo-1-6th-scale-collectible-figure\/"},"modified":"2024-08-08T21:01:44","modified_gmt":"2024-08-08T19:01:44","slug":"star-wars-the-clone-wars-arc-trooper-echo-1-6th-scale-collectible-figure","status":"publish","type":"product","link":"https:\/\/endormoonstore.com\/en\/star-wars-the-clone-wars-arc-trooper-echo-1-6th-scale-collectible-figure\/","title":{"rendered":"Star Wars: The Clone Wars ARC Trooper Echo 1\/6th Scale Collectible Figure"},"content":{"rendered":"<p><strong>Star Wars: The Clone Wars ARC Trooper Echo 1\/6th Scale Collectible Figure<\/strong><\/p>\n<div id=\"prod-summary\">\n<div class=\"product_details__in_box\">\n<ul>\n<li>Echo, un soldado del Gran Ej\u00e9rcito de la Rep\u00fablica, conocido por su estricta adherencia a las \u00f3rdenes y reglas, de ah\u00ed su apodo, que le fue sarc\u00e1sticamente otorgado por sus hermanos clones. A\u00fan as\u00ed, Echo demostr\u00f3 ser uno de los clones m\u00e1s valientes, fundamental en la defensa de la Estaci\u00f3n Rishi y Ciudad Tipoca, y finalmente alcanz\u00f3 el rango de soldado ARC. Sin embargo, a trav\u00e9s de circunstancias tr\u00e1gicas, se convertir\u00eda en algo m\u00e1s que un clon normal.<\/li>\n<li>Hot Toys se complace en presentar la figura coleccionable a escala 1\/6 del ARC Trooper Echo<\/li>\n<li>La figura coleccionable altamente detallada est\u00e1 especialmente dise\u00f1ada en base a la apariencia de Echo en la armadura Clone Trooper Phase II, presenta una escultura de cabeza recientemente desarrollada con gran semejanza, casco y armadura finamente elaborados con marcas \u00fanicas y efectos de intemperie, atuendo a medida con falda kama y una serie de equipos que incluyen un bl\u00e1ster pesado, un rifle bl\u00e1ster, un par de pistolas bl\u00e1ster, una mochila y una base de exhibici\u00f3n.<\/li>\n<li>Combina esta figura coleccionable con Fives para enriquecer tu colecci\u00f3n de Star Wars<\/li>\n<\/ul>\n<h4>Qu\u00e9 hay en la caja:<\/h4>\n<ul>\n<li>Imagen aut\u00e9ntica y detallada de Arc Trooper Echo en la serie Star Wars: The Clone Wars<\/li>\n<li>Un casco de nueva fabricaci\u00f3n con efectos de intemperie y tres dispositivos intercambiables (macrobinoculares, tel\u00e9metro y linterna)<\/li>\n<li>Una escultura de cabeza recientemente desarrollada con funci\u00f3n de globo ocular giratorio independiente<\/li>\n<li>Peinado, expresi\u00f3n facial y textura de piel muy precisos<\/li>\n<li>Armadura pintada en color blanco, azul y gris oscuro con efectos de desgaste.<\/li>\n<li>Aproximadamente 30 cm de alto<\/li>\n<li>Cuerpo con m\u00e1s de 30 puntos de articulaci\u00f3n.<\/li>\n<li>Siete piezas de manos enguantadas intercambiables que incluyen:\n<ul>\n<li>Un\u00a0 par de manos para sostener el arma.<\/li>\n<li>Un par de manos relajadas<\/li>\n<li>Una mano derecha abierta<\/li>\n<li>Dos manos gestuales<\/li>\n<\/ul>\n<\/li>\n<li>Cada escultura de cabeza est\u00e1 especialmente pintada a mano.<\/li>\n<\/ul>\n<h4>Traje:<\/h4>\n<ul>\n<li>Una armadura Arc Trooper Echo finamente elaborada con detalles azules distintivos y efectos de desgaste.<\/li>\n<li>Un par de hombreras con bolsa de pecho negra que se puede fijar magn\u00e9ticamente<\/li>\n<li>Un cintur\u00f3n utilitario de color blanco con faldones de mando adjuntos y fundas de pistola<\/li>\n<li>\u00a0Un traje interior de color negro<\/li>\n<li>Un par de botas blindadas de color azul, blanco y gris con efectos de intemperie.<\/li>\n<\/ul>\n<h4>Armas:<\/h4>\n<ul>\n<li>\u00a0Una carabina bl\u00e1ster<\/li>\n<li>Dos pistolas bl\u00e1ster<\/li>\n<\/ul>\n<h4><strong>Accesorios:<\/strong><\/h4>\n<ul>\n<li>Una mochila militar (equipada con funci\u00f3n magn\u00e9tica) ,un bloc de datos y un soporte para figuras con el logotipo de Star Wars y una placa con el nombre del personaje.<\/li>\n<\/ul>\n<p>&nbsp;<\/p>\n<h2 class=\"details-headline\"><\/h2>\n<\/div>\n<\/div>\n","protected":false},"excerpt":{"rendered":"<p><strong>Star Wars: The Clone Wars ARC Trooper Echo 1\/6th Scale Collectible Figure<\/strong><\/p>\n<p>Echo, un soldado del Gran Ej\u00e9rcito de la Rep\u00fablica, conocido por su estricta adherencia a las \u00f3rdenes y reglas, de ah\u00ed su apodo, que le fue sarc\u00e1sticamente otorgado por sus hermanos clones. A\u00fan as\u00ed, Echo demostr\u00f3 ser uno de los clones m\u00e1s valientes, fundamental en la defensa de la Estaci\u00f3n Rishi y Ciudad Tipoca, y finalmente alcanz\u00f3 el rango de soldado ARC.<\/p>\n<p class=\"p1\">\n","protected":false},"featured_media":159020,"template":"","meta":{"_acf_changed":false,"_kad_blocks_custom_css":"","_kad_blocks_head_custom_js":"","_kad_blocks_body_custom_js":"","_kad_blocks_footer_custom_js":""},"product_cat":[13453,1384],"product_tag":[],"class_list":{"0":"post-159058","1":"product","2":"type-product","3":"status-publish","4":"has-post-thumbnail","6":"product_cat-featured","7":"product_cat-pre-orders","8":"pa_brand-hot-toys-en","9":"pa_character-arc-trooper-echo-en","10":"pa_episode-star-wars-the-clone-wars-en","11":"pa_license-star-wars-en","12":"pa_product-type-figure","13":"pa_theme-sixth-scale-collectible-en","15":"first","16":"instock","17":"taxable","18":"shipping-taxable","19":"purchasable","20":"product-type-simple"},"acf":[],"yoast_head":"<!-- This site is optimized with the Yoast SEO plugin v26.1.1 - https:\/\/yoast.com\/wordpress\/plugins\/seo\/ -->\n<title>Star Wars: The Clone Wars ARC Trooper Echo 1\/6th Scale Collectible Figure - EndormoonStore<\/title>\n<meta name=\"robots\" content=\"index, follow, max-snippet:-1, max-image-preview:large, max-video-preview:-1\" \/>\n<link rel=\"canonical\" href=\"https:\/\/endormoonstore.com\/en\/star-wars-the-clone-wars-arc-trooper-echo-1-6th-scale-collectible-figure\/\" \/>\n<meta property=\"og:locale\" content=\"en_US\" \/>\n<meta property=\"og:type\" content=\"article\" \/>\n<meta property=\"og:title\" content=\"Star Wars: The Clone Wars ARC Trooper Echo 1\/6th Scale Collectible Figure - EndormoonStore\" \/>\n<meta property=\"og:description\" content=\"Star Wars: The Clone Wars ARC Trooper Echo 1\/6th Scale Collectible Figure  Echo, un soldado del Gran Ej\u00e9rcito de la Rep\u00fablica, conocido por su estricta adherencia a las \u00f3rdenes y reglas, de ah\u00ed su apodo, que le fue sarc\u00e1sticamente otorgado por sus hermanos clones. A\u00fan as\u00ed, Echo demostr\u00f3 ser uno de los clones m\u00e1s valientes, fundamental en la defensa de la Estaci\u00f3n Rishi y Ciudad Tipoca, y finalmente alcanz\u00f3 el rango de soldado ARC.\" \/>\n<meta property=\"og:url\" content=\"https:\/\/endormoonstore.com\/en\/star-wars-the-clone-wars-arc-trooper-echo-1-6th-scale-collectible-figure\/\" \/>\n<meta property=\"og:site_name\" content=\"EndormoonStore\" \/>\n<meta property=\"article:modified_time\" content=\"2024-08-08T19:01:44+00:00\" \/>\n<meta property=\"og:image\" content=\"https:\/\/endormoonstore.com\/wp-content\/uploads\/2024\/07\/Star-Wars-The-Clone-Wars-ARC-Trooper-Echo-1-6th-Scale-Collectible-Figure-1.jpg\" \/>\n\t<meta property=\"og:image:width\" content=\"692\" \/>\n\t<meta property=\"og:image:height\" content=\"1000\" \/>\n\t<meta property=\"og:image:type\" content=\"image\/jpeg\" \/>\n<meta name=\"twitter:card\" content=\"summary_large_image\" \/>\n<meta name=\"twitter:label1\" content=\"Est. reading time\" \/>\n\t<meta name=\"twitter:data1\" content=\"3 minutes\" \/>\n<script type=\"application\/ld+json\" class=\"yoast-schema-graph\">{\"@context\":\"https:\/\/schema.org\",\"@graph\":[{\"@type\":\"WebPage\",\"@id\":\"https:\/\/endormoonstore.com\/en\/star-wars-the-clone-wars-arc-trooper-echo-1-6th-scale-collectible-figure\/\",\"url\":\"https:\/\/endormoonstore.com\/en\/star-wars-the-clone-wars-arc-trooper-echo-1-6th-scale-collectible-figure\/\",\"name\":\"Star Wars: The Clone Wars ARC Trooper Echo 1\/6th Scale Collectible Figure - EndormoonStore\",\"isPartOf\":{\"@id\":\"https:\/\/endormoonstore.com\/#website\"},\"primaryImageOfPage\":{\"@id\":\"https:\/\/endormoonstore.com\/en\/star-wars-the-clone-wars-arc-trooper-echo-1-6th-scale-collectible-figure\/#primaryimage\"},\"image\":{\"@id\":\"https:\/\/endormoonstore.com\/en\/star-wars-the-clone-wars-arc-trooper-echo-1-6th-scale-collectible-figure\/#primaryimage\"},\"thumbnailUrl\":\"https:\/\/endormoonstore.com\/wp-content\/uploads\/2024\/07\/Star-Wars-The-Clone-Wars-ARC-Trooper-Echo-1-6th-Scale-Collectible-Figure-1.jpg\",\"datePublished\":\"2024-07-06T19:50:04+00:00\",\"dateModified\":\"2024-08-08T19:01:44+00:00\",\"breadcrumb\":{\"@id\":\"https:\/\/endormoonstore.com\/en\/star-wars-the-clone-wars-arc-trooper-echo-1-6th-scale-collectible-figure\/#breadcrumb\"},\"inLanguage\":\"en-US\",\"potentialAction\":[{\"@type\":\"ReadAction\",\"target\":[\"https:\/\/endormoonstore.com\/en\/star-wars-the-clone-wars-arc-trooper-echo-1-6th-scale-collectible-figure\/\"]}]},{\"@type\":\"ImageObject\",\"inLanguage\":\"en-US\",\"@id\":\"https:\/\/endormoonstore.com\/en\/star-wars-the-clone-wars-arc-trooper-echo-1-6th-scale-collectible-figure\/#primaryimage\",\"url\":\"https:\/\/endormoonstore.com\/wp-content\/uploads\/2024\/07\/Star-Wars-The-Clone-Wars-ARC-Trooper-Echo-1-6th-Scale-Collectible-Figure-1.jpg\",\"contentUrl\":\"https:\/\/endormoonstore.com\/wp-content\/uploads\/2024\/07\/Star-Wars-The-Clone-Wars-ARC-Trooper-Echo-1-6th-Scale-Collectible-Figure-1.jpg\",\"width\":692,\"height\":1000},{\"@type\":\"BreadcrumbList\",\"@id\":\"https:\/\/endormoonstore.com\/en\/star-wars-the-clone-wars-arc-trooper-echo-1-6th-scale-collectible-figure\/#breadcrumb\",\"itemListElement\":[{\"@type\":\"ListItem\",\"position\":1,\"name\":\"Shop\",\"item\":\"https:\/\/endormoonstore.com\/en\/shop\/\"},{\"@type\":\"ListItem\",\"position\":2,\"name\":\"Star Wars: The Clone Wars ARC Trooper Echo 1\/6th Scale Collectible Figure\"}]},{\"@type\":\"WebSite\",\"@id\":\"https:\/\/endormoonstore.com\/#website\",\"url\":\"https:\/\/endormoonstore.com\/\",\"name\":\"EndormoonStore\",\"description\":\"\",\"potentialAction\":[{\"@type\":\"SearchAction\",\"target\":{\"@type\":\"EntryPoint\",\"urlTemplate\":\"https:\/\/endormoonstore.com\/?s={search_term_string}\"},\"query-input\":{\"@type\":\"PropertyValueSpecification\",\"valueRequired\":true,\"valueName\":\"search_term_string\"}}],\"inLanguage\":\"en-US\"}]}<\/script>\n<!-- \/ Yoast SEO plugin. -->","yoast_head_json":{"title":"Star Wars: The Clone Wars ARC Trooper Echo 1\/6th Scale Collectible Figure - EndormoonStore","robots":{"index":"index","follow":"follow","max-snippet":"max-snippet:-1","max-image-preview":"max-image-preview:large","max-video-preview":"max-video-preview:-1"},"canonical":"https:\/\/endormoonstore.com\/en\/star-wars-the-clone-wars-arc-trooper-echo-1-6th-scale-collectible-figure\/","og_locale":"en_US","og_type":"article","og_title":"Star Wars: The Clone Wars ARC Trooper Echo 1\/6th Scale Collectible Figure - EndormoonStore","og_description":"Star Wars: The Clone Wars ARC Trooper Echo 1\/6th Scale Collectible Figure  Echo, un soldado del Gran Ej\u00e9rcito de la Rep\u00fablica, conocido por su estricta adherencia a las \u00f3rdenes y reglas, de ah\u00ed su apodo, que le fue sarc\u00e1sticamente otorgado por sus hermanos clones. A\u00fan as\u00ed, Echo demostr\u00f3 ser uno de los clones m\u00e1s valientes, fundamental en la defensa de la Estaci\u00f3n Rishi y Ciudad Tipoca, y finalmente alcanz\u00f3 el rango de soldado ARC.","og_url":"https:\/\/endormoonstore.com\/en\/star-wars-the-clone-wars-arc-trooper-echo-1-6th-scale-collectible-figure\/","og_site_name":"EndormoonStore","article_modified_time":"2024-08-08T19:01:44+00:00","og_image":[{"width":692,"height":1000,"url":"https:\/\/endormoonstore.com\/wp-content\/uploads\/2024\/07\/Star-Wars-The-Clone-Wars-ARC-Trooper-Echo-1-6th-Scale-Collectible-Figure-1.jpg","type":"image\/jpeg"}],"twitter_card":"summary_large_image","twitter_misc":{"Est. reading time":"3 minutes"},"schema":{"@context":"https:\/\/schema.org","@graph":[{"@type":"WebPage","@id":"https:\/\/endormoonstore.com\/en\/star-wars-the-clone-wars-arc-trooper-echo-1-6th-scale-collectible-figure\/","url":"https:\/\/endormoonstore.com\/en\/star-wars-the-clone-wars-arc-trooper-echo-1-6th-scale-collectible-figure\/","name":"Star Wars: The Clone Wars ARC Trooper Echo 1\/6th Scale Collectible Figure - EndormoonStore","isPartOf":{"@id":"https:\/\/endormoonstore.com\/#website"},"primaryImageOfPage":{"@id":"https:\/\/endormoonstore.com\/en\/star-wars-the-clone-wars-arc-trooper-echo-1-6th-scale-collectible-figure\/#primaryimage"},"image":{"@id":"https:\/\/endormoonstore.com\/en\/star-wars-the-clone-wars-arc-trooper-echo-1-6th-scale-collectible-figure\/#primaryimage"},"thumbnailUrl":"https:\/\/endormoonstore.com\/wp-content\/uploads\/2024\/07\/Star-Wars-The-Clone-Wars-ARC-Trooper-Echo-1-6th-Scale-Collectible-Figure-1.jpg","datePublished":"2024-07-06T19:50:04+00:00","dateModified":"2024-08-08T19:01:44+00:00","breadcrumb":{"@id":"https:\/\/endormoonstore.com\/en\/star-wars-the-clone-wars-arc-trooper-echo-1-6th-scale-collectible-figure\/#breadcrumb"},"inLanguage":"en-US","potentialAction":[{"@type":"ReadAction","target":["https:\/\/endormoonstore.com\/en\/star-wars-the-clone-wars-arc-trooper-echo-1-6th-scale-collectible-figure\/"]}]},{"@type":"ImageObject","inLanguage":"en-US","@id":"https:\/\/endormoonstore.com\/en\/star-wars-the-clone-wars-arc-trooper-echo-1-6th-scale-collectible-figure\/#primaryimage","url":"https:\/\/endormoonstore.com\/wp-content\/uploads\/2024\/07\/Star-Wars-The-Clone-Wars-ARC-Trooper-Echo-1-6th-Scale-Collectible-Figure-1.jpg","contentUrl":"https:\/\/endormoonstore.com\/wp-content\/uploads\/2024\/07\/Star-Wars-The-Clone-Wars-ARC-Trooper-Echo-1-6th-Scale-Collectible-Figure-1.jpg","width":692,"height":1000},{"@type":"BreadcrumbList","@id":"https:\/\/endormoonstore.com\/en\/star-wars-the-clone-wars-arc-trooper-echo-1-6th-scale-collectible-figure\/#breadcrumb","itemListElement":[{"@type":"ListItem","position":1,"name":"Shop","item":"https:\/\/endormoonstore.com\/en\/shop\/"},{"@type":"ListItem","position":2,"name":"Star Wars: The Clone Wars ARC Trooper Echo 1\/6th Scale Collectible Figure"}]},{"@type":"WebSite","@id":"https:\/\/endormoonstore.com\/#website","url":"https:\/\/endormoonstore.com\/","name":"EndormoonStore","description":"","potentialAction":[{"@type":"SearchAction","target":{"@type":"EntryPoint","urlTemplate":"https:\/\/endormoonstore.com\/?s={search_term_string}"},"query-input":{"@type":"PropertyValueSpecification","valueRequired":true,"valueName":"search_term_string"}}],"inLanguage":"en-US"}]}},"taxonomy_info":{"product_cat":[{"value":13453,"label":"Featured"},{"value":1384,"label":"Pre-orders"}],"pa_brand":[{"value":1635,"label":"Hot Toys"}],"pa_character":[{"value":7773,"label":"ARC Trooper Echo"}],"pa_episode":[{"value":2333,"label":"Star Wars: The Clone Wars"}],"pa_license":[{"value":1644,"label":"Star Wars"}],"pa_product-type":[{"value":2387,"label":"Figure"}],"pa_theme":[{"value":4595,"label":"Sixth Scale Collectible"}]},"featured_image_src_large":["https:\/\/endormoonstore.com\/wp-content\/uploads\/2024\/07\/Star-Wars-The-Clone-Wars-ARC-Trooper-Echo-1-6th-Scale-Collectible-Figure-1.jpg",692,1000,false],"author_info":[],"comment_info":"","_links":{"self":[{"href":"https:\/\/endormoonstore.com\/en\/wp-json\/wp\/v2\/product\/159058","targetHints":{"allow":["GET"]}}],"collection":[{"href":"https:\/\/endormoonstore.com\/en\/wp-json\/wp\/v2\/product"}],"about":[{"href":"https:\/\/endormoonstore.com\/en\/wp-json\/wp\/v2\/types\/product"}],"wp:featuredmedia":[{"embeddable":true,"href":"https:\/\/endormoonstore.com\/en\/wp-json\/wp\/v2\/media\/159020"}],"wp:attachment":[{"href":"https:\/\/endormoonstore.com\/en\/wp-json\/wp\/v2\/media?parent=159058"}],"wp:term":[{"taxonomy":"product_cat","embeddable":true,"href":"https:\/\/endormoonstore.com\/en\/wp-json\/wp\/v2\/product_cat?post=159058"},{"taxonomy":"product_tag","embeddable":true,"href":"https:\/\/endormoonstore.com\/en\/wp-json\/wp\/v2\/product_tag?post=159058"}],"curies":[{"name":"wp","href":"https:\/\/api.w.org\/{rel}","templated":true}]}}