{"id":159016,"date":"2024-07-06T21:45:24","date_gmt":"2024-07-06T19:45:24","guid":{"rendered":"https:\/\/endormoonstore.com\/omni-man-invincible-deluxe-set-invincible\/"},"modified":"2024-07-19T13:14:05","modified_gmt":"2024-07-19T11:14:05","slug":"omni-man-invincible-deluxe-set-invincible","status":"publish","type":"product","link":"https:\/\/endormoonstore.com\/en\/omni-man-invincible-deluxe-set-invincible\/","title":{"rendered":"Omni-Man &#038; Invincible Deluxe Set Invincible"},"content":{"rendered":"<p><strong>Omni-Man &amp; Invincible Deluxe Set Invincible Scale 1:10<\/strong><\/p>\n<ul>\n<li>Tanto los nuevos espectadores como los lectores de c\u00f3mics de toda la vida se sorprendieron con la tremenda batalla entre Invincible y su padre Omni-Man.<\/li>\n<li>En el final de la temporada 1 de la exitosa serie animada de Prime Video <em>Invincible<\/em>\u00a0, basada en la serie de c\u00f3mics hom\u00f3nima de Robert Kirkman, Cory Walker y Ryan Ottley.<\/li>\n<li>Una batalla para la historia, que se extendi\u00f3 por todo el mundo y termin\u00f3 con ambos personajes golpeados, ensangrentados y magullados. Ahora, esa batalla est\u00e1 capturada en una nueva caja de figuras de acci\u00f3n de Diamond Select Toys.<\/li>\n<li>Esta caja que incluye dos figuras de acci\u00f3n sangrientas a escala 1\/10 ( unos 18 cm de altura) del padre y el hijo, incluidas piezas da\u00f1adas por la batalla reci\u00e9n esculpidas.<\/li>\n<li>Cada figura presenta m\u00faltiples puntos de articulaci\u00f3n y est\u00e1 basada directamente en su contraparte animada. Ambas figuras vienen empaquetadas en una caja con ventana con solapa a todo color con una puerta de quinto panel y fueron esculpidas digitalmente por el aclamado artista Chris Dahlberg.<\/li>\n<li>El box set \u201cThink, Mark!\u201d, llamado as\u00ed por la memorable l\u00ednea de di\u00e1logo de Omni-Man, ya est\u00e1 disponible para reservar. \u00a1Reserva el tuyo hoy!<\/li>\n<\/ul>\n","protected":false},"excerpt":{"rendered":"<p><strong>Omni-Man &amp; Invincible Deluxe Set Invincible Scale 1:10<\/strong><\/p>\n<p>Tanto los nuevos espectadores como los lectores de c\u00f3mics de toda la vida se sorprendieron con la tremenda batalla entre Invincible y su padre Omni-Man.<\/p>\n","protected":false},"featured_media":159005,"template":"","meta":{"_acf_changed":false,"_kad_blocks_custom_css":"","_kad_blocks_head_custom_js":"","_kad_blocks_body_custom_js":"","_kad_blocks_footer_custom_js":""},"product_cat":[1390],"product_tag":[],"class_list":{"0":"post-159016","1":"product","2":"type-product","3":"status-publish","4":"has-post-thumbnail","6":"product_cat-figures","7":"pa_brand-diamond-select-toys-en","8":"pa_character-invincible-en","9":"pa_character-omni-man-en","10":"pa_license-invincible-en","11":"pa_product-type-figure","12":"pa_theme-deluxe-action-figure-en","14":"first","15":"outofstock","16":"taxable","17":"shipping-taxable","18":"purchasable","19":"product-type-simple"},"acf":[],"yoast_head":"<!-- This site is optimized with the Yoast SEO plugin v26.1.1 - https:\/\/yoast.com\/wordpress\/plugins\/seo\/ -->\n<title>Omni-Man &amp; Invincible Deluxe Set Invincible - EndormoonStore<\/title>\n<meta name=\"robots\" content=\"index, follow, max-snippet:-1, max-image-preview:large, max-video-preview:-1\" \/>\n<link rel=\"canonical\" href=\"https:\/\/endormoonstore.com\/en\/omni-man-invincible-deluxe-set-invincible\/\" \/>\n<meta property=\"og:locale\" content=\"en_US\" \/>\n<meta property=\"og:type\" content=\"article\" \/>\n<meta property=\"og:title\" content=\"Omni-Man &amp; Invincible Deluxe Set Invincible - EndormoonStore\" \/>\n<meta property=\"og:description\" content=\"Omni-Man &amp; Invincible Deluxe Set Invincible Scale 1:10  Tanto los nuevos espectadores como los lectores de c\u00f3mics de toda la vida se sorprendieron con la tremenda batalla entre Invincible y su padre Omni-Man.\" \/>\n<meta property=\"og:url\" content=\"https:\/\/endormoonstore.com\/en\/omni-man-invincible-deluxe-set-invincible\/\" \/>\n<meta property=\"og:site_name\" content=\"EndormoonStore\" \/>\n<meta property=\"article:modified_time\" content=\"2024-07-19T11:14:05+00:00\" \/>\n<meta property=\"og:image\" content=\"https:\/\/endormoonstore.com\/wp-content\/uploads\/2024\/07\/Omni-Man-Invincible-Deluxe-Set-Invincible-Scale-1-10-1.jpg\" \/>\n\t<meta property=\"og:image:width\" content=\"1000\" \/>\n\t<meta property=\"og:image:height\" content=\"1000\" \/>\n\t<meta property=\"og:image:type\" content=\"image\/jpeg\" \/>\n<meta name=\"twitter:card\" content=\"summary_large_image\" \/>\n<meta name=\"twitter:label1\" content=\"Est. reading time\" \/>\n\t<meta name=\"twitter:data1\" content=\"2 minutes\" \/>\n<script type=\"application\/ld+json\" class=\"yoast-schema-graph\">{\"@context\":\"https:\/\/schema.org\",\"@graph\":[{\"@type\":\"WebPage\",\"@id\":\"https:\/\/endormoonstore.com\/en\/omni-man-invincible-deluxe-set-invincible\/\",\"url\":\"https:\/\/endormoonstore.com\/en\/omni-man-invincible-deluxe-set-invincible\/\",\"name\":\"Omni-Man & Invincible Deluxe Set Invincible - EndormoonStore\",\"isPartOf\":{\"@id\":\"https:\/\/endormoonstore.com\/#website\"},\"primaryImageOfPage\":{\"@id\":\"https:\/\/endormoonstore.com\/en\/omni-man-invincible-deluxe-set-invincible\/#primaryimage\"},\"image\":{\"@id\":\"https:\/\/endormoonstore.com\/en\/omni-man-invincible-deluxe-set-invincible\/#primaryimage\"},\"thumbnailUrl\":\"https:\/\/endormoonstore.com\/wp-content\/uploads\/2024\/07\/Omni-Man-Invincible-Deluxe-Set-Invincible-Scale-1-10-1.jpg\",\"datePublished\":\"2024-07-06T19:45:24+00:00\",\"dateModified\":\"2024-07-19T11:14:05+00:00\",\"breadcrumb\":{\"@id\":\"https:\/\/endormoonstore.com\/en\/omni-man-invincible-deluxe-set-invincible\/#breadcrumb\"},\"inLanguage\":\"en-US\",\"potentialAction\":[{\"@type\":\"ReadAction\",\"target\":[\"https:\/\/endormoonstore.com\/en\/omni-man-invincible-deluxe-set-invincible\/\"]}]},{\"@type\":\"ImageObject\",\"inLanguage\":\"en-US\",\"@id\":\"https:\/\/endormoonstore.com\/en\/omni-man-invincible-deluxe-set-invincible\/#primaryimage\",\"url\":\"https:\/\/endormoonstore.com\/wp-content\/uploads\/2024\/07\/Omni-Man-Invincible-Deluxe-Set-Invincible-Scale-1-10-1.jpg\",\"contentUrl\":\"https:\/\/endormoonstore.com\/wp-content\/uploads\/2024\/07\/Omni-Man-Invincible-Deluxe-Set-Invincible-Scale-1-10-1.jpg\",\"width\":1000,\"height\":1000},{\"@type\":\"BreadcrumbList\",\"@id\":\"https:\/\/endormoonstore.com\/en\/omni-man-invincible-deluxe-set-invincible\/#breadcrumb\",\"itemListElement\":[{\"@type\":\"ListItem\",\"position\":1,\"name\":\"Shop\",\"item\":\"https:\/\/endormoonstore.com\/en\/shop\/\"},{\"@type\":\"ListItem\",\"position\":2,\"name\":\"Omni-Man &#038; Invincible Deluxe Set Invincible\"}]},{\"@type\":\"WebSite\",\"@id\":\"https:\/\/endormoonstore.com\/#website\",\"url\":\"https:\/\/endormoonstore.com\/\",\"name\":\"EndormoonStore\",\"description\":\"\",\"potentialAction\":[{\"@type\":\"SearchAction\",\"target\":{\"@type\":\"EntryPoint\",\"urlTemplate\":\"https:\/\/endormoonstore.com\/?s={search_term_string}\"},\"query-input\":{\"@type\":\"PropertyValueSpecification\",\"valueRequired\":true,\"valueName\":\"search_term_string\"}}],\"inLanguage\":\"en-US\"}]}<\/script>\n<!-- \/ Yoast SEO plugin. -->","yoast_head_json":{"title":"Omni-Man & Invincible Deluxe Set Invincible - EndormoonStore","robots":{"index":"index","follow":"follow","max-snippet":"max-snippet:-1","max-image-preview":"max-image-preview:large","max-video-preview":"max-video-preview:-1"},"canonical":"https:\/\/endormoonstore.com\/en\/omni-man-invincible-deluxe-set-invincible\/","og_locale":"en_US","og_type":"article","og_title":"Omni-Man & Invincible Deluxe Set Invincible - EndormoonStore","og_description":"Omni-Man &amp; Invincible Deluxe Set Invincible Scale 1:10  Tanto los nuevos espectadores como los lectores de c\u00f3mics de toda la vida se sorprendieron con la tremenda batalla entre Invincible y su padre Omni-Man.","og_url":"https:\/\/endormoonstore.com\/en\/omni-man-invincible-deluxe-set-invincible\/","og_site_name":"EndormoonStore","article_modified_time":"2024-07-19T11:14:05+00:00","og_image":[{"width":1000,"height":1000,"url":"https:\/\/endormoonstore.com\/wp-content\/uploads\/2024\/07\/Omni-Man-Invincible-Deluxe-Set-Invincible-Scale-1-10-1.jpg","type":"image\/jpeg"}],"twitter_card":"summary_large_image","twitter_misc":{"Est. reading time":"2 minutes"},"schema":{"@context":"https:\/\/schema.org","@graph":[{"@type":"WebPage","@id":"https:\/\/endormoonstore.com\/en\/omni-man-invincible-deluxe-set-invincible\/","url":"https:\/\/endormoonstore.com\/en\/omni-man-invincible-deluxe-set-invincible\/","name":"Omni-Man & Invincible Deluxe Set Invincible - EndormoonStore","isPartOf":{"@id":"https:\/\/endormoonstore.com\/#website"},"primaryImageOfPage":{"@id":"https:\/\/endormoonstore.com\/en\/omni-man-invincible-deluxe-set-invincible\/#primaryimage"},"image":{"@id":"https:\/\/endormoonstore.com\/en\/omni-man-invincible-deluxe-set-invincible\/#primaryimage"},"thumbnailUrl":"https:\/\/endormoonstore.com\/wp-content\/uploads\/2024\/07\/Omni-Man-Invincible-Deluxe-Set-Invincible-Scale-1-10-1.jpg","datePublished":"2024-07-06T19:45:24+00:00","dateModified":"2024-07-19T11:14:05+00:00","breadcrumb":{"@id":"https:\/\/endormoonstore.com\/en\/omni-man-invincible-deluxe-set-invincible\/#breadcrumb"},"inLanguage":"en-US","potentialAction":[{"@type":"ReadAction","target":["https:\/\/endormoonstore.com\/en\/omni-man-invincible-deluxe-set-invincible\/"]}]},{"@type":"ImageObject","inLanguage":"en-US","@id":"https:\/\/endormoonstore.com\/en\/omni-man-invincible-deluxe-set-invincible\/#primaryimage","url":"https:\/\/endormoonstore.com\/wp-content\/uploads\/2024\/07\/Omni-Man-Invincible-Deluxe-Set-Invincible-Scale-1-10-1.jpg","contentUrl":"https:\/\/endormoonstore.com\/wp-content\/uploads\/2024\/07\/Omni-Man-Invincible-Deluxe-Set-Invincible-Scale-1-10-1.jpg","width":1000,"height":1000},{"@type":"BreadcrumbList","@id":"https:\/\/endormoonstore.com\/en\/omni-man-invincible-deluxe-set-invincible\/#breadcrumb","itemListElement":[{"@type":"ListItem","position":1,"name":"Shop","item":"https:\/\/endormoonstore.com\/en\/shop\/"},{"@type":"ListItem","position":2,"name":"Omni-Man &#038; Invincible Deluxe Set Invincible"}]},{"@type":"WebSite","@id":"https:\/\/endormoonstore.com\/#website","url":"https:\/\/endormoonstore.com\/","name":"EndormoonStore","description":"","potentialAction":[{"@type":"SearchAction","target":{"@type":"EntryPoint","urlTemplate":"https:\/\/endormoonstore.com\/?s={search_term_string}"},"query-input":{"@type":"PropertyValueSpecification","valueRequired":true,"valueName":"search_term_string"}}],"inLanguage":"en-US"}]}},"taxonomy_info":{"product_cat":[{"value":1390,"label":"Figures"}],"pa_brand":[{"value":1632,"label":"Diamond Select Toys"}],"pa_character":[{"value":14509,"label":"Invincible"},{"value":14507,"label":"Omni-Man"}],"pa_license":[{"value":14511,"label":"Invincible"}],"pa_product-type":[{"value":2387,"label":"Figure"}],"pa_theme":[{"value":3761,"label":"Deluxe Action Figure"}]},"featured_image_src_large":["https:\/\/endormoonstore.com\/wp-content\/uploads\/2024\/07\/Omni-Man-Invincible-Deluxe-Set-Invincible-Scale-1-10-1.jpg",1000,1000,false],"author_info":[],"comment_info":"","_links":{"self":[{"href":"https:\/\/endormoonstore.com\/en\/wp-json\/wp\/v2\/product\/159016","targetHints":{"allow":["GET"]}}],"collection":[{"href":"https:\/\/endormoonstore.com\/en\/wp-json\/wp\/v2\/product"}],"about":[{"href":"https:\/\/endormoonstore.com\/en\/wp-json\/wp\/v2\/types\/product"}],"wp:featuredmedia":[{"embeddable":true,"href":"https:\/\/endormoonstore.com\/en\/wp-json\/wp\/v2\/media\/159005"}],"wp:attachment":[{"href":"https:\/\/endormoonstore.com\/en\/wp-json\/wp\/v2\/media?parent=159016"}],"wp:term":[{"taxonomy":"product_cat","embeddable":true,"href":"https:\/\/endormoonstore.com\/en\/wp-json\/wp\/v2\/product_cat?post=159016"},{"taxonomy":"product_tag","embeddable":true,"href":"https:\/\/endormoonstore.com\/en\/wp-json\/wp\/v2\/product_tag?post=159016"}],"curies":[{"name":"wp","href":"https:\/\/api.w.org\/{rel}","templated":true}]}}