{"id":158984,"date":"2024-07-06T21:35:50","date_gmt":"2024-07-06T19:35:50","guid":{"rendered":"https:\/\/endormoonstore.com\/cloud-strife-hardy-daytona-final-fantasy-vii-bring-arts\/"},"modified":"2024-07-18T22:28:41","modified_gmt":"2024-07-18T20:28:41","slug":"cloud-strife-hardy-daytona-final-fantasy-vii-bring-arts","status":"publish","type":"product","link":"https:\/\/endormoonstore.com\/en\/cloud-strife-hardy-daytona-final-fantasy-vii-bring-arts\/","title":{"rendered":"Cloud Strife &#038; Hardy-Daytona Final Fantasy VII Bring Arts"},"content":{"rendered":"<p><strong>Cloud Strife &amp; Hardy-Daytona Final Fantasy VII Bring Arts<\/strong><\/p>\n<ul>\n<li>Cloud Strife, el personaje principal, y Hardy-Daytona, el \u00faltimo modelo de motocicleta fabricada por Shinra de Final Fantasy VII, se unen a la alineaci\u00f3n de Bring Arts como un conjunto \u00fanico.<\/li>\n<li>La replica de Hardy-Daytona se basa en los dise\u00f1os del Final Fantasy VII original con un cuerpo y neum\u00e1ticos anchos, un s\u00f3lido chasis met\u00e1lico negro, un manillar y una estructura de motor distintivos y otras caracter\u00edsticas que hacen que esta figura sea impactante.<\/li>\n<li>El manillar es m\u00f3vil en la base del eje, lo que permite a Cloud sujetarlo y posar inclinado hacia delante para conducir la motocicleta. La motocicleta tambi\u00e9n puede sostenerse por s\u00ed sola utilizando el caballete m\u00f3vil, y tanto las ruedas delanteras como las traseras pueden girar.<\/li>\n<li>Ahora es posible recrear la inolvidable escena del juego en la que Cloud abandona a toda pastilla el edificio de Shinra.<\/li>\n<li>Medidas de la Hardy-Daytona aproximadamente son 11 cm de alto 6 de ancho y 22,5 cm de largo. la figura de Cloud Strife mide 15 cm de alto.<\/li>\n<\/ul>\n","protected":false},"excerpt":{"rendered":"<p><strong>Cloud Strife &amp; Hardy-Daytona Final Fantasy VII Bring Arts<\/strong><\/p>\n<p>Cloud Strife, el personaje principal, y Hardy-Daytona, el \u00faltimo modelo de motocicleta fabricada por Shinra de Final Fantasy VII, se unen a la alineaci\u00f3n de Bring Arts como un conjunto \u00fanico.<\/p>\n","protected":false},"featured_media":158968,"template":"","meta":{"_acf_changed":false,"_kad_blocks_custom_css":"","_kad_blocks_head_custom_js":"","_kad_blocks_body_custom_js":"","_kad_blocks_footer_custom_js":""},"product_cat":[1384],"product_tag":[],"class_list":{"0":"post-158984","1":"product","2":"type-product","3":"status-publish","4":"has-post-thumbnail","6":"product_cat-pre-orders","7":"pa_brand-square-enix-en","8":"pa_character-cloud-strife-en","9":"pa_character-hardy-daytona-en","10":"pa_license-final-fantasy-en","11":"pa_product-type-figure","12":"pa_theme-bring-arts-en","14":"first","15":"instock","16":"taxable","17":"shipping-taxable","18":"purchasable","19":"product-type-simple"},"acf":[],"yoast_head":"<!-- This site is optimized with the Yoast SEO plugin v26.1.1 - https:\/\/yoast.com\/wordpress\/plugins\/seo\/ -->\n<title>Cloud Strife &amp; Hardy-Daytona Final Fantasy VII Bring Arts - EndormoonStore<\/title>\n<meta name=\"robots\" content=\"index, follow, max-snippet:-1, max-image-preview:large, max-video-preview:-1\" \/>\n<link rel=\"canonical\" href=\"https:\/\/endormoonstore.com\/en\/cloud-strife-hardy-daytona-final-fantasy-vii-bring-arts\/\" \/>\n<meta property=\"og:locale\" content=\"en_US\" \/>\n<meta property=\"og:type\" content=\"article\" \/>\n<meta property=\"og:title\" content=\"Cloud Strife &amp; Hardy-Daytona Final Fantasy VII Bring Arts - EndormoonStore\" \/>\n<meta property=\"og:description\" content=\"Cloud Strife &amp; Hardy-Daytona Final Fantasy VII Bring Arts  Cloud Strife, el personaje principal, y Hardy-Daytona, el \u00faltimo modelo de motocicleta fabricada por Shinra de Final Fantasy VII, se unen a la alineaci\u00f3n de Bring Arts como un conjunto \u00fanico.\" \/>\n<meta property=\"og:url\" content=\"https:\/\/endormoonstore.com\/en\/cloud-strife-hardy-daytona-final-fantasy-vii-bring-arts\/\" \/>\n<meta property=\"og:site_name\" content=\"EndormoonStore\" \/>\n<meta property=\"article:modified_time\" content=\"2024-07-18T20:28:41+00:00\" \/>\n<meta property=\"og:image\" content=\"https:\/\/endormoonstore.com\/wp-content\/uploads\/2024\/07\/Cloud-Strife-Hardy-Daytona-Final-Fantasy-VII-Bring-Arts-1.jpg\" \/>\n\t<meta property=\"og:image:width\" content=\"1000\" \/>\n\t<meta property=\"og:image:height\" content=\"1000\" \/>\n\t<meta property=\"og:image:type\" content=\"image\/jpeg\" \/>\n<meta name=\"twitter:card\" content=\"summary_large_image\" \/>\n<meta name=\"twitter:label1\" content=\"Est. reading time\" \/>\n\t<meta name=\"twitter:data1\" content=\"2 minutes\" \/>\n<script type=\"application\/ld+json\" class=\"yoast-schema-graph\">{\"@context\":\"https:\/\/schema.org\",\"@graph\":[{\"@type\":\"WebPage\",\"@id\":\"https:\/\/endormoonstore.com\/en\/cloud-strife-hardy-daytona-final-fantasy-vii-bring-arts\/\",\"url\":\"https:\/\/endormoonstore.com\/en\/cloud-strife-hardy-daytona-final-fantasy-vii-bring-arts\/\",\"name\":\"Cloud Strife & Hardy-Daytona Final Fantasy VII Bring Arts - EndormoonStore\",\"isPartOf\":{\"@id\":\"https:\/\/endormoonstore.com\/#website\"},\"primaryImageOfPage\":{\"@id\":\"https:\/\/endormoonstore.com\/en\/cloud-strife-hardy-daytona-final-fantasy-vii-bring-arts\/#primaryimage\"},\"image\":{\"@id\":\"https:\/\/endormoonstore.com\/en\/cloud-strife-hardy-daytona-final-fantasy-vii-bring-arts\/#primaryimage\"},\"thumbnailUrl\":\"https:\/\/endormoonstore.com\/wp-content\/uploads\/2024\/07\/Cloud-Strife-Hardy-Daytona-Final-Fantasy-VII-Bring-Arts-1.jpg\",\"datePublished\":\"2024-07-06T19:35:50+00:00\",\"dateModified\":\"2024-07-18T20:28:41+00:00\",\"breadcrumb\":{\"@id\":\"https:\/\/endormoonstore.com\/en\/cloud-strife-hardy-daytona-final-fantasy-vii-bring-arts\/#breadcrumb\"},\"inLanguage\":\"en-US\",\"potentialAction\":[{\"@type\":\"ReadAction\",\"target\":[\"https:\/\/endormoonstore.com\/en\/cloud-strife-hardy-daytona-final-fantasy-vii-bring-arts\/\"]}]},{\"@type\":\"ImageObject\",\"inLanguage\":\"en-US\",\"@id\":\"https:\/\/endormoonstore.com\/en\/cloud-strife-hardy-daytona-final-fantasy-vii-bring-arts\/#primaryimage\",\"url\":\"https:\/\/endormoonstore.com\/wp-content\/uploads\/2024\/07\/Cloud-Strife-Hardy-Daytona-Final-Fantasy-VII-Bring-Arts-1.jpg\",\"contentUrl\":\"https:\/\/endormoonstore.com\/wp-content\/uploads\/2024\/07\/Cloud-Strife-Hardy-Daytona-Final-Fantasy-VII-Bring-Arts-1.jpg\",\"width\":1000,\"height\":1000},{\"@type\":\"BreadcrumbList\",\"@id\":\"https:\/\/endormoonstore.com\/en\/cloud-strife-hardy-daytona-final-fantasy-vii-bring-arts\/#breadcrumb\",\"itemListElement\":[{\"@type\":\"ListItem\",\"position\":1,\"name\":\"Shop\",\"item\":\"https:\/\/endormoonstore.com\/en\/shop\/\"},{\"@type\":\"ListItem\",\"position\":2,\"name\":\"Cloud Strife &#038; Hardy-Daytona Final Fantasy VII Bring Arts\"}]},{\"@type\":\"WebSite\",\"@id\":\"https:\/\/endormoonstore.com\/#website\",\"url\":\"https:\/\/endormoonstore.com\/\",\"name\":\"EndormoonStore\",\"description\":\"\",\"potentialAction\":[{\"@type\":\"SearchAction\",\"target\":{\"@type\":\"EntryPoint\",\"urlTemplate\":\"https:\/\/endormoonstore.com\/?s={search_term_string}\"},\"query-input\":{\"@type\":\"PropertyValueSpecification\",\"valueRequired\":true,\"valueName\":\"search_term_string\"}}],\"inLanguage\":\"en-US\"}]}<\/script>\n<!-- \/ Yoast SEO plugin. -->","yoast_head_json":{"title":"Cloud Strife & Hardy-Daytona Final Fantasy VII Bring Arts - EndormoonStore","robots":{"index":"index","follow":"follow","max-snippet":"max-snippet:-1","max-image-preview":"max-image-preview:large","max-video-preview":"max-video-preview:-1"},"canonical":"https:\/\/endormoonstore.com\/en\/cloud-strife-hardy-daytona-final-fantasy-vii-bring-arts\/","og_locale":"en_US","og_type":"article","og_title":"Cloud Strife & Hardy-Daytona Final Fantasy VII Bring Arts - EndormoonStore","og_description":"Cloud Strife &amp; Hardy-Daytona Final Fantasy VII Bring Arts  Cloud Strife, el personaje principal, y Hardy-Daytona, el \u00faltimo modelo de motocicleta fabricada por Shinra de Final Fantasy VII, se unen a la alineaci\u00f3n de Bring Arts como un conjunto \u00fanico.","og_url":"https:\/\/endormoonstore.com\/en\/cloud-strife-hardy-daytona-final-fantasy-vii-bring-arts\/","og_site_name":"EndormoonStore","article_modified_time":"2024-07-18T20:28:41+00:00","og_image":[{"width":1000,"height":1000,"url":"https:\/\/endormoonstore.com\/wp-content\/uploads\/2024\/07\/Cloud-Strife-Hardy-Daytona-Final-Fantasy-VII-Bring-Arts-1.jpg","type":"image\/jpeg"}],"twitter_card":"summary_large_image","twitter_misc":{"Est. reading time":"2 minutes"},"schema":{"@context":"https:\/\/schema.org","@graph":[{"@type":"WebPage","@id":"https:\/\/endormoonstore.com\/en\/cloud-strife-hardy-daytona-final-fantasy-vii-bring-arts\/","url":"https:\/\/endormoonstore.com\/en\/cloud-strife-hardy-daytona-final-fantasy-vii-bring-arts\/","name":"Cloud Strife & Hardy-Daytona Final Fantasy VII Bring Arts - EndormoonStore","isPartOf":{"@id":"https:\/\/endormoonstore.com\/#website"},"primaryImageOfPage":{"@id":"https:\/\/endormoonstore.com\/en\/cloud-strife-hardy-daytona-final-fantasy-vii-bring-arts\/#primaryimage"},"image":{"@id":"https:\/\/endormoonstore.com\/en\/cloud-strife-hardy-daytona-final-fantasy-vii-bring-arts\/#primaryimage"},"thumbnailUrl":"https:\/\/endormoonstore.com\/wp-content\/uploads\/2024\/07\/Cloud-Strife-Hardy-Daytona-Final-Fantasy-VII-Bring-Arts-1.jpg","datePublished":"2024-07-06T19:35:50+00:00","dateModified":"2024-07-18T20:28:41+00:00","breadcrumb":{"@id":"https:\/\/endormoonstore.com\/en\/cloud-strife-hardy-daytona-final-fantasy-vii-bring-arts\/#breadcrumb"},"inLanguage":"en-US","potentialAction":[{"@type":"ReadAction","target":["https:\/\/endormoonstore.com\/en\/cloud-strife-hardy-daytona-final-fantasy-vii-bring-arts\/"]}]},{"@type":"ImageObject","inLanguage":"en-US","@id":"https:\/\/endormoonstore.com\/en\/cloud-strife-hardy-daytona-final-fantasy-vii-bring-arts\/#primaryimage","url":"https:\/\/endormoonstore.com\/wp-content\/uploads\/2024\/07\/Cloud-Strife-Hardy-Daytona-Final-Fantasy-VII-Bring-Arts-1.jpg","contentUrl":"https:\/\/endormoonstore.com\/wp-content\/uploads\/2024\/07\/Cloud-Strife-Hardy-Daytona-Final-Fantasy-VII-Bring-Arts-1.jpg","width":1000,"height":1000},{"@type":"BreadcrumbList","@id":"https:\/\/endormoonstore.com\/en\/cloud-strife-hardy-daytona-final-fantasy-vii-bring-arts\/#breadcrumb","itemListElement":[{"@type":"ListItem","position":1,"name":"Shop","item":"https:\/\/endormoonstore.com\/en\/shop\/"},{"@type":"ListItem","position":2,"name":"Cloud Strife &#038; Hardy-Daytona Final Fantasy VII Bring Arts"}]},{"@type":"WebSite","@id":"https:\/\/endormoonstore.com\/#website","url":"https:\/\/endormoonstore.com\/","name":"EndormoonStore","description":"","potentialAction":[{"@type":"SearchAction","target":{"@type":"EntryPoint","urlTemplate":"https:\/\/endormoonstore.com\/?s={search_term_string}"},"query-input":{"@type":"PropertyValueSpecification","valueRequired":true,"valueName":"search_term_string"}}],"inLanguage":"en-US"}]}},"taxonomy_info":{"product_cat":[{"value":1384,"label":"Pre-orders"}],"pa_brand":[{"value":13537,"label":"Square Enix"}],"pa_character":[{"value":14503,"label":"Cloud Strife"},{"value":14505,"label":"Hardy-Daytona"}],"pa_license":[{"value":14495,"label":"Final Fantasy"}],"pa_product-type":[{"value":2387,"label":"Figure"}],"pa_theme":[{"value":13543,"label":"Bring Arts"}]},"featured_image_src_large":["https:\/\/endormoonstore.com\/wp-content\/uploads\/2024\/07\/Cloud-Strife-Hardy-Daytona-Final-Fantasy-VII-Bring-Arts-1.jpg",1000,1000,false],"author_info":[],"comment_info":"","_links":{"self":[{"href":"https:\/\/endormoonstore.com\/en\/wp-json\/wp\/v2\/product\/158984","targetHints":{"allow":["GET"]}}],"collection":[{"href":"https:\/\/endormoonstore.com\/en\/wp-json\/wp\/v2\/product"}],"about":[{"href":"https:\/\/endormoonstore.com\/en\/wp-json\/wp\/v2\/types\/product"}],"wp:featuredmedia":[{"embeddable":true,"href":"https:\/\/endormoonstore.com\/en\/wp-json\/wp\/v2\/media\/158968"}],"wp:attachment":[{"href":"https:\/\/endormoonstore.com\/en\/wp-json\/wp\/v2\/media?parent=158984"}],"wp:term":[{"taxonomy":"product_cat","embeddable":true,"href":"https:\/\/endormoonstore.com\/en\/wp-json\/wp\/v2\/product_cat?post=158984"},{"taxonomy":"product_tag","embeddable":true,"href":"https:\/\/endormoonstore.com\/en\/wp-json\/wp\/v2\/product_tag?post=158984"}],"curies":[{"name":"wp","href":"https:\/\/api.w.org\/{rel}","templated":true}]}}