{"id":158705,"date":"2024-11-05T01:30:41","date_gmt":"2024-07-06T19:00:41","guid":{"rendered":"https:\/\/endormoonstore.com\/star-wars-the-black-series-star-wars-ashoka-shin-hati-arcana\/"},"modified":"2024-07-06T22:14:34","modified_gmt":"2024-07-06T20:14:34","slug":"star-wars-the-black-series-star-wars-ashoka-shin-hati-arcana","status":"publish","type":"product","link":"https:\/\/endormoonstore.com\/en\/star-wars-the-black-series-star-wars-ashoka-shin-hati-arcana\/","title":{"rendered":"Star Wars The Black Series Star Wars: Ashoka Shin Hati (Arcana)"},"content":{"rendered":"<p class=\"p1\"><strong>Star Wars The Black Series Star Wars: Ashoka Shin Hati (Arcana)<\/strong><\/p>\n<ul class=\"ul1\">\n<li>Hasbro presenta, dentro de la colecci\u00f3n The Black Series, la figura de Shin Hati (Arcana). Mide 15 cm y est\u00e1 basada en su aspecto en la serie &#8220;Star Wars: Ahsoka&#8221;.<\/li>\n<li>Shin Hati es experta en el combate con sables de luz, una habilidad que utiliza como la entusiasta aprendiz de Baylan Skoll en el trabajo mercenario para Morgan Elsbeth, la ex magistrada de Calodan.<\/li>\n<li>Cuenta con m\u00faltiples puntos de articulaci\u00f3n y un dise\u00f1o premium. Incluye un sable.<\/li>\n<\/ul>\n","protected":false},"excerpt":{"rendered":"<p class=\"p1\"><strong>Star Wars The Black Series Star Wars: Ashoka Shin Hati (Arcana)<\/strong><\/p>\n<p class=\"p1\">Hasbro presenta, dentro de la colecci\u00f3n The Black Series, la figura de Shin Hati (Arcana). Mide 15 cm y est\u00e1 basada en su aspecto en la serie &#8220;Star Wars: Ahsoka&#8221;.<\/p>\n","protected":false},"featured_media":158692,"template":"","meta":{"_acf_changed":false,"_kad_blocks_custom_css":"","_kad_blocks_head_custom_js":"","_kad_blocks_body_custom_js":"","_kad_blocks_footer_custom_js":""},"product_cat":[1390,13511],"product_tag":[],"class_list":{"0":"post-158705","1":"product","2":"type-product","3":"status-publish","4":"has-post-thumbnail","6":"product_cat-figures","7":"product_cat-new-arrivals","8":"pa_brand-hasbro-en","9":"pa_character-shin-hati-en","10":"pa_episode-star-wars-ahsoka-en","11":"pa_license-star-wars-en","12":"pa_product-type-figure","13":"pa_theme-the-black-series-en","15":"first","16":"instock","17":"taxable","18":"shipping-taxable","19":"purchasable","20":"product-type-simple"},"acf":[],"yoast_head":"<!-- This site is optimized with the Yoast SEO plugin v26.1.1 - https:\/\/yoast.com\/wordpress\/plugins\/seo\/ -->\n<title>Star Wars The Black Series Star Wars: Ashoka Shin Hati (Arcana) - EndormoonStore<\/title>\n<meta name=\"robots\" content=\"index, follow, max-snippet:-1, max-image-preview:large, max-video-preview:-1\" \/>\n<link rel=\"canonical\" href=\"https:\/\/endormoonstore.com\/en\/star-wars-the-black-series-star-wars-ashoka-shin-hati-arcana\/\" \/>\n<meta property=\"og:locale\" content=\"en_US\" \/>\n<meta property=\"og:type\" content=\"article\" \/>\n<meta property=\"og:title\" content=\"Star Wars The Black Series Star Wars: Ashoka Shin Hati (Arcana) - EndormoonStore\" \/>\n<meta property=\"og:description\" content=\"Star Wars The Black Series Star Wars: Ashoka Shin Hati (Arcana) Hasbro presenta, dentro de la colecci\u00f3n The Black Series, la figura de Shin Hati (Arcana). Mide 15 cm y est\u00e1 basada en su aspecto en la serie &quot;Star Wars: Ahsoka&quot;.\" \/>\n<meta property=\"og:url\" content=\"https:\/\/endormoonstore.com\/en\/star-wars-the-black-series-star-wars-ashoka-shin-hati-arcana\/\" \/>\n<meta property=\"og:site_name\" content=\"EndormoonStore\" \/>\n<meta property=\"article:modified_time\" content=\"2024-07-06T20:14:34+00:00\" \/>\n<meta property=\"og:image\" content=\"https:\/\/endormoonstore.com\/wp-content\/uploads\/2024\/07\/Star-Wars-The-Black-Series-Star-Wars-Ashoka-Shin-Hati-Arcana-1.jpg\" \/>\n\t<meta property=\"og:image:width\" content=\"1000\" \/>\n\t<meta property=\"og:image:height\" content=\"1000\" \/>\n\t<meta property=\"og:image:type\" content=\"image\/jpeg\" \/>\n<meta name=\"twitter:card\" content=\"summary_large_image\" \/>\n<meta name=\"twitter:label1\" content=\"Est. reading time\" \/>\n\t<meta name=\"twitter:data1\" content=\"1 minute\" \/>\n<script type=\"application\/ld+json\" class=\"yoast-schema-graph\">{\"@context\":\"https:\/\/schema.org\",\"@graph\":[{\"@type\":\"WebPage\",\"@id\":\"https:\/\/endormoonstore.com\/en\/star-wars-the-black-series-star-wars-ashoka-shin-hati-arcana\/\",\"url\":\"https:\/\/endormoonstore.com\/en\/star-wars-the-black-series-star-wars-ashoka-shin-hati-arcana\/\",\"name\":\"Star Wars The Black Series Star Wars: Ashoka Shin Hati (Arcana) - EndormoonStore\",\"isPartOf\":{\"@id\":\"https:\/\/endormoonstore.com\/#website\"},\"primaryImageOfPage\":{\"@id\":\"https:\/\/endormoonstore.com\/en\/star-wars-the-black-series-star-wars-ashoka-shin-hati-arcana\/#primaryimage\"},\"image\":{\"@id\":\"https:\/\/endormoonstore.com\/en\/star-wars-the-black-series-star-wars-ashoka-shin-hati-arcana\/#primaryimage\"},\"thumbnailUrl\":\"https:\/\/endormoonstore.com\/wp-content\/uploads\/2024\/07\/Star-Wars-The-Black-Series-Star-Wars-Ashoka-Shin-Hati-Arcana-1.jpg\",\"datePublished\":\"2024-07-06T19:00:41+00:00\",\"dateModified\":\"2024-07-06T20:14:34+00:00\",\"breadcrumb\":{\"@id\":\"https:\/\/endormoonstore.com\/en\/star-wars-the-black-series-star-wars-ashoka-shin-hati-arcana\/#breadcrumb\"},\"inLanguage\":\"en-US\",\"potentialAction\":[{\"@type\":\"ReadAction\",\"target\":[\"https:\/\/endormoonstore.com\/en\/star-wars-the-black-series-star-wars-ashoka-shin-hati-arcana\/\"]}]},{\"@type\":\"ImageObject\",\"inLanguage\":\"en-US\",\"@id\":\"https:\/\/endormoonstore.com\/en\/star-wars-the-black-series-star-wars-ashoka-shin-hati-arcana\/#primaryimage\",\"url\":\"https:\/\/endormoonstore.com\/wp-content\/uploads\/2024\/07\/Star-Wars-The-Black-Series-Star-Wars-Ashoka-Shin-Hati-Arcana-1.jpg\",\"contentUrl\":\"https:\/\/endormoonstore.com\/wp-content\/uploads\/2024\/07\/Star-Wars-The-Black-Series-Star-Wars-Ashoka-Shin-Hati-Arcana-1.jpg\",\"width\":1000,\"height\":1000},{\"@type\":\"BreadcrumbList\",\"@id\":\"https:\/\/endormoonstore.com\/en\/star-wars-the-black-series-star-wars-ashoka-shin-hati-arcana\/#breadcrumb\",\"itemListElement\":[{\"@type\":\"ListItem\",\"position\":1,\"name\":\"Shop\",\"item\":\"https:\/\/endormoonstore.com\/en\/shop\/\"},{\"@type\":\"ListItem\",\"position\":2,\"name\":\"Star Wars The Black Series Star Wars: Ashoka Shin Hati (Arcana)\"}]},{\"@type\":\"WebSite\",\"@id\":\"https:\/\/endormoonstore.com\/#website\",\"url\":\"https:\/\/endormoonstore.com\/\",\"name\":\"EndormoonStore\",\"description\":\"\",\"potentialAction\":[{\"@type\":\"SearchAction\",\"target\":{\"@type\":\"EntryPoint\",\"urlTemplate\":\"https:\/\/endormoonstore.com\/?s={search_term_string}\"},\"query-input\":{\"@type\":\"PropertyValueSpecification\",\"valueRequired\":true,\"valueName\":\"search_term_string\"}}],\"inLanguage\":\"en-US\"}]}<\/script>\n<!-- \/ Yoast SEO plugin. -->","yoast_head_json":{"title":"Star Wars The Black Series Star Wars: Ashoka Shin Hati (Arcana) - EndormoonStore","robots":{"index":"index","follow":"follow","max-snippet":"max-snippet:-1","max-image-preview":"max-image-preview:large","max-video-preview":"max-video-preview:-1"},"canonical":"https:\/\/endormoonstore.com\/en\/star-wars-the-black-series-star-wars-ashoka-shin-hati-arcana\/","og_locale":"en_US","og_type":"article","og_title":"Star Wars The Black Series Star Wars: Ashoka Shin Hati (Arcana) - EndormoonStore","og_description":"Star Wars The Black Series Star Wars: Ashoka Shin Hati (Arcana) Hasbro presenta, dentro de la colecci\u00f3n The Black Series, la figura de Shin Hati (Arcana). Mide 15 cm y est\u00e1 basada en su aspecto en la serie \"Star Wars: Ahsoka\".","og_url":"https:\/\/endormoonstore.com\/en\/star-wars-the-black-series-star-wars-ashoka-shin-hati-arcana\/","og_site_name":"EndormoonStore","article_modified_time":"2024-07-06T20:14:34+00:00","og_image":[{"width":1000,"height":1000,"url":"https:\/\/endormoonstore.com\/wp-content\/uploads\/2024\/07\/Star-Wars-The-Black-Series-Star-Wars-Ashoka-Shin-Hati-Arcana-1.jpg","type":"image\/jpeg"}],"twitter_card":"summary_large_image","twitter_misc":{"Est. reading time":"1 minute"},"schema":{"@context":"https:\/\/schema.org","@graph":[{"@type":"WebPage","@id":"https:\/\/endormoonstore.com\/en\/star-wars-the-black-series-star-wars-ashoka-shin-hati-arcana\/","url":"https:\/\/endormoonstore.com\/en\/star-wars-the-black-series-star-wars-ashoka-shin-hati-arcana\/","name":"Star Wars The Black Series Star Wars: Ashoka Shin Hati (Arcana) - EndormoonStore","isPartOf":{"@id":"https:\/\/endormoonstore.com\/#website"},"primaryImageOfPage":{"@id":"https:\/\/endormoonstore.com\/en\/star-wars-the-black-series-star-wars-ashoka-shin-hati-arcana\/#primaryimage"},"image":{"@id":"https:\/\/endormoonstore.com\/en\/star-wars-the-black-series-star-wars-ashoka-shin-hati-arcana\/#primaryimage"},"thumbnailUrl":"https:\/\/endormoonstore.com\/wp-content\/uploads\/2024\/07\/Star-Wars-The-Black-Series-Star-Wars-Ashoka-Shin-Hati-Arcana-1.jpg","datePublished":"2024-07-06T19:00:41+00:00","dateModified":"2024-07-06T20:14:34+00:00","breadcrumb":{"@id":"https:\/\/endormoonstore.com\/en\/star-wars-the-black-series-star-wars-ashoka-shin-hati-arcana\/#breadcrumb"},"inLanguage":"en-US","potentialAction":[{"@type":"ReadAction","target":["https:\/\/endormoonstore.com\/en\/star-wars-the-black-series-star-wars-ashoka-shin-hati-arcana\/"]}]},{"@type":"ImageObject","inLanguage":"en-US","@id":"https:\/\/endormoonstore.com\/en\/star-wars-the-black-series-star-wars-ashoka-shin-hati-arcana\/#primaryimage","url":"https:\/\/endormoonstore.com\/wp-content\/uploads\/2024\/07\/Star-Wars-The-Black-Series-Star-Wars-Ashoka-Shin-Hati-Arcana-1.jpg","contentUrl":"https:\/\/endormoonstore.com\/wp-content\/uploads\/2024\/07\/Star-Wars-The-Black-Series-Star-Wars-Ashoka-Shin-Hati-Arcana-1.jpg","width":1000,"height":1000},{"@type":"BreadcrumbList","@id":"https:\/\/endormoonstore.com\/en\/star-wars-the-black-series-star-wars-ashoka-shin-hati-arcana\/#breadcrumb","itemListElement":[{"@type":"ListItem","position":1,"name":"Shop","item":"https:\/\/endormoonstore.com\/en\/shop\/"},{"@type":"ListItem","position":2,"name":"Star Wars The Black Series Star Wars: Ashoka Shin Hati (Arcana)"}]},{"@type":"WebSite","@id":"https:\/\/endormoonstore.com\/#website","url":"https:\/\/endormoonstore.com\/","name":"EndormoonStore","description":"","potentialAction":[{"@type":"SearchAction","target":{"@type":"EntryPoint","urlTemplate":"https:\/\/endormoonstore.com\/?s={search_term_string}"},"query-input":{"@type":"PropertyValueSpecification","valueRequired":true,"valueName":"search_term_string"}}],"inLanguage":"en-US"}]}},"taxonomy_info":{"product_cat":[{"value":1390,"label":"Figures"},{"value":13511,"label":"New Arrivals"}],"pa_brand":[{"value":2084,"label":"Hasbro"}],"pa_character":[{"value":13946,"label":"Shin Hati"}],"pa_episode":[{"value":13828,"label":"Star Wars: Ahsoka"}],"pa_license":[{"value":1644,"label":"Star Wars"}],"pa_product-type":[{"value":2387,"label":"Figure"}],"pa_theme":[{"value":2552,"label":"The Black Series"}]},"featured_image_src_large":["https:\/\/endormoonstore.com\/wp-content\/uploads\/2024\/07\/Star-Wars-The-Black-Series-Star-Wars-Ashoka-Shin-Hati-Arcana-1.jpg",1000,1000,false],"author_info":[],"comment_info":"","_links":{"self":[{"href":"https:\/\/endormoonstore.com\/en\/wp-json\/wp\/v2\/product\/158705","targetHints":{"allow":["GET"]}}],"collection":[{"href":"https:\/\/endormoonstore.com\/en\/wp-json\/wp\/v2\/product"}],"about":[{"href":"https:\/\/endormoonstore.com\/en\/wp-json\/wp\/v2\/types\/product"}],"wp:featuredmedia":[{"embeddable":true,"href":"https:\/\/endormoonstore.com\/en\/wp-json\/wp\/v2\/media\/158692"}],"wp:attachment":[{"href":"https:\/\/endormoonstore.com\/en\/wp-json\/wp\/v2\/media?parent=158705"}],"wp:term":[{"taxonomy":"product_cat","embeddable":true,"href":"https:\/\/endormoonstore.com\/en\/wp-json\/wp\/v2\/product_cat?post=158705"},{"taxonomy":"product_tag","embeddable":true,"href":"https:\/\/endormoonstore.com\/en\/wp-json\/wp\/v2\/product_tag?post=158705"}],"curies":[{"name":"wp","href":"https:\/\/api.w.org\/{rel}","templated":true}]}}