{"id":158646,"date":"2024-06-01T00:50:38","date_gmt":"2024-05-31T22:50:38","guid":{"rendered":"https:\/\/endormoonstore.com\/star-wars-the-black-series-holocomm-collection-ezra-bridger\/"},"modified":"2024-07-05T13:06:54","modified_gmt":"2024-07-05T11:06:54","slug":"star-wars-the-black-series-holocomm-collection-ezra-bridger","status":"publish","type":"product","link":"https:\/\/endormoonstore.com\/en\/star-wars-the-black-series-holocomm-collection-ezra-bridger\/","title":{"rendered":"Star Wars The Black Series Holocomm Collection Ezra Bridger"},"content":{"rendered":"<p class=\"p1\"><strong>Star Wars The Black Series Holocomm Collection Ezra Bridger<\/strong><\/p>\n<ul class=\"ul1\">\n<li>Hasbro presenta, dentro de la colecci\u00f3n Holocomm Collection, la figura de Ezra Bridger. Mide 15 cm. y tiene m\u00faltiples puntos de articulaci\u00f3n y dise\u00f1o estilo hologr\u00e1fico.<\/li>\n<li>Se incluye una ficha de recompensa con una inscripci\u00f3n en Aurebesh, un disco hologr\u00e1fico, un sable de luz y un bl\u00e1ster.<\/li>\n<li>Pulsa el bot\u00f3n del disco para iluminar la figura. Colecciona m\u00e1s figuras de Holocomm Collection The Black Series para construir un centro de comunicaciones gal\u00e1ctico (cada una se vende por separado).<\/li>\n<li>Se requiere de 3 pilas alcalinas AAA de 1,5 V no incluidas.<\/li>\n<\/ul>\n","protected":false},"excerpt":{"rendered":"<p class=\"p1\"><strong>Star Wars The Black Series Holocomm Collection Ezra Bridger<\/strong><\/p>\n<p class=\"p1\">Hasbro presenta, dentro de la colecci\u00f3n Holocomm Collection, la figura de Ezra Bridger. Mide 15 cm. y tiene m\u00faltiples puntos de articulaci\u00f3n y dise\u00f1o estilo hologr\u00e1fico.<\/p>\n","protected":false},"featured_media":158631,"template":"","meta":{"_acf_changed":false,"_kad_blocks_custom_css":"","_kad_blocks_head_custom_js":"","_kad_blocks_body_custom_js":"","_kad_blocks_footer_custom_js":""},"product_cat":[1384],"product_tag":[],"class_list":{"0":"post-158646","1":"product","2":"type-product","3":"status-publish","4":"has-post-thumbnail","6":"product_cat-pre-orders","7":"pa_brand-hasbro-en","8":"pa_character-ezra-bridger-en","9":"pa_license-star-wars-en","10":"pa_product-type-figure","11":"pa_theme-the-black-series-holocomm-collection-en","13":"first","14":"instock","15":"taxable","16":"shipping-taxable","17":"purchasable","18":"product-type-simple"},"acf":[],"yoast_head":"<!-- This site is optimized with the Yoast SEO plugin v26.1.1 - https:\/\/yoast.com\/wordpress\/plugins\/seo\/ -->\n<title>Star Wars The Black Series Holocomm Collection Ezra Bridger - EndormoonStore<\/title>\n<meta name=\"robots\" content=\"index, follow, max-snippet:-1, max-image-preview:large, max-video-preview:-1\" \/>\n<link rel=\"canonical\" href=\"https:\/\/endormoonstore.com\/en\/star-wars-the-black-series-holocomm-collection-ezra-bridger\/\" \/>\n<meta property=\"og:locale\" content=\"en_US\" \/>\n<meta property=\"og:type\" content=\"article\" \/>\n<meta property=\"og:title\" content=\"Star Wars The Black Series Holocomm Collection Ezra Bridger - EndormoonStore\" \/>\n<meta property=\"og:description\" content=\"Star Wars The Black Series Holocomm Collection Ezra Bridger Hasbro presenta, dentro de la colecci\u00f3n Holocomm Collection, la figura de Ezra Bridger. Mide 15 cm. y tiene m\u00faltiples puntos de articulaci\u00f3n y dise\u00f1o estilo hologr\u00e1fico.\" \/>\n<meta property=\"og:url\" content=\"https:\/\/endormoonstore.com\/en\/star-wars-the-black-series-holocomm-collection-ezra-bridger\/\" \/>\n<meta property=\"og:site_name\" content=\"EndormoonStore\" \/>\n<meta property=\"article:modified_time\" content=\"2024-07-05T11:06:54+00:00\" \/>\n<meta property=\"og:image\" content=\"https:\/\/endormoonstore.com\/wp-content\/uploads\/2024\/07\/Star-Wars-The-Black-Series-Holocomm-Collection-Ezra-Bridger-1.jpg\" \/>\n\t<meta property=\"og:image:width\" content=\"1000\" \/>\n\t<meta property=\"og:image:height\" content=\"1000\" \/>\n\t<meta property=\"og:image:type\" content=\"image\/jpeg\" \/>\n<meta name=\"twitter:card\" content=\"summary_large_image\" \/>\n<meta name=\"twitter:label1\" content=\"Est. reading time\" \/>\n\t<meta name=\"twitter:data1\" content=\"1 minute\" \/>\n<script type=\"application\/ld+json\" class=\"yoast-schema-graph\">{\"@context\":\"https:\/\/schema.org\",\"@graph\":[{\"@type\":\"WebPage\",\"@id\":\"https:\/\/endormoonstore.com\/en\/star-wars-the-black-series-holocomm-collection-ezra-bridger\/\",\"url\":\"https:\/\/endormoonstore.com\/en\/star-wars-the-black-series-holocomm-collection-ezra-bridger\/\",\"name\":\"Star Wars The Black Series Holocomm Collection Ezra Bridger - EndormoonStore\",\"isPartOf\":{\"@id\":\"https:\/\/endormoonstore.com\/#website\"},\"primaryImageOfPage\":{\"@id\":\"https:\/\/endormoonstore.com\/en\/star-wars-the-black-series-holocomm-collection-ezra-bridger\/#primaryimage\"},\"image\":{\"@id\":\"https:\/\/endormoonstore.com\/en\/star-wars-the-black-series-holocomm-collection-ezra-bridger\/#primaryimage\"},\"thumbnailUrl\":\"https:\/\/endormoonstore.com\/wp-content\/uploads\/2024\/07\/Star-Wars-The-Black-Series-Holocomm-Collection-Ezra-Bridger-1.jpg\",\"datePublished\":\"2024-05-31T22:50:38+00:00\",\"dateModified\":\"2024-07-05T11:06:54+00:00\",\"breadcrumb\":{\"@id\":\"https:\/\/endormoonstore.com\/en\/star-wars-the-black-series-holocomm-collection-ezra-bridger\/#breadcrumb\"},\"inLanguage\":\"en-US\",\"potentialAction\":[{\"@type\":\"ReadAction\",\"target\":[\"https:\/\/endormoonstore.com\/en\/star-wars-the-black-series-holocomm-collection-ezra-bridger\/\"]}]},{\"@type\":\"ImageObject\",\"inLanguage\":\"en-US\",\"@id\":\"https:\/\/endormoonstore.com\/en\/star-wars-the-black-series-holocomm-collection-ezra-bridger\/#primaryimage\",\"url\":\"https:\/\/endormoonstore.com\/wp-content\/uploads\/2024\/07\/Star-Wars-The-Black-Series-Holocomm-Collection-Ezra-Bridger-1.jpg\",\"contentUrl\":\"https:\/\/endormoonstore.com\/wp-content\/uploads\/2024\/07\/Star-Wars-The-Black-Series-Holocomm-Collection-Ezra-Bridger-1.jpg\",\"width\":1000,\"height\":1000},{\"@type\":\"BreadcrumbList\",\"@id\":\"https:\/\/endormoonstore.com\/en\/star-wars-the-black-series-holocomm-collection-ezra-bridger\/#breadcrumb\",\"itemListElement\":[{\"@type\":\"ListItem\",\"position\":1,\"name\":\"Shop\",\"item\":\"https:\/\/endormoonstore.com\/en\/shop\/\"},{\"@type\":\"ListItem\",\"position\":2,\"name\":\"Star Wars The Black Series Holocomm Collection Ezra Bridger\"}]},{\"@type\":\"WebSite\",\"@id\":\"https:\/\/endormoonstore.com\/#website\",\"url\":\"https:\/\/endormoonstore.com\/\",\"name\":\"EndormoonStore\",\"description\":\"\",\"potentialAction\":[{\"@type\":\"SearchAction\",\"target\":{\"@type\":\"EntryPoint\",\"urlTemplate\":\"https:\/\/endormoonstore.com\/?s={search_term_string}\"},\"query-input\":{\"@type\":\"PropertyValueSpecification\",\"valueRequired\":true,\"valueName\":\"search_term_string\"}}],\"inLanguage\":\"en-US\"}]}<\/script>\n<!-- \/ Yoast SEO plugin. -->","yoast_head_json":{"title":"Star Wars The Black Series Holocomm Collection Ezra Bridger - EndormoonStore","robots":{"index":"index","follow":"follow","max-snippet":"max-snippet:-1","max-image-preview":"max-image-preview:large","max-video-preview":"max-video-preview:-1"},"canonical":"https:\/\/endormoonstore.com\/en\/star-wars-the-black-series-holocomm-collection-ezra-bridger\/","og_locale":"en_US","og_type":"article","og_title":"Star Wars The Black Series Holocomm Collection Ezra Bridger - EndormoonStore","og_description":"Star Wars The Black Series Holocomm Collection Ezra Bridger Hasbro presenta, dentro de la colecci\u00f3n Holocomm Collection, la figura de Ezra Bridger. Mide 15 cm. y tiene m\u00faltiples puntos de articulaci\u00f3n y dise\u00f1o estilo hologr\u00e1fico.","og_url":"https:\/\/endormoonstore.com\/en\/star-wars-the-black-series-holocomm-collection-ezra-bridger\/","og_site_name":"EndormoonStore","article_modified_time":"2024-07-05T11:06:54+00:00","og_image":[{"width":1000,"height":1000,"url":"https:\/\/endormoonstore.com\/wp-content\/uploads\/2024\/07\/Star-Wars-The-Black-Series-Holocomm-Collection-Ezra-Bridger-1.jpg","type":"image\/jpeg"}],"twitter_card":"summary_large_image","twitter_misc":{"Est. reading time":"1 minute"},"schema":{"@context":"https:\/\/schema.org","@graph":[{"@type":"WebPage","@id":"https:\/\/endormoonstore.com\/en\/star-wars-the-black-series-holocomm-collection-ezra-bridger\/","url":"https:\/\/endormoonstore.com\/en\/star-wars-the-black-series-holocomm-collection-ezra-bridger\/","name":"Star Wars The Black Series Holocomm Collection Ezra Bridger - EndormoonStore","isPartOf":{"@id":"https:\/\/endormoonstore.com\/#website"},"primaryImageOfPage":{"@id":"https:\/\/endormoonstore.com\/en\/star-wars-the-black-series-holocomm-collection-ezra-bridger\/#primaryimage"},"image":{"@id":"https:\/\/endormoonstore.com\/en\/star-wars-the-black-series-holocomm-collection-ezra-bridger\/#primaryimage"},"thumbnailUrl":"https:\/\/endormoonstore.com\/wp-content\/uploads\/2024\/07\/Star-Wars-The-Black-Series-Holocomm-Collection-Ezra-Bridger-1.jpg","datePublished":"2024-05-31T22:50:38+00:00","dateModified":"2024-07-05T11:06:54+00:00","breadcrumb":{"@id":"https:\/\/endormoonstore.com\/en\/star-wars-the-black-series-holocomm-collection-ezra-bridger\/#breadcrumb"},"inLanguage":"en-US","potentialAction":[{"@type":"ReadAction","target":["https:\/\/endormoonstore.com\/en\/star-wars-the-black-series-holocomm-collection-ezra-bridger\/"]}]},{"@type":"ImageObject","inLanguage":"en-US","@id":"https:\/\/endormoonstore.com\/en\/star-wars-the-black-series-holocomm-collection-ezra-bridger\/#primaryimage","url":"https:\/\/endormoonstore.com\/wp-content\/uploads\/2024\/07\/Star-Wars-The-Black-Series-Holocomm-Collection-Ezra-Bridger-1.jpg","contentUrl":"https:\/\/endormoonstore.com\/wp-content\/uploads\/2024\/07\/Star-Wars-The-Black-Series-Holocomm-Collection-Ezra-Bridger-1.jpg","width":1000,"height":1000},{"@type":"BreadcrumbList","@id":"https:\/\/endormoonstore.com\/en\/star-wars-the-black-series-holocomm-collection-ezra-bridger\/#breadcrumb","itemListElement":[{"@type":"ListItem","position":1,"name":"Shop","item":"https:\/\/endormoonstore.com\/en\/shop\/"},{"@type":"ListItem","position":2,"name":"Star Wars The Black Series Holocomm Collection Ezra Bridger"}]},{"@type":"WebSite","@id":"https:\/\/endormoonstore.com\/#website","url":"https:\/\/endormoonstore.com\/","name":"EndormoonStore","description":"","potentialAction":[{"@type":"SearchAction","target":{"@type":"EntryPoint","urlTemplate":"https:\/\/endormoonstore.com\/?s={search_term_string}"},"query-input":{"@type":"PropertyValueSpecification","valueRequired":true,"valueName":"search_term_string"}}],"inLanguage":"en-US"}]}},"taxonomy_info":{"product_cat":[{"value":1384,"label":"Pre-orders"}],"pa_brand":[{"value":2084,"label":"Hasbro"}],"pa_character":[{"value":13045,"label":"Ezra Bridger"}],"pa_license":[{"value":1644,"label":"Star Wars"}],"pa_product-type":[{"value":2387,"label":"Figure"}],"pa_theme":[{"value":14481,"label":"The Black Series Holocomm Collection"}]},"featured_image_src_large":["https:\/\/endormoonstore.com\/wp-content\/uploads\/2024\/07\/Star-Wars-The-Black-Series-Holocomm-Collection-Ezra-Bridger-1.jpg",1000,1000,false],"author_info":[],"comment_info":"","_links":{"self":[{"href":"https:\/\/endormoonstore.com\/en\/wp-json\/wp\/v2\/product\/158646","targetHints":{"allow":["GET"]}}],"collection":[{"href":"https:\/\/endormoonstore.com\/en\/wp-json\/wp\/v2\/product"}],"about":[{"href":"https:\/\/endormoonstore.com\/en\/wp-json\/wp\/v2\/types\/product"}],"wp:featuredmedia":[{"embeddable":true,"href":"https:\/\/endormoonstore.com\/en\/wp-json\/wp\/v2\/media\/158631"}],"wp:attachment":[{"href":"https:\/\/endormoonstore.com\/en\/wp-json\/wp\/v2\/media?parent=158646"}],"wp:term":[{"taxonomy":"product_cat","embeddable":true,"href":"https:\/\/endormoonstore.com\/en\/wp-json\/wp\/v2\/product_cat?post=158646"},{"taxonomy":"product_tag","embeddable":true,"href":"https:\/\/endormoonstore.com\/en\/wp-json\/wp\/v2\/product_tag?post=158646"}],"curies":[{"name":"wp","href":"https:\/\/api.w.org\/{rel}","templated":true}]}}