{"id":158523,"date":"2024-06-01T00:25:20","date_gmt":"2024-05-31T22:25:20","guid":{"rendered":"https:\/\/endormoonstore.com\/?post_type=product&#038;p=158523"},"modified":"2024-06-27T14:40:54","modified_gmt":"2024-06-27T12:40:54","slug":"optimus-prime-g1-universe-transformers-legacy-united-deluxe-class","status":"publish","type":"product","link":"https:\/\/endormoonstore.com\/en\/optimus-prime-g1-universe-transformers-legacy-united-deluxe-class\/","title":{"rendered":"Optimus Prime G1 Universe Transformers Legacy United Deluxe Class"},"content":{"rendered":"<p class=\"p1\"><strong>Optimus Prime G1 Universe Transformers Legacy United Deluxe Class<\/strong><\/p>\n<ul class=\"ul1\">\n<li class=\"li1\">Hasbro presenta, dentro de la colecci\u00f3n Transformers Legacy United, la figura de Optimus Prime Deluxe Class. Est\u00e1 basada en la serie animada &#8220;Transformers Universe&#8221; y mide 14 cm.<\/li>\n<li class=\"li1\">Prep\u00e1rate para la batalla con el accesorio blaster incluido que se acopla en los modos robot y cami\u00f3n. La figura G1 Universe Optimus Prime est\u00e1 inspirada en el personaje de la serie animada Transformers: Transformers G1 y presenta cabeza, brazos y piernas articulados para incre\u00edbles poses de acci\u00f3n.<\/li>\n<li class=\"li1\">Puedes transformarla de robot a cami\u00f3n en 16 pasos y contiene dos accesorios: un bl\u00e1ster de iones y una hacha.<\/li>\n<\/ul>\n","protected":false},"excerpt":{"rendered":"<p class=\"p1\"><strong>Optimus Prime G1 Universe Transformers Legacy United Deluxe Class<\/strong><\/p>\n<p class=\"p1\">Hasbro presenta, dentro de la colecci\u00f3n Transformers Legacy United, la figura de Optimus Prime Deluxe Class. Est\u00e1 basada en la serie animada &#8220;Transformers Universe&#8221; y mide 14 cm.<\/p>\n","protected":false},"featured_media":158525,"template":"","meta":{"_acf_changed":false,"_kad_blocks_custom_css":"","_kad_blocks_head_custom_js":"","_kad_blocks_body_custom_js":"","_kad_blocks_footer_custom_js":""},"product_cat":[1384],"product_tag":[],"class_list":{"0":"post-158523","1":"product","2":"type-product","3":"status-publish","4":"has-post-thumbnail","6":"product_cat-pre-orders","7":"pa_brand-hasbro-en","8":"pa_character-optimus-prime-en","9":"pa_license-transformers-en","10":"pa_product-type-figure","11":"pa_theme-transformers-legacy-united-en","13":"first","14":"instock","15":"taxable","16":"shipping-taxable","17":"purchasable","18":"product-type-simple"},"acf":[],"yoast_head":"<!-- This site is optimized with the Yoast SEO plugin v26.1.1 - https:\/\/yoast.com\/wordpress\/plugins\/seo\/ -->\n<title>Optimus Prime G1 Universe Transformers Legacy United Deluxe Class - EndormoonStore<\/title>\n<meta name=\"robots\" content=\"index, follow, max-snippet:-1, max-image-preview:large, max-video-preview:-1\" \/>\n<link rel=\"canonical\" href=\"https:\/\/endormoonstore.com\/en\/optimus-prime-g1-universe-transformers-legacy-united-deluxe-class\/\" \/>\n<meta property=\"og:locale\" content=\"en_US\" \/>\n<meta property=\"og:type\" content=\"article\" \/>\n<meta property=\"og:title\" content=\"Optimus Prime G1 Universe Transformers Legacy United Deluxe Class - EndormoonStore\" \/>\n<meta property=\"og:description\" content=\"Optimus Prime G1 Universe Transformers Legacy United Deluxe Class Hasbro presenta, dentro de la colecci\u00f3n Transformers Legacy United, la figura de Optimus Prime Deluxe Class. Est\u00e1 basada en la serie animada &quot;Transformers Universe&quot; y mide 14 cm.\" \/>\n<meta property=\"og:url\" content=\"https:\/\/endormoonstore.com\/en\/optimus-prime-g1-universe-transformers-legacy-united-deluxe-class\/\" \/>\n<meta property=\"og:site_name\" content=\"EndormoonStore\" \/>\n<meta property=\"article:modified_time\" content=\"2024-06-27T12:40:54+00:00\" \/>\n<meta property=\"og:image\" content=\"https:\/\/endormoonstore.com\/wp-content\/uploads\/2024\/06\/Optimus-Prime-G1-Universe-Transformers-Legacy-United-Deluxe-Class-1.jpg\" \/>\n\t<meta property=\"og:image:width\" content=\"1000\" \/>\n\t<meta property=\"og:image:height\" content=\"1000\" \/>\n\t<meta property=\"og:image:type\" content=\"image\/jpeg\" \/>\n<meta name=\"twitter:card\" content=\"summary_large_image\" \/>\n<meta name=\"twitter:label1\" content=\"Est. reading time\" \/>\n\t<meta name=\"twitter:data1\" content=\"1 minute\" \/>\n<script type=\"application\/ld+json\" class=\"yoast-schema-graph\">{\"@context\":\"https:\/\/schema.org\",\"@graph\":[{\"@type\":\"WebPage\",\"@id\":\"https:\/\/endormoonstore.com\/en\/optimus-prime-g1-universe-transformers-legacy-united-deluxe-class\/\",\"url\":\"https:\/\/endormoonstore.com\/en\/optimus-prime-g1-universe-transformers-legacy-united-deluxe-class\/\",\"name\":\"Optimus Prime G1 Universe Transformers Legacy United Deluxe Class - EndormoonStore\",\"isPartOf\":{\"@id\":\"https:\/\/endormoonstore.com\/#website\"},\"primaryImageOfPage\":{\"@id\":\"https:\/\/endormoonstore.com\/en\/optimus-prime-g1-universe-transformers-legacy-united-deluxe-class\/#primaryimage\"},\"image\":{\"@id\":\"https:\/\/endormoonstore.com\/en\/optimus-prime-g1-universe-transformers-legacy-united-deluxe-class\/#primaryimage\"},\"thumbnailUrl\":\"https:\/\/endormoonstore.com\/wp-content\/uploads\/2024\/06\/Optimus-Prime-G1-Universe-Transformers-Legacy-United-Deluxe-Class-1.jpg\",\"datePublished\":\"2024-05-31T22:25:20+00:00\",\"dateModified\":\"2024-06-27T12:40:54+00:00\",\"breadcrumb\":{\"@id\":\"https:\/\/endormoonstore.com\/en\/optimus-prime-g1-universe-transformers-legacy-united-deluxe-class\/#breadcrumb\"},\"inLanguage\":\"en-US\",\"potentialAction\":[{\"@type\":\"ReadAction\",\"target\":[\"https:\/\/endormoonstore.com\/en\/optimus-prime-g1-universe-transformers-legacy-united-deluxe-class\/\"]}]},{\"@type\":\"ImageObject\",\"inLanguage\":\"en-US\",\"@id\":\"https:\/\/endormoonstore.com\/en\/optimus-prime-g1-universe-transformers-legacy-united-deluxe-class\/#primaryimage\",\"url\":\"https:\/\/endormoonstore.com\/wp-content\/uploads\/2024\/06\/Optimus-Prime-G1-Universe-Transformers-Legacy-United-Deluxe-Class-1.jpg\",\"contentUrl\":\"https:\/\/endormoonstore.com\/wp-content\/uploads\/2024\/06\/Optimus-Prime-G1-Universe-Transformers-Legacy-United-Deluxe-Class-1.jpg\",\"width\":1000,\"height\":1000,\"caption\":\"Optimus Prime G1 Universe Transformers Legacy United Deluxe Class\"},{\"@type\":\"BreadcrumbList\",\"@id\":\"https:\/\/endormoonstore.com\/en\/optimus-prime-g1-universe-transformers-legacy-united-deluxe-class\/#breadcrumb\",\"itemListElement\":[{\"@type\":\"ListItem\",\"position\":1,\"name\":\"Shop\",\"item\":\"https:\/\/endormoonstore.com\/en\/shop\/\"},{\"@type\":\"ListItem\",\"position\":2,\"name\":\"Optimus Prime G1 Universe Transformers Legacy United Deluxe Class\"}]},{\"@type\":\"WebSite\",\"@id\":\"https:\/\/endormoonstore.com\/#website\",\"url\":\"https:\/\/endormoonstore.com\/\",\"name\":\"EndormoonStore\",\"description\":\"\",\"potentialAction\":[{\"@type\":\"SearchAction\",\"target\":{\"@type\":\"EntryPoint\",\"urlTemplate\":\"https:\/\/endormoonstore.com\/?s={search_term_string}\"},\"query-input\":{\"@type\":\"PropertyValueSpecification\",\"valueRequired\":true,\"valueName\":\"search_term_string\"}}],\"inLanguage\":\"en-US\"}]}<\/script>\n<!-- \/ Yoast SEO plugin. -->","yoast_head_json":{"title":"Optimus Prime G1 Universe Transformers Legacy United Deluxe Class - EndormoonStore","robots":{"index":"index","follow":"follow","max-snippet":"max-snippet:-1","max-image-preview":"max-image-preview:large","max-video-preview":"max-video-preview:-1"},"canonical":"https:\/\/endormoonstore.com\/en\/optimus-prime-g1-universe-transformers-legacy-united-deluxe-class\/","og_locale":"en_US","og_type":"article","og_title":"Optimus Prime G1 Universe Transformers Legacy United Deluxe Class - EndormoonStore","og_description":"Optimus Prime G1 Universe Transformers Legacy United Deluxe Class Hasbro presenta, dentro de la colecci\u00f3n Transformers Legacy United, la figura de Optimus Prime Deluxe Class. Est\u00e1 basada en la serie animada \"Transformers Universe\" y mide 14 cm.","og_url":"https:\/\/endormoonstore.com\/en\/optimus-prime-g1-universe-transformers-legacy-united-deluxe-class\/","og_site_name":"EndormoonStore","article_modified_time":"2024-06-27T12:40:54+00:00","og_image":[{"width":1000,"height":1000,"url":"https:\/\/endormoonstore.com\/wp-content\/uploads\/2024\/06\/Optimus-Prime-G1-Universe-Transformers-Legacy-United-Deluxe-Class-1.jpg","type":"image\/jpeg"}],"twitter_card":"summary_large_image","twitter_misc":{"Est. reading time":"1 minute"},"schema":{"@context":"https:\/\/schema.org","@graph":[{"@type":"WebPage","@id":"https:\/\/endormoonstore.com\/en\/optimus-prime-g1-universe-transformers-legacy-united-deluxe-class\/","url":"https:\/\/endormoonstore.com\/en\/optimus-prime-g1-universe-transformers-legacy-united-deluxe-class\/","name":"Optimus Prime G1 Universe Transformers Legacy United Deluxe Class - EndormoonStore","isPartOf":{"@id":"https:\/\/endormoonstore.com\/#website"},"primaryImageOfPage":{"@id":"https:\/\/endormoonstore.com\/en\/optimus-prime-g1-universe-transformers-legacy-united-deluxe-class\/#primaryimage"},"image":{"@id":"https:\/\/endormoonstore.com\/en\/optimus-prime-g1-universe-transformers-legacy-united-deluxe-class\/#primaryimage"},"thumbnailUrl":"https:\/\/endormoonstore.com\/wp-content\/uploads\/2024\/06\/Optimus-Prime-G1-Universe-Transformers-Legacy-United-Deluxe-Class-1.jpg","datePublished":"2024-05-31T22:25:20+00:00","dateModified":"2024-06-27T12:40:54+00:00","breadcrumb":{"@id":"https:\/\/endormoonstore.com\/en\/optimus-prime-g1-universe-transformers-legacy-united-deluxe-class\/#breadcrumb"},"inLanguage":"en-US","potentialAction":[{"@type":"ReadAction","target":["https:\/\/endormoonstore.com\/en\/optimus-prime-g1-universe-transformers-legacy-united-deluxe-class\/"]}]},{"@type":"ImageObject","inLanguage":"en-US","@id":"https:\/\/endormoonstore.com\/en\/optimus-prime-g1-universe-transformers-legacy-united-deluxe-class\/#primaryimage","url":"https:\/\/endormoonstore.com\/wp-content\/uploads\/2024\/06\/Optimus-Prime-G1-Universe-Transformers-Legacy-United-Deluxe-Class-1.jpg","contentUrl":"https:\/\/endormoonstore.com\/wp-content\/uploads\/2024\/06\/Optimus-Prime-G1-Universe-Transformers-Legacy-United-Deluxe-Class-1.jpg","width":1000,"height":1000,"caption":"Optimus Prime G1 Universe Transformers Legacy United Deluxe Class"},{"@type":"BreadcrumbList","@id":"https:\/\/endormoonstore.com\/en\/optimus-prime-g1-universe-transformers-legacy-united-deluxe-class\/#breadcrumb","itemListElement":[{"@type":"ListItem","position":1,"name":"Shop","item":"https:\/\/endormoonstore.com\/en\/shop\/"},{"@type":"ListItem","position":2,"name":"Optimus Prime G1 Universe Transformers Legacy United Deluxe Class"}]},{"@type":"WebSite","@id":"https:\/\/endormoonstore.com\/#website","url":"https:\/\/endormoonstore.com\/","name":"EndormoonStore","description":"","potentialAction":[{"@type":"SearchAction","target":{"@type":"EntryPoint","urlTemplate":"https:\/\/endormoonstore.com\/?s={search_term_string}"},"query-input":{"@type":"PropertyValueSpecification","valueRequired":true,"valueName":"search_term_string"}}],"inLanguage":"en-US"}]}},"taxonomy_info":{"product_cat":[{"value":1384,"label":"Pre-orders"}],"pa_brand":[{"value":2084,"label":"Hasbro"}],"pa_character":[{"value":5378,"label":"Optimus Prime"}],"pa_license":[{"value":1873,"label":"Transformers"}],"pa_product-type":[{"value":2387,"label":"Figure"}],"pa_theme":[{"value":13948,"label":"Transformers Legacy United"}]},"featured_image_src_large":["https:\/\/endormoonstore.com\/wp-content\/uploads\/2024\/06\/Optimus-Prime-G1-Universe-Transformers-Legacy-United-Deluxe-Class-1.jpg",1000,1000,false],"author_info":[],"comment_info":"","_links":{"self":[{"href":"https:\/\/endormoonstore.com\/en\/wp-json\/wp\/v2\/product\/158523","targetHints":{"allow":["GET"]}}],"collection":[{"href":"https:\/\/endormoonstore.com\/en\/wp-json\/wp\/v2\/product"}],"about":[{"href":"https:\/\/endormoonstore.com\/en\/wp-json\/wp\/v2\/types\/product"}],"wp:featuredmedia":[{"embeddable":true,"href":"https:\/\/endormoonstore.com\/en\/wp-json\/wp\/v2\/media\/158525"}],"wp:attachment":[{"href":"https:\/\/endormoonstore.com\/en\/wp-json\/wp\/v2\/media?parent=158523"}],"wp:term":[{"taxonomy":"product_cat","embeddable":true,"href":"https:\/\/endormoonstore.com\/en\/wp-json\/wp\/v2\/product_cat?post=158523"},{"taxonomy":"product_tag","embeddable":true,"href":"https:\/\/endormoonstore.com\/en\/wp-json\/wp\/v2\/product_tag?post=158523"}],"curies":[{"name":"wp","href":"https:\/\/api.w.org\/{rel}","templated":true}]}}