{"id":158496,"date":"2025-05-09T00:00:36","date_gmt":"2025-05-08T22:00:36","guid":{"rendered":"https:\/\/endormoonstore.com\/star-wars-captain-rex-premium-format-figure\/"},"modified":"2025-05-09T13:49:57","modified_gmt":"2025-05-09T11:49:57","slug":"star-wars-captain-rex-premium-format-figure","status":"publish","type":"product","link":"https:\/\/endormoonstore.com\/en\/star-wars-captain-rex-premium-format-figure\/","title":{"rendered":"Star Wars Captain Rex Premium Format Figure"},"content":{"rendered":"<h4 class=\"p1\"><b>Star Wars Captain Rex Premium Format Figure<\/b><\/h4>\n<ul class=\"ul1\">\n<li class=\"li1\">\u201c\u00a0<i>En mi opini\u00f3n, la experiencia supera a todo.<\/i> &#8221;\u00a0Sideshow presenta la\u00a0figura Captain Rex Premium Format . Esta impresionante estatua <i>de Star Wars<\/i> \u00a0demuestra las incre\u00edbles capacidades del soldado clon durante el combate.<\/li>\n<li class=\"li1\">\u00a1A sus \u00f3rdenes! Con unas medidas de 68,6 cm de alto, 38 cm de ancho y 38 cm de profundidad, la figura <a href=\"https:\/\/endormoonstore.com\/tematica\/premium-format-figure\/\"><span class=\"s2\"><b>Premium Format Figure<\/b> <\/span><\/a>del Capit\u00e1n Rex empu\u00f1a dos bl\u00e1sters mientras se lanza al aire sobre un campo de batalla abrasador. Las columnas de humo gris y blanco se entrelazan con las vibrantes llamas amarillas y naranjas emitidas por su jet pack. Un spider droid roto y quemado, con sus piezas esparcidas y derretidas despu\u00e9s, lleva la peor parte del efectivo asalto del Capit\u00e1n Rex. Con este soldado en el cielo, la victoria de la campa\u00f1a de la Rep\u00fablica parece segura.<\/li>\n<\/ul>\n<h4 class=\"p1\"><b>Capit\u00e1n de la legi\u00f3n 501:<\/b><\/h4>\n<ul class=\"ul1\">\n<li class=\"li1\">Inspirado en la apariencia del personaje en la serie animada<b> <\/b><a href=\"https:\/\/endormoonstore.com\/episodio\/star-wars-the-clone-wars\/\"><span class=\"s2\"><b>Star Wars: The Clone Wars<\/b><\/span><\/a>, este estatua\u00a0del <a href=\"https:\/\/endormoonstore.com\/personaje\/captain-rex\/\"><span class=\"s2\"><b>Capit\u00e1n Rex<\/b><\/span><\/a> completamente esculpido representa a CC-7567 con su traje azul y blanco exclusivamente personalizado y desgastado por la batalla, que combina elementos de la Fase I y la Fase II. armadura Clon.<\/li>\n<li class=\"li1\">Su casco soldado, completo con un tel\u00e9metro, est\u00e1 marcado con una cuenta por cada hermano perdido en la guerra. La armadura de Rex incluye una hombrera azul en el hombro, que indica su rango y estatus como comandante de la Legi\u00f3n 501 dentro del Gran Ej\u00e9rcito de la Rep\u00fablica. La figura de formato premium del Capit\u00e1n Rex tambi\u00e9n tiene funciones de iluminaci\u00f3n en la base, lo que da vida al fuego rugiente del jet pack de Rex con detalles brillantes y resplandecientes.<\/li>\n<li class=\"li1\">\u00a1S\u00e9 un buen soldado y pide hoy tu propia figura de formato premium del Capit\u00e1n Rex de <a href=\"\/?product_brand=sideshow\"><span class=\"s2\"><b>Sideshow<\/b><\/span><\/a>!<\/li>\n<li class=\"li1\">Nota pilas o cable usb para efectos de luz no incluidas. Se venden por separado.<\/li>\n<\/ul>\n<h4 class=\"p1\"><b>Env\u00edo R\u00e1pido y Seguro para tu Colecci\u00f3n Exclusiva:<\/b><\/h4>\n<ul class=\"ul1\">\n<li class=\"li1\">Tu nueva joya de colecci\u00f3n, pedida directamente a nuestro distribuidor para garantizar su autenticidad y calidad, estar\u00e1 en tu domicilio en un plazo aproximado de 10 d\u00edas laborables desde la confirmaci\u00f3n de tu pedido.<\/li>\n<li class=\"li1\">En endormoonstore, te ofrecemos una atenci\u00f3n s\u00faper personalizada. <b>Responderemos a tus consultas en menos de 2 horas (siempre que se realicen dentro de nuestro horario laboral)<\/b>\u00a0La gesti\u00f3n con nuestro distribuidor para confirmar la disponibilidad puede llevar un poco m\u00e1s de tiempo (seg\u00fan horarios comerciales o festivos), pero te mantendremos informado. Todas nuestras figuras cuentan con una garant\u00eda de satisfacci\u00f3n del 100%. \u00a1Tu tranquilidad es nuestra prioridad!<\/li>\n<\/ul>\n","protected":false},"excerpt":{"rendered":"<h4><strong>Star Wars Captain Rex Premium Format Figure<\/strong><\/h4>\n<p>\u201c\u00a0<em>En mi opini\u00f3n, la experiencia supera a todo.<\/em> &#8221;\u00a0Sideshow presenta la\u00a0figura Captain Rex Premium Format . Esta impresionante estatua <em>de Star Wars<\/em> \u00a0demuestra las incre\u00edbles capacidades del soldado clon durante el combate.<\/p>\n<p class=\"p1\">\n","protected":false},"featured_media":158442,"template":"","meta":{"_acf_changed":false,"_kad_blocks_custom_css":"","_kad_blocks_head_custom_js":"","_kad_blocks_body_custom_js":"","_kad_blocks_footer_custom_js":""},"product_cat":[13453,1390,13511],"product_tag":[],"class_list":{"0":"post-158496","1":"product","2":"type-product","3":"status-publish","4":"has-post-thumbnail","6":"product_cat-featured","7":"product_cat-figures","8":"product_cat-new-arrivals","9":"pa_brand-sideshow-en","10":"pa_character-captain-rex-en","11":"pa_episode-star-wars-the-clone-wars-en","12":"pa_license-star-wars-en","13":"pa_product-type-statue","14":"pa_theme-premium-format-figure-en","16":"first","17":"outofstock","18":"taxable","19":"shipping-taxable","20":"purchasable","21":"product-type-simple"},"acf":[],"yoast_head":"<!-- This site is optimized with the Yoast SEO plugin v26.1.1 - https:\/\/yoast.com\/wordpress\/plugins\/seo\/ -->\n<title>Star Wars Captain Rex Premium Format Figure - EndormoonStore<\/title>\n<meta name=\"description\" content=\"Captain Rex Premium Format Figure Star Wars Clone Wars. Estatua detallada con jetpack y luz. \u00a1A\u00f1ade este l\u00edder clon a tu colecci\u00f3n!\" \/>\n<meta name=\"robots\" content=\"index, follow, max-snippet:-1, max-image-preview:large, max-video-preview:-1\" \/>\n<link rel=\"canonical\" href=\"https:\/\/endormoonstore.com\/en\/star-wars-captain-rex-premium-format-figure\/\" \/>\n<meta property=\"og:locale\" content=\"en_US\" \/>\n<meta property=\"og:type\" content=\"article\" \/>\n<meta property=\"og:title\" content=\"Star Wars Captain Rex Premium Format Figure - EndormoonStore\" \/>\n<meta property=\"og:description\" content=\"Captain Rex Premium Format Figure Star Wars Clone Wars. Estatua detallada con jetpack y luz. \u00a1A\u00f1ade este l\u00edder clon a tu colecci\u00f3n!\" \/>\n<meta property=\"og:url\" content=\"https:\/\/endormoonstore.com\/en\/star-wars-captain-rex-premium-format-figure\/\" \/>\n<meta property=\"og:site_name\" content=\"EndormoonStore\" \/>\n<meta property=\"article:modified_time\" content=\"2025-05-09T11:49:57+00:00\" \/>\n<meta property=\"og:image\" content=\"https:\/\/endormoonstore.com\/wp-content\/uploads\/2024\/06\/Star-Wars-Captain-Rex-Premium-Format-Figure-1.jpg\" \/>\n\t<meta property=\"og:image:width\" content=\"667\" \/>\n\t<meta property=\"og:image:height\" content=\"1000\" \/>\n\t<meta property=\"og:image:type\" content=\"image\/jpeg\" \/>\n<meta name=\"twitter:card\" content=\"summary_large_image\" \/>\n<meta name=\"twitter:label1\" content=\"Est. reading time\" \/>\n\t<meta name=\"twitter:data1\" content=\"3 minutes\" \/>\n<script type=\"application\/ld+json\" class=\"yoast-schema-graph\">{\"@context\":\"https:\/\/schema.org\",\"@graph\":[{\"@type\":\"WebPage\",\"@id\":\"https:\/\/endormoonstore.com\/en\/star-wars-captain-rex-premium-format-figure\/\",\"url\":\"https:\/\/endormoonstore.com\/en\/star-wars-captain-rex-premium-format-figure\/\",\"name\":\"Star Wars Captain Rex Premium Format Figure - EndormoonStore\",\"isPartOf\":{\"@id\":\"https:\/\/endormoonstore.com\/#website\"},\"primaryImageOfPage\":{\"@id\":\"https:\/\/endormoonstore.com\/en\/star-wars-captain-rex-premium-format-figure\/#primaryimage\"},\"image\":{\"@id\":\"https:\/\/endormoonstore.com\/en\/star-wars-captain-rex-premium-format-figure\/#primaryimage\"},\"thumbnailUrl\":\"https:\/\/endormoonstore.com\/wp-content\/uploads\/2024\/06\/Star-Wars-Captain-Rex-Premium-Format-Figure-1.jpg\",\"datePublished\":\"2025-05-08T22:00:36+00:00\",\"dateModified\":\"2025-05-09T11:49:57+00:00\",\"description\":\"Captain Rex Premium Format Figure Star Wars Clone Wars. Estatua detallada con jetpack y luz. \u00a1A\u00f1ade este l\u00edder clon a tu colecci\u00f3n!\",\"breadcrumb\":{\"@id\":\"https:\/\/endormoonstore.com\/en\/star-wars-captain-rex-premium-format-figure\/#breadcrumb\"},\"inLanguage\":\"en-US\",\"potentialAction\":[{\"@type\":\"ReadAction\",\"target\":[\"https:\/\/endormoonstore.com\/en\/star-wars-captain-rex-premium-format-figure\/\"]}]},{\"@type\":\"ImageObject\",\"inLanguage\":\"en-US\",\"@id\":\"https:\/\/endormoonstore.com\/en\/star-wars-captain-rex-premium-format-figure\/#primaryimage\",\"url\":\"https:\/\/endormoonstore.com\/wp-content\/uploads\/2024\/06\/Star-Wars-Captain-Rex-Premium-Format-Figure-1.jpg\",\"contentUrl\":\"https:\/\/endormoonstore.com\/wp-content\/uploads\/2024\/06\/Star-Wars-Captain-Rex-Premium-Format-Figure-1.jpg\",\"width\":667,\"height\":1000,\"caption\":\"Estatua Sideshow Premium Format del Capit\u00e1n Rex, con armadura clon personalizada azul y blanca, empu\u00f1ando bl\u00e1sters y con jetpack encendido sobre una base con efectos de luz de fuego y droide ara\u00f1a destruido.\"},{\"@type\":\"BreadcrumbList\",\"@id\":\"https:\/\/endormoonstore.com\/en\/star-wars-captain-rex-premium-format-figure\/#breadcrumb\",\"itemListElement\":[{\"@type\":\"ListItem\",\"position\":1,\"name\":\"Shop\",\"item\":\"https:\/\/endormoonstore.com\/en\/shop\/\"},{\"@type\":\"ListItem\",\"position\":2,\"name\":\"Star Wars Captain Rex Premium Format Figure\"}]},{\"@type\":\"WebSite\",\"@id\":\"https:\/\/endormoonstore.com\/#website\",\"url\":\"https:\/\/endormoonstore.com\/\",\"name\":\"EndormoonStore\",\"description\":\"\",\"potentialAction\":[{\"@type\":\"SearchAction\",\"target\":{\"@type\":\"EntryPoint\",\"urlTemplate\":\"https:\/\/endormoonstore.com\/?s={search_term_string}\"},\"query-input\":{\"@type\":\"PropertyValueSpecification\",\"valueRequired\":true,\"valueName\":\"search_term_string\"}}],\"inLanguage\":\"en-US\"}]}<\/script>\n<!-- \/ Yoast SEO plugin. -->","yoast_head_json":{"title":"Star Wars Captain Rex Premium Format Figure - EndormoonStore","description":"Captain Rex Premium Format Figure Star Wars Clone Wars. Estatua detallada con jetpack y luz. \u00a1A\u00f1ade este l\u00edder clon a tu colecci\u00f3n!","robots":{"index":"index","follow":"follow","max-snippet":"max-snippet:-1","max-image-preview":"max-image-preview:large","max-video-preview":"max-video-preview:-1"},"canonical":"https:\/\/endormoonstore.com\/en\/star-wars-captain-rex-premium-format-figure\/","og_locale":"en_US","og_type":"article","og_title":"Star Wars Captain Rex Premium Format Figure - EndormoonStore","og_description":"Captain Rex Premium Format Figure Star Wars Clone Wars. Estatua detallada con jetpack y luz. \u00a1A\u00f1ade este l\u00edder clon a tu colecci\u00f3n!","og_url":"https:\/\/endormoonstore.com\/en\/star-wars-captain-rex-premium-format-figure\/","og_site_name":"EndormoonStore","article_modified_time":"2025-05-09T11:49:57+00:00","og_image":[{"width":667,"height":1000,"url":"https:\/\/endormoonstore.com\/wp-content\/uploads\/2024\/06\/Star-Wars-Captain-Rex-Premium-Format-Figure-1.jpg","type":"image\/jpeg"}],"twitter_card":"summary_large_image","twitter_misc":{"Est. reading time":"3 minutes"},"schema":{"@context":"https:\/\/schema.org","@graph":[{"@type":"WebPage","@id":"https:\/\/endormoonstore.com\/en\/star-wars-captain-rex-premium-format-figure\/","url":"https:\/\/endormoonstore.com\/en\/star-wars-captain-rex-premium-format-figure\/","name":"Star Wars Captain Rex Premium Format Figure - EndormoonStore","isPartOf":{"@id":"https:\/\/endormoonstore.com\/#website"},"primaryImageOfPage":{"@id":"https:\/\/endormoonstore.com\/en\/star-wars-captain-rex-premium-format-figure\/#primaryimage"},"image":{"@id":"https:\/\/endormoonstore.com\/en\/star-wars-captain-rex-premium-format-figure\/#primaryimage"},"thumbnailUrl":"https:\/\/endormoonstore.com\/wp-content\/uploads\/2024\/06\/Star-Wars-Captain-Rex-Premium-Format-Figure-1.jpg","datePublished":"2025-05-08T22:00:36+00:00","dateModified":"2025-05-09T11:49:57+00:00","description":"Captain Rex Premium Format Figure Star Wars Clone Wars. Estatua detallada con jetpack y luz. \u00a1A\u00f1ade este l\u00edder clon a tu colecci\u00f3n!","breadcrumb":{"@id":"https:\/\/endormoonstore.com\/en\/star-wars-captain-rex-premium-format-figure\/#breadcrumb"},"inLanguage":"en-US","potentialAction":[{"@type":"ReadAction","target":["https:\/\/endormoonstore.com\/en\/star-wars-captain-rex-premium-format-figure\/"]}]},{"@type":"ImageObject","inLanguage":"en-US","@id":"https:\/\/endormoonstore.com\/en\/star-wars-captain-rex-premium-format-figure\/#primaryimage","url":"https:\/\/endormoonstore.com\/wp-content\/uploads\/2024\/06\/Star-Wars-Captain-Rex-Premium-Format-Figure-1.jpg","contentUrl":"https:\/\/endormoonstore.com\/wp-content\/uploads\/2024\/06\/Star-Wars-Captain-Rex-Premium-Format-Figure-1.jpg","width":667,"height":1000,"caption":"Estatua Sideshow Premium Format del Capit\u00e1n Rex, con armadura clon personalizada azul y blanca, empu\u00f1ando bl\u00e1sters y con jetpack encendido sobre una base con efectos de luz de fuego y droide ara\u00f1a destruido."},{"@type":"BreadcrumbList","@id":"https:\/\/endormoonstore.com\/en\/star-wars-captain-rex-premium-format-figure\/#breadcrumb","itemListElement":[{"@type":"ListItem","position":1,"name":"Shop","item":"https:\/\/endormoonstore.com\/en\/shop\/"},{"@type":"ListItem","position":2,"name":"Star Wars Captain Rex Premium Format Figure"}]},{"@type":"WebSite","@id":"https:\/\/endormoonstore.com\/#website","url":"https:\/\/endormoonstore.com\/","name":"EndormoonStore","description":"","potentialAction":[{"@type":"SearchAction","target":{"@type":"EntryPoint","urlTemplate":"https:\/\/endormoonstore.com\/?s={search_term_string}"},"query-input":{"@type":"PropertyValueSpecification","valueRequired":true,"valueName":"search_term_string"}}],"inLanguage":"en-US"}]}},"taxonomy_info":{"product_cat":[{"value":13453,"label":"Featured"},{"value":1390,"label":"Figures"},{"value":13511,"label":"New Arrivals"}],"pa_brand":[{"value":14463,"label":"Sideshow"}],"pa_character":[{"value":8579,"label":"Captain Rex"}],"pa_episode":[{"value":2333,"label":"Star Wars: The Clone Wars"}],"pa_license":[{"value":1644,"label":"Star Wars"}],"pa_product-type":[{"value":2357,"label":"Statue"}],"pa_theme":[{"value":14467,"label":"Premium Format Figure"}]},"featured_image_src_large":["https:\/\/endormoonstore.com\/wp-content\/uploads\/2024\/06\/Star-Wars-Captain-Rex-Premium-Format-Figure-1.jpg",667,1000,false],"author_info":[],"comment_info":"","_links":{"self":[{"href":"https:\/\/endormoonstore.com\/en\/wp-json\/wp\/v2\/product\/158496","targetHints":{"allow":["GET"]}}],"collection":[{"href":"https:\/\/endormoonstore.com\/en\/wp-json\/wp\/v2\/product"}],"about":[{"href":"https:\/\/endormoonstore.com\/en\/wp-json\/wp\/v2\/types\/product"}],"wp:featuredmedia":[{"embeddable":true,"href":"https:\/\/endormoonstore.com\/en\/wp-json\/wp\/v2\/media\/158442"}],"wp:attachment":[{"href":"https:\/\/endormoonstore.com\/en\/wp-json\/wp\/v2\/media?parent=158496"}],"wp:term":[{"taxonomy":"product_cat","embeddable":true,"href":"https:\/\/endormoonstore.com\/en\/wp-json\/wp\/v2\/product_cat?post=158496"},{"taxonomy":"product_tag","embeddable":true,"href":"https:\/\/endormoonstore.com\/en\/wp-json\/wp\/v2\/product_tag?post=158496"}],"curies":[{"name":"wp","href":"https:\/\/api.w.org\/{rel}","templated":true}]}}