{"id":158425,"date":"2025-07-04T01:30:24","date_gmt":"2025-07-03T23:30:24","guid":{"rendered":"https:\/\/endormoonstore.com\/star-wars-obi-wan-kenobi-mythos-premium-format-figure\/"},"modified":"2025-08-30T14:33:37","modified_gmt":"2025-08-30T12:33:37","slug":"star-wars-obi-wan-kenobi-mythos-premium-format-figure","status":"publish","type":"product","link":"https:\/\/endormoonstore.com\/en\/star-wars-obi-wan-kenobi-mythos-premium-format-figure\/","title":{"rendered":"Star Wars Obi-Wan Kenobi Mythos Premium Format Figure"},"content":{"rendered":"<h4 class=\"p1\"><b>Star Wars Obi-Wan Kenobi Mythos Premium Format Figure<\/b><\/h4>\n<ul class=\"ul1\">\n<li class=\"li1\">&#8221;\u00a0<i>S\u00ed. Una vez fui un caballero Jedi\u2026<\/i>\u00a0\u201dSideshow presenta la\u00a0figura Obi-Wan Kenobi Mythos Premium Format . Este figura coleccionable de Star Wars \u00a0a escala 1:4 con licencia oficial muestra la naturaleza fuerte y noble de un legendario portador de la Fuerza.<\/li>\n<li class=\"li1\">Como colecci\u00f3n, la serie Mythos de Sideshow son objetos de arte coleccionables que permiten a los fan imaginar lo que podr\u00eda haber sido, pero que tal vez nunca fue. Mitos destinados a ser iniciados por el ojo y completados por la mente. Combinando los queridos elementos de la estatua original de Mythos de Sideshow y la intrincada pieza a escala 1:6, la figura de formato premium de Obi-Wan Kenobi Mythos de medios mixtos presenta a los coleccionistas la figura heredada definitiva, anim\u00e1ndolos a experimentar la historia completa de Sideshow y Star Wars en una colecci\u00f3n.<\/li>\n<li class=\"li1\">Jedi, general, fugitivo, mentor. Con unas medidas de 53 cm de alto x 61 cm de ancho y 41 cm de profundidad, la figura de la linea premium format Mythos de Obi-Wan Kenobi deambula por el terreno seco y traicionero de Tatooine, el planeta que representa todo lo que gan\u00f3 y perdi\u00f3 en su vida.<\/li>\n<li class=\"li1\">En su espalda lleva artefactos de sus victorias y fracasos, incluida la armadura de Clone War y los sables de luz\u2122 que pertenecieron a su antiguo maestro Qui-Gon Jinn y las botas marrones de su antiguo padawan\u00a0Anakin Skywalker se hunden en la arena y los huesos mientras el pasado pesa.<\/li>\n<li class=\"li1\">S\u00f3lo su propio sable de luz, brillante como el cielo azul claro, arde como un faro de nueva esperanza en una galaxia muy, muy lejana.<\/li>\n<\/ul>\n<h4 class=\"p1\"><b>Caracter\u00edsticas de la Premiun Format:<\/b><\/h4>\n<ul class=\"ul1\">\n<li class=\"li1\">La figura de formato premium de Obi-Wan Kenobi Mythos incluye dos esculturas de cabeza alternativas, inspiradas en Star Wars: Revenge of the Sith y Star Wars: A New Hope, que representan diferentes puntos de su largo viaje. Este figura coleccionable de t\u00e9cnica mixta presenta elementos de polipiedra, as\u00ed como una bata de tela y una tabarda con alambres para posar y estilizar la misma.<\/li>\n<li class=\"li1\">La mochila intrincadamente detallada de Obi-Wan consta de elementos de piel sint\u00e9tica y cuero sint\u00e9tico, as\u00ed como accesorios como un gaffi sticks de los Tusken Raider\u00a0y un droide de entrenamiento, todo lo cual ayuda a narrar el legado de este Maestro Jedi en formato escalado.<\/li>\n<li class=\"li1\">Con la funci\u00f3n de iluminaci\u00f3n del sable de luz hasta la base completamente esculpida y m\u00e1s, esta estatua es imprescindible para los amantes de Star Wars que quieran celebrar la historia que rodea al Viejo Ben Kenobi.<\/li>\n<li class=\"li1\">Que la Fuerza te acompa\u00f1e siempre cuando lleves a casa la figura de formato premium Obi-Wan Kenobi Mythos de Sideshow hoy.<\/li>\n<li class=\"li1\">Nota pilas para el sable no incluidas. Se venden por separado.<\/li>\n<\/ul>\n<h4 class=\"p1\"><b>Env\u00edo por favor lea con atenci\u00f3n:<\/b><\/h4>\n<ul class=\"ul1\">\n<li class=\"li1\">El precio del env\u00edo para este art\u00edculo es provisional. El fabricante solo a facilitado las medidas de la estatua ( descritas arriba ) no conocemos las medidas del embalaje y si el mismo ser\u00e1 de una o dos cajas. Por las medidas que disponemos ahora calcularemos el precio de env\u00edo provisional ( Definido por peso volum\u00e9trico de las medidas que conocemos de la figura)<\/li>\n<li class=\"li1\">Suponemos que no ser\u00e1 mucho m\u00e1s de lo que ponemos ahora ( Ser\u00e1n 29 kg de Peso volum\u00e9trico ) si tiene usted alguna pregunta no dude en contactar con nosotros. Estaremos encantados de ayudarle.<\/li>\n<li class=\"li1\">Espero que comprendan la situaci\u00f3n pero las medidas escapan a nuestro conocimiento y nuestros m\u00e1rgenes son lo m\u00e1s ajustados posible. Muchas gracias<\/li>\n<\/ul>\n<h4 class=\"p1\"><b>Env\u00edo R\u00e1pido y Seguro para tu Colecci\u00f3n Exclusiva:<\/b><\/h4>\n<ul class=\"ul1\">\n<li class=\"li1\">Tu nueva joya de colecci\u00f3n, pedida directamente a nuestro distribuidor para garantizar su autenticidad y calidad, estar\u00e1 en tu domicilio en un plazo aproximado de 10 d\u00edas laborables desde la confirmaci\u00f3n de tu pedido.<\/li>\n<li class=\"li1\">En endormoonstore, te ofrecemos una atenci\u00f3n s\u00faper personalizada. <b>Responderemos a tus consultas en menos de 2 horas (siempre que se realicen dentro de nuestro horario laboral)<\/b>\u00a0La gesti\u00f3n con nuestro distribuidor para confirmar la disponibilidad puede llevar un poco m\u00e1s de tiempo (seg\u00fan horarios comerciales o festivos), pero te mantendremos informado. Todas nuestras figuras cuentan con una garant\u00eda de satisfacci\u00f3n del 100%. \u00a1Tu tranquilidad es nuestra prioridad!<\/li>\n<\/ul>\n","protected":false},"excerpt":{"rendered":"<p><strong>Star Wars Obi-Wan Kenobi Mythos Premium Format Figure<\/strong><\/p>\n<p>&#8221;\u00a0<em>S\u00ed. Una vez fui un caballero Jedi\u2026<\/em>\u00a0\u201dSideshow presenta la\u00a0figura Obi-Wan Kenobi Mythos Premium Format . Este figura coleccionable de Star Wars \u00a0a escala 1:4 con licencia oficial muestra la naturaleza fuerte y noble de un legendario portador de la Fuerza.<\/p>\n<p class=\"p1\">\n","protected":false},"featured_media":158392,"template":"","meta":{"_acf_changed":false,"_kad_blocks_custom_css":"","_kad_blocks_head_custom_js":"","_kad_blocks_body_custom_js":"","_kad_blocks_footer_custom_js":""},"product_cat":[13453,1390,13511],"product_tag":[],"class_list":{"0":"post-158425","1":"product","2":"type-product","3":"status-publish","4":"has-post-thumbnail","6":"product_cat-featured","7":"product_cat-figures","8":"product_cat-new-arrivals","9":"pa_brand-sideshow-en","10":"pa_character-obi-wan-kenobi-en","11":"pa_license-star-wars-en","12":"pa_product-type-statue","13":"pa_theme-mythos-premium-format-en","15":"first","16":"instock","17":"taxable","18":"shipping-taxable","19":"purchasable","20":"product-type-simple"},"acf":[],"yoast_head":"<!-- This site is optimized with the Yoast SEO plugin v26.1.1 - https:\/\/yoast.com\/wordpress\/plugins\/seo\/ -->\n<title>Star Wars Obi-Wan Kenobi Mythos Premium Format Figure - EndormoonStore<\/title>\n<meta name=\"robots\" content=\"index, follow, max-snippet:-1, max-image-preview:large, max-video-preview:-1\" \/>\n<link rel=\"canonical\" href=\"https:\/\/endormoonstore.com\/en\/star-wars-obi-wan-kenobi-mythos-premium-format-figure\/\" \/>\n<meta property=\"og:locale\" content=\"en_US\" \/>\n<meta property=\"og:type\" content=\"article\" \/>\n<meta property=\"og:title\" content=\"Star Wars Obi-Wan Kenobi Mythos Premium Format Figure - EndormoonStore\" \/>\n<meta property=\"og:description\" content=\"Star Wars Obi-Wan Kenobi Mythos Premium Format Figure  &quot;\u00a0S\u00ed. Una vez fui un caballero Jedi\u2026\u00a0\u201dSideshow presenta la\u00a0figura Obi-Wan Kenobi Mythos Premium Format . Este figura coleccionable de Star Wars \u00a0a escala 1:4 con licencia oficial muestra la naturaleza fuerte y noble de un legendario portador de la Fuerza.\" \/>\n<meta property=\"og:url\" content=\"https:\/\/endormoonstore.com\/en\/star-wars-obi-wan-kenobi-mythos-premium-format-figure\/\" \/>\n<meta property=\"og:site_name\" content=\"EndormoonStore\" \/>\n<meta property=\"article:modified_time\" content=\"2025-08-30T12:33:37+00:00\" \/>\n<meta property=\"og:image\" content=\"https:\/\/endormoonstore.com\/wp-content\/uploads\/2024\/06\/Star-Wars-Obi-Wan-Kenobi-Mythos-Premium-Format-Figure-1.jpg\" \/>\n\t<meta property=\"og:image:width\" content=\"667\" \/>\n\t<meta property=\"og:image:height\" content=\"1000\" \/>\n\t<meta property=\"og:image:type\" content=\"image\/jpeg\" \/>\n<meta name=\"twitter:card\" content=\"summary_large_image\" \/>\n<meta name=\"twitter:label1\" content=\"Est. reading time\" \/>\n\t<meta name=\"twitter:data1\" content=\"4 minutes\" \/>\n<script type=\"application\/ld+json\" class=\"yoast-schema-graph\">{\"@context\":\"https:\/\/schema.org\",\"@graph\":[{\"@type\":\"WebPage\",\"@id\":\"https:\/\/endormoonstore.com\/en\/star-wars-obi-wan-kenobi-mythos-premium-format-figure\/\",\"url\":\"https:\/\/endormoonstore.com\/en\/star-wars-obi-wan-kenobi-mythos-premium-format-figure\/\",\"name\":\"Star Wars Obi-Wan Kenobi Mythos Premium Format Figure - EndormoonStore\",\"isPartOf\":{\"@id\":\"https:\/\/endormoonstore.com\/#website\"},\"primaryImageOfPage\":{\"@id\":\"https:\/\/endormoonstore.com\/en\/star-wars-obi-wan-kenobi-mythos-premium-format-figure\/#primaryimage\"},\"image\":{\"@id\":\"https:\/\/endormoonstore.com\/en\/star-wars-obi-wan-kenobi-mythos-premium-format-figure\/#primaryimage\"},\"thumbnailUrl\":\"https:\/\/endormoonstore.com\/wp-content\/uploads\/2024\/06\/Star-Wars-Obi-Wan-Kenobi-Mythos-Premium-Format-Figure-1.jpg\",\"datePublished\":\"2025-07-03T23:30:24+00:00\",\"dateModified\":\"2025-08-30T12:33:37+00:00\",\"breadcrumb\":{\"@id\":\"https:\/\/endormoonstore.com\/en\/star-wars-obi-wan-kenobi-mythos-premium-format-figure\/#breadcrumb\"},\"inLanguage\":\"en-US\",\"potentialAction\":[{\"@type\":\"ReadAction\",\"target\":[\"https:\/\/endormoonstore.com\/en\/star-wars-obi-wan-kenobi-mythos-premium-format-figure\/\"]}]},{\"@type\":\"ImageObject\",\"inLanguage\":\"en-US\",\"@id\":\"https:\/\/endormoonstore.com\/en\/star-wars-obi-wan-kenobi-mythos-premium-format-figure\/#primaryimage\",\"url\":\"https:\/\/endormoonstore.com\/wp-content\/uploads\/2024\/06\/Star-Wars-Obi-Wan-Kenobi-Mythos-Premium-Format-Figure-1.jpg\",\"contentUrl\":\"https:\/\/endormoonstore.com\/wp-content\/uploads\/2024\/06\/Star-Wars-Obi-Wan-Kenobi-Mythos-Premium-Format-Figure-1.jpg\",\"width\":667,\"height\":1000},{\"@type\":\"BreadcrumbList\",\"@id\":\"https:\/\/endormoonstore.com\/en\/star-wars-obi-wan-kenobi-mythos-premium-format-figure\/#breadcrumb\",\"itemListElement\":[{\"@type\":\"ListItem\",\"position\":1,\"name\":\"Shop\",\"item\":\"https:\/\/endormoonstore.com\/en\/shop\/\"},{\"@type\":\"ListItem\",\"position\":2,\"name\":\"Star Wars Obi-Wan Kenobi Mythos Premium Format Figure\"}]},{\"@type\":\"WebSite\",\"@id\":\"https:\/\/endormoonstore.com\/#website\",\"url\":\"https:\/\/endormoonstore.com\/\",\"name\":\"EndormoonStore\",\"description\":\"\",\"potentialAction\":[{\"@type\":\"SearchAction\",\"target\":{\"@type\":\"EntryPoint\",\"urlTemplate\":\"https:\/\/endormoonstore.com\/?s={search_term_string}\"},\"query-input\":{\"@type\":\"PropertyValueSpecification\",\"valueRequired\":true,\"valueName\":\"search_term_string\"}}],\"inLanguage\":\"en-US\"}]}<\/script>\n<!-- \/ Yoast SEO plugin. -->","yoast_head_json":{"title":"Star Wars Obi-Wan Kenobi Mythos Premium Format Figure - EndormoonStore","robots":{"index":"index","follow":"follow","max-snippet":"max-snippet:-1","max-image-preview":"max-image-preview:large","max-video-preview":"max-video-preview:-1"},"canonical":"https:\/\/endormoonstore.com\/en\/star-wars-obi-wan-kenobi-mythos-premium-format-figure\/","og_locale":"en_US","og_type":"article","og_title":"Star Wars Obi-Wan Kenobi Mythos Premium Format Figure - EndormoonStore","og_description":"Star Wars Obi-Wan Kenobi Mythos Premium Format Figure  \"\u00a0S\u00ed. Una vez fui un caballero Jedi\u2026\u00a0\u201dSideshow presenta la\u00a0figura Obi-Wan Kenobi Mythos Premium Format . Este figura coleccionable de Star Wars \u00a0a escala 1:4 con licencia oficial muestra la naturaleza fuerte y noble de un legendario portador de la Fuerza.","og_url":"https:\/\/endormoonstore.com\/en\/star-wars-obi-wan-kenobi-mythos-premium-format-figure\/","og_site_name":"EndormoonStore","article_modified_time":"2025-08-30T12:33:37+00:00","og_image":[{"width":667,"height":1000,"url":"https:\/\/endormoonstore.com\/wp-content\/uploads\/2024\/06\/Star-Wars-Obi-Wan-Kenobi-Mythos-Premium-Format-Figure-1.jpg","type":"image\/jpeg"}],"twitter_card":"summary_large_image","twitter_misc":{"Est. reading time":"4 minutes"},"schema":{"@context":"https:\/\/schema.org","@graph":[{"@type":"WebPage","@id":"https:\/\/endormoonstore.com\/en\/star-wars-obi-wan-kenobi-mythos-premium-format-figure\/","url":"https:\/\/endormoonstore.com\/en\/star-wars-obi-wan-kenobi-mythos-premium-format-figure\/","name":"Star Wars Obi-Wan Kenobi Mythos Premium Format Figure - EndormoonStore","isPartOf":{"@id":"https:\/\/endormoonstore.com\/#website"},"primaryImageOfPage":{"@id":"https:\/\/endormoonstore.com\/en\/star-wars-obi-wan-kenobi-mythos-premium-format-figure\/#primaryimage"},"image":{"@id":"https:\/\/endormoonstore.com\/en\/star-wars-obi-wan-kenobi-mythos-premium-format-figure\/#primaryimage"},"thumbnailUrl":"https:\/\/endormoonstore.com\/wp-content\/uploads\/2024\/06\/Star-Wars-Obi-Wan-Kenobi-Mythos-Premium-Format-Figure-1.jpg","datePublished":"2025-07-03T23:30:24+00:00","dateModified":"2025-08-30T12:33:37+00:00","breadcrumb":{"@id":"https:\/\/endormoonstore.com\/en\/star-wars-obi-wan-kenobi-mythos-premium-format-figure\/#breadcrumb"},"inLanguage":"en-US","potentialAction":[{"@type":"ReadAction","target":["https:\/\/endormoonstore.com\/en\/star-wars-obi-wan-kenobi-mythos-premium-format-figure\/"]}]},{"@type":"ImageObject","inLanguage":"en-US","@id":"https:\/\/endormoonstore.com\/en\/star-wars-obi-wan-kenobi-mythos-premium-format-figure\/#primaryimage","url":"https:\/\/endormoonstore.com\/wp-content\/uploads\/2024\/06\/Star-Wars-Obi-Wan-Kenobi-Mythos-Premium-Format-Figure-1.jpg","contentUrl":"https:\/\/endormoonstore.com\/wp-content\/uploads\/2024\/06\/Star-Wars-Obi-Wan-Kenobi-Mythos-Premium-Format-Figure-1.jpg","width":667,"height":1000},{"@type":"BreadcrumbList","@id":"https:\/\/endormoonstore.com\/en\/star-wars-obi-wan-kenobi-mythos-premium-format-figure\/#breadcrumb","itemListElement":[{"@type":"ListItem","position":1,"name":"Shop","item":"https:\/\/endormoonstore.com\/en\/shop\/"},{"@type":"ListItem","position":2,"name":"Star Wars Obi-Wan Kenobi Mythos Premium Format Figure"}]},{"@type":"WebSite","@id":"https:\/\/endormoonstore.com\/#website","url":"https:\/\/endormoonstore.com\/","name":"EndormoonStore","description":"","potentialAction":[{"@type":"SearchAction","target":{"@type":"EntryPoint","urlTemplate":"https:\/\/endormoonstore.com\/?s={search_term_string}"},"query-input":{"@type":"PropertyValueSpecification","valueRequired":true,"valueName":"search_term_string"}}],"inLanguage":"en-US"}]}},"taxonomy_info":{"product_cat":[{"value":13453,"label":"Featured"},{"value":1390,"label":"Figures"},{"value":13511,"label":"New Arrivals"}],"pa_brand":[{"value":14463,"label":"Sideshow"}],"pa_character":[{"value":4523,"label":"Obi-Wan Kenobi"}],"pa_license":[{"value":1644,"label":"Star Wars"}],"pa_product-type":[{"value":2357,"label":"Statue"}],"pa_theme":[{"value":14465,"label":"Mythos Premium Format"}]},"featured_image_src_large":["https:\/\/endormoonstore.com\/wp-content\/uploads\/2024\/06\/Star-Wars-Obi-Wan-Kenobi-Mythos-Premium-Format-Figure-1.jpg",667,1000,false],"author_info":[],"comment_info":"","_links":{"self":[{"href":"https:\/\/endormoonstore.com\/en\/wp-json\/wp\/v2\/product\/158425","targetHints":{"allow":["GET"]}}],"collection":[{"href":"https:\/\/endormoonstore.com\/en\/wp-json\/wp\/v2\/product"}],"about":[{"href":"https:\/\/endormoonstore.com\/en\/wp-json\/wp\/v2\/types\/product"}],"wp:featuredmedia":[{"embeddable":true,"href":"https:\/\/endormoonstore.com\/en\/wp-json\/wp\/v2\/media\/158392"}],"wp:attachment":[{"href":"https:\/\/endormoonstore.com\/en\/wp-json\/wp\/v2\/media?parent=158425"}],"wp:term":[{"taxonomy":"product_cat","embeddable":true,"href":"https:\/\/endormoonstore.com\/en\/wp-json\/wp\/v2\/product_cat?post=158425"},{"taxonomy":"product_tag","embeddable":true,"href":"https:\/\/endormoonstore.com\/en\/wp-json\/wp\/v2\/product_tag?post=158425"}],"curies":[{"name":"wp","href":"https:\/\/api.w.org\/{rel}","templated":true}]}}