{"id":158196,"date":"2024-06-01T00:05:22","date_gmt":"2024-05-31T22:05:22","guid":{"rendered":"https:\/\/endormoonstore.com\/deadpool-wolverine-wolverine-deluxe-version-movie-masterpiece-1-6th-scale-collectible-figure\/"},"modified":"2024-08-08T21:02:55","modified_gmt":"2024-08-08T19:02:55","slug":"deadpool-wolverine-wolverine-deluxe-version-movie-masterpiece-1-6th-scale-collectible-figure","status":"publish","type":"product","link":"https:\/\/endormoonstore.com\/en\/deadpool-wolverine-wolverine-deluxe-version-movie-masterpiece-1-6th-scale-collectible-figure\/","title":{"rendered":"Deadpool &#038; Wolverine Wolverine (Deluxe Version) Movie Masterpiece 1\/6th Scale Collectible Figure"},"content":{"rendered":"<p><strong>Deadpool &amp; Wolverine Wolverine (Deluxe Version) Movie Masterpiece 1\/6th Scale Collectible Figure<\/strong><\/p>\n<div id=\"prod-summary\">\n<div class=\"product_details__in_box\">\n<ul>\n<li>Los infames enemigos de Marvel est\u00e1n de vuelta juntos en la pantalla. Mientras Wolverine de Hugh Jackman se recupera de sus heridas, se cruza con el divertido Merc with a Mouth de Ryan Reynolds, juntos llevar\u00e1n al p\u00fablico a una aventura salvaje llena de acci\u00f3n, humor y giros inesperados.<\/li>\n<li>Hot Toys dar\u00e1 inicio a la emocionante exhibici\u00f3n de Marvel de un mes de duraci\u00f3n para conmemorar su 85 aniversario especial. Con la primera figura coleccionable inspirada en la tan esperada pel\u00edcula Deadpool &amp; Wolverine, presentamos la versi\u00f3n Deluxe de la figura coleccionable de Wolverine a escala 1\/6 que da vida al aspecto legendario del mutante con un detalle sorprendente.<\/li>\n<li>La figura coleccionable con precisi\u00f3n de pantalla est\u00e1 dise\u00f1ada en base a la apariencia de Wolverine interpretada por Hugh Jackman en el pr\u00f3ximo estreno en cines, presenta una escultura de cabeza enmascarada recientemente desarrollada con caras inferiores intercambiables que muestran diferentes expresiones, un cuerpo musculoso altamente articulado y brazos hechos de material de silicona. con dise\u00f1o de codos sin costuras, traje cuidadosamente confeccionado que replica su traje de batalla, m\u00faltiples manos intercambiables con garras afiladas acoplables para opciones de pose adicionales.<\/li>\n<li>La versi\u00f3n Deluxe incluye accesorios adicionales para su apariencia alternativa, incluida una escultura de cabeza desenmascarada, un par de brazos con mangas intercambiables y un conjunto de chalecos antibalas da\u00f1ados en batalla para recrear m\u00e1s escenas.<\/li>\n<li>\u00a1Libera las garras de la leyenda de Wolverine con esta figura muy detallada a escala 1\/6!<\/li>\n<\/ul>\n<h4>Qu\u00e9 hay en la caja:<\/h4>\n<ul>\n<li>Imagen aut\u00e9ntica y detallada de Wolverine en Deadpool &amp; Wolverine<\/li>\n<li>Una escultura de cabeza enmascarada recientemente desarrollada con tres caras inferiores intercambiables<\/li>\n<li>Una cabeza esculpida recientemente desarrollada con funci\u00f3n de globo ocular giratorio independiente*<\/li>\n<li>Escultura de pelo corto de color marr\u00f3n oscuro muy detallada<\/li>\n<li>Expresi\u00f3n facial con precisi\u00f3n de pantalla, texturas detalladas de barba y piel.<\/li>\n<li>Aproximadamente 31 cm de altura<\/li>\n<li>Cuerpo musculoso con m\u00e1s de 30 puntos de articulaciones.<\/li>\n<li>Brazos hechos de material de silicona con articulaciones de codo sin costuras.<\/li>\n<li>Un par de brazos intercambiables con mangas*<\/li>\n<li>Seis piezas de manos intercambiables que incluyen:\n<ul>\n<li>Un par de pu\u00f1os<\/li>\n<li>Un par de manos relajantes<\/li>\n<li>Un par de manos abiertas<\/li>\n<\/ul>\n<\/li>\n<li>Cada cabeza esculpida est\u00e1 especialmente pintada a mano.<\/li>\n<\/ul>\n<h4>Traje:<\/h4>\n<ul>\n<li>Un\u00a0 traje de Wolverine de color amarillo, azul marino y negro con efectos de intemperie.<\/li>\n<li>Un\u00a0 conjunto de protecci\u00f3n corporal, que incluye peto, hombreras y guanteletes.<\/li>\n<li>Un\u00a0 par de botas de color azul marino y negro.<\/li>\n<li>Un conjunto de chalecos antibalas intercambiables da\u00f1ados en combate, que incluyen peto, hombreras y guanteletes<\/li>\n<\/ul>\n<h4><strong>Accesorios:<\/strong><\/h4>\n<ul>\n<li>Un par de garras afiladas (que se pueden unir al dorso de las manos)<\/li>\n<li>Un soporte para figuras especialmente dise\u00f1ado con el logotipo de la pel\u00edcula y una placa con el nombre del personaje.<\/li>\n<\/ul>\n<p>&nbsp;<\/p>\n<h2 class=\"details-headline\"><\/h2>\n<\/div>\n<\/div>\n","protected":false},"excerpt":{"rendered":"<p><strong>Deadpool &amp; Wolverine Wolverine (Deluxe Version) Movie Masterpiece 1\/6th Scale Collectible Figure<\/strong><\/p>\n<p>Los infames enemigos de Marvel est\u00e1n de vuelta juntos en la pantalla. Mientras Wolverine de Hugh Jackman se recupera de sus heridas, se cruza con el divertido Merc with a Mouth de Ryan Reynolds, juntos llevar\u00e1n al p\u00fablico a una aventura salvaje llena de acci\u00f3n, humor y giros inesperados.<\/p>\n<p class=\"p1\">\n","protected":false},"featured_media":158148,"template":"","meta":{"_acf_changed":false,"_kad_blocks_custom_css":"","_kad_blocks_head_custom_js":"","_kad_blocks_body_custom_js":"","_kad_blocks_footer_custom_js":""},"product_cat":[1390],"product_tag":[],"class_list":{"0":"post-158196","1":"product","2":"type-product","3":"status-publish","4":"has-post-thumbnail","6":"product_cat-figures","7":"pa_brand-hot-toys-en","8":"pa_character-wolverine","9":"pa_episode-deadpool-wolverine-en","10":"pa_license-marvel-en","11":"pa_product-type-figure","12":"pa_theme-sixth-scale-collectible-en","14":"first","15":"outofstock","16":"taxable","17":"shipping-taxable","18":"purchasable","19":"product-type-simple"},"acf":[],"yoast_head":"<!-- This site is optimized with the Yoast SEO plugin v26.1.1 - https:\/\/yoast.com\/wordpress\/plugins\/seo\/ -->\n<title>Deadpool &amp; Wolverine Wolverine (Deluxe Version) Movie Masterpiece 1\/6th Scale Collectible Figure - EndormoonStore<\/title>\n<meta name=\"robots\" content=\"index, follow, max-snippet:-1, max-image-preview:large, max-video-preview:-1\" \/>\n<link rel=\"canonical\" href=\"https:\/\/endormoonstore.com\/en\/deadpool-wolverine-wolverine-deluxe-version-movie-masterpiece-1-6th-scale-collectible-figure\/\" \/>\n<meta property=\"og:locale\" content=\"en_US\" \/>\n<meta property=\"og:type\" content=\"article\" \/>\n<meta property=\"og:title\" content=\"Deadpool &amp; Wolverine Wolverine (Deluxe Version) Movie Masterpiece 1\/6th Scale Collectible Figure - EndormoonStore\" \/>\n<meta property=\"og:description\" content=\"Deadpool &amp; Wolverine Wolverine (Deluxe Version) Movie Masterpiece 1\/6th Scale Collectible Figure  Los infames enemigos de Marvel est\u00e1n de vuelta juntos en la pantalla. Mientras Wolverine de Hugh Jackman se recupera de sus heridas, se cruza con el divertido Merc with a Mouth de Ryan Reynolds, juntos llevar\u00e1n al p\u00fablico a una aventura salvaje llena de acci\u00f3n, humor y giros inesperados.\" \/>\n<meta property=\"og:url\" content=\"https:\/\/endormoonstore.com\/en\/deadpool-wolverine-wolverine-deluxe-version-movie-masterpiece-1-6th-scale-collectible-figure\/\" \/>\n<meta property=\"og:site_name\" content=\"EndormoonStore\" \/>\n<meta property=\"article:modified_time\" content=\"2024-08-08T19:02:55+00:00\" \/>\n<meta property=\"og:image\" content=\"https:\/\/endormoonstore.com\/wp-content\/uploads\/2024\/06\/Deadpool-Wolverine-Wolverine-Deluxe-Version-Movie-Masterpiece-1-6th-Scale-Collectible-Figure-1.jpg\" \/>\n\t<meta property=\"og:image:width\" content=\"667\" \/>\n\t<meta property=\"og:image:height\" content=\"1000\" \/>\n\t<meta property=\"og:image:type\" content=\"image\/jpeg\" \/>\n<meta name=\"twitter:card\" content=\"summary_large_image\" \/>\n<meta name=\"twitter:label1\" content=\"Est. reading time\" \/>\n\t<meta name=\"twitter:data1\" content=\"3 minutes\" \/>\n<script type=\"application\/ld+json\" class=\"yoast-schema-graph\">{\"@context\":\"https:\/\/schema.org\",\"@graph\":[{\"@type\":\"WebPage\",\"@id\":\"https:\/\/endormoonstore.com\/en\/deadpool-wolverine-wolverine-deluxe-version-movie-masterpiece-1-6th-scale-collectible-figure\/\",\"url\":\"https:\/\/endormoonstore.com\/en\/deadpool-wolverine-wolverine-deluxe-version-movie-masterpiece-1-6th-scale-collectible-figure\/\",\"name\":\"Deadpool & Wolverine Wolverine (Deluxe Version) Movie Masterpiece 1\/6th Scale Collectible Figure - EndormoonStore\",\"isPartOf\":{\"@id\":\"https:\/\/endormoonstore.com\/#website\"},\"primaryImageOfPage\":{\"@id\":\"https:\/\/endormoonstore.com\/en\/deadpool-wolverine-wolverine-deluxe-version-movie-masterpiece-1-6th-scale-collectible-figure\/#primaryimage\"},\"image\":{\"@id\":\"https:\/\/endormoonstore.com\/en\/deadpool-wolverine-wolverine-deluxe-version-movie-masterpiece-1-6th-scale-collectible-figure\/#primaryimage\"},\"thumbnailUrl\":\"https:\/\/endormoonstore.com\/wp-content\/uploads\/2024\/06\/Deadpool-Wolverine-Wolverine-Deluxe-Version-Movie-Masterpiece-1-6th-Scale-Collectible-Figure-1.jpg\",\"datePublished\":\"2024-05-31T22:05:22+00:00\",\"dateModified\":\"2024-08-08T19:02:55+00:00\",\"breadcrumb\":{\"@id\":\"https:\/\/endormoonstore.com\/en\/deadpool-wolverine-wolverine-deluxe-version-movie-masterpiece-1-6th-scale-collectible-figure\/#breadcrumb\"},\"inLanguage\":\"en-US\",\"potentialAction\":[{\"@type\":\"ReadAction\",\"target\":[\"https:\/\/endormoonstore.com\/en\/deadpool-wolverine-wolverine-deluxe-version-movie-masterpiece-1-6th-scale-collectible-figure\/\"]}]},{\"@type\":\"ImageObject\",\"inLanguage\":\"en-US\",\"@id\":\"https:\/\/endormoonstore.com\/en\/deadpool-wolverine-wolverine-deluxe-version-movie-masterpiece-1-6th-scale-collectible-figure\/#primaryimage\",\"url\":\"https:\/\/endormoonstore.com\/wp-content\/uploads\/2024\/06\/Deadpool-Wolverine-Wolverine-Deluxe-Version-Movie-Masterpiece-1-6th-Scale-Collectible-Figure-1.jpg\",\"contentUrl\":\"https:\/\/endormoonstore.com\/wp-content\/uploads\/2024\/06\/Deadpool-Wolverine-Wolverine-Deluxe-Version-Movie-Masterpiece-1-6th-Scale-Collectible-Figure-1.jpg\",\"width\":667,\"height\":1000},{\"@type\":\"BreadcrumbList\",\"@id\":\"https:\/\/endormoonstore.com\/en\/deadpool-wolverine-wolverine-deluxe-version-movie-masterpiece-1-6th-scale-collectible-figure\/#breadcrumb\",\"itemListElement\":[{\"@type\":\"ListItem\",\"position\":1,\"name\":\"Shop\",\"item\":\"https:\/\/endormoonstore.com\/en\/shop\/\"},{\"@type\":\"ListItem\",\"position\":2,\"name\":\"Deadpool &#038; Wolverine Wolverine (Deluxe Version) Movie Masterpiece 1\/6th Scale Collectible Figure\"}]},{\"@type\":\"WebSite\",\"@id\":\"https:\/\/endormoonstore.com\/#website\",\"url\":\"https:\/\/endormoonstore.com\/\",\"name\":\"EndormoonStore\",\"description\":\"\",\"potentialAction\":[{\"@type\":\"SearchAction\",\"target\":{\"@type\":\"EntryPoint\",\"urlTemplate\":\"https:\/\/endormoonstore.com\/?s={search_term_string}\"},\"query-input\":{\"@type\":\"PropertyValueSpecification\",\"valueRequired\":true,\"valueName\":\"search_term_string\"}}],\"inLanguage\":\"en-US\"}]}<\/script>\n<!-- \/ Yoast SEO plugin. -->","yoast_head_json":{"title":"Deadpool & Wolverine Wolverine (Deluxe Version) Movie Masterpiece 1\/6th Scale Collectible Figure - EndormoonStore","robots":{"index":"index","follow":"follow","max-snippet":"max-snippet:-1","max-image-preview":"max-image-preview:large","max-video-preview":"max-video-preview:-1"},"canonical":"https:\/\/endormoonstore.com\/en\/deadpool-wolverine-wolverine-deluxe-version-movie-masterpiece-1-6th-scale-collectible-figure\/","og_locale":"en_US","og_type":"article","og_title":"Deadpool & Wolverine Wolverine (Deluxe Version) Movie Masterpiece 1\/6th Scale Collectible Figure - EndormoonStore","og_description":"Deadpool &amp; Wolverine Wolverine (Deluxe Version) Movie Masterpiece 1\/6th Scale Collectible Figure  Los infames enemigos de Marvel est\u00e1n de vuelta juntos en la pantalla. Mientras Wolverine de Hugh Jackman se recupera de sus heridas, se cruza con el divertido Merc with a Mouth de Ryan Reynolds, juntos llevar\u00e1n al p\u00fablico a una aventura salvaje llena de acci\u00f3n, humor y giros inesperados.","og_url":"https:\/\/endormoonstore.com\/en\/deadpool-wolverine-wolverine-deluxe-version-movie-masterpiece-1-6th-scale-collectible-figure\/","og_site_name":"EndormoonStore","article_modified_time":"2024-08-08T19:02:55+00:00","og_image":[{"width":667,"height":1000,"url":"https:\/\/endormoonstore.com\/wp-content\/uploads\/2024\/06\/Deadpool-Wolverine-Wolverine-Deluxe-Version-Movie-Masterpiece-1-6th-Scale-Collectible-Figure-1.jpg","type":"image\/jpeg"}],"twitter_card":"summary_large_image","twitter_misc":{"Est. reading time":"3 minutes"},"schema":{"@context":"https:\/\/schema.org","@graph":[{"@type":"WebPage","@id":"https:\/\/endormoonstore.com\/en\/deadpool-wolverine-wolverine-deluxe-version-movie-masterpiece-1-6th-scale-collectible-figure\/","url":"https:\/\/endormoonstore.com\/en\/deadpool-wolverine-wolverine-deluxe-version-movie-masterpiece-1-6th-scale-collectible-figure\/","name":"Deadpool & Wolverine Wolverine (Deluxe Version) Movie Masterpiece 1\/6th Scale Collectible Figure - EndormoonStore","isPartOf":{"@id":"https:\/\/endormoonstore.com\/#website"},"primaryImageOfPage":{"@id":"https:\/\/endormoonstore.com\/en\/deadpool-wolverine-wolverine-deluxe-version-movie-masterpiece-1-6th-scale-collectible-figure\/#primaryimage"},"image":{"@id":"https:\/\/endormoonstore.com\/en\/deadpool-wolverine-wolverine-deluxe-version-movie-masterpiece-1-6th-scale-collectible-figure\/#primaryimage"},"thumbnailUrl":"https:\/\/endormoonstore.com\/wp-content\/uploads\/2024\/06\/Deadpool-Wolverine-Wolverine-Deluxe-Version-Movie-Masterpiece-1-6th-Scale-Collectible-Figure-1.jpg","datePublished":"2024-05-31T22:05:22+00:00","dateModified":"2024-08-08T19:02:55+00:00","breadcrumb":{"@id":"https:\/\/endormoonstore.com\/en\/deadpool-wolverine-wolverine-deluxe-version-movie-masterpiece-1-6th-scale-collectible-figure\/#breadcrumb"},"inLanguage":"en-US","potentialAction":[{"@type":"ReadAction","target":["https:\/\/endormoonstore.com\/en\/deadpool-wolverine-wolverine-deluxe-version-movie-masterpiece-1-6th-scale-collectible-figure\/"]}]},{"@type":"ImageObject","inLanguage":"en-US","@id":"https:\/\/endormoonstore.com\/en\/deadpool-wolverine-wolverine-deluxe-version-movie-masterpiece-1-6th-scale-collectible-figure\/#primaryimage","url":"https:\/\/endormoonstore.com\/wp-content\/uploads\/2024\/06\/Deadpool-Wolverine-Wolverine-Deluxe-Version-Movie-Masterpiece-1-6th-Scale-Collectible-Figure-1.jpg","contentUrl":"https:\/\/endormoonstore.com\/wp-content\/uploads\/2024\/06\/Deadpool-Wolverine-Wolverine-Deluxe-Version-Movie-Masterpiece-1-6th-Scale-Collectible-Figure-1.jpg","width":667,"height":1000},{"@type":"BreadcrumbList","@id":"https:\/\/endormoonstore.com\/en\/deadpool-wolverine-wolverine-deluxe-version-movie-masterpiece-1-6th-scale-collectible-figure\/#breadcrumb","itemListElement":[{"@type":"ListItem","position":1,"name":"Shop","item":"https:\/\/endormoonstore.com\/en\/shop\/"},{"@type":"ListItem","position":2,"name":"Deadpool &#038; Wolverine Wolverine (Deluxe Version) Movie Masterpiece 1\/6th Scale Collectible Figure"}]},{"@type":"WebSite","@id":"https:\/\/endormoonstore.com\/#website","url":"https:\/\/endormoonstore.com\/","name":"EndormoonStore","description":"","potentialAction":[{"@type":"SearchAction","target":{"@type":"EntryPoint","urlTemplate":"https:\/\/endormoonstore.com\/?s={search_term_string}"},"query-input":{"@type":"PropertyValueSpecification","valueRequired":true,"valueName":"search_term_string"}}],"inLanguage":"en-US"}]}},"taxonomy_info":{"product_cat":[{"value":1390,"label":"Figures"}],"pa_brand":[{"value":1635,"label":"Hot Toys"}],"pa_character":[{"value":2423,"label":"Wolverine"}],"pa_episode":[{"value":14455,"label":"Deadpool &amp; Wolverine"}],"pa_license":[{"value":1642,"label":"Marvel"}],"pa_product-type":[{"value":2387,"label":"Figure"}],"pa_theme":[{"value":4595,"label":"Sixth Scale Collectible"}]},"featured_image_src_large":["https:\/\/endormoonstore.com\/wp-content\/uploads\/2024\/06\/Deadpool-Wolverine-Wolverine-Deluxe-Version-Movie-Masterpiece-1-6th-Scale-Collectible-Figure-1.jpg",667,1000,false],"author_info":[],"comment_info":"","_links":{"self":[{"href":"https:\/\/endormoonstore.com\/en\/wp-json\/wp\/v2\/product\/158196","targetHints":{"allow":["GET"]}}],"collection":[{"href":"https:\/\/endormoonstore.com\/en\/wp-json\/wp\/v2\/product"}],"about":[{"href":"https:\/\/endormoonstore.com\/en\/wp-json\/wp\/v2\/types\/product"}],"wp:featuredmedia":[{"embeddable":true,"href":"https:\/\/endormoonstore.com\/en\/wp-json\/wp\/v2\/media\/158148"}],"wp:attachment":[{"href":"https:\/\/endormoonstore.com\/en\/wp-json\/wp\/v2\/media?parent=158196"}],"wp:term":[{"taxonomy":"product_cat","embeddable":true,"href":"https:\/\/endormoonstore.com\/en\/wp-json\/wp\/v2\/product_cat?post=158196"},{"taxonomy":"product_tag","embeddable":true,"href":"https:\/\/endormoonstore.com\/en\/wp-json\/wp\/v2\/product_tag?post=158196"}],"curies":[{"name":"wp","href":"https:\/\/api.w.org\/{rel}","templated":true}]}}