{"id":158144,"date":"2024-06-01T00:00:18","date_gmt":"2024-05-31T22:00:18","guid":{"rendered":"https:\/\/endormoonstore.com\/deadpool-wolverine-wolverine-movie-masterpiece-1-6th-scale-collectible-figure\/"},"modified":"2024-08-08T21:05:22","modified_gmt":"2024-08-08T19:05:22","slug":"deadpool-wolverine-wolverine-movie-masterpiece-1-6th-scale-collectible-figure","status":"publish","type":"product","link":"https:\/\/endormoonstore.com\/en\/deadpool-wolverine-wolverine-movie-masterpiece-1-6th-scale-collectible-figure\/","title":{"rendered":"Deadpool &#038; Wolverine Wolverine Movie Masterpiece 1\/6th Scale Collectible Figure"},"content":{"rendered":"<p><strong>Deadpool &amp; Wolverine Wolverine Movie Masterpiece 1\/6th Scale Collectible Figure<\/strong><\/p>\n<div id=\"prod-summary\">\n<div class=\"product_details__in_box\">\n<ul>\n<li>\u00a1Prep\u00e1rate para el evento cruzado m\u00e1s emocionante y lleno de acci\u00f3n del a\u00f1o con Wolverine y Deadpool! Dos de los personajes m\u00e1s queridos pero contrastantes de Marvel regresan a la pantalla grande y prometen brindar acci\u00f3n trepidante.<\/li>\n<li>En honor al 85 aniversario de Marvel, Hot Toys est\u00e1 lanzando una celebraci\u00f3n de un mes de duraci\u00f3n para emocionar a los fan\u00e1ticos y coleccionistas. Y para comenzar con una emoci\u00f3n incomparable, Hot Toys se enorgullece de presentar la figura de Wolverine en escala 1\/6; tambi\u00e9n es la primera figura coleccionable anunciada e inspirada en la muy esperada pel\u00edcula Deadpool &amp; Wolverine.<\/li>\n<li>La figura coleccionable con precisi\u00f3n de pantalla est\u00e1 dise\u00f1ada en base a la apariencia de Wolverine interpretada por Hugh Jackman en el pr\u00f3ximo estreno en cines, presenta una escultura de cabeza enmascarada recientemente desarrollada con caras inferiores intercambiables que muestran diferentes expresiones, un cuerpo musculoso altamente articulado y brazos hechos de material de silicona. con dise\u00f1o de codos sin costuras, traje cuidadosamente confeccionado que replica su traje de batalla, m\u00faltiples manos intercambiables con garras afiladas acoplables para opciones de pose adicionales.<\/li>\n<li>Contin\u00faa haciendo crecer tu colecci\u00f3n Marvel con esta figura de Wolverine. \u00a1No te pierdas nuestros art\u00edculos lanzados recientemente!<\/li>\n<\/ul>\n<h4>Qu\u00e9 hay en la caja:<\/h4>\n<ul>\n<li>Imagen aut\u00e9ntica y detallada de Wolverine en <em>Deadpool &amp; Wolverine<\/em><\/li>\n<li>Una\u00a0 escultura de cabeza enmascarada recientemente desarrollada con tres caras inferiores intercambiables.<\/li>\n<li>Expresi\u00f3n facial con precisi\u00f3n de pantalla, texturas detalladas de barba y piel.<\/li>\n<li>Aproximadamente 31 cm de altura<\/li>\n<li>Cuerpo musculoso con m\u00e1s de 30 puntos de articulaciones.<\/li>\n<li>Brazos hechos de material de silicona con articulaciones de codo sin costuras.<\/li>\n<li>Seis piezas de manos intercambiables que incluyen:\n<ul>\n<li>Un par de pu\u00f1os<\/li>\n<li>Un par de manos relajantes sobre texturas.<\/li>\n<li>Un par de manos abiertas<\/li>\n<\/ul>\n<\/li>\n<li>Cada cabeza esculpida est\u00e1 especialmente pintada a mano.<\/li>\n<\/ul>\n<h4>Traje:<\/h4>\n<ul>\n<li>Un traje de Wolverine de color amarillo, azul marino y negro con efectos de intemperie.<\/li>\n<li>Un conjunto de protecci\u00f3n corporal, que incluye peto, hombreras y guanteletes.<\/li>\n<li>Un par de botas de color azul marino y negro.<\/li>\n<\/ul>\n<h4><strong>Accesorios:<\/strong><\/h4>\n<ul>\n<li>Un par de garras afiladas (que se pueden unir al dorso de las manos)<\/li>\n<li>Un soporte para figuras especialmente dise\u00f1ado con el logotipo de la pel\u00edcula y una placa con el nombre del personaje.<\/li>\n<\/ul>\n<p>&nbsp;<\/p>\n<h2 class=\"details-headline\"><\/h2>\n<\/div>\n<\/div>\n","protected":false},"excerpt":{"rendered":"<p><strong>Deadpool &amp; Wolverine Wolverine Movie Masterpiece 1\/6th Scale Collectible Figure<\/strong><\/p>\n<p>\u00a1Prep\u00e1rate para el evento cruzado m\u00e1s emocionante y lleno de acci\u00f3n del a\u00f1o con Wolverine y Deadpool! Dos de los personajes m\u00e1s queridos pero contrastantes de Marvel regresan a la pantalla grande y prometen brindar acci\u00f3n trepidante.<\/p>\n<p class=\"p1\">\n","protected":false},"featured_media":158109,"template":"","meta":{"_acf_changed":false,"_kad_blocks_custom_css":"","_kad_blocks_head_custom_js":"","_kad_blocks_body_custom_js":"","_kad_blocks_footer_custom_js":""},"product_cat":[13453,1384],"product_tag":[],"class_list":{"0":"post-158144","1":"product","2":"type-product","3":"status-publish","4":"has-post-thumbnail","6":"product_cat-featured","7":"product_cat-pre-orders","8":"pa_brand-hot-toys-en","9":"pa_character-wolverine","10":"pa_episode-deadpool-wolverine-en","11":"pa_license-marvel-en","12":"pa_product-type-figure","13":"pa_theme-sixth-scale-collectible-en","15":"first","16":"instock","17":"taxable","18":"shipping-taxable","19":"purchasable","20":"product-type-simple"},"acf":[],"yoast_head":"<!-- This site is optimized with the Yoast SEO plugin v26.1.1 - https:\/\/yoast.com\/wordpress\/plugins\/seo\/ -->\n<title>Deadpool &amp; Wolverine Wolverine Movie Masterpiece 1\/6th Scale Collectible Figure - EndormoonStore<\/title>\n<meta name=\"robots\" content=\"index, follow, max-snippet:-1, max-image-preview:large, max-video-preview:-1\" \/>\n<link rel=\"canonical\" href=\"https:\/\/endormoonstore.com\/en\/deadpool-wolverine-wolverine-movie-masterpiece-1-6th-scale-collectible-figure\/\" \/>\n<meta property=\"og:locale\" content=\"en_US\" \/>\n<meta property=\"og:type\" content=\"article\" \/>\n<meta property=\"og:title\" content=\"Deadpool &amp; Wolverine Wolverine Movie Masterpiece 1\/6th Scale Collectible Figure - EndormoonStore\" \/>\n<meta property=\"og:description\" content=\"Deadpool &amp; Wolverine Wolverine Movie Masterpiece 1\/6th Scale Collectible Figure  \u00a1Prep\u00e1rate para el evento cruzado m\u00e1s emocionante y lleno de acci\u00f3n del a\u00f1o con Wolverine y Deadpool! Dos de los personajes m\u00e1s queridos pero contrastantes de Marvel regresan a la pantalla grande y prometen brindar acci\u00f3n trepidante.\" \/>\n<meta property=\"og:url\" content=\"https:\/\/endormoonstore.com\/en\/deadpool-wolverine-wolverine-movie-masterpiece-1-6th-scale-collectible-figure\/\" \/>\n<meta property=\"og:site_name\" content=\"EndormoonStore\" \/>\n<meta property=\"article:modified_time\" content=\"2024-08-08T19:05:22+00:00\" \/>\n<meta property=\"og:image\" content=\"https:\/\/endormoonstore.com\/wp-content\/uploads\/2024\/06\/Deadpool-Wolverine-Wolverine-Movie-Masterpiece-1-6th-Scale-Collectible-Figure-1.jpg\" \/>\n\t<meta property=\"og:image:width\" content=\"667\" \/>\n\t<meta property=\"og:image:height\" content=\"1000\" \/>\n\t<meta property=\"og:image:type\" content=\"image\/jpeg\" \/>\n<meta name=\"twitter:card\" content=\"summary_large_image\" \/>\n<meta name=\"twitter:label1\" content=\"Est. reading time\" \/>\n\t<meta name=\"twitter:data1\" content=\"2 minutes\" \/>\n<script type=\"application\/ld+json\" class=\"yoast-schema-graph\">{\"@context\":\"https:\/\/schema.org\",\"@graph\":[{\"@type\":\"WebPage\",\"@id\":\"https:\/\/endormoonstore.com\/en\/deadpool-wolverine-wolverine-movie-masterpiece-1-6th-scale-collectible-figure\/\",\"url\":\"https:\/\/endormoonstore.com\/en\/deadpool-wolverine-wolverine-movie-masterpiece-1-6th-scale-collectible-figure\/\",\"name\":\"Deadpool & Wolverine Wolverine Movie Masterpiece 1\/6th Scale Collectible Figure - EndormoonStore\",\"isPartOf\":{\"@id\":\"https:\/\/endormoonstore.com\/#website\"},\"primaryImageOfPage\":{\"@id\":\"https:\/\/endormoonstore.com\/en\/deadpool-wolverine-wolverine-movie-masterpiece-1-6th-scale-collectible-figure\/#primaryimage\"},\"image\":{\"@id\":\"https:\/\/endormoonstore.com\/en\/deadpool-wolverine-wolverine-movie-masterpiece-1-6th-scale-collectible-figure\/#primaryimage\"},\"thumbnailUrl\":\"https:\/\/endormoonstore.com\/wp-content\/uploads\/2024\/06\/Deadpool-Wolverine-Wolverine-Movie-Masterpiece-1-6th-Scale-Collectible-Figure-1.jpg\",\"datePublished\":\"2024-05-31T22:00:18+00:00\",\"dateModified\":\"2024-08-08T19:05:22+00:00\",\"breadcrumb\":{\"@id\":\"https:\/\/endormoonstore.com\/en\/deadpool-wolverine-wolverine-movie-masterpiece-1-6th-scale-collectible-figure\/#breadcrumb\"},\"inLanguage\":\"en-US\",\"potentialAction\":[{\"@type\":\"ReadAction\",\"target\":[\"https:\/\/endormoonstore.com\/en\/deadpool-wolverine-wolverine-movie-masterpiece-1-6th-scale-collectible-figure\/\"]}]},{\"@type\":\"ImageObject\",\"inLanguage\":\"en-US\",\"@id\":\"https:\/\/endormoonstore.com\/en\/deadpool-wolverine-wolverine-movie-masterpiece-1-6th-scale-collectible-figure\/#primaryimage\",\"url\":\"https:\/\/endormoonstore.com\/wp-content\/uploads\/2024\/06\/Deadpool-Wolverine-Wolverine-Movie-Masterpiece-1-6th-Scale-Collectible-Figure-1.jpg\",\"contentUrl\":\"https:\/\/endormoonstore.com\/wp-content\/uploads\/2024\/06\/Deadpool-Wolverine-Wolverine-Movie-Masterpiece-1-6th-Scale-Collectible-Figure-1.jpg\",\"width\":667,\"height\":1000},{\"@type\":\"BreadcrumbList\",\"@id\":\"https:\/\/endormoonstore.com\/en\/deadpool-wolverine-wolverine-movie-masterpiece-1-6th-scale-collectible-figure\/#breadcrumb\",\"itemListElement\":[{\"@type\":\"ListItem\",\"position\":1,\"name\":\"Shop\",\"item\":\"https:\/\/endormoonstore.com\/en\/shop\/\"},{\"@type\":\"ListItem\",\"position\":2,\"name\":\"Deadpool &#038; Wolverine Wolverine Movie Masterpiece 1\/6th Scale Collectible Figure\"}]},{\"@type\":\"WebSite\",\"@id\":\"https:\/\/endormoonstore.com\/#website\",\"url\":\"https:\/\/endormoonstore.com\/\",\"name\":\"EndormoonStore\",\"description\":\"\",\"potentialAction\":[{\"@type\":\"SearchAction\",\"target\":{\"@type\":\"EntryPoint\",\"urlTemplate\":\"https:\/\/endormoonstore.com\/?s={search_term_string}\"},\"query-input\":{\"@type\":\"PropertyValueSpecification\",\"valueRequired\":true,\"valueName\":\"search_term_string\"}}],\"inLanguage\":\"en-US\"}]}<\/script>\n<!-- \/ Yoast SEO plugin. -->","yoast_head_json":{"title":"Deadpool & Wolverine Wolverine Movie Masterpiece 1\/6th Scale Collectible Figure - EndormoonStore","robots":{"index":"index","follow":"follow","max-snippet":"max-snippet:-1","max-image-preview":"max-image-preview:large","max-video-preview":"max-video-preview:-1"},"canonical":"https:\/\/endormoonstore.com\/en\/deadpool-wolverine-wolverine-movie-masterpiece-1-6th-scale-collectible-figure\/","og_locale":"en_US","og_type":"article","og_title":"Deadpool & Wolverine Wolverine Movie Masterpiece 1\/6th Scale Collectible Figure - EndormoonStore","og_description":"Deadpool &amp; Wolverine Wolverine Movie Masterpiece 1\/6th Scale Collectible Figure  \u00a1Prep\u00e1rate para el evento cruzado m\u00e1s emocionante y lleno de acci\u00f3n del a\u00f1o con Wolverine y Deadpool! Dos de los personajes m\u00e1s queridos pero contrastantes de Marvel regresan a la pantalla grande y prometen brindar acci\u00f3n trepidante.","og_url":"https:\/\/endormoonstore.com\/en\/deadpool-wolverine-wolverine-movie-masterpiece-1-6th-scale-collectible-figure\/","og_site_name":"EndormoonStore","article_modified_time":"2024-08-08T19:05:22+00:00","og_image":[{"width":667,"height":1000,"url":"https:\/\/endormoonstore.com\/wp-content\/uploads\/2024\/06\/Deadpool-Wolverine-Wolverine-Movie-Masterpiece-1-6th-Scale-Collectible-Figure-1.jpg","type":"image\/jpeg"}],"twitter_card":"summary_large_image","twitter_misc":{"Est. reading time":"2 minutes"},"schema":{"@context":"https:\/\/schema.org","@graph":[{"@type":"WebPage","@id":"https:\/\/endormoonstore.com\/en\/deadpool-wolverine-wolverine-movie-masterpiece-1-6th-scale-collectible-figure\/","url":"https:\/\/endormoonstore.com\/en\/deadpool-wolverine-wolverine-movie-masterpiece-1-6th-scale-collectible-figure\/","name":"Deadpool & Wolverine Wolverine Movie Masterpiece 1\/6th Scale Collectible Figure - EndormoonStore","isPartOf":{"@id":"https:\/\/endormoonstore.com\/#website"},"primaryImageOfPage":{"@id":"https:\/\/endormoonstore.com\/en\/deadpool-wolverine-wolverine-movie-masterpiece-1-6th-scale-collectible-figure\/#primaryimage"},"image":{"@id":"https:\/\/endormoonstore.com\/en\/deadpool-wolverine-wolverine-movie-masterpiece-1-6th-scale-collectible-figure\/#primaryimage"},"thumbnailUrl":"https:\/\/endormoonstore.com\/wp-content\/uploads\/2024\/06\/Deadpool-Wolverine-Wolverine-Movie-Masterpiece-1-6th-Scale-Collectible-Figure-1.jpg","datePublished":"2024-05-31T22:00:18+00:00","dateModified":"2024-08-08T19:05:22+00:00","breadcrumb":{"@id":"https:\/\/endormoonstore.com\/en\/deadpool-wolverine-wolverine-movie-masterpiece-1-6th-scale-collectible-figure\/#breadcrumb"},"inLanguage":"en-US","potentialAction":[{"@type":"ReadAction","target":["https:\/\/endormoonstore.com\/en\/deadpool-wolverine-wolverine-movie-masterpiece-1-6th-scale-collectible-figure\/"]}]},{"@type":"ImageObject","inLanguage":"en-US","@id":"https:\/\/endormoonstore.com\/en\/deadpool-wolverine-wolverine-movie-masterpiece-1-6th-scale-collectible-figure\/#primaryimage","url":"https:\/\/endormoonstore.com\/wp-content\/uploads\/2024\/06\/Deadpool-Wolverine-Wolverine-Movie-Masterpiece-1-6th-Scale-Collectible-Figure-1.jpg","contentUrl":"https:\/\/endormoonstore.com\/wp-content\/uploads\/2024\/06\/Deadpool-Wolverine-Wolverine-Movie-Masterpiece-1-6th-Scale-Collectible-Figure-1.jpg","width":667,"height":1000},{"@type":"BreadcrumbList","@id":"https:\/\/endormoonstore.com\/en\/deadpool-wolverine-wolverine-movie-masterpiece-1-6th-scale-collectible-figure\/#breadcrumb","itemListElement":[{"@type":"ListItem","position":1,"name":"Shop","item":"https:\/\/endormoonstore.com\/en\/shop\/"},{"@type":"ListItem","position":2,"name":"Deadpool &#038; Wolverine Wolverine Movie Masterpiece 1\/6th Scale Collectible Figure"}]},{"@type":"WebSite","@id":"https:\/\/endormoonstore.com\/#website","url":"https:\/\/endormoonstore.com\/","name":"EndormoonStore","description":"","potentialAction":[{"@type":"SearchAction","target":{"@type":"EntryPoint","urlTemplate":"https:\/\/endormoonstore.com\/?s={search_term_string}"},"query-input":{"@type":"PropertyValueSpecification","valueRequired":true,"valueName":"search_term_string"}}],"inLanguage":"en-US"}]}},"taxonomy_info":{"product_cat":[{"value":13453,"label":"Featured"},{"value":1384,"label":"Pre-orders"}],"pa_brand":[{"value":1635,"label":"Hot Toys"}],"pa_character":[{"value":2423,"label":"Wolverine"}],"pa_episode":[{"value":14455,"label":"Deadpool &amp; Wolverine"}],"pa_license":[{"value":1642,"label":"Marvel"}],"pa_product-type":[{"value":2387,"label":"Figure"}],"pa_theme":[{"value":4595,"label":"Sixth Scale Collectible"}]},"featured_image_src_large":["https:\/\/endormoonstore.com\/wp-content\/uploads\/2024\/06\/Deadpool-Wolverine-Wolverine-Movie-Masterpiece-1-6th-Scale-Collectible-Figure-1.jpg",667,1000,false],"author_info":[],"comment_info":"","_links":{"self":[{"href":"https:\/\/endormoonstore.com\/en\/wp-json\/wp\/v2\/product\/158144","targetHints":{"allow":["GET"]}}],"collection":[{"href":"https:\/\/endormoonstore.com\/en\/wp-json\/wp\/v2\/product"}],"about":[{"href":"https:\/\/endormoonstore.com\/en\/wp-json\/wp\/v2\/types\/product"}],"wp:featuredmedia":[{"embeddable":true,"href":"https:\/\/endormoonstore.com\/en\/wp-json\/wp\/v2\/media\/158109"}],"wp:attachment":[{"href":"https:\/\/endormoonstore.com\/en\/wp-json\/wp\/v2\/media?parent=158144"}],"wp:term":[{"taxonomy":"product_cat","embeddable":true,"href":"https:\/\/endormoonstore.com\/en\/wp-json\/wp\/v2\/product_cat?post=158144"},{"taxonomy":"product_tag","embeddable":true,"href":"https:\/\/endormoonstore.com\/en\/wp-json\/wp\/v2\/product_tag?post=158144"}],"curies":[{"name":"wp","href":"https:\/\/api.w.org\/{rel}","templated":true}]}}