{"id":158034,"date":"2024-05-29T00:05:27","date_gmt":"2024-05-28T22:05:27","guid":{"rendered":"https:\/\/endormoonstore.com\/gimli-the-lord-of-the-rings-gallery-diorama\/"},"modified":"2024-06-17T08:06:56","modified_gmt":"2024-06-17T06:06:56","slug":"gimli-the-lord-of-the-rings-gallery-diorama","status":"publish","type":"product","link":"https:\/\/endormoonstore.com\/en\/gimli-the-lord-of-the-rings-gallery-diorama\/","title":{"rendered":"Gimli The Lord of the Rings Gallery Diorama"},"content":{"rendered":"<p><strong>Gimli The Lord of the Rings Gallery Diorama<\/strong><\/p>\n<ul>\n<li>\u00a1Tienes su hacha! \u00a1Gimli, hijo de Gloin, es el pr\u00f3ximo miembro de la Comunidad en la l\u00ednea de Gallery Dioramas de El Se\u00f1or de los Anillos! Esta detallada estatua de PVC, que mide aproximadamente 20 cm de alto, representa al enano balanceando sus hachas mientras est\u00e1 de pie sobre los restos desmoronados de la tumba de Balin en las minas de Moria.<\/li>\n<li>\u00a0Est\u00e1 dise\u00f1ado por Nelson X. Asencio y esculpido por Jorge Santos Souza.<\/li>\n<li>Viene empaquetada en una caja con ventana a todo color.<\/li>\n<\/ul>\n<p>&nbsp;<\/p>\n","protected":false},"excerpt":{"rendered":"<p><strong>Gimli The Lord of the Rings Gallery Diorama<\/strong><\/p>\n<p>\u00a1Tienes su hacha! \u00a1Gimli, hijo de Gloin, es el pr\u00f3ximo miembro de la Comunidad en la l\u00ednea de Gallery Dioramas de El Se\u00f1or de los Anillos! Esta detallada estatua de PVC, que mide aproximadamente 20 cm de alto, representa al enano balanceando sus hachas mientras est\u00e1 de pie sobre los restos desmoronados de la tumba de Balin en las minas de Moria.<\/p>\n","protected":false},"featured_media":158007,"template":"","meta":{"_acf_changed":false,"_kad_blocks_custom_css":"","_kad_blocks_head_custom_js":"","_kad_blocks_body_custom_js":"","_kad_blocks_footer_custom_js":""},"product_cat":[1390],"product_tag":[],"class_list":{"0":"post-158034","1":"product","2":"type-product","3":"status-publish","4":"has-post-thumbnail","6":"product_cat-figures","7":"pa_brand-diamond-select-toys-en","8":"pa_character-gimli-en","9":"pa_license-the-lord-of-the-rings","10":"pa_product-type-diorama-en","11":"pa_theme-gallery-diorama-en","13":"first","14":"outofstock","15":"taxable","16":"shipping-taxable","17":"purchasable","18":"product-type-simple"},"acf":[],"yoast_head":"<!-- This site is optimized with the Yoast SEO plugin v26.1.1 - https:\/\/yoast.com\/wordpress\/plugins\/seo\/ -->\n<title>Gimli The Lord of the Rings Gallery Diorama - EndormoonStore<\/title>\n<meta name=\"robots\" content=\"index, follow, max-snippet:-1, max-image-preview:large, max-video-preview:-1\" \/>\n<link rel=\"canonical\" href=\"https:\/\/endormoonstore.com\/gimli-the-lord-of-the-rings-gallery-diorama\/\" \/>\n<meta property=\"og:locale\" content=\"en_US\" \/>\n<meta property=\"og:type\" content=\"article\" \/>\n<meta property=\"og:title\" content=\"Gimli The Lord of the Rings Gallery Diorama - EndormoonStore\" \/>\n<meta property=\"og:description\" content=\"Gimli The Lord of the Rings Gallery Diorama  \u00a1Tienes su hacha! \u00a1Gimli, hijo de Gloin, es el pr\u00f3ximo miembro de la Comunidad en la l\u00ednea de Gallery Dioramas de El Se\u00f1or de los Anillos! Esta detallada estatua de PVC, que mide aproximadamente 20 cm de alto, representa al enano balanceando sus hachas mientras est\u00e1 de pie sobre los restos desmoronados de la tumba de Balin en las minas de Moria.\" \/>\n<meta property=\"og:url\" content=\"https:\/\/endormoonstore.com\/gimli-the-lord-of-the-rings-gallery-diorama\/\" \/>\n<meta property=\"og:site_name\" content=\"EndormoonStore\" \/>\n<meta property=\"article:modified_time\" content=\"2024-06-17T06:06:56+00:00\" \/>\n<meta property=\"og:image\" content=\"https:\/\/endormoonstore.com\/wp-content\/uploads\/2024\/05\/Gimli-The-Lord-of-the-Rings-Gallery-Diorama-1.jpg\" \/>\n\t<meta property=\"og:image:width\" content=\"1280\" \/>\n\t<meta property=\"og:image:height\" content=\"1280\" \/>\n\t<meta property=\"og:image:type\" content=\"image\/jpeg\" \/>\n<meta name=\"twitter:card\" content=\"summary_large_image\" \/>\n<meta name=\"twitter:label1\" content=\"Est. reading time\" \/>\n\t<meta name=\"twitter:data1\" content=\"1 minute\" \/>\n<script type=\"application\/ld+json\" class=\"yoast-schema-graph\">{\"@context\":\"https:\/\/schema.org\",\"@graph\":[{\"@type\":\"WebPage\",\"@id\":\"https:\/\/endormoonstore.com\/gimli-the-lord-of-the-rings-gallery-diorama\/\",\"url\":\"https:\/\/endormoonstore.com\/gimli-the-lord-of-the-rings-gallery-diorama\/\",\"name\":\"Gimli The Lord of the Rings Gallery Diorama - EndormoonStore\",\"isPartOf\":{\"@id\":\"https:\/\/endormoonstore.com\/#website\"},\"primaryImageOfPage\":{\"@id\":\"https:\/\/endormoonstore.com\/gimli-the-lord-of-the-rings-gallery-diorama\/#primaryimage\"},\"image\":{\"@id\":\"https:\/\/endormoonstore.com\/gimli-the-lord-of-the-rings-gallery-diorama\/#primaryimage\"},\"thumbnailUrl\":\"https:\/\/endormoonstore.com\/wp-content\/uploads\/2024\/05\/Gimli-The-Lord-of-the-Rings-Gallery-Diorama-1.jpg\",\"datePublished\":\"2024-05-28T22:05:27+00:00\",\"dateModified\":\"2024-06-17T06:06:56+00:00\",\"breadcrumb\":{\"@id\":\"https:\/\/endormoonstore.com\/gimli-the-lord-of-the-rings-gallery-diorama\/#breadcrumb\"},\"inLanguage\":\"en-US\",\"potentialAction\":[{\"@type\":\"ReadAction\",\"target\":[\"https:\/\/endormoonstore.com\/gimli-the-lord-of-the-rings-gallery-diorama\/\"]}]},{\"@type\":\"ImageObject\",\"inLanguage\":\"en-US\",\"@id\":\"https:\/\/endormoonstore.com\/gimli-the-lord-of-the-rings-gallery-diorama\/#primaryimage\",\"url\":\"https:\/\/endormoonstore.com\/wp-content\/uploads\/2024\/05\/Gimli-The-Lord-of-the-Rings-Gallery-Diorama-1.jpg\",\"contentUrl\":\"https:\/\/endormoonstore.com\/wp-content\/uploads\/2024\/05\/Gimli-The-Lord-of-the-Rings-Gallery-Diorama-1.jpg\",\"width\":1280,\"height\":1280},{\"@type\":\"BreadcrumbList\",\"@id\":\"https:\/\/endormoonstore.com\/gimli-the-lord-of-the-rings-gallery-diorama\/#breadcrumb\",\"itemListElement\":[{\"@type\":\"ListItem\",\"position\":1,\"name\":\"Shop\",\"item\":\"https:\/\/endormoonstore.com\/en\/shop\/\"},{\"@type\":\"ListItem\",\"position\":2,\"name\":\"Gimli The Lord of the Rings Gallery Diorama\"}]},{\"@type\":\"WebSite\",\"@id\":\"https:\/\/endormoonstore.com\/#website\",\"url\":\"https:\/\/endormoonstore.com\/\",\"name\":\"EndormoonStore\",\"description\":\"\",\"potentialAction\":[{\"@type\":\"SearchAction\",\"target\":{\"@type\":\"EntryPoint\",\"urlTemplate\":\"https:\/\/endormoonstore.com\/?s={search_term_string}\"},\"query-input\":{\"@type\":\"PropertyValueSpecification\",\"valueRequired\":true,\"valueName\":\"search_term_string\"}}],\"inLanguage\":\"en-US\"}]}<\/script>\n<!-- \/ Yoast SEO plugin. -->","yoast_head_json":{"title":"Gimli The Lord of the Rings Gallery Diorama - EndormoonStore","robots":{"index":"index","follow":"follow","max-snippet":"max-snippet:-1","max-image-preview":"max-image-preview:large","max-video-preview":"max-video-preview:-1"},"canonical":"https:\/\/endormoonstore.com\/gimli-the-lord-of-the-rings-gallery-diorama\/","og_locale":"en_US","og_type":"article","og_title":"Gimli The Lord of the Rings Gallery Diorama - EndormoonStore","og_description":"Gimli The Lord of the Rings Gallery Diorama  \u00a1Tienes su hacha! \u00a1Gimli, hijo de Gloin, es el pr\u00f3ximo miembro de la Comunidad en la l\u00ednea de Gallery Dioramas de El Se\u00f1or de los Anillos! Esta detallada estatua de PVC, que mide aproximadamente 20 cm de alto, representa al enano balanceando sus hachas mientras est\u00e1 de pie sobre los restos desmoronados de la tumba de Balin en las minas de Moria.","og_url":"https:\/\/endormoonstore.com\/gimli-the-lord-of-the-rings-gallery-diorama\/","og_site_name":"EndormoonStore","article_modified_time":"2024-06-17T06:06:56+00:00","og_image":[{"width":1280,"height":1280,"url":"https:\/\/endormoonstore.com\/wp-content\/uploads\/2024\/05\/Gimli-The-Lord-of-the-Rings-Gallery-Diorama-1.jpg","type":"image\/jpeg"}],"twitter_card":"summary_large_image","twitter_misc":{"Est. reading time":"1 minute"},"schema":{"@context":"https:\/\/schema.org","@graph":[{"@type":"WebPage","@id":"https:\/\/endormoonstore.com\/gimli-the-lord-of-the-rings-gallery-diorama\/","url":"https:\/\/endormoonstore.com\/gimli-the-lord-of-the-rings-gallery-diorama\/","name":"Gimli The Lord of the Rings Gallery Diorama - EndormoonStore","isPartOf":{"@id":"https:\/\/endormoonstore.com\/#website"},"primaryImageOfPage":{"@id":"https:\/\/endormoonstore.com\/gimli-the-lord-of-the-rings-gallery-diorama\/#primaryimage"},"image":{"@id":"https:\/\/endormoonstore.com\/gimli-the-lord-of-the-rings-gallery-diorama\/#primaryimage"},"thumbnailUrl":"https:\/\/endormoonstore.com\/wp-content\/uploads\/2024\/05\/Gimli-The-Lord-of-the-Rings-Gallery-Diorama-1.jpg","datePublished":"2024-05-28T22:05:27+00:00","dateModified":"2024-06-17T06:06:56+00:00","breadcrumb":{"@id":"https:\/\/endormoonstore.com\/gimli-the-lord-of-the-rings-gallery-diorama\/#breadcrumb"},"inLanguage":"en-US","potentialAction":[{"@type":"ReadAction","target":["https:\/\/endormoonstore.com\/gimli-the-lord-of-the-rings-gallery-diorama\/"]}]},{"@type":"ImageObject","inLanguage":"en-US","@id":"https:\/\/endormoonstore.com\/gimli-the-lord-of-the-rings-gallery-diorama\/#primaryimage","url":"https:\/\/endormoonstore.com\/wp-content\/uploads\/2024\/05\/Gimli-The-Lord-of-the-Rings-Gallery-Diorama-1.jpg","contentUrl":"https:\/\/endormoonstore.com\/wp-content\/uploads\/2024\/05\/Gimli-The-Lord-of-the-Rings-Gallery-Diorama-1.jpg","width":1280,"height":1280},{"@type":"BreadcrumbList","@id":"https:\/\/endormoonstore.com\/gimli-the-lord-of-the-rings-gallery-diorama\/#breadcrumb","itemListElement":[{"@type":"ListItem","position":1,"name":"Shop","item":"https:\/\/endormoonstore.com\/en\/shop\/"},{"@type":"ListItem","position":2,"name":"Gimli The Lord of the Rings Gallery Diorama"}]},{"@type":"WebSite","@id":"https:\/\/endormoonstore.com\/#website","url":"https:\/\/endormoonstore.com\/","name":"EndormoonStore","description":"","potentialAction":[{"@type":"SearchAction","target":{"@type":"EntryPoint","urlTemplate":"https:\/\/endormoonstore.com\/?s={search_term_string}"},"query-input":{"@type":"PropertyValueSpecification","valueRequired":true,"valueName":"search_term_string"}}],"inLanguage":"en-US"}]}},"taxonomy_info":{"product_cat":[{"value":1390,"label":"Figures"}],"pa_brand":[{"value":1632,"label":"Diamond Select Toys"}],"pa_character":[{"value":5851,"label":"Gimli"}],"pa_license":[{"value":1771,"label":"The Lord of The Rings"}],"pa_product-type":[{"value":6603,"label":"Diorama"}],"pa_theme":[{"value":3674,"label":"Gallery Diorama"}]},"featured_image_src_large":["https:\/\/endormoonstore.com\/wp-content\/uploads\/2024\/05\/Gimli-The-Lord-of-the-Rings-Gallery-Diorama-1.jpg",1280,1280,false],"author_info":[],"comment_info":"","_links":{"self":[{"href":"https:\/\/endormoonstore.com\/en\/wp-json\/wp\/v2\/product\/158034","targetHints":{"allow":["GET"]}}],"collection":[{"href":"https:\/\/endormoonstore.com\/en\/wp-json\/wp\/v2\/product"}],"about":[{"href":"https:\/\/endormoonstore.com\/en\/wp-json\/wp\/v2\/types\/product"}],"wp:featuredmedia":[{"embeddable":true,"href":"https:\/\/endormoonstore.com\/en\/wp-json\/wp\/v2\/media\/158007"}],"wp:attachment":[{"href":"https:\/\/endormoonstore.com\/en\/wp-json\/wp\/v2\/media?parent=158034"}],"wp:term":[{"taxonomy":"product_cat","embeddable":true,"href":"https:\/\/endormoonstore.com\/en\/wp-json\/wp\/v2\/product_cat?post=158034"},{"taxonomy":"product_tag","embeddable":true,"href":"https:\/\/endormoonstore.com\/en\/wp-json\/wp\/v2\/product_tag?post=158034"}],"curies":[{"name":"wp","href":"https:\/\/api.w.org\/{rel}","templated":true}]}}