{"id":157929,"date":"2025-09-29T07:35:34","date_gmt":"2025-09-29T05:35:34","guid":{"rendered":"https:\/\/endormoonstore.com\/elvira-mistress-of-the-dark-over-the-rainbow\/"},"modified":"2024-06-15T13:26:27","modified_gmt":"2024-06-15T11:26:27","slug":"elvira-mistress-of-the-dark-over-the-rainbow","status":"publish","type":"product","link":"https:\/\/endormoonstore.com\/en\/elvira-mistress-of-the-dark-over-the-rainbow\/","title":{"rendered":"Elvira, Mistress of the Dark Over the Rainbow"},"content":{"rendered":"<p><strong>Elvira, Mistress of the Dark Over the Rainbow<\/strong><\/p>\n<ul>\n<li>Neca presenta, dentro de la colecci\u00f3n Clothed Figure, la figura de Elvira Over the Rainbow Version. Mide 20 cm y est\u00e1 inspirada en la diab\u00f3licamente encantadora Cassandra Peterson interpretando el papel de Elvira.<\/li>\n<li>Se muestra con un brillante vestido de arco\u00edris nunca antes visto para tu colecci\u00f3n. Con un vestido de tela original hecho a medida, tacones rojos rub\u00ed brillantes y una base de exhibici\u00f3n de ladrillo amarillo, \u00a1definitivamente ya no est\u00e1 en Kansas!s para celebrar el mes del Orgullo.<\/li>\n<li>Incluye una placa facial extra, un par de manos alternativas, una base de exposici\u00f3n, un libro de las memorias de Peterson y una bandera de doble cara con diez pegatinas para personalizar.<\/li>\n<li>Se presenta en una caja con ventana\u00a0para coleccionistas.<\/li>\n<\/ul>\n<p>&nbsp;<\/p>\n","protected":false},"excerpt":{"rendered":"<p><strong>Elvira, Mistress of the Dark Over the Rainbow<\/strong><\/p>\n<p>Neca presenta, dentro de la colecci\u00f3n Clothed Figure, la figura de Elvira Over the Rainbow Version. Mide 20 cm y est\u00e1 inspirada en la diab\u00f3licamente encantadora Cassandra Peterson interpretando el papel de Elvira.<\/p>\n<p>&nbsp;<\/p>\n","protected":false},"featured_media":157902,"template":"","meta":{"_acf_changed":false,"_kad_blocks_custom_css":"","_kad_blocks_head_custom_js":"","_kad_blocks_body_custom_js":"","_kad_blocks_footer_custom_js":""},"product_cat":[13453,1390,13511,15769],"product_tag":[],"class_list":{"0":"post-157929","1":"product","2":"type-product","3":"status-publish","4":"has-post-thumbnail","6":"product_cat-featured","7":"product_cat-figures","8":"product_cat-new-arrivals","9":"product_cat-sales","10":"pa_brand-neca-en","11":"pa_character-elvira-en","12":"pa_license-elvira-mistress-of-the-dark-en","13":"pa_product-type-figure","14":"pa_theme-clothed-action-figure-en","16":"first","17":"instock","18":"sale","19":"taxable","20":"shipping-taxable","21":"purchasable","22":"product-type-simple"},"acf":[],"yoast_head":"<!-- This site is optimized with the Yoast SEO plugin v26.1.1 - https:\/\/yoast.com\/wordpress\/plugins\/seo\/ -->\n<title>Elvira, Mistress of the Dark Over the Rainbow - EndormoonStore<\/title>\n<meta name=\"robots\" content=\"index, follow, max-snippet:-1, max-image-preview:large, max-video-preview:-1\" \/>\n<link rel=\"canonical\" href=\"https:\/\/endormoonstore.com\/en\/elvira-mistress-of-the-dark-over-the-rainbow\/\" \/>\n<meta property=\"og:locale\" content=\"en_US\" \/>\n<meta property=\"og:type\" content=\"article\" \/>\n<meta property=\"og:title\" content=\"Elvira, Mistress of the Dark Over the Rainbow - EndormoonStore\" \/>\n<meta property=\"og:description\" content=\"Elvira, Mistress of the Dark Over the Rainbow  Neca presenta, dentro de la colecci\u00f3n Clothed Figure, la figura de Elvira Over the Rainbow Version. Mide 20 cm y est\u00e1 inspirada en la diab\u00f3licamente encantadora Cassandra Peterson interpretando el papel de Elvira.  &nbsp;\" \/>\n<meta property=\"og:url\" content=\"https:\/\/endormoonstore.com\/en\/elvira-mistress-of-the-dark-over-the-rainbow\/\" \/>\n<meta property=\"og:site_name\" content=\"EndormoonStore\" \/>\n<meta property=\"og:image\" content=\"https:\/\/endormoonstore.com\/wp-content\/uploads\/2024\/06\/Elvira-Mistress-of-the-Dark-Over-the-Rainbow-1.jpg\" \/>\n\t<meta property=\"og:image:width\" content=\"800\" \/>\n\t<meta property=\"og:image:height\" content=\"1000\" \/>\n\t<meta property=\"og:image:type\" content=\"image\/jpeg\" \/>\n<meta name=\"twitter:card\" content=\"summary_large_image\" \/>\n<meta name=\"twitter:label1\" content=\"Est. reading time\" \/>\n\t<meta name=\"twitter:data1\" content=\"1 minute\" \/>\n<script type=\"application\/ld+json\" class=\"yoast-schema-graph\">{\"@context\":\"https:\/\/schema.org\",\"@graph\":[{\"@type\":\"WebPage\",\"@id\":\"https:\/\/endormoonstore.com\/en\/elvira-mistress-of-the-dark-over-the-rainbow\/\",\"url\":\"https:\/\/endormoonstore.com\/en\/elvira-mistress-of-the-dark-over-the-rainbow\/\",\"name\":\"Elvira, Mistress of the Dark Over the Rainbow - EndormoonStore\",\"isPartOf\":{\"@id\":\"https:\/\/endormoonstore.com\/#website\"},\"primaryImageOfPage\":{\"@id\":\"https:\/\/endormoonstore.com\/en\/elvira-mistress-of-the-dark-over-the-rainbow\/#primaryimage\"},\"image\":{\"@id\":\"https:\/\/endormoonstore.com\/en\/elvira-mistress-of-the-dark-over-the-rainbow\/#primaryimage\"},\"thumbnailUrl\":\"https:\/\/endormoonstore.com\/wp-content\/uploads\/2024\/06\/Elvira-Mistress-of-the-Dark-Over-the-Rainbow-1.jpg\",\"datePublished\":\"2025-09-29T05:35:34+00:00\",\"breadcrumb\":{\"@id\":\"https:\/\/endormoonstore.com\/en\/elvira-mistress-of-the-dark-over-the-rainbow\/#breadcrumb\"},\"inLanguage\":\"en-US\",\"potentialAction\":[{\"@type\":\"ReadAction\",\"target\":[\"https:\/\/endormoonstore.com\/en\/elvira-mistress-of-the-dark-over-the-rainbow\/\"]}]},{\"@type\":\"ImageObject\",\"inLanguage\":\"en-US\",\"@id\":\"https:\/\/endormoonstore.com\/en\/elvira-mistress-of-the-dark-over-the-rainbow\/#primaryimage\",\"url\":\"https:\/\/endormoonstore.com\/wp-content\/uploads\/2024\/06\/Elvira-Mistress-of-the-Dark-Over-the-Rainbow-1.jpg\",\"contentUrl\":\"https:\/\/endormoonstore.com\/wp-content\/uploads\/2024\/06\/Elvira-Mistress-of-the-Dark-Over-the-Rainbow-1.jpg\",\"width\":800,\"height\":1000},{\"@type\":\"BreadcrumbList\",\"@id\":\"https:\/\/endormoonstore.com\/en\/elvira-mistress-of-the-dark-over-the-rainbow\/#breadcrumb\",\"itemListElement\":[{\"@type\":\"ListItem\",\"position\":1,\"name\":\"Shop\",\"item\":\"https:\/\/endormoonstore.com\/en\/shop\/\"},{\"@type\":\"ListItem\",\"position\":2,\"name\":\"Elvira, Mistress of the Dark Over the Rainbow\"}]},{\"@type\":\"WebSite\",\"@id\":\"https:\/\/endormoonstore.com\/#website\",\"url\":\"https:\/\/endormoonstore.com\/\",\"name\":\"EndormoonStore\",\"description\":\"\",\"potentialAction\":[{\"@type\":\"SearchAction\",\"target\":{\"@type\":\"EntryPoint\",\"urlTemplate\":\"https:\/\/endormoonstore.com\/?s={search_term_string}\"},\"query-input\":{\"@type\":\"PropertyValueSpecification\",\"valueRequired\":true,\"valueName\":\"search_term_string\"}}],\"inLanguage\":\"en-US\"}]}<\/script>\n<!-- \/ Yoast SEO plugin. -->","yoast_head_json":{"title":"Elvira, Mistress of the Dark Over the Rainbow - EndormoonStore","robots":{"index":"index","follow":"follow","max-snippet":"max-snippet:-1","max-image-preview":"max-image-preview:large","max-video-preview":"max-video-preview:-1"},"canonical":"https:\/\/endormoonstore.com\/en\/elvira-mistress-of-the-dark-over-the-rainbow\/","og_locale":"en_US","og_type":"article","og_title":"Elvira, Mistress of the Dark Over the Rainbow - EndormoonStore","og_description":"Elvira, Mistress of the Dark Over the Rainbow  Neca presenta, dentro de la colecci\u00f3n Clothed Figure, la figura de Elvira Over the Rainbow Version. Mide 20 cm y est\u00e1 inspirada en la diab\u00f3licamente encantadora Cassandra Peterson interpretando el papel de Elvira.  &nbsp;","og_url":"https:\/\/endormoonstore.com\/en\/elvira-mistress-of-the-dark-over-the-rainbow\/","og_site_name":"EndormoonStore","og_image":[{"width":800,"height":1000,"url":"https:\/\/endormoonstore.com\/wp-content\/uploads\/2024\/06\/Elvira-Mistress-of-the-Dark-Over-the-Rainbow-1.jpg","type":"image\/jpeg"}],"twitter_card":"summary_large_image","twitter_misc":{"Est. reading time":"1 minute"},"schema":{"@context":"https:\/\/schema.org","@graph":[{"@type":"WebPage","@id":"https:\/\/endormoonstore.com\/en\/elvira-mistress-of-the-dark-over-the-rainbow\/","url":"https:\/\/endormoonstore.com\/en\/elvira-mistress-of-the-dark-over-the-rainbow\/","name":"Elvira, Mistress of the Dark Over the Rainbow - EndormoonStore","isPartOf":{"@id":"https:\/\/endormoonstore.com\/#website"},"primaryImageOfPage":{"@id":"https:\/\/endormoonstore.com\/en\/elvira-mistress-of-the-dark-over-the-rainbow\/#primaryimage"},"image":{"@id":"https:\/\/endormoonstore.com\/en\/elvira-mistress-of-the-dark-over-the-rainbow\/#primaryimage"},"thumbnailUrl":"https:\/\/endormoonstore.com\/wp-content\/uploads\/2024\/06\/Elvira-Mistress-of-the-Dark-Over-the-Rainbow-1.jpg","datePublished":"2025-09-29T05:35:34+00:00","breadcrumb":{"@id":"https:\/\/endormoonstore.com\/en\/elvira-mistress-of-the-dark-over-the-rainbow\/#breadcrumb"},"inLanguage":"en-US","potentialAction":[{"@type":"ReadAction","target":["https:\/\/endormoonstore.com\/en\/elvira-mistress-of-the-dark-over-the-rainbow\/"]}]},{"@type":"ImageObject","inLanguage":"en-US","@id":"https:\/\/endormoonstore.com\/en\/elvira-mistress-of-the-dark-over-the-rainbow\/#primaryimage","url":"https:\/\/endormoonstore.com\/wp-content\/uploads\/2024\/06\/Elvira-Mistress-of-the-Dark-Over-the-Rainbow-1.jpg","contentUrl":"https:\/\/endormoonstore.com\/wp-content\/uploads\/2024\/06\/Elvira-Mistress-of-the-Dark-Over-the-Rainbow-1.jpg","width":800,"height":1000},{"@type":"BreadcrumbList","@id":"https:\/\/endormoonstore.com\/en\/elvira-mistress-of-the-dark-over-the-rainbow\/#breadcrumb","itemListElement":[{"@type":"ListItem","position":1,"name":"Shop","item":"https:\/\/endormoonstore.com\/en\/shop\/"},{"@type":"ListItem","position":2,"name":"Elvira, Mistress of the Dark Over the Rainbow"}]},{"@type":"WebSite","@id":"https:\/\/endormoonstore.com\/#website","url":"https:\/\/endormoonstore.com\/","name":"EndormoonStore","description":"","potentialAction":[{"@type":"SearchAction","target":{"@type":"EntryPoint","urlTemplate":"https:\/\/endormoonstore.com\/?s={search_term_string}"},"query-input":{"@type":"PropertyValueSpecification","valueRequired":true,"valueName":"search_term_string"}}],"inLanguage":"en-US"}]}},"taxonomy_info":{"product_cat":[{"value":13453,"label":"Featured"},{"value":1390,"label":"Figures"},{"value":13511,"label":"New Arrivals"},{"value":15769,"label":"Sales"}],"pa_brand":[{"value":2090,"label":"Neca"}],"pa_character":[{"value":10000,"label":"Elvira"}],"pa_license":[{"value":10009,"label":"Elvira Mistress of the Dark"}],"pa_product-type":[{"value":2387,"label":"Figure"}],"pa_theme":[{"value":4982,"label":"Clothed Action Figure"}]},"featured_image_src_large":["https:\/\/endormoonstore.com\/wp-content\/uploads\/2024\/06\/Elvira-Mistress-of-the-Dark-Over-the-Rainbow-1.jpg",800,1000,false],"author_info":[],"comment_info":"","_links":{"self":[{"href":"https:\/\/endormoonstore.com\/en\/wp-json\/wp\/v2\/product\/157929","targetHints":{"allow":["GET"]}}],"collection":[{"href":"https:\/\/endormoonstore.com\/en\/wp-json\/wp\/v2\/product"}],"about":[{"href":"https:\/\/endormoonstore.com\/en\/wp-json\/wp\/v2\/types\/product"}],"wp:featuredmedia":[{"embeddable":true,"href":"https:\/\/endormoonstore.com\/en\/wp-json\/wp\/v2\/media\/157902"}],"wp:attachment":[{"href":"https:\/\/endormoonstore.com\/en\/wp-json\/wp\/v2\/media?parent=157929"}],"wp:term":[{"taxonomy":"product_cat","embeddable":true,"href":"https:\/\/endormoonstore.com\/en\/wp-json\/wp\/v2\/product_cat?post=157929"},{"taxonomy":"product_tag","embeddable":true,"href":"https:\/\/endormoonstore.com\/en\/wp-json\/wp\/v2\/product_tag?post=157929"}],"curies":[{"name":"wp","href":"https:\/\/api.w.org\/{rel}","templated":true}]}}