{"id":157757,"date":"2025-02-02T00:40:29","date_gmt":"2024-05-01T00:25:29","guid":{"rendered":"https:\/\/endormoonstore.com\/skar-king-godzilla-vs-kong-the-new-empire-s-h-monsterarts\/"},"modified":"2024-06-07T23:49:50","modified_gmt":"2024-06-07T21:49:50","slug":"skar-king-godzilla-vs-kong-the-new-empire-s-h-monsterarts","status":"publish","type":"product","link":"https:\/\/endormoonstore.com\/en\/skar-king-godzilla-vs-kong-the-new-empire-s-h-monsterarts\/","title":{"rendered":"Skar King Godzilla vs Kong: The New Empire S.H.MonsterArts"},"content":{"rendered":"<p class=\"p1\"><b>Skar King Godzilla vs Kong: The New Empire S.H.MonsterArts<\/b><\/p>\n<ul class=\"ul1\">\n<li class=\"li1\">Tamashii Nations presenta, dentro de la colecci\u00f3n S.H. Monster Arts, la figura de Skar King. Mide 16 cm y est\u00e1 basada en su aparici\u00f3n en la pel\u00edcula &#8220;Godzilla VS Kong: The New Empire&#8221;.<\/li>\n<li class=\"li1\">Incluye 1x l\u00e1tigo formado por una columna vertebral de otro Tit\u00e1n, en el interior contiene un alambre para poder darle la forma que prefieras. Adem\u00e1s, tambi\u00e9n contiene dos mu\u00f1ecas derechas y una pieza adicional para el brazo derecho de la figura Kong 2024 Ver. Godzilla VS Kong: The New Empire S.H.MonsterArts (se vende por separado) para reproducir la apariencia de Kong B.E.A.S.T Glove Version.<\/li>\n<li class=\"li1\">Figura mostrada en la fotos de Kong 2024 Ver. Godzilla VS Kong: The New Empire S.H.MonsterArts (se vende por separado)<\/li>\n<\/ul>\n","protected":false},"excerpt":{"rendered":"<p class=\"p1\"><strong>Skar King Godzilla vs Kong: The New Empire S.H.MonsterArts<\/strong><\/p>\n<p class=\"p1\">Tamashii Nations presenta, dentro de la colecci\u00f3n S.H. Monster Arts, la figura de Skar King. Mide 16 cm y est\u00e1 basada en su aparici\u00f3n en la pel\u00edcula &#8220;Godzilla VS Kong: The New Empire&#8221;.<\/p>\n","protected":false},"featured_media":157742,"template":"","meta":{"_acf_changed":false,"_kad_blocks_custom_css":"","_kad_blocks_head_custom_js":"","_kad_blocks_body_custom_js":"","_kad_blocks_footer_custom_js":""},"product_cat":[1390,13511],"product_tag":[],"class_list":{"0":"post-157757","1":"product","2":"type-product","3":"status-publish","4":"has-post-thumbnail","6":"product_cat-figures","7":"product_cat-new-arrivals","8":"pa_brand-tamashii-nations-en","9":"pa_character-skar-king-en","10":"pa_episode-godzilla-vs-kong-the-new-empire-en","11":"pa_license-godzilla-vs-kong-en","12":"pa_product-type-figure","13":"pa_theme-s-h-monsterarts-en","15":"first","16":"instock","17":"taxable","18":"shipping-taxable","19":"purchasable","20":"product-type-simple"},"acf":[],"yoast_head":"<!-- This site is optimized with the Yoast SEO plugin v26.1.1 - https:\/\/yoast.com\/wordpress\/plugins\/seo\/ -->\n<title>Skar King Godzilla vs Kong: The New Empire S.H.MonsterArts - EndormoonStore<\/title>\n<meta name=\"robots\" content=\"index, follow, max-snippet:-1, max-image-preview:large, max-video-preview:-1\" \/>\n<link rel=\"canonical\" href=\"https:\/\/endormoonstore.com\/en\/skar-king-godzilla-vs-kong-the-new-empire-s-h-monsterarts\/\" \/>\n<meta property=\"og:locale\" content=\"en_US\" \/>\n<meta property=\"og:type\" content=\"article\" \/>\n<meta property=\"og:title\" content=\"Skar King Godzilla vs Kong: The New Empire S.H.MonsterArts - EndormoonStore\" \/>\n<meta property=\"og:description\" content=\"Skar King Godzilla vs Kong: The New Empire S.H.MonsterArts Tamashii Nations presenta, dentro de la colecci\u00f3n S.H. Monster Arts, la figura de Skar King. Mide 16 cm y est\u00e1 basada en su aparici\u00f3n en la pel\u00edcula &quot;Godzilla VS Kong: The New Empire&quot;.\" \/>\n<meta property=\"og:url\" content=\"https:\/\/endormoonstore.com\/en\/skar-king-godzilla-vs-kong-the-new-empire-s-h-monsterarts\/\" \/>\n<meta property=\"og:site_name\" content=\"EndormoonStore\" \/>\n<meta property=\"article:modified_time\" content=\"2024-06-07T21:49:50+00:00\" \/>\n<meta property=\"og:image\" content=\"https:\/\/endormoonstore.com\/wp-content\/uploads\/2024\/06\/Skar-King-Godzilla-x-Kong-The-New-Empire-S.H.MonsterArts-1.jpg\" \/>\n\t<meta property=\"og:image:width\" content=\"960\" \/>\n\t<meta property=\"og:image:height\" content=\"1200\" \/>\n\t<meta property=\"og:image:type\" content=\"image\/jpeg\" \/>\n<meta name=\"twitter:card\" content=\"summary_large_image\" \/>\n<meta name=\"twitter:label1\" content=\"Est. reading time\" \/>\n\t<meta name=\"twitter:data1\" content=\"1 minute\" \/>\n<script type=\"application\/ld+json\" class=\"yoast-schema-graph\">{\"@context\":\"https:\/\/schema.org\",\"@graph\":[{\"@type\":\"WebPage\",\"@id\":\"https:\/\/endormoonstore.com\/en\/skar-king-godzilla-vs-kong-the-new-empire-s-h-monsterarts\/\",\"url\":\"https:\/\/endormoonstore.com\/en\/skar-king-godzilla-vs-kong-the-new-empire-s-h-monsterarts\/\",\"name\":\"Skar King Godzilla vs Kong: The New Empire S.H.MonsterArts - EndormoonStore\",\"isPartOf\":{\"@id\":\"https:\/\/endormoonstore.com\/#website\"},\"primaryImageOfPage\":{\"@id\":\"https:\/\/endormoonstore.com\/en\/skar-king-godzilla-vs-kong-the-new-empire-s-h-monsterarts\/#primaryimage\"},\"image\":{\"@id\":\"https:\/\/endormoonstore.com\/en\/skar-king-godzilla-vs-kong-the-new-empire-s-h-monsterarts\/#primaryimage\"},\"thumbnailUrl\":\"https:\/\/endormoonstore.com\/wp-content\/uploads\/2024\/06\/Skar-King-Godzilla-x-Kong-The-New-Empire-S.H.MonsterArts-1.jpg\",\"datePublished\":\"2024-05-01T00:25:29+00:00\",\"dateModified\":\"2024-06-07T21:49:50+00:00\",\"breadcrumb\":{\"@id\":\"https:\/\/endormoonstore.com\/en\/skar-king-godzilla-vs-kong-the-new-empire-s-h-monsterarts\/#breadcrumb\"},\"inLanguage\":\"en-US\",\"potentialAction\":[{\"@type\":\"ReadAction\",\"target\":[\"https:\/\/endormoonstore.com\/en\/skar-king-godzilla-vs-kong-the-new-empire-s-h-monsterarts\/\"]}]},{\"@type\":\"ImageObject\",\"inLanguage\":\"en-US\",\"@id\":\"https:\/\/endormoonstore.com\/en\/skar-king-godzilla-vs-kong-the-new-empire-s-h-monsterarts\/#primaryimage\",\"url\":\"https:\/\/endormoonstore.com\/wp-content\/uploads\/2024\/06\/Skar-King-Godzilla-x-Kong-The-New-Empire-S.H.MonsterArts-1.jpg\",\"contentUrl\":\"https:\/\/endormoonstore.com\/wp-content\/uploads\/2024\/06\/Skar-King-Godzilla-x-Kong-The-New-Empire-S.H.MonsterArts-1.jpg\",\"width\":960,\"height\":1200},{\"@type\":\"BreadcrumbList\",\"@id\":\"https:\/\/endormoonstore.com\/en\/skar-king-godzilla-vs-kong-the-new-empire-s-h-monsterarts\/#breadcrumb\",\"itemListElement\":[{\"@type\":\"ListItem\",\"position\":1,\"name\":\"Shop\",\"item\":\"https:\/\/endormoonstore.com\/en\/shop\/\"},{\"@type\":\"ListItem\",\"position\":2,\"name\":\"Skar King Godzilla vs Kong: The New Empire S.H.MonsterArts\"}]},{\"@type\":\"WebSite\",\"@id\":\"https:\/\/endormoonstore.com\/#website\",\"url\":\"https:\/\/endormoonstore.com\/\",\"name\":\"EndormoonStore\",\"description\":\"\",\"potentialAction\":[{\"@type\":\"SearchAction\",\"target\":{\"@type\":\"EntryPoint\",\"urlTemplate\":\"https:\/\/endormoonstore.com\/?s={search_term_string}\"},\"query-input\":{\"@type\":\"PropertyValueSpecification\",\"valueRequired\":true,\"valueName\":\"search_term_string\"}}],\"inLanguage\":\"en-US\"}]}<\/script>\n<!-- \/ Yoast SEO plugin. -->","yoast_head_json":{"title":"Skar King Godzilla vs Kong: The New Empire S.H.MonsterArts - EndormoonStore","robots":{"index":"index","follow":"follow","max-snippet":"max-snippet:-1","max-image-preview":"max-image-preview:large","max-video-preview":"max-video-preview:-1"},"canonical":"https:\/\/endormoonstore.com\/en\/skar-king-godzilla-vs-kong-the-new-empire-s-h-monsterarts\/","og_locale":"en_US","og_type":"article","og_title":"Skar King Godzilla vs Kong: The New Empire S.H.MonsterArts - EndormoonStore","og_description":"Skar King Godzilla vs Kong: The New Empire S.H.MonsterArts Tamashii Nations presenta, dentro de la colecci\u00f3n S.H. Monster Arts, la figura de Skar King. Mide 16 cm y est\u00e1 basada en su aparici\u00f3n en la pel\u00edcula \"Godzilla VS Kong: The New Empire\".","og_url":"https:\/\/endormoonstore.com\/en\/skar-king-godzilla-vs-kong-the-new-empire-s-h-monsterarts\/","og_site_name":"EndormoonStore","article_modified_time":"2024-06-07T21:49:50+00:00","og_image":[{"width":960,"height":1200,"url":"https:\/\/endormoonstore.com\/wp-content\/uploads\/2024\/06\/Skar-King-Godzilla-x-Kong-The-New-Empire-S.H.MonsterArts-1.jpg","type":"image\/jpeg"}],"twitter_card":"summary_large_image","twitter_misc":{"Est. reading time":"1 minute"},"schema":{"@context":"https:\/\/schema.org","@graph":[{"@type":"WebPage","@id":"https:\/\/endormoonstore.com\/en\/skar-king-godzilla-vs-kong-the-new-empire-s-h-monsterarts\/","url":"https:\/\/endormoonstore.com\/en\/skar-king-godzilla-vs-kong-the-new-empire-s-h-monsterarts\/","name":"Skar King Godzilla vs Kong: The New Empire S.H.MonsterArts - EndormoonStore","isPartOf":{"@id":"https:\/\/endormoonstore.com\/#website"},"primaryImageOfPage":{"@id":"https:\/\/endormoonstore.com\/en\/skar-king-godzilla-vs-kong-the-new-empire-s-h-monsterarts\/#primaryimage"},"image":{"@id":"https:\/\/endormoonstore.com\/en\/skar-king-godzilla-vs-kong-the-new-empire-s-h-monsterarts\/#primaryimage"},"thumbnailUrl":"https:\/\/endormoonstore.com\/wp-content\/uploads\/2024\/06\/Skar-King-Godzilla-x-Kong-The-New-Empire-S.H.MonsterArts-1.jpg","datePublished":"2024-05-01T00:25:29+00:00","dateModified":"2024-06-07T21:49:50+00:00","breadcrumb":{"@id":"https:\/\/endormoonstore.com\/en\/skar-king-godzilla-vs-kong-the-new-empire-s-h-monsterarts\/#breadcrumb"},"inLanguage":"en-US","potentialAction":[{"@type":"ReadAction","target":["https:\/\/endormoonstore.com\/en\/skar-king-godzilla-vs-kong-the-new-empire-s-h-monsterarts\/"]}]},{"@type":"ImageObject","inLanguage":"en-US","@id":"https:\/\/endormoonstore.com\/en\/skar-king-godzilla-vs-kong-the-new-empire-s-h-monsterarts\/#primaryimage","url":"https:\/\/endormoonstore.com\/wp-content\/uploads\/2024\/06\/Skar-King-Godzilla-x-Kong-The-New-Empire-S.H.MonsterArts-1.jpg","contentUrl":"https:\/\/endormoonstore.com\/wp-content\/uploads\/2024\/06\/Skar-King-Godzilla-x-Kong-The-New-Empire-S.H.MonsterArts-1.jpg","width":960,"height":1200},{"@type":"BreadcrumbList","@id":"https:\/\/endormoonstore.com\/en\/skar-king-godzilla-vs-kong-the-new-empire-s-h-monsterarts\/#breadcrumb","itemListElement":[{"@type":"ListItem","position":1,"name":"Shop","item":"https:\/\/endormoonstore.com\/en\/shop\/"},{"@type":"ListItem","position":2,"name":"Skar King Godzilla vs Kong: The New Empire S.H.MonsterArts"}]},{"@type":"WebSite","@id":"https:\/\/endormoonstore.com\/#website","url":"https:\/\/endormoonstore.com\/","name":"EndormoonStore","description":"","potentialAction":[{"@type":"SearchAction","target":{"@type":"EntryPoint","urlTemplate":"https:\/\/endormoonstore.com\/?s={search_term_string}"},"query-input":{"@type":"PropertyValueSpecification","valueRequired":true,"valueName":"search_term_string"}}],"inLanguage":"en-US"}]}},"taxonomy_info":{"product_cat":[{"value":1390,"label":"Figures"},{"value":13511,"label":"New Arrivals"}],"pa_brand":[{"value":2096,"label":"Tamashii Nations"}],"pa_character":[{"value":14437,"label":"Skar King"}],"pa_episode":[{"value":14334,"label":"Godzilla VS Kong: The New Empire"}],"pa_license":[{"value":14439,"label":"Godzilla VS Kong"}],"pa_product-type":[{"value":2387,"label":"Figure"}],"pa_theme":[{"value":10761,"label":"S.H.MonsterArts"}]},"featured_image_src_large":["https:\/\/endormoonstore.com\/wp-content\/uploads\/2024\/06\/Skar-King-Godzilla-x-Kong-The-New-Empire-S.H.MonsterArts-1.jpg",960,1200,false],"author_info":[],"comment_info":"","_links":{"self":[{"href":"https:\/\/endormoonstore.com\/en\/wp-json\/wp\/v2\/product\/157757","targetHints":{"allow":["GET"]}}],"collection":[{"href":"https:\/\/endormoonstore.com\/en\/wp-json\/wp\/v2\/product"}],"about":[{"href":"https:\/\/endormoonstore.com\/en\/wp-json\/wp\/v2\/types\/product"}],"wp:featuredmedia":[{"embeddable":true,"href":"https:\/\/endormoonstore.com\/en\/wp-json\/wp\/v2\/media\/157742"}],"wp:attachment":[{"href":"https:\/\/endormoonstore.com\/en\/wp-json\/wp\/v2\/media?parent=157757"}],"wp:term":[{"taxonomy":"product_cat","embeddable":true,"href":"https:\/\/endormoonstore.com\/en\/wp-json\/wp\/v2\/product_cat?post=157757"},{"taxonomy":"product_tag","embeddable":true,"href":"https:\/\/endormoonstore.com\/en\/wp-json\/wp\/v2\/product_tag?post=157757"}],"curies":[{"name":"wp","href":"https:\/\/api.w.org\/{rel}","templated":true}]}}