{"id":157698,"date":"2024-05-01T02:10:31","date_gmt":"2024-05-01T00:10:31","guid":{"rendered":"https:\/\/endormoonstore.com\/star-wars-revenge-of-the-sith-darth-sidious-movie-masterpiece-1-6th-scale-collectible-figure\/"},"modified":"2024-08-08T21:06:36","modified_gmt":"2024-08-08T19:06:36","slug":"star-wars-revenge-of-the-sith-darth-sidious-movie-masterpiece-1-6th-scale-collectible-figure","status":"publish","type":"product","link":"https:\/\/endormoonstore.com\/en\/star-wars-revenge-of-the-sith-darth-sidious-movie-masterpiece-1-6th-scale-collectible-figure\/","title":{"rendered":"Star Wars: Revenge of the Sith Darth Sidious Movie Masterpiece 1\/6th Scale Collectible Figure"},"content":{"rendered":"<p><strong>Star Wars: Revenge of the Sith Darth Sidious Movie Masterpiece 1\/6th Scale Collectible Figure<\/strong><\/p>\n<div id=\"prod-summary\">\n<div class=\"product_details__in_box\">\n<ul>\n<li>&#8220;\u00a1Poder ilimitado!&#8221;\u00a0 Darth Sidious. Inspirador, poderoso y malvado hasta la m\u00e9dula, Darth Sidious restaur\u00f3 a los Sith y destruy\u00f3 la Orden Jedi. Viviendo una doble vida, tambi\u00e9n era Palpatine, un senador de Naboo en la pel\u00edcula una amenaza fantasma. Manipul\u00f3 el sistema pol\u00edtico de la Rep\u00fablica Gal\u00e1ctica hasta que fue nombrado Canciller Supremo (y finalmente Emperador) y gobern\u00f3 la galaxia a trav\u00e9s del miedo y la tiran\u00eda.<\/li>\n<li>Ampliando la colecci\u00f3n del lado oscuro de Star Wars de Hot Toys, Hot Toys se complace en presentar la nueva figura coleccionable a escala 1\/6 de Darth Sidious, \u00a1el Sith m\u00e1s infame de todos!<\/li>\n<li>La figura coleccionable altamente detallada est\u00e1 magistralmente creada y presenta una cabeza esculpida recientemente desarrollada con una apariencia amenazadora y un sistema de globos oculares giratorios separados que permite una l\u00ednea de ojos posicionable, un atuendo finamente confeccionado, un Lightsaber\u2122 con iluminaci\u00f3n LED alimentado por USB, efectos de rel\u00e1mpago Force y una base de figura. !<\/li>\n<li>\u00a1El poder de tu colecci\u00f3n del lado oscuro de Star Wars crecer\u00e1 con la incorporaci\u00f3n de esta nueva figura coleccionable de Darth Sidious a la 1\/6th Scale Collectible Figure!<\/li>\n<\/ul>\n<h4>Qu\u00e9 hay en la caja:<\/h4>\n<ul>\n<li>Imagen aut\u00e9ntica y detallada de Darth Sidious en\u00a0<em>Star Wars: La venganza de los Sith<\/em><\/li>\n<li>Una\u00a0 cabeza esculpida recientemente desarrollada con sistema de globos oculares giratorios separados.<\/li>\n<li>Expresi\u00f3n facial, arrugas y textura detallada de la piel con precisi\u00f3n de pel\u00edcula<\/li>\n<li>Cuerpo con m\u00e1s de 30 puntos de articulaci\u00f3n.<\/li>\n<li>Aproximadamente 29 cm de altura<\/li>\n<li>Nueve piezas de manos intercambiables reci\u00e9n esculpidas que incluyen:\n<ul>\n<li>Un par de manos gestuales con efectos de rel\u00e1mpagos de la Fuerza<\/li>\n<li>Tres sables de luz tomados de la mano.<\/li>\n<li>Un par de manos gestuales<\/li>\n<li>Un par de manos abiertas<\/li>\n<\/ul>\n<\/li>\n<li>Cada cabeza esculpida est\u00e1 especialmente pintada a mano.<\/li>\n<\/ul>\n<h4>Traje:<\/h4>\n<ul>\n<li>Una bata con capucha de color marr\u00f3n con capa negra y broche (alambre flexible incrustado)<\/li>\n<li>Una t\u00fanica de color marr\u00f3n oscuro<\/li>\n<li>Un par de botas de color marr\u00f3n.<\/li>\n<\/ul>\n<h4>Armas:<\/h4>\n<ul>\n<li>Una empu\u00f1adura de sable de luz iluminada por LED (luz roja, alimentada por USB)<\/li>\n<li>Una\u00a0 empu\u00f1adura de sable de luz con hoja desmontable<\/li>\n<li>Una hoja de sable de luz de color rojo en movimiento (acoplable a la empu\u00f1adura)<\/li>\n<\/ul>\n<h4><strong>Accesorios:<\/strong><\/h4>\n<ul>\n<li>Soporte din\u00e1mico para figuras especialmente dise\u00f1ado con el logotipo de Star Wars y la placa de identificaci\u00f3n del personaje. Funci\u00f3n de iluminaci\u00f3n operada mediante alimentaci\u00f3n USB. El cable de conexi\u00f3n USB no est\u00e1 incluido para art\u00edculos coleccionables, se requiere un cable USB.<\/li>\n<\/ul>\n<p>&nbsp;<\/p>\n<h2 class=\"details-headline\"><\/h2>\n<\/div>\n<\/div>\n","protected":false},"excerpt":{"rendered":"<p><strong>Star Wars: Revenge of the Sith Darth Sidious Movie Masterpiece 1\/6th Scale Collectible Figure<\/strong><\/p>\n<p>&#8220;\u00a1Poder ilimitado!&#8221;\u00a0 Darth Sidious. Inspirador, poderoso y malvado hasta la m\u00e9dula, Darth Sidious restaur\u00f3 a los Sith y destruy\u00f3 la Orden Jedi. Viviendo una doble vida, tambi\u00e9n era Palpatine, un senador de Naboo en la pel\u00edcula una amenaza fantasma. Manipul\u00f3 el sistema pol\u00edtico de la Rep\u00fablica Gal\u00e1ctica hasta que fue nombrado Canciller Supremo (y finalmente Emperador) y gobern\u00f3 la galaxia a trav\u00e9s del miedo y la tiran\u00eda.<\/p>\n<p class=\"p1\">\n","protected":false},"featured_media":157661,"template":"","meta":{"_acf_changed":false,"_kad_blocks_custom_css":"","_kad_blocks_head_custom_js":"","_kad_blocks_body_custom_js":"","_kad_blocks_footer_custom_js":""},"product_cat":[13453,1384],"product_tag":[],"class_list":{"0":"post-157698","1":"product","2":"type-product","3":"status-publish","4":"has-post-thumbnail","6":"product_cat-featured","7":"product_cat-pre-orders","8":"pa_brand-hot-toys-en","9":"pa_character-darth-sidious-en","10":"pa_episode-star-wars-revenge-of-the-sith","11":"pa_license-star-wars-en","12":"pa_product-type-figure","13":"pa_theme-sixth-scale-collectible-en","15":"first","16":"outofstock","17":"taxable","18":"shipping-taxable","19":"purchasable","20":"product-type-simple"},"acf":[],"yoast_head":"<!-- This site is optimized with the Yoast SEO plugin v26.1.1 - https:\/\/yoast.com\/wordpress\/plugins\/seo\/ -->\n<title>Star Wars: Revenge of the Sith Darth Sidious Movie Masterpiece 1\/6th Scale Collectible Figure - EndormoonStore<\/title>\n<meta name=\"robots\" content=\"index, follow, max-snippet:-1, max-image-preview:large, max-video-preview:-1\" \/>\n<link rel=\"canonical\" href=\"https:\/\/endormoonstore.com\/en\/star-wars-revenge-of-the-sith-darth-sidious-movie-masterpiece-1-6th-scale-collectible-figure\/\" \/>\n<meta property=\"og:locale\" content=\"en_US\" \/>\n<meta property=\"og:type\" content=\"article\" \/>\n<meta property=\"og:title\" content=\"Star Wars: Revenge of the Sith Darth Sidious Movie Masterpiece 1\/6th Scale Collectible Figure - EndormoonStore\" \/>\n<meta property=\"og:description\" content=\"Star Wars: Revenge of the Sith Darth Sidious Movie Masterpiece 1\/6th Scale Collectible Figure  &quot;\u00a1Poder ilimitado!&quot;\u00a0 Darth Sidious. Inspirador, poderoso y malvado hasta la m\u00e9dula, Darth Sidious restaur\u00f3 a los Sith y destruy\u00f3 la Orden Jedi. Viviendo una doble vida, tambi\u00e9n era Palpatine, un senador de Naboo en la pel\u00edcula una amenaza fantasma. Manipul\u00f3 el sistema pol\u00edtico de la Rep\u00fablica Gal\u00e1ctica hasta que fue nombrado Canciller Supremo (y finalmente Emperador) y gobern\u00f3 la galaxia a trav\u00e9s del miedo y la tiran\u00eda.\" \/>\n<meta property=\"og:url\" content=\"https:\/\/endormoonstore.com\/en\/star-wars-revenge-of-the-sith-darth-sidious-movie-masterpiece-1-6th-scale-collectible-figure\/\" \/>\n<meta property=\"og:site_name\" content=\"EndormoonStore\" \/>\n<meta property=\"article:modified_time\" content=\"2024-08-08T19:06:36+00:00\" \/>\n<meta property=\"og:image\" content=\"https:\/\/endormoonstore.com\/wp-content\/uploads\/2024\/05\/Star-Wars-Revenge-of-the-Sith-Darth-Sidious-Movie-Masterpiece-1-6th-Scale-Collectible-Figure-1.jpg\" \/>\n\t<meta property=\"og:image:width\" content=\"692\" \/>\n\t<meta property=\"og:image:height\" content=\"1000\" \/>\n\t<meta property=\"og:image:type\" content=\"image\/jpeg\" \/>\n<meta name=\"twitter:card\" content=\"summary_large_image\" \/>\n<meta name=\"twitter:label1\" content=\"Est. reading time\" \/>\n\t<meta name=\"twitter:data1\" content=\"3 minutes\" \/>\n<script type=\"application\/ld+json\" class=\"yoast-schema-graph\">{\"@context\":\"https:\/\/schema.org\",\"@graph\":[{\"@type\":\"WebPage\",\"@id\":\"https:\/\/endormoonstore.com\/en\/star-wars-revenge-of-the-sith-darth-sidious-movie-masterpiece-1-6th-scale-collectible-figure\/\",\"url\":\"https:\/\/endormoonstore.com\/en\/star-wars-revenge-of-the-sith-darth-sidious-movie-masterpiece-1-6th-scale-collectible-figure\/\",\"name\":\"Star Wars: Revenge of the Sith Darth Sidious Movie Masterpiece 1\/6th Scale Collectible Figure - EndormoonStore\",\"isPartOf\":{\"@id\":\"https:\/\/endormoonstore.com\/#website\"},\"primaryImageOfPage\":{\"@id\":\"https:\/\/endormoonstore.com\/en\/star-wars-revenge-of-the-sith-darth-sidious-movie-masterpiece-1-6th-scale-collectible-figure\/#primaryimage\"},\"image\":{\"@id\":\"https:\/\/endormoonstore.com\/en\/star-wars-revenge-of-the-sith-darth-sidious-movie-masterpiece-1-6th-scale-collectible-figure\/#primaryimage\"},\"thumbnailUrl\":\"https:\/\/endormoonstore.com\/wp-content\/uploads\/2024\/05\/Star-Wars-Revenge-of-the-Sith-Darth-Sidious-Movie-Masterpiece-1-6th-Scale-Collectible-Figure-1.jpg\",\"datePublished\":\"2024-05-01T00:10:31+00:00\",\"dateModified\":\"2024-08-08T19:06:36+00:00\",\"breadcrumb\":{\"@id\":\"https:\/\/endormoonstore.com\/en\/star-wars-revenge-of-the-sith-darth-sidious-movie-masterpiece-1-6th-scale-collectible-figure\/#breadcrumb\"},\"inLanguage\":\"en-US\",\"potentialAction\":[{\"@type\":\"ReadAction\",\"target\":[\"https:\/\/endormoonstore.com\/en\/star-wars-revenge-of-the-sith-darth-sidious-movie-masterpiece-1-6th-scale-collectible-figure\/\"]}]},{\"@type\":\"ImageObject\",\"inLanguage\":\"en-US\",\"@id\":\"https:\/\/endormoonstore.com\/en\/star-wars-revenge-of-the-sith-darth-sidious-movie-masterpiece-1-6th-scale-collectible-figure\/#primaryimage\",\"url\":\"https:\/\/endormoonstore.com\/wp-content\/uploads\/2024\/05\/Star-Wars-Revenge-of-the-Sith-Darth-Sidious-Movie-Masterpiece-1-6th-Scale-Collectible-Figure-1.jpg\",\"contentUrl\":\"https:\/\/endormoonstore.com\/wp-content\/uploads\/2024\/05\/Star-Wars-Revenge-of-the-Sith-Darth-Sidious-Movie-Masterpiece-1-6th-Scale-Collectible-Figure-1.jpg\",\"width\":692,\"height\":1000},{\"@type\":\"BreadcrumbList\",\"@id\":\"https:\/\/endormoonstore.com\/en\/star-wars-revenge-of-the-sith-darth-sidious-movie-masterpiece-1-6th-scale-collectible-figure\/#breadcrumb\",\"itemListElement\":[{\"@type\":\"ListItem\",\"position\":1,\"name\":\"Shop\",\"item\":\"https:\/\/endormoonstore.com\/en\/shop\/\"},{\"@type\":\"ListItem\",\"position\":2,\"name\":\"Star Wars: Revenge of the Sith Darth Sidious Movie Masterpiece 1\/6th Scale Collectible Figure\"}]},{\"@type\":\"WebSite\",\"@id\":\"https:\/\/endormoonstore.com\/#website\",\"url\":\"https:\/\/endormoonstore.com\/\",\"name\":\"EndormoonStore\",\"description\":\"\",\"potentialAction\":[{\"@type\":\"SearchAction\",\"target\":{\"@type\":\"EntryPoint\",\"urlTemplate\":\"https:\/\/endormoonstore.com\/?s={search_term_string}\"},\"query-input\":{\"@type\":\"PropertyValueSpecification\",\"valueRequired\":true,\"valueName\":\"search_term_string\"}}],\"inLanguage\":\"en-US\"}]}<\/script>\n<!-- \/ Yoast SEO plugin. -->","yoast_head_json":{"title":"Star Wars: Revenge of the Sith Darth Sidious Movie Masterpiece 1\/6th Scale Collectible Figure - EndormoonStore","robots":{"index":"index","follow":"follow","max-snippet":"max-snippet:-1","max-image-preview":"max-image-preview:large","max-video-preview":"max-video-preview:-1"},"canonical":"https:\/\/endormoonstore.com\/en\/star-wars-revenge-of-the-sith-darth-sidious-movie-masterpiece-1-6th-scale-collectible-figure\/","og_locale":"en_US","og_type":"article","og_title":"Star Wars: Revenge of the Sith Darth Sidious Movie Masterpiece 1\/6th Scale Collectible Figure - EndormoonStore","og_description":"Star Wars: Revenge of the Sith Darth Sidious Movie Masterpiece 1\/6th Scale Collectible Figure  \"\u00a1Poder ilimitado!\"\u00a0 Darth Sidious. Inspirador, poderoso y malvado hasta la m\u00e9dula, Darth Sidious restaur\u00f3 a los Sith y destruy\u00f3 la Orden Jedi. Viviendo una doble vida, tambi\u00e9n era Palpatine, un senador de Naboo en la pel\u00edcula una amenaza fantasma. Manipul\u00f3 el sistema pol\u00edtico de la Rep\u00fablica Gal\u00e1ctica hasta que fue nombrado Canciller Supremo (y finalmente Emperador) y gobern\u00f3 la galaxia a trav\u00e9s del miedo y la tiran\u00eda.","og_url":"https:\/\/endormoonstore.com\/en\/star-wars-revenge-of-the-sith-darth-sidious-movie-masterpiece-1-6th-scale-collectible-figure\/","og_site_name":"EndormoonStore","article_modified_time":"2024-08-08T19:06:36+00:00","og_image":[{"width":692,"height":1000,"url":"https:\/\/endormoonstore.com\/wp-content\/uploads\/2024\/05\/Star-Wars-Revenge-of-the-Sith-Darth-Sidious-Movie-Masterpiece-1-6th-Scale-Collectible-Figure-1.jpg","type":"image\/jpeg"}],"twitter_card":"summary_large_image","twitter_misc":{"Est. reading time":"3 minutes"},"schema":{"@context":"https:\/\/schema.org","@graph":[{"@type":"WebPage","@id":"https:\/\/endormoonstore.com\/en\/star-wars-revenge-of-the-sith-darth-sidious-movie-masterpiece-1-6th-scale-collectible-figure\/","url":"https:\/\/endormoonstore.com\/en\/star-wars-revenge-of-the-sith-darth-sidious-movie-masterpiece-1-6th-scale-collectible-figure\/","name":"Star Wars: Revenge of the Sith Darth Sidious Movie Masterpiece 1\/6th Scale Collectible Figure - EndormoonStore","isPartOf":{"@id":"https:\/\/endormoonstore.com\/#website"},"primaryImageOfPage":{"@id":"https:\/\/endormoonstore.com\/en\/star-wars-revenge-of-the-sith-darth-sidious-movie-masterpiece-1-6th-scale-collectible-figure\/#primaryimage"},"image":{"@id":"https:\/\/endormoonstore.com\/en\/star-wars-revenge-of-the-sith-darth-sidious-movie-masterpiece-1-6th-scale-collectible-figure\/#primaryimage"},"thumbnailUrl":"https:\/\/endormoonstore.com\/wp-content\/uploads\/2024\/05\/Star-Wars-Revenge-of-the-Sith-Darth-Sidious-Movie-Masterpiece-1-6th-Scale-Collectible-Figure-1.jpg","datePublished":"2024-05-01T00:10:31+00:00","dateModified":"2024-08-08T19:06:36+00:00","breadcrumb":{"@id":"https:\/\/endormoonstore.com\/en\/star-wars-revenge-of-the-sith-darth-sidious-movie-masterpiece-1-6th-scale-collectible-figure\/#breadcrumb"},"inLanguage":"en-US","potentialAction":[{"@type":"ReadAction","target":["https:\/\/endormoonstore.com\/en\/star-wars-revenge-of-the-sith-darth-sidious-movie-masterpiece-1-6th-scale-collectible-figure\/"]}]},{"@type":"ImageObject","inLanguage":"en-US","@id":"https:\/\/endormoonstore.com\/en\/star-wars-revenge-of-the-sith-darth-sidious-movie-masterpiece-1-6th-scale-collectible-figure\/#primaryimage","url":"https:\/\/endormoonstore.com\/wp-content\/uploads\/2024\/05\/Star-Wars-Revenge-of-the-Sith-Darth-Sidious-Movie-Masterpiece-1-6th-Scale-Collectible-Figure-1.jpg","contentUrl":"https:\/\/endormoonstore.com\/wp-content\/uploads\/2024\/05\/Star-Wars-Revenge-of-the-Sith-Darth-Sidious-Movie-Masterpiece-1-6th-Scale-Collectible-Figure-1.jpg","width":692,"height":1000},{"@type":"BreadcrumbList","@id":"https:\/\/endormoonstore.com\/en\/star-wars-revenge-of-the-sith-darth-sidious-movie-masterpiece-1-6th-scale-collectible-figure\/#breadcrumb","itemListElement":[{"@type":"ListItem","position":1,"name":"Shop","item":"https:\/\/endormoonstore.com\/en\/shop\/"},{"@type":"ListItem","position":2,"name":"Star Wars: Revenge of the Sith Darth Sidious Movie Masterpiece 1\/6th Scale Collectible Figure"}]},{"@type":"WebSite","@id":"https:\/\/endormoonstore.com\/#website","url":"https:\/\/endormoonstore.com\/","name":"EndormoonStore","description":"","potentialAction":[{"@type":"SearchAction","target":{"@type":"EntryPoint","urlTemplate":"https:\/\/endormoonstore.com\/?s={search_term_string}"},"query-input":{"@type":"PropertyValueSpecification","valueRequired":true,"valueName":"search_term_string"}}],"inLanguage":"en-US"}]}},"taxonomy_info":{"product_cat":[{"value":13453,"label":"Featured"},{"value":1384,"label":"Pre-orders"}],"pa_brand":[{"value":1635,"label":"Hot Toys"}],"pa_character":[{"value":14354,"label":"Darth Sidious"}],"pa_episode":[{"value":7809,"label":"Star Wars: Revenge of The Sith"}],"pa_license":[{"value":1644,"label":"Star Wars"}],"pa_product-type":[{"value":2387,"label":"Figure"}],"pa_theme":[{"value":4595,"label":"Sixth Scale Collectible"}]},"featured_image_src_large":["https:\/\/endormoonstore.com\/wp-content\/uploads\/2024\/05\/Star-Wars-Revenge-of-the-Sith-Darth-Sidious-Movie-Masterpiece-1-6th-Scale-Collectible-Figure-1.jpg",692,1000,false],"author_info":[],"comment_info":"","_links":{"self":[{"href":"https:\/\/endormoonstore.com\/en\/wp-json\/wp\/v2\/product\/157698","targetHints":{"allow":["GET"]}}],"collection":[{"href":"https:\/\/endormoonstore.com\/en\/wp-json\/wp\/v2\/product"}],"about":[{"href":"https:\/\/endormoonstore.com\/en\/wp-json\/wp\/v2\/types\/product"}],"wp:featuredmedia":[{"embeddable":true,"href":"https:\/\/endormoonstore.com\/en\/wp-json\/wp\/v2\/media\/157661"}],"wp:attachment":[{"href":"https:\/\/endormoonstore.com\/en\/wp-json\/wp\/v2\/media?parent=157698"}],"wp:term":[{"taxonomy":"product_cat","embeddable":true,"href":"https:\/\/endormoonstore.com\/en\/wp-json\/wp\/v2\/product_cat?post=157698"},{"taxonomy":"product_tag","embeddable":true,"href":"https:\/\/endormoonstore.com\/en\/wp-json\/wp\/v2\/product_tag?post=157698"}],"curies":[{"name":"wp","href":"https:\/\/api.w.org\/{rel}","templated":true}]}}