{"id":157626,"date":"2024-05-01T01:51:30","date_gmt":"2024-04-30T23:51:30","guid":{"rendered":"https:\/\/endormoonstore.com\/der-klown-deluxe-scale-action-figure-krampus\/"},"modified":"2024-06-05T14:18:35","modified_gmt":"2024-06-05T12:18:35","slug":"der-klown-deluxe-scale-action-figure-krampus","status":"publish","type":"product","link":"https:\/\/endormoonstore.com\/en\/der-klown-deluxe-scale-action-figure-krampus\/","title":{"rendered":"Der Klown Deluxe Scale Action Figure Krampus"},"content":{"rendered":"<p><strong>Der Klown Deluxe Scale Action Figure Krampus<\/strong><\/p>\n<div class=\"pull-left margenDatosSecundarios\">\n<div id=\"ctl00_MainContent_dvSinopsis\" class=\"pull-left w100\">\n<div class=\"pull-left w100 text-justify well well-lg text-primary\">\n<ul>\n<li>\u00a1La caja sorpresa asesina de la espeluznante pel\u00edcula navide\u00f1a Krampus de 2015 es ahora una figura de acci\u00f3n Neca de lujo lista para difundir el miedo navide\u00f1o! Con m\u00e1s de 25 cm de largo, esta figura incre\u00edblemente detallada de Der Klown es el complemento escalofriante perfecto para tu exhibici\u00f3n anual de terror navide\u00f1a y viene con una variedad de accesorios.<\/li>\n<li>Esta figura, que se parece a su espeluznante hom\u00f3logo en pantalla, tiene una cola articulada que termina en su caja sorpresa, completa con tapa con bisagras. La figura tambi\u00e9n viene con tres boquillas intercambiables con cubrebocas articulados para que puedas mostrar sus diferentes expresiones amenazadoras a lo largo de la pel\u00edcula.<\/li>\n<li>Otros accesorios incluyen una mano extra, volantes de cuello intercambiables, un pa\u00f1uelo y las piernas de Jordan, que se conectan a la boca grande y abierta del monstruo para devorar a su traviesa v\u00edctima.<\/li>\n<li>Esta figura de lujo de Der Klown viene en un empaque con ventana que presenta ilustraciones de su caja sorpresa en la pel\u00edcula.<\/li>\n<\/ul>\n<\/div>\n<\/div>\n<\/div>\n<p><strong>\u00a0<\/strong><\/p>\n<p>&nbsp;<\/p>\n","protected":false},"excerpt":{"rendered":"<p><strong>Der Klown Deluxe Scale Action Figure Krampus<\/strong><\/p>\n<p>\u00a1La caja sorpresa asesina de la espeluznante pel\u00edcula navide\u00f1a Krampus de 2015 es ahora una figura de acci\u00f3n Neca de lujo lista para difundir el miedo navide\u00f1o! Con m\u00e1s de 25 cm de largo, esta figura incre\u00edblemente detallada de Der Klown es el complemento escalofriante perfecto para tu exhibici\u00f3n anual de terror navide\u00f1a y viene con una variedad de accesorios.<\/p>\n","protected":false},"featured_media":157595,"template":"","meta":{"_acf_changed":false,"_kad_blocks_custom_css":"","_kad_blocks_head_custom_js":"","_kad_blocks_body_custom_js":"","_kad_blocks_footer_custom_js":""},"product_cat":[13453,1390,13511],"product_tag":[],"class_list":{"0":"post-157626","1":"product","2":"type-product","3":"status-publish","4":"has-post-thumbnail","6":"product_cat-featured","7":"product_cat-figures","8":"product_cat-new-arrivals","9":"pa_brand-neca-en","10":"pa_character-der-klown-en","11":"pa_license-krampus-en","12":"pa_product-type-figure","13":"pa_theme-scale-action-figure-en","15":"first","16":"instock","17":"taxable","18":"shipping-taxable","19":"purchasable","20":"product-type-simple"},"acf":[],"yoast_head":"<!-- This site is optimized with the Yoast SEO plugin v26.1.1 - https:\/\/yoast.com\/wordpress\/plugins\/seo\/ -->\n<title>Der Klown Deluxe Scale Action Figure Krampus - EndormoonStore<\/title>\n<meta name=\"robots\" content=\"index, follow, max-snippet:-1, max-image-preview:large, max-video-preview:-1\" \/>\n<link rel=\"canonical\" href=\"https:\/\/endormoonstore.com\/en\/der-klown-deluxe-scale-action-figure-krampus\/\" \/>\n<meta property=\"og:locale\" content=\"en_US\" \/>\n<meta property=\"og:type\" content=\"article\" \/>\n<meta property=\"og:title\" content=\"Der Klown Deluxe Scale Action Figure Krampus - EndormoonStore\" \/>\n<meta property=\"og:description\" content=\"Der Klown Deluxe Scale Action Figure Krampus  \u00a1La caja sorpresa asesina de la espeluznante pel\u00edcula navide\u00f1a Krampus de 2015 es ahora una figura de acci\u00f3n Neca de lujo lista para difundir el miedo navide\u00f1o! Con m\u00e1s de 25 cm de largo, esta figura incre\u00edblemente detallada de Der Klown es el complemento escalofriante perfecto para tu exhibici\u00f3n anual de terror navide\u00f1a y viene con una variedad de accesorios.\" \/>\n<meta property=\"og:url\" content=\"https:\/\/endormoonstore.com\/en\/der-klown-deluxe-scale-action-figure-krampus\/\" \/>\n<meta property=\"og:site_name\" content=\"EndormoonStore\" \/>\n<meta property=\"article:modified_time\" content=\"2024-06-05T12:18:35+00:00\" \/>\n<meta property=\"og:image\" content=\"https:\/\/endormoonstore.com\/wp-content\/uploads\/2024\/05\/Der-Klown-Deluxe-Scale-Action-Figure-Krampus-1.jpg\" \/>\n\t<meta property=\"og:image:width\" content=\"1000\" \/>\n\t<meta property=\"og:image:height\" content=\"666\" \/>\n\t<meta property=\"og:image:type\" content=\"image\/jpeg\" \/>\n<meta name=\"twitter:card\" content=\"summary_large_image\" \/>\n<meta name=\"twitter:label1\" content=\"Est. reading time\" \/>\n\t<meta name=\"twitter:data1\" content=\"2 minutes\" \/>\n<script type=\"application\/ld+json\" class=\"yoast-schema-graph\">{\"@context\":\"https:\/\/schema.org\",\"@graph\":[{\"@type\":\"WebPage\",\"@id\":\"https:\/\/endormoonstore.com\/en\/der-klown-deluxe-scale-action-figure-krampus\/\",\"url\":\"https:\/\/endormoonstore.com\/en\/der-klown-deluxe-scale-action-figure-krampus\/\",\"name\":\"Der Klown Deluxe Scale Action Figure Krampus - EndormoonStore\",\"isPartOf\":{\"@id\":\"https:\/\/endormoonstore.com\/#website\"},\"primaryImageOfPage\":{\"@id\":\"https:\/\/endormoonstore.com\/en\/der-klown-deluxe-scale-action-figure-krampus\/#primaryimage\"},\"image\":{\"@id\":\"https:\/\/endormoonstore.com\/en\/der-klown-deluxe-scale-action-figure-krampus\/#primaryimage\"},\"thumbnailUrl\":\"https:\/\/endormoonstore.com\/wp-content\/uploads\/2024\/05\/Der-Klown-Deluxe-Scale-Action-Figure-Krampus-1.jpg\",\"datePublished\":\"2024-04-30T23:51:30+00:00\",\"dateModified\":\"2024-06-05T12:18:35+00:00\",\"breadcrumb\":{\"@id\":\"https:\/\/endormoonstore.com\/en\/der-klown-deluxe-scale-action-figure-krampus\/#breadcrumb\"},\"inLanguage\":\"en-US\",\"potentialAction\":[{\"@type\":\"ReadAction\",\"target\":[\"https:\/\/endormoonstore.com\/en\/der-klown-deluxe-scale-action-figure-krampus\/\"]}]},{\"@type\":\"ImageObject\",\"inLanguage\":\"en-US\",\"@id\":\"https:\/\/endormoonstore.com\/en\/der-klown-deluxe-scale-action-figure-krampus\/#primaryimage\",\"url\":\"https:\/\/endormoonstore.com\/wp-content\/uploads\/2024\/05\/Der-Klown-Deluxe-Scale-Action-Figure-Krampus-1.jpg\",\"contentUrl\":\"https:\/\/endormoonstore.com\/wp-content\/uploads\/2024\/05\/Der-Klown-Deluxe-Scale-Action-Figure-Krampus-1.jpg\",\"width\":1000,\"height\":666},{\"@type\":\"BreadcrumbList\",\"@id\":\"https:\/\/endormoonstore.com\/en\/der-klown-deluxe-scale-action-figure-krampus\/#breadcrumb\",\"itemListElement\":[{\"@type\":\"ListItem\",\"position\":1,\"name\":\"Shop\",\"item\":\"https:\/\/endormoonstore.com\/en\/shop\/\"},{\"@type\":\"ListItem\",\"position\":2,\"name\":\"Der Klown Deluxe Scale Action Figure Krampus\"}]},{\"@type\":\"WebSite\",\"@id\":\"https:\/\/endormoonstore.com\/#website\",\"url\":\"https:\/\/endormoonstore.com\/\",\"name\":\"EndormoonStore\",\"description\":\"\",\"potentialAction\":[{\"@type\":\"SearchAction\",\"target\":{\"@type\":\"EntryPoint\",\"urlTemplate\":\"https:\/\/endormoonstore.com\/?s={search_term_string}\"},\"query-input\":{\"@type\":\"PropertyValueSpecification\",\"valueRequired\":true,\"valueName\":\"search_term_string\"}}],\"inLanguage\":\"en-US\"}]}<\/script>\n<!-- \/ Yoast SEO plugin. -->","yoast_head_json":{"title":"Der Klown Deluxe Scale Action Figure Krampus - EndormoonStore","robots":{"index":"index","follow":"follow","max-snippet":"max-snippet:-1","max-image-preview":"max-image-preview:large","max-video-preview":"max-video-preview:-1"},"canonical":"https:\/\/endormoonstore.com\/en\/der-klown-deluxe-scale-action-figure-krampus\/","og_locale":"en_US","og_type":"article","og_title":"Der Klown Deluxe Scale Action Figure Krampus - EndormoonStore","og_description":"Der Klown Deluxe Scale Action Figure Krampus  \u00a1La caja sorpresa asesina de la espeluznante pel\u00edcula navide\u00f1a Krampus de 2015 es ahora una figura de acci\u00f3n Neca de lujo lista para difundir el miedo navide\u00f1o! Con m\u00e1s de 25 cm de largo, esta figura incre\u00edblemente detallada de Der Klown es el complemento escalofriante perfecto para tu exhibici\u00f3n anual de terror navide\u00f1a y viene con una variedad de accesorios.","og_url":"https:\/\/endormoonstore.com\/en\/der-klown-deluxe-scale-action-figure-krampus\/","og_site_name":"EndormoonStore","article_modified_time":"2024-06-05T12:18:35+00:00","og_image":[{"width":1000,"height":666,"url":"https:\/\/endormoonstore.com\/wp-content\/uploads\/2024\/05\/Der-Klown-Deluxe-Scale-Action-Figure-Krampus-1.jpg","type":"image\/jpeg"}],"twitter_card":"summary_large_image","twitter_misc":{"Est. reading time":"2 minutes"},"schema":{"@context":"https:\/\/schema.org","@graph":[{"@type":"WebPage","@id":"https:\/\/endormoonstore.com\/en\/der-klown-deluxe-scale-action-figure-krampus\/","url":"https:\/\/endormoonstore.com\/en\/der-klown-deluxe-scale-action-figure-krampus\/","name":"Der Klown Deluxe Scale Action Figure Krampus - EndormoonStore","isPartOf":{"@id":"https:\/\/endormoonstore.com\/#website"},"primaryImageOfPage":{"@id":"https:\/\/endormoonstore.com\/en\/der-klown-deluxe-scale-action-figure-krampus\/#primaryimage"},"image":{"@id":"https:\/\/endormoonstore.com\/en\/der-klown-deluxe-scale-action-figure-krampus\/#primaryimage"},"thumbnailUrl":"https:\/\/endormoonstore.com\/wp-content\/uploads\/2024\/05\/Der-Klown-Deluxe-Scale-Action-Figure-Krampus-1.jpg","datePublished":"2024-04-30T23:51:30+00:00","dateModified":"2024-06-05T12:18:35+00:00","breadcrumb":{"@id":"https:\/\/endormoonstore.com\/en\/der-klown-deluxe-scale-action-figure-krampus\/#breadcrumb"},"inLanguage":"en-US","potentialAction":[{"@type":"ReadAction","target":["https:\/\/endormoonstore.com\/en\/der-klown-deluxe-scale-action-figure-krampus\/"]}]},{"@type":"ImageObject","inLanguage":"en-US","@id":"https:\/\/endormoonstore.com\/en\/der-klown-deluxe-scale-action-figure-krampus\/#primaryimage","url":"https:\/\/endormoonstore.com\/wp-content\/uploads\/2024\/05\/Der-Klown-Deluxe-Scale-Action-Figure-Krampus-1.jpg","contentUrl":"https:\/\/endormoonstore.com\/wp-content\/uploads\/2024\/05\/Der-Klown-Deluxe-Scale-Action-Figure-Krampus-1.jpg","width":1000,"height":666},{"@type":"BreadcrumbList","@id":"https:\/\/endormoonstore.com\/en\/der-klown-deluxe-scale-action-figure-krampus\/#breadcrumb","itemListElement":[{"@type":"ListItem","position":1,"name":"Shop","item":"https:\/\/endormoonstore.com\/en\/shop\/"},{"@type":"ListItem","position":2,"name":"Der Klown Deluxe Scale Action Figure Krampus"}]},{"@type":"WebSite","@id":"https:\/\/endormoonstore.com\/#website","url":"https:\/\/endormoonstore.com\/","name":"EndormoonStore","description":"","potentialAction":[{"@type":"SearchAction","target":{"@type":"EntryPoint","urlTemplate":"https:\/\/endormoonstore.com\/?s={search_term_string}"},"query-input":{"@type":"PropertyValueSpecification","valueRequired":true,"valueName":"search_term_string"}}],"inLanguage":"en-US"}]}},"taxonomy_info":{"product_cat":[{"value":13453,"label":"Featured"},{"value":1390,"label":"Figures"},{"value":13511,"label":"New Arrivals"}],"pa_brand":[{"value":2090,"label":"Neca"}],"pa_character":[{"value":14427,"label":"Der Klown"}],"pa_license":[{"value":14431,"label":"Krampus"}],"pa_product-type":[{"value":2387,"label":"Figure"}],"pa_theme":[{"value":2864,"label":"Scale Action Figure"}]},"featured_image_src_large":["https:\/\/endormoonstore.com\/wp-content\/uploads\/2024\/05\/Der-Klown-Deluxe-Scale-Action-Figure-Krampus-1.jpg",1000,666,false],"author_info":[],"comment_info":"","_links":{"self":[{"href":"https:\/\/endormoonstore.com\/en\/wp-json\/wp\/v2\/product\/157626","targetHints":{"allow":["GET"]}}],"collection":[{"href":"https:\/\/endormoonstore.com\/en\/wp-json\/wp\/v2\/product"}],"about":[{"href":"https:\/\/endormoonstore.com\/en\/wp-json\/wp\/v2\/types\/product"}],"wp:featuredmedia":[{"embeddable":true,"href":"https:\/\/endormoonstore.com\/en\/wp-json\/wp\/v2\/media\/157595"}],"wp:attachment":[{"href":"https:\/\/endormoonstore.com\/en\/wp-json\/wp\/v2\/media?parent=157626"}],"wp:term":[{"taxonomy":"product_cat","embeddable":true,"href":"https:\/\/endormoonstore.com\/en\/wp-json\/wp\/v2\/product_cat?post=157626"},{"taxonomy":"product_tag","embeddable":true,"href":"https:\/\/endormoonstore.com\/en\/wp-json\/wp\/v2\/product_tag?post=157626"}],"curies":[{"name":"wp","href":"https:\/\/api.w.org\/{rel}","templated":true}]}}