{"id":157534,"date":"2024-05-28T00:00:24","date_gmt":"2024-04-30T23:55:24","guid":{"rendered":"https:\/\/endormoonstore.com\/star-wars-the-black-series-star-wars-attack-of-the-clones-super-battle-droid-copy\/"},"modified":"2024-06-27T22:07:16","modified_gmt":"2024-06-27T20:07:16","slug":"star-wars-the-black-series-star-wars-attack-of-the-clones-ki-adi-mundi","status":"publish","type":"product","link":"https:\/\/endormoonstore.com\/en\/star-wars-the-black-series-star-wars-attack-of-the-clones-ki-adi-mundi\/","title":{"rendered":"Star Wars The Black Series Star Wars: Attack of the Clones Ki-Adi-Mundi"},"content":{"rendered":"<p class=\"p1\"><strong>Star Wars The Black Series Star Wars: Attack of the Clones Ki-Adi-Mundi<\/strong><\/p>\n<ul class=\"ul1\">\n<li class=\"li1\">\n<div class=\"pull-left margenDatosSecundarios\">\n<div id=\"ctl00_MainContent_dvSinopsis\" class=\"pull-left w100\">\n<div class=\"pull-left w100 text-justify well well-lg text-primary\">Hasbro presenta, dentro de la colecci\u00f3n The Black Series, la figura de Ki-Adi-Mundi. Mide 15 cm y est\u00e1 basada en el personaje de la pel\u00edcula &#8220;Star Wars: Attack of the Clones&#8221;.<\/div>\n<\/div>\n<\/div>\n<\/li>\n<li>Ki-Adi-Mundi un extraterrestre cereano que formaba parte del Consejo Jedi. Un ser humanoide, la caracter\u00edstica f\u00edsica m\u00e1s distintiva de Ki era un cr\u00e1neo c\u00f3nico agrandado que conten\u00eda un cerebro binario.<\/li>\n<li class=\"li1\">Cuenta con detalles premium y m\u00faltiples puntos de articulaci\u00f3n. Incluye un sable.<\/li>\n<\/ul>\n","protected":false},"excerpt":{"rendered":"<p class=\"p1\"><strong>Star Wars The Black Series Star Wars: Attack of the Clones Ki-Adi-Mundi<\/strong><\/p>\n<p class=\"p1\">Hasbro presenta, dentro de la colecci\u00f3n The Black Series, la figura de Ki-Adi-Mundi. Mide 15 cm y est\u00e1 basada en el personaje de la pel\u00edcula &#8220;Star Wars: Attack of the Clones&#8221;.<\/p>\n","protected":false},"featured_media":157519,"template":"","meta":{"_acf_changed":false,"_kad_blocks_custom_css":"","_kad_blocks_head_custom_js":"","_kad_blocks_body_custom_js":"","_kad_blocks_footer_custom_js":""},"product_cat":[1390,13511],"product_tag":[],"class_list":{"0":"post-157534","1":"product","2":"type-product","3":"status-publish","4":"has-post-thumbnail","6":"product_cat-figures","7":"product_cat-new-arrivals","8":"pa_brand-hasbro-en","9":"pa_character-ki-adi-mundi-en","10":"pa_episode-star-wars-attack-of-the-clones","11":"pa_license-star-wars-en","12":"pa_product-type-figure","13":"pa_theme-the-black-series-en","15":"first","16":"outofstock","17":"taxable","18":"shipping-taxable","19":"purchasable","20":"product-type-simple"},"acf":[],"yoast_head":"<!-- This site is optimized with the Yoast SEO plugin v26.1.1 - https:\/\/yoast.com\/wordpress\/plugins\/seo\/ -->\n<title>Star Wars The Black Series Star Wars: Attack of the Clones Ki-Adi-Mundi - EndormoonStore<\/title>\n<meta name=\"robots\" content=\"index, follow, max-snippet:-1, max-image-preview:large, max-video-preview:-1\" \/>\n<link rel=\"canonical\" href=\"https:\/\/endormoonstore.com\/en\/star-wars-the-black-series-star-wars-attack-of-the-clones-ki-adi-mundi\/\" \/>\n<meta property=\"og:locale\" content=\"en_US\" \/>\n<meta property=\"og:type\" content=\"article\" \/>\n<meta property=\"og:title\" content=\"Star Wars The Black Series Star Wars: Attack of the Clones Ki-Adi-Mundi - EndormoonStore\" \/>\n<meta property=\"og:description\" content=\"Star Wars The Black Series Star Wars: Attack of the Clones Ki-Adi-Mundi Hasbro presenta, dentro de la colecci\u00f3n The Black Series, la figura de Ki-Adi-Mundi. Mide 15 cm y est\u00e1 basada en el personaje de la pel\u00edcula &quot;Star Wars: Attack of the Clones&quot;.\" \/>\n<meta property=\"og:url\" content=\"https:\/\/endormoonstore.com\/en\/star-wars-the-black-series-star-wars-attack-of-the-clones-ki-adi-mundi\/\" \/>\n<meta property=\"og:site_name\" content=\"EndormoonStore\" \/>\n<meta property=\"article:modified_time\" content=\"2024-06-27T20:07:16+00:00\" \/>\n<meta property=\"og:image\" content=\"https:\/\/endormoonstore.com\/wp-content\/uploads\/2024\/06\/Star-Wars-The-Black-Series-Star-Wars-Attack-Of-The-Clones-Ki-Adi-Mundi-1.jpg\" \/>\n\t<meta property=\"og:image:width\" content=\"544\" \/>\n\t<meta property=\"og:image:height\" content=\"1000\" \/>\n\t<meta property=\"og:image:type\" content=\"image\/jpeg\" \/>\n<meta name=\"twitter:card\" content=\"summary_large_image\" \/>\n<meta name=\"twitter:label1\" content=\"Est. reading time\" \/>\n\t<meta name=\"twitter:data1\" content=\"1 minute\" \/>\n<script type=\"application\/ld+json\" class=\"yoast-schema-graph\">{\"@context\":\"https:\/\/schema.org\",\"@graph\":[{\"@type\":\"WebPage\",\"@id\":\"https:\/\/endormoonstore.com\/en\/star-wars-the-black-series-star-wars-attack-of-the-clones-ki-adi-mundi\/\",\"url\":\"https:\/\/endormoonstore.com\/en\/star-wars-the-black-series-star-wars-attack-of-the-clones-ki-adi-mundi\/\",\"name\":\"Star Wars The Black Series Star Wars: Attack of the Clones Ki-Adi-Mundi - EndormoonStore\",\"isPartOf\":{\"@id\":\"https:\/\/endormoonstore.com\/#website\"},\"primaryImageOfPage\":{\"@id\":\"https:\/\/endormoonstore.com\/en\/star-wars-the-black-series-star-wars-attack-of-the-clones-ki-adi-mundi\/#primaryimage\"},\"image\":{\"@id\":\"https:\/\/endormoonstore.com\/en\/star-wars-the-black-series-star-wars-attack-of-the-clones-ki-adi-mundi\/#primaryimage\"},\"thumbnailUrl\":\"https:\/\/endormoonstore.com\/wp-content\/uploads\/2024\/06\/Star-Wars-The-Black-Series-Star-Wars-Attack-Of-The-Clones-Ki-Adi-Mundi-1.jpg\",\"datePublished\":\"2024-04-30T23:55:24+00:00\",\"dateModified\":\"2024-06-27T20:07:16+00:00\",\"breadcrumb\":{\"@id\":\"https:\/\/endormoonstore.com\/en\/star-wars-the-black-series-star-wars-attack-of-the-clones-ki-adi-mundi\/#breadcrumb\"},\"inLanguage\":\"en-US\",\"potentialAction\":[{\"@type\":\"ReadAction\",\"target\":[\"https:\/\/endormoonstore.com\/en\/star-wars-the-black-series-star-wars-attack-of-the-clones-ki-adi-mundi\/\"]}]},{\"@type\":\"ImageObject\",\"inLanguage\":\"en-US\",\"@id\":\"https:\/\/endormoonstore.com\/en\/star-wars-the-black-series-star-wars-attack-of-the-clones-ki-adi-mundi\/#primaryimage\",\"url\":\"https:\/\/endormoonstore.com\/wp-content\/uploads\/2024\/06\/Star-Wars-The-Black-Series-Star-Wars-Attack-Of-The-Clones-Ki-Adi-Mundi-1.jpg\",\"contentUrl\":\"https:\/\/endormoonstore.com\/wp-content\/uploads\/2024\/06\/Star-Wars-The-Black-Series-Star-Wars-Attack-Of-The-Clones-Ki-Adi-Mundi-1.jpg\",\"width\":544,\"height\":1000},{\"@type\":\"BreadcrumbList\",\"@id\":\"https:\/\/endormoonstore.com\/en\/star-wars-the-black-series-star-wars-attack-of-the-clones-ki-adi-mundi\/#breadcrumb\",\"itemListElement\":[{\"@type\":\"ListItem\",\"position\":1,\"name\":\"Shop\",\"item\":\"https:\/\/endormoonstore.com\/en\/shop\/\"},{\"@type\":\"ListItem\",\"position\":2,\"name\":\"Star Wars The Black Series Star Wars: Attack of the Clones Ki-Adi-Mundi\"}]},{\"@type\":\"WebSite\",\"@id\":\"https:\/\/endormoonstore.com\/#website\",\"url\":\"https:\/\/endormoonstore.com\/\",\"name\":\"EndormoonStore\",\"description\":\"\",\"potentialAction\":[{\"@type\":\"SearchAction\",\"target\":{\"@type\":\"EntryPoint\",\"urlTemplate\":\"https:\/\/endormoonstore.com\/?s={search_term_string}\"},\"query-input\":{\"@type\":\"PropertyValueSpecification\",\"valueRequired\":true,\"valueName\":\"search_term_string\"}}],\"inLanguage\":\"en-US\"}]}<\/script>\n<!-- \/ Yoast SEO plugin. -->","yoast_head_json":{"title":"Star Wars The Black Series Star Wars: Attack of the Clones Ki-Adi-Mundi - EndormoonStore","robots":{"index":"index","follow":"follow","max-snippet":"max-snippet:-1","max-image-preview":"max-image-preview:large","max-video-preview":"max-video-preview:-1"},"canonical":"https:\/\/endormoonstore.com\/en\/star-wars-the-black-series-star-wars-attack-of-the-clones-ki-adi-mundi\/","og_locale":"en_US","og_type":"article","og_title":"Star Wars The Black Series Star Wars: Attack of the Clones Ki-Adi-Mundi - EndormoonStore","og_description":"Star Wars The Black Series Star Wars: Attack of the Clones Ki-Adi-Mundi Hasbro presenta, dentro de la colecci\u00f3n The Black Series, la figura de Ki-Adi-Mundi. Mide 15 cm y est\u00e1 basada en el personaje de la pel\u00edcula \"Star Wars: Attack of the Clones\".","og_url":"https:\/\/endormoonstore.com\/en\/star-wars-the-black-series-star-wars-attack-of-the-clones-ki-adi-mundi\/","og_site_name":"EndormoonStore","article_modified_time":"2024-06-27T20:07:16+00:00","og_image":[{"width":544,"height":1000,"url":"https:\/\/endormoonstore.com\/wp-content\/uploads\/2024\/06\/Star-Wars-The-Black-Series-Star-Wars-Attack-Of-The-Clones-Ki-Adi-Mundi-1.jpg","type":"image\/jpeg"}],"twitter_card":"summary_large_image","twitter_misc":{"Est. reading time":"1 minute"},"schema":{"@context":"https:\/\/schema.org","@graph":[{"@type":"WebPage","@id":"https:\/\/endormoonstore.com\/en\/star-wars-the-black-series-star-wars-attack-of-the-clones-ki-adi-mundi\/","url":"https:\/\/endormoonstore.com\/en\/star-wars-the-black-series-star-wars-attack-of-the-clones-ki-adi-mundi\/","name":"Star Wars The Black Series Star Wars: Attack of the Clones Ki-Adi-Mundi - EndormoonStore","isPartOf":{"@id":"https:\/\/endormoonstore.com\/#website"},"primaryImageOfPage":{"@id":"https:\/\/endormoonstore.com\/en\/star-wars-the-black-series-star-wars-attack-of-the-clones-ki-adi-mundi\/#primaryimage"},"image":{"@id":"https:\/\/endormoonstore.com\/en\/star-wars-the-black-series-star-wars-attack-of-the-clones-ki-adi-mundi\/#primaryimage"},"thumbnailUrl":"https:\/\/endormoonstore.com\/wp-content\/uploads\/2024\/06\/Star-Wars-The-Black-Series-Star-Wars-Attack-Of-The-Clones-Ki-Adi-Mundi-1.jpg","datePublished":"2024-04-30T23:55:24+00:00","dateModified":"2024-06-27T20:07:16+00:00","breadcrumb":{"@id":"https:\/\/endormoonstore.com\/en\/star-wars-the-black-series-star-wars-attack-of-the-clones-ki-adi-mundi\/#breadcrumb"},"inLanguage":"en-US","potentialAction":[{"@type":"ReadAction","target":["https:\/\/endormoonstore.com\/en\/star-wars-the-black-series-star-wars-attack-of-the-clones-ki-adi-mundi\/"]}]},{"@type":"ImageObject","inLanguage":"en-US","@id":"https:\/\/endormoonstore.com\/en\/star-wars-the-black-series-star-wars-attack-of-the-clones-ki-adi-mundi\/#primaryimage","url":"https:\/\/endormoonstore.com\/wp-content\/uploads\/2024\/06\/Star-Wars-The-Black-Series-Star-Wars-Attack-Of-The-Clones-Ki-Adi-Mundi-1.jpg","contentUrl":"https:\/\/endormoonstore.com\/wp-content\/uploads\/2024\/06\/Star-Wars-The-Black-Series-Star-Wars-Attack-Of-The-Clones-Ki-Adi-Mundi-1.jpg","width":544,"height":1000},{"@type":"BreadcrumbList","@id":"https:\/\/endormoonstore.com\/en\/star-wars-the-black-series-star-wars-attack-of-the-clones-ki-adi-mundi\/#breadcrumb","itemListElement":[{"@type":"ListItem","position":1,"name":"Shop","item":"https:\/\/endormoonstore.com\/en\/shop\/"},{"@type":"ListItem","position":2,"name":"Star Wars The Black Series Star Wars: Attack of the Clones Ki-Adi-Mundi"}]},{"@type":"WebSite","@id":"https:\/\/endormoonstore.com\/#website","url":"https:\/\/endormoonstore.com\/","name":"EndormoonStore","description":"","potentialAction":[{"@type":"SearchAction","target":{"@type":"EntryPoint","urlTemplate":"https:\/\/endormoonstore.com\/?s={search_term_string}"},"query-input":{"@type":"PropertyValueSpecification","valueRequired":true,"valueName":"search_term_string"}}],"inLanguage":"en-US"}]}},"taxonomy_info":{"product_cat":[{"value":1390,"label":"Figures"},{"value":13511,"label":"New Arrivals"}],"pa_brand":[{"value":2084,"label":"Hasbro"}],"pa_character":[{"value":14423,"label":"Ki-Adi-Mundi"}],"pa_episode":[{"value":2498,"label":"Star Wars: Attack of the Clones"}],"pa_license":[{"value":1644,"label":"Star Wars"}],"pa_product-type":[{"value":2387,"label":"Figure"}],"pa_theme":[{"value":2552,"label":"The Black Series"}]},"featured_image_src_large":["https:\/\/endormoonstore.com\/wp-content\/uploads\/2024\/06\/Star-Wars-The-Black-Series-Star-Wars-Attack-Of-The-Clones-Ki-Adi-Mundi-1.jpg",544,1000,false],"author_info":[],"comment_info":"","_links":{"self":[{"href":"https:\/\/endormoonstore.com\/en\/wp-json\/wp\/v2\/product\/157534","targetHints":{"allow":["GET"]}}],"collection":[{"href":"https:\/\/endormoonstore.com\/en\/wp-json\/wp\/v2\/product"}],"about":[{"href":"https:\/\/endormoonstore.com\/en\/wp-json\/wp\/v2\/types\/product"}],"wp:featuredmedia":[{"embeddable":true,"href":"https:\/\/endormoonstore.com\/en\/wp-json\/wp\/v2\/media\/157519"}],"wp:attachment":[{"href":"https:\/\/endormoonstore.com\/en\/wp-json\/wp\/v2\/media?parent=157534"}],"wp:term":[{"taxonomy":"product_cat","embeddable":true,"href":"https:\/\/endormoonstore.com\/en\/wp-json\/wp\/v2\/product_cat?post=157534"},{"taxonomy":"product_tag","embeddable":true,"href":"https:\/\/endormoonstore.com\/en\/wp-json\/wp\/v2\/product_tag?post=157534"}],"curies":[{"name":"wp","href":"https:\/\/api.w.org\/{rel}","templated":true}]}}