{"id":157514,"date":"2024-05-01T01:50:13","date_gmt":"2024-04-30T23:50:13","guid":{"rendered":"https:\/\/endormoonstore.com\/star-wars-shadow-troopers-with-death-star-environment-movie-masterpiece-1-6th-scale-collectible-figure\/"},"modified":"2024-08-08T21:07:37","modified_gmt":"2024-08-08T19:07:37","slug":"star-wars-shadow-troopers-with-death-star-environment-movie-masterpiece-1-6th-scale-collectible-figure","status":"publish","type":"product","link":"https:\/\/endormoonstore.com\/en\/star-wars-shadow-troopers-with-death-star-environment-movie-masterpiece-1-6th-scale-collectible-figure\/","title":{"rendered":"Star Wars Shadow Troopers with Death Star Environment Movie Masterpiece 1\/6th Scale Collectible Figure"},"content":{"rendered":"<p><strong>Star Wars Shadow Troopers with Death Star Environment Movie Masterpiece 1\/6th Scale Collectible Figure<\/strong><\/p>\n<div id=\"prod-summary\">\n<div class=\"product_details__in_box\">\n<ul>\n<li>Los Shadow Troopers son soldados de \u00e9lite especializados, fan\u00e1ticamente leales al Imperio e imposibles de desviar de la causa imperial. Llevan distintivas armaduras negras, empu\u00f1an una variedad de bl\u00e1sters y atacan en hordas para abrumar a sus enemigos.<\/li>\n<li>Hot Toys se complace en presentar la figura de la colecci\u00f3n 1\/6th Scale Collectible Figure de Shadow Trooper a escala 1\/6 que viene con excelentes articulaciones, aplicaciones de pintura h\u00e1bilmente aplicadas, un traje interior de tela, un rifle bl\u00e1ster y un panel de pared con iluminaci\u00f3n LED de la Estrella de la Muerte. \u00a1Tel\u00f3n de fondo ambiental en un set coleccionable para fan\u00e1ticos de Star Wars!<\/li>\n<li>\u00a1Ampl\u00eda tu ej\u00e9rcito imperial y no dejes pasar la oportunidad de a\u00f1adir este soldado \u00fanico a tu colecci\u00f3n!<\/li>\n<\/ul>\n<h4>Qu\u00e9 hay en la caja:<\/h4>\n<ul>\n<li>Imagen aut\u00e9ntica y detallada de Shadow Trooper en\u00a0<em>Star Wars.<\/em><\/li>\n<li>\u00a0Un casco Shadow Trooper con detalles<\/li>\n<li>Armadura pintada de negro brillante especialmente aplicada con efectos de intemperie.<\/li>\n<li>Cuerpo con m\u00e1s de 30 puntos de articulaci\u00f3n.<\/li>\n<li>Aproximadamente 30 cm de altura<\/li>\n<li>Siete piezas de manos con guantes intercambiables que incluyen:\n<ul>\n<li>Un par de pu\u00f1os<\/li>\n<li>Un par de manos relajantes<\/li>\n<li>Un par de armas tomadas de la mano<\/li>\n<li>Un\u00a0 gesto con la mano izquierda<\/li>\n<\/ul>\n<\/li>\n<\/ul>\n<h4>Traje:<\/h4>\n<ul>\n<li>Una armadura Shadow Trooper con efectos de intemperie<\/li>\n<li>Un cintur\u00f3n de herramientas y funda para pistola.<\/li>\n<li>Dos bolsas de utilidad (equipadas con funci\u00f3n magn\u00e9tica)<\/li>\n<li>Una hombrera de color negro.<\/li>\n<li>Un traje interior de color negro.<\/li>\n<li>Un par de botas<\/li>\n<\/ul>\n<h4>Armas:<\/h4>\n<ul>\n<li>Un rifle bl\u00e1ster<\/li>\n<\/ul>\n<h4><strong>Accesorios:<\/strong><\/h4>\n<ul>\n<li>El\u00a0<strong>diorama coleccionable de sexta escala del entorno de la Estrella de la Muerte<\/strong> presenta caracter\u00edsticas especiales:<\/li>\n<li>Un tel\u00f3n de fondo de diorama con panel de pared de la Estrella de la Muerte iluminado por LED (luz roja, funciona con pilas). Mide aproximadamente 35 cm de alto x 15 cm de ancho .Pantalla de doble cara. Soporte para figuras especialmente dise\u00f1ado con placa de identificaci\u00f3n del personaje.<\/li>\n<\/ul>\n<\/div>\n<\/div>\n","protected":false},"excerpt":{"rendered":"<p><strong>Star Wars Shadow Troopers with Death Star Environment Movie Masterpiece 1\/6th Scale Collectible Figure<\/strong><\/p>\n<p>Los Shadow Troopers son soldados de \u00e9lite especializados, fan\u00e1ticamente leales al Imperio e imposibles de desviar de la causa imperial. Llevan distintivas armaduras negras, empu\u00f1an una variedad de bl\u00e1sters y atacan en hordas para abrumar a sus enemigos.<\/p>\n<p class=\"p1\">\n","protected":false},"featured_media":157480,"template":"","meta":{"_acf_changed":false,"_kad_blocks_custom_css":"","_kad_blocks_head_custom_js":"","_kad_blocks_body_custom_js":"","_kad_blocks_footer_custom_js":""},"product_cat":[13453,1384],"product_tag":[],"class_list":{"0":"post-157514","1":"product","2":"type-product","3":"status-publish","4":"has-post-thumbnail","6":"product_cat-featured","7":"product_cat-pre-orders","8":"pa_brand-hot-toys-en","9":"pa_character-shadowtrooper-en","10":"pa_license-star-wars-en","11":"pa_product-type-figure","12":"pa_theme-sixth-scale-collectible-en","14":"first","15":"instock","16":"taxable","17":"shipping-taxable","18":"purchasable","19":"product-type-simple"},"acf":[],"yoast_head":"<!-- This site is optimized with the Yoast SEO plugin v26.1.1 - https:\/\/yoast.com\/wordpress\/plugins\/seo\/ -->\n<title>Star Wars Shadow Troopers with Death Star Environment Movie Masterpiece 1\/6th Scale Collectible Figure - EndormoonStore<\/title>\n<meta name=\"robots\" content=\"index, follow, max-snippet:-1, max-image-preview:large, max-video-preview:-1\" \/>\n<link rel=\"canonical\" href=\"https:\/\/endormoonstore.com\/en\/star-wars-shadow-troopers-with-death-star-environment-movie-masterpiece-1-6th-scale-collectible-figure\/\" \/>\n<meta property=\"og:locale\" content=\"en_US\" \/>\n<meta property=\"og:type\" content=\"article\" \/>\n<meta property=\"og:title\" content=\"Star Wars Shadow Troopers with Death Star Environment Movie Masterpiece 1\/6th Scale Collectible Figure - EndormoonStore\" \/>\n<meta property=\"og:description\" content=\"Star Wars Shadow Troopers with Death Star Environment Movie Masterpiece 1\/6th Scale Collectible Figure  Los Shadow Troopers son soldados de \u00e9lite especializados, fan\u00e1ticamente leales al Imperio e imposibles de desviar de la causa imperial. Llevan distintivas armaduras negras, empu\u00f1an una variedad de bl\u00e1sters y atacan en hordas para abrumar a sus enemigos.\" \/>\n<meta property=\"og:url\" content=\"https:\/\/endormoonstore.com\/en\/star-wars-shadow-troopers-with-death-star-environment-movie-masterpiece-1-6th-scale-collectible-figure\/\" \/>\n<meta property=\"og:site_name\" content=\"EndormoonStore\" \/>\n<meta property=\"article:modified_time\" content=\"2024-08-08T19:07:37+00:00\" \/>\n<meta property=\"og:image\" content=\"https:\/\/endormoonstore.com\/wp-content\/uploads\/2024\/05\/Star-Wars-Shadow-Troopers-with-Death-Star-Environment-Movie-Masterpiece-1-6th-Scale-Collectible-Figure-1.jpg\" \/>\n\t<meta property=\"og:image:width\" content=\"692\" \/>\n\t<meta property=\"og:image:height\" content=\"1000\" \/>\n\t<meta property=\"og:image:type\" content=\"image\/jpeg\" \/>\n<meta name=\"twitter:card\" content=\"summary_large_image\" \/>\n<meta name=\"twitter:label1\" content=\"Est. reading time\" \/>\n\t<meta name=\"twitter:data1\" content=\"2 minutes\" \/>\n<script type=\"application\/ld+json\" class=\"yoast-schema-graph\">{\"@context\":\"https:\/\/schema.org\",\"@graph\":[{\"@type\":\"WebPage\",\"@id\":\"https:\/\/endormoonstore.com\/en\/star-wars-shadow-troopers-with-death-star-environment-movie-masterpiece-1-6th-scale-collectible-figure\/\",\"url\":\"https:\/\/endormoonstore.com\/en\/star-wars-shadow-troopers-with-death-star-environment-movie-masterpiece-1-6th-scale-collectible-figure\/\",\"name\":\"Star Wars Shadow Troopers with Death Star Environment Movie Masterpiece 1\/6th Scale Collectible Figure - EndormoonStore\",\"isPartOf\":{\"@id\":\"https:\/\/endormoonstore.com\/#website\"},\"primaryImageOfPage\":{\"@id\":\"https:\/\/endormoonstore.com\/en\/star-wars-shadow-troopers-with-death-star-environment-movie-masterpiece-1-6th-scale-collectible-figure\/#primaryimage\"},\"image\":{\"@id\":\"https:\/\/endormoonstore.com\/en\/star-wars-shadow-troopers-with-death-star-environment-movie-masterpiece-1-6th-scale-collectible-figure\/#primaryimage\"},\"thumbnailUrl\":\"https:\/\/endormoonstore.com\/wp-content\/uploads\/2024\/05\/Star-Wars-Shadow-Troopers-with-Death-Star-Environment-Movie-Masterpiece-1-6th-Scale-Collectible-Figure-1.jpg\",\"datePublished\":\"2024-04-30T23:50:13+00:00\",\"dateModified\":\"2024-08-08T19:07:37+00:00\",\"breadcrumb\":{\"@id\":\"https:\/\/endormoonstore.com\/en\/star-wars-shadow-troopers-with-death-star-environment-movie-masterpiece-1-6th-scale-collectible-figure\/#breadcrumb\"},\"inLanguage\":\"en-US\",\"potentialAction\":[{\"@type\":\"ReadAction\",\"target\":[\"https:\/\/endormoonstore.com\/en\/star-wars-shadow-troopers-with-death-star-environment-movie-masterpiece-1-6th-scale-collectible-figure\/\"]}]},{\"@type\":\"ImageObject\",\"inLanguage\":\"en-US\",\"@id\":\"https:\/\/endormoonstore.com\/en\/star-wars-shadow-troopers-with-death-star-environment-movie-masterpiece-1-6th-scale-collectible-figure\/#primaryimage\",\"url\":\"https:\/\/endormoonstore.com\/wp-content\/uploads\/2024\/05\/Star-Wars-Shadow-Troopers-with-Death-Star-Environment-Movie-Masterpiece-1-6th-Scale-Collectible-Figure-1.jpg\",\"contentUrl\":\"https:\/\/endormoonstore.com\/wp-content\/uploads\/2024\/05\/Star-Wars-Shadow-Troopers-with-Death-Star-Environment-Movie-Masterpiece-1-6th-Scale-Collectible-Figure-1.jpg\",\"width\":692,\"height\":1000},{\"@type\":\"BreadcrumbList\",\"@id\":\"https:\/\/endormoonstore.com\/en\/star-wars-shadow-troopers-with-death-star-environment-movie-masterpiece-1-6th-scale-collectible-figure\/#breadcrumb\",\"itemListElement\":[{\"@type\":\"ListItem\",\"position\":1,\"name\":\"Shop\",\"item\":\"https:\/\/endormoonstore.com\/en\/shop\/\"},{\"@type\":\"ListItem\",\"position\":2,\"name\":\"Star Wars Shadow Troopers with Death Star Environment Movie Masterpiece 1\/6th Scale Collectible Figure\"}]},{\"@type\":\"WebSite\",\"@id\":\"https:\/\/endormoonstore.com\/#website\",\"url\":\"https:\/\/endormoonstore.com\/\",\"name\":\"EndormoonStore\",\"description\":\"\",\"potentialAction\":[{\"@type\":\"SearchAction\",\"target\":{\"@type\":\"EntryPoint\",\"urlTemplate\":\"https:\/\/endormoonstore.com\/?s={search_term_string}\"},\"query-input\":{\"@type\":\"PropertyValueSpecification\",\"valueRequired\":true,\"valueName\":\"search_term_string\"}}],\"inLanguage\":\"en-US\"}]}<\/script>\n<!-- \/ Yoast SEO plugin. -->","yoast_head_json":{"title":"Star Wars Shadow Troopers with Death Star Environment Movie Masterpiece 1\/6th Scale Collectible Figure - EndormoonStore","robots":{"index":"index","follow":"follow","max-snippet":"max-snippet:-1","max-image-preview":"max-image-preview:large","max-video-preview":"max-video-preview:-1"},"canonical":"https:\/\/endormoonstore.com\/en\/star-wars-shadow-troopers-with-death-star-environment-movie-masterpiece-1-6th-scale-collectible-figure\/","og_locale":"en_US","og_type":"article","og_title":"Star Wars Shadow Troopers with Death Star Environment Movie Masterpiece 1\/6th Scale Collectible Figure - EndormoonStore","og_description":"Star Wars Shadow Troopers with Death Star Environment Movie Masterpiece 1\/6th Scale Collectible Figure  Los Shadow Troopers son soldados de \u00e9lite especializados, fan\u00e1ticamente leales al Imperio e imposibles de desviar de la causa imperial. Llevan distintivas armaduras negras, empu\u00f1an una variedad de bl\u00e1sters y atacan en hordas para abrumar a sus enemigos.","og_url":"https:\/\/endormoonstore.com\/en\/star-wars-shadow-troopers-with-death-star-environment-movie-masterpiece-1-6th-scale-collectible-figure\/","og_site_name":"EndormoonStore","article_modified_time":"2024-08-08T19:07:37+00:00","og_image":[{"width":692,"height":1000,"url":"https:\/\/endormoonstore.com\/wp-content\/uploads\/2024\/05\/Star-Wars-Shadow-Troopers-with-Death-Star-Environment-Movie-Masterpiece-1-6th-Scale-Collectible-Figure-1.jpg","type":"image\/jpeg"}],"twitter_card":"summary_large_image","twitter_misc":{"Est. reading time":"2 minutes"},"schema":{"@context":"https:\/\/schema.org","@graph":[{"@type":"WebPage","@id":"https:\/\/endormoonstore.com\/en\/star-wars-shadow-troopers-with-death-star-environment-movie-masterpiece-1-6th-scale-collectible-figure\/","url":"https:\/\/endormoonstore.com\/en\/star-wars-shadow-troopers-with-death-star-environment-movie-masterpiece-1-6th-scale-collectible-figure\/","name":"Star Wars Shadow Troopers with Death Star Environment Movie Masterpiece 1\/6th Scale Collectible Figure - EndormoonStore","isPartOf":{"@id":"https:\/\/endormoonstore.com\/#website"},"primaryImageOfPage":{"@id":"https:\/\/endormoonstore.com\/en\/star-wars-shadow-troopers-with-death-star-environment-movie-masterpiece-1-6th-scale-collectible-figure\/#primaryimage"},"image":{"@id":"https:\/\/endormoonstore.com\/en\/star-wars-shadow-troopers-with-death-star-environment-movie-masterpiece-1-6th-scale-collectible-figure\/#primaryimage"},"thumbnailUrl":"https:\/\/endormoonstore.com\/wp-content\/uploads\/2024\/05\/Star-Wars-Shadow-Troopers-with-Death-Star-Environment-Movie-Masterpiece-1-6th-Scale-Collectible-Figure-1.jpg","datePublished":"2024-04-30T23:50:13+00:00","dateModified":"2024-08-08T19:07:37+00:00","breadcrumb":{"@id":"https:\/\/endormoonstore.com\/en\/star-wars-shadow-troopers-with-death-star-environment-movie-masterpiece-1-6th-scale-collectible-figure\/#breadcrumb"},"inLanguage":"en-US","potentialAction":[{"@type":"ReadAction","target":["https:\/\/endormoonstore.com\/en\/star-wars-shadow-troopers-with-death-star-environment-movie-masterpiece-1-6th-scale-collectible-figure\/"]}]},{"@type":"ImageObject","inLanguage":"en-US","@id":"https:\/\/endormoonstore.com\/en\/star-wars-shadow-troopers-with-death-star-environment-movie-masterpiece-1-6th-scale-collectible-figure\/#primaryimage","url":"https:\/\/endormoonstore.com\/wp-content\/uploads\/2024\/05\/Star-Wars-Shadow-Troopers-with-Death-Star-Environment-Movie-Masterpiece-1-6th-Scale-Collectible-Figure-1.jpg","contentUrl":"https:\/\/endormoonstore.com\/wp-content\/uploads\/2024\/05\/Star-Wars-Shadow-Troopers-with-Death-Star-Environment-Movie-Masterpiece-1-6th-Scale-Collectible-Figure-1.jpg","width":692,"height":1000},{"@type":"BreadcrumbList","@id":"https:\/\/endormoonstore.com\/en\/star-wars-shadow-troopers-with-death-star-environment-movie-masterpiece-1-6th-scale-collectible-figure\/#breadcrumb","itemListElement":[{"@type":"ListItem","position":1,"name":"Shop","item":"https:\/\/endormoonstore.com\/en\/shop\/"},{"@type":"ListItem","position":2,"name":"Star Wars Shadow Troopers with Death Star Environment Movie Masterpiece 1\/6th Scale Collectible Figure"}]},{"@type":"WebSite","@id":"https:\/\/endormoonstore.com\/#website","url":"https:\/\/endormoonstore.com\/","name":"EndormoonStore","description":"","potentialAction":[{"@type":"SearchAction","target":{"@type":"EntryPoint","urlTemplate":"https:\/\/endormoonstore.com\/?s={search_term_string}"},"query-input":{"@type":"PropertyValueSpecification","valueRequired":true,"valueName":"search_term_string"}}],"inLanguage":"en-US"}]}},"taxonomy_info":{"product_cat":[{"value":13453,"label":"Featured"},{"value":1384,"label":"Pre-orders"}],"pa_brand":[{"value":1635,"label":"Hot Toys"}],"pa_character":[{"value":4559,"label":"Shadowtrooper"}],"pa_license":[{"value":1644,"label":"Star Wars"}],"pa_product-type":[{"value":2387,"label":"Figure"}],"pa_theme":[{"value":4595,"label":"Sixth Scale Collectible"}]},"featured_image_src_large":["https:\/\/endormoonstore.com\/wp-content\/uploads\/2024\/05\/Star-Wars-Shadow-Troopers-with-Death-Star-Environment-Movie-Masterpiece-1-6th-Scale-Collectible-Figure-1.jpg",692,1000,false],"author_info":[],"comment_info":"","_links":{"self":[{"href":"https:\/\/endormoonstore.com\/en\/wp-json\/wp\/v2\/product\/157514","targetHints":{"allow":["GET"]}}],"collection":[{"href":"https:\/\/endormoonstore.com\/en\/wp-json\/wp\/v2\/product"}],"about":[{"href":"https:\/\/endormoonstore.com\/en\/wp-json\/wp\/v2\/types\/product"}],"wp:featuredmedia":[{"embeddable":true,"href":"https:\/\/endormoonstore.com\/en\/wp-json\/wp\/v2\/media\/157480"}],"wp:attachment":[{"href":"https:\/\/endormoonstore.com\/en\/wp-json\/wp\/v2\/media?parent=157514"}],"wp:term":[{"taxonomy":"product_cat","embeddable":true,"href":"https:\/\/endormoonstore.com\/en\/wp-json\/wp\/v2\/product_cat?post=157514"},{"taxonomy":"product_tag","embeddable":true,"href":"https:\/\/endormoonstore.com\/en\/wp-json\/wp\/v2\/product_tag?post=157514"}],"curies":[{"name":"wp","href":"https:\/\/api.w.org\/{rel}","templated":true}]}}