{"id":157249,"date":"2024-05-01T01:15:38","date_gmt":"2024-04-30T23:15:38","guid":{"rendered":"https:\/\/endormoonstore.com\/mechagodzilla-1974-ver-godzilla-vs-mechagodzilla-dx-soul-of-chogokin\/"},"modified":"2024-10-21T16:12:33","modified_gmt":"2024-10-21T14:12:33","slug":"mechagodzilla-1974-ver-godzilla-vs-mechagodzilla-dx-soul-of-chogokin","status":"publish","type":"product","link":"https:\/\/endormoonstore.com\/en\/mechagodzilla-1974-ver-godzilla-vs-mechagodzilla-dx-soul-of-chogokin\/","title":{"rendered":"Mechagodzilla 1974 Ver. Godzilla vs. Mechagodzilla DX Soul of Chogokin"},"content":{"rendered":"<p class=\"p1\"><b>Mechagodzilla 1974 Ver. Godzilla vs. Mechagodzilla DX Soul of Chogokin<\/b><\/p>\n<ul class=\"ul1\">\n<li class=\"li1\">Tamashii Nations presenta, dentro de la colecci\u00f3n DX Soul of Chogokin, la figura de Mechagodzilla. Mide 27 cm y est\u00e1 basada en su aparici\u00f3n en la pel\u00edcula &#8220;Godzilla vs Mechagodzilla&#8221;.<\/li>\n<li class=\"li1\">Cuenta con LEDs incorporados y un circuito integrado de sonido. Las aletas dorsales act\u00faan como interruptor de arranque y cuando se enciende se iluminan los ojos y ruge. Adem\u00e1s, emite un sonido de &#8220;rayo espacial&#8221; mientras ambos ojos se iluminan en multicolor.<\/li>\n<li class=\"li1\">Tambi\u00e9n emite un sonido de &#8220;rayo de ataque&#8221; al iluminarse un LED interno con la escotilla del pecho abierta.<\/li>\n<li class=\"li1\">Puedes sustituir la cabeza y la cola por unas alternativas y reproducir su forma voladora.<\/li>\n<li class=\"li1\">Incluye una base.<\/li>\n<\/ul>\n","protected":false},"excerpt":{"rendered":"<p class=\"p1\"><strong>Mechagodzilla 1974 Ver. Godzilla vs. Mechagodzilla DX Soul of Chogokin<\/strong><\/p>\n<p class=\"p1\">Tamashii Nations presenta, dentro de la colecci\u00f3n DX Soul of Chogokin, la figura de Mechagodzilla. Mide 27 cm y est\u00e1 basada en su aparici\u00f3n en la pel\u00edcula &#8220;Godzilla vs Mechagodzilla&#8221;.<\/p>\n","protected":false},"featured_media":157210,"template":"","meta":{"_acf_changed":false,"_kad_blocks_custom_css":"","_kad_blocks_head_custom_js":"","_kad_blocks_body_custom_js":"","_kad_blocks_footer_custom_js":""},"product_cat":[1384],"product_tag":[],"class_list":{"0":"post-157249","1":"product","2":"type-product","3":"status-publish","4":"has-post-thumbnail","6":"product_cat-pre-orders","7":"pa_brand-tamashii-nations-en","8":"pa_character-mechagodzilla-en","9":"pa_license-godzilla-vs-mechagodzilla-en","10":"pa_product-type-figure","11":"pa_theme-dx-soul-of-chogokin-en","13":"first","14":"instock","15":"taxable","16":"shipping-taxable","17":"purchasable","18":"product-type-simple"},"acf":[],"yoast_head":"<!-- This site is optimized with the Yoast SEO plugin v26.1.1 - https:\/\/yoast.com\/wordpress\/plugins\/seo\/ -->\n<title>Mechagodzilla 1974 Ver. Godzilla vs. Mechagodzilla DX Soul of Chogokin - EndormoonStore<\/title>\n<meta name=\"robots\" content=\"index, follow, max-snippet:-1, max-image-preview:large, max-video-preview:-1\" \/>\n<link rel=\"canonical\" href=\"https:\/\/endormoonstore.com\/en\/mechagodzilla-1974-ver-godzilla-vs-mechagodzilla-dx-soul-of-chogokin\/\" \/>\n<meta property=\"og:locale\" content=\"en_US\" \/>\n<meta property=\"og:type\" content=\"article\" \/>\n<meta property=\"og:title\" content=\"Mechagodzilla 1974 Ver. Godzilla vs. Mechagodzilla DX Soul of Chogokin - EndormoonStore\" \/>\n<meta property=\"og:description\" content=\"Mechagodzilla 1974 Ver. Godzilla vs. Mechagodzilla DX Soul of Chogokin Tamashii Nations presenta, dentro de la colecci\u00f3n DX Soul of Chogokin, la figura de Mechagodzilla. Mide 27 cm y est\u00e1 basada en su aparici\u00f3n en la pel\u00edcula &quot;Godzilla vs Mechagodzilla&quot;.\" \/>\n<meta property=\"og:url\" content=\"https:\/\/endormoonstore.com\/en\/mechagodzilla-1974-ver-godzilla-vs-mechagodzilla-dx-soul-of-chogokin\/\" \/>\n<meta property=\"og:site_name\" content=\"EndormoonStore\" \/>\n<meta property=\"article:modified_time\" content=\"2024-10-21T14:12:33+00:00\" \/>\n<meta property=\"og:image\" content=\"https:\/\/endormoonstore.com\/wp-content\/uploads\/2024\/05\/Mechagodzilla-1974-Ver.-Godzilla-vs.-Mechagodzilla-DX-Soul-of-Chogokin-1.jpg\" \/>\n\t<meta property=\"og:image:width\" content=\"807\" \/>\n\t<meta property=\"og:image:height\" content=\"1200\" \/>\n\t<meta property=\"og:image:type\" content=\"image\/jpeg\" \/>\n<meta name=\"twitter:card\" content=\"summary_large_image\" \/>\n<meta name=\"twitter:label1\" content=\"Est. reading time\" \/>\n\t<meta name=\"twitter:data1\" content=\"1 minute\" \/>\n<script type=\"application\/ld+json\" class=\"yoast-schema-graph\">{\"@context\":\"https:\/\/schema.org\",\"@graph\":[{\"@type\":\"WebPage\",\"@id\":\"https:\/\/endormoonstore.com\/en\/mechagodzilla-1974-ver-godzilla-vs-mechagodzilla-dx-soul-of-chogokin\/\",\"url\":\"https:\/\/endormoonstore.com\/en\/mechagodzilla-1974-ver-godzilla-vs-mechagodzilla-dx-soul-of-chogokin\/\",\"name\":\"Mechagodzilla 1974 Ver. Godzilla vs. Mechagodzilla DX Soul of Chogokin - EndormoonStore\",\"isPartOf\":{\"@id\":\"https:\/\/endormoonstore.com\/#website\"},\"primaryImageOfPage\":{\"@id\":\"https:\/\/endormoonstore.com\/en\/mechagodzilla-1974-ver-godzilla-vs-mechagodzilla-dx-soul-of-chogokin\/#primaryimage\"},\"image\":{\"@id\":\"https:\/\/endormoonstore.com\/en\/mechagodzilla-1974-ver-godzilla-vs-mechagodzilla-dx-soul-of-chogokin\/#primaryimage\"},\"thumbnailUrl\":\"https:\/\/endormoonstore.com\/wp-content\/uploads\/2024\/05\/Mechagodzilla-1974-Ver.-Godzilla-vs.-Mechagodzilla-DX-Soul-of-Chogokin-1.jpg\",\"datePublished\":\"2024-04-30T23:15:38+00:00\",\"dateModified\":\"2024-10-21T14:12:33+00:00\",\"breadcrumb\":{\"@id\":\"https:\/\/endormoonstore.com\/en\/mechagodzilla-1974-ver-godzilla-vs-mechagodzilla-dx-soul-of-chogokin\/#breadcrumb\"},\"inLanguage\":\"en-US\",\"potentialAction\":[{\"@type\":\"ReadAction\",\"target\":[\"https:\/\/endormoonstore.com\/en\/mechagodzilla-1974-ver-godzilla-vs-mechagodzilla-dx-soul-of-chogokin\/\"]}]},{\"@type\":\"ImageObject\",\"inLanguage\":\"en-US\",\"@id\":\"https:\/\/endormoonstore.com\/en\/mechagodzilla-1974-ver-godzilla-vs-mechagodzilla-dx-soul-of-chogokin\/#primaryimage\",\"url\":\"https:\/\/endormoonstore.com\/wp-content\/uploads\/2024\/05\/Mechagodzilla-1974-Ver.-Godzilla-vs.-Mechagodzilla-DX-Soul-of-Chogokin-1.jpg\",\"contentUrl\":\"https:\/\/endormoonstore.com\/wp-content\/uploads\/2024\/05\/Mechagodzilla-1974-Ver.-Godzilla-vs.-Mechagodzilla-DX-Soul-of-Chogokin-1.jpg\",\"width\":807,\"height\":1200},{\"@type\":\"BreadcrumbList\",\"@id\":\"https:\/\/endormoonstore.com\/en\/mechagodzilla-1974-ver-godzilla-vs-mechagodzilla-dx-soul-of-chogokin\/#breadcrumb\",\"itemListElement\":[{\"@type\":\"ListItem\",\"position\":1,\"name\":\"Shop\",\"item\":\"https:\/\/endormoonstore.com\/en\/shop\/\"},{\"@type\":\"ListItem\",\"position\":2,\"name\":\"Mechagodzilla 1974 Ver. Godzilla vs. Mechagodzilla DX Soul of Chogokin\"}]},{\"@type\":\"WebSite\",\"@id\":\"https:\/\/endormoonstore.com\/#website\",\"url\":\"https:\/\/endormoonstore.com\/\",\"name\":\"EndormoonStore\",\"description\":\"\",\"potentialAction\":[{\"@type\":\"SearchAction\",\"target\":{\"@type\":\"EntryPoint\",\"urlTemplate\":\"https:\/\/endormoonstore.com\/?s={search_term_string}\"},\"query-input\":{\"@type\":\"PropertyValueSpecification\",\"valueRequired\":true,\"valueName\":\"search_term_string\"}}],\"inLanguage\":\"en-US\"}]}<\/script>\n<!-- \/ Yoast SEO plugin. -->","yoast_head_json":{"title":"Mechagodzilla 1974 Ver. Godzilla vs. Mechagodzilla DX Soul of Chogokin - EndormoonStore","robots":{"index":"index","follow":"follow","max-snippet":"max-snippet:-1","max-image-preview":"max-image-preview:large","max-video-preview":"max-video-preview:-1"},"canonical":"https:\/\/endormoonstore.com\/en\/mechagodzilla-1974-ver-godzilla-vs-mechagodzilla-dx-soul-of-chogokin\/","og_locale":"en_US","og_type":"article","og_title":"Mechagodzilla 1974 Ver. Godzilla vs. Mechagodzilla DX Soul of Chogokin - EndormoonStore","og_description":"Mechagodzilla 1974 Ver. Godzilla vs. Mechagodzilla DX Soul of Chogokin Tamashii Nations presenta, dentro de la colecci\u00f3n DX Soul of Chogokin, la figura de Mechagodzilla. Mide 27 cm y est\u00e1 basada en su aparici\u00f3n en la pel\u00edcula \"Godzilla vs Mechagodzilla\".","og_url":"https:\/\/endormoonstore.com\/en\/mechagodzilla-1974-ver-godzilla-vs-mechagodzilla-dx-soul-of-chogokin\/","og_site_name":"EndormoonStore","article_modified_time":"2024-10-21T14:12:33+00:00","og_image":[{"width":807,"height":1200,"url":"https:\/\/endormoonstore.com\/wp-content\/uploads\/2024\/05\/Mechagodzilla-1974-Ver.-Godzilla-vs.-Mechagodzilla-DX-Soul-of-Chogokin-1.jpg","type":"image\/jpeg"}],"twitter_card":"summary_large_image","twitter_misc":{"Est. reading time":"1 minute"},"schema":{"@context":"https:\/\/schema.org","@graph":[{"@type":"WebPage","@id":"https:\/\/endormoonstore.com\/en\/mechagodzilla-1974-ver-godzilla-vs-mechagodzilla-dx-soul-of-chogokin\/","url":"https:\/\/endormoonstore.com\/en\/mechagodzilla-1974-ver-godzilla-vs-mechagodzilla-dx-soul-of-chogokin\/","name":"Mechagodzilla 1974 Ver. Godzilla vs. Mechagodzilla DX Soul of Chogokin - EndormoonStore","isPartOf":{"@id":"https:\/\/endormoonstore.com\/#website"},"primaryImageOfPage":{"@id":"https:\/\/endormoonstore.com\/en\/mechagodzilla-1974-ver-godzilla-vs-mechagodzilla-dx-soul-of-chogokin\/#primaryimage"},"image":{"@id":"https:\/\/endormoonstore.com\/en\/mechagodzilla-1974-ver-godzilla-vs-mechagodzilla-dx-soul-of-chogokin\/#primaryimage"},"thumbnailUrl":"https:\/\/endormoonstore.com\/wp-content\/uploads\/2024\/05\/Mechagodzilla-1974-Ver.-Godzilla-vs.-Mechagodzilla-DX-Soul-of-Chogokin-1.jpg","datePublished":"2024-04-30T23:15:38+00:00","dateModified":"2024-10-21T14:12:33+00:00","breadcrumb":{"@id":"https:\/\/endormoonstore.com\/en\/mechagodzilla-1974-ver-godzilla-vs-mechagodzilla-dx-soul-of-chogokin\/#breadcrumb"},"inLanguage":"en-US","potentialAction":[{"@type":"ReadAction","target":["https:\/\/endormoonstore.com\/en\/mechagodzilla-1974-ver-godzilla-vs-mechagodzilla-dx-soul-of-chogokin\/"]}]},{"@type":"ImageObject","inLanguage":"en-US","@id":"https:\/\/endormoonstore.com\/en\/mechagodzilla-1974-ver-godzilla-vs-mechagodzilla-dx-soul-of-chogokin\/#primaryimage","url":"https:\/\/endormoonstore.com\/wp-content\/uploads\/2024\/05\/Mechagodzilla-1974-Ver.-Godzilla-vs.-Mechagodzilla-DX-Soul-of-Chogokin-1.jpg","contentUrl":"https:\/\/endormoonstore.com\/wp-content\/uploads\/2024\/05\/Mechagodzilla-1974-Ver.-Godzilla-vs.-Mechagodzilla-DX-Soul-of-Chogokin-1.jpg","width":807,"height":1200},{"@type":"BreadcrumbList","@id":"https:\/\/endormoonstore.com\/en\/mechagodzilla-1974-ver-godzilla-vs-mechagodzilla-dx-soul-of-chogokin\/#breadcrumb","itemListElement":[{"@type":"ListItem","position":1,"name":"Shop","item":"https:\/\/endormoonstore.com\/en\/shop\/"},{"@type":"ListItem","position":2,"name":"Mechagodzilla 1974 Ver. Godzilla vs. Mechagodzilla DX Soul of Chogokin"}]},{"@type":"WebSite","@id":"https:\/\/endormoonstore.com\/#website","url":"https:\/\/endormoonstore.com\/","name":"EndormoonStore","description":"","potentialAction":[{"@type":"SearchAction","target":{"@type":"EntryPoint","urlTemplate":"https:\/\/endormoonstore.com\/?s={search_term_string}"},"query-input":{"@type":"PropertyValueSpecification","valueRequired":true,"valueName":"search_term_string"}}],"inLanguage":"en-US"}]}},"taxonomy_info":{"product_cat":[{"value":1384,"label":"Pre-orders"}],"pa_brand":[{"value":2096,"label":"Tamashii Nations"}],"pa_character":[{"value":14407,"label":"Mechagodzilla"}],"pa_license":[{"value":14409,"label":"Godzilla vs Mechagodzilla"}],"pa_product-type":[{"value":2387,"label":"Figure"}],"pa_theme":[{"value":14411,"label":"DX Soul of Chogokin"}]},"featured_image_src_large":["https:\/\/endormoonstore.com\/wp-content\/uploads\/2024\/05\/Mechagodzilla-1974-Ver.-Godzilla-vs.-Mechagodzilla-DX-Soul-of-Chogokin-1.jpg",807,1200,false],"author_info":[],"comment_info":"","_links":{"self":[{"href":"https:\/\/endormoonstore.com\/en\/wp-json\/wp\/v2\/product\/157249","targetHints":{"allow":["GET"]}}],"collection":[{"href":"https:\/\/endormoonstore.com\/en\/wp-json\/wp\/v2\/product"}],"about":[{"href":"https:\/\/endormoonstore.com\/en\/wp-json\/wp\/v2\/types\/product"}],"wp:featuredmedia":[{"embeddable":true,"href":"https:\/\/endormoonstore.com\/en\/wp-json\/wp\/v2\/media\/157210"}],"wp:attachment":[{"href":"https:\/\/endormoonstore.com\/en\/wp-json\/wp\/v2\/media?parent=157249"}],"wp:term":[{"taxonomy":"product_cat","embeddable":true,"href":"https:\/\/endormoonstore.com\/en\/wp-json\/wp\/v2\/product_cat?post=157249"},{"taxonomy":"product_tag","embeddable":true,"href":"https:\/\/endormoonstore.com\/en\/wp-json\/wp\/v2\/product_tag?post=157249"}],"curies":[{"name":"wp","href":"https:\/\/api.w.org\/{rel}","templated":true}]}}