{"id":156776,"date":"2024-05-10T00:15:12","date_gmt":"2024-05-09T22:15:12","guid":{"rendered":"https:\/\/endormoonstore.com\/snoopy-peanuts-nendoroid\/"},"modified":"2024-05-11T22:42:46","modified_gmt":"2024-05-11T20:42:46","slug":"snoopy-peanuts-nendoroid","status":"publish","type":"product","link":"https:\/\/endormoonstore.com\/en\/snoopy-peanuts-nendoroid\/","title":{"rendered":"Snoopy Peanuts Nendoroid"},"content":{"rendered":"<p><strong>Snoopy Peanuts Nendoroid<\/strong><\/p>\n<ul>\n<li>\n<div class=\"product-title\">El querido perro de Charlie Brown, Snoopy, ahora es un Nendoroid. De \u201cPEANUTS\u201d viene un Nendoroid de Snoopy. Este Nendoroid incluye una par de placa faciales, una sonriente y una placa facial riendo.<\/div>\n<\/li>\n<li>\n<div class=\"product-title\">Snoopy tambi\u00e9n viene con piezas y accesorios adicionales un Woodstock unas gafas de sol y una casita de perro para crear escenas divertidas.<\/div>\n<\/li>\n<li>Dispone de una base para su exposici\u00f3n<\/li>\n<li>\n<div class=\"product-title\">\u00a1Aseg\u00farate de agregar este personaje cl\u00e1sico a tu colecci\u00f3n!<\/div>\n<\/li>\n<\/ul>\n<p>&nbsp;<\/p>\n","protected":false},"excerpt":{"rendered":"<p><strong>Snoopy Peanuts Nendoroid<\/strong><\/p>\n<p>El querido perro de Charlie Brown, Snoopy, ahora es un Nendoroid. De \u201cPEANUTS\u201d viene un Nendoroid de Snoopy. Este Nendoroid incluye una par de placa faciales, una sonriente y una placa facial riendo.<\/p>\n","protected":false},"featured_media":156767,"template":"","meta":{"_acf_changed":false,"_kad_blocks_custom_css":"","_kad_blocks_head_custom_js":"","_kad_blocks_body_custom_js":"","_kad_blocks_footer_custom_js":""},"product_cat":[1390,13511,15769],"product_tag":[],"class_list":{"0":"post-156776","1":"product","2":"type-product","3":"status-publish","4":"has-post-thumbnail","6":"product_cat-figures","7":"product_cat-new-arrivals","8":"product_cat-sales","9":"pa_brand-good-smile-company-en","10":"pa_character-snoopy-en","11":"pa_license-peanuts-en","12":"pa_product-type-figure","13":"pa_theme-nendoroid-en","15":"first","16":"outofstock","17":"sale","18":"taxable","19":"shipping-taxable","20":"purchasable","21":"product-type-simple"},"acf":[],"yoast_head":"<!-- This site is optimized with the Yoast SEO plugin v26.1.1 - https:\/\/yoast.com\/wordpress\/plugins\/seo\/ -->\n<title>Snoopy Peanuts Nendoroid - EndormoonStore<\/title>\n<meta name=\"robots\" content=\"index, follow, max-snippet:-1, max-image-preview:large, max-video-preview:-1\" \/>\n<link rel=\"canonical\" href=\"https:\/\/endormoonstore.com\/en\/snoopy-peanuts-nendoroid\/\" \/>\n<meta property=\"og:locale\" content=\"en_US\" \/>\n<meta property=\"og:type\" content=\"article\" \/>\n<meta property=\"og:title\" content=\"Snoopy Peanuts Nendoroid - EndormoonStore\" \/>\n<meta property=\"og:description\" content=\"Snoopy Peanuts Nendoroid  El querido perro de Charlie Brown, Snoopy, ahora es un Nendoroid. De \u201cPEANUTS\u201d viene un Nendoroid de Snoopy. Este Nendoroid incluye una par de placa faciales, una sonriente y una placa facial riendo.\" \/>\n<meta property=\"og:url\" content=\"https:\/\/endormoonstore.com\/en\/snoopy-peanuts-nendoroid\/\" \/>\n<meta property=\"og:site_name\" content=\"EndormoonStore\" \/>\n<meta property=\"article:modified_time\" content=\"2024-05-11T20:42:46+00:00\" \/>\n<meta property=\"og:image\" content=\"https:\/\/endormoonstore.com\/wp-content\/uploads\/2024\/05\/Snoopy-Peanuts-Nendoroid-1.jpg\" \/>\n\t<meta property=\"og:image:width\" content=\"600\" \/>\n\t<meta property=\"og:image:height\" content=\"800\" \/>\n\t<meta property=\"og:image:type\" content=\"image\/jpeg\" \/>\n<meta name=\"twitter:card\" content=\"summary_large_image\" \/>\n<meta name=\"twitter:label1\" content=\"Est. reading time\" \/>\n\t<meta name=\"twitter:data1\" content=\"1 minute\" \/>\n<script type=\"application\/ld+json\" class=\"yoast-schema-graph\">{\"@context\":\"https:\/\/schema.org\",\"@graph\":[{\"@type\":\"WebPage\",\"@id\":\"https:\/\/endormoonstore.com\/en\/snoopy-peanuts-nendoroid\/\",\"url\":\"https:\/\/endormoonstore.com\/en\/snoopy-peanuts-nendoroid\/\",\"name\":\"Snoopy Peanuts Nendoroid - EndormoonStore\",\"isPartOf\":{\"@id\":\"https:\/\/endormoonstore.com\/#website\"},\"primaryImageOfPage\":{\"@id\":\"https:\/\/endormoonstore.com\/en\/snoopy-peanuts-nendoroid\/#primaryimage\"},\"image\":{\"@id\":\"https:\/\/endormoonstore.com\/en\/snoopy-peanuts-nendoroid\/#primaryimage\"},\"thumbnailUrl\":\"https:\/\/endormoonstore.com\/wp-content\/uploads\/2024\/05\/Snoopy-Peanuts-Nendoroid-1.jpg\",\"datePublished\":\"2024-05-09T22:15:12+00:00\",\"dateModified\":\"2024-05-11T20:42:46+00:00\",\"breadcrumb\":{\"@id\":\"https:\/\/endormoonstore.com\/en\/snoopy-peanuts-nendoroid\/#breadcrumb\"},\"inLanguage\":\"en-US\",\"potentialAction\":[{\"@type\":\"ReadAction\",\"target\":[\"https:\/\/endormoonstore.com\/en\/snoopy-peanuts-nendoroid\/\"]}]},{\"@type\":\"ImageObject\",\"inLanguage\":\"en-US\",\"@id\":\"https:\/\/endormoonstore.com\/en\/snoopy-peanuts-nendoroid\/#primaryimage\",\"url\":\"https:\/\/endormoonstore.com\/wp-content\/uploads\/2024\/05\/Snoopy-Peanuts-Nendoroid-1.jpg\",\"contentUrl\":\"https:\/\/endormoonstore.com\/wp-content\/uploads\/2024\/05\/Snoopy-Peanuts-Nendoroid-1.jpg\",\"width\":600,\"height\":800},{\"@type\":\"BreadcrumbList\",\"@id\":\"https:\/\/endormoonstore.com\/en\/snoopy-peanuts-nendoroid\/#breadcrumb\",\"itemListElement\":[{\"@type\":\"ListItem\",\"position\":1,\"name\":\"Shop\",\"item\":\"https:\/\/endormoonstore.com\/en\/shop\/\"},{\"@type\":\"ListItem\",\"position\":2,\"name\":\"Snoopy Peanuts Nendoroid\"}]},{\"@type\":\"WebSite\",\"@id\":\"https:\/\/endormoonstore.com\/#website\",\"url\":\"https:\/\/endormoonstore.com\/\",\"name\":\"EndormoonStore\",\"description\":\"\",\"potentialAction\":[{\"@type\":\"SearchAction\",\"target\":{\"@type\":\"EntryPoint\",\"urlTemplate\":\"https:\/\/endormoonstore.com\/?s={search_term_string}\"},\"query-input\":{\"@type\":\"PropertyValueSpecification\",\"valueRequired\":true,\"valueName\":\"search_term_string\"}}],\"inLanguage\":\"en-US\"}]}<\/script>\n<!-- \/ Yoast SEO plugin. -->","yoast_head_json":{"title":"Snoopy Peanuts Nendoroid - EndormoonStore","robots":{"index":"index","follow":"follow","max-snippet":"max-snippet:-1","max-image-preview":"max-image-preview:large","max-video-preview":"max-video-preview:-1"},"canonical":"https:\/\/endormoonstore.com\/en\/snoopy-peanuts-nendoroid\/","og_locale":"en_US","og_type":"article","og_title":"Snoopy Peanuts Nendoroid - EndormoonStore","og_description":"Snoopy Peanuts Nendoroid  El querido perro de Charlie Brown, Snoopy, ahora es un Nendoroid. De \u201cPEANUTS\u201d viene un Nendoroid de Snoopy. Este Nendoroid incluye una par de placa faciales, una sonriente y una placa facial riendo.","og_url":"https:\/\/endormoonstore.com\/en\/snoopy-peanuts-nendoroid\/","og_site_name":"EndormoonStore","article_modified_time":"2024-05-11T20:42:46+00:00","og_image":[{"width":600,"height":800,"url":"https:\/\/endormoonstore.com\/wp-content\/uploads\/2024\/05\/Snoopy-Peanuts-Nendoroid-1.jpg","type":"image\/jpeg"}],"twitter_card":"summary_large_image","twitter_misc":{"Est. reading time":"1 minute"},"schema":{"@context":"https:\/\/schema.org","@graph":[{"@type":"WebPage","@id":"https:\/\/endormoonstore.com\/en\/snoopy-peanuts-nendoroid\/","url":"https:\/\/endormoonstore.com\/en\/snoopy-peanuts-nendoroid\/","name":"Snoopy Peanuts Nendoroid - EndormoonStore","isPartOf":{"@id":"https:\/\/endormoonstore.com\/#website"},"primaryImageOfPage":{"@id":"https:\/\/endormoonstore.com\/en\/snoopy-peanuts-nendoroid\/#primaryimage"},"image":{"@id":"https:\/\/endormoonstore.com\/en\/snoopy-peanuts-nendoroid\/#primaryimage"},"thumbnailUrl":"https:\/\/endormoonstore.com\/wp-content\/uploads\/2024\/05\/Snoopy-Peanuts-Nendoroid-1.jpg","datePublished":"2024-05-09T22:15:12+00:00","dateModified":"2024-05-11T20:42:46+00:00","breadcrumb":{"@id":"https:\/\/endormoonstore.com\/en\/snoopy-peanuts-nendoroid\/#breadcrumb"},"inLanguage":"en-US","potentialAction":[{"@type":"ReadAction","target":["https:\/\/endormoonstore.com\/en\/snoopy-peanuts-nendoroid\/"]}]},{"@type":"ImageObject","inLanguage":"en-US","@id":"https:\/\/endormoonstore.com\/en\/snoopy-peanuts-nendoroid\/#primaryimage","url":"https:\/\/endormoonstore.com\/wp-content\/uploads\/2024\/05\/Snoopy-Peanuts-Nendoroid-1.jpg","contentUrl":"https:\/\/endormoonstore.com\/wp-content\/uploads\/2024\/05\/Snoopy-Peanuts-Nendoroid-1.jpg","width":600,"height":800},{"@type":"BreadcrumbList","@id":"https:\/\/endormoonstore.com\/en\/snoopy-peanuts-nendoroid\/#breadcrumb","itemListElement":[{"@type":"ListItem","position":1,"name":"Shop","item":"https:\/\/endormoonstore.com\/en\/shop\/"},{"@type":"ListItem","position":2,"name":"Snoopy Peanuts Nendoroid"}]},{"@type":"WebSite","@id":"https:\/\/endormoonstore.com\/#website","url":"https:\/\/endormoonstore.com\/","name":"EndormoonStore","description":"","potentialAction":[{"@type":"SearchAction","target":{"@type":"EntryPoint","urlTemplate":"https:\/\/endormoonstore.com\/?s={search_term_string}"},"query-input":{"@type":"PropertyValueSpecification","valueRequired":true,"valueName":"search_term_string"}}],"inLanguage":"en-US"}]}},"taxonomy_info":{"product_cat":[{"value":1390,"label":"Figures"},{"value":13511,"label":"New Arrivals"},{"value":15769,"label":"Sales"}],"pa_brand":[{"value":2081,"label":"Good Smile Company"}],"pa_character":[{"value":14379,"label":"Snoopy"}],"pa_license":[{"value":14381,"label":"Peanuts"}],"pa_product-type":[{"value":2387,"label":"Figure"}],"pa_theme":[{"value":1861,"label":"Nendoroid"}]},"featured_image_src_large":["https:\/\/endormoonstore.com\/wp-content\/uploads\/2024\/05\/Snoopy-Peanuts-Nendoroid-1.jpg",600,800,false],"author_info":[],"comment_info":"","_links":{"self":[{"href":"https:\/\/endormoonstore.com\/en\/wp-json\/wp\/v2\/product\/156776","targetHints":{"allow":["GET"]}}],"collection":[{"href":"https:\/\/endormoonstore.com\/en\/wp-json\/wp\/v2\/product"}],"about":[{"href":"https:\/\/endormoonstore.com\/en\/wp-json\/wp\/v2\/types\/product"}],"wp:featuredmedia":[{"embeddable":true,"href":"https:\/\/endormoonstore.com\/en\/wp-json\/wp\/v2\/media\/156767"}],"wp:attachment":[{"href":"https:\/\/endormoonstore.com\/en\/wp-json\/wp\/v2\/media?parent=156776"}],"wp:term":[{"taxonomy":"product_cat","embeddable":true,"href":"https:\/\/endormoonstore.com\/en\/wp-json\/wp\/v2\/product_cat?post=156776"},{"taxonomy":"product_tag","embeddable":true,"href":"https:\/\/endormoonstore.com\/en\/wp-json\/wp\/v2\/product_tag?post=156776"}],"curies":[{"name":"wp","href":"https:\/\/api.w.org\/{rel}","templated":true}]}}