{"id":156706,"date":"2025-03-01T00:55:19","date_gmt":"2024-04-17T22:10:19","guid":{"rendered":"https:\/\/endormoonstore.com\/the-ghoul-figure-fallout-amazon\/"},"modified":"2024-05-10T11:12:01","modified_gmt":"2024-05-10T09:12:01","slug":"the-ghoul-figure-fallout-amazon","status":"publish","type":"product","link":"https:\/\/endormoonstore.com\/en\/the-ghoul-figure-fallout-amazon\/","title":{"rendered":"The Ghoul Figure Fallout Amazon"},"content":{"rendered":"<p><strong>The Ghoul Figure Fallout Amazon<\/strong><\/p>\n<ul>\n<li>Dark Horse, en asociaci\u00f3n con Amazon MGM Studios, abre las puertas de B\u00f3veda para revelar esta nueva figura de PVC de lujo pintada a mano de la aclamada serie Prime Video, <em>Fallout<\/em> .<\/li>\n<li>Basado en la exitosa serie de videojuegos, <em>Fallout<\/em> es la historia de los que tienen y los que no tienen en un mundo en el que ya casi no queda nada que tener.<\/li>\n<li>Durante los 200 a\u00f1os posteriores a un apocalipsis nuclear, muchos humanos se vieron obligados a pasar a la clandestinidad en \u201cB\u00fankeres\u201d para buscar refugio, mientras que los menos afortunados tuvieron que sobrevivir a la dureza del p\u00e1ramo de arriba.<\/li>\n<li>El Ghoul es tan pragm\u00e1tico como despiadado, lo que se refleja en su apariencia amenazadora. Una vez un Joe promedio, se convirti\u00f3 en el cazarrecompensas de pesadilla que es ahora al estar expuesto a la radiaci\u00f3n de la lluvia nuclear.<\/li>\n<li>Con una altura de 20 cm y una base de 12,7 cm de ancho, The Ghoul est\u00e1 listo para buscar su pr\u00f3ximo d\u00eda de pago, pero puede haber m\u00e1s en \u00e9l de lo que parece.<\/li>\n<\/ul>\n","protected":false},"excerpt":{"rendered":"<p><strong>The Ghoul Figure Fallout Amazon<\/strong><\/p>\n<p>Dark Horse, en asociaci\u00f3n con Amazon MGM Studios, abre las puertas de B\u00f3veda para revelar esta nueva figura de PVC de lujo pintada a mano de la aclamada serie Prime Video, <em>Fallout<\/em> .<\/p>\n","protected":false},"featured_media":156684,"template":"","meta":{"_acf_changed":false,"_kad_blocks_custom_css":"","_kad_blocks_head_custom_js":"","_kad_blocks_body_custom_js":"","_kad_blocks_footer_custom_js":""},"product_cat":[1390,13511],"product_tag":[],"class_list":{"0":"post-156706","1":"product","2":"type-product","3":"status-publish","4":"has-post-thumbnail","6":"product_cat-figures","7":"product_cat-new-arrivals","8":"pa_brand-dark-horse-en","9":"pa_character-the-ghoul-en","10":"pa_license-fallout-en","11":"pa_product-type-figure","13":"first","14":"instock","15":"taxable","16":"shipping-taxable","17":"purchasable","18":"product-type-simple"},"acf":[],"yoast_head":"<!-- This site is optimized with the Yoast SEO plugin v26.1.1 - https:\/\/yoast.com\/wordpress\/plugins\/seo\/ -->\n<title>The Ghoul Figure Fallout Amazon - EndormoonStore<\/title>\n<meta name=\"robots\" content=\"index, follow, max-snippet:-1, max-image-preview:large, max-video-preview:-1\" \/>\n<link rel=\"canonical\" href=\"https:\/\/endormoonstore.com\/en\/the-ghoul-figure-fallout-amazon\/\" \/>\n<meta property=\"og:locale\" content=\"en_US\" \/>\n<meta property=\"og:type\" content=\"article\" \/>\n<meta property=\"og:title\" content=\"The Ghoul Figure Fallout Amazon - EndormoonStore\" \/>\n<meta property=\"og:description\" content=\"The Ghoul Figure Fallout Amazon  Dark Horse, en asociaci\u00f3n con Amazon MGM Studios, abre las puertas de B\u00f3veda para revelar esta nueva figura de PVC de lujo pintada a mano de la aclamada serie Prime Video, Fallout .\" \/>\n<meta property=\"og:url\" content=\"https:\/\/endormoonstore.com\/en\/the-ghoul-figure-fallout-amazon\/\" \/>\n<meta property=\"og:site_name\" content=\"EndormoonStore\" \/>\n<meta property=\"article:modified_time\" content=\"2024-05-10T09:12:01+00:00\" \/>\n<meta property=\"og:image\" content=\"https:\/\/endormoonstore.com\/wp-content\/uploads\/2024\/05\/The-Ghoul-Figure-Fallout-Amazon-1.jpg\" \/>\n\t<meta property=\"og:image:width\" content=\"1000\" \/>\n\t<meta property=\"og:image:height\" content=\"1000\" \/>\n\t<meta property=\"og:image:type\" content=\"image\/jpeg\" \/>\n<meta name=\"twitter:card\" content=\"summary_large_image\" \/>\n<meta name=\"twitter:label1\" content=\"Est. reading time\" \/>\n\t<meta name=\"twitter:data1\" content=\"2 minutes\" \/>\n<script type=\"application\/ld+json\" class=\"yoast-schema-graph\">{\"@context\":\"https:\/\/schema.org\",\"@graph\":[{\"@type\":\"WebPage\",\"@id\":\"https:\/\/endormoonstore.com\/en\/the-ghoul-figure-fallout-amazon\/\",\"url\":\"https:\/\/endormoonstore.com\/en\/the-ghoul-figure-fallout-amazon\/\",\"name\":\"The Ghoul Figure Fallout Amazon - EndormoonStore\",\"isPartOf\":{\"@id\":\"https:\/\/endormoonstore.com\/#website\"},\"primaryImageOfPage\":{\"@id\":\"https:\/\/endormoonstore.com\/en\/the-ghoul-figure-fallout-amazon\/#primaryimage\"},\"image\":{\"@id\":\"https:\/\/endormoonstore.com\/en\/the-ghoul-figure-fallout-amazon\/#primaryimage\"},\"thumbnailUrl\":\"https:\/\/endormoonstore.com\/wp-content\/uploads\/2024\/05\/The-Ghoul-Figure-Fallout-Amazon-1.jpg\",\"datePublished\":\"2024-04-17T22:10:19+00:00\",\"dateModified\":\"2024-05-10T09:12:01+00:00\",\"breadcrumb\":{\"@id\":\"https:\/\/endormoonstore.com\/en\/the-ghoul-figure-fallout-amazon\/#breadcrumb\"},\"inLanguage\":\"en-US\",\"potentialAction\":[{\"@type\":\"ReadAction\",\"target\":[\"https:\/\/endormoonstore.com\/en\/the-ghoul-figure-fallout-amazon\/\"]}]},{\"@type\":\"ImageObject\",\"inLanguage\":\"en-US\",\"@id\":\"https:\/\/endormoonstore.com\/en\/the-ghoul-figure-fallout-amazon\/#primaryimage\",\"url\":\"https:\/\/endormoonstore.com\/wp-content\/uploads\/2024\/05\/The-Ghoul-Figure-Fallout-Amazon-1.jpg\",\"contentUrl\":\"https:\/\/endormoonstore.com\/wp-content\/uploads\/2024\/05\/The-Ghoul-Figure-Fallout-Amazon-1.jpg\",\"width\":1000,\"height\":1000},{\"@type\":\"BreadcrumbList\",\"@id\":\"https:\/\/endormoonstore.com\/en\/the-ghoul-figure-fallout-amazon\/#breadcrumb\",\"itemListElement\":[{\"@type\":\"ListItem\",\"position\":1,\"name\":\"Shop\",\"item\":\"https:\/\/endormoonstore.com\/en\/shop\/\"},{\"@type\":\"ListItem\",\"position\":2,\"name\":\"The Ghoul Figure Fallout Amazon\"}]},{\"@type\":\"WebSite\",\"@id\":\"https:\/\/endormoonstore.com\/#website\",\"url\":\"https:\/\/endormoonstore.com\/\",\"name\":\"EndormoonStore\",\"description\":\"\",\"potentialAction\":[{\"@type\":\"SearchAction\",\"target\":{\"@type\":\"EntryPoint\",\"urlTemplate\":\"https:\/\/endormoonstore.com\/?s={search_term_string}\"},\"query-input\":{\"@type\":\"PropertyValueSpecification\",\"valueRequired\":true,\"valueName\":\"search_term_string\"}}],\"inLanguage\":\"en-US\"}]}<\/script>\n<!-- \/ Yoast SEO plugin. -->","yoast_head_json":{"title":"The Ghoul Figure Fallout Amazon - EndormoonStore","robots":{"index":"index","follow":"follow","max-snippet":"max-snippet:-1","max-image-preview":"max-image-preview:large","max-video-preview":"max-video-preview:-1"},"canonical":"https:\/\/endormoonstore.com\/en\/the-ghoul-figure-fallout-amazon\/","og_locale":"en_US","og_type":"article","og_title":"The Ghoul Figure Fallout Amazon - EndormoonStore","og_description":"The Ghoul Figure Fallout Amazon  Dark Horse, en asociaci\u00f3n con Amazon MGM Studios, abre las puertas de B\u00f3veda para revelar esta nueva figura de PVC de lujo pintada a mano de la aclamada serie Prime Video, Fallout .","og_url":"https:\/\/endormoonstore.com\/en\/the-ghoul-figure-fallout-amazon\/","og_site_name":"EndormoonStore","article_modified_time":"2024-05-10T09:12:01+00:00","og_image":[{"width":1000,"height":1000,"url":"https:\/\/endormoonstore.com\/wp-content\/uploads\/2024\/05\/The-Ghoul-Figure-Fallout-Amazon-1.jpg","type":"image\/jpeg"}],"twitter_card":"summary_large_image","twitter_misc":{"Est. reading time":"2 minutes"},"schema":{"@context":"https:\/\/schema.org","@graph":[{"@type":"WebPage","@id":"https:\/\/endormoonstore.com\/en\/the-ghoul-figure-fallout-amazon\/","url":"https:\/\/endormoonstore.com\/en\/the-ghoul-figure-fallout-amazon\/","name":"The Ghoul Figure Fallout Amazon - EndormoonStore","isPartOf":{"@id":"https:\/\/endormoonstore.com\/#website"},"primaryImageOfPage":{"@id":"https:\/\/endormoonstore.com\/en\/the-ghoul-figure-fallout-amazon\/#primaryimage"},"image":{"@id":"https:\/\/endormoonstore.com\/en\/the-ghoul-figure-fallout-amazon\/#primaryimage"},"thumbnailUrl":"https:\/\/endormoonstore.com\/wp-content\/uploads\/2024\/05\/The-Ghoul-Figure-Fallout-Amazon-1.jpg","datePublished":"2024-04-17T22:10:19+00:00","dateModified":"2024-05-10T09:12:01+00:00","breadcrumb":{"@id":"https:\/\/endormoonstore.com\/en\/the-ghoul-figure-fallout-amazon\/#breadcrumb"},"inLanguage":"en-US","potentialAction":[{"@type":"ReadAction","target":["https:\/\/endormoonstore.com\/en\/the-ghoul-figure-fallout-amazon\/"]}]},{"@type":"ImageObject","inLanguage":"en-US","@id":"https:\/\/endormoonstore.com\/en\/the-ghoul-figure-fallout-amazon\/#primaryimage","url":"https:\/\/endormoonstore.com\/wp-content\/uploads\/2024\/05\/The-Ghoul-Figure-Fallout-Amazon-1.jpg","contentUrl":"https:\/\/endormoonstore.com\/wp-content\/uploads\/2024\/05\/The-Ghoul-Figure-Fallout-Amazon-1.jpg","width":1000,"height":1000},{"@type":"BreadcrumbList","@id":"https:\/\/endormoonstore.com\/en\/the-ghoul-figure-fallout-amazon\/#breadcrumb","itemListElement":[{"@type":"ListItem","position":1,"name":"Shop","item":"https:\/\/endormoonstore.com\/en\/shop\/"},{"@type":"ListItem","position":2,"name":"The Ghoul Figure Fallout Amazon"}]},{"@type":"WebSite","@id":"https:\/\/endormoonstore.com\/#website","url":"https:\/\/endormoonstore.com\/","name":"EndormoonStore","description":"","potentialAction":[{"@type":"SearchAction","target":{"@type":"EntryPoint","urlTemplate":"https:\/\/endormoonstore.com\/?s={search_term_string}"},"query-input":{"@type":"PropertyValueSpecification","valueRequired":true,"valueName":"search_term_string"}}],"inLanguage":"en-US"}]}},"taxonomy_info":{"product_cat":[{"value":1390,"label":"Figures"},{"value":13511,"label":"New Arrivals"}],"pa_brand":[{"value":5836,"label":"Dark Horse"}],"pa_character":[{"value":14366,"label":"The Ghoul"}],"pa_license":[{"value":14368,"label":"Fallout"}],"pa_product-type":[{"value":2387,"label":"Figure"}]},"featured_image_src_large":["https:\/\/endormoonstore.com\/wp-content\/uploads\/2024\/05\/The-Ghoul-Figure-Fallout-Amazon-1.jpg",1000,1000,false],"author_info":[],"comment_info":"","_links":{"self":[{"href":"https:\/\/endormoonstore.com\/en\/wp-json\/wp\/v2\/product\/156706","targetHints":{"allow":["GET"]}}],"collection":[{"href":"https:\/\/endormoonstore.com\/en\/wp-json\/wp\/v2\/product"}],"about":[{"href":"https:\/\/endormoonstore.com\/en\/wp-json\/wp\/v2\/types\/product"}],"wp:featuredmedia":[{"embeddable":true,"href":"https:\/\/endormoonstore.com\/en\/wp-json\/wp\/v2\/media\/156684"}],"wp:attachment":[{"href":"https:\/\/endormoonstore.com\/en\/wp-json\/wp\/v2\/media?parent=156706"}],"wp:term":[{"taxonomy":"product_cat","embeddable":true,"href":"https:\/\/endormoonstore.com\/en\/wp-json\/wp\/v2\/product_cat?post=156706"},{"taxonomy":"product_tag","embeddable":true,"href":"https:\/\/endormoonstore.com\/en\/wp-json\/wp\/v2\/product_tag?post=156706"}],"curies":[{"name":"wp","href":"https:\/\/api.w.org\/{rel}","templated":true}]}}