{"id":156657,"date":"2024-04-18T00:00:09","date_gmt":"2024-04-17T22:00:09","guid":{"rendered":"https:\/\/endormoonstore.com\/spider-man-across-the-spider-verse-miles-morales-one12-collective\/"},"modified":"2024-05-08T23:13:51","modified_gmt":"2024-05-08T21:13:51","slug":"spider-man-across-the-spider-verse-miles-morales-one12-collective","status":"publish","type":"product","link":"https:\/\/endormoonstore.com\/en\/spider-man-across-the-spider-verse-miles-morales-one12-collective\/","title":{"rendered":"Spider-Man: Across the Spider-Verse Miles Morales One:12 Collective"},"content":{"rendered":"<p><strong>Spider-Man: Across the Spider-Verse Miles Morales One:12 Collective<\/strong><\/p>\n<div class=\"pull-left margenDatosSecundarios\">\n<div id=\"ctl00_MainContent_dvSinopsis\" class=\"pull-left w100\">\n<div class=\"pull-left w100 text-justify well well-lg text-primary\">\n<ul>\n<li><em>&#8220;Todo el mundo sigue dici\u00e9ndome c\u00f3mo se supone que debe ser mi historia. Lo siento, estoy haciendo lo m\u00edo&#8221;. <\/em>\u00a1Es un evento can\u00f3nico como ning\u00fan otro! Del fen\u00f3meno animado Spider-Man: Across the Spider-Verse de Marvel Studio, \u00a1Miles Morales ingresa al Colectivo One:12!<\/li>\n<li>Miles Morales de One:12 Collective viste un traje ajustado con detalles de telara\u00f1a y su propia insignia de Spider-Man en el pecho. Viene completo con cuatro retratos de cabeza intercambiables con diferentes expresiones, incluido un retrato de Miles Morales completamente desenmascarado y un Spider-Sense FX que se adhiere a su poste de pose. Miles est\u00e1 equipado con m\u00faltiples l\u00edneas de red que se unen a las mu\u00f1ecas mientras el superh\u00e9roe se desplaza por el multiverso junto a sus compa\u00f1eros h\u00e9roes.<\/li>\n<li>Despu\u00e9s de reunirse con Gwen Stacy, Miles corre a trav\u00e9s del multiverso con un nuevo equipo de Spider-People para proteger su existencia. Cuando los h\u00e9roes chocan sobre c\u00f3mo manejar una nueva amenaza, Miles debe redefinir lo que significa convertirse en un h\u00e9roe.<\/li>\n<\/ul>\n<h4>Caracter\u00edsticas de la figura.<\/h4>\n<ul>\n<li>Cuenta con m\u00e1s de 28 puntos de articulaci\u00f3n ,fabricado en pl\u00e1stico y tela y mide aproximadamente unos 17 cm.<\/li>\n<li>Incluye 4 cabezas intercambiables, diez manos intercambiables, cinco efectos de telara\u00f1a, un efecto de sentido ar\u00e1cnido, un comic, un base para su exposici\u00f3n con logotipo y un soporte ajustable para la figura.<\/li>\n<li>El efecto del sentido ar\u00e1cnido se fija al soporte y las telara\u00f1as se sujetan a las mu\u00f1ecas mientras el superh\u00e9roe se balancea por el multiverso.<\/li>\n<\/ul>\n<\/div>\n<\/div>\n<\/div>\n<p>&nbsp;<\/p>\n<p>&nbsp;<\/p>\n","protected":false},"excerpt":{"rendered":"<p><strong>Spider-Man: Across the Spider-Verse Miles Morales One:12 Collective<\/strong><\/p>\n<p><em>&#8220;Todo el mundo sigue dici\u00e9ndome c\u00f3mo se supone que debe ser mi historia. Lo siento, estoy haciendo lo m\u00edo&#8221;. <\/em>\u00a1Es un evento can\u00f3nico como ning\u00fan otro! Del fen\u00f3meno animado Spider-Man: Across the Spider-Verse de Marvel Studio, \u00a1Miles Morales ingresa al Colectivo One:12!<\/p>\n","protected":false},"featured_media":156625,"template":"","meta":{"_acf_changed":false,"_kad_blocks_custom_css":"","_kad_blocks_head_custom_js":"","_kad_blocks_body_custom_js":"","_kad_blocks_footer_custom_js":""},"product_cat":[13453,1390,13511],"product_tag":[],"class_list":{"0":"post-156657","1":"product","2":"type-product","3":"status-publish","4":"has-post-thumbnail","6":"product_cat-featured","7":"product_cat-figures","8":"product_cat-new-arrivals","9":"pa_brand-mezco-toyz-en","10":"pa_character-miles-morales-en","11":"pa_episode-spider-man-across-the-spider-verse-en","12":"pa_license-marvel-en","13":"pa_product-type-figure","14":"pa_theme-one12-collective-en","16":"first","17":"instock","18":"taxable","19":"shipping-taxable","20":"purchasable","21":"product-type-simple"},"acf":[],"yoast_head":"<!-- This site is optimized with the Yoast SEO plugin v26.1.1 - https:\/\/yoast.com\/wordpress\/plugins\/seo\/ -->\n<title>Spider-Man: Across the Spider-Verse Miles Morales One:12 Collective - EndormoonStore<\/title>\n<meta name=\"robots\" content=\"index, follow, max-snippet:-1, max-image-preview:large, max-video-preview:-1\" \/>\n<link rel=\"canonical\" href=\"https:\/\/endormoonstore.com\/en\/spider-man-across-the-spider-verse-miles-morales-one12-collective\/\" \/>\n<meta property=\"og:locale\" content=\"en_US\" \/>\n<meta property=\"og:type\" content=\"article\" \/>\n<meta property=\"og:title\" content=\"Spider-Man: Across the Spider-Verse Miles Morales One:12 Collective - EndormoonStore\" \/>\n<meta property=\"og:description\" content=\"Spider-Man: Across the Spider-Verse Miles Morales One:12 Collective  &quot;Todo el mundo sigue dici\u00e9ndome c\u00f3mo se supone que debe ser mi historia. Lo siento, estoy haciendo lo m\u00edo&quot;. \u00a1Es un evento can\u00f3nico como ning\u00fan otro! Del fen\u00f3meno animado Spider-Man: Across the Spider-Verse de Marvel Studio, \u00a1Miles Morales ingresa al Colectivo One:12!\" \/>\n<meta property=\"og:url\" content=\"https:\/\/endormoonstore.com\/en\/spider-man-across-the-spider-verse-miles-morales-one12-collective\/\" \/>\n<meta property=\"og:site_name\" content=\"EndormoonStore\" \/>\n<meta property=\"article:modified_time\" content=\"2024-05-08T21:13:51+00:00\" \/>\n<meta property=\"og:image\" content=\"https:\/\/endormoonstore.com\/wp-content\/uploads\/2024\/05\/Spider-Man-Across-the-Spider-Verse-Miles-Morales-One12-Collective-1.jpeg\" \/>\n\t<meta property=\"og:image:width\" content=\"800\" \/>\n\t<meta property=\"og:image:height\" content=\"800\" \/>\n\t<meta property=\"og:image:type\" content=\"image\/jpeg\" \/>\n<meta name=\"twitter:card\" content=\"summary_large_image\" \/>\n<meta name=\"twitter:label1\" content=\"Est. reading time\" \/>\n\t<meta name=\"twitter:data1\" content=\"2 minutes\" \/>\n<script type=\"application\/ld+json\" class=\"yoast-schema-graph\">{\"@context\":\"https:\/\/schema.org\",\"@graph\":[{\"@type\":\"WebPage\",\"@id\":\"https:\/\/endormoonstore.com\/en\/spider-man-across-the-spider-verse-miles-morales-one12-collective\/\",\"url\":\"https:\/\/endormoonstore.com\/en\/spider-man-across-the-spider-verse-miles-morales-one12-collective\/\",\"name\":\"Spider-Man: Across the Spider-Verse Miles Morales One:12 Collective - EndormoonStore\",\"isPartOf\":{\"@id\":\"https:\/\/endormoonstore.com\/#website\"},\"primaryImageOfPage\":{\"@id\":\"https:\/\/endormoonstore.com\/en\/spider-man-across-the-spider-verse-miles-morales-one12-collective\/#primaryimage\"},\"image\":{\"@id\":\"https:\/\/endormoonstore.com\/en\/spider-man-across-the-spider-verse-miles-morales-one12-collective\/#primaryimage\"},\"thumbnailUrl\":\"https:\/\/endormoonstore.com\/wp-content\/uploads\/2024\/05\/Spider-Man-Across-the-Spider-Verse-Miles-Morales-One12-Collective-1.jpeg\",\"datePublished\":\"2024-04-17T22:00:09+00:00\",\"dateModified\":\"2024-05-08T21:13:51+00:00\",\"breadcrumb\":{\"@id\":\"https:\/\/endormoonstore.com\/en\/spider-man-across-the-spider-verse-miles-morales-one12-collective\/#breadcrumb\"},\"inLanguage\":\"en-US\",\"potentialAction\":[{\"@type\":\"ReadAction\",\"target\":[\"https:\/\/endormoonstore.com\/en\/spider-man-across-the-spider-verse-miles-morales-one12-collective\/\"]}]},{\"@type\":\"ImageObject\",\"inLanguage\":\"en-US\",\"@id\":\"https:\/\/endormoonstore.com\/en\/spider-man-across-the-spider-verse-miles-morales-one12-collective\/#primaryimage\",\"url\":\"https:\/\/endormoonstore.com\/wp-content\/uploads\/2024\/05\/Spider-Man-Across-the-Spider-Verse-Miles-Morales-One12-Collective-1.jpeg\",\"contentUrl\":\"https:\/\/endormoonstore.com\/wp-content\/uploads\/2024\/05\/Spider-Man-Across-the-Spider-Verse-Miles-Morales-One12-Collective-1.jpeg\",\"width\":800,\"height\":800},{\"@type\":\"BreadcrumbList\",\"@id\":\"https:\/\/endormoonstore.com\/en\/spider-man-across-the-spider-verse-miles-morales-one12-collective\/#breadcrumb\",\"itemListElement\":[{\"@type\":\"ListItem\",\"position\":1,\"name\":\"Shop\",\"item\":\"https:\/\/endormoonstore.com\/en\/shop\/\"},{\"@type\":\"ListItem\",\"position\":2,\"name\":\"Spider-Man: Across the Spider-Verse Miles Morales One:12 Collective\"}]},{\"@type\":\"WebSite\",\"@id\":\"https:\/\/endormoonstore.com\/#website\",\"url\":\"https:\/\/endormoonstore.com\/\",\"name\":\"EndormoonStore\",\"description\":\"\",\"potentialAction\":[{\"@type\":\"SearchAction\",\"target\":{\"@type\":\"EntryPoint\",\"urlTemplate\":\"https:\/\/endormoonstore.com\/?s={search_term_string}\"},\"query-input\":{\"@type\":\"PropertyValueSpecification\",\"valueRequired\":true,\"valueName\":\"search_term_string\"}}],\"inLanguage\":\"en-US\"}]}<\/script>\n<!-- \/ Yoast SEO plugin. -->","yoast_head_json":{"title":"Spider-Man: Across the Spider-Verse Miles Morales One:12 Collective - EndormoonStore","robots":{"index":"index","follow":"follow","max-snippet":"max-snippet:-1","max-image-preview":"max-image-preview:large","max-video-preview":"max-video-preview:-1"},"canonical":"https:\/\/endormoonstore.com\/en\/spider-man-across-the-spider-verse-miles-morales-one12-collective\/","og_locale":"en_US","og_type":"article","og_title":"Spider-Man: Across the Spider-Verse Miles Morales One:12 Collective - EndormoonStore","og_description":"Spider-Man: Across the Spider-Verse Miles Morales One:12 Collective  \"Todo el mundo sigue dici\u00e9ndome c\u00f3mo se supone que debe ser mi historia. Lo siento, estoy haciendo lo m\u00edo\". \u00a1Es un evento can\u00f3nico como ning\u00fan otro! Del fen\u00f3meno animado Spider-Man: Across the Spider-Verse de Marvel Studio, \u00a1Miles Morales ingresa al Colectivo One:12!","og_url":"https:\/\/endormoonstore.com\/en\/spider-man-across-the-spider-verse-miles-morales-one12-collective\/","og_site_name":"EndormoonStore","article_modified_time":"2024-05-08T21:13:51+00:00","og_image":[{"width":800,"height":800,"url":"https:\/\/endormoonstore.com\/wp-content\/uploads\/2024\/05\/Spider-Man-Across-the-Spider-Verse-Miles-Morales-One12-Collective-1.jpeg","type":"image\/jpeg"}],"twitter_card":"summary_large_image","twitter_misc":{"Est. reading time":"2 minutes"},"schema":{"@context":"https:\/\/schema.org","@graph":[{"@type":"WebPage","@id":"https:\/\/endormoonstore.com\/en\/spider-man-across-the-spider-verse-miles-morales-one12-collective\/","url":"https:\/\/endormoonstore.com\/en\/spider-man-across-the-spider-verse-miles-morales-one12-collective\/","name":"Spider-Man: Across the Spider-Verse Miles Morales One:12 Collective - EndormoonStore","isPartOf":{"@id":"https:\/\/endormoonstore.com\/#website"},"primaryImageOfPage":{"@id":"https:\/\/endormoonstore.com\/en\/spider-man-across-the-spider-verse-miles-morales-one12-collective\/#primaryimage"},"image":{"@id":"https:\/\/endormoonstore.com\/en\/spider-man-across-the-spider-verse-miles-morales-one12-collective\/#primaryimage"},"thumbnailUrl":"https:\/\/endormoonstore.com\/wp-content\/uploads\/2024\/05\/Spider-Man-Across-the-Spider-Verse-Miles-Morales-One12-Collective-1.jpeg","datePublished":"2024-04-17T22:00:09+00:00","dateModified":"2024-05-08T21:13:51+00:00","breadcrumb":{"@id":"https:\/\/endormoonstore.com\/en\/spider-man-across-the-spider-verse-miles-morales-one12-collective\/#breadcrumb"},"inLanguage":"en-US","potentialAction":[{"@type":"ReadAction","target":["https:\/\/endormoonstore.com\/en\/spider-man-across-the-spider-verse-miles-morales-one12-collective\/"]}]},{"@type":"ImageObject","inLanguage":"en-US","@id":"https:\/\/endormoonstore.com\/en\/spider-man-across-the-spider-verse-miles-morales-one12-collective\/#primaryimage","url":"https:\/\/endormoonstore.com\/wp-content\/uploads\/2024\/05\/Spider-Man-Across-the-Spider-Verse-Miles-Morales-One12-Collective-1.jpeg","contentUrl":"https:\/\/endormoonstore.com\/wp-content\/uploads\/2024\/05\/Spider-Man-Across-the-Spider-Verse-Miles-Morales-One12-Collective-1.jpeg","width":800,"height":800},{"@type":"BreadcrumbList","@id":"https:\/\/endormoonstore.com\/en\/spider-man-across-the-spider-verse-miles-morales-one12-collective\/#breadcrumb","itemListElement":[{"@type":"ListItem","position":1,"name":"Shop","item":"https:\/\/endormoonstore.com\/en\/shop\/"},{"@type":"ListItem","position":2,"name":"Spider-Man: Across the Spider-Verse Miles Morales One:12 Collective"}]},{"@type":"WebSite","@id":"https:\/\/endormoonstore.com\/#website","url":"https:\/\/endormoonstore.com\/","name":"EndormoonStore","description":"","potentialAction":[{"@type":"SearchAction","target":{"@type":"EntryPoint","urlTemplate":"https:\/\/endormoonstore.com\/?s={search_term_string}"},"query-input":{"@type":"PropertyValueSpecification","valueRequired":true,"valueName":"search_term_string"}}],"inLanguage":"en-US"}]}},"taxonomy_info":{"product_cat":[{"value":13453,"label":"Featured"},{"value":1390,"label":"Figures"},{"value":13511,"label":"New Arrivals"}],"pa_brand":[{"value":1638,"label":"Mezco Toyz"}],"pa_character":[{"value":9604,"label":"Miles Morales"}],"pa_episode":[{"value":14143,"label":"Spider-Man: Across the Spider-Verse"}],"pa_license":[{"value":1642,"label":"Marvel"}],"pa_product-type":[{"value":2387,"label":"Figure"}],"pa_theme":[{"value":1885,"label":"One:12 Collective"}]},"featured_image_src_large":["https:\/\/endormoonstore.com\/wp-content\/uploads\/2024\/05\/Spider-Man-Across-the-Spider-Verse-Miles-Morales-One12-Collective-1.jpeg",800,800,false],"author_info":[],"comment_info":"","_links":{"self":[{"href":"https:\/\/endormoonstore.com\/en\/wp-json\/wp\/v2\/product\/156657","targetHints":{"allow":["GET"]}}],"collection":[{"href":"https:\/\/endormoonstore.com\/en\/wp-json\/wp\/v2\/product"}],"about":[{"href":"https:\/\/endormoonstore.com\/en\/wp-json\/wp\/v2\/types\/product"}],"wp:featuredmedia":[{"embeddable":true,"href":"https:\/\/endormoonstore.com\/en\/wp-json\/wp\/v2\/media\/156625"}],"wp:attachment":[{"href":"https:\/\/endormoonstore.com\/en\/wp-json\/wp\/v2\/media?parent=156657"}],"wp:term":[{"taxonomy":"product_cat","embeddable":true,"href":"https:\/\/endormoonstore.com\/en\/wp-json\/wp\/v2\/product_cat?post=156657"},{"taxonomy":"product_tag","embeddable":true,"href":"https:\/\/endormoonstore.com\/en\/wp-json\/wp\/v2\/product_tag?post=156657"}],"curies":[{"name":"wp","href":"https:\/\/api.w.org\/{rel}","templated":true}]}}