{"id":156429,"date":"2025-01-02T02:30:21","date_gmt":"2024-04-18T23:20:21","guid":{"rendered":"https:\/\/endormoonstore.com\/phoenix-ikki-final-bronze-cloth-saint-seiya-myth-cloth-ex\/"},"modified":"2024-05-04T00:47:33","modified_gmt":"2024-05-03T22:47:33","slug":"phoenix-ikki-final-bronze-cloth-saint-seiya-myth-cloth-ex","status":"publish","type":"product","link":"https:\/\/endormoonstore.com\/en\/phoenix-ikki-final-bronze-cloth-saint-seiya-myth-cloth-ex\/","title":{"rendered":"Phoenix Ikki Final Bronze Cloth Saint Seiya Myth Cloth EX"},"content":{"rendered":"<p><strong>Phoenix Ikki Final Bronze Cloth Saint Seiya Myth Cloth EX<\/strong><\/p>\n<div class=\"pull-left margenDatosSecundarios\">\n<div id=\"ctl00_MainContent_dvSinopsis\" class=\"pull-left w100\">\n<ul>\n<li>\u00a1El \u00faltimo miembro de la serie Saint Cloth Myth EX Final Bronze Cloth, &#8220;EX Phoenix Ikki Final Bronze Cloth finalmente est\u00e1 aqu\u00ed! &#8220;Saint Cloth Myth EX Phoenix Ikki Final Bronze Cloth lanzado en 2007 ahora est\u00e1 disponible en Saint Cloth Myth EX despu\u00e9s de 17 a\u00f1os.<\/li>\n<li>El dise\u00f1o ha sido revisado significativamente en funci\u00f3n de la animaci\u00f3n de la pel\u00edcula. Se incluye una amplia gama de piezas opcionales para ampliar enormemente el rango de valor de la figura.<\/li>\n<li>Se trata de una figura de 17 cm completamente articulada.<\/li>\n<li>Incluye 4 pares de caras intercambiables, una parte del cabello intercambiable (Flequillo), 7 manos intercambiables 3 izquierdas y 4 derechas, juego de piezas de pluma de cola opcionales y partes opcionales para fijar las alas.<\/li>\n<\/ul>\n<\/div>\n<\/div>\n<p>&nbsp;<\/p>\n","protected":false},"excerpt":{"rendered":"<p><strong>Phoenix Ikki Final Bronze Cloth Saint Seiya Myth Cloth EX<\/strong><\/p>\n<p>\u00a1El \u00faltimo miembro de la serie Saint Cloth Myth EX Final Bronze Cloth, &#8220;EX Phoenix Ikki Final Bronze Cloth finalmente est\u00e1 aqu\u00ed! &#8220;Saint Cloth Myth EX Phoenix Ikki Final Bronze Cloth lanzado en 2007 ahora est\u00e1 disponible en Saint Cloth Myth EX despu\u00e9s de 17 a\u00f1os.<\/p>\n","protected":false},"featured_media":156409,"template":"","meta":{"_acf_changed":false,"_kad_blocks_custom_css":"","_kad_blocks_head_custom_js":"","_kad_blocks_body_custom_js":"","_kad_blocks_footer_custom_js":""},"product_cat":[13453,1390,13511],"product_tag":[],"class_list":{"0":"post-156429","1":"product","2":"type-product","3":"status-publish","4":"has-post-thumbnail","6":"product_cat-featured","7":"product_cat-figures","8":"product_cat-new-arrivals","9":"pa_brand-tamashii-nations-en","10":"pa_character-phoenix-ikki-en","11":"pa_license-saint-seiya-en","12":"pa_product-type-figure","13":"pa_theme-saint-cloth-myth-ex-en","15":"first","16":"instock","17":"taxable","18":"shipping-taxable","19":"purchasable","20":"product-type-simple"},"acf":[],"yoast_head":"<!-- This site is optimized with the Yoast SEO plugin v26.1.1 - https:\/\/yoast.com\/wordpress\/plugins\/seo\/ -->\n<title>Phoenix Ikki Final Bronze Cloth Saint Seiya Myth Cloth EX - EndormoonStore<\/title>\n<meta name=\"robots\" content=\"index, follow, max-snippet:-1, max-image-preview:large, max-video-preview:-1\" \/>\n<link rel=\"canonical\" href=\"https:\/\/endormoonstore.com\/en\/phoenix-ikki-final-bronze-cloth-saint-seiya-myth-cloth-ex\/\" \/>\n<meta property=\"og:locale\" content=\"en_US\" \/>\n<meta property=\"og:type\" content=\"article\" \/>\n<meta property=\"og:title\" content=\"Phoenix Ikki Final Bronze Cloth Saint Seiya Myth Cloth EX - EndormoonStore\" \/>\n<meta property=\"og:description\" content=\"Phoenix Ikki Final Bronze Cloth Saint Seiya Myth Cloth EX  \u00a1El \u00faltimo miembro de la serie Saint Cloth Myth EX Final Bronze Cloth, &quot;EX Phoenix Ikki Final Bronze Cloth finalmente est\u00e1 aqu\u00ed! &quot;Saint Cloth Myth EX Phoenix Ikki Final Bronze Cloth lanzado en 2007 ahora est\u00e1 disponible en Saint Cloth Myth EX despu\u00e9s de 17 a\u00f1os.\" \/>\n<meta property=\"og:url\" content=\"https:\/\/endormoonstore.com\/en\/phoenix-ikki-final-bronze-cloth-saint-seiya-myth-cloth-ex\/\" \/>\n<meta property=\"og:site_name\" content=\"EndormoonStore\" \/>\n<meta property=\"article:modified_time\" content=\"2024-05-03T22:47:33+00:00\" \/>\n<meta property=\"og:image\" content=\"https:\/\/endormoonstore.com\/wp-content\/uploads\/2024\/05\/Phoenix-Ikki-Final-Bronze-Cloth-Saint-Seiya-Myth-Cloth-EX-1.jpg\" \/>\n\t<meta property=\"og:image:width\" content=\"960\" \/>\n\t<meta property=\"og:image:height\" content=\"1200\" \/>\n\t<meta property=\"og:image:type\" content=\"image\/jpeg\" \/>\n<meta name=\"twitter:card\" content=\"summary_large_image\" \/>\n<meta name=\"twitter:label1\" content=\"Est. reading time\" \/>\n\t<meta name=\"twitter:data1\" content=\"1 minute\" \/>\n<script type=\"application\/ld+json\" class=\"yoast-schema-graph\">{\"@context\":\"https:\/\/schema.org\",\"@graph\":[{\"@type\":\"WebPage\",\"@id\":\"https:\/\/endormoonstore.com\/en\/phoenix-ikki-final-bronze-cloth-saint-seiya-myth-cloth-ex\/\",\"url\":\"https:\/\/endormoonstore.com\/en\/phoenix-ikki-final-bronze-cloth-saint-seiya-myth-cloth-ex\/\",\"name\":\"Phoenix Ikki Final Bronze Cloth Saint Seiya Myth Cloth EX - EndormoonStore\",\"isPartOf\":{\"@id\":\"https:\/\/endormoonstore.com\/#website\"},\"primaryImageOfPage\":{\"@id\":\"https:\/\/endormoonstore.com\/en\/phoenix-ikki-final-bronze-cloth-saint-seiya-myth-cloth-ex\/#primaryimage\"},\"image\":{\"@id\":\"https:\/\/endormoonstore.com\/en\/phoenix-ikki-final-bronze-cloth-saint-seiya-myth-cloth-ex\/#primaryimage\"},\"thumbnailUrl\":\"https:\/\/endormoonstore.com\/wp-content\/uploads\/2024\/05\/Phoenix-Ikki-Final-Bronze-Cloth-Saint-Seiya-Myth-Cloth-EX-1.jpg\",\"datePublished\":\"2024-04-18T23:20:21+00:00\",\"dateModified\":\"2024-05-03T22:47:33+00:00\",\"breadcrumb\":{\"@id\":\"https:\/\/endormoonstore.com\/en\/phoenix-ikki-final-bronze-cloth-saint-seiya-myth-cloth-ex\/#breadcrumb\"},\"inLanguage\":\"en-US\",\"potentialAction\":[{\"@type\":\"ReadAction\",\"target\":[\"https:\/\/endormoonstore.com\/en\/phoenix-ikki-final-bronze-cloth-saint-seiya-myth-cloth-ex\/\"]}]},{\"@type\":\"ImageObject\",\"inLanguage\":\"en-US\",\"@id\":\"https:\/\/endormoonstore.com\/en\/phoenix-ikki-final-bronze-cloth-saint-seiya-myth-cloth-ex\/#primaryimage\",\"url\":\"https:\/\/endormoonstore.com\/wp-content\/uploads\/2024\/05\/Phoenix-Ikki-Final-Bronze-Cloth-Saint-Seiya-Myth-Cloth-EX-1.jpg\",\"contentUrl\":\"https:\/\/endormoonstore.com\/wp-content\/uploads\/2024\/05\/Phoenix-Ikki-Final-Bronze-Cloth-Saint-Seiya-Myth-Cloth-EX-1.jpg\",\"width\":960,\"height\":1200},{\"@type\":\"BreadcrumbList\",\"@id\":\"https:\/\/endormoonstore.com\/en\/phoenix-ikki-final-bronze-cloth-saint-seiya-myth-cloth-ex\/#breadcrumb\",\"itemListElement\":[{\"@type\":\"ListItem\",\"position\":1,\"name\":\"Shop\",\"item\":\"https:\/\/endormoonstore.com\/en\/shop\/\"},{\"@type\":\"ListItem\",\"position\":2,\"name\":\"Phoenix Ikki Final Bronze Cloth Saint Seiya Myth Cloth EX\"}]},{\"@type\":\"WebSite\",\"@id\":\"https:\/\/endormoonstore.com\/#website\",\"url\":\"https:\/\/endormoonstore.com\/\",\"name\":\"EndormoonStore\",\"description\":\"\",\"potentialAction\":[{\"@type\":\"SearchAction\",\"target\":{\"@type\":\"EntryPoint\",\"urlTemplate\":\"https:\/\/endormoonstore.com\/?s={search_term_string}\"},\"query-input\":{\"@type\":\"PropertyValueSpecification\",\"valueRequired\":true,\"valueName\":\"search_term_string\"}}],\"inLanguage\":\"en-US\"}]}<\/script>\n<!-- \/ Yoast SEO plugin. -->","yoast_head_json":{"title":"Phoenix Ikki Final Bronze Cloth Saint Seiya Myth Cloth EX - EndormoonStore","robots":{"index":"index","follow":"follow","max-snippet":"max-snippet:-1","max-image-preview":"max-image-preview:large","max-video-preview":"max-video-preview:-1"},"canonical":"https:\/\/endormoonstore.com\/en\/phoenix-ikki-final-bronze-cloth-saint-seiya-myth-cloth-ex\/","og_locale":"en_US","og_type":"article","og_title":"Phoenix Ikki Final Bronze Cloth Saint Seiya Myth Cloth EX - EndormoonStore","og_description":"Phoenix Ikki Final Bronze Cloth Saint Seiya Myth Cloth EX  \u00a1El \u00faltimo miembro de la serie Saint Cloth Myth EX Final Bronze Cloth, \"EX Phoenix Ikki Final Bronze Cloth finalmente est\u00e1 aqu\u00ed! \"Saint Cloth Myth EX Phoenix Ikki Final Bronze Cloth lanzado en 2007 ahora est\u00e1 disponible en Saint Cloth Myth EX despu\u00e9s de 17 a\u00f1os.","og_url":"https:\/\/endormoonstore.com\/en\/phoenix-ikki-final-bronze-cloth-saint-seiya-myth-cloth-ex\/","og_site_name":"EndormoonStore","article_modified_time":"2024-05-03T22:47:33+00:00","og_image":[{"width":960,"height":1200,"url":"https:\/\/endormoonstore.com\/wp-content\/uploads\/2024\/05\/Phoenix-Ikki-Final-Bronze-Cloth-Saint-Seiya-Myth-Cloth-EX-1.jpg","type":"image\/jpeg"}],"twitter_card":"summary_large_image","twitter_misc":{"Est. reading time":"1 minute"},"schema":{"@context":"https:\/\/schema.org","@graph":[{"@type":"WebPage","@id":"https:\/\/endormoonstore.com\/en\/phoenix-ikki-final-bronze-cloth-saint-seiya-myth-cloth-ex\/","url":"https:\/\/endormoonstore.com\/en\/phoenix-ikki-final-bronze-cloth-saint-seiya-myth-cloth-ex\/","name":"Phoenix Ikki Final Bronze Cloth Saint Seiya Myth Cloth EX - EndormoonStore","isPartOf":{"@id":"https:\/\/endormoonstore.com\/#website"},"primaryImageOfPage":{"@id":"https:\/\/endormoonstore.com\/en\/phoenix-ikki-final-bronze-cloth-saint-seiya-myth-cloth-ex\/#primaryimage"},"image":{"@id":"https:\/\/endormoonstore.com\/en\/phoenix-ikki-final-bronze-cloth-saint-seiya-myth-cloth-ex\/#primaryimage"},"thumbnailUrl":"https:\/\/endormoonstore.com\/wp-content\/uploads\/2024\/05\/Phoenix-Ikki-Final-Bronze-Cloth-Saint-Seiya-Myth-Cloth-EX-1.jpg","datePublished":"2024-04-18T23:20:21+00:00","dateModified":"2024-05-03T22:47:33+00:00","breadcrumb":{"@id":"https:\/\/endormoonstore.com\/en\/phoenix-ikki-final-bronze-cloth-saint-seiya-myth-cloth-ex\/#breadcrumb"},"inLanguage":"en-US","potentialAction":[{"@type":"ReadAction","target":["https:\/\/endormoonstore.com\/en\/phoenix-ikki-final-bronze-cloth-saint-seiya-myth-cloth-ex\/"]}]},{"@type":"ImageObject","inLanguage":"en-US","@id":"https:\/\/endormoonstore.com\/en\/phoenix-ikki-final-bronze-cloth-saint-seiya-myth-cloth-ex\/#primaryimage","url":"https:\/\/endormoonstore.com\/wp-content\/uploads\/2024\/05\/Phoenix-Ikki-Final-Bronze-Cloth-Saint-Seiya-Myth-Cloth-EX-1.jpg","contentUrl":"https:\/\/endormoonstore.com\/wp-content\/uploads\/2024\/05\/Phoenix-Ikki-Final-Bronze-Cloth-Saint-Seiya-Myth-Cloth-EX-1.jpg","width":960,"height":1200},{"@type":"BreadcrumbList","@id":"https:\/\/endormoonstore.com\/en\/phoenix-ikki-final-bronze-cloth-saint-seiya-myth-cloth-ex\/#breadcrumb","itemListElement":[{"@type":"ListItem","position":1,"name":"Shop","item":"https:\/\/endormoonstore.com\/en\/shop\/"},{"@type":"ListItem","position":2,"name":"Phoenix Ikki Final Bronze Cloth Saint Seiya Myth Cloth EX"}]},{"@type":"WebSite","@id":"https:\/\/endormoonstore.com\/#website","url":"https:\/\/endormoonstore.com\/","name":"EndormoonStore","description":"","potentialAction":[{"@type":"SearchAction","target":{"@type":"EntryPoint","urlTemplate":"https:\/\/endormoonstore.com\/?s={search_term_string}"},"query-input":{"@type":"PropertyValueSpecification","valueRequired":true,"valueName":"search_term_string"}}],"inLanguage":"en-US"}]}},"taxonomy_info":{"product_cat":[{"value":13453,"label":"Featured"},{"value":1390,"label":"Figures"},{"value":13511,"label":"New Arrivals"}],"pa_brand":[{"value":2096,"label":"Tamashii Nations"}],"pa_character":[{"value":3716,"label":"Phoenix Ikki"}],"pa_license":[{"value":1643,"label":"Saint Seiya"}],"pa_product-type":[{"value":2387,"label":"Figure"}],"pa_theme":[{"value":2972,"label":"Saint Cloth Myth EX"}]},"featured_image_src_large":["https:\/\/endormoonstore.com\/wp-content\/uploads\/2024\/05\/Phoenix-Ikki-Final-Bronze-Cloth-Saint-Seiya-Myth-Cloth-EX-1.jpg",960,1200,false],"author_info":[],"comment_info":"","_links":{"self":[{"href":"https:\/\/endormoonstore.com\/en\/wp-json\/wp\/v2\/product\/156429","targetHints":{"allow":["GET"]}}],"collection":[{"href":"https:\/\/endormoonstore.com\/en\/wp-json\/wp\/v2\/product"}],"about":[{"href":"https:\/\/endormoonstore.com\/en\/wp-json\/wp\/v2\/types\/product"}],"wp:featuredmedia":[{"embeddable":true,"href":"https:\/\/endormoonstore.com\/en\/wp-json\/wp\/v2\/media\/156409"}],"wp:attachment":[{"href":"https:\/\/endormoonstore.com\/en\/wp-json\/wp\/v2\/media?parent=156429"}],"wp:term":[{"taxonomy":"product_cat","embeddable":true,"href":"https:\/\/endormoonstore.com\/en\/wp-json\/wp\/v2\/product_cat?post=156429"},{"taxonomy":"product_tag","embeddable":true,"href":"https:\/\/endormoonstore.com\/en\/wp-json\/wp\/v2\/product_tag?post=156429"}],"curies":[{"name":"wp","href":"https:\/\/api.w.org\/{rel}","templated":true}]}}