{"id":156356,"date":"2025-02-02T00:45:31","date_gmt":"2024-04-18T23:00:31","guid":{"rendered":"https:\/\/endormoonstore.com\/godzilla-2024-evolved-ver-godzilla-x-kong-the-new-empire-s-h-monsterarts\/"},"modified":"2024-05-02T23:13:40","modified_gmt":"2024-05-02T21:13:40","slug":"godzilla-2024-evolved-ver-godzilla-x-kong-the-new-empire-s-h-monsterarts","status":"publish","type":"product","link":"https:\/\/endormoonstore.com\/en\/godzilla-2024-evolved-ver-godzilla-x-kong-the-new-empire-s-h-monsterarts\/","title":{"rendered":"Godzilla 2024 Evolved Ver. Godzilla x Kong: The New Empire S.H.MonsterArts"},"content":{"rendered":"<p class=\"p1\"><strong>Godzilla 2024 Evolved Ver. Godzilla x Kong: The New Empire S.H.MonsterArts<\/strong><\/p>\n<ul class=\"ul1\">\n<li class=\"li1\">Tamashii Nations presenta, dentro de la colecci\u00f3n S. H. Monster Arts, esta figura Premium Bandai de Godzilla 2024 Evolved Version. Mide 16 cm y est\u00e1 basada en su aparici\u00f3n en la pel\u00edcula &#8220;Godzilla VS Kong: The New Empire&#8221;.<\/li>\n<li class=\"li1\">Los datos 3d de la pel\u00edcula y la supervisi\u00f3n del productor Yuji Sakai han asegurado que esta figura ser\u00e1 una interpretaci\u00f3n completa de la apariencia de la pel\u00edcula. El amplio rango de articulaci\u00f3n permite la recreaci\u00f3n de escenas de la pel\u00edcula. Las piezas de mano opcionales tambi\u00e9n permiten varias posturas din\u00e1micas.<\/li>\n<\/ul>\n","protected":false},"excerpt":{"rendered":"<p class=\"p1\"><strong>Godzilla 2024 Evolved Ver. Godzilla x Kong: The New Empire S.H.MonsterArts<\/strong><\/p>\n<p class=\"p1\">Tamashii Nations presenta, dentro de la colecci\u00f3n S. H. Monster Arts, esta figura Premium Bandai de Godzilla 2024 Evolved Version. Mide 16 cm y est\u00e1 basada en su aparici\u00f3n en la pel\u00edcula &#8220;Godzilla VS Kong: The New Empire&#8221;.<\/p>\n","protected":false},"featured_media":156343,"template":"","meta":{"_acf_changed":false,"_kad_blocks_custom_css":"","_kad_blocks_head_custom_js":"","_kad_blocks_body_custom_js":"","_kad_blocks_footer_custom_js":""},"product_cat":[1390,13511],"product_tag":[],"class_list":{"0":"post-156356","1":"product","2":"type-product","3":"status-publish","4":"has-post-thumbnail","6":"product_cat-figures","7":"product_cat-new-arrivals","8":"pa_brand-tamashii-nations-en","9":"pa_character-godzilla-en","10":"pa_episode-godzilla-vs-kong-the-new-empire-en","11":"pa_license-godzilla-en","12":"pa_product-type-figure","13":"pa_theme-s-h-monsterarts-en","15":"first","16":"outofstock","17":"taxable","18":"shipping-taxable","19":"purchasable","20":"product-type-simple"},"acf":[],"yoast_head":"<!-- This site is optimized with the Yoast SEO plugin v26.1.1 - https:\/\/yoast.com\/wordpress\/plugins\/seo\/ -->\n<title>Godzilla 2024 Evolved Ver. Godzilla x Kong: The New Empire S.H.MonsterArts - EndormoonStore<\/title>\n<meta name=\"robots\" content=\"index, follow, max-snippet:-1, max-image-preview:large, max-video-preview:-1\" \/>\n<link rel=\"canonical\" href=\"https:\/\/endormoonstore.com\/en\/godzilla-2024-evolved-ver-godzilla-x-kong-the-new-empire-s-h-monsterarts\/\" \/>\n<meta property=\"og:locale\" content=\"en_US\" \/>\n<meta property=\"og:type\" content=\"article\" \/>\n<meta property=\"og:title\" content=\"Godzilla 2024 Evolved Ver. Godzilla x Kong: The New Empire S.H.MonsterArts - EndormoonStore\" \/>\n<meta property=\"og:description\" content=\"Godzilla 2024 Evolved Ver. Godzilla x Kong: The New Empire S.H.MonsterArts Tamashii Nations presenta, dentro de la colecci\u00f3n S. H. Monster Arts, esta figura Premium Bandai de Godzilla 2024 Evolved Version. Mide 16 cm y est\u00e1 basada en su aparici\u00f3n en la pel\u00edcula &quot;Godzilla VS Kong: The New Empire&quot;.\" \/>\n<meta property=\"og:url\" content=\"https:\/\/endormoonstore.com\/en\/godzilla-2024-evolved-ver-godzilla-x-kong-the-new-empire-s-h-monsterarts\/\" \/>\n<meta property=\"og:site_name\" content=\"EndormoonStore\" \/>\n<meta property=\"article:modified_time\" content=\"2024-05-02T21:13:40+00:00\" \/>\n<meta property=\"og:image\" content=\"https:\/\/endormoonstore.com\/wp-content\/uploads\/2024\/05\/Godzilla-2024-Evolved-Ver.-Godzilla-x-Kong-The-New-Empire-S.H.MonsterArts-1.jpg\" \/>\n\t<meta property=\"og:image:width\" content=\"1200\" \/>\n\t<meta property=\"og:image:height\" content=\"960\" \/>\n\t<meta property=\"og:image:type\" content=\"image\/jpeg\" \/>\n<meta name=\"twitter:card\" content=\"summary_large_image\" \/>\n<meta name=\"twitter:label1\" content=\"Est. reading time\" \/>\n\t<meta name=\"twitter:data1\" content=\"1 minute\" \/>\n<script type=\"application\/ld+json\" class=\"yoast-schema-graph\">{\"@context\":\"https:\/\/schema.org\",\"@graph\":[{\"@type\":\"WebPage\",\"@id\":\"https:\/\/endormoonstore.com\/en\/godzilla-2024-evolved-ver-godzilla-x-kong-the-new-empire-s-h-monsterarts\/\",\"url\":\"https:\/\/endormoonstore.com\/en\/godzilla-2024-evolved-ver-godzilla-x-kong-the-new-empire-s-h-monsterarts\/\",\"name\":\"Godzilla 2024 Evolved Ver. Godzilla x Kong: The New Empire S.H.MonsterArts - EndormoonStore\",\"isPartOf\":{\"@id\":\"https:\/\/endormoonstore.com\/#website\"},\"primaryImageOfPage\":{\"@id\":\"https:\/\/endormoonstore.com\/en\/godzilla-2024-evolved-ver-godzilla-x-kong-the-new-empire-s-h-monsterarts\/#primaryimage\"},\"image\":{\"@id\":\"https:\/\/endormoonstore.com\/en\/godzilla-2024-evolved-ver-godzilla-x-kong-the-new-empire-s-h-monsterarts\/#primaryimage\"},\"thumbnailUrl\":\"https:\/\/endormoonstore.com\/wp-content\/uploads\/2024\/05\/Godzilla-2024-Evolved-Ver.-Godzilla-x-Kong-The-New-Empire-S.H.MonsterArts-1.jpg\",\"datePublished\":\"2024-04-18T23:00:31+00:00\",\"dateModified\":\"2024-05-02T21:13:40+00:00\",\"breadcrumb\":{\"@id\":\"https:\/\/endormoonstore.com\/en\/godzilla-2024-evolved-ver-godzilla-x-kong-the-new-empire-s-h-monsterarts\/#breadcrumb\"},\"inLanguage\":\"en-US\",\"potentialAction\":[{\"@type\":\"ReadAction\",\"target\":[\"https:\/\/endormoonstore.com\/en\/godzilla-2024-evolved-ver-godzilla-x-kong-the-new-empire-s-h-monsterarts\/\"]}]},{\"@type\":\"ImageObject\",\"inLanguage\":\"en-US\",\"@id\":\"https:\/\/endormoonstore.com\/en\/godzilla-2024-evolved-ver-godzilla-x-kong-the-new-empire-s-h-monsterarts\/#primaryimage\",\"url\":\"https:\/\/endormoonstore.com\/wp-content\/uploads\/2024\/05\/Godzilla-2024-Evolved-Ver.-Godzilla-x-Kong-The-New-Empire-S.H.MonsterArts-1.jpg\",\"contentUrl\":\"https:\/\/endormoonstore.com\/wp-content\/uploads\/2024\/05\/Godzilla-2024-Evolved-Ver.-Godzilla-x-Kong-The-New-Empire-S.H.MonsterArts-1.jpg\",\"width\":1200,\"height\":960},{\"@type\":\"BreadcrumbList\",\"@id\":\"https:\/\/endormoonstore.com\/en\/godzilla-2024-evolved-ver-godzilla-x-kong-the-new-empire-s-h-monsterarts\/#breadcrumb\",\"itemListElement\":[{\"@type\":\"ListItem\",\"position\":1,\"name\":\"Shop\",\"item\":\"https:\/\/endormoonstore.com\/en\/shop\/\"},{\"@type\":\"ListItem\",\"position\":2,\"name\":\"Godzilla 2024 Evolved Ver. Godzilla x Kong: The New Empire S.H.MonsterArts\"}]},{\"@type\":\"WebSite\",\"@id\":\"https:\/\/endormoonstore.com\/#website\",\"url\":\"https:\/\/endormoonstore.com\/\",\"name\":\"EndormoonStore\",\"description\":\"\",\"potentialAction\":[{\"@type\":\"SearchAction\",\"target\":{\"@type\":\"EntryPoint\",\"urlTemplate\":\"https:\/\/endormoonstore.com\/?s={search_term_string}\"},\"query-input\":{\"@type\":\"PropertyValueSpecification\",\"valueRequired\":true,\"valueName\":\"search_term_string\"}}],\"inLanguage\":\"en-US\"}]}<\/script>\n<!-- \/ Yoast SEO plugin. -->","yoast_head_json":{"title":"Godzilla 2024 Evolved Ver. Godzilla x Kong: The New Empire S.H.MonsterArts - EndormoonStore","robots":{"index":"index","follow":"follow","max-snippet":"max-snippet:-1","max-image-preview":"max-image-preview:large","max-video-preview":"max-video-preview:-1"},"canonical":"https:\/\/endormoonstore.com\/en\/godzilla-2024-evolved-ver-godzilla-x-kong-the-new-empire-s-h-monsterarts\/","og_locale":"en_US","og_type":"article","og_title":"Godzilla 2024 Evolved Ver. Godzilla x Kong: The New Empire S.H.MonsterArts - EndormoonStore","og_description":"Godzilla 2024 Evolved Ver. Godzilla x Kong: The New Empire S.H.MonsterArts Tamashii Nations presenta, dentro de la colecci\u00f3n S. H. Monster Arts, esta figura Premium Bandai de Godzilla 2024 Evolved Version. Mide 16 cm y est\u00e1 basada en su aparici\u00f3n en la pel\u00edcula \"Godzilla VS Kong: The New Empire\".","og_url":"https:\/\/endormoonstore.com\/en\/godzilla-2024-evolved-ver-godzilla-x-kong-the-new-empire-s-h-monsterarts\/","og_site_name":"EndormoonStore","article_modified_time":"2024-05-02T21:13:40+00:00","og_image":[{"width":1200,"height":960,"url":"https:\/\/endormoonstore.com\/wp-content\/uploads\/2024\/05\/Godzilla-2024-Evolved-Ver.-Godzilla-x-Kong-The-New-Empire-S.H.MonsterArts-1.jpg","type":"image\/jpeg"}],"twitter_card":"summary_large_image","twitter_misc":{"Est. reading time":"1 minute"},"schema":{"@context":"https:\/\/schema.org","@graph":[{"@type":"WebPage","@id":"https:\/\/endormoonstore.com\/en\/godzilla-2024-evolved-ver-godzilla-x-kong-the-new-empire-s-h-monsterarts\/","url":"https:\/\/endormoonstore.com\/en\/godzilla-2024-evolved-ver-godzilla-x-kong-the-new-empire-s-h-monsterarts\/","name":"Godzilla 2024 Evolved Ver. Godzilla x Kong: The New Empire S.H.MonsterArts - EndormoonStore","isPartOf":{"@id":"https:\/\/endormoonstore.com\/#website"},"primaryImageOfPage":{"@id":"https:\/\/endormoonstore.com\/en\/godzilla-2024-evolved-ver-godzilla-x-kong-the-new-empire-s-h-monsterarts\/#primaryimage"},"image":{"@id":"https:\/\/endormoonstore.com\/en\/godzilla-2024-evolved-ver-godzilla-x-kong-the-new-empire-s-h-monsterarts\/#primaryimage"},"thumbnailUrl":"https:\/\/endormoonstore.com\/wp-content\/uploads\/2024\/05\/Godzilla-2024-Evolved-Ver.-Godzilla-x-Kong-The-New-Empire-S.H.MonsterArts-1.jpg","datePublished":"2024-04-18T23:00:31+00:00","dateModified":"2024-05-02T21:13:40+00:00","breadcrumb":{"@id":"https:\/\/endormoonstore.com\/en\/godzilla-2024-evolved-ver-godzilla-x-kong-the-new-empire-s-h-monsterarts\/#breadcrumb"},"inLanguage":"en-US","potentialAction":[{"@type":"ReadAction","target":["https:\/\/endormoonstore.com\/en\/godzilla-2024-evolved-ver-godzilla-x-kong-the-new-empire-s-h-monsterarts\/"]}]},{"@type":"ImageObject","inLanguage":"en-US","@id":"https:\/\/endormoonstore.com\/en\/godzilla-2024-evolved-ver-godzilla-x-kong-the-new-empire-s-h-monsterarts\/#primaryimage","url":"https:\/\/endormoonstore.com\/wp-content\/uploads\/2024\/05\/Godzilla-2024-Evolved-Ver.-Godzilla-x-Kong-The-New-Empire-S.H.MonsterArts-1.jpg","contentUrl":"https:\/\/endormoonstore.com\/wp-content\/uploads\/2024\/05\/Godzilla-2024-Evolved-Ver.-Godzilla-x-Kong-The-New-Empire-S.H.MonsterArts-1.jpg","width":1200,"height":960},{"@type":"BreadcrumbList","@id":"https:\/\/endormoonstore.com\/en\/godzilla-2024-evolved-ver-godzilla-x-kong-the-new-empire-s-h-monsterarts\/#breadcrumb","itemListElement":[{"@type":"ListItem","position":1,"name":"Shop","item":"https:\/\/endormoonstore.com\/en\/shop\/"},{"@type":"ListItem","position":2,"name":"Godzilla 2024 Evolved Ver. Godzilla x Kong: The New Empire S.H.MonsterArts"}]},{"@type":"WebSite","@id":"https:\/\/endormoonstore.com\/#website","url":"https:\/\/endormoonstore.com\/","name":"EndormoonStore","description":"","potentialAction":[{"@type":"SearchAction","target":{"@type":"EntryPoint","urlTemplate":"https:\/\/endormoonstore.com\/?s={search_term_string}"},"query-input":{"@type":"PropertyValueSpecification","valueRequired":true,"valueName":"search_term_string"}}],"inLanguage":"en-US"}]}},"taxonomy_info":{"product_cat":[{"value":1390,"label":"Figures"},{"value":13511,"label":"New Arrivals"}],"pa_brand":[{"value":2096,"label":"Tamashii Nations"}],"pa_character":[{"value":5099,"label":"Godzilla"}],"pa_episode":[{"value":14334,"label":"Godzilla VS Kong: The New Empire"}],"pa_license":[{"value":14336,"label":"Godzilla"}],"pa_product-type":[{"value":2387,"label":"Figure"}],"pa_theme":[{"value":10761,"label":"S.H.MonsterArts"}]},"featured_image_src_large":["https:\/\/endormoonstore.com\/wp-content\/uploads\/2024\/05\/Godzilla-2024-Evolved-Ver.-Godzilla-x-Kong-The-New-Empire-S.H.MonsterArts-1.jpg",1200,960,false],"author_info":[],"comment_info":"","_links":{"self":[{"href":"https:\/\/endormoonstore.com\/en\/wp-json\/wp\/v2\/product\/156356","targetHints":{"allow":["GET"]}}],"collection":[{"href":"https:\/\/endormoonstore.com\/en\/wp-json\/wp\/v2\/product"}],"about":[{"href":"https:\/\/endormoonstore.com\/en\/wp-json\/wp\/v2\/types\/product"}],"wp:featuredmedia":[{"embeddable":true,"href":"https:\/\/endormoonstore.com\/en\/wp-json\/wp\/v2\/media\/156343"}],"wp:attachment":[{"href":"https:\/\/endormoonstore.com\/en\/wp-json\/wp\/v2\/media?parent=156356"}],"wp:term":[{"taxonomy":"product_cat","embeddable":true,"href":"https:\/\/endormoonstore.com\/en\/wp-json\/wp\/v2\/product_cat?post=156356"},{"taxonomy":"product_tag","embeddable":true,"href":"https:\/\/endormoonstore.com\/en\/wp-json\/wp\/v2\/product_tag?post=156356"}],"curies":[{"name":"wp","href":"https:\/\/api.w.org\/{rel}","templated":true}]}}