{"id":156316,"date":"2024-04-19T00:45:28","date_gmt":"2024-04-18T22:45:28","guid":{"rendered":"https:\/\/endormoonstore.com\/ufo-robot-grendizer-figuarts-zero-touche-metallique\/"},"modified":"2024-04-30T21:57:37","modified_gmt":"2024-04-30T19:57:37","slug":"ufo-robot-grendizer-figuarts-zero-touche-metallique","status":"publish","type":"product","link":"https:\/\/endormoonstore.com\/en\/ufo-robot-grendizer-figuarts-zero-touche-metallique\/","title":{"rendered":"UFO Robot Grendizer Figuarts Zero Touche Met\u00e1llique"},"content":{"rendered":"<div class=\"pull-left margenDatosSecundarios\">\n<div id=\"ctl00_MainContent_dvSinopsis\" class=\"pull-left w100\">\n<p class=\"p1\"><b>UFO Robot Grendizer Figuarts Zero Touche Met\u00e1llique<\/b><\/p>\n<ul class=\"ul1\">\n<li class=\"li1\">Tamashii Nations presenta, dentro de la colecci\u00f3n Figuarts Zero Touche M\u00e9tallique, la figura de Grendizer. Mide 30 cm y est\u00e1 basada en su aparici\u00f3n en el anime &#8220;UFO Robot Grendizer&#8221;.<\/li>\n<li class=\"li1\">Se muestra a Grendizer pisoteando a una bestia yen derrotada y preparando sus cuernosdobles. Est\u00e1 esculpida por Tomonobu Fuchi e incluye una ficha de colecci\u00f3n.<\/li>\n<li class=\"li1\">Nota: Figura de Jeeg Robot se vende por separado.<\/li>\n<li class=\"li1\">\u00bfQu\u00e9 es Figuarts ZERO Touche M\u00e9tallique? Una coloraci\u00f3n h\u00edbrida de &#8220;pintura chapada&#8221; y pintura normal le da un acabado de &#8220;sensaci\u00f3n met\u00e1lica&#8221;.Una nueva l\u00ednea de estatuas que recrea el dinamismo de cada personaje con destacadas t\u00e9cnicas de escultura.En franc\u00e9s, &#8220;Touche&#8221; significa textura y &#8220;M\u00e9tallique&#8221; significa metal.El significado detr\u00e1s de esto es expresar la &#8220;textura del metal&#8221; a trav\u00e9s de la forma y el color.<\/li>\n<\/ul>\n<\/div>\n<\/div>\n<p>&nbsp;<\/p>\n<p>&nbsp;<\/p>\n","protected":false},"excerpt":{"rendered":"<p><strong>UFO Robot Grendizer Figuarts Zero Touche Met\u00e1llique<\/strong><\/p>\n<p>Tamashii Nations presenta, dentro de la colecci\u00f3n Figuarts Zero Touche M\u00e9tallique, la figura de Grendizer. Mide 30 cm y est\u00e1 basada en su aparici\u00f3n en el anime &#8220;UFO Robot Grendizer&#8221;.<\/p>\n","protected":false},"featured_media":156308,"template":"","meta":{"_acf_changed":false,"_kad_blocks_custom_css":"","_kad_blocks_head_custom_js":"","_kad_blocks_body_custom_js":"","_kad_blocks_footer_custom_js":""},"product_cat":[1390],"product_tag":[],"class_list":{"0":"post-156316","1":"product","2":"type-product","3":"status-publish","4":"has-post-thumbnail","6":"product_cat-figures","7":"pa_brand-tamashii-nations-en","8":"pa_character-grendizer-en","9":"pa_license-ufo-robot-grendizer-en","10":"pa_product-type-figure","11":"pa_theme-figuarts-zero-touche-metallique-en","13":"first","14":"outofstock","15":"taxable","16":"shipping-taxable","17":"purchasable","18":"product-type-simple"},"acf":[],"yoast_head":"<!-- This site is optimized with the Yoast SEO plugin v26.1.1 - https:\/\/yoast.com\/wordpress\/plugins\/seo\/ -->\n<title>UFO Robot Grendizer Figuarts Zero Touche Met\u00e1llique - EndormoonStore<\/title>\n<meta name=\"robots\" content=\"index, follow, max-snippet:-1, max-image-preview:large, max-video-preview:-1\" \/>\n<link rel=\"canonical\" href=\"https:\/\/endormoonstore.com\/en\/ufo-robot-grendizer-figuarts-zero-touche-metallique\/\" \/>\n<meta property=\"og:locale\" content=\"en_US\" \/>\n<meta property=\"og:type\" content=\"article\" \/>\n<meta property=\"og:title\" content=\"UFO Robot Grendizer Figuarts Zero Touche Met\u00e1llique - EndormoonStore\" \/>\n<meta property=\"og:description\" content=\"UFO Robot Grendizer Figuarts Zero Touche Met\u00e1llique  Tamashii Nations presenta, dentro de la colecci\u00f3n Figuarts Zero Touche M\u00e9tallique, la figura de Grendizer. Mide 30 cm y est\u00e1 basada en su aparici\u00f3n en el anime &quot;UFO Robot Grendizer&quot;.\" \/>\n<meta property=\"og:url\" content=\"https:\/\/endormoonstore.com\/en\/ufo-robot-grendizer-figuarts-zero-touche-metallique\/\" \/>\n<meta property=\"og:site_name\" content=\"EndormoonStore\" \/>\n<meta property=\"article:modified_time\" content=\"2024-04-30T19:57:37+00:00\" \/>\n<meta property=\"og:image\" content=\"https:\/\/endormoonstore.com\/wp-content\/uploads\/2024\/04\/UFO-Robot-Grendizer-Figuarts-Zero-Touche-Metallique-1.jpg\" \/>\n\t<meta property=\"og:image:width\" content=\"907\" \/>\n\t<meta property=\"og:image:height\" content=\"1200\" \/>\n\t<meta property=\"og:image:type\" content=\"image\/jpeg\" \/>\n<meta name=\"twitter:card\" content=\"summary_large_image\" \/>\n<meta name=\"twitter:label1\" content=\"Est. reading time\" \/>\n\t<meta name=\"twitter:data1\" content=\"1 minute\" \/>\n<script type=\"application\/ld+json\" class=\"yoast-schema-graph\">{\"@context\":\"https:\/\/schema.org\",\"@graph\":[{\"@type\":\"WebPage\",\"@id\":\"https:\/\/endormoonstore.com\/en\/ufo-robot-grendizer-figuarts-zero-touche-metallique\/\",\"url\":\"https:\/\/endormoonstore.com\/en\/ufo-robot-grendizer-figuarts-zero-touche-metallique\/\",\"name\":\"UFO Robot Grendizer Figuarts Zero Touche Met\u00e1llique - EndormoonStore\",\"isPartOf\":{\"@id\":\"https:\/\/endormoonstore.com\/#website\"},\"primaryImageOfPage\":{\"@id\":\"https:\/\/endormoonstore.com\/en\/ufo-robot-grendizer-figuarts-zero-touche-metallique\/#primaryimage\"},\"image\":{\"@id\":\"https:\/\/endormoonstore.com\/en\/ufo-robot-grendizer-figuarts-zero-touche-metallique\/#primaryimage\"},\"thumbnailUrl\":\"https:\/\/endormoonstore.com\/wp-content\/uploads\/2024\/04\/UFO-Robot-Grendizer-Figuarts-Zero-Touche-Metallique-1.jpg\",\"datePublished\":\"2024-04-18T22:45:28+00:00\",\"dateModified\":\"2024-04-30T19:57:37+00:00\",\"breadcrumb\":{\"@id\":\"https:\/\/endormoonstore.com\/en\/ufo-robot-grendizer-figuarts-zero-touche-metallique\/#breadcrumb\"},\"inLanguage\":\"en-US\",\"potentialAction\":[{\"@type\":\"ReadAction\",\"target\":[\"https:\/\/endormoonstore.com\/en\/ufo-robot-grendizer-figuarts-zero-touche-metallique\/\"]}]},{\"@type\":\"ImageObject\",\"inLanguage\":\"en-US\",\"@id\":\"https:\/\/endormoonstore.com\/en\/ufo-robot-grendizer-figuarts-zero-touche-metallique\/#primaryimage\",\"url\":\"https:\/\/endormoonstore.com\/wp-content\/uploads\/2024\/04\/UFO-Robot-Grendizer-Figuarts-Zero-Touche-Metallique-1.jpg\",\"contentUrl\":\"https:\/\/endormoonstore.com\/wp-content\/uploads\/2024\/04\/UFO-Robot-Grendizer-Figuarts-Zero-Touche-Metallique-1.jpg\",\"width\":907,\"height\":1200},{\"@type\":\"BreadcrumbList\",\"@id\":\"https:\/\/endormoonstore.com\/en\/ufo-robot-grendizer-figuarts-zero-touche-metallique\/#breadcrumb\",\"itemListElement\":[{\"@type\":\"ListItem\",\"position\":1,\"name\":\"Shop\",\"item\":\"https:\/\/endormoonstore.com\/en\/shop\/\"},{\"@type\":\"ListItem\",\"position\":2,\"name\":\"UFO Robot Grendizer Figuarts Zero Touche Met\u00e1llique\"}]},{\"@type\":\"WebSite\",\"@id\":\"https:\/\/endormoonstore.com\/#website\",\"url\":\"https:\/\/endormoonstore.com\/\",\"name\":\"EndormoonStore\",\"description\":\"\",\"potentialAction\":[{\"@type\":\"SearchAction\",\"target\":{\"@type\":\"EntryPoint\",\"urlTemplate\":\"https:\/\/endormoonstore.com\/?s={search_term_string}\"},\"query-input\":{\"@type\":\"PropertyValueSpecification\",\"valueRequired\":true,\"valueName\":\"search_term_string\"}}],\"inLanguage\":\"en-US\"}]}<\/script>\n<!-- \/ Yoast SEO plugin. -->","yoast_head_json":{"title":"UFO Robot Grendizer Figuarts Zero Touche Met\u00e1llique - EndormoonStore","robots":{"index":"index","follow":"follow","max-snippet":"max-snippet:-1","max-image-preview":"max-image-preview:large","max-video-preview":"max-video-preview:-1"},"canonical":"https:\/\/endormoonstore.com\/en\/ufo-robot-grendizer-figuarts-zero-touche-metallique\/","og_locale":"en_US","og_type":"article","og_title":"UFO Robot Grendizer Figuarts Zero Touche Met\u00e1llique - EndormoonStore","og_description":"UFO Robot Grendizer Figuarts Zero Touche Met\u00e1llique  Tamashii Nations presenta, dentro de la colecci\u00f3n Figuarts Zero Touche M\u00e9tallique, la figura de Grendizer. Mide 30 cm y est\u00e1 basada en su aparici\u00f3n en el anime \"UFO Robot Grendizer\".","og_url":"https:\/\/endormoonstore.com\/en\/ufo-robot-grendizer-figuarts-zero-touche-metallique\/","og_site_name":"EndormoonStore","article_modified_time":"2024-04-30T19:57:37+00:00","og_image":[{"width":907,"height":1200,"url":"https:\/\/endormoonstore.com\/wp-content\/uploads\/2024\/04\/UFO-Robot-Grendizer-Figuarts-Zero-Touche-Metallique-1.jpg","type":"image\/jpeg"}],"twitter_card":"summary_large_image","twitter_misc":{"Est. reading time":"1 minute"},"schema":{"@context":"https:\/\/schema.org","@graph":[{"@type":"WebPage","@id":"https:\/\/endormoonstore.com\/en\/ufo-robot-grendizer-figuarts-zero-touche-metallique\/","url":"https:\/\/endormoonstore.com\/en\/ufo-robot-grendizer-figuarts-zero-touche-metallique\/","name":"UFO Robot Grendizer Figuarts Zero Touche Met\u00e1llique - EndormoonStore","isPartOf":{"@id":"https:\/\/endormoonstore.com\/#website"},"primaryImageOfPage":{"@id":"https:\/\/endormoonstore.com\/en\/ufo-robot-grendizer-figuarts-zero-touche-metallique\/#primaryimage"},"image":{"@id":"https:\/\/endormoonstore.com\/en\/ufo-robot-grendizer-figuarts-zero-touche-metallique\/#primaryimage"},"thumbnailUrl":"https:\/\/endormoonstore.com\/wp-content\/uploads\/2024\/04\/UFO-Robot-Grendizer-Figuarts-Zero-Touche-Metallique-1.jpg","datePublished":"2024-04-18T22:45:28+00:00","dateModified":"2024-04-30T19:57:37+00:00","breadcrumb":{"@id":"https:\/\/endormoonstore.com\/en\/ufo-robot-grendizer-figuarts-zero-touche-metallique\/#breadcrumb"},"inLanguage":"en-US","potentialAction":[{"@type":"ReadAction","target":["https:\/\/endormoonstore.com\/en\/ufo-robot-grendizer-figuarts-zero-touche-metallique\/"]}]},{"@type":"ImageObject","inLanguage":"en-US","@id":"https:\/\/endormoonstore.com\/en\/ufo-robot-grendizer-figuarts-zero-touche-metallique\/#primaryimage","url":"https:\/\/endormoonstore.com\/wp-content\/uploads\/2024\/04\/UFO-Robot-Grendizer-Figuarts-Zero-Touche-Metallique-1.jpg","contentUrl":"https:\/\/endormoonstore.com\/wp-content\/uploads\/2024\/04\/UFO-Robot-Grendizer-Figuarts-Zero-Touche-Metallique-1.jpg","width":907,"height":1200},{"@type":"BreadcrumbList","@id":"https:\/\/endormoonstore.com\/en\/ufo-robot-grendizer-figuarts-zero-touche-metallique\/#breadcrumb","itemListElement":[{"@type":"ListItem","position":1,"name":"Shop","item":"https:\/\/endormoonstore.com\/en\/shop\/"},{"@type":"ListItem","position":2,"name":"UFO Robot Grendizer Figuarts Zero Touche Met\u00e1llique"}]},{"@type":"WebSite","@id":"https:\/\/endormoonstore.com\/#website","url":"https:\/\/endormoonstore.com\/","name":"EndormoonStore","description":"","potentialAction":[{"@type":"SearchAction","target":{"@type":"EntryPoint","urlTemplate":"https:\/\/endormoonstore.com\/?s={search_term_string}"},"query-input":{"@type":"PropertyValueSpecification","valueRequired":true,"valueName":"search_term_string"}}],"inLanguage":"en-US"}]}},"taxonomy_info":{"product_cat":[{"value":1390,"label":"Figures"}],"pa_brand":[{"value":2096,"label":"Tamashii Nations"}],"pa_character":[{"value":11364,"label":"Grendizer"}],"pa_license":[{"value":14330,"label":"UFO Robot Grendizer"}],"pa_product-type":[{"value":2387,"label":"Figure"}],"pa_theme":[{"value":14332,"label":"Figuarts ZERO Touche M\u00e9tallique"}]},"featured_image_src_large":["https:\/\/endormoonstore.com\/wp-content\/uploads\/2024\/04\/UFO-Robot-Grendizer-Figuarts-Zero-Touche-Metallique-1.jpg",907,1200,false],"author_info":[],"comment_info":"","_links":{"self":[{"href":"https:\/\/endormoonstore.com\/en\/wp-json\/wp\/v2\/product\/156316","targetHints":{"allow":["GET"]}}],"collection":[{"href":"https:\/\/endormoonstore.com\/en\/wp-json\/wp\/v2\/product"}],"about":[{"href":"https:\/\/endormoonstore.com\/en\/wp-json\/wp\/v2\/types\/product"}],"wp:featuredmedia":[{"embeddable":true,"href":"https:\/\/endormoonstore.com\/en\/wp-json\/wp\/v2\/media\/156308"}],"wp:attachment":[{"href":"https:\/\/endormoonstore.com\/en\/wp-json\/wp\/v2\/media?parent=156316"}],"wp:term":[{"taxonomy":"product_cat","embeddable":true,"href":"https:\/\/endormoonstore.com\/en\/wp-json\/wp\/v2\/product_cat?post=156316"},{"taxonomy":"product_tag","embeddable":true,"href":"https:\/\/endormoonstore.com\/en\/wp-json\/wp\/v2\/product_tag?post=156316"}],"curies":[{"name":"wp","href":"https:\/\/api.w.org\/{rel}","templated":true}]}}