{"id":156284,"date":"2025-05-09T02:40:28","date_gmt":"2025-05-09T00:40:28","guid":{"rendered":"https:\/\/endormoonstore.com\/star-wars-legends-lord-starkiller-videogame-masterpiece-1-6th-scale-collectible-figure\/"},"modified":"2025-05-25T23:28:09","modified_gmt":"2025-05-25T21:28:09","slug":"star-wars-legends-lord-starkiller-videogame-masterpiece-1-6th-scale-collectible-figure","status":"publish","type":"product","link":"https:\/\/endormoonstore.com\/en\/star-wars-legends-lord-starkiller-videogame-masterpiece-1-6th-scale-collectible-figure\/","title":{"rendered":"Star Wars Legends Lord Starkiller Videogame Masterpiece 1\/6th Scale Collectible Figure"},"content":{"rendered":"<h4 data-sourcepos=\"9:1-9:128\"><strong>Star Wars Legends Lord Starkiller Videogame Masterpiece 1\/6th Scale Collectible Figure: \u00a1El Aprendiz Oscuro de Hot Toys!<\/strong><\/h4>\n<ul>\n<li>\u00a1Celebra el lado oscuro de la galaxia de <a href=\"https:\/\/endormoonstore.com\/licencia\/star-wars\/\"><strong>Star Wars<\/strong><\/a> con la figura coleccionable a <a href=\"https:\/\/endormoonstore.com\/tematica\/sixth-scale-collectible\/\"><strong>escala 1\/6<\/strong><\/a> de Lord Starkiller de <a href=\"\/?product_brand=hot-toys\"><strong>Hot Toys<\/strong><\/a>! Esta pieza maestra se inspira en el ic\u00f3nico personaje del videojuego. Como aprendiz secreto sensible a la Fuerza de <a href=\"https:\/\/endormoonstore.com\/personaje\/darth-vader\/\"><strong>Darth Vader<\/strong><\/a> en las Leyendas de Star Wars, Starkiller es un personaje incre\u00edblemente atractivo y complejo. Posee devastadores poderes de la Fuerza y la capacidad de empu\u00f1ar dos sables de luz con letalidad. Starkiller se abre camino entre nuevos y mortales enemigos en emocionantes mundos de la galaxia, todo en su b\u00fasqueda desesperada de respuestas a su pasado.<\/li>\n<li data-sourcepos=\"15:1-15:308\">Esta figura de acci\u00f3n coleccionable de Star Wars es extremadamente detallada. Presenta un casco y una armadura h\u00e1bilmente desarrollados. Su traje est\u00e1 especialmente dise\u00f1ado. Incluye adem\u00e1s dos Lightsabers con iluminaci\u00f3n LED alimentados por USB. Una base de exhibici\u00f3n din\u00e1mica completa el conjunto.<\/li>\n<li data-sourcepos=\"17:1-17:222\">La figura se basa fielmente en la apariencia de Lord Starkiller en el aclamado videojuego <a href=\"https:\/\/endormoonstore.com\/episodio\/star-wars-the-force-unleashed\/\"><strong><em>Star Wars: The Force Unleashed<\/em><\/strong><\/a>. Abraza el lado oscuro y exhibe esta incre\u00edble figura coleccionable en tu vitrina de Star Wars.<\/li>\n<\/ul>\n<h4 class=\"p1\"><b>Qu\u00e9 hay en la caja:<\/b><\/h4>\n<ul class=\"ul1\">\n<li class=\"li1\">Figura aut\u00e9ntica y detallada de Lord Starkiller.<\/li>\n<li class=\"li1\">Un\u00a0 casco reci\u00e9n dise\u00f1ado da\u00f1ado en batalla con trenza trasera<\/li>\n<li class=\"li1\">La figura tiene un cuerpo con m\u00e1s de 30 puntos a articulaci\u00f3n y aproximadamente 31 cm de altura<\/li>\n<li class=\"li1\">Cinco (5) piezas de manos blindadas intercambiables con guante que incluyen:\n<ul class=\"ul1\">\n<li class=\"li1\">Un (1) par de manos para sostener el sable de luz.<\/li>\n<li class=\"li1\">Un (1) par de manos relajadas<\/li>\n<li class=\"li1\">Un (1) gesto con la mano izquierda<\/li>\n<\/ul>\n<\/li>\n<\/ul>\n<h4 class=\"p1\"><b>Traje:<\/b><\/h4>\n<ul class=\"ul1\">\n<li class=\"li1\">Un traje Starkiller finamente confeccionado con armaduras en hombros y espalda de color plateado met\u00e1lico.<\/li>\n<li class=\"li1\">Un par de guanteletes de antebrazo en forma de acorde\u00f3n<\/li>\n<li class=\"li1\">Un cintur\u00f3n negro con delantal y cuatro (4) empu\u00f1aduras de sable l\u00e1ser (no desmontables)<\/li>\n<li class=\"li1\">Un par de botas negras<\/li>\n<\/ul>\n<h4 class=\"p1\"><b>Armas:<\/b><\/h4>\n<ul class=\"ul1\">\n<li class=\"li1\">Una empu\u00f1adura de sable de luz de Starkiller con iluminaci\u00f3n LED (luz roja, funciona con alimentaci\u00f3n USB)<\/li>\n<li class=\"li1\">Dos empu\u00f1aduras de sable l\u00e1ser con hojas desmontables<\/li>\n<li class=\"li1\">Dos hojas de sable l\u00e1ser rojas en movimiento (acoplables a la empu\u00f1adura)<\/li>\n<\/ul>\n<h4 class=\"p1\"><b>Accesorios:<\/b><\/h4>\n<ul>\n<li class=\"p1\">Un soporte de figura tem\u00e1tico con la placa de identificaci\u00f3n del personaje y el logotipo de Star Wars. Funci\u00f3n de iluminaci\u00f3n operada mediante alimentaci\u00f3n USB. El cable de conexi\u00f3n USB no est\u00e1 incluido para art\u00edculos coleccionables, se requiere un cable USB.<\/li>\n<\/ul>\n","protected":false},"excerpt":{"rendered":"<h4 data-sourcepos=\"9:1-9:128\"><strong>Star Wars Legends Lord Starkiller Videogame Masterpiece 1\/6th Scale Collectible Figure<\/strong><\/h4>\n<p>\u00a1Celebra el lado oscuro de la galaxia de <strong>Star Wars<\/strong> con la figura coleccionable a escala 1\/6 de <strong>Lord Starkiller<\/strong> de <strong>Hot Toys<\/strong>! Esta pieza maestra se inspira en el ic\u00f3nico personaje del videojuego. Como aprendiz secreto sensible a la Fuerza de <strong>Darth Vader<\/strong> en las <strong>Leyendas de Star Wars<\/strong>, Starkiller es un personaje incre\u00edblemente atractivo y complejo.<\/p>\n<p class=\"p1\">\n","protected":false},"featured_media":156248,"template":"","meta":{"_acf_changed":false,"_kad_blocks_custom_css":"","_kad_blocks_head_custom_js":"","_kad_blocks_body_custom_js":"","_kad_blocks_footer_custom_js":""},"product_cat":[13453,1390,13511],"product_tag":[],"class_list":{"0":"post-156284","1":"product","2":"type-product","3":"status-publish","4":"has-post-thumbnail","6":"product_cat-featured","7":"product_cat-figures","8":"product_cat-new-arrivals","9":"pa_brand-hot-toys-en","10":"pa_character-lord-starkiller-en","11":"pa_episode-star-wars-the-force-unleashed-en","12":"pa_license-star-wars-en","13":"pa_product-type-figure","14":"pa_theme-sixth-scale-collectible-en","16":"first","17":"outofstock","18":"taxable","19":"shipping-taxable","20":"purchasable","21":"product-type-simple"},"acf":[],"yoast_head":"<!-- This site is optimized with the Yoast SEO plugin v26.1.1 - https:\/\/yoast.com\/wordpress\/plugins\/seo\/ -->\n<title>Star Wars Legends Lord Starkiller Videogame Masterpiece 1\/6th Scale Collectible Figure - EndormoonStore<\/title>\n<meta name=\"description\" content=\"Figura Lord Starkiller de Star Wars Legends por Hot Toys. Escala 1\/6 con detalles Sith y sables LED. \u00a1\u00danete al lado oscuro!\" \/>\n<meta name=\"robots\" content=\"index, follow, max-snippet:-1, max-image-preview:large, max-video-preview:-1\" \/>\n<link rel=\"canonical\" href=\"https:\/\/endormoonstore.com\/en\/star-wars-legends-lord-starkiller-videogame-masterpiece-1-6th-scale-collectible-figure\/\" \/>\n<meta property=\"og:locale\" content=\"en_US\" \/>\n<meta property=\"og:type\" content=\"article\" \/>\n<meta property=\"og:title\" content=\"Star Wars Legends Lord Starkiller Videogame Masterpiece 1\/6th Scale Collectible Figure - EndormoonStore\" \/>\n<meta property=\"og:description\" content=\"Figura Lord Starkiller de Star Wars Legends por Hot Toys. Escala 1\/6 con detalles Sith y sables LED. \u00a1\u00danete al lado oscuro!\" \/>\n<meta property=\"og:url\" content=\"https:\/\/endormoonstore.com\/en\/star-wars-legends-lord-starkiller-videogame-masterpiece-1-6th-scale-collectible-figure\/\" \/>\n<meta property=\"og:site_name\" content=\"EndormoonStore\" \/>\n<meta property=\"article:modified_time\" content=\"2025-05-25T21:28:09+00:00\" \/>\n<meta property=\"og:image\" content=\"https:\/\/endormoonstore.com\/wp-content\/uploads\/2024\/04\/Star-Wars-Legends-Lord-Starkiller-Videogame-Masterpiece-1-6th-Scale-Collectible-Figure-1.jpg\" \/>\n\t<meta property=\"og:image:width\" content=\"692\" \/>\n\t<meta property=\"og:image:height\" content=\"1000\" \/>\n\t<meta property=\"og:image:type\" content=\"image\/jpeg\" \/>\n<meta name=\"twitter:card\" content=\"summary_large_image\" \/>\n<meta name=\"twitter:label1\" content=\"Est. reading time\" \/>\n\t<meta name=\"twitter:data1\" content=\"3 minutes\" \/>\n<script type=\"application\/ld+json\" class=\"yoast-schema-graph\">{\"@context\":\"https:\/\/schema.org\",\"@graph\":[{\"@type\":\"WebPage\",\"@id\":\"https:\/\/endormoonstore.com\/en\/star-wars-legends-lord-starkiller-videogame-masterpiece-1-6th-scale-collectible-figure\/\",\"url\":\"https:\/\/endormoonstore.com\/en\/star-wars-legends-lord-starkiller-videogame-masterpiece-1-6th-scale-collectible-figure\/\",\"name\":\"Star Wars Legends Lord Starkiller Videogame Masterpiece 1\/6th Scale Collectible Figure - EndormoonStore\",\"isPartOf\":{\"@id\":\"https:\/\/endormoonstore.com\/#website\"},\"primaryImageOfPage\":{\"@id\":\"https:\/\/endormoonstore.com\/en\/star-wars-legends-lord-starkiller-videogame-masterpiece-1-6th-scale-collectible-figure\/#primaryimage\"},\"image\":{\"@id\":\"https:\/\/endormoonstore.com\/en\/star-wars-legends-lord-starkiller-videogame-masterpiece-1-6th-scale-collectible-figure\/#primaryimage\"},\"thumbnailUrl\":\"https:\/\/endormoonstore.com\/wp-content\/uploads\/2024\/04\/Star-Wars-Legends-Lord-Starkiller-Videogame-Masterpiece-1-6th-Scale-Collectible-Figure-1.jpg\",\"datePublished\":\"2025-05-09T00:40:28+00:00\",\"dateModified\":\"2025-05-25T21:28:09+00:00\",\"description\":\"Figura Lord Starkiller de Star Wars Legends por Hot Toys. Escala 1\/6 con detalles Sith y sables LED. \u00a1\u00danete al lado oscuro!\",\"breadcrumb\":{\"@id\":\"https:\/\/endormoonstore.com\/en\/star-wars-legends-lord-starkiller-videogame-masterpiece-1-6th-scale-collectible-figure\/#breadcrumb\"},\"inLanguage\":\"en-US\",\"potentialAction\":[{\"@type\":\"ReadAction\",\"target\":[\"https:\/\/endormoonstore.com\/en\/star-wars-legends-lord-starkiller-videogame-masterpiece-1-6th-scale-collectible-figure\/\"]}]},{\"@type\":\"ImageObject\",\"inLanguage\":\"en-US\",\"@id\":\"https:\/\/endormoonstore.com\/en\/star-wars-legends-lord-starkiller-videogame-masterpiece-1-6th-scale-collectible-figure\/#primaryimage\",\"url\":\"https:\/\/endormoonstore.com\/wp-content\/uploads\/2024\/04\/Star-Wars-Legends-Lord-Starkiller-Videogame-Masterpiece-1-6th-Scale-Collectible-Figure-1.jpg\",\"contentUrl\":\"https:\/\/endormoonstore.com\/wp-content\/uploads\/2024\/04\/Star-Wars-Legends-Lord-Starkiller-Videogame-Masterpiece-1-6th-Scale-Collectible-Figure-1.jpg\",\"width\":692,\"height\":1000,\"caption\":\"La figura principal de Lord Starkiller de Hot Toys, mostrando su imponente armadura Sith y los sables de luz del lado oscuro.\"},{\"@type\":\"BreadcrumbList\",\"@id\":\"https:\/\/endormoonstore.com\/en\/star-wars-legends-lord-starkiller-videogame-masterpiece-1-6th-scale-collectible-figure\/#breadcrumb\",\"itemListElement\":[{\"@type\":\"ListItem\",\"position\":1,\"name\":\"Shop\",\"item\":\"https:\/\/endormoonstore.com\/en\/shop\/\"},{\"@type\":\"ListItem\",\"position\":2,\"name\":\"Star Wars Legends Lord Starkiller Videogame Masterpiece 1\/6th Scale Collectible Figure\"}]},{\"@type\":\"WebSite\",\"@id\":\"https:\/\/endormoonstore.com\/#website\",\"url\":\"https:\/\/endormoonstore.com\/\",\"name\":\"EndormoonStore\",\"description\":\"\",\"potentialAction\":[{\"@type\":\"SearchAction\",\"target\":{\"@type\":\"EntryPoint\",\"urlTemplate\":\"https:\/\/endormoonstore.com\/?s={search_term_string}\"},\"query-input\":{\"@type\":\"PropertyValueSpecification\",\"valueRequired\":true,\"valueName\":\"search_term_string\"}}],\"inLanguage\":\"en-US\"}]}<\/script>\n<!-- \/ Yoast SEO plugin. -->","yoast_head_json":{"title":"Star Wars Legends Lord Starkiller Videogame Masterpiece 1\/6th Scale Collectible Figure - EndormoonStore","description":"Figura Lord Starkiller de Star Wars Legends por Hot Toys. Escala 1\/6 con detalles Sith y sables LED. \u00a1\u00danete al lado oscuro!","robots":{"index":"index","follow":"follow","max-snippet":"max-snippet:-1","max-image-preview":"max-image-preview:large","max-video-preview":"max-video-preview:-1"},"canonical":"https:\/\/endormoonstore.com\/en\/star-wars-legends-lord-starkiller-videogame-masterpiece-1-6th-scale-collectible-figure\/","og_locale":"en_US","og_type":"article","og_title":"Star Wars Legends Lord Starkiller Videogame Masterpiece 1\/6th Scale Collectible Figure - EndormoonStore","og_description":"Figura Lord Starkiller de Star Wars Legends por Hot Toys. Escala 1\/6 con detalles Sith y sables LED. \u00a1\u00danete al lado oscuro!","og_url":"https:\/\/endormoonstore.com\/en\/star-wars-legends-lord-starkiller-videogame-masterpiece-1-6th-scale-collectible-figure\/","og_site_name":"EndormoonStore","article_modified_time":"2025-05-25T21:28:09+00:00","og_image":[{"width":692,"height":1000,"url":"https:\/\/endormoonstore.com\/wp-content\/uploads\/2024\/04\/Star-Wars-Legends-Lord-Starkiller-Videogame-Masterpiece-1-6th-Scale-Collectible-Figure-1.jpg","type":"image\/jpeg"}],"twitter_card":"summary_large_image","twitter_misc":{"Est. reading time":"3 minutes"},"schema":{"@context":"https:\/\/schema.org","@graph":[{"@type":"WebPage","@id":"https:\/\/endormoonstore.com\/en\/star-wars-legends-lord-starkiller-videogame-masterpiece-1-6th-scale-collectible-figure\/","url":"https:\/\/endormoonstore.com\/en\/star-wars-legends-lord-starkiller-videogame-masterpiece-1-6th-scale-collectible-figure\/","name":"Star Wars Legends Lord Starkiller Videogame Masterpiece 1\/6th Scale Collectible Figure - EndormoonStore","isPartOf":{"@id":"https:\/\/endormoonstore.com\/#website"},"primaryImageOfPage":{"@id":"https:\/\/endormoonstore.com\/en\/star-wars-legends-lord-starkiller-videogame-masterpiece-1-6th-scale-collectible-figure\/#primaryimage"},"image":{"@id":"https:\/\/endormoonstore.com\/en\/star-wars-legends-lord-starkiller-videogame-masterpiece-1-6th-scale-collectible-figure\/#primaryimage"},"thumbnailUrl":"https:\/\/endormoonstore.com\/wp-content\/uploads\/2024\/04\/Star-Wars-Legends-Lord-Starkiller-Videogame-Masterpiece-1-6th-Scale-Collectible-Figure-1.jpg","datePublished":"2025-05-09T00:40:28+00:00","dateModified":"2025-05-25T21:28:09+00:00","description":"Figura Lord Starkiller de Star Wars Legends por Hot Toys. Escala 1\/6 con detalles Sith y sables LED. \u00a1\u00danete al lado oscuro!","breadcrumb":{"@id":"https:\/\/endormoonstore.com\/en\/star-wars-legends-lord-starkiller-videogame-masterpiece-1-6th-scale-collectible-figure\/#breadcrumb"},"inLanguage":"en-US","potentialAction":[{"@type":"ReadAction","target":["https:\/\/endormoonstore.com\/en\/star-wars-legends-lord-starkiller-videogame-masterpiece-1-6th-scale-collectible-figure\/"]}]},{"@type":"ImageObject","inLanguage":"en-US","@id":"https:\/\/endormoonstore.com\/en\/star-wars-legends-lord-starkiller-videogame-masterpiece-1-6th-scale-collectible-figure\/#primaryimage","url":"https:\/\/endormoonstore.com\/wp-content\/uploads\/2024\/04\/Star-Wars-Legends-Lord-Starkiller-Videogame-Masterpiece-1-6th-Scale-Collectible-Figure-1.jpg","contentUrl":"https:\/\/endormoonstore.com\/wp-content\/uploads\/2024\/04\/Star-Wars-Legends-Lord-Starkiller-Videogame-Masterpiece-1-6th-Scale-Collectible-Figure-1.jpg","width":692,"height":1000,"caption":"La figura principal de Lord Starkiller de Hot Toys, mostrando su imponente armadura Sith y los sables de luz del lado oscuro."},{"@type":"BreadcrumbList","@id":"https:\/\/endormoonstore.com\/en\/star-wars-legends-lord-starkiller-videogame-masterpiece-1-6th-scale-collectible-figure\/#breadcrumb","itemListElement":[{"@type":"ListItem","position":1,"name":"Shop","item":"https:\/\/endormoonstore.com\/en\/shop\/"},{"@type":"ListItem","position":2,"name":"Star Wars Legends Lord Starkiller Videogame Masterpiece 1\/6th Scale Collectible Figure"}]},{"@type":"WebSite","@id":"https:\/\/endormoonstore.com\/#website","url":"https:\/\/endormoonstore.com\/","name":"EndormoonStore","description":"","potentialAction":[{"@type":"SearchAction","target":{"@type":"EntryPoint","urlTemplate":"https:\/\/endormoonstore.com\/?s={search_term_string}"},"query-input":{"@type":"PropertyValueSpecification","valueRequired":true,"valueName":"search_term_string"}}],"inLanguage":"en-US"}]}},"taxonomy_info":{"product_cat":[{"value":13453,"label":"Featured"},{"value":1390,"label":"Figures"},{"value":13511,"label":"New Arrivals"}],"pa_brand":[{"value":1635,"label":"Hot Toys"}],"pa_character":[{"value":14321,"label":"Lord Starkiller"}],"pa_episode":[{"value":4463,"label":"Star Wars: The Force Unleashed"}],"pa_license":[{"value":1644,"label":"Star Wars"}],"pa_product-type":[{"value":2387,"label":"Figure"}],"pa_theme":[{"value":4595,"label":"Sixth Scale Collectible"}]},"featured_image_src_large":["https:\/\/endormoonstore.com\/wp-content\/uploads\/2024\/04\/Star-Wars-Legends-Lord-Starkiller-Videogame-Masterpiece-1-6th-Scale-Collectible-Figure-1.jpg",692,1000,false],"author_info":[],"comment_info":"","_links":{"self":[{"href":"https:\/\/endormoonstore.com\/en\/wp-json\/wp\/v2\/product\/156284","targetHints":{"allow":["GET"]}}],"collection":[{"href":"https:\/\/endormoonstore.com\/en\/wp-json\/wp\/v2\/product"}],"about":[{"href":"https:\/\/endormoonstore.com\/en\/wp-json\/wp\/v2\/types\/product"}],"wp:featuredmedia":[{"embeddable":true,"href":"https:\/\/endormoonstore.com\/en\/wp-json\/wp\/v2\/media\/156248"}],"wp:attachment":[{"href":"https:\/\/endormoonstore.com\/en\/wp-json\/wp\/v2\/media?parent=156284"}],"wp:term":[{"taxonomy":"product_cat","embeddable":true,"href":"https:\/\/endormoonstore.com\/en\/wp-json\/wp\/v2\/product_cat?post=156284"},{"taxonomy":"product_tag","embeddable":true,"href":"https:\/\/endormoonstore.com\/en\/wp-json\/wp\/v2\/product_tag?post=156284"}],"curies":[{"name":"wp","href":"https:\/\/api.w.org\/{rel}","templated":true}]}}