{"id":156245,"date":"2024-04-19T00:35:00","date_gmt":"2024-04-18T22:35:00","guid":{"rendered":"https:\/\/endormoonstore.com\/star-wars-legends-darth-revan-videogame-masterpiece-1-6th-scale-collectible-figure\/"},"modified":"2024-08-08T21:13:11","modified_gmt":"2024-08-08T19:13:11","slug":"star-wars-legends-darth-revan-videogame-masterpiece-1-6th-scale-collectible-figure","status":"publish","type":"product","link":"https:\/\/endormoonstore.com\/en\/star-wars-legends-darth-revan-videogame-masterpiece-1-6th-scale-collectible-figure\/","title":{"rendered":"Star Wars Legends Darth Revan Videogame Masterpiece 1\/6th Scale Collectible Figure"},"content":{"rendered":"<p><strong>Star Wars Legends Darth Revan Videogame Masterpiece 1\/6th Scale Collectible Figure<\/strong><\/p>\n<div id=\"prod-summary\">\n<div class=\"product_details__in_box\">\n<ul>\n<li>En las leyendas\u00a0de Star Wars\u00a0\u2122,\u00a0Revan\u00a0, que una vez fue un Jedi, le dio la espalda a la Orden Jedi y se convirti\u00f3 en un enigm\u00e1tico Se\u00f1or Oscuro Sith, formando un Imperio Sith que libr\u00f3 la guerra contra la Orden Jedi y la Rep\u00fablica Gal\u00e1ctica.<\/li>\n<li>Desde la primera presentaci\u00f3n del personaje, muchos fan han quedado cautivados por Revan y su historia. \u00a1 Hot Toys se complace en presentar oficialmente la muy esperada\u00a0<strong>figura coleccionable de 1\/6th Scale de Darth Revan\u2122<\/strong>\u00a0!<\/li>\n<li>\u00a1La figura de acci\u00f3n coleccionable de Star Wars,\u00a0muy detallada,\u00a0presenta un casco y una armadura h\u00e1bilmente desarrollados, un traje con capucha especialmente dise\u00f1ado, dos Lightsabers\u2122 con iluminaci\u00f3n LED alimentados por USB y una base de exhibici\u00f3n!<\/li>\n<li>Basada en la aparici\u00f3n en e videojuego <i><b>Star Wars: Knights of the Old Republic <\/b><\/i>\u00a1R\u00edndete al lado oscuro y ten esta incre\u00edble figura coleccionable en tu exhibici\u00f3n de Star Wars!<\/li>\n<\/ul>\n<h4>Qu\u00e9 hay en la caja:<\/h4>\n<ul>\n<li>Figura aut\u00e9ntica y detallada de Darth Revan.<\/li>\n<li>Un\u00a0 casco Darth Revan reci\u00e9n dise\u00f1ado con efectos da\u00f1ados en batalla.<\/li>\n<li>La figura tiene un cuerpo con m\u00e1s de 30 puntos a articulaci\u00f3n y aproximadamente 31 cm de altura<\/li>\n<li>Seis (6) piezas de guantes intercambiables que incluyen:\n<ul>\n<li>Un (1) par de manos relajadas<\/li>\n<li>Un (1) par de sables de luz tomados de la mano.<\/li>\n<li>Un (1) par de manos que utilizan la fuerza<\/li>\n<\/ul>\n<\/li>\n<\/ul>\n<h4>Traje:<\/h4>\n<ul>\n<li>Una\u00a0 armadura de Darth Revan con camiseta interior y capucha negras (con alambre flexible incorporado)<\/li>\n<li>Una capa negra (incrustada con alambre flexible)<\/li>\n<li>Una bufanda negra<\/li>\n<li>Un par de brazaletes de cobre met\u00e1lico.<\/li>\n<li>Un hakama plisado negro con faj\u00edn rojo<\/li>\n<li>Un cintur\u00f3n negro con anillo plateado.<\/li>\n<li>Un par de pantalones negros<\/li>\n<li>Un\u00a0 par de botas gris cobre metalizado<\/li>\n<\/ul>\n<h4>Armas:<\/h4>\n<ul>\n<li>Un sable de luz violeta con iluminaci\u00f3n LED (funciona con alimentaci\u00f3n USB) *<\/li>\n<li>Una hoja de sable de luz de color p\u00farpura en movimiento (acoplable a la empu\u00f1adura)<\/li>\n<li>Un sable de luz rojo iluminado por LED (funciona con alimentaci\u00f3n USB) *<\/li>\n<li>Una hoja de sable de luz de color rojo en movimiento (acoplable a la empu\u00f1adura)<\/li>\n<li>Dos empu\u00f1aduras de sable de luz.<\/li>\n<\/ul>\n<h4><strong>Accesorios:<\/strong><\/h4>\n<ul>\n<li>Un soporte de figura tem\u00e1tico con la placa de identificaci\u00f3n del personaje y el logotipo de Star Wars. Funci\u00f3n de iluminaci\u00f3n operada mediante alimentaci\u00f3n USB. El cable de conexi\u00f3n USB no est\u00e1 incluido para art\u00edculos coleccionables, se requiere un cable USB.<\/li>\n<\/ul>\n<p>&nbsp;<\/p>\n<h2 class=\"details-headline\"><\/h2>\n<\/div>\n<\/div>\n","protected":false},"excerpt":{"rendered":"<p><strong>Star Wars Legends Darth Revan Videogame Masterpiece 1\/6th Scale Collectible Figure<\/strong><\/p>\n<p>En las leyendas\u00a0de Star Wars\u00a0\u2122,\u00a0Revan\u00a0, que una vez fue un Jedi, le dio la espalda a la Orden Jedi y se convirti\u00f3 en un enigm\u00e1tico Se\u00f1or Oscuro Sith, formando un Imperio Sith que libr\u00f3 la guerra contra la Orden Jedi y la Rep\u00fablica Gal\u00e1ctica.<b><\/b><\/p>\n","protected":false},"featured_media":156208,"template":"","meta":{"_acf_changed":false,"_kad_blocks_custom_css":"","_kad_blocks_head_custom_js":"","_kad_blocks_body_custom_js":"","_kad_blocks_footer_custom_js":""},"product_cat":[1390],"product_tag":[],"class_list":{"0":"post-156245","1":"product","2":"type-product","3":"status-publish","4":"has-post-thumbnail","6":"product_cat-figures","7":"pa_brand-hot-toys-en","8":"pa_character-darth-revan-en","9":"pa_episode-star-wars-knights-of-the-old-republic-en","10":"pa_license-star-wars-en","11":"pa_product-type-figure","12":"pa_theme-sixth-scale-collectible-en","14":"first","15":"outofstock","16":"taxable","17":"shipping-taxable","18":"purchasable","19":"product-type-simple"},"acf":[],"yoast_head":"<!-- This site is optimized with the Yoast SEO plugin v26.1.1 - https:\/\/yoast.com\/wordpress\/plugins\/seo\/ -->\n<title>Star Wars Legends Darth Revan Videogame Masterpiece 1\/6th Scale Collectible Figure - EndormoonStore<\/title>\n<meta name=\"robots\" content=\"index, follow, max-snippet:-1, max-image-preview:large, max-video-preview:-1\" \/>\n<link rel=\"canonical\" href=\"https:\/\/endormoonstore.com\/en\/star-wars-legends-darth-revan-videogame-masterpiece-1-6th-scale-collectible-figure\/\" \/>\n<meta property=\"og:locale\" content=\"en_US\" \/>\n<meta property=\"og:type\" content=\"article\" \/>\n<meta property=\"og:title\" content=\"Star Wars Legends Darth Revan Videogame Masterpiece 1\/6th Scale Collectible Figure - EndormoonStore\" \/>\n<meta property=\"og:description\" content=\"Star Wars Legends Darth Revan Videogame Masterpiece 1\/6th Scale Collectible Figure  En las leyendas\u00a0de Star Wars\u00a0\u2122,\u00a0Revan\u00a0, que una vez fue un Jedi, le dio la espalda a la Orden Jedi y se convirti\u00f3 en un enigm\u00e1tico Se\u00f1or Oscuro Sith, formando un Imperio Sith que libr\u00f3 la guerra contra la Orden Jedi y la Rep\u00fablica Gal\u00e1ctica.\" \/>\n<meta property=\"og:url\" content=\"https:\/\/endormoonstore.com\/en\/star-wars-legends-darth-revan-videogame-masterpiece-1-6th-scale-collectible-figure\/\" \/>\n<meta property=\"og:site_name\" content=\"EndormoonStore\" \/>\n<meta property=\"article:modified_time\" content=\"2024-08-08T19:13:11+00:00\" \/>\n<meta property=\"og:image\" content=\"https:\/\/endormoonstore.com\/wp-content\/uploads\/2024\/04\/Star-Wars-Legends-Darth-Revan-Videogame-Masterpiece-1-6th-Scale-Collectible-Figure-1.jpg\" \/>\n\t<meta property=\"og:image:width\" content=\"692\" \/>\n\t<meta property=\"og:image:height\" content=\"1000\" \/>\n\t<meta property=\"og:image:type\" content=\"image\/jpeg\" \/>\n<meta name=\"twitter:card\" content=\"summary_large_image\" \/>\n<meta name=\"twitter:label1\" content=\"Est. reading time\" \/>\n\t<meta name=\"twitter:data1\" content=\"3 minutes\" \/>\n<script type=\"application\/ld+json\" class=\"yoast-schema-graph\">{\"@context\":\"https:\/\/schema.org\",\"@graph\":[{\"@type\":\"WebPage\",\"@id\":\"https:\/\/endormoonstore.com\/en\/star-wars-legends-darth-revan-videogame-masterpiece-1-6th-scale-collectible-figure\/\",\"url\":\"https:\/\/endormoonstore.com\/en\/star-wars-legends-darth-revan-videogame-masterpiece-1-6th-scale-collectible-figure\/\",\"name\":\"Star Wars Legends Darth Revan Videogame Masterpiece 1\/6th Scale Collectible Figure - EndormoonStore\",\"isPartOf\":{\"@id\":\"https:\/\/endormoonstore.com\/#website\"},\"primaryImageOfPage\":{\"@id\":\"https:\/\/endormoonstore.com\/en\/star-wars-legends-darth-revan-videogame-masterpiece-1-6th-scale-collectible-figure\/#primaryimage\"},\"image\":{\"@id\":\"https:\/\/endormoonstore.com\/en\/star-wars-legends-darth-revan-videogame-masterpiece-1-6th-scale-collectible-figure\/#primaryimage\"},\"thumbnailUrl\":\"https:\/\/endormoonstore.com\/wp-content\/uploads\/2024\/04\/Star-Wars-Legends-Darth-Revan-Videogame-Masterpiece-1-6th-Scale-Collectible-Figure-1.jpg\",\"datePublished\":\"2024-04-18T22:35:00+00:00\",\"dateModified\":\"2024-08-08T19:13:11+00:00\",\"breadcrumb\":{\"@id\":\"https:\/\/endormoonstore.com\/en\/star-wars-legends-darth-revan-videogame-masterpiece-1-6th-scale-collectible-figure\/#breadcrumb\"},\"inLanguage\":\"en-US\",\"potentialAction\":[{\"@type\":\"ReadAction\",\"target\":[\"https:\/\/endormoonstore.com\/en\/star-wars-legends-darth-revan-videogame-masterpiece-1-6th-scale-collectible-figure\/\"]}]},{\"@type\":\"ImageObject\",\"inLanguage\":\"en-US\",\"@id\":\"https:\/\/endormoonstore.com\/en\/star-wars-legends-darth-revan-videogame-masterpiece-1-6th-scale-collectible-figure\/#primaryimage\",\"url\":\"https:\/\/endormoonstore.com\/wp-content\/uploads\/2024\/04\/Star-Wars-Legends-Darth-Revan-Videogame-Masterpiece-1-6th-Scale-Collectible-Figure-1.jpg\",\"contentUrl\":\"https:\/\/endormoonstore.com\/wp-content\/uploads\/2024\/04\/Star-Wars-Legends-Darth-Revan-Videogame-Masterpiece-1-6th-Scale-Collectible-Figure-1.jpg\",\"width\":692,\"height\":1000},{\"@type\":\"BreadcrumbList\",\"@id\":\"https:\/\/endormoonstore.com\/en\/star-wars-legends-darth-revan-videogame-masterpiece-1-6th-scale-collectible-figure\/#breadcrumb\",\"itemListElement\":[{\"@type\":\"ListItem\",\"position\":1,\"name\":\"Shop\",\"item\":\"https:\/\/endormoonstore.com\/en\/shop\/\"},{\"@type\":\"ListItem\",\"position\":2,\"name\":\"Star Wars Legends Darth Revan Videogame Masterpiece 1\/6th Scale Collectible Figure\"}]},{\"@type\":\"WebSite\",\"@id\":\"https:\/\/endormoonstore.com\/#website\",\"url\":\"https:\/\/endormoonstore.com\/\",\"name\":\"EndormoonStore\",\"description\":\"\",\"potentialAction\":[{\"@type\":\"SearchAction\",\"target\":{\"@type\":\"EntryPoint\",\"urlTemplate\":\"https:\/\/endormoonstore.com\/?s={search_term_string}\"},\"query-input\":{\"@type\":\"PropertyValueSpecification\",\"valueRequired\":true,\"valueName\":\"search_term_string\"}}],\"inLanguage\":\"en-US\"}]}<\/script>\n<!-- \/ Yoast SEO plugin. -->","yoast_head_json":{"title":"Star Wars Legends Darth Revan Videogame Masterpiece 1\/6th Scale Collectible Figure - EndormoonStore","robots":{"index":"index","follow":"follow","max-snippet":"max-snippet:-1","max-image-preview":"max-image-preview:large","max-video-preview":"max-video-preview:-1"},"canonical":"https:\/\/endormoonstore.com\/en\/star-wars-legends-darth-revan-videogame-masterpiece-1-6th-scale-collectible-figure\/","og_locale":"en_US","og_type":"article","og_title":"Star Wars Legends Darth Revan Videogame Masterpiece 1\/6th Scale Collectible Figure - EndormoonStore","og_description":"Star Wars Legends Darth Revan Videogame Masterpiece 1\/6th Scale Collectible Figure  En las leyendas\u00a0de Star Wars\u00a0\u2122,\u00a0Revan\u00a0, que una vez fue un Jedi, le dio la espalda a la Orden Jedi y se convirti\u00f3 en un enigm\u00e1tico Se\u00f1or Oscuro Sith, formando un Imperio Sith que libr\u00f3 la guerra contra la Orden Jedi y la Rep\u00fablica Gal\u00e1ctica.","og_url":"https:\/\/endormoonstore.com\/en\/star-wars-legends-darth-revan-videogame-masterpiece-1-6th-scale-collectible-figure\/","og_site_name":"EndormoonStore","article_modified_time":"2024-08-08T19:13:11+00:00","og_image":[{"width":692,"height":1000,"url":"https:\/\/endormoonstore.com\/wp-content\/uploads\/2024\/04\/Star-Wars-Legends-Darth-Revan-Videogame-Masterpiece-1-6th-Scale-Collectible-Figure-1.jpg","type":"image\/jpeg"}],"twitter_card":"summary_large_image","twitter_misc":{"Est. reading time":"3 minutes"},"schema":{"@context":"https:\/\/schema.org","@graph":[{"@type":"WebPage","@id":"https:\/\/endormoonstore.com\/en\/star-wars-legends-darth-revan-videogame-masterpiece-1-6th-scale-collectible-figure\/","url":"https:\/\/endormoonstore.com\/en\/star-wars-legends-darth-revan-videogame-masterpiece-1-6th-scale-collectible-figure\/","name":"Star Wars Legends Darth Revan Videogame Masterpiece 1\/6th Scale Collectible Figure - EndormoonStore","isPartOf":{"@id":"https:\/\/endormoonstore.com\/#website"},"primaryImageOfPage":{"@id":"https:\/\/endormoonstore.com\/en\/star-wars-legends-darth-revan-videogame-masterpiece-1-6th-scale-collectible-figure\/#primaryimage"},"image":{"@id":"https:\/\/endormoonstore.com\/en\/star-wars-legends-darth-revan-videogame-masterpiece-1-6th-scale-collectible-figure\/#primaryimage"},"thumbnailUrl":"https:\/\/endormoonstore.com\/wp-content\/uploads\/2024\/04\/Star-Wars-Legends-Darth-Revan-Videogame-Masterpiece-1-6th-Scale-Collectible-Figure-1.jpg","datePublished":"2024-04-18T22:35:00+00:00","dateModified":"2024-08-08T19:13:11+00:00","breadcrumb":{"@id":"https:\/\/endormoonstore.com\/en\/star-wars-legends-darth-revan-videogame-masterpiece-1-6th-scale-collectible-figure\/#breadcrumb"},"inLanguage":"en-US","potentialAction":[{"@type":"ReadAction","target":["https:\/\/endormoonstore.com\/en\/star-wars-legends-darth-revan-videogame-masterpiece-1-6th-scale-collectible-figure\/"]}]},{"@type":"ImageObject","inLanguage":"en-US","@id":"https:\/\/endormoonstore.com\/en\/star-wars-legends-darth-revan-videogame-masterpiece-1-6th-scale-collectible-figure\/#primaryimage","url":"https:\/\/endormoonstore.com\/wp-content\/uploads\/2024\/04\/Star-Wars-Legends-Darth-Revan-Videogame-Masterpiece-1-6th-Scale-Collectible-Figure-1.jpg","contentUrl":"https:\/\/endormoonstore.com\/wp-content\/uploads\/2024\/04\/Star-Wars-Legends-Darth-Revan-Videogame-Masterpiece-1-6th-Scale-Collectible-Figure-1.jpg","width":692,"height":1000},{"@type":"BreadcrumbList","@id":"https:\/\/endormoonstore.com\/en\/star-wars-legends-darth-revan-videogame-masterpiece-1-6th-scale-collectible-figure\/#breadcrumb","itemListElement":[{"@type":"ListItem","position":1,"name":"Shop","item":"https:\/\/endormoonstore.com\/en\/shop\/"},{"@type":"ListItem","position":2,"name":"Star Wars Legends Darth Revan Videogame Masterpiece 1\/6th Scale Collectible Figure"}]},{"@type":"WebSite","@id":"https:\/\/endormoonstore.com\/#website","url":"https:\/\/endormoonstore.com\/","name":"EndormoonStore","description":"","potentialAction":[{"@type":"SearchAction","target":{"@type":"EntryPoint","urlTemplate":"https:\/\/endormoonstore.com\/?s={search_term_string}"},"query-input":{"@type":"PropertyValueSpecification","valueRequired":true,"valueName":"search_term_string"}}],"inLanguage":"en-US"}]}},"taxonomy_info":{"product_cat":[{"value":1390,"label":"Figures"}],"pa_brand":[{"value":1635,"label":"Hot Toys"}],"pa_character":[{"value":8351,"label":"Darth Revan"}],"pa_episode":[{"value":8357,"label":"Star Wars: Knights of the Old Republic"}],"pa_license":[{"value":1644,"label":"Star Wars"}],"pa_product-type":[{"value":2387,"label":"Figure"}],"pa_theme":[{"value":4595,"label":"Sixth Scale Collectible"}]},"featured_image_src_large":["https:\/\/endormoonstore.com\/wp-content\/uploads\/2024\/04\/Star-Wars-Legends-Darth-Revan-Videogame-Masterpiece-1-6th-Scale-Collectible-Figure-1.jpg",692,1000,false],"author_info":[],"comment_info":"","_links":{"self":[{"href":"https:\/\/endormoonstore.com\/en\/wp-json\/wp\/v2\/product\/156245","targetHints":{"allow":["GET"]}}],"collection":[{"href":"https:\/\/endormoonstore.com\/en\/wp-json\/wp\/v2\/product"}],"about":[{"href":"https:\/\/endormoonstore.com\/en\/wp-json\/wp\/v2\/types\/product"}],"wp:featuredmedia":[{"embeddable":true,"href":"https:\/\/endormoonstore.com\/en\/wp-json\/wp\/v2\/media\/156208"}],"wp:attachment":[{"href":"https:\/\/endormoonstore.com\/en\/wp-json\/wp\/v2\/media?parent=156245"}],"wp:term":[{"taxonomy":"product_cat","embeddable":true,"href":"https:\/\/endormoonstore.com\/en\/wp-json\/wp\/v2\/product_cat?post=156245"},{"taxonomy":"product_tag","embeddable":true,"href":"https:\/\/endormoonstore.com\/en\/wp-json\/wp\/v2\/product_tag?post=156245"}],"curies":[{"name":"wp","href":"https:\/\/api.w.org\/{rel}","templated":true}]}}