{"id":156120,"date":"2024-05-28T00:45:50","date_gmt":"2024-04-18T22:10:50","guid":{"rendered":"https:\/\/endormoonstore.com\/star-wars-the-black-series-star-wars-the-book-of-boba-fett-pyke-soldier\/"},"modified":"2024-04-27T23:26:48","modified_gmt":"2024-04-27T21:26:48","slug":"star-wars-the-black-series-star-wars-the-book-of-boba-fett-pyke-soldier","status":"publish","type":"product","link":"https:\/\/endormoonstore.com\/en\/star-wars-the-black-series-star-wars-the-book-of-boba-fett-pyke-soldier\/","title":{"rendered":"Star Wars The Black Series Star Wars: The Book of Boba Fett Pyke Soldier"},"content":{"rendered":"<p class=\"p1\"><b>Star Wars The Black Series Star Wars: The Book of Boba Fett Pyke Soldier<\/b><\/p>\n<ul class=\"ul1\">\n<li class=\"li1\">Hasbro presenta, dentro de la colecci\u00f3n The Black Series, la figura de Pyke Soldier. Mide 15 cm, con detalles premium y m\u00faltiples puntos de articulaci\u00f3n.\u00a0 Est\u00e1 inspirada en su aparici\u00f3n en la serie &#8220;Star Wars: The Book of Boba Fett&#8221;.<\/li>\n<li class=\"li1\">Durante las Guerras Clon, los Pykes se convirtieron en los principales traficantes de especias de la galaxia, obteniendo el control de las operaciones mineras en Kessel, permiti\u00e9ndoles canalizar sustancias il\u00edcitas a las familias criminales m\u00e1s influyentes de Coruscant. Despu\u00e9s de la muerte de Jabba el Hutt, ampliaron su comercio de especias para abarcar Tatooine.<\/li>\n<li class=\"li1\">Se incluyen 2 accesorios: un pistola bl\u00e1ster y un rifle bl\u00e1ster.<\/li>\n<\/ul>\n","protected":false},"excerpt":{"rendered":"<p class=\"p1\"><strong>Star Wars The Black Series Star Wars: The Book of Boba Fett Pyke Soldier<\/strong><\/p>\n<p class=\"p1\">Hasbro presenta, dentro de la colecci\u00f3n The Black Series, la figura de Pyke Soldier. Mide 15 cm, con detalles premium y m\u00faltiples puntos de articulaci\u00f3n.\u00a0 Est\u00e1 inspirada en su aparici\u00f3n en la serie &#8220;Star Wars: The Book of Boba Fett&#8221;.<\/p>\n","protected":false},"featured_media":156108,"template":"","meta":{"_acf_changed":false,"_kad_blocks_custom_css":"","_kad_blocks_head_custom_js":"","_kad_blocks_body_custom_js":"","_kad_blocks_footer_custom_js":""},"product_cat":[1390,13511],"product_tag":[],"class_list":{"0":"post-156120","1":"product","2":"type-product","3":"status-publish","4":"has-post-thumbnail","6":"product_cat-figures","7":"product_cat-new-arrivals","8":"pa_brand-hasbro-en","9":"pa_character-pyke-soldier-en","10":"pa_episode-star-wars-the-book-of-boba-fett-en","11":"pa_license-star-wars-en","12":"pa_product-type-figure","13":"pa_theme-the-black-series-en","15":"first","16":"instock","17":"taxable","18":"shipping-taxable","19":"purchasable","20":"product-type-simple"},"acf":[],"yoast_head":"<!-- This site is optimized with the Yoast SEO plugin v26.1.1 - https:\/\/yoast.com\/wordpress\/plugins\/seo\/ -->\n<title>Star Wars The Black Series Star Wars: The Book of Boba Fett Pyke Soldier - EndormoonStore<\/title>\n<meta name=\"robots\" content=\"index, follow, max-snippet:-1, max-image-preview:large, max-video-preview:-1\" \/>\n<link rel=\"canonical\" href=\"https:\/\/endormoonstore.com\/en\/star-wars-the-black-series-star-wars-the-book-of-boba-fett-pyke-soldier\/\" \/>\n<meta property=\"og:locale\" content=\"en_US\" \/>\n<meta property=\"og:type\" content=\"article\" \/>\n<meta property=\"og:title\" content=\"Star Wars The Black Series Star Wars: The Book of Boba Fett Pyke Soldier - EndormoonStore\" \/>\n<meta property=\"og:description\" content=\"Star Wars The Black Series Star Wars: The Book of Boba Fett Pyke Soldier Hasbro presenta, dentro de la colecci\u00f3n The Black Series, la figura de Pyke Soldier. Mide 15 cm, con detalles premium y m\u00faltiples puntos de articulaci\u00f3n.\u00a0 Est\u00e1 inspirada en su aparici\u00f3n en la serie &quot;Star Wars: The Book of Boba Fett&quot;.\" \/>\n<meta property=\"og:url\" content=\"https:\/\/endormoonstore.com\/en\/star-wars-the-black-series-star-wars-the-book-of-boba-fett-pyke-soldier\/\" \/>\n<meta property=\"og:site_name\" content=\"EndormoonStore\" \/>\n<meta property=\"article:modified_time\" content=\"2024-04-27T21:26:48+00:00\" \/>\n<meta property=\"og:image\" content=\"https:\/\/endormoonstore.com\/wp-content\/uploads\/2024\/04\/Star-Wars-The-Black-Series-Star-Wars-The-Book-of-Boba-Fett-Pyke-Soldier-1.jpg\" \/>\n\t<meta property=\"og:image:width\" content=\"1000\" \/>\n\t<meta property=\"og:image:height\" content=\"1000\" \/>\n\t<meta property=\"og:image:type\" content=\"image\/jpeg\" \/>\n<meta name=\"twitter:card\" content=\"summary_large_image\" \/>\n<meta name=\"twitter:label1\" content=\"Est. reading time\" \/>\n\t<meta name=\"twitter:data1\" content=\"1 minute\" \/>\n<script type=\"application\/ld+json\" class=\"yoast-schema-graph\">{\"@context\":\"https:\/\/schema.org\",\"@graph\":[{\"@type\":\"WebPage\",\"@id\":\"https:\/\/endormoonstore.com\/en\/star-wars-the-black-series-star-wars-the-book-of-boba-fett-pyke-soldier\/\",\"url\":\"https:\/\/endormoonstore.com\/en\/star-wars-the-black-series-star-wars-the-book-of-boba-fett-pyke-soldier\/\",\"name\":\"Star Wars The Black Series Star Wars: The Book of Boba Fett Pyke Soldier - EndormoonStore\",\"isPartOf\":{\"@id\":\"https:\/\/endormoonstore.com\/#website\"},\"primaryImageOfPage\":{\"@id\":\"https:\/\/endormoonstore.com\/en\/star-wars-the-black-series-star-wars-the-book-of-boba-fett-pyke-soldier\/#primaryimage\"},\"image\":{\"@id\":\"https:\/\/endormoonstore.com\/en\/star-wars-the-black-series-star-wars-the-book-of-boba-fett-pyke-soldier\/#primaryimage\"},\"thumbnailUrl\":\"https:\/\/endormoonstore.com\/wp-content\/uploads\/2024\/04\/Star-Wars-The-Black-Series-Star-Wars-The-Book-of-Boba-Fett-Pyke-Soldier-1.jpg\",\"datePublished\":\"2024-04-18T22:10:50+00:00\",\"dateModified\":\"2024-04-27T21:26:48+00:00\",\"breadcrumb\":{\"@id\":\"https:\/\/endormoonstore.com\/en\/star-wars-the-black-series-star-wars-the-book-of-boba-fett-pyke-soldier\/#breadcrumb\"},\"inLanguage\":\"en-US\",\"potentialAction\":[{\"@type\":\"ReadAction\",\"target\":[\"https:\/\/endormoonstore.com\/en\/star-wars-the-black-series-star-wars-the-book-of-boba-fett-pyke-soldier\/\"]}]},{\"@type\":\"ImageObject\",\"inLanguage\":\"en-US\",\"@id\":\"https:\/\/endormoonstore.com\/en\/star-wars-the-black-series-star-wars-the-book-of-boba-fett-pyke-soldier\/#primaryimage\",\"url\":\"https:\/\/endormoonstore.com\/wp-content\/uploads\/2024\/04\/Star-Wars-The-Black-Series-Star-Wars-The-Book-of-Boba-Fett-Pyke-Soldier-1.jpg\",\"contentUrl\":\"https:\/\/endormoonstore.com\/wp-content\/uploads\/2024\/04\/Star-Wars-The-Black-Series-Star-Wars-The-Book-of-Boba-Fett-Pyke-Soldier-1.jpg\",\"width\":1000,\"height\":1000},{\"@type\":\"BreadcrumbList\",\"@id\":\"https:\/\/endormoonstore.com\/en\/star-wars-the-black-series-star-wars-the-book-of-boba-fett-pyke-soldier\/#breadcrumb\",\"itemListElement\":[{\"@type\":\"ListItem\",\"position\":1,\"name\":\"Shop\",\"item\":\"https:\/\/endormoonstore.com\/en\/shop\/\"},{\"@type\":\"ListItem\",\"position\":2,\"name\":\"Star Wars The Black Series Star Wars: The Book of Boba Fett Pyke Soldier\"}]},{\"@type\":\"WebSite\",\"@id\":\"https:\/\/endormoonstore.com\/#website\",\"url\":\"https:\/\/endormoonstore.com\/\",\"name\":\"EndormoonStore\",\"description\":\"\",\"potentialAction\":[{\"@type\":\"SearchAction\",\"target\":{\"@type\":\"EntryPoint\",\"urlTemplate\":\"https:\/\/endormoonstore.com\/?s={search_term_string}\"},\"query-input\":{\"@type\":\"PropertyValueSpecification\",\"valueRequired\":true,\"valueName\":\"search_term_string\"}}],\"inLanguage\":\"en-US\"}]}<\/script>\n<!-- \/ Yoast SEO plugin. -->","yoast_head_json":{"title":"Star Wars The Black Series Star Wars: The Book of Boba Fett Pyke Soldier - EndormoonStore","robots":{"index":"index","follow":"follow","max-snippet":"max-snippet:-1","max-image-preview":"max-image-preview:large","max-video-preview":"max-video-preview:-1"},"canonical":"https:\/\/endormoonstore.com\/en\/star-wars-the-black-series-star-wars-the-book-of-boba-fett-pyke-soldier\/","og_locale":"en_US","og_type":"article","og_title":"Star Wars The Black Series Star Wars: The Book of Boba Fett Pyke Soldier - EndormoonStore","og_description":"Star Wars The Black Series Star Wars: The Book of Boba Fett Pyke Soldier Hasbro presenta, dentro de la colecci\u00f3n The Black Series, la figura de Pyke Soldier. Mide 15 cm, con detalles premium y m\u00faltiples puntos de articulaci\u00f3n.\u00a0 Est\u00e1 inspirada en su aparici\u00f3n en la serie \"Star Wars: The Book of Boba Fett\".","og_url":"https:\/\/endormoonstore.com\/en\/star-wars-the-black-series-star-wars-the-book-of-boba-fett-pyke-soldier\/","og_site_name":"EndormoonStore","article_modified_time":"2024-04-27T21:26:48+00:00","og_image":[{"width":1000,"height":1000,"url":"https:\/\/endormoonstore.com\/wp-content\/uploads\/2024\/04\/Star-Wars-The-Black-Series-Star-Wars-The-Book-of-Boba-Fett-Pyke-Soldier-1.jpg","type":"image\/jpeg"}],"twitter_card":"summary_large_image","twitter_misc":{"Est. reading time":"1 minute"},"schema":{"@context":"https:\/\/schema.org","@graph":[{"@type":"WebPage","@id":"https:\/\/endormoonstore.com\/en\/star-wars-the-black-series-star-wars-the-book-of-boba-fett-pyke-soldier\/","url":"https:\/\/endormoonstore.com\/en\/star-wars-the-black-series-star-wars-the-book-of-boba-fett-pyke-soldier\/","name":"Star Wars The Black Series Star Wars: The Book of Boba Fett Pyke Soldier - EndormoonStore","isPartOf":{"@id":"https:\/\/endormoonstore.com\/#website"},"primaryImageOfPage":{"@id":"https:\/\/endormoonstore.com\/en\/star-wars-the-black-series-star-wars-the-book-of-boba-fett-pyke-soldier\/#primaryimage"},"image":{"@id":"https:\/\/endormoonstore.com\/en\/star-wars-the-black-series-star-wars-the-book-of-boba-fett-pyke-soldier\/#primaryimage"},"thumbnailUrl":"https:\/\/endormoonstore.com\/wp-content\/uploads\/2024\/04\/Star-Wars-The-Black-Series-Star-Wars-The-Book-of-Boba-Fett-Pyke-Soldier-1.jpg","datePublished":"2024-04-18T22:10:50+00:00","dateModified":"2024-04-27T21:26:48+00:00","breadcrumb":{"@id":"https:\/\/endormoonstore.com\/en\/star-wars-the-black-series-star-wars-the-book-of-boba-fett-pyke-soldier\/#breadcrumb"},"inLanguage":"en-US","potentialAction":[{"@type":"ReadAction","target":["https:\/\/endormoonstore.com\/en\/star-wars-the-black-series-star-wars-the-book-of-boba-fett-pyke-soldier\/"]}]},{"@type":"ImageObject","inLanguage":"en-US","@id":"https:\/\/endormoonstore.com\/en\/star-wars-the-black-series-star-wars-the-book-of-boba-fett-pyke-soldier\/#primaryimage","url":"https:\/\/endormoonstore.com\/wp-content\/uploads\/2024\/04\/Star-Wars-The-Black-Series-Star-Wars-The-Book-of-Boba-Fett-Pyke-Soldier-1.jpg","contentUrl":"https:\/\/endormoonstore.com\/wp-content\/uploads\/2024\/04\/Star-Wars-The-Black-Series-Star-Wars-The-Book-of-Boba-Fett-Pyke-Soldier-1.jpg","width":1000,"height":1000},{"@type":"BreadcrumbList","@id":"https:\/\/endormoonstore.com\/en\/star-wars-the-black-series-star-wars-the-book-of-boba-fett-pyke-soldier\/#breadcrumb","itemListElement":[{"@type":"ListItem","position":1,"name":"Shop","item":"https:\/\/endormoonstore.com\/en\/shop\/"},{"@type":"ListItem","position":2,"name":"Star Wars The Black Series Star Wars: The Book of Boba Fett Pyke Soldier"}]},{"@type":"WebSite","@id":"https:\/\/endormoonstore.com\/#website","url":"https:\/\/endormoonstore.com\/","name":"EndormoonStore","description":"","potentialAction":[{"@type":"SearchAction","target":{"@type":"EntryPoint","urlTemplate":"https:\/\/endormoonstore.com\/?s={search_term_string}"},"query-input":{"@type":"PropertyValueSpecification","valueRequired":true,"valueName":"search_term_string"}}],"inLanguage":"en-US"}]}},"taxonomy_info":{"product_cat":[{"value":1390,"label":"Figures"},{"value":13511,"label":"New Arrivals"}],"pa_brand":[{"value":2084,"label":"Hasbro"}],"pa_character":[{"value":14312,"label":"Pyke Soldier"}],"pa_episode":[{"value":10803,"label":"Star Wars: The Book of Boba Fett"}],"pa_license":[{"value":1644,"label":"Star Wars"}],"pa_product-type":[{"value":2387,"label":"Figure"}],"pa_theme":[{"value":2552,"label":"The Black Series"}]},"featured_image_src_large":["https:\/\/endormoonstore.com\/wp-content\/uploads\/2024\/04\/Star-Wars-The-Black-Series-Star-Wars-The-Book-of-Boba-Fett-Pyke-Soldier-1.jpg",1000,1000,false],"author_info":[],"comment_info":"","_links":{"self":[{"href":"https:\/\/endormoonstore.com\/en\/wp-json\/wp\/v2\/product\/156120","targetHints":{"allow":["GET"]}}],"collection":[{"href":"https:\/\/endormoonstore.com\/en\/wp-json\/wp\/v2\/product"}],"about":[{"href":"https:\/\/endormoonstore.com\/en\/wp-json\/wp\/v2\/types\/product"}],"wp:featuredmedia":[{"embeddable":true,"href":"https:\/\/endormoonstore.com\/en\/wp-json\/wp\/v2\/media\/156108"}],"wp:attachment":[{"href":"https:\/\/endormoonstore.com\/en\/wp-json\/wp\/v2\/media?parent=156120"}],"wp:term":[{"taxonomy":"product_cat","embeddable":true,"href":"https:\/\/endormoonstore.com\/en\/wp-json\/wp\/v2\/product_cat?post=156120"},{"taxonomy":"product_tag","embeddable":true,"href":"https:\/\/endormoonstore.com\/en\/wp-json\/wp\/v2\/product_tag?post=156120"}],"curies":[{"name":"wp","href":"https:\/\/api.w.org\/{rel}","templated":true}]}}