{"id":155794,"date":"2024-04-10T00:30:16","date_gmt":"2024-04-09T22:35:16","guid":{"rendered":"https:\/\/endormoonstore.com\/teenage-mutant-ninja-turtles-deluxe-boxed-set-one12-collective\/"},"modified":"2024-04-15T23:08:59","modified_gmt":"2024-04-15T21:08:59","slug":"teenage-mutant-ninja-turtles-deluxe-boxed-set-one12-collective","status":"publish","type":"product","link":"https:\/\/endormoonstore.com\/en\/teenage-mutant-ninja-turtles-deluxe-boxed-set-one12-collective\/","title":{"rendered":"Teenage Mutant Ninja Turtles Deluxe Boxed Set One:12 Collective"},"content":{"rendered":"<p><strong>Teenage Mutant Ninja Turtles Deluxe Boxed Set One:12 Collective<\/strong><\/p>\n<ul>\n<li>\u00a1Surgiendo de las alcantarillas de la ciudad de Nueva York, las Tortugas Ninja se unen al Colectivo One:12! \u00a1Son delgados, son verdes y son malos! \u00a1Esta caja de lujo apenas puede contener a Leonardo, Rafael, Donatello, Michelangelo, sus retratos de cabezas intercambiados en diferentes expresiones, equipo de tela y su enorme conjunto de accesorios! \u00a1Las esculturas completamente nuevas crean 4 tipos de cuerpos de tortuga \u00fanicos!<\/li>\n<li>Cada uno de los TMNT usa sus respectivas m\u00e1scaras de colores intercambiables e incluyen cinturones y arneses utilitarios realmente suaves y buenos que pueden contener sus armas distintivas. Estudiantes de ninjitsu, las Tortugas se preparan para acabar con Shredder y el CLAN Foot, equipadas con un arsenal de armas ninja como shuriken, sai, kunai, katanas, tonfas, dagas de empuje y un bast\u00f3n bo. Si eso no fuera suficiente, \u00a1incluyen art\u00edculos de tela alternativos adicionales y m\u00e1s!<\/li>\n<li>Despu\u00e9s de ser expuestas a un cieno radiactivo, cuatro cr\u00edas de tortuga se transforman en humanoides y son entrenadas por Master Splinter, una rata mutante que se convierte en su padre adoptivo. Las Tortugas Ninja, que residen en las alcantarillas de la ciudad de Nueva York, luchan para proteger a los civiles y mantener el mal a raya.<\/li>\n<li>Estas figuras de one:12 con m\u00e1s de 28 puntos de articulaci\u00f3n. Detalles aut\u00e9nticos pintados a mano. Miden unos 17 cm cdad una de las Tortugas e incluyen multitud de accesorios para su personalizaci\u00f3n y exposici\u00f3n.<\/li>\n<li>Cada tortuga incluye 3 cabezas intercambiables. Leonardo diez manos intercambiables, dos katanas y vainas, Donatello ocho manos intercambiables y un Bo personal, Raphael doce manos intercambiables\u00a0 yun par de Sai\u00a0 por ultimo Michelangelo diez manos intercambiables, dos nunchucks con cadenas y\u00a0 do nunchucks giratorios. Cada tortuga tiene su base de exposici\u00f3n, dos pa\u00f1uelos intercambiables, coderas, cintur\u00f3n utilitario con almacenamiento para armas y rodilleras.<\/li>\n<li>As\u00ed como dos garra trepadoras, tres tipos de efecto de armas lanzadas, tres shurikens, dos Tonfa, seis kunais, dos Kyoketsu Shoge, 4 Comunicadores Shell, cuatro shell grapples con climbing ropes, una capa con capucha, un Walkman, unas gafas de visi\u00f3n nocturna, un wrist com, una capa, una bufanda, una gabardina, una chaqueta un poncho marr\u00f3n y 4 porciones de pizza.<\/li>\n<li>Este conjunto de figuras de Las Tortugas Ninjas Mutantes de One:12 Collective est\u00e1n presentadas en una caja para coleccionistas, dise\u00f1ada pensando en los coleccionistas.<\/li>\n<\/ul>\n","protected":false},"excerpt":{"rendered":"<p><strong>Teenage Mutant Ninja Turtles Deluxe Boxed Set One:12 Collective<\/strong><\/p>\n<p>\u00a1Surgiendo de las alcantarillas de la ciudad de Nueva York, las Tortugas Ninja se unen al Colectivo One:12! \u00a1Son delgados, son verdes y son malos! \u00a1Esta caja de lujo apenas puede contener a Leonardo, Rafael, Donatello, Miguel \u00c1ngel, sus retratos de cabezas intercambiados en diferentes expresiones, equipo de tela y su enorme conjunto de accesorios! \u00a1Las esculturas completamente nuevas crean 4 tipos de cuerpos de tortuga \u00fanicos!<\/p>\n<p class=\"p1\"><b>*** IMPORTANT NOTE: The price is valid only for payments by Transfer, Bizum (Only in Spain) or Debit or credit card. For payment by paypal consult. We reserve the right to cancel the purchase by paypal if you have not consulted with us before.<\/b><\/p>\n","protected":false},"featured_media":155747,"template":"","meta":{"_acf_changed":false,"_kad_blocks_custom_css":"","_kad_blocks_head_custom_js":"","_kad_blocks_body_custom_js":"","_kad_blocks_footer_custom_js":""},"product_cat":[1390],"product_tag":[],"class_list":{"0":"post-155794","1":"product","2":"type-product","3":"status-publish","4":"has-post-thumbnail","6":"product_cat-figures","7":"pa_brand-mezco-toyz-en","8":"pa_character-donatello-en","9":"pa_character-leonardo-en","10":"pa_character-michelangelo-en","11":"pa_character-raphael-en","12":"pa_license-teenage-mutant-ninja-turtles","13":"pa_product-type-figure","14":"pa_theme-one12-collective-en","16":"first","17":"outofstock","18":"taxable","19":"shipping-taxable","20":"purchasable","21":"product-type-simple"},"acf":[],"yoast_head":"<!-- This site is optimized with the Yoast SEO plugin v26.1.1 - https:\/\/yoast.com\/wordpress\/plugins\/seo\/ -->\n<title>Teenage Mutant Ninja Turtles Deluxe Boxed Set One:12 Collective - EndormoonStore<\/title>\n<meta name=\"robots\" content=\"index, follow, max-snippet:-1, max-image-preview:large, max-video-preview:-1\" \/>\n<link rel=\"canonical\" href=\"https:\/\/endormoonstore.com\/en\/teenage-mutant-ninja-turtles-deluxe-boxed-set-one12-collective\/\" \/>\n<meta property=\"og:locale\" content=\"en_US\" \/>\n<meta property=\"og:type\" content=\"article\" \/>\n<meta property=\"og:title\" content=\"Teenage Mutant Ninja Turtles Deluxe Boxed Set One:12 Collective - EndormoonStore\" \/>\n<meta property=\"og:description\" content=\"Teenage Mutant Ninja Turtles Deluxe Boxed Set One:12 Collective  \u00a1Surgiendo de las alcantarillas de la ciudad de Nueva York, las Tortugas Ninja se unen al Colectivo One:12! \u00a1Son delgados, son verdes y son malos! \u00a1Esta caja de lujo apenas puede contener a Leonardo, Rafael, Donatello, Miguel \u00c1ngel, sus retratos de cabezas intercambiados en diferentes expresiones, equipo de tela y su enorme conjunto de accesorios! \u00a1Las esculturas completamente nuevas crean 4 tipos de cuerpos de tortuga \u00fanicos! *** IMPORTANT NOTE: The price is valid only for payments by Transfer, Bizum (Only in Spain) or Debit or credit card. For payment by paypal consult. We reserve the right to cancel the purchase by paypal if you have not consulted with us before.\" \/>\n<meta property=\"og:url\" content=\"https:\/\/endormoonstore.com\/en\/teenage-mutant-ninja-turtles-deluxe-boxed-set-one12-collective\/\" \/>\n<meta property=\"og:site_name\" content=\"EndormoonStore\" \/>\n<meta property=\"article:modified_time\" content=\"2024-04-15T21:08:59+00:00\" \/>\n<meta property=\"og:image\" content=\"https:\/\/endormoonstore.com\/wp-content\/uploads\/2024\/04\/Teenage-Mutant-Ninja-Turtles-Deluxe-Boxed-Set-One12-8.jpeg\" \/>\n\t<meta property=\"og:image:width\" content=\"800\" \/>\n\t<meta property=\"og:image:height\" content=\"800\" \/>\n\t<meta property=\"og:image:type\" content=\"image\/jpeg\" \/>\n<meta name=\"twitter:card\" content=\"summary_large_image\" \/>\n<meta name=\"twitter:label1\" content=\"Est. reading time\" \/>\n\t<meta name=\"twitter:data1\" content=\"2 minutes\" \/>\n<script type=\"application\/ld+json\" class=\"yoast-schema-graph\">{\"@context\":\"https:\/\/schema.org\",\"@graph\":[{\"@type\":\"WebPage\",\"@id\":\"https:\/\/endormoonstore.com\/en\/teenage-mutant-ninja-turtles-deluxe-boxed-set-one12-collective\/\",\"url\":\"https:\/\/endormoonstore.com\/en\/teenage-mutant-ninja-turtles-deluxe-boxed-set-one12-collective\/\",\"name\":\"Teenage Mutant Ninja Turtles Deluxe Boxed Set One:12 Collective - EndormoonStore\",\"isPartOf\":{\"@id\":\"https:\/\/endormoonstore.com\/#website\"},\"primaryImageOfPage\":{\"@id\":\"https:\/\/endormoonstore.com\/en\/teenage-mutant-ninja-turtles-deluxe-boxed-set-one12-collective\/#primaryimage\"},\"image\":{\"@id\":\"https:\/\/endormoonstore.com\/en\/teenage-mutant-ninja-turtles-deluxe-boxed-set-one12-collective\/#primaryimage\"},\"thumbnailUrl\":\"https:\/\/endormoonstore.com\/wp-content\/uploads\/2024\/04\/Teenage-Mutant-Ninja-Turtles-Deluxe-Boxed-Set-One12-8.jpeg\",\"datePublished\":\"2024-04-09T22:35:16+00:00\",\"dateModified\":\"2024-04-15T21:08:59+00:00\",\"breadcrumb\":{\"@id\":\"https:\/\/endormoonstore.com\/en\/teenage-mutant-ninja-turtles-deluxe-boxed-set-one12-collective\/#breadcrumb\"},\"inLanguage\":\"en-US\",\"potentialAction\":[{\"@type\":\"ReadAction\",\"target\":[\"https:\/\/endormoonstore.com\/en\/teenage-mutant-ninja-turtles-deluxe-boxed-set-one12-collective\/\"]}]},{\"@type\":\"ImageObject\",\"inLanguage\":\"en-US\",\"@id\":\"https:\/\/endormoonstore.com\/en\/teenage-mutant-ninja-turtles-deluxe-boxed-set-one12-collective\/#primaryimage\",\"url\":\"https:\/\/endormoonstore.com\/wp-content\/uploads\/2024\/04\/Teenage-Mutant-Ninja-Turtles-Deluxe-Boxed-Set-One12-8.jpeg\",\"contentUrl\":\"https:\/\/endormoonstore.com\/wp-content\/uploads\/2024\/04\/Teenage-Mutant-Ninja-Turtles-Deluxe-Boxed-Set-One12-8.jpeg\",\"width\":800,\"height\":800},{\"@type\":\"BreadcrumbList\",\"@id\":\"https:\/\/endormoonstore.com\/en\/teenage-mutant-ninja-turtles-deluxe-boxed-set-one12-collective\/#breadcrumb\",\"itemListElement\":[{\"@type\":\"ListItem\",\"position\":1,\"name\":\"Shop\",\"item\":\"https:\/\/endormoonstore.com\/en\/shop\/\"},{\"@type\":\"ListItem\",\"position\":2,\"name\":\"Teenage Mutant Ninja Turtles Deluxe Boxed Set One:12 Collective\"}]},{\"@type\":\"WebSite\",\"@id\":\"https:\/\/endormoonstore.com\/#website\",\"url\":\"https:\/\/endormoonstore.com\/\",\"name\":\"EndormoonStore\",\"description\":\"\",\"potentialAction\":[{\"@type\":\"SearchAction\",\"target\":{\"@type\":\"EntryPoint\",\"urlTemplate\":\"https:\/\/endormoonstore.com\/?s={search_term_string}\"},\"query-input\":{\"@type\":\"PropertyValueSpecification\",\"valueRequired\":true,\"valueName\":\"search_term_string\"}}],\"inLanguage\":\"en-US\"}]}<\/script>\n<!-- \/ Yoast SEO plugin. -->","yoast_head_json":{"title":"Teenage Mutant Ninja Turtles Deluxe Boxed Set One:12 Collective - EndormoonStore","robots":{"index":"index","follow":"follow","max-snippet":"max-snippet:-1","max-image-preview":"max-image-preview:large","max-video-preview":"max-video-preview:-1"},"canonical":"https:\/\/endormoonstore.com\/en\/teenage-mutant-ninja-turtles-deluxe-boxed-set-one12-collective\/","og_locale":"en_US","og_type":"article","og_title":"Teenage Mutant Ninja Turtles Deluxe Boxed Set One:12 Collective - EndormoonStore","og_description":"Teenage Mutant Ninja Turtles Deluxe Boxed Set One:12 Collective  \u00a1Surgiendo de las alcantarillas de la ciudad de Nueva York, las Tortugas Ninja se unen al Colectivo One:12! \u00a1Son delgados, son verdes y son malos! \u00a1Esta caja de lujo apenas puede contener a Leonardo, Rafael, Donatello, Miguel \u00c1ngel, sus retratos de cabezas intercambiados en diferentes expresiones, equipo de tela y su enorme conjunto de accesorios! \u00a1Las esculturas completamente nuevas crean 4 tipos de cuerpos de tortuga \u00fanicos! *** IMPORTANT NOTE: The price is valid only for payments by Transfer, Bizum (Only in Spain) or Debit or credit card. For payment by paypal consult. We reserve the right to cancel the purchase by paypal if you have not consulted with us before.","og_url":"https:\/\/endormoonstore.com\/en\/teenage-mutant-ninja-turtles-deluxe-boxed-set-one12-collective\/","og_site_name":"EndormoonStore","article_modified_time":"2024-04-15T21:08:59+00:00","og_image":[{"width":800,"height":800,"url":"https:\/\/endormoonstore.com\/wp-content\/uploads\/2024\/04\/Teenage-Mutant-Ninja-Turtles-Deluxe-Boxed-Set-One12-8.jpeg","type":"image\/jpeg"}],"twitter_card":"summary_large_image","twitter_misc":{"Est. reading time":"2 minutes"},"schema":{"@context":"https:\/\/schema.org","@graph":[{"@type":"WebPage","@id":"https:\/\/endormoonstore.com\/en\/teenage-mutant-ninja-turtles-deluxe-boxed-set-one12-collective\/","url":"https:\/\/endormoonstore.com\/en\/teenage-mutant-ninja-turtles-deluxe-boxed-set-one12-collective\/","name":"Teenage Mutant Ninja Turtles Deluxe Boxed Set One:12 Collective - EndormoonStore","isPartOf":{"@id":"https:\/\/endormoonstore.com\/#website"},"primaryImageOfPage":{"@id":"https:\/\/endormoonstore.com\/en\/teenage-mutant-ninja-turtles-deluxe-boxed-set-one12-collective\/#primaryimage"},"image":{"@id":"https:\/\/endormoonstore.com\/en\/teenage-mutant-ninja-turtles-deluxe-boxed-set-one12-collective\/#primaryimage"},"thumbnailUrl":"https:\/\/endormoonstore.com\/wp-content\/uploads\/2024\/04\/Teenage-Mutant-Ninja-Turtles-Deluxe-Boxed-Set-One12-8.jpeg","datePublished":"2024-04-09T22:35:16+00:00","dateModified":"2024-04-15T21:08:59+00:00","breadcrumb":{"@id":"https:\/\/endormoonstore.com\/en\/teenage-mutant-ninja-turtles-deluxe-boxed-set-one12-collective\/#breadcrumb"},"inLanguage":"en-US","potentialAction":[{"@type":"ReadAction","target":["https:\/\/endormoonstore.com\/en\/teenage-mutant-ninja-turtles-deluxe-boxed-set-one12-collective\/"]}]},{"@type":"ImageObject","inLanguage":"en-US","@id":"https:\/\/endormoonstore.com\/en\/teenage-mutant-ninja-turtles-deluxe-boxed-set-one12-collective\/#primaryimage","url":"https:\/\/endormoonstore.com\/wp-content\/uploads\/2024\/04\/Teenage-Mutant-Ninja-Turtles-Deluxe-Boxed-Set-One12-8.jpeg","contentUrl":"https:\/\/endormoonstore.com\/wp-content\/uploads\/2024\/04\/Teenage-Mutant-Ninja-Turtles-Deluxe-Boxed-Set-One12-8.jpeg","width":800,"height":800},{"@type":"BreadcrumbList","@id":"https:\/\/endormoonstore.com\/en\/teenage-mutant-ninja-turtles-deluxe-boxed-set-one12-collective\/#breadcrumb","itemListElement":[{"@type":"ListItem","position":1,"name":"Shop","item":"https:\/\/endormoonstore.com\/en\/shop\/"},{"@type":"ListItem","position":2,"name":"Teenage Mutant Ninja Turtles Deluxe Boxed Set One:12 Collective"}]},{"@type":"WebSite","@id":"https:\/\/endormoonstore.com\/#website","url":"https:\/\/endormoonstore.com\/","name":"EndormoonStore","description":"","potentialAction":[{"@type":"SearchAction","target":{"@type":"EntryPoint","urlTemplate":"https:\/\/endormoonstore.com\/?s={search_term_string}"},"query-input":{"@type":"PropertyValueSpecification","valueRequired":true,"valueName":"search_term_string"}}],"inLanguage":"en-US"}]}},"taxonomy_info":{"product_cat":[{"value":1390,"label":"Figures"}],"pa_brand":[{"value":1638,"label":"Mezco Toyz"}],"pa_character":[{"value":5249,"label":"Donatello"},{"value":5255,"label":"Leonardo"},{"value":5279,"label":"Michelangelo"},{"value":5267,"label":"Raphael"}],"pa_license":[{"value":2035,"label":"Teenage Mutant Ninja Turtles"}],"pa_product-type":[{"value":2387,"label":"Figure"}],"pa_theme":[{"value":1885,"label":"One:12 Collective"}]},"featured_image_src_large":["https:\/\/endormoonstore.com\/wp-content\/uploads\/2024\/04\/Teenage-Mutant-Ninja-Turtles-Deluxe-Boxed-Set-One12-8.jpeg",800,800,false],"author_info":[],"comment_info":"","_links":{"self":[{"href":"https:\/\/endormoonstore.com\/en\/wp-json\/wp\/v2\/product\/155794","targetHints":{"allow":["GET"]}}],"collection":[{"href":"https:\/\/endormoonstore.com\/en\/wp-json\/wp\/v2\/product"}],"about":[{"href":"https:\/\/endormoonstore.com\/en\/wp-json\/wp\/v2\/types\/product"}],"wp:featuredmedia":[{"embeddable":true,"href":"https:\/\/endormoonstore.com\/en\/wp-json\/wp\/v2\/media\/155747"}],"wp:attachment":[{"href":"https:\/\/endormoonstore.com\/en\/wp-json\/wp\/v2\/media?parent=155794"}],"wp:term":[{"taxonomy":"product_cat","embeddable":true,"href":"https:\/\/endormoonstore.com\/en\/wp-json\/wp\/v2\/product_cat?post=155794"},{"taxonomy":"product_tag","embeddable":true,"href":"https:\/\/endormoonstore.com\/en\/wp-json\/wp\/v2\/product_tag?post=155794"}],"curies":[{"name":"wp","href":"https:\/\/api.w.org\/{rel}","templated":true}]}}